{"id":3115,"date":"2022-04-19T09:10:42","date_gmt":"2022-04-19T09:10:42","guid":{"rendered":"https:\/\/www.stalskog.se\/?page_id=3115"},"modified":"2022-05-09T14:23:00","modified_gmt":"2022-05-09T14:23:00","slug":"geschichte","status":"publish","type":"page","link":"https:\/\/www.stalskog.se\/de\/ueber-uns\/geschichte\/","title":{"rendered":"Geschichte"},"content":{"rendered":"\t\t<div data-elementor-type=\"wp-page\" data-elementor-id=\"3115\" class=\"elementor elementor-3115 elementor-2992\" data-elementor-post-type=\"page\">\n\t\t\t\t\t\t<section class=\"elementor-section elementor-top-section elementor-element elementor-element-652507b elementor-section-height-min-height elementor-section-boxed elementor-section-height-default elementor-section-items-middle\" data-id=\"652507b\" data-element_type=\"section\" data-e-type=\"section\" data-settings=\"{&quot;background_background&quot;:&quot;classic&quot;}\">\n\t\t\t\t\t\t\t<div class=\"elementor-background-overlay\"><\/div>\n\t\t\t\t\t\t\t<div class=\"elementor-container elementor-column-gap-default\">\n\t\t\t\t\t<div class=\"elementor-column elementor-col-100 elementor-top-column elementor-element elementor-element-28b2df0\" data-id=\"28b2df0\" data-element_type=\"column\" data-e-type=\"column\">\n\t\t\t<div class=\"elementor-widget-wrap elementor-element-populated\">\n\t\t\t\t\t\t<div class=\"elementor-element elementor-element-e7757d5 elementor-widget elementor-widget-heading\" data-id=\"e7757d5\" data-element_type=\"widget\" data-e-type=\"widget\" data-widget_type=\"heading.default\">\n\t\t\t\t<div class=\"elementor-widget-container\">\n\t\t\t\t\t<h1 class=\"elementor-heading-title elementor-size-default\">GESCHICHTE<\/h1>\t\t\t\t<\/div>\n\t\t\t\t<\/div>\n\t\t\t\t\t<\/div>\n\t\t<\/div>\n\t\t\t\t\t<\/div>\n\t\t<\/section>\n\t\t\t\t<section class=\"elementor-section elementor-top-section elementor-element elementor-element-b70b468 elementor-section-full_width elementor-section-height-default elementor-section-height-default\" data-id=\"b70b468\" data-element_type=\"section\" data-e-type=\"section\">\n\t\t\t\t\t\t<div class=\"elementor-container elementor-column-gap-default\">\n\t\t\t\t\t<div class=\"elementor-column elementor-col-100 elementor-top-column elementor-element elementor-element-7a656c3\" data-id=\"7a656c3\" data-element_type=\"column\" data-e-type=\"column\">\n\t\t\t<div class=\"elementor-widget-wrap elementor-element-populated\">\n\t\t\t\t\t\t<div class=\"elementor-element elementor-element-6cc22d4 elementor-widget elementor-widget-shortcode\" data-id=\"6cc22d4\" data-element_type=\"widget\" data-e-type=\"widget\" data-widget_type=\"shortcode.default\">\n\t\t\t\t<div class=\"elementor-widget-container\">\n\t\t\t\t\t\t\t<div class=\"elementor-shortcode\">\t\t<div data-elementor-type=\"section\" data-elementor-id=\"15065\" class=\"elementor elementor-15065 elementor-1919 elementor-1919\" data-elementor-post-type=\"elementor_library\">\n\t\t\t\t\t<section class=\"elementor-section elementor-top-section elementor-element elementor-element-1443c7ba elementor-section-height-min-height elementor-section-boxed elementor-section-height-default elementor-section-items-middle\" data-id=\"1443c7ba\" data-element_type=\"section\" data-e-type=\"section\" data-settings=\"{&quot;background_background&quot;:&quot;classic&quot;}\">\n\t\t\t\t\t\t\t<div class=\"elementor-background-overlay\"><\/div>\n\t\t\t\t\t\t\t<div class=\"elementor-container elementor-column-gap-default\">\n\t\t\t\t\t<div class=\"elementor-column elementor-col-100 elementor-top-column elementor-element elementor-element-35100657\" data-id=\"35100657\" data-element_type=\"column\" data-e-type=\"column\">\n\t\t\t<div class=\"elementor-widget-wrap elementor-element-populated\">\n\t\t\t\t\t\t<div class=\"elementor-element elementor-element-bfe333f elementor-widget elementor-widget-woocommerce-breadcrumb\" data-id=\"bfe333f\" data-element_type=\"widget\" data-e-type=\"widget\" data-widget_type=\"woocommerce-breadcrumb.default\">\n\t\t\t\t<div class=\"elementor-widget-container\">\n\t\t\t\t\t<nav class=\"woocommerce-breadcrumb\" aria-label=\"Breadcrumb\">Start<\/nav>\t\t\t\t<\/div>\n\t\t\t\t<\/div>\n\t\t\t\t\t<\/div>\n\t\t<\/div>\n\t\t\t\t\t<\/div>\n\t\t<\/section>\n\t\t\t\t<\/div>\n\t\t<\/div>\n\t\t\t\t\t\t<\/div>\n\t\t\t\t<\/div>\n\t\t\t\t\t<\/div>\n\t\t<\/div>\n\t\t\t\t\t<\/div>\n\t\t<\/section>\n\t\t\t\t<section class=\"elementor-section elementor-top-section elementor-element elementor-element-b61e97c elementor-section-boxed elementor-section-height-default elementor-section-height-default\" data-id=\"b61e97c\" data-element_type=\"section\" data-e-type=\"section\">\n\t\t\t\t\t\t<div class=\"elementor-container elementor-column-gap-default\">\n\t\t\t\t\t<div class=\"elementor-column elementor-col-100 elementor-top-column elementor-element elementor-element-1aabd3f\" data-id=\"1aabd3f\" data-element_type=\"column\" data-e-type=\"column\">\n\t\t\t<div class=\"elementor-widget-wrap elementor-element-populated\">\n\t\t\t\t\t\t<section class=\"elementor-section elementor-inner-section elementor-element elementor-element-f02cfcb elementor-section-boxed elementor-section-height-default elementor-section-height-default\" data-id=\"f02cfcb\" data-element_type=\"section\" data-e-type=\"section\">\n\t\t\t\t\t\t<div class=\"elementor-container elementor-column-gap-default\">\n\t\t\t\t\t<div class=\"elementor-column elementor-col-50 elementor-inner-column elementor-element elementor-element-1c7b89e\" data-id=\"1c7b89e\" data-element_type=\"column\" data-e-type=\"column\">\n\t\t\t<div class=\"elementor-widget-wrap elementor-element-populated\">\n\t\t\t\t\t\t<div class=\"elementor-element elementor-element-4505915 elementor-widget elementor-widget-heading\" data-id=\"4505915\" data-element_type=\"widget\" data-e-type=\"widget\" data-widget_type=\"heading.default\">\n\t\t\t\t<div class=\"elementor-widget-container\">\n\t\t\t\t\t<h2 class=\"elementor-heading-title elementor-size-default\">GESCHICHTE<\/h2>\t\t\t\t<\/div>\n\t\t\t\t<\/div>\n\t\t\t\t<div class=\"elementor-element elementor-element-9908438 elementor-widget__width-initial elementor-widget elementor-widget-text-editor\" data-id=\"9908438\" data-element_type=\"widget\" data-e-type=\"widget\" data-widget_type=\"text-editor.default\">\n\t\t\t\t<div class=\"elementor-widget-container\">\n\t\t\t\t\t\t\t\t\t<p>Die Ragnar St\u00e5lskog AB wurde 1955 von Ingenieur Ragnar St\u00e5lskog, als Antwort auf den gro\u00dfen Bedarf an zuverl\u00e4ssigen Erdungsvorrichtungen f\u00fcr E-Werke, gegr\u00fcndet.<\/p><p>Die damals verf\u00fcgbare Ausr\u00fcstung erf\u00fcllte die neuen Anforderungen nicht. Minderwertige Werkzeuge waren die Ursache f\u00fcr eine Reihe von Unf\u00e4llen, und die schwedische Energieindustrie fand keine geeigneten Produkte auf dem Markt.<\/p><p>Eine enge Zusammenarbeit mit Kunden, Normungskomitees, Forschungsinstituten und Beh\u00f6rden nahm ihren Anfang.<br \/>Die erfahrensten Fachleute der Branche wurden f\u00fcr das Unternehmen verpflichtet.<\/p><p>Intensive Forschungs- und Entwicklungsarbeit f\u00fchrte zu einzigartigen L\u00f6sungen. Versuche vor Ort und im Labor brachten Ausr\u00fcstungen hervor, die die gestellten Anforderungen bei weitem \u00fcbertrafen.<\/p><p>Das Unternehmen entwickelte unter anderem ein Verfahren zur Fertigung von glasfaserverst\u00e4rkten Polyesterrohren und war einer der ersten Hersteller dieses Rohrtyps in Europa.<\/p><p>Das Ansehen des Unternehmens in der Branche wuchs rasch und mehrere gro\u00dfe Energieunternehmen zeigten Interesse an den Produkten.<\/p>\t\t\t\t\t\t\t\t<\/div>\n\t\t\t\t<\/div>\n\t\t\t\t<div class=\"elementor-element elementor-element-a64c64d elementor-widget elementor-widget-image\" data-id=\"a64c64d\" data-element_type=\"widget\" data-e-type=\"widget\" data-widget_type=\"image.default\">\n\t\t\t\t<div class=\"elementor-widget-container\">\n\t\t\t\t\t\t\t\t\t\t\t\t\t\t\t<img fetchpriority=\"high\" decoding=\"async\" width=\"800\" height=\"347\" src=\"https:\/\/www.stalskog.se\/wp-content\/uploads\/2022\/04\/foretag_ga.jpg\" class=\"attachment-large size-large wp-image-2979\" alt=\"\" srcset=\"https:\/\/www.stalskog.se\/wp-content\/uploads\/2022\/04\/foretag_ga.jpg 1025w, https:\/\/www.stalskog.se\/wp-content\/uploads\/2022\/04\/foretag_ga-300x130.jpg 300w, https:\/\/www.stalskog.se\/wp-content\/uploads\/2022\/04\/foretag_ga-600x260.jpg 600w, https:\/\/www.stalskog.se\/wp-content\/uploads\/2022\/04\/foretag_ga-768x333.jpg 768w\" sizes=\"(max-width: 800px) 100vw, 800px\" \/>\t\t\t\t\t\t\t\t\t\t\t\t\t\t\t<\/div>\n\t\t\t\t<\/div>\n\t\t\t\t<div class=\"elementor-element elementor-element-10767f3 elementor-widget__width-initial elementor-widget elementor-widget-text-editor\" data-id=\"10767f3\" data-element_type=\"widget\" data-e-type=\"widget\" data-widget_type=\"text-editor.default\">\n\t\t\t\t<div class=\"elementor-widget-container\">\n\t\t\t\t\t\t\t\t\t<p>Die Werkzeuge waren \u00e4u\u00dferst zuverl\u00e4ssig, anwenderfreundlich und wurden von allen, die damit arbeiteten, sehr gesch\u00e4tzt. Die Materialwahl f\u00fchrte, in Kombination mit der sorgf\u00e4ltigen Verarbeitung, zum Entstehen von anwenderfreundlichen, funktionssicheren und langlebigen Produkten. Die Forderung der Kunden nach immer h\u00f6herer Qualit\u00e4t sanierte die Branche.<\/p><p>Die Nachfrage stieg und landesweite Lieferungen in gro\u00dfen Quantiteten verliessen unser Werk.<\/p><p>D\u00e4nemark, Finnland und Norwegen interessierten sich f\u00fcr die neuen Konstruktionen und bald war die Ragnar St\u00e5lskog AB mit ihren Systemen Marktf\u00fchrend im gesamten Norden.<br \/>Heute findet man die Produkte der Ragnar St\u00e5lskog AB in allen Erdteilen und in schwierigsten Arbeitsbereichen. Das Unternehmen ist in den nordischen L\u00e4ndern zu einem Begriff geworden und genie\u00dft weltweit einen sehr guten Ruf.<\/p>\t\t\t\t\t\t\t\t<\/div>\n\t\t\t\t<\/div>\n\t\t\t\t\t<\/div>\n\t\t<\/div>\n\t\t\t\t<div class=\"elementor-column elementor-col-50 elementor-inner-column elementor-element elementor-element-1a506d8\" data-id=\"1a506d8\" data-element_type=\"column\" data-e-type=\"column\">\n\t\t\t<div class=\"elementor-widget-wrap elementor-element-populated\">\n\t\t\t\t\t\t<div class=\"elementor-element elementor-element-d113873 elementor-widget__width-initial elementor-widget elementor-widget-image\" data-id=\"d113873\" data-element_type=\"widget\" data-e-type=\"widget\" data-widget_type=\"image.default\">\n\t\t\t\t<div class=\"elementor-widget-container\">\n\t\t\t\t\t\t\t\t\t\t\t\t\t\t\t<img decoding=\"async\" width=\"200\" height=\"160\" src=\"https:\/\/www.stalskog.se\/wp-content\/uploads\/2022\/04\/Gammal-svarv.jpg\" class=\"attachment-large size-large wp-image-2911\" alt=\"\" \/>\t\t\t\t\t\t\t\t\t\t\t\t\t\t\t<\/div>\n\t\t\t\t<\/div>\n\t\t\t\t<div class=\"elementor-element elementor-element-5cb77ec elementor-widget__width-initial elementor-widget elementor-widget-image\" data-id=\"5cb77ec\" data-element_type=\"widget\" data-e-type=\"widget\" data-widget_type=\"image.default\">\n\t\t\t\t<div class=\"elementor-widget-container\">\n\t\t\t\t\t\t\t\t\t\t\t\t\t\t\t<img decoding=\"async\" width=\"556\" height=\"696\" src=\"https:\/\/www.stalskog.se\/wp-content\/uploads\/2022\/04\/Ga-klammor-s_v.jpg\" class=\"attachment-large size-large wp-image-2907\" alt=\"\" srcset=\"https:\/\/www.stalskog.se\/wp-content\/uploads\/2022\/04\/Ga-klammor-s_v.jpg 556w, https:\/\/www.stalskog.se\/wp-content\/uploads\/2022\/04\/Ga-klammor-s_v-300x376.jpg 300w, https:\/\/www.stalskog.se\/wp-content\/uploads\/2022\/04\/Ga-klammor-s_v-240x300.jpg 240w\" sizes=\"(max-width: 556px) 100vw, 556px\" \/>\t\t\t\t\t\t\t\t\t\t\t\t\t\t\t<\/div>\n\t\t\t\t<\/div>\n\t\t\t\t\t<\/div>\n\t\t<\/div>\n\t\t\t\t\t<\/div>\n\t\t<\/section>\n\t\t\t\t\t<\/div>\n\t\t<\/div>\n\t\t\t\t\t<\/div>\n\t\t<\/section>\n\t\t\t\t<\/div>\n\t\t","protected":false},"excerpt":{"rendered":"<p>GESCHICHTE GESCHICHTE Die Ragnar St\u00e5lskog AB wurde 1955 von Ingenieur Ragnar St\u00e5lskog, als Antwort auf den gro\u00dfen Bedarf an zuverl\u00e4ssigen Erdungsvorrichtungen f\u00fcr E-Werke, gegr\u00fcndet. Die damals verf\u00fcgbare Ausr\u00fcstung erf\u00fcllte die neuen Anforderungen nicht. Minderwertige Werkzeuge waren die Ursache f\u00fcr eine Reihe von Unf\u00e4llen, und die schwedische Energieindustrie fand keine geeigneten Produkte auf dem Markt. Eine [&hellip;]<\/p>\n","protected":false},"author":6,"featured_media":0,"parent":3054,"menu_order":0,"comment_status":"closed","ping_status":"closed","template":"elementor_header_footer","meta":{"_acf_changed":false,"footnotes":""},"class_list":["post-3115","page","type-page","status-publish","hentry"],"acf":[],"yoast_head":"<!-- This site is optimized with the Yoast SEO plugin v27.5 - https:\/\/yoast.com\/product\/yoast-seo-wordpress\/ -->\n<title>Geschichte &#8211; Ragnar St\u00e5lskog<\/title>\n<meta name=\"description\" content=\"GESCHICHTE GESCHICHTE Die Ragnar St\u00e5lskog AB wurde 1955 von Ingenieur Ragnar St\u00e5lskog, als Antwort auf den gro\u00dfen Bedarf an zuverl\u00e4ssigen\" \/>\n<meta name=\"robots\" content=\"index, follow, max-snippet:-1, max-image-preview:large, max-video-preview:-1\" \/>\n<link rel=\"canonical\" href=\"https:\/\/www.stalskog.se\/de\/ueber-uns\/geschichte\/\" \/>\n<meta property=\"og:locale\" content=\"de_DE\" \/>\n<meta property=\"og:type\" content=\"article\" \/>\n<meta property=\"og:title\" content=\"Geschichte &#8211; Ragnar St\u00e5lskog\" \/>\n<meta property=\"og:description\" content=\"GESCHICHTE GESCHICHTE Die Ragnar St\u00e5lskog AB wurde 1955 von Ingenieur Ragnar St\u00e5lskog, als Antwort auf den gro\u00dfen Bedarf an zuverl\u00e4ssigen\" \/>\n<meta property=\"og:url\" content=\"https:\/\/www.stalskog.se\/de\/ueber-uns\/geschichte\/\" \/>\n<meta property=\"og:site_name\" content=\"Ragnar St\u00e5lskog\" \/>\n<meta property=\"article:modified_time\" content=\"2022-05-09T14:23:00+00:00\" \/>\n<meta property=\"og:image\" content=\"https:\/\/www.stalskog.se\/wp-content\/uploads\/2022\/04\/foretag_ga.jpg\" \/>\n<meta name=\"twitter:card\" content=\"summary_large_image\" \/>\n<meta name=\"twitter:label1\" content=\"Gesch\u00e4tzte Lesezeit\" \/>\n\t<meta name=\"twitter:data1\" content=\"3\u00a0Minuten\" \/>\n<script type=\"application\/ld+json\" class=\"yoast-schema-graph\">{\"@context\":\"https:\\\/\\\/schema.org\",\"@graph\":[{\"@type\":\"WebPage\",\"@id\":\"https:\\\/\\\/www.stalskog.se\\\/de\\\/ueber-uns\\\/geschichte\\\/\",\"url\":\"https:\\\/\\\/www.stalskog.se\\\/de\\\/ueber-uns\\\/geschichte\\\/\",\"name\":\"Geschichte &#8211; Ragnar St\u00e5lskog\",\"isPartOf\":{\"@id\":\"https:\\\/\\\/www.stalskog.se\\\/de\\\/#website\"},\"primaryImageOfPage\":{\"@id\":\"https:\\\/\\\/www.stalskog.se\\\/de\\\/ueber-uns\\\/geschichte\\\/#primaryimage\"},\"image\":{\"@id\":\"https:\\\/\\\/www.stalskog.se\\\/de\\\/ueber-uns\\\/geschichte\\\/#primaryimage\"},\"thumbnailUrl\":\"https:\\\/\\\/www.stalskog.se\\\/wp-content\\\/uploads\\\/2022\\\/04\\\/foretag_ga.jpg\",\"datePublished\":\"2022-04-19T09:10:42+00:00\",\"dateModified\":\"2022-05-09T14:23:00+00:00\",\"description\":\"GESCHICHTE GESCHICHTE Die Ragnar St\u00e5lskog AB wurde 1955 von Ingenieur Ragnar St\u00e5lskog, als Antwort auf den gro\u00dfen Bedarf an zuverl\u00e4ssigen\",\"breadcrumb\":{\"@id\":\"https:\\\/\\\/www.stalskog.se\\\/de\\\/ueber-uns\\\/geschichte\\\/#breadcrumb\"},\"inLanguage\":\"de\",\"potentialAction\":[{\"@type\":\"ReadAction\",\"target\":[\"https:\\\/\\\/www.stalskog.se\\\/de\\\/ueber-uns\\\/geschichte\\\/\"]}]},{\"@type\":\"ImageObject\",\"inLanguage\":\"de\",\"@id\":\"https:\\\/\\\/www.stalskog.se\\\/de\\\/ueber-uns\\\/geschichte\\\/#primaryimage\",\"url\":\"https:\\\/\\\/www.stalskog.se\\\/wp-content\\\/uploads\\\/2022\\\/04\\\/foretag_ga.jpg\",\"contentUrl\":\"https:\\\/\\\/www.stalskog.se\\\/wp-content\\\/uploads\\\/2022\\\/04\\\/foretag_ga.jpg\"},{\"@type\":\"BreadcrumbList\",\"@id\":\"https:\\\/\\\/www.stalskog.se\\\/de\\\/ueber-uns\\\/geschichte\\\/#breadcrumb\",\"itemListElement\":[{\"@type\":\"ListItem\",\"position\":1,\"name\":\"Hem\",\"item\":\"https:\\\/\\\/www.stalskog.se\\\/de\\\/\"},{\"@type\":\"ListItem\",\"position\":2,\"name\":\"\u00fcber uns\",\"item\":\"https:\\\/\\\/www.stalskog.se\\\/de\\\/om-oss\\\/\"},{\"@type\":\"ListItem\",\"position\":3,\"name\":\"Geschichte\"}]},{\"@type\":\"WebSite\",\"@id\":\"https:\\\/\\\/www.stalskog.se\\\/de\\\/#website\",\"url\":\"https:\\\/\\\/www.stalskog.se\\\/de\\\/\",\"name\":\"Ragnar St\u00e5lskog\",\"description\":\"\",\"publisher\":{\"@id\":\"https:\\\/\\\/www.stalskog.se\\\/de\\\/#organization\"},\"potentialAction\":[{\"@type\":\"SearchAction\",\"target\":{\"@type\":\"EntryPoint\",\"urlTemplate\":\"https:\\\/\\\/www.stalskog.se\\\/de\\\/?s={search_term_string}\"},\"query-input\":{\"@type\":\"PropertyValueSpecification\",\"valueRequired\":true,\"valueName\":\"search_term_string\"}}],\"inLanguage\":\"de\"},{\"@type\":\"Organization\",\"@id\":\"https:\\\/\\\/www.stalskog.se\\\/de\\\/#organization\",\"name\":\"Ragnar St\u00e5lskog\",\"url\":\"https:\\\/\\\/www.stalskog.se\\\/de\\\/\",\"logo\":{\"@type\":\"ImageObject\",\"inLanguage\":\"de\",\"@id\":\"https:\\\/\\\/www.stalskog.se\\\/de\\\/#\\\/schema\\\/logo\\\/image\\\/\",\"url\":\"https:\\\/\\\/www.stalskog.se\\\/wp-content\\\/uploads\\\/2022\\\/03\\\/logo_o.png\",\"contentUrl\":\"https:\\\/\\\/www.stalskog.se\\\/wp-content\\\/uploads\\\/2022\\\/03\\\/logo_o.png\",\"width\":410,\"height\":99,\"caption\":\"Ragnar St\u00e5lskog\"},\"image\":{\"@id\":\"https:\\\/\\\/www.stalskog.se\\\/de\\\/#\\\/schema\\\/logo\\\/image\\\/\"}}]}<\/script>\n<!-- \/ Yoast SEO plugin. -->","yoast_head_json":{"title":"Geschichte &#8211; Ragnar St\u00e5lskog","description":"GESCHICHTE GESCHICHTE Die Ragnar St\u00e5lskog AB wurde 1955 von Ingenieur Ragnar St\u00e5lskog, als Antwort auf den gro\u00dfen Bedarf an zuverl\u00e4ssigen","robots":{"index":"index","follow":"follow","max-snippet":"max-snippet:-1","max-image-preview":"max-image-preview:large","max-video-preview":"max-video-preview:-1"},"canonical":"https:\/\/www.stalskog.se\/de\/ueber-uns\/geschichte\/","og_locale":"de_DE","og_type":"article","og_title":"Geschichte &#8211; Ragnar St\u00e5lskog","og_description":"GESCHICHTE GESCHICHTE Die Ragnar St\u00e5lskog AB wurde 1955 von Ingenieur Ragnar St\u00e5lskog, als Antwort auf den gro\u00dfen Bedarf an zuverl\u00e4ssigen","og_url":"https:\/\/www.stalskog.se\/de\/ueber-uns\/geschichte\/","og_site_name":"Ragnar St\u00e5lskog","article_modified_time":"2022-05-09T14:23:00+00:00","og_image":[{"url":"https:\/\/www.stalskog.se\/wp-content\/uploads\/2022\/04\/foretag_ga.jpg","type":"","width":"","height":""}],"twitter_card":"summary_large_image","twitter_misc":{"Gesch\u00e4tzte Lesezeit":"3\u00a0Minuten"},"schema":{"@context":"https:\/\/schema.org","@graph":[{"@type":"WebPage","@id":"https:\/\/www.stalskog.se\/de\/ueber-uns\/geschichte\/","url":"https:\/\/www.stalskog.se\/de\/ueber-uns\/geschichte\/","name":"Geschichte &#8211; Ragnar St\u00e5lskog","isPartOf":{"@id":"https:\/\/www.stalskog.se\/de\/#website"},"primaryImageOfPage":{"@id":"https:\/\/www.stalskog.se\/de\/ueber-uns\/geschichte\/#primaryimage"},"image":{"@id":"https:\/\/www.stalskog.se\/de\/ueber-uns\/geschichte\/#primaryimage"},"thumbnailUrl":"https:\/\/www.stalskog.se\/wp-content\/uploads\/2022\/04\/foretag_ga.jpg","datePublished":"2022-04-19T09:10:42+00:00","dateModified":"2022-05-09T14:23:00+00:00","description":"GESCHICHTE GESCHICHTE Die Ragnar St\u00e5lskog AB wurde 1955 von Ingenieur Ragnar St\u00e5lskog, als Antwort auf den gro\u00dfen Bedarf an zuverl\u00e4ssigen","breadcrumb":{"@id":"https:\/\/www.stalskog.se\/de\/ueber-uns\/geschichte\/#breadcrumb"},"inLanguage":"de","potentialAction":[{"@type":"ReadAction","target":["https:\/\/www.stalskog.se\/de\/ueber-uns\/geschichte\/"]}]},{"@type":"ImageObject","inLanguage":"de","@id":"https:\/\/www.stalskog.se\/de\/ueber-uns\/geschichte\/#primaryimage","url":"https:\/\/www.stalskog.se\/wp-content\/uploads\/2022\/04\/foretag_ga.jpg","contentUrl":"https:\/\/www.stalskog.se\/wp-content\/uploads\/2022\/04\/foretag_ga.jpg"},{"@type":"BreadcrumbList","@id":"https:\/\/www.stalskog.se\/de\/ueber-uns\/geschichte\/#breadcrumb","itemListElement":[{"@type":"ListItem","position":1,"name":"Hem","item":"https:\/\/www.stalskog.se\/de\/"},{"@type":"ListItem","position":2,"name":"\u00fcber uns","item":"https:\/\/www.stalskog.se\/de\/om-oss\/"},{"@type":"ListItem","position":3,"name":"Geschichte"}]},{"@type":"WebSite","@id":"https:\/\/www.stalskog.se\/de\/#website","url":"https:\/\/www.stalskog.se\/de\/","name":"Ragnar St\u00e5lskog","description":"","publisher":{"@id":"https:\/\/www.stalskog.se\/de\/#organization"},"potentialAction":[{"@type":"SearchAction","target":{"@type":"EntryPoint","urlTemplate":"https:\/\/www.stalskog.se\/de\/?s={search_term_string}"},"query-input":{"@type":"PropertyValueSpecification","valueRequired":true,"valueName":"search_term_string"}}],"inLanguage":"de"},{"@type":"Organization","@id":"https:\/\/www.stalskog.se\/de\/#organization","name":"Ragnar St\u00e5lskog","url":"https:\/\/www.stalskog.se\/de\/","logo":{"@type":"ImageObject","inLanguage":"de","@id":"https:\/\/www.stalskog.se\/de\/#\/schema\/logo\/image\/","url":"https:\/\/www.stalskog.se\/wp-content\/uploads\/2022\/03\/logo_o.png","contentUrl":"https:\/\/www.stalskog.se\/wp-content\/uploads\/2022\/03\/logo_o.png","width":410,"height":99,"caption":"Ragnar St\u00e5lskog"},"image":{"@id":"https:\/\/www.stalskog.se\/de\/#\/schema\/logo\/image\/"}}]}},"_links":{"self":[{"href":"https:\/\/www.stalskog.se\/de\/wp-json\/wp\/v2\/pages\/3115","targetHints":{"allow":["GET"]}}],"collection":[{"href":"https:\/\/www.stalskog.se\/de\/wp-json\/wp\/v2\/pages"}],"about":[{"href":"https:\/\/www.stalskog.se\/de\/wp-json\/wp\/v2\/types\/page"}],"author":[{"embeddable":true,"href":"https:\/\/www.stalskog.se\/de\/wp-json\/wp\/v2\/users\/6"}],"replies":[{"embeddable":true,"href":"https:\/\/www.stalskog.se\/de\/wp-json\/wp\/v2\/comments?post=3115"}],"version-history":[{"count":16,"href":"https:\/\/www.stalskog.se\/de\/wp-json\/wp\/v2\/pages\/3115\/revisions"}],"predecessor-version":[{"id":6489,"href":"https:\/\/www.stalskog.se\/de\/wp-json\/wp\/v2\/pages\/3115\/revisions\/6489"}],"up":[{"embeddable":true,"href":"https:\/\/www.stalskog.se\/de\/wp-json\/wp\/v2\/pages\/3054"}],"wp:attachment":[{"href":"https:\/\/www.stalskog.se\/de\/wp-json\/wp\/v2\/media?parent=3115"}],"curies":[{"name":"wp","href":"https:\/\/api.w.org\/{rel}","templated":true}]}}