{"id":10114,"date":"2022-06-03T14:07:09","date_gmt":"2022-06-03T14:07:09","guid":{"rendered":"https:\/\/www.stalskog.se\/?post_type=product&#038;p=10114"},"modified":"2022-06-03T14:07:09","modified_gmt":"2022-06-03T14:07:09","slug":"isolerad-kniv-keramisk-is80c","status":"publish","type":"product","link":"https:\/\/www.stalskog.se\/de\/produkte\/isolerad-kniv-keramisk-is80c\/","title":{"rendered":"Isolerad kniv keramisk IS80C"},"content":{"rendered":"<p>EN 60900 \/ IEC60900<\/p>\n<p><strong>IS80C<\/strong><br \/>\nMycket l\u00e4tt, isolerad kniv med keramiskt blad. Helt utan metalldelar.<br \/>\nF\u00f6rsedd med greppstopp och inf\u00e4llbart skydd f\u00f6r bladet.<br \/>\nEj avsett f\u00f6r att sk\u00e4ra i metallband.<\/p>\n","protected":false},"excerpt":{"rendered":"<p>EN 60900 \/ IEC60900 IS80C Mycket l\u00e4tt, isolerad kniv med keramiskt blad. Helt utan metalldelar. F\u00f6rsedd med greppstopp och inf\u00e4llbart skydd f\u00f6r bladet. Ej avsett f\u00f6r att sk\u00e4ra i metallband.<\/p>\n","protected":false},"featured_media":10115,"comment_status":"closed","ping_status":"closed","template":"","meta":{"_acf_changed":false},"product_brand":[],"product_cat":[34],"product_tag":[],"class_list":{"0":"post-10114","1":"product","2":"type-product","3":"status-publish","4":"has-post-thumbnail","6":"product_cat-isolerade-verktyg-handskar","8":"first","9":"instock","10":"shipping-taxable","11":"product-type-simple"},"acf":[],"yoast_head":"<!-- This site is optimized with the Yoast SEO plugin v27.5 - https:\/\/yoast.com\/product\/yoast-seo-wordpress\/ -->\n<title>Isolerad kniv keramisk IS80C &#8211; Ragnar St\u00e5lskog<\/title>\n<meta name=\"description\" content=\"EN 60900 \/ IEC60900 IS80C Mycket l\u00e4tt, isolerad kniv med keramiskt blad. Helt utan metalldelar. F\u00f6rsedd med greppstopp och inf\u00e4llbart skydd f\u00f6r bladet. Ej\" \/>\n<meta name=\"robots\" content=\"index, follow, max-snippet:-1, max-image-preview:large, max-video-preview:-1\" \/>\n<link rel=\"canonical\" href=\"https:\/\/www.stalskog.se\/de\/produkte\/isolerad-kniv-keramisk-is80c\/\" \/>\n<meta property=\"og:locale\" content=\"de_DE\" \/>\n<meta property=\"og:type\" content=\"article\" \/>\n<meta property=\"og:title\" content=\"Isolerad kniv keramisk IS80C &#8211; Ragnar St\u00e5lskog\" \/>\n<meta property=\"og:description\" content=\"EN 60900 \/ IEC60900 IS80C Mycket l\u00e4tt, isolerad kniv med keramiskt blad. Helt utan metalldelar. F\u00f6rsedd med greppstopp och inf\u00e4llbart skydd f\u00f6r bladet. Ej\" \/>\n<meta property=\"og:url\" content=\"https:\/\/www.stalskog.se\/de\/produkte\/isolerad-kniv-keramisk-is80c\/\" \/>\n<meta property=\"og:site_name\" content=\"Ragnar St\u00e5lskog\" \/>\n<meta property=\"og:image\" content=\"https:\/\/www.stalskog.se\/wp-content\/uploads\/2022\/06\/sfe_kniv_is80c__norm.png\" \/>\n\t<meta property=\"og:image:width\" content=\"358\" \/>\n\t<meta property=\"og:image:height\" content=\"300\" \/>\n\t<meta property=\"og:image:type\" content=\"image\/png\" \/>\n<meta name=\"twitter:card\" content=\"summary_large_image\" \/>\n<meta name=\"twitter:label1\" content=\"Gesch\u00e4tzte Lesezeit\" \/>\n\t<meta name=\"twitter:data1\" content=\"1\u00a0Minute\" \/>\n<script type=\"application\/ld+json\" class=\"yoast-schema-graph\">{\"@context\":\"https:\\\/\\\/schema.org\",\"@graph\":[{\"@type\":\"WebPage\",\"@id\":\"https:\\\/\\\/www.stalskog.se\\\/de\\\/produkte\\\/isolerad-kniv-keramisk-is80c\\\/\",\"url\":\"https:\\\/\\\/www.stalskog.se\\\/de\\\/produkte\\\/isolerad-kniv-keramisk-is80c\\\/\",\"name\":\"Isolerad kniv keramisk IS80C &#8211; Ragnar St\u00e5lskog\",\"isPartOf\":{\"@id\":\"https:\\\/\\\/www.stalskog.se\\\/de\\\/#website\"},\"primaryImageOfPage\":{\"@id\":\"https:\\\/\\\/www.stalskog.se\\\/de\\\/produkte\\\/isolerad-kniv-keramisk-is80c\\\/#primaryimage\"},\"image\":{\"@id\":\"https:\\\/\\\/www.stalskog.se\\\/de\\\/produkte\\\/isolerad-kniv-keramisk-is80c\\\/#primaryimage\"},\"thumbnailUrl\":\"https:\\\/\\\/www.stalskog.se\\\/wp-content\\\/uploads\\\/2022\\\/06\\\/sfe_kniv_is80c__norm.png\",\"datePublished\":\"2022-06-03T14:07:09+00:00\",\"description\":\"EN 60900 \\\/ IEC60900 IS80C Mycket l\u00e4tt, isolerad kniv med keramiskt blad. Helt utan metalldelar. F\u00f6rsedd med greppstopp och inf\u00e4llbart skydd f\u00f6r bladet. Ej\",\"breadcrumb\":{\"@id\":\"https:\\\/\\\/www.stalskog.se\\\/de\\\/produkte\\\/isolerad-kniv-keramisk-is80c\\\/#breadcrumb\"},\"inLanguage\":\"de\",\"potentialAction\":[{\"@type\":\"ReadAction\",\"target\":[\"https:\\\/\\\/www.stalskog.se\\\/de\\\/produkte\\\/isolerad-kniv-keramisk-is80c\\\/\"]}]},{\"@type\":\"ImageObject\",\"inLanguage\":\"de\",\"@id\":\"https:\\\/\\\/www.stalskog.se\\\/de\\\/produkte\\\/isolerad-kniv-keramisk-is80c\\\/#primaryimage\",\"url\":\"https:\\\/\\\/www.stalskog.se\\\/wp-content\\\/uploads\\\/2022\\\/06\\\/sfe_kniv_is80c__norm.png\",\"contentUrl\":\"https:\\\/\\\/www.stalskog.se\\\/wp-content\\\/uploads\\\/2022\\\/06\\\/sfe_kniv_is80c__norm.png\",\"width\":358,\"height\":300},{\"@type\":\"BreadcrumbList\",\"@id\":\"https:\\\/\\\/www.stalskog.se\\\/de\\\/produkte\\\/isolerad-kniv-keramisk-is80c\\\/#breadcrumb\",\"itemListElement\":[{\"@type\":\"ListItem\",\"position\":1,\"name\":\"Hem\",\"item\":\"https:\\\/\\\/www.stalskog.se\\\/de\\\/\"},{\"@type\":\"ListItem\",\"position\":2,\"name\":\"Produkter\",\"item\":\"https:\\\/\\\/www.stalskog.se\\\/?page_id=3235\"},{\"@type\":\"ListItem\",\"position\":3,\"name\":\"11. Insulated Hand Tools 1000 V\",\"item\":\"https:\\\/\\\/www.stalskog.se\\\/de\\\/kategorie\\\/11-insulated-hand-tools-1000-v-de\\\/\"},{\"@type\":\"ListItem\",\"position\":4,\"name\":\"Isolerad kniv keramisk IS80C\"}]},{\"@type\":\"WebSite\",\"@id\":\"https:\\\/\\\/www.stalskog.se\\\/de\\\/#website\",\"url\":\"https:\\\/\\\/www.stalskog.se\\\/de\\\/\",\"name\":\"Ragnar St\u00e5lskog\",\"description\":\"\",\"publisher\":{\"@id\":\"https:\\\/\\\/www.stalskog.se\\\/de\\\/#organization\"},\"potentialAction\":[{\"@type\":\"SearchAction\",\"target\":{\"@type\":\"EntryPoint\",\"urlTemplate\":\"https:\\\/\\\/www.stalskog.se\\\/de\\\/?s={search_term_string}\"},\"query-input\":{\"@type\":\"PropertyValueSpecification\",\"valueRequired\":true,\"valueName\":\"search_term_string\"}}],\"inLanguage\":\"de\"},{\"@type\":\"Organization\",\"@id\":\"https:\\\/\\\/www.stalskog.se\\\/de\\\/#organization\",\"name\":\"Ragnar St\u00e5lskog\",\"url\":\"https:\\\/\\\/www.stalskog.se\\\/de\\\/\",\"logo\":{\"@type\":\"ImageObject\",\"inLanguage\":\"de\",\"@id\":\"https:\\\/\\\/www.stalskog.se\\\/de\\\/#\\\/schema\\\/logo\\\/image\\\/\",\"url\":\"https:\\\/\\\/www.stalskog.se\\\/wp-content\\\/uploads\\\/2022\\\/03\\\/logo_o.png\",\"contentUrl\":\"https:\\\/\\\/www.stalskog.se\\\/wp-content\\\/uploads\\\/2022\\\/03\\\/logo_o.png\",\"width\":410,\"height\":99,\"caption\":\"Ragnar St\u00e5lskog\"},\"image\":{\"@id\":\"https:\\\/\\\/www.stalskog.se\\\/de\\\/#\\\/schema\\\/logo\\\/image\\\/\"}}]}<\/script>\n<!-- \/ Yoast SEO plugin. -->","yoast_head_json":{"title":"Isolerad kniv keramisk IS80C &#8211; Ragnar St\u00e5lskog","description":"EN 60900 \/ IEC60900 IS80C Mycket l\u00e4tt, isolerad kniv med keramiskt blad. Helt utan metalldelar. F\u00f6rsedd med greppstopp och inf\u00e4llbart skydd f\u00f6r bladet. Ej","robots":{"index":"index","follow":"follow","max-snippet":"max-snippet:-1","max-image-preview":"max-image-preview:large","max-video-preview":"max-video-preview:-1"},"canonical":"https:\/\/www.stalskog.se\/de\/produkte\/isolerad-kniv-keramisk-is80c\/","og_locale":"de_DE","og_type":"article","og_title":"Isolerad kniv keramisk IS80C &#8211; Ragnar St\u00e5lskog","og_description":"EN 60900 \/ IEC60900 IS80C Mycket l\u00e4tt, isolerad kniv med keramiskt blad. Helt utan metalldelar. F\u00f6rsedd med greppstopp och inf\u00e4llbart skydd f\u00f6r bladet. Ej","og_url":"https:\/\/www.stalskog.se\/de\/produkte\/isolerad-kniv-keramisk-is80c\/","og_site_name":"Ragnar St\u00e5lskog","og_image":[{"width":358,"height":300,"url":"https:\/\/www.stalskog.se\/wp-content\/uploads\/2022\/06\/sfe_kniv_is80c__norm.png","type":"image\/png"}],"twitter_card":"summary_large_image","twitter_misc":{"Gesch\u00e4tzte Lesezeit":"1\u00a0Minute"},"schema":{"@context":"https:\/\/schema.org","@graph":[{"@type":"WebPage","@id":"https:\/\/www.stalskog.se\/de\/produkte\/isolerad-kniv-keramisk-is80c\/","url":"https:\/\/www.stalskog.se\/de\/produkte\/isolerad-kniv-keramisk-is80c\/","name":"Isolerad kniv keramisk IS80C &#8211; Ragnar St\u00e5lskog","isPartOf":{"@id":"https:\/\/www.stalskog.se\/de\/#website"},"primaryImageOfPage":{"@id":"https:\/\/www.stalskog.se\/de\/produkte\/isolerad-kniv-keramisk-is80c\/#primaryimage"},"image":{"@id":"https:\/\/www.stalskog.se\/de\/produkte\/isolerad-kniv-keramisk-is80c\/#primaryimage"},"thumbnailUrl":"https:\/\/www.stalskog.se\/wp-content\/uploads\/2022\/06\/sfe_kniv_is80c__norm.png","datePublished":"2022-06-03T14:07:09+00:00","description":"EN 60900 \/ IEC60900 IS80C Mycket l\u00e4tt, isolerad kniv med keramiskt blad. Helt utan metalldelar. F\u00f6rsedd med greppstopp och inf\u00e4llbart skydd f\u00f6r bladet. Ej","breadcrumb":{"@id":"https:\/\/www.stalskog.se\/de\/produkte\/isolerad-kniv-keramisk-is80c\/#breadcrumb"},"inLanguage":"de","potentialAction":[{"@type":"ReadAction","target":["https:\/\/www.stalskog.se\/de\/produkte\/isolerad-kniv-keramisk-is80c\/"]}]},{"@type":"ImageObject","inLanguage":"de","@id":"https:\/\/www.stalskog.se\/de\/produkte\/isolerad-kniv-keramisk-is80c\/#primaryimage","url":"https:\/\/www.stalskog.se\/wp-content\/uploads\/2022\/06\/sfe_kniv_is80c__norm.png","contentUrl":"https:\/\/www.stalskog.se\/wp-content\/uploads\/2022\/06\/sfe_kniv_is80c__norm.png","width":358,"height":300},{"@type":"BreadcrumbList","@id":"https:\/\/www.stalskog.se\/de\/produkte\/isolerad-kniv-keramisk-is80c\/#breadcrumb","itemListElement":[{"@type":"ListItem","position":1,"name":"Hem","item":"https:\/\/www.stalskog.se\/de\/"},{"@type":"ListItem","position":2,"name":"Produkter","item":"https:\/\/www.stalskog.se\/?page_id=3235"},{"@type":"ListItem","position":3,"name":"11. Insulated Hand Tools 1000 V","item":"https:\/\/www.stalskog.se\/de\/kategorie\/11-insulated-hand-tools-1000-v-de\/"},{"@type":"ListItem","position":4,"name":"Isolerad kniv keramisk IS80C"}]},{"@type":"WebSite","@id":"https:\/\/www.stalskog.se\/de\/#website","url":"https:\/\/www.stalskog.se\/de\/","name":"Ragnar St\u00e5lskog","description":"","publisher":{"@id":"https:\/\/www.stalskog.se\/de\/#organization"},"potentialAction":[{"@type":"SearchAction","target":{"@type":"EntryPoint","urlTemplate":"https:\/\/www.stalskog.se\/de\/?s={search_term_string}"},"query-input":{"@type":"PropertyValueSpecification","valueRequired":true,"valueName":"search_term_string"}}],"inLanguage":"de"},{"@type":"Organization","@id":"https:\/\/www.stalskog.se\/de\/#organization","name":"Ragnar St\u00e5lskog","url":"https:\/\/www.stalskog.se\/de\/","logo":{"@type":"ImageObject","inLanguage":"de","@id":"https:\/\/www.stalskog.se\/de\/#\/schema\/logo\/image\/","url":"https:\/\/www.stalskog.se\/wp-content\/uploads\/2022\/03\/logo_o.png","contentUrl":"https:\/\/www.stalskog.se\/wp-content\/uploads\/2022\/03\/logo_o.png","width":410,"height":99,"caption":"Ragnar St\u00e5lskog"},"image":{"@id":"https:\/\/www.stalskog.se\/de\/#\/schema\/logo\/image\/"}}]}},"_links":{"self":[{"href":"https:\/\/www.stalskog.se\/de\/wp-json\/wp\/v2\/product\/10114","targetHints":{"allow":["GET"]}}],"collection":[{"href":"https:\/\/www.stalskog.se\/de\/wp-json\/wp\/v2\/product"}],"about":[{"href":"https:\/\/www.stalskog.se\/de\/wp-json\/wp\/v2\/types\/product"}],"replies":[{"embeddable":true,"href":"https:\/\/www.stalskog.se\/de\/wp-json\/wp\/v2\/comments?post=10114"}],"wp:featuredmedia":[{"embeddable":true,"href":"https:\/\/www.stalskog.se\/de\/wp-json\/wp\/v2\/media\/10115"}],"wp:attachment":[{"href":"https:\/\/www.stalskog.se\/de\/wp-json\/wp\/v2\/media?parent=10114"}],"wp:term":[{"taxonomy":"product_brand","embeddable":true,"href":"https:\/\/www.stalskog.se\/de\/wp-json\/wp\/v2\/product_brand?post=10114"},{"taxonomy":"product_cat","embeddable":true,"href":"https:\/\/www.stalskog.se\/de\/wp-json\/wp\/v2\/product_cat?post=10114"},{"taxonomy":"product_tag","embeddable":true,"href":"https:\/\/www.stalskog.se\/de\/wp-json\/wp\/v2\/product_tag?post=10114"}],"curies":[{"name":"wp","href":"https:\/\/api.w.org\/{rel}","templated":true}]}}