{"id":10119,"date":"2022-06-03T14:09:09","date_gmt":"2022-06-03T14:09:09","guid":{"rendered":"https:\/\/www.stalskog.se\/?post_type=product&#038;p=10119"},"modified":"2022-06-03T14:09:09","modified_gmt":"2022-06-03T14:09:09","slug":"isolerad-kniv-is78","status":"publish","type":"product","link":"https:\/\/www.stalskog.se\/de\/produkte\/isolerad-kniv-is78\/","title":{"rendered":"Isolerad kniv IS78"},"content":{"rendered":"<p>EN 60900 \/ IEC60900<\/p>\n<p><strong>IS78<\/strong><br \/>\nIsolerad kniv med l\u00e5ngt tunt blad i rostfritt st\u00e5l.<br \/>\nFingerskydd med slits f\u00f6r att styra bladet under l\u00e4ngsg\u00e5ende snitt.<\/p>\n<p>Levereras i mjukt fodral.<\/p>\n","protected":false},"excerpt":{"rendered":"<p>EN 60900 \/ IEC60900 IS78 Isolerad kniv med l\u00e5ngt tunt blad i rostfritt st\u00e5l. Fingerskydd med slits f\u00f6r att styra bladet under l\u00e4ngsg\u00e5ende snitt. Levereras i mjukt fodral.<\/p>\n","protected":false},"featured_media":10120,"comment_status":"closed","ping_status":"closed","template":"","meta":{"_acf_changed":false},"product_brand":[],"product_cat":[34],"product_tag":[],"class_list":{"0":"post-10119","1":"product","2":"type-product","3":"status-publish","4":"has-post-thumbnail","6":"product_cat-isolerade-verktyg-handskar","8":"first","9":"instock","10":"shipping-taxable","11":"product-type-simple"},"acf":[],"yoast_head":"<!-- This site is optimized with the Yoast SEO plugin v27.5 - https:\/\/yoast.com\/product\/yoast-seo-wordpress\/ -->\n<title>Isolerad kniv IS78 &#8211; Ragnar St\u00e5lskog<\/title>\n<meta name=\"description\" content=\"EN 60900 \/ IEC60900 IS78 Isolerad kniv med l\u00e5ngt tunt blad i rostfritt st\u00e5l. Fingerskydd med slits f\u00f6r att styra bladet under l\u00e4ngsg\u00e5ende snitt. Levereras\" \/>\n<meta name=\"robots\" content=\"index, follow, max-snippet:-1, max-image-preview:large, max-video-preview:-1\" \/>\n<link rel=\"canonical\" href=\"https:\/\/www.stalskog.se\/de\/produkte\/isolerad-kniv-is78\/\" \/>\n<meta property=\"og:locale\" content=\"de_DE\" \/>\n<meta property=\"og:type\" content=\"article\" \/>\n<meta property=\"og:title\" content=\"Isolerad kniv IS78 &#8211; Ragnar St\u00e5lskog\" \/>\n<meta property=\"og:description\" content=\"EN 60900 \/ IEC60900 IS78 Isolerad kniv med l\u00e5ngt tunt blad i rostfritt st\u00e5l. Fingerskydd med slits f\u00f6r att styra bladet under l\u00e4ngsg\u00e5ende snitt. Levereras\" \/>\n<meta property=\"og:url\" content=\"https:\/\/www.stalskog.se\/de\/produkte\/isolerad-kniv-is78\/\" \/>\n<meta property=\"og:site_name\" content=\"Ragnar St\u00e5lskog\" \/>\n<meta property=\"og:image\" content=\"https:\/\/www.stalskog.se\/wp-content\/uploads\/2022\/06\/sfe_kniv_is78_.jpg\" \/>\n\t<meta property=\"og:image:width\" content=\"400\" \/>\n\t<meta property=\"og:image:height\" content=\"211\" \/>\n\t<meta property=\"og:image:type\" content=\"image\/jpeg\" \/>\n<meta name=\"twitter:card\" content=\"summary_large_image\" \/>\n<meta name=\"twitter:label1\" content=\"Gesch\u00e4tzte Lesezeit\" \/>\n\t<meta name=\"twitter:data1\" content=\"1\u00a0Minute\" \/>\n<script type=\"application\/ld+json\" class=\"yoast-schema-graph\">{\"@context\":\"https:\\\/\\\/schema.org\",\"@graph\":[{\"@type\":\"WebPage\",\"@id\":\"https:\\\/\\\/www.stalskog.se\\\/de\\\/produkte\\\/isolerad-kniv-is78\\\/\",\"url\":\"https:\\\/\\\/www.stalskog.se\\\/de\\\/produkte\\\/isolerad-kniv-is78\\\/\",\"name\":\"Isolerad kniv IS78 &#8211; Ragnar St\u00e5lskog\",\"isPartOf\":{\"@id\":\"https:\\\/\\\/www.stalskog.se\\\/de\\\/#website\"},\"primaryImageOfPage\":{\"@id\":\"https:\\\/\\\/www.stalskog.se\\\/de\\\/produkte\\\/isolerad-kniv-is78\\\/#primaryimage\"},\"image\":{\"@id\":\"https:\\\/\\\/www.stalskog.se\\\/de\\\/produkte\\\/isolerad-kniv-is78\\\/#primaryimage\"},\"thumbnailUrl\":\"https:\\\/\\\/www.stalskog.se\\\/wp-content\\\/uploads\\\/2022\\\/06\\\/sfe_kniv_is78_.jpg\",\"datePublished\":\"2022-06-03T14:09:09+00:00\",\"description\":\"EN 60900 \\\/ IEC60900 IS78 Isolerad kniv med l\u00e5ngt tunt blad i rostfritt st\u00e5l. Fingerskydd med slits f\u00f6r att styra bladet under l\u00e4ngsg\u00e5ende snitt. Levereras\",\"breadcrumb\":{\"@id\":\"https:\\\/\\\/www.stalskog.se\\\/de\\\/produkte\\\/isolerad-kniv-is78\\\/#breadcrumb\"},\"inLanguage\":\"de\",\"potentialAction\":[{\"@type\":\"ReadAction\",\"target\":[\"https:\\\/\\\/www.stalskog.se\\\/de\\\/produkte\\\/isolerad-kniv-is78\\\/\"]}]},{\"@type\":\"ImageObject\",\"inLanguage\":\"de\",\"@id\":\"https:\\\/\\\/www.stalskog.se\\\/de\\\/produkte\\\/isolerad-kniv-is78\\\/#primaryimage\",\"url\":\"https:\\\/\\\/www.stalskog.se\\\/wp-content\\\/uploads\\\/2022\\\/06\\\/sfe_kniv_is78_.jpg\",\"contentUrl\":\"https:\\\/\\\/www.stalskog.se\\\/wp-content\\\/uploads\\\/2022\\\/06\\\/sfe_kniv_is78_.jpg\",\"width\":400,\"height\":211},{\"@type\":\"BreadcrumbList\",\"@id\":\"https:\\\/\\\/www.stalskog.se\\\/de\\\/produkte\\\/isolerad-kniv-is78\\\/#breadcrumb\",\"itemListElement\":[{\"@type\":\"ListItem\",\"position\":1,\"name\":\"Hem\",\"item\":\"https:\\\/\\\/www.stalskog.se\\\/de\\\/\"},{\"@type\":\"ListItem\",\"position\":2,\"name\":\"Produkter\",\"item\":\"https:\\\/\\\/www.stalskog.se\\\/?page_id=3235\"},{\"@type\":\"ListItem\",\"position\":3,\"name\":\"11. Insulated Hand Tools 1000 V\",\"item\":\"https:\\\/\\\/www.stalskog.se\\\/de\\\/kategorie\\\/11-insulated-hand-tools-1000-v-de\\\/\"},{\"@type\":\"ListItem\",\"position\":4,\"name\":\"Isolerad kniv IS78\"}]},{\"@type\":\"WebSite\",\"@id\":\"https:\\\/\\\/www.stalskog.se\\\/de\\\/#website\",\"url\":\"https:\\\/\\\/www.stalskog.se\\\/de\\\/\",\"name\":\"Ragnar St\u00e5lskog\",\"description\":\"\",\"publisher\":{\"@id\":\"https:\\\/\\\/www.stalskog.se\\\/de\\\/#organization\"},\"potentialAction\":[{\"@type\":\"SearchAction\",\"target\":{\"@type\":\"EntryPoint\",\"urlTemplate\":\"https:\\\/\\\/www.stalskog.se\\\/de\\\/?s={search_term_string}\"},\"query-input\":{\"@type\":\"PropertyValueSpecification\",\"valueRequired\":true,\"valueName\":\"search_term_string\"}}],\"inLanguage\":\"de\"},{\"@type\":\"Organization\",\"@id\":\"https:\\\/\\\/www.stalskog.se\\\/de\\\/#organization\",\"name\":\"Ragnar St\u00e5lskog\",\"url\":\"https:\\\/\\\/www.stalskog.se\\\/de\\\/\",\"logo\":{\"@type\":\"ImageObject\",\"inLanguage\":\"de\",\"@id\":\"https:\\\/\\\/www.stalskog.se\\\/de\\\/#\\\/schema\\\/logo\\\/image\\\/\",\"url\":\"https:\\\/\\\/www.stalskog.se\\\/wp-content\\\/uploads\\\/2022\\\/03\\\/logo_o.png\",\"contentUrl\":\"https:\\\/\\\/www.stalskog.se\\\/wp-content\\\/uploads\\\/2022\\\/03\\\/logo_o.png\",\"width\":410,\"height\":99,\"caption\":\"Ragnar St\u00e5lskog\"},\"image\":{\"@id\":\"https:\\\/\\\/www.stalskog.se\\\/de\\\/#\\\/schema\\\/logo\\\/image\\\/\"}}]}<\/script>\n<!-- \/ Yoast SEO plugin. -->","yoast_head_json":{"title":"Isolerad kniv IS78 &#8211; Ragnar St\u00e5lskog","description":"EN 60900 \/ IEC60900 IS78 Isolerad kniv med l\u00e5ngt tunt blad i rostfritt st\u00e5l. Fingerskydd med slits f\u00f6r att styra bladet under l\u00e4ngsg\u00e5ende snitt. Levereras","robots":{"index":"index","follow":"follow","max-snippet":"max-snippet:-1","max-image-preview":"max-image-preview:large","max-video-preview":"max-video-preview:-1"},"canonical":"https:\/\/www.stalskog.se\/de\/produkte\/isolerad-kniv-is78\/","og_locale":"de_DE","og_type":"article","og_title":"Isolerad kniv IS78 &#8211; Ragnar St\u00e5lskog","og_description":"EN 60900 \/ IEC60900 IS78 Isolerad kniv med l\u00e5ngt tunt blad i rostfritt st\u00e5l. Fingerskydd med slits f\u00f6r att styra bladet under l\u00e4ngsg\u00e5ende snitt. Levereras","og_url":"https:\/\/www.stalskog.se\/de\/produkte\/isolerad-kniv-is78\/","og_site_name":"Ragnar St\u00e5lskog","og_image":[{"width":400,"height":211,"url":"https:\/\/www.stalskog.se\/wp-content\/uploads\/2022\/06\/sfe_kniv_is78_.jpg","type":"image\/jpeg"}],"twitter_card":"summary_large_image","twitter_misc":{"Gesch\u00e4tzte Lesezeit":"1\u00a0Minute"},"schema":{"@context":"https:\/\/schema.org","@graph":[{"@type":"WebPage","@id":"https:\/\/www.stalskog.se\/de\/produkte\/isolerad-kniv-is78\/","url":"https:\/\/www.stalskog.se\/de\/produkte\/isolerad-kniv-is78\/","name":"Isolerad kniv IS78 &#8211; Ragnar St\u00e5lskog","isPartOf":{"@id":"https:\/\/www.stalskog.se\/de\/#website"},"primaryImageOfPage":{"@id":"https:\/\/www.stalskog.se\/de\/produkte\/isolerad-kniv-is78\/#primaryimage"},"image":{"@id":"https:\/\/www.stalskog.se\/de\/produkte\/isolerad-kniv-is78\/#primaryimage"},"thumbnailUrl":"https:\/\/www.stalskog.se\/wp-content\/uploads\/2022\/06\/sfe_kniv_is78_.jpg","datePublished":"2022-06-03T14:09:09+00:00","description":"EN 60900 \/ IEC60900 IS78 Isolerad kniv med l\u00e5ngt tunt blad i rostfritt st\u00e5l. Fingerskydd med slits f\u00f6r att styra bladet under l\u00e4ngsg\u00e5ende snitt. Levereras","breadcrumb":{"@id":"https:\/\/www.stalskog.se\/de\/produkte\/isolerad-kniv-is78\/#breadcrumb"},"inLanguage":"de","potentialAction":[{"@type":"ReadAction","target":["https:\/\/www.stalskog.se\/de\/produkte\/isolerad-kniv-is78\/"]}]},{"@type":"ImageObject","inLanguage":"de","@id":"https:\/\/www.stalskog.se\/de\/produkte\/isolerad-kniv-is78\/#primaryimage","url":"https:\/\/www.stalskog.se\/wp-content\/uploads\/2022\/06\/sfe_kniv_is78_.jpg","contentUrl":"https:\/\/www.stalskog.se\/wp-content\/uploads\/2022\/06\/sfe_kniv_is78_.jpg","width":400,"height":211},{"@type":"BreadcrumbList","@id":"https:\/\/www.stalskog.se\/de\/produkte\/isolerad-kniv-is78\/#breadcrumb","itemListElement":[{"@type":"ListItem","position":1,"name":"Hem","item":"https:\/\/www.stalskog.se\/de\/"},{"@type":"ListItem","position":2,"name":"Produkter","item":"https:\/\/www.stalskog.se\/?page_id=3235"},{"@type":"ListItem","position":3,"name":"11. Insulated Hand Tools 1000 V","item":"https:\/\/www.stalskog.se\/de\/kategorie\/11-insulated-hand-tools-1000-v-de\/"},{"@type":"ListItem","position":4,"name":"Isolerad kniv IS78"}]},{"@type":"WebSite","@id":"https:\/\/www.stalskog.se\/de\/#website","url":"https:\/\/www.stalskog.se\/de\/","name":"Ragnar St\u00e5lskog","description":"","publisher":{"@id":"https:\/\/www.stalskog.se\/de\/#organization"},"potentialAction":[{"@type":"SearchAction","target":{"@type":"EntryPoint","urlTemplate":"https:\/\/www.stalskog.se\/de\/?s={search_term_string}"},"query-input":{"@type":"PropertyValueSpecification","valueRequired":true,"valueName":"search_term_string"}}],"inLanguage":"de"},{"@type":"Organization","@id":"https:\/\/www.stalskog.se\/de\/#organization","name":"Ragnar St\u00e5lskog","url":"https:\/\/www.stalskog.se\/de\/","logo":{"@type":"ImageObject","inLanguage":"de","@id":"https:\/\/www.stalskog.se\/de\/#\/schema\/logo\/image\/","url":"https:\/\/www.stalskog.se\/wp-content\/uploads\/2022\/03\/logo_o.png","contentUrl":"https:\/\/www.stalskog.se\/wp-content\/uploads\/2022\/03\/logo_o.png","width":410,"height":99,"caption":"Ragnar St\u00e5lskog"},"image":{"@id":"https:\/\/www.stalskog.se\/de\/#\/schema\/logo\/image\/"}}]}},"_links":{"self":[{"href":"https:\/\/www.stalskog.se\/de\/wp-json\/wp\/v2\/product\/10119","targetHints":{"allow":["GET"]}}],"collection":[{"href":"https:\/\/www.stalskog.se\/de\/wp-json\/wp\/v2\/product"}],"about":[{"href":"https:\/\/www.stalskog.se\/de\/wp-json\/wp\/v2\/types\/product"}],"replies":[{"embeddable":true,"href":"https:\/\/www.stalskog.se\/de\/wp-json\/wp\/v2\/comments?post=10119"}],"wp:featuredmedia":[{"embeddable":true,"href":"https:\/\/www.stalskog.se\/de\/wp-json\/wp\/v2\/media\/10120"}],"wp:attachment":[{"href":"https:\/\/www.stalskog.se\/de\/wp-json\/wp\/v2\/media?parent=10119"}],"wp:term":[{"taxonomy":"product_brand","embeddable":true,"href":"https:\/\/www.stalskog.se\/de\/wp-json\/wp\/v2\/product_brand?post=10119"},{"taxonomy":"product_cat","embeddable":true,"href":"https:\/\/www.stalskog.se\/de\/wp-json\/wp\/v2\/product_cat?post=10119"},{"taxonomy":"product_tag","embeddable":true,"href":"https:\/\/www.stalskog.se\/de\/wp-json\/wp\/v2\/product_tag?post=10119"}],"curies":[{"name":"wp","href":"https:\/\/api.w.org\/{rel}","templated":true}]}}