{"id":10154,"date":"2022-06-03T16:36:22","date_gmt":"2022-06-03T16:36:22","guid":{"rendered":"https:\/\/www.stalskog.se\/?post_type=product&#038;p=10154"},"modified":"2023-02-08T07:57:37","modified_gmt":"2023-02-08T07:57:37","slug":"isolerad-forlangare-ms71l","status":"publish","type":"product","link":"https:\/\/www.stalskog.se\/de\/produkte\/isolerad-forlangare-ms71l\/","title":{"rendered":"Isolerad f\u00f6rl\u00e4ngare MS71L"},"content":{"rendered":"<p>IEC60900<br \/>\nISO 1174-1<br \/>\nISO 3316<\/p>\n<p><strong>MS71L<\/strong><br \/>\n<strong>Isolerad f\u00f6rl\u00e4ngare<\/strong> 1\/2&#8243;.<br \/>\nG\u00f6r det m\u00f6jligt att komma \u00e5t muttrar n\u00e4r man arbetar i tr\u00e5nga utrymmen.<\/p>\n","protected":false},"excerpt":{"rendered":"<p>IEC60900 ISO 1174-1 ISO 3316 MS71L Isolerad f\u00f6rl\u00e4ngare 1\/2&#8243;. G\u00f6r det m\u00f6jligt att komma \u00e5t muttrar n\u00e4r man arbetar i tr\u00e5nga utrymmen.<\/p>\n","protected":false},"featured_media":10155,"comment_status":"closed","ping_status":"closed","template":"","meta":{"_acf_changed":false},"product_brand":[],"product_cat":[34,169],"product_tag":[],"class_list":{"0":"post-10154","1":"product","2":"type-product","3":"status-publish","4":"has-post-thumbnail","6":"product_cat-isolerade-verktyg-handskar","7":"product_cat-bilverkstad-ppe-elfordon","9":"first","10":"instock","11":"shipping-taxable","12":"product-type-simple"},"acf":[],"yoast_head":"<!-- This site is optimized with the Yoast SEO plugin v27.5 - https:\/\/yoast.com\/product\/yoast-seo-wordpress\/ -->\n<title>Isolerad f\u00f6rl\u00e4ngare MS71L &#8211; Ragnar St\u00e5lskog<\/title>\n<meta name=\"description\" content=\"IEC60900 ISO 1174-1 ISO 3316  MS71L Isolerad f\u00f6rl\u00e4ngare 1\/2&quot;. G\u00f6r det m\u00f6jligt att komma \u00e5t muttrar n\u00e4r man arbetar i tr\u00e5nga utrymmen.\" \/>\n<meta name=\"robots\" content=\"index, follow, max-snippet:-1, max-image-preview:large, max-video-preview:-1\" \/>\n<link rel=\"canonical\" href=\"https:\/\/www.stalskog.se\/de\/produkte\/isolerad-forlangare-ms71l\/\" \/>\n<meta property=\"og:locale\" content=\"de_DE\" \/>\n<meta property=\"og:type\" content=\"article\" \/>\n<meta property=\"og:title\" content=\"Isolerad f\u00f6rl\u00e4ngare MS71L &#8211; Ragnar St\u00e5lskog\" \/>\n<meta property=\"og:description\" content=\"IEC60900 ISO 1174-1 ISO 3316  MS71L Isolerad f\u00f6rl\u00e4ngare 1\/2&quot;. G\u00f6r det m\u00f6jligt att komma \u00e5t muttrar n\u00e4r man arbetar i tr\u00e5nga utrymmen.\" \/>\n<meta property=\"og:url\" content=\"https:\/\/www.stalskog.se\/de\/produkte\/isolerad-forlangare-ms71l\/\" \/>\n<meta property=\"og:site_name\" content=\"Ragnar St\u00e5lskog\" \/>\n<meta property=\"article:modified_time\" content=\"2023-02-08T07:57:37+00:00\" \/>\n<meta property=\"og:image\" content=\"https:\/\/www.stalskog.se\/wp-content\/uploads\/2022\/06\/sfe_f_rl_ngare_ms71l_.jpg\" \/>\n\t<meta property=\"og:image:width\" content=\"400\" \/>\n\t<meta property=\"og:image:height\" content=\"250\" \/>\n\t<meta property=\"og:image:type\" content=\"image\/jpeg\" \/>\n<meta name=\"twitter:card\" content=\"summary_large_image\" \/>\n<meta name=\"twitter:label1\" content=\"Gesch\u00e4tzte Lesezeit\" \/>\n\t<meta name=\"twitter:data1\" content=\"1\u00a0Minute\" \/>\n<script type=\"application\/ld+json\" class=\"yoast-schema-graph\">{\"@context\":\"https:\\\/\\\/schema.org\",\"@graph\":[{\"@type\":\"WebPage\",\"@id\":\"https:\\\/\\\/www.stalskog.se\\\/de\\\/produkte\\\/isolerad-forlangare-ms71l\\\/\",\"url\":\"https:\\\/\\\/www.stalskog.se\\\/de\\\/produkte\\\/isolerad-forlangare-ms71l\\\/\",\"name\":\"Isolerad f\u00f6rl\u00e4ngare MS71L &#8211; Ragnar St\u00e5lskog\",\"isPartOf\":{\"@id\":\"https:\\\/\\\/www.stalskog.se\\\/de\\\/#website\"},\"primaryImageOfPage\":{\"@id\":\"https:\\\/\\\/www.stalskog.se\\\/de\\\/produkte\\\/isolerad-forlangare-ms71l\\\/#primaryimage\"},\"image\":{\"@id\":\"https:\\\/\\\/www.stalskog.se\\\/de\\\/produkte\\\/isolerad-forlangare-ms71l\\\/#primaryimage\"},\"thumbnailUrl\":\"https:\\\/\\\/www.stalskog.se\\\/wp-content\\\/uploads\\\/2022\\\/06\\\/sfe_f_rl_ngare_ms71l_.jpg\",\"datePublished\":\"2022-06-03T16:36:22+00:00\",\"dateModified\":\"2023-02-08T07:57:37+00:00\",\"description\":\"IEC60900 ISO 1174-1 ISO 3316 MS71L Isolerad f\u00f6rl\u00e4ngare 1\\\/2\\\". G\u00f6r det m\u00f6jligt att komma \u00e5t muttrar n\u00e4r man arbetar i tr\u00e5nga utrymmen.\",\"breadcrumb\":{\"@id\":\"https:\\\/\\\/www.stalskog.se\\\/de\\\/produkte\\\/isolerad-forlangare-ms71l\\\/#breadcrumb\"},\"inLanguage\":\"de\",\"potentialAction\":[{\"@type\":\"ReadAction\",\"target\":[\"https:\\\/\\\/www.stalskog.se\\\/de\\\/produkte\\\/isolerad-forlangare-ms71l\\\/\"]}]},{\"@type\":\"ImageObject\",\"inLanguage\":\"de\",\"@id\":\"https:\\\/\\\/www.stalskog.se\\\/de\\\/produkte\\\/isolerad-forlangare-ms71l\\\/#primaryimage\",\"url\":\"https:\\\/\\\/www.stalskog.se\\\/wp-content\\\/uploads\\\/2022\\\/06\\\/sfe_f_rl_ngare_ms71l_.jpg\",\"contentUrl\":\"https:\\\/\\\/www.stalskog.se\\\/wp-content\\\/uploads\\\/2022\\\/06\\\/sfe_f_rl_ngare_ms71l_.jpg\",\"width\":400,\"height\":250},{\"@type\":\"BreadcrumbList\",\"@id\":\"https:\\\/\\\/www.stalskog.se\\\/de\\\/produkte\\\/isolerad-forlangare-ms71l\\\/#breadcrumb\",\"itemListElement\":[{\"@type\":\"ListItem\",\"position\":1,\"name\":\"Hem\",\"item\":\"https:\\\/\\\/www.stalskog.se\\\/de\\\/\"},{\"@type\":\"ListItem\",\"position\":2,\"name\":\"Produkter\",\"item\":\"https:\\\/\\\/www.stalskog.se\\\/?page_id=3235\"},{\"@type\":\"ListItem\",\"position\":3,\"name\":\"11. Insulated Hand Tools 1000 V\",\"item\":\"https:\\\/\\\/www.stalskog.se\\\/de\\\/kategorie\\\/11-insulated-hand-tools-1000-v-de\\\/\"},{\"@type\":\"ListItem\",\"position\":4,\"name\":\"Isolerad f\u00f6rl\u00e4ngare MS71L\"}]},{\"@type\":\"WebSite\",\"@id\":\"https:\\\/\\\/www.stalskog.se\\\/de\\\/#website\",\"url\":\"https:\\\/\\\/www.stalskog.se\\\/de\\\/\",\"name\":\"Ragnar St\u00e5lskog\",\"description\":\"\",\"publisher\":{\"@id\":\"https:\\\/\\\/www.stalskog.se\\\/de\\\/#organization\"},\"potentialAction\":[{\"@type\":\"SearchAction\",\"target\":{\"@type\":\"EntryPoint\",\"urlTemplate\":\"https:\\\/\\\/www.stalskog.se\\\/de\\\/?s={search_term_string}\"},\"query-input\":{\"@type\":\"PropertyValueSpecification\",\"valueRequired\":true,\"valueName\":\"search_term_string\"}}],\"inLanguage\":\"de\"},{\"@type\":\"Organization\",\"@id\":\"https:\\\/\\\/www.stalskog.se\\\/de\\\/#organization\",\"name\":\"Ragnar St\u00e5lskog\",\"url\":\"https:\\\/\\\/www.stalskog.se\\\/de\\\/\",\"logo\":{\"@type\":\"ImageObject\",\"inLanguage\":\"de\",\"@id\":\"https:\\\/\\\/www.stalskog.se\\\/de\\\/#\\\/schema\\\/logo\\\/image\\\/\",\"url\":\"https:\\\/\\\/www.stalskog.se\\\/wp-content\\\/uploads\\\/2022\\\/03\\\/logo_o.png\",\"contentUrl\":\"https:\\\/\\\/www.stalskog.se\\\/wp-content\\\/uploads\\\/2022\\\/03\\\/logo_o.png\",\"width\":410,\"height\":99,\"caption\":\"Ragnar St\u00e5lskog\"},\"image\":{\"@id\":\"https:\\\/\\\/www.stalskog.se\\\/de\\\/#\\\/schema\\\/logo\\\/image\\\/\"}}]}<\/script>\n<!-- \/ Yoast SEO plugin. -->","yoast_head_json":{"title":"Isolerad f\u00f6rl\u00e4ngare MS71L &#8211; Ragnar St\u00e5lskog","description":"IEC60900 ISO 1174-1 ISO 3316  MS71L Isolerad f\u00f6rl\u00e4ngare 1\/2\". G\u00f6r det m\u00f6jligt att komma \u00e5t muttrar n\u00e4r man arbetar i tr\u00e5nga utrymmen.","robots":{"index":"index","follow":"follow","max-snippet":"max-snippet:-1","max-image-preview":"max-image-preview:large","max-video-preview":"max-video-preview:-1"},"canonical":"https:\/\/www.stalskog.se\/de\/produkte\/isolerad-forlangare-ms71l\/","og_locale":"de_DE","og_type":"article","og_title":"Isolerad f\u00f6rl\u00e4ngare MS71L &#8211; Ragnar St\u00e5lskog","og_description":"IEC60900 ISO 1174-1 ISO 3316  MS71L Isolerad f\u00f6rl\u00e4ngare 1\/2\". G\u00f6r det m\u00f6jligt att komma \u00e5t muttrar n\u00e4r man arbetar i tr\u00e5nga utrymmen.","og_url":"https:\/\/www.stalskog.se\/de\/produkte\/isolerad-forlangare-ms71l\/","og_site_name":"Ragnar St\u00e5lskog","article_modified_time":"2023-02-08T07:57:37+00:00","og_image":[{"width":400,"height":250,"url":"https:\/\/www.stalskog.se\/wp-content\/uploads\/2022\/06\/sfe_f_rl_ngare_ms71l_.jpg","type":"image\/jpeg"}],"twitter_card":"summary_large_image","twitter_misc":{"Gesch\u00e4tzte Lesezeit":"1\u00a0Minute"},"schema":{"@context":"https:\/\/schema.org","@graph":[{"@type":"WebPage","@id":"https:\/\/www.stalskog.se\/de\/produkte\/isolerad-forlangare-ms71l\/","url":"https:\/\/www.stalskog.se\/de\/produkte\/isolerad-forlangare-ms71l\/","name":"Isolerad f\u00f6rl\u00e4ngare MS71L &#8211; Ragnar St\u00e5lskog","isPartOf":{"@id":"https:\/\/www.stalskog.se\/de\/#website"},"primaryImageOfPage":{"@id":"https:\/\/www.stalskog.se\/de\/produkte\/isolerad-forlangare-ms71l\/#primaryimage"},"image":{"@id":"https:\/\/www.stalskog.se\/de\/produkte\/isolerad-forlangare-ms71l\/#primaryimage"},"thumbnailUrl":"https:\/\/www.stalskog.se\/wp-content\/uploads\/2022\/06\/sfe_f_rl_ngare_ms71l_.jpg","datePublished":"2022-06-03T16:36:22+00:00","dateModified":"2023-02-08T07:57:37+00:00","description":"IEC60900 ISO 1174-1 ISO 3316 MS71L Isolerad f\u00f6rl\u00e4ngare 1\/2\". G\u00f6r det m\u00f6jligt att komma \u00e5t muttrar n\u00e4r man arbetar i tr\u00e5nga utrymmen.","breadcrumb":{"@id":"https:\/\/www.stalskog.se\/de\/produkte\/isolerad-forlangare-ms71l\/#breadcrumb"},"inLanguage":"de","potentialAction":[{"@type":"ReadAction","target":["https:\/\/www.stalskog.se\/de\/produkte\/isolerad-forlangare-ms71l\/"]}]},{"@type":"ImageObject","inLanguage":"de","@id":"https:\/\/www.stalskog.se\/de\/produkte\/isolerad-forlangare-ms71l\/#primaryimage","url":"https:\/\/www.stalskog.se\/wp-content\/uploads\/2022\/06\/sfe_f_rl_ngare_ms71l_.jpg","contentUrl":"https:\/\/www.stalskog.se\/wp-content\/uploads\/2022\/06\/sfe_f_rl_ngare_ms71l_.jpg","width":400,"height":250},{"@type":"BreadcrumbList","@id":"https:\/\/www.stalskog.se\/de\/produkte\/isolerad-forlangare-ms71l\/#breadcrumb","itemListElement":[{"@type":"ListItem","position":1,"name":"Hem","item":"https:\/\/www.stalskog.se\/de\/"},{"@type":"ListItem","position":2,"name":"Produkter","item":"https:\/\/www.stalskog.se\/?page_id=3235"},{"@type":"ListItem","position":3,"name":"11. Insulated Hand Tools 1000 V","item":"https:\/\/www.stalskog.se\/de\/kategorie\/11-insulated-hand-tools-1000-v-de\/"},{"@type":"ListItem","position":4,"name":"Isolerad f\u00f6rl\u00e4ngare MS71L"}]},{"@type":"WebSite","@id":"https:\/\/www.stalskog.se\/de\/#website","url":"https:\/\/www.stalskog.se\/de\/","name":"Ragnar St\u00e5lskog","description":"","publisher":{"@id":"https:\/\/www.stalskog.se\/de\/#organization"},"potentialAction":[{"@type":"SearchAction","target":{"@type":"EntryPoint","urlTemplate":"https:\/\/www.stalskog.se\/de\/?s={search_term_string}"},"query-input":{"@type":"PropertyValueSpecification","valueRequired":true,"valueName":"search_term_string"}}],"inLanguage":"de"},{"@type":"Organization","@id":"https:\/\/www.stalskog.se\/de\/#organization","name":"Ragnar St\u00e5lskog","url":"https:\/\/www.stalskog.se\/de\/","logo":{"@type":"ImageObject","inLanguage":"de","@id":"https:\/\/www.stalskog.se\/de\/#\/schema\/logo\/image\/","url":"https:\/\/www.stalskog.se\/wp-content\/uploads\/2022\/03\/logo_o.png","contentUrl":"https:\/\/www.stalskog.se\/wp-content\/uploads\/2022\/03\/logo_o.png","width":410,"height":99,"caption":"Ragnar St\u00e5lskog"},"image":{"@id":"https:\/\/www.stalskog.se\/de\/#\/schema\/logo\/image\/"}}]}},"_links":{"self":[{"href":"https:\/\/www.stalskog.se\/de\/wp-json\/wp\/v2\/product\/10154","targetHints":{"allow":["GET"]}}],"collection":[{"href":"https:\/\/www.stalskog.se\/de\/wp-json\/wp\/v2\/product"}],"about":[{"href":"https:\/\/www.stalskog.se\/de\/wp-json\/wp\/v2\/types\/product"}],"replies":[{"embeddable":true,"href":"https:\/\/www.stalskog.se\/de\/wp-json\/wp\/v2\/comments?post=10154"}],"wp:featuredmedia":[{"embeddable":true,"href":"https:\/\/www.stalskog.se\/de\/wp-json\/wp\/v2\/media\/10155"}],"wp:attachment":[{"href":"https:\/\/www.stalskog.se\/de\/wp-json\/wp\/v2\/media?parent=10154"}],"wp:term":[{"taxonomy":"product_brand","embeddable":true,"href":"https:\/\/www.stalskog.se\/de\/wp-json\/wp\/v2\/product_brand?post=10154"},{"taxonomy":"product_cat","embeddable":true,"href":"https:\/\/www.stalskog.se\/de\/wp-json\/wp\/v2\/product_cat?post=10154"},{"taxonomy":"product_tag","embeddable":true,"href":"https:\/\/www.stalskog.se\/de\/wp-json\/wp\/v2\/product_tag?post=10154"}],"curies":[{"name":"wp","href":"https:\/\/api.w.org\/{rel}","templated":true}]}}