{"id":10175,"date":"2022-06-03T17:04:15","date_gmt":"2022-06-03T17:04:15","guid":{"rendered":"https:\/\/www.stalskog.se\/?post_type=product&#038;p=10175"},"modified":"2023-02-08T07:43:21","modified_gmt":"2023-02-08T07:43:21","slug":"helisolerad-kombinationstang-mc4ce","status":"publish","type":"product","link":"https:\/\/www.stalskog.se\/de\/produkte\/helisolerad-kombinationstang-mc4ce\/","title":{"rendered":"Helisolerad kombinationst\u00e5ng MC4CE"},"content":{"rendered":"<p>EN 60900 \/ IEC60900<\/p>\n<p><strong>MC4CE<\/strong><br \/>\n<strong>Helisolerad kombinationst\u00e5ng<\/strong> i komposit med keramiska blad.<\/p>\n<p>Anv\u00e4ndning: Denna helisolerade t\u00e5ng \u00e4r speciellt anpassad f\u00f6r arbete vid l\u00e5gsp\u00e4nning i tr\u00e5nga utrymmen d\u00e4r en kortslutning skulle kunna f\u00e5 allvarliga f\u00f6ljder f\u00f6r b\u00e5de personal och utrustning.<\/p>\n<p>Tekniska specifikationer :<br \/>\nInneh\u00e5ller inga metalldelar, bladen \u00e4r tillverkade av keramik.<br \/>\nL\u00e4tt: ca 2\/3 av vikten av en traditionell kombinationst\u00e5ng.<br \/>\nIcke-korroderande.<\/p>\n","protected":false},"excerpt":{"rendered":"<p>EN 60900 \/ IEC60900 MC4CE Helisolerad kombinationst\u00e5ng i komposit med keramiska blad. Anv\u00e4ndning: Denna helisolerade t\u00e5ng \u00e4r speciellt anpassad f\u00f6r arbete vid l\u00e5gsp\u00e4nning i tr\u00e5nga utrymmen d\u00e4r en kortslutning skulle kunna f\u00e5 allvarliga f\u00f6ljder f\u00f6r b\u00e5de personal och utrustning. Tekniska specifikationer : Inneh\u00e5ller inga metalldelar, bladen \u00e4r tillverkade av keramik. L\u00e4tt: ca 2\/3 av vikten [&hellip;]<\/p>\n","protected":false},"featured_media":10177,"comment_status":"closed","ping_status":"closed","template":"","meta":{"_acf_changed":false},"product_brand":[],"product_cat":[34,169],"product_tag":[],"class_list":{"0":"post-10175","1":"product","2":"type-product","3":"status-publish","4":"has-post-thumbnail","6":"product_cat-isolerade-verktyg-handskar","7":"product_cat-bilverkstad-ppe-elfordon","9":"first","10":"instock","11":"shipping-taxable","12":"product-type-simple"},"acf":[],"yoast_head":"<!-- This site is optimized with the Yoast SEO plugin v27.5 - https:\/\/yoast.com\/product\/yoast-seo-wordpress\/ -->\n<title>Helisolerad kombinationst\u00e5ng MC4CE &#8211; Ragnar St\u00e5lskog<\/title>\n<meta name=\"description\" content=\"EN 60900 \/ IEC60900 MC4CE Helisolerad kombinationst\u00e5ng i komposit med keramiska blad. Anv\u00e4ndning: Denna helisolerade t\u00e5ng \u00e4r speciellt anpassad f\u00f6r arbete\" \/>\n<meta name=\"robots\" content=\"index, follow, max-snippet:-1, max-image-preview:large, max-video-preview:-1\" \/>\n<link rel=\"canonical\" href=\"https:\/\/www.stalskog.se\/de\/produkte\/helisolerad-kombinationstang-mc4ce\/\" \/>\n<meta property=\"og:locale\" content=\"de_DE\" \/>\n<meta property=\"og:type\" content=\"article\" \/>\n<meta property=\"og:title\" content=\"Helisolerad kombinationst\u00e5ng MC4CE &#8211; Ragnar St\u00e5lskog\" \/>\n<meta property=\"og:description\" content=\"EN 60900 \/ IEC60900 MC4CE Helisolerad kombinationst\u00e5ng i komposit med keramiska blad. Anv\u00e4ndning: Denna helisolerade t\u00e5ng \u00e4r speciellt anpassad f\u00f6r arbete\" \/>\n<meta property=\"og:url\" content=\"https:\/\/www.stalskog.se\/de\/produkte\/helisolerad-kombinationstang-mc4ce\/\" \/>\n<meta property=\"og:site_name\" content=\"Ragnar St\u00e5lskog\" \/>\n<meta property=\"article:modified_time\" content=\"2023-02-08T07:43:21+00:00\" \/>\n<meta property=\"og:image\" content=\"https:\/\/www.stalskog.se\/wp-content\/uploads\/2022\/06\/sfe_t_ng_mc4ce__.jpg\" \/>\n\t<meta property=\"og:image:width\" content=\"400\" \/>\n\t<meta property=\"og:image:height\" content=\"202\" \/>\n\t<meta property=\"og:image:type\" content=\"image\/jpeg\" \/>\n<meta name=\"twitter:card\" content=\"summary_large_image\" \/>\n<meta name=\"twitter:label1\" content=\"Gesch\u00e4tzte Lesezeit\" \/>\n\t<meta name=\"twitter:data1\" content=\"1\u00a0Minute\" \/>\n<script type=\"application\/ld+json\" class=\"yoast-schema-graph\">{\"@context\":\"https:\\\/\\\/schema.org\",\"@graph\":[{\"@type\":\"WebPage\",\"@id\":\"https:\\\/\\\/www.stalskog.se\\\/de\\\/produkte\\\/helisolerad-kombinationstang-mc4ce\\\/\",\"url\":\"https:\\\/\\\/www.stalskog.se\\\/de\\\/produkte\\\/helisolerad-kombinationstang-mc4ce\\\/\",\"name\":\"Helisolerad kombinationst\u00e5ng MC4CE &#8211; Ragnar St\u00e5lskog\",\"isPartOf\":{\"@id\":\"https:\\\/\\\/www.stalskog.se\\\/de\\\/#website\"},\"primaryImageOfPage\":{\"@id\":\"https:\\\/\\\/www.stalskog.se\\\/de\\\/produkte\\\/helisolerad-kombinationstang-mc4ce\\\/#primaryimage\"},\"image\":{\"@id\":\"https:\\\/\\\/www.stalskog.se\\\/de\\\/produkte\\\/helisolerad-kombinationstang-mc4ce\\\/#primaryimage\"},\"thumbnailUrl\":\"https:\\\/\\\/www.stalskog.se\\\/wp-content\\\/uploads\\\/2022\\\/06\\\/sfe_t_ng_mc4ce__.jpg\",\"datePublished\":\"2022-06-03T17:04:15+00:00\",\"dateModified\":\"2023-02-08T07:43:21+00:00\",\"description\":\"EN 60900 \\\/ IEC60900 MC4CE Helisolerad kombinationst\u00e5ng i komposit med keramiska blad. Anv\u00e4ndning: Denna helisolerade t\u00e5ng \u00e4r speciellt anpassad f\u00f6r arbete\",\"breadcrumb\":{\"@id\":\"https:\\\/\\\/www.stalskog.se\\\/de\\\/produkte\\\/helisolerad-kombinationstang-mc4ce\\\/#breadcrumb\"},\"inLanguage\":\"de\",\"potentialAction\":[{\"@type\":\"ReadAction\",\"target\":[\"https:\\\/\\\/www.stalskog.se\\\/de\\\/produkte\\\/helisolerad-kombinationstang-mc4ce\\\/\"]}]},{\"@type\":\"ImageObject\",\"inLanguage\":\"de\",\"@id\":\"https:\\\/\\\/www.stalskog.se\\\/de\\\/produkte\\\/helisolerad-kombinationstang-mc4ce\\\/#primaryimage\",\"url\":\"https:\\\/\\\/www.stalskog.se\\\/wp-content\\\/uploads\\\/2022\\\/06\\\/sfe_t_ng_mc4ce__.jpg\",\"contentUrl\":\"https:\\\/\\\/www.stalskog.se\\\/wp-content\\\/uploads\\\/2022\\\/06\\\/sfe_t_ng_mc4ce__.jpg\",\"width\":400,\"height\":202},{\"@type\":\"BreadcrumbList\",\"@id\":\"https:\\\/\\\/www.stalskog.se\\\/de\\\/produkte\\\/helisolerad-kombinationstang-mc4ce\\\/#breadcrumb\",\"itemListElement\":[{\"@type\":\"ListItem\",\"position\":1,\"name\":\"Hem\",\"item\":\"https:\\\/\\\/www.stalskog.se\\\/de\\\/\"},{\"@type\":\"ListItem\",\"position\":2,\"name\":\"Produkter\",\"item\":\"https:\\\/\\\/www.stalskog.se\\\/?page_id=3235\"},{\"@type\":\"ListItem\",\"position\":3,\"name\":\"11. Insulated Hand Tools 1000 V\",\"item\":\"https:\\\/\\\/www.stalskog.se\\\/de\\\/kategorie\\\/11-insulated-hand-tools-1000-v-de\\\/\"},{\"@type\":\"ListItem\",\"position\":4,\"name\":\"Helisolerad kombinationst\u00e5ng MC4CE\"}]},{\"@type\":\"WebSite\",\"@id\":\"https:\\\/\\\/www.stalskog.se\\\/de\\\/#website\",\"url\":\"https:\\\/\\\/www.stalskog.se\\\/de\\\/\",\"name\":\"Ragnar St\u00e5lskog\",\"description\":\"\",\"publisher\":{\"@id\":\"https:\\\/\\\/www.stalskog.se\\\/de\\\/#organization\"},\"potentialAction\":[{\"@type\":\"SearchAction\",\"target\":{\"@type\":\"EntryPoint\",\"urlTemplate\":\"https:\\\/\\\/www.stalskog.se\\\/de\\\/?s={search_term_string}\"},\"query-input\":{\"@type\":\"PropertyValueSpecification\",\"valueRequired\":true,\"valueName\":\"search_term_string\"}}],\"inLanguage\":\"de\"},{\"@type\":\"Organization\",\"@id\":\"https:\\\/\\\/www.stalskog.se\\\/de\\\/#organization\",\"name\":\"Ragnar St\u00e5lskog\",\"url\":\"https:\\\/\\\/www.stalskog.se\\\/de\\\/\",\"logo\":{\"@type\":\"ImageObject\",\"inLanguage\":\"de\",\"@id\":\"https:\\\/\\\/www.stalskog.se\\\/de\\\/#\\\/schema\\\/logo\\\/image\\\/\",\"url\":\"https:\\\/\\\/www.stalskog.se\\\/wp-content\\\/uploads\\\/2022\\\/03\\\/logo_o.png\",\"contentUrl\":\"https:\\\/\\\/www.stalskog.se\\\/wp-content\\\/uploads\\\/2022\\\/03\\\/logo_o.png\",\"width\":410,\"height\":99,\"caption\":\"Ragnar St\u00e5lskog\"},\"image\":{\"@id\":\"https:\\\/\\\/www.stalskog.se\\\/de\\\/#\\\/schema\\\/logo\\\/image\\\/\"}}]}<\/script>\n<!-- \/ Yoast SEO plugin. -->","yoast_head_json":{"title":"Helisolerad kombinationst\u00e5ng MC4CE &#8211; Ragnar St\u00e5lskog","description":"EN 60900 \/ IEC60900 MC4CE Helisolerad kombinationst\u00e5ng i komposit med keramiska blad. Anv\u00e4ndning: Denna helisolerade t\u00e5ng \u00e4r speciellt anpassad f\u00f6r arbete","robots":{"index":"index","follow":"follow","max-snippet":"max-snippet:-1","max-image-preview":"max-image-preview:large","max-video-preview":"max-video-preview:-1"},"canonical":"https:\/\/www.stalskog.se\/de\/produkte\/helisolerad-kombinationstang-mc4ce\/","og_locale":"de_DE","og_type":"article","og_title":"Helisolerad kombinationst\u00e5ng MC4CE &#8211; Ragnar St\u00e5lskog","og_description":"EN 60900 \/ IEC60900 MC4CE Helisolerad kombinationst\u00e5ng i komposit med keramiska blad. Anv\u00e4ndning: Denna helisolerade t\u00e5ng \u00e4r speciellt anpassad f\u00f6r arbete","og_url":"https:\/\/www.stalskog.se\/de\/produkte\/helisolerad-kombinationstang-mc4ce\/","og_site_name":"Ragnar St\u00e5lskog","article_modified_time":"2023-02-08T07:43:21+00:00","og_image":[{"width":400,"height":202,"url":"https:\/\/www.stalskog.se\/wp-content\/uploads\/2022\/06\/sfe_t_ng_mc4ce__.jpg","type":"image\/jpeg"}],"twitter_card":"summary_large_image","twitter_misc":{"Gesch\u00e4tzte Lesezeit":"1\u00a0Minute"},"schema":{"@context":"https:\/\/schema.org","@graph":[{"@type":"WebPage","@id":"https:\/\/www.stalskog.se\/de\/produkte\/helisolerad-kombinationstang-mc4ce\/","url":"https:\/\/www.stalskog.se\/de\/produkte\/helisolerad-kombinationstang-mc4ce\/","name":"Helisolerad kombinationst\u00e5ng MC4CE &#8211; Ragnar St\u00e5lskog","isPartOf":{"@id":"https:\/\/www.stalskog.se\/de\/#website"},"primaryImageOfPage":{"@id":"https:\/\/www.stalskog.se\/de\/produkte\/helisolerad-kombinationstang-mc4ce\/#primaryimage"},"image":{"@id":"https:\/\/www.stalskog.se\/de\/produkte\/helisolerad-kombinationstang-mc4ce\/#primaryimage"},"thumbnailUrl":"https:\/\/www.stalskog.se\/wp-content\/uploads\/2022\/06\/sfe_t_ng_mc4ce__.jpg","datePublished":"2022-06-03T17:04:15+00:00","dateModified":"2023-02-08T07:43:21+00:00","description":"EN 60900 \/ IEC60900 MC4CE Helisolerad kombinationst\u00e5ng i komposit med keramiska blad. Anv\u00e4ndning: Denna helisolerade t\u00e5ng \u00e4r speciellt anpassad f\u00f6r arbete","breadcrumb":{"@id":"https:\/\/www.stalskog.se\/de\/produkte\/helisolerad-kombinationstang-mc4ce\/#breadcrumb"},"inLanguage":"de","potentialAction":[{"@type":"ReadAction","target":["https:\/\/www.stalskog.se\/de\/produkte\/helisolerad-kombinationstang-mc4ce\/"]}]},{"@type":"ImageObject","inLanguage":"de","@id":"https:\/\/www.stalskog.se\/de\/produkte\/helisolerad-kombinationstang-mc4ce\/#primaryimage","url":"https:\/\/www.stalskog.se\/wp-content\/uploads\/2022\/06\/sfe_t_ng_mc4ce__.jpg","contentUrl":"https:\/\/www.stalskog.se\/wp-content\/uploads\/2022\/06\/sfe_t_ng_mc4ce__.jpg","width":400,"height":202},{"@type":"BreadcrumbList","@id":"https:\/\/www.stalskog.se\/de\/produkte\/helisolerad-kombinationstang-mc4ce\/#breadcrumb","itemListElement":[{"@type":"ListItem","position":1,"name":"Hem","item":"https:\/\/www.stalskog.se\/de\/"},{"@type":"ListItem","position":2,"name":"Produkter","item":"https:\/\/www.stalskog.se\/?page_id=3235"},{"@type":"ListItem","position":3,"name":"11. Insulated Hand Tools 1000 V","item":"https:\/\/www.stalskog.se\/de\/kategorie\/11-insulated-hand-tools-1000-v-de\/"},{"@type":"ListItem","position":4,"name":"Helisolerad kombinationst\u00e5ng MC4CE"}]},{"@type":"WebSite","@id":"https:\/\/www.stalskog.se\/de\/#website","url":"https:\/\/www.stalskog.se\/de\/","name":"Ragnar St\u00e5lskog","description":"","publisher":{"@id":"https:\/\/www.stalskog.se\/de\/#organization"},"potentialAction":[{"@type":"SearchAction","target":{"@type":"EntryPoint","urlTemplate":"https:\/\/www.stalskog.se\/de\/?s={search_term_string}"},"query-input":{"@type":"PropertyValueSpecification","valueRequired":true,"valueName":"search_term_string"}}],"inLanguage":"de"},{"@type":"Organization","@id":"https:\/\/www.stalskog.se\/de\/#organization","name":"Ragnar St\u00e5lskog","url":"https:\/\/www.stalskog.se\/de\/","logo":{"@type":"ImageObject","inLanguage":"de","@id":"https:\/\/www.stalskog.se\/de\/#\/schema\/logo\/image\/","url":"https:\/\/www.stalskog.se\/wp-content\/uploads\/2022\/03\/logo_o.png","contentUrl":"https:\/\/www.stalskog.se\/wp-content\/uploads\/2022\/03\/logo_o.png","width":410,"height":99,"caption":"Ragnar St\u00e5lskog"},"image":{"@id":"https:\/\/www.stalskog.se\/de\/#\/schema\/logo\/image\/"}}]}},"_links":{"self":[{"href":"https:\/\/www.stalskog.se\/de\/wp-json\/wp\/v2\/product\/10175","targetHints":{"allow":["GET"]}}],"collection":[{"href":"https:\/\/www.stalskog.se\/de\/wp-json\/wp\/v2\/product"}],"about":[{"href":"https:\/\/www.stalskog.se\/de\/wp-json\/wp\/v2\/types\/product"}],"replies":[{"embeddable":true,"href":"https:\/\/www.stalskog.se\/de\/wp-json\/wp\/v2\/comments?post=10175"}],"wp:featuredmedia":[{"embeddable":true,"href":"https:\/\/www.stalskog.se\/de\/wp-json\/wp\/v2\/media\/10177"}],"wp:attachment":[{"href":"https:\/\/www.stalskog.se\/de\/wp-json\/wp\/v2\/media?parent=10175"}],"wp:term":[{"taxonomy":"product_brand","embeddable":true,"href":"https:\/\/www.stalskog.se\/de\/wp-json\/wp\/v2\/product_brand?post=10175"},{"taxonomy":"product_cat","embeddable":true,"href":"https:\/\/www.stalskog.se\/de\/wp-json\/wp\/v2\/product_cat?post=10175"},{"taxonomy":"product_tag","embeddable":true,"href":"https:\/\/www.stalskog.se\/de\/wp-json\/wp\/v2\/product_tag?post=10175"}],"curies":[{"name":"wp","href":"https:\/\/api.w.org\/{rel}","templated":true}]}}