{"id":10237,"date":"2022-06-03T17:26:04","date_gmt":"2022-06-03T17:26:04","guid":{"rendered":"https:\/\/www.stalskog.se\/?post_type=product&#038;p=10237"},"modified":"2022-06-03T17:26:04","modified_gmt":"2022-06-03T17:26:04","slug":"linareamatare-lwa640","status":"publish","type":"product","link":"https:\/\/www.stalskog.se\/de\/produkte\/linareamatare-lwa640\/","title":{"rendered":"Linaream\u00e4tare LWA640"},"content":{"rendered":"<p><strong>LWA 640<\/strong><br \/>\nLinaream\u00e4tare.<br \/>\nTillverkad helt i syntetmaterial.<br \/>\nF\u00f6r anslutning p\u00e5 universalf\u00e4ste.<br \/>\nVisar snabbt diametern fr\u00e5n 3 mm till 16 mm.<\/p>\n","protected":false},"excerpt":{"rendered":"<p>LWA 640 Linaream\u00e4tare. Tillverkad helt i syntetmaterial. F\u00f6r anslutning p\u00e5 universalf\u00e4ste. Visar snabbt diametern fr\u00e5n 3 mm till 16 mm.<\/p>\n","protected":false},"featured_media":10238,"comment_status":"closed","ping_status":"closed","template":"","meta":{"_acf_changed":false},"product_brand":[],"product_cat":[35],"product_tag":[],"class_list":{"0":"post-10237","1":"product","2":"type-product","3":"status-publish","4":"has-post-thumbnail","6":"product_cat-ams-hsp","8":"first","9":"instock","10":"shipping-taxable","11":"product-type-simple"},"acf":[],"yoast_head":"<!-- This site is optimized with the Yoast SEO plugin v27.5 - https:\/\/yoast.com\/product\/yoast-seo-wordpress\/ -->\n<title>Linaream\u00e4tare LWA640 &#8211; Ragnar St\u00e5lskog<\/title>\n<meta name=\"description\" content=\"LWA 640 Linaream\u00e4tare. Tillverkad helt i syntetmaterial. F\u00f6r anslutning p\u00e5 universalf\u00e4ste. Visar snabbt diametern fr\u00e5n 3 mm till 16 mm.\" \/>\n<meta name=\"robots\" content=\"index, follow, max-snippet:-1, max-image-preview:large, max-video-preview:-1\" \/>\n<link rel=\"canonical\" href=\"https:\/\/www.stalskog.se\/de\/produkte\/linareamatare-lwa640\/\" \/>\n<meta property=\"og:locale\" content=\"de_DE\" \/>\n<meta property=\"og:type\" content=\"article\" \/>\n<meta property=\"og:title\" content=\"Linaream\u00e4tare LWA640 &#8211; Ragnar St\u00e5lskog\" \/>\n<meta property=\"og:description\" content=\"LWA 640 Linaream\u00e4tare. Tillverkad helt i syntetmaterial. F\u00f6r anslutning p\u00e5 universalf\u00e4ste. Visar snabbt diametern fr\u00e5n 3 mm till 16 mm.\" \/>\n<meta property=\"og:url\" content=\"https:\/\/www.stalskog.se\/de\/produkte\/linareamatare-lwa640\/\" \/>\n<meta property=\"og:site_name\" content=\"Ragnar St\u00e5lskog\" \/>\n<meta property=\"og:image\" content=\"https:\/\/www.stalskog.se\/wp-content\/uploads\/2022\/06\/ams_lerc_conductor_gauge.jpg\" \/>\n\t<meta property=\"og:image:width\" content=\"439\" \/>\n\t<meta property=\"og:image:height\" content=\"97\" \/>\n\t<meta property=\"og:image:type\" content=\"image\/jpeg\" \/>\n<meta name=\"twitter:card\" content=\"summary_large_image\" \/>\n<meta name=\"twitter:label1\" content=\"Gesch\u00e4tzte Lesezeit\" \/>\n\t<meta name=\"twitter:data1\" content=\"1\u00a0Minute\" \/>\n<script type=\"application\/ld+json\" class=\"yoast-schema-graph\">{\"@context\":\"https:\\\/\\\/schema.org\",\"@graph\":[{\"@type\":\"WebPage\",\"@id\":\"https:\\\/\\\/www.stalskog.se\\\/de\\\/produkte\\\/linareamatare-lwa640\\\/\",\"url\":\"https:\\\/\\\/www.stalskog.se\\\/de\\\/produkte\\\/linareamatare-lwa640\\\/\",\"name\":\"Linaream\u00e4tare LWA640 &#8211; Ragnar St\u00e5lskog\",\"isPartOf\":{\"@id\":\"https:\\\/\\\/www.stalskog.se\\\/de\\\/#website\"},\"primaryImageOfPage\":{\"@id\":\"https:\\\/\\\/www.stalskog.se\\\/de\\\/produkte\\\/linareamatare-lwa640\\\/#primaryimage\"},\"image\":{\"@id\":\"https:\\\/\\\/www.stalskog.se\\\/de\\\/produkte\\\/linareamatare-lwa640\\\/#primaryimage\"},\"thumbnailUrl\":\"https:\\\/\\\/www.stalskog.se\\\/wp-content\\\/uploads\\\/2022\\\/06\\\/ams_lerc_conductor_gauge.jpg\",\"datePublished\":\"2022-06-03T17:26:04+00:00\",\"description\":\"LWA 640 Linaream\u00e4tare. Tillverkad helt i syntetmaterial. F\u00f6r anslutning p\u00e5 universalf\u00e4ste. Visar snabbt diametern fr\u00e5n 3 mm till 16 mm.\",\"breadcrumb\":{\"@id\":\"https:\\\/\\\/www.stalskog.se\\\/de\\\/produkte\\\/linareamatare-lwa640\\\/#breadcrumb\"},\"inLanguage\":\"de\",\"potentialAction\":[{\"@type\":\"ReadAction\",\"target\":[\"https:\\\/\\\/www.stalskog.se\\\/de\\\/produkte\\\/linareamatare-lwa640\\\/\"]}]},{\"@type\":\"ImageObject\",\"inLanguage\":\"de\",\"@id\":\"https:\\\/\\\/www.stalskog.se\\\/de\\\/produkte\\\/linareamatare-lwa640\\\/#primaryimage\",\"url\":\"https:\\\/\\\/www.stalskog.se\\\/wp-content\\\/uploads\\\/2022\\\/06\\\/ams_lerc_conductor_gauge.jpg\",\"contentUrl\":\"https:\\\/\\\/www.stalskog.se\\\/wp-content\\\/uploads\\\/2022\\\/06\\\/ams_lerc_conductor_gauge.jpg\",\"width\":439,\"height\":97},{\"@type\":\"BreadcrumbList\",\"@id\":\"https:\\\/\\\/www.stalskog.se\\\/de\\\/produkte\\\/linareamatare-lwa640\\\/#breadcrumb\",\"itemListElement\":[{\"@type\":\"ListItem\",\"position\":1,\"name\":\"Hem\",\"item\":\"https:\\\/\\\/www.stalskog.se\\\/de\\\/\"},{\"@type\":\"ListItem\",\"position\":2,\"name\":\"Produkter\",\"item\":\"https:\\\/\\\/www.stalskog.se\\\/?page_id=3235\"},{\"@type\":\"ListItem\",\"position\":3,\"name\":\"12. Live Working\",\"item\":\"https:\\\/\\\/www.stalskog.se\\\/de\\\/kategorie\\\/12-live-working-de\\\/\"},{\"@type\":\"ListItem\",\"position\":4,\"name\":\"Linaream\u00e4tare LWA640\"}]},{\"@type\":\"WebSite\",\"@id\":\"https:\\\/\\\/www.stalskog.se\\\/de\\\/#website\",\"url\":\"https:\\\/\\\/www.stalskog.se\\\/de\\\/\",\"name\":\"Ragnar St\u00e5lskog\",\"description\":\"\",\"publisher\":{\"@id\":\"https:\\\/\\\/www.stalskog.se\\\/de\\\/#organization\"},\"potentialAction\":[{\"@type\":\"SearchAction\",\"target\":{\"@type\":\"EntryPoint\",\"urlTemplate\":\"https:\\\/\\\/www.stalskog.se\\\/de\\\/?s={search_term_string}\"},\"query-input\":{\"@type\":\"PropertyValueSpecification\",\"valueRequired\":true,\"valueName\":\"search_term_string\"}}],\"inLanguage\":\"de\"},{\"@type\":\"Organization\",\"@id\":\"https:\\\/\\\/www.stalskog.se\\\/de\\\/#organization\",\"name\":\"Ragnar St\u00e5lskog\",\"url\":\"https:\\\/\\\/www.stalskog.se\\\/de\\\/\",\"logo\":{\"@type\":\"ImageObject\",\"inLanguage\":\"de\",\"@id\":\"https:\\\/\\\/www.stalskog.se\\\/de\\\/#\\\/schema\\\/logo\\\/image\\\/\",\"url\":\"https:\\\/\\\/www.stalskog.se\\\/wp-content\\\/uploads\\\/2022\\\/03\\\/logo_o.png\",\"contentUrl\":\"https:\\\/\\\/www.stalskog.se\\\/wp-content\\\/uploads\\\/2022\\\/03\\\/logo_o.png\",\"width\":410,\"height\":99,\"caption\":\"Ragnar St\u00e5lskog\"},\"image\":{\"@id\":\"https:\\\/\\\/www.stalskog.se\\\/de\\\/#\\\/schema\\\/logo\\\/image\\\/\"}}]}<\/script>\n<!-- \/ Yoast SEO plugin. -->","yoast_head_json":{"title":"Linaream\u00e4tare LWA640 &#8211; Ragnar St\u00e5lskog","description":"LWA 640 Linaream\u00e4tare. Tillverkad helt i syntetmaterial. F\u00f6r anslutning p\u00e5 universalf\u00e4ste. Visar snabbt diametern fr\u00e5n 3 mm till 16 mm.","robots":{"index":"index","follow":"follow","max-snippet":"max-snippet:-1","max-image-preview":"max-image-preview:large","max-video-preview":"max-video-preview:-1"},"canonical":"https:\/\/www.stalskog.se\/de\/produkte\/linareamatare-lwa640\/","og_locale":"de_DE","og_type":"article","og_title":"Linaream\u00e4tare LWA640 &#8211; Ragnar St\u00e5lskog","og_description":"LWA 640 Linaream\u00e4tare. Tillverkad helt i syntetmaterial. F\u00f6r anslutning p\u00e5 universalf\u00e4ste. Visar snabbt diametern fr\u00e5n 3 mm till 16 mm.","og_url":"https:\/\/www.stalskog.se\/de\/produkte\/linareamatare-lwa640\/","og_site_name":"Ragnar St\u00e5lskog","og_image":[{"width":439,"height":97,"url":"https:\/\/www.stalskog.se\/wp-content\/uploads\/2022\/06\/ams_lerc_conductor_gauge.jpg","type":"image\/jpeg"}],"twitter_card":"summary_large_image","twitter_misc":{"Gesch\u00e4tzte Lesezeit":"1\u00a0Minute"},"schema":{"@context":"https:\/\/schema.org","@graph":[{"@type":"WebPage","@id":"https:\/\/www.stalskog.se\/de\/produkte\/linareamatare-lwa640\/","url":"https:\/\/www.stalskog.se\/de\/produkte\/linareamatare-lwa640\/","name":"Linaream\u00e4tare LWA640 &#8211; Ragnar St\u00e5lskog","isPartOf":{"@id":"https:\/\/www.stalskog.se\/de\/#website"},"primaryImageOfPage":{"@id":"https:\/\/www.stalskog.se\/de\/produkte\/linareamatare-lwa640\/#primaryimage"},"image":{"@id":"https:\/\/www.stalskog.se\/de\/produkte\/linareamatare-lwa640\/#primaryimage"},"thumbnailUrl":"https:\/\/www.stalskog.se\/wp-content\/uploads\/2022\/06\/ams_lerc_conductor_gauge.jpg","datePublished":"2022-06-03T17:26:04+00:00","description":"LWA 640 Linaream\u00e4tare. Tillverkad helt i syntetmaterial. F\u00f6r anslutning p\u00e5 universalf\u00e4ste. Visar snabbt diametern fr\u00e5n 3 mm till 16 mm.","breadcrumb":{"@id":"https:\/\/www.stalskog.se\/de\/produkte\/linareamatare-lwa640\/#breadcrumb"},"inLanguage":"de","potentialAction":[{"@type":"ReadAction","target":["https:\/\/www.stalskog.se\/de\/produkte\/linareamatare-lwa640\/"]}]},{"@type":"ImageObject","inLanguage":"de","@id":"https:\/\/www.stalskog.se\/de\/produkte\/linareamatare-lwa640\/#primaryimage","url":"https:\/\/www.stalskog.se\/wp-content\/uploads\/2022\/06\/ams_lerc_conductor_gauge.jpg","contentUrl":"https:\/\/www.stalskog.se\/wp-content\/uploads\/2022\/06\/ams_lerc_conductor_gauge.jpg","width":439,"height":97},{"@type":"BreadcrumbList","@id":"https:\/\/www.stalskog.se\/de\/produkte\/linareamatare-lwa640\/#breadcrumb","itemListElement":[{"@type":"ListItem","position":1,"name":"Hem","item":"https:\/\/www.stalskog.se\/de\/"},{"@type":"ListItem","position":2,"name":"Produkter","item":"https:\/\/www.stalskog.se\/?page_id=3235"},{"@type":"ListItem","position":3,"name":"12. Live Working","item":"https:\/\/www.stalskog.se\/de\/kategorie\/12-live-working-de\/"},{"@type":"ListItem","position":4,"name":"Linaream\u00e4tare LWA640"}]},{"@type":"WebSite","@id":"https:\/\/www.stalskog.se\/de\/#website","url":"https:\/\/www.stalskog.se\/de\/","name":"Ragnar St\u00e5lskog","description":"","publisher":{"@id":"https:\/\/www.stalskog.se\/de\/#organization"},"potentialAction":[{"@type":"SearchAction","target":{"@type":"EntryPoint","urlTemplate":"https:\/\/www.stalskog.se\/de\/?s={search_term_string}"},"query-input":{"@type":"PropertyValueSpecification","valueRequired":true,"valueName":"search_term_string"}}],"inLanguage":"de"},{"@type":"Organization","@id":"https:\/\/www.stalskog.se\/de\/#organization","name":"Ragnar St\u00e5lskog","url":"https:\/\/www.stalskog.se\/de\/","logo":{"@type":"ImageObject","inLanguage":"de","@id":"https:\/\/www.stalskog.se\/de\/#\/schema\/logo\/image\/","url":"https:\/\/www.stalskog.se\/wp-content\/uploads\/2022\/03\/logo_o.png","contentUrl":"https:\/\/www.stalskog.se\/wp-content\/uploads\/2022\/03\/logo_o.png","width":410,"height":99,"caption":"Ragnar St\u00e5lskog"},"image":{"@id":"https:\/\/www.stalskog.se\/de\/#\/schema\/logo\/image\/"}}]}},"_links":{"self":[{"href":"https:\/\/www.stalskog.se\/de\/wp-json\/wp\/v2\/product\/10237","targetHints":{"allow":["GET"]}}],"collection":[{"href":"https:\/\/www.stalskog.se\/de\/wp-json\/wp\/v2\/product"}],"about":[{"href":"https:\/\/www.stalskog.se\/de\/wp-json\/wp\/v2\/types\/product"}],"replies":[{"embeddable":true,"href":"https:\/\/www.stalskog.se\/de\/wp-json\/wp\/v2\/comments?post=10237"}],"wp:featuredmedia":[{"embeddable":true,"href":"https:\/\/www.stalskog.se\/de\/wp-json\/wp\/v2\/media\/10238"}],"wp:attachment":[{"href":"https:\/\/www.stalskog.se\/de\/wp-json\/wp\/v2\/media?parent=10237"}],"wp:term":[{"taxonomy":"product_brand","embeddable":true,"href":"https:\/\/www.stalskog.se\/de\/wp-json\/wp\/v2\/product_brand?post=10237"},{"taxonomy":"product_cat","embeddable":true,"href":"https:\/\/www.stalskog.se\/de\/wp-json\/wp\/v2\/product_cat?post=10237"},{"taxonomy":"product_tag","embeddable":true,"href":"https:\/\/www.stalskog.se\/de\/wp-json\/wp\/v2\/product_tag?post=10237"}],"curies":[{"name":"wp","href":"https:\/\/api.w.org\/{rel}","templated":true}]}}