{"id":10369,"date":"2022-06-04T12:28:40","date_gmt":"2022-06-04T12:28:40","guid":{"rendered":"https:\/\/www.stalskog.se\/?post_type=product&#038;p=10369"},"modified":"2022-06-04T12:28:40","modified_gmt":"2022-06-04T12:28:40","slug":"glasfiberarmerade-ror-gvr","status":"publish","type":"product","link":"https:\/\/www.stalskog.se\/de\/produkte\/glasfiberarmerade-ror-gvr\/","title":{"rendered":"Glasfiberarmerade r\u00f6r GVR"},"content":{"rendered":"<p>Glasfiberarmerade r\u00f6r typ GVR<br \/>\nRaka glasfiberarmerade polyester- eller vinylesterr\u00f6r. Ytterdiameter: 17 &#8211; 100 mm. F\u00e4rger gul, orange, bl\u00e5, r\u00f6d, gr\u00f6n m fl.<\/p>\n<p>Egenskaper: h\u00f6g elektrisk isolationsh\u00e5llfasthet, l\u00e5g vikt, vrid och b\u00f6jt\u00e5liga.<br \/>\nAnv\u00e4ndningsomr\u00e5de: handtag, skaft, st\u00e4nger, stag, master etc.<\/p>\n<p>Kontakta oss f\u00f6r mer information.<\/p>\n","protected":false},"excerpt":{"rendered":"<p>Glasfiberarmerade r\u00f6r typ GVR Raka glasfiberarmerade polyester- eller vinylesterr\u00f6r. Ytterdiameter: 17 &#8211; 100 mm. F\u00e4rger gul, orange, bl\u00e5, r\u00f6d, gr\u00f6n m fl. Egenskaper: h\u00f6g elektrisk isolationsh\u00e5llfasthet, l\u00e5g vikt, vrid och b\u00f6jt\u00e5liga. Anv\u00e4ndningsomr\u00e5de: handtag, skaft, st\u00e4nger, stag, master etc. Kontakta oss f\u00f6r mer information.<\/p>\n","protected":false},"featured_media":10370,"comment_status":"closed","ping_status":"closed","template":"","meta":{"_acf_changed":false},"product_brand":[],"product_cat":[37],"product_tag":[],"class_list":{"0":"post-10369","1":"product","2":"type-product","3":"status-publish","4":"has-post-thumbnail","6":"product_cat-ovriga-produkter","8":"first","9":"instock","10":"shipping-taxable","11":"product-type-simple"},"acf":[],"yoast_head":"<!-- This site is optimized with the Yoast SEO plugin v27.5 - https:\/\/yoast.com\/product\/yoast-seo-wordpress\/ -->\n<title>Glasfiberarmerade r\u00f6r GVR &#8211; Ragnar St\u00e5lskog<\/title>\n<meta name=\"description\" content=\"Glasfiberarmerade r\u00f6r typ GVR Raka glasfiberarmerade polyester- eller vinylesterr\u00f6r. Ytterdiameter: 17 - 100 mm. F\u00e4rger gul, orange, bl\u00e5, r\u00f6d, gr\u00f6n m fl.\" \/>\n<meta name=\"robots\" content=\"index, follow, max-snippet:-1, max-image-preview:large, max-video-preview:-1\" \/>\n<link rel=\"canonical\" href=\"https:\/\/www.stalskog.se\/de\/produkte\/glasfiberarmerade-ror-gvr\/\" \/>\n<meta property=\"og:locale\" content=\"de_DE\" \/>\n<meta property=\"og:type\" content=\"article\" \/>\n<meta property=\"og:title\" content=\"Glasfiberarmerade r\u00f6r GVR &#8211; Ragnar St\u00e5lskog\" \/>\n<meta property=\"og:description\" content=\"Glasfiberarmerade r\u00f6r typ GVR Raka glasfiberarmerade polyester- eller vinylesterr\u00f6r. Ytterdiameter: 17 - 100 mm. F\u00e4rger gul, orange, bl\u00e5, r\u00f6d, gr\u00f6n m fl.\" \/>\n<meta property=\"og:url\" content=\"https:\/\/www.stalskog.se\/de\/produkte\/glasfiberarmerade-ror-gvr\/\" \/>\n<meta property=\"og:site_name\" content=\"Ragnar St\u00e5lskog\" \/>\n<meta property=\"og:image\" content=\"https:\/\/www.stalskog.se\/wp-content\/uploads\/2022\/06\/ror.jpg\" \/>\n\t<meta property=\"og:image:width\" content=\"200\" \/>\n\t<meta property=\"og:image:height\" content=\"287\" \/>\n\t<meta property=\"og:image:type\" content=\"image\/jpeg\" \/>\n<meta name=\"twitter:card\" content=\"summary_large_image\" \/>\n<script type=\"application\/ld+json\" class=\"yoast-schema-graph\">{\"@context\":\"https:\\\/\\\/schema.org\",\"@graph\":[{\"@type\":\"WebPage\",\"@id\":\"https:\\\/\\\/www.stalskog.se\\\/de\\\/produkte\\\/glasfiberarmerade-ror-gvr\\\/\",\"url\":\"https:\\\/\\\/www.stalskog.se\\\/de\\\/produkte\\\/glasfiberarmerade-ror-gvr\\\/\",\"name\":\"Glasfiberarmerade r\u00f6r GVR &#8211; Ragnar St\u00e5lskog\",\"isPartOf\":{\"@id\":\"https:\\\/\\\/www.stalskog.se\\\/de\\\/#website\"},\"primaryImageOfPage\":{\"@id\":\"https:\\\/\\\/www.stalskog.se\\\/de\\\/produkte\\\/glasfiberarmerade-ror-gvr\\\/#primaryimage\"},\"image\":{\"@id\":\"https:\\\/\\\/www.stalskog.se\\\/de\\\/produkte\\\/glasfiberarmerade-ror-gvr\\\/#primaryimage\"},\"thumbnailUrl\":\"https:\\\/\\\/www.stalskog.se\\\/wp-content\\\/uploads\\\/2022\\\/06\\\/ror.jpg\",\"datePublished\":\"2022-06-04T12:28:40+00:00\",\"description\":\"Glasfiberarmerade r\u00f6r typ GVR Raka glasfiberarmerade polyester- eller vinylesterr\u00f6r. Ytterdiameter: 17 - 100 mm. F\u00e4rger gul, orange, bl\u00e5, r\u00f6d, gr\u00f6n m fl.\",\"breadcrumb\":{\"@id\":\"https:\\\/\\\/www.stalskog.se\\\/de\\\/produkte\\\/glasfiberarmerade-ror-gvr\\\/#breadcrumb\"},\"inLanguage\":\"de\",\"potentialAction\":[{\"@type\":\"ReadAction\",\"target\":[\"https:\\\/\\\/www.stalskog.se\\\/de\\\/produkte\\\/glasfiberarmerade-ror-gvr\\\/\"]}]},{\"@type\":\"ImageObject\",\"inLanguage\":\"de\",\"@id\":\"https:\\\/\\\/www.stalskog.se\\\/de\\\/produkte\\\/glasfiberarmerade-ror-gvr\\\/#primaryimage\",\"url\":\"https:\\\/\\\/www.stalskog.se\\\/wp-content\\\/uploads\\\/2022\\\/06\\\/ror.jpg\",\"contentUrl\":\"https:\\\/\\\/www.stalskog.se\\\/wp-content\\\/uploads\\\/2022\\\/06\\\/ror.jpg\",\"width\":200,\"height\":287},{\"@type\":\"BreadcrumbList\",\"@id\":\"https:\\\/\\\/www.stalskog.se\\\/de\\\/produkte\\\/glasfiberarmerade-ror-gvr\\\/#breadcrumb\",\"itemListElement\":[{\"@type\":\"ListItem\",\"position\":1,\"name\":\"Hem\",\"item\":\"https:\\\/\\\/www.stalskog.se\\\/de\\\/\"},{\"@type\":\"ListItem\",\"position\":2,\"name\":\"Produkter\",\"item\":\"https:\\\/\\\/www.stalskog.se\\\/?page_id=3235\"},{\"@type\":\"ListItem\",\"position\":3,\"name\":\"15. Other products\",\"item\":\"https:\\\/\\\/www.stalskog.se\\\/de\\\/kategorie\\\/other-products-de\\\/\"},{\"@type\":\"ListItem\",\"position\":4,\"name\":\"Glasfiberarmerade r\u00f6r GVR\"}]},{\"@type\":\"WebSite\",\"@id\":\"https:\\\/\\\/www.stalskog.se\\\/de\\\/#website\",\"url\":\"https:\\\/\\\/www.stalskog.se\\\/de\\\/\",\"name\":\"Ragnar St\u00e5lskog\",\"description\":\"\",\"publisher\":{\"@id\":\"https:\\\/\\\/www.stalskog.se\\\/de\\\/#organization\"},\"potentialAction\":[{\"@type\":\"SearchAction\",\"target\":{\"@type\":\"EntryPoint\",\"urlTemplate\":\"https:\\\/\\\/www.stalskog.se\\\/de\\\/?s={search_term_string}\"},\"query-input\":{\"@type\":\"PropertyValueSpecification\",\"valueRequired\":true,\"valueName\":\"search_term_string\"}}],\"inLanguage\":\"de\"},{\"@type\":\"Organization\",\"@id\":\"https:\\\/\\\/www.stalskog.se\\\/de\\\/#organization\",\"name\":\"Ragnar St\u00e5lskog\",\"url\":\"https:\\\/\\\/www.stalskog.se\\\/de\\\/\",\"logo\":{\"@type\":\"ImageObject\",\"inLanguage\":\"de\",\"@id\":\"https:\\\/\\\/www.stalskog.se\\\/de\\\/#\\\/schema\\\/logo\\\/image\\\/\",\"url\":\"https:\\\/\\\/www.stalskog.se\\\/wp-content\\\/uploads\\\/2022\\\/03\\\/logo_o.png\",\"contentUrl\":\"https:\\\/\\\/www.stalskog.se\\\/wp-content\\\/uploads\\\/2022\\\/03\\\/logo_o.png\",\"width\":410,\"height\":99,\"caption\":\"Ragnar St\u00e5lskog\"},\"image\":{\"@id\":\"https:\\\/\\\/www.stalskog.se\\\/de\\\/#\\\/schema\\\/logo\\\/image\\\/\"}}]}<\/script>\n<!-- \/ Yoast SEO plugin. -->","yoast_head_json":{"title":"Glasfiberarmerade r\u00f6r GVR &#8211; Ragnar St\u00e5lskog","description":"Glasfiberarmerade r\u00f6r typ GVR Raka glasfiberarmerade polyester- eller vinylesterr\u00f6r. Ytterdiameter: 17 - 100 mm. F\u00e4rger gul, orange, bl\u00e5, r\u00f6d, gr\u00f6n m fl.","robots":{"index":"index","follow":"follow","max-snippet":"max-snippet:-1","max-image-preview":"max-image-preview:large","max-video-preview":"max-video-preview:-1"},"canonical":"https:\/\/www.stalskog.se\/de\/produkte\/glasfiberarmerade-ror-gvr\/","og_locale":"de_DE","og_type":"article","og_title":"Glasfiberarmerade r\u00f6r GVR &#8211; Ragnar St\u00e5lskog","og_description":"Glasfiberarmerade r\u00f6r typ GVR Raka glasfiberarmerade polyester- eller vinylesterr\u00f6r. Ytterdiameter: 17 - 100 mm. F\u00e4rger gul, orange, bl\u00e5, r\u00f6d, gr\u00f6n m fl.","og_url":"https:\/\/www.stalskog.se\/de\/produkte\/glasfiberarmerade-ror-gvr\/","og_site_name":"Ragnar St\u00e5lskog","og_image":[{"width":200,"height":287,"url":"https:\/\/www.stalskog.se\/wp-content\/uploads\/2022\/06\/ror.jpg","type":"image\/jpeg"}],"twitter_card":"summary_large_image","schema":{"@context":"https:\/\/schema.org","@graph":[{"@type":"WebPage","@id":"https:\/\/www.stalskog.se\/de\/produkte\/glasfiberarmerade-ror-gvr\/","url":"https:\/\/www.stalskog.se\/de\/produkte\/glasfiberarmerade-ror-gvr\/","name":"Glasfiberarmerade r\u00f6r GVR &#8211; Ragnar St\u00e5lskog","isPartOf":{"@id":"https:\/\/www.stalskog.se\/de\/#website"},"primaryImageOfPage":{"@id":"https:\/\/www.stalskog.se\/de\/produkte\/glasfiberarmerade-ror-gvr\/#primaryimage"},"image":{"@id":"https:\/\/www.stalskog.se\/de\/produkte\/glasfiberarmerade-ror-gvr\/#primaryimage"},"thumbnailUrl":"https:\/\/www.stalskog.se\/wp-content\/uploads\/2022\/06\/ror.jpg","datePublished":"2022-06-04T12:28:40+00:00","description":"Glasfiberarmerade r\u00f6r typ GVR Raka glasfiberarmerade polyester- eller vinylesterr\u00f6r. Ytterdiameter: 17 - 100 mm. F\u00e4rger gul, orange, bl\u00e5, r\u00f6d, gr\u00f6n m fl.","breadcrumb":{"@id":"https:\/\/www.stalskog.se\/de\/produkte\/glasfiberarmerade-ror-gvr\/#breadcrumb"},"inLanguage":"de","potentialAction":[{"@type":"ReadAction","target":["https:\/\/www.stalskog.se\/de\/produkte\/glasfiberarmerade-ror-gvr\/"]}]},{"@type":"ImageObject","inLanguage":"de","@id":"https:\/\/www.stalskog.se\/de\/produkte\/glasfiberarmerade-ror-gvr\/#primaryimage","url":"https:\/\/www.stalskog.se\/wp-content\/uploads\/2022\/06\/ror.jpg","contentUrl":"https:\/\/www.stalskog.se\/wp-content\/uploads\/2022\/06\/ror.jpg","width":200,"height":287},{"@type":"BreadcrumbList","@id":"https:\/\/www.stalskog.se\/de\/produkte\/glasfiberarmerade-ror-gvr\/#breadcrumb","itemListElement":[{"@type":"ListItem","position":1,"name":"Hem","item":"https:\/\/www.stalskog.se\/de\/"},{"@type":"ListItem","position":2,"name":"Produkter","item":"https:\/\/www.stalskog.se\/?page_id=3235"},{"@type":"ListItem","position":3,"name":"15. Other products","item":"https:\/\/www.stalskog.se\/de\/kategorie\/other-products-de\/"},{"@type":"ListItem","position":4,"name":"Glasfiberarmerade r\u00f6r GVR"}]},{"@type":"WebSite","@id":"https:\/\/www.stalskog.se\/de\/#website","url":"https:\/\/www.stalskog.se\/de\/","name":"Ragnar St\u00e5lskog","description":"","publisher":{"@id":"https:\/\/www.stalskog.se\/de\/#organization"},"potentialAction":[{"@type":"SearchAction","target":{"@type":"EntryPoint","urlTemplate":"https:\/\/www.stalskog.se\/de\/?s={search_term_string}"},"query-input":{"@type":"PropertyValueSpecification","valueRequired":true,"valueName":"search_term_string"}}],"inLanguage":"de"},{"@type":"Organization","@id":"https:\/\/www.stalskog.se\/de\/#organization","name":"Ragnar St\u00e5lskog","url":"https:\/\/www.stalskog.se\/de\/","logo":{"@type":"ImageObject","inLanguage":"de","@id":"https:\/\/www.stalskog.se\/de\/#\/schema\/logo\/image\/","url":"https:\/\/www.stalskog.se\/wp-content\/uploads\/2022\/03\/logo_o.png","contentUrl":"https:\/\/www.stalskog.se\/wp-content\/uploads\/2022\/03\/logo_o.png","width":410,"height":99,"caption":"Ragnar St\u00e5lskog"},"image":{"@id":"https:\/\/www.stalskog.se\/de\/#\/schema\/logo\/image\/"}}]}},"_links":{"self":[{"href":"https:\/\/www.stalskog.se\/de\/wp-json\/wp\/v2\/product\/10369","targetHints":{"allow":["GET"]}}],"collection":[{"href":"https:\/\/www.stalskog.se\/de\/wp-json\/wp\/v2\/product"}],"about":[{"href":"https:\/\/www.stalskog.se\/de\/wp-json\/wp\/v2\/types\/product"}],"replies":[{"embeddable":true,"href":"https:\/\/www.stalskog.se\/de\/wp-json\/wp\/v2\/comments?post=10369"}],"wp:featuredmedia":[{"embeddable":true,"href":"https:\/\/www.stalskog.se\/de\/wp-json\/wp\/v2\/media\/10370"}],"wp:attachment":[{"href":"https:\/\/www.stalskog.se\/de\/wp-json\/wp\/v2\/media?parent=10369"}],"wp:term":[{"taxonomy":"product_brand","embeddable":true,"href":"https:\/\/www.stalskog.se\/de\/wp-json\/wp\/v2\/product_brand?post=10369"},{"taxonomy":"product_cat","embeddable":true,"href":"https:\/\/www.stalskog.se\/de\/wp-json\/wp\/v2\/product_cat?post=10369"},{"taxonomy":"product_tag","embeddable":true,"href":"https:\/\/www.stalskog.se\/de\/wp-json\/wp\/v2\/product_tag?post=10369"}],"curies":[{"name":"wp","href":"https:\/\/api.w.org\/{rel}","templated":true}]}}