{"id":12173,"date":"2024-01-09T09:33:11","date_gmt":"2024-01-09T09:33:11","guid":{"rendered":"https:\/\/www.stalskog.se\/?post_type=product&#038;p=12173"},"modified":"2024-02-29T10:29:19","modified_gmt":"2024-02-29T10:29:19","slug":"jkadr","status":"publish","type":"product","link":"https:\/\/www.stalskog.se\/de\/produkte\/jkadr\/","title":{"rendered":"JKADR"},"content":{"rendered":"<p>Jordningsdon JKADR10-X1-JKADR10\/25 f\u00f6r jordning av kabelsk\u00e5p 400-630A, typ ABB Kabeldons CDC-sk\u00e5p. Jordningsdonet best\u00e5r av anslutningskl\u00e4mmor, grenstycke och 25 mm\u00b2 donlina.<\/p>\n<p>Jordningsdonets anslutningar best\u00e5r av ABB Kabeldons anslutningsdon ADR 10 (liknande AD 70) vilket g\u00f6r att \u201dT-handtag\u201d kan anv\u00e4ndas f\u00f6r att skruva fast anslutningsdonet mot skena.<\/p>\n","protected":false},"excerpt":{"rendered":"<p>Jordningsdon JKADR10-X1-JKADR10\/25 f\u00f6r jordning av kabelsk\u00e5p 400-630A, typ ABB Kabeldons CDC-sk\u00e5p. Jordningsdonet best\u00e5r av anslutningskl\u00e4mmor, grenstycke och 25 mm\u00b2 donlina. Jordningsdonets anslutningar best\u00e5r av ABB Kabeldons anslutningsdon ADR 10 (liknande AD 70) vilket g\u00f6r att \u201dT-handtag\u201d kan anv\u00e4ndas f\u00f6r att skruva fast anslutningsdonet mot skena.<\/p>\n","protected":false},"featured_media":12174,"comment_status":"closed","ping_status":"closed","template":"","meta":{"_acf_changed":false},"product_brand":[],"product_cat":[148],"product_tag":[],"class_list":{"0":"post-12173","1":"product","2":"type-product","3":"status-publish","4":"has-post-thumbnail","6":"product_cat-ovrigt","8":"first","9":"instock","10":"featured","11":"shipping-taxable","12":"product-type-simple"},"acf":[],"yoast_head":"<!-- This site is optimized with the Yoast SEO plugin v27.5 - https:\/\/yoast.com\/product\/yoast-seo-wordpress\/ -->\n<title>JKADR &#8211; Ragnar St\u00e5lskog<\/title>\n<meta name=\"description\" content=\"Jordningsdon JKADR10-X1-JKADR10\/25 f\u00f6r jordning av kabelsk\u00e5p 400-630A, typ ABB Kabeldons CDC-sk\u00e5p. Jordningsdonet best\u00e5r av anslutningskl\u00e4mmor, grenstycke\" \/>\n<meta name=\"robots\" content=\"index, follow, max-snippet:-1, max-image-preview:large, max-video-preview:-1\" \/>\n<link rel=\"canonical\" href=\"https:\/\/www.stalskog.se\/de\/produkte\/jkadr\/\" \/>\n<meta property=\"og:locale\" content=\"de_DE\" \/>\n<meta property=\"og:type\" content=\"article\" \/>\n<meta property=\"og:title\" content=\"JKADR &#8211; Ragnar St\u00e5lskog\" \/>\n<meta property=\"og:description\" content=\"Jordningsdon JKADR10-X1-JKADR10\/25 f\u00f6r jordning av kabelsk\u00e5p 400-630A, typ ABB Kabeldons CDC-sk\u00e5p. Jordningsdonet best\u00e5r av anslutningskl\u00e4mmor, grenstycke\" \/>\n<meta property=\"og:url\" content=\"https:\/\/www.stalskog.se\/de\/produkte\/jkadr\/\" \/>\n<meta property=\"og:site_name\" content=\"Ragnar St\u00e5lskog\" \/>\n<meta property=\"article:modified_time\" content=\"2024-02-29T10:29:19+00:00\" \/>\n<meta property=\"og:image\" content=\"https:\/\/www.stalskog.se\/wp-content\/uploads\/2024\/01\/JKADR_skap.jpg\" \/>\n\t<meta property=\"og:image:width\" content=\"255\" \/>\n\t<meta property=\"og:image:height\" content=\"424\" \/>\n\t<meta property=\"og:image:type\" content=\"image\/jpeg\" \/>\n<meta name=\"twitter:card\" content=\"summary_large_image\" \/>\n<script type=\"application\/ld+json\" class=\"yoast-schema-graph\">{\"@context\":\"https:\\\/\\\/schema.org\",\"@graph\":[{\"@type\":\"WebPage\",\"@id\":\"https:\\\/\\\/www.stalskog.se\\\/de\\\/produkte\\\/jkadr\\\/\",\"url\":\"https:\\\/\\\/www.stalskog.se\\\/de\\\/produkte\\\/jkadr\\\/\",\"name\":\"JKADR &#8211; Ragnar St\u00e5lskog\",\"isPartOf\":{\"@id\":\"https:\\\/\\\/www.stalskog.se\\\/de\\\/#website\"},\"primaryImageOfPage\":{\"@id\":\"https:\\\/\\\/www.stalskog.se\\\/de\\\/produkte\\\/jkadr\\\/#primaryimage\"},\"image\":{\"@id\":\"https:\\\/\\\/www.stalskog.se\\\/de\\\/produkte\\\/jkadr\\\/#primaryimage\"},\"thumbnailUrl\":\"https:\\\/\\\/www.stalskog.se\\\/wp-content\\\/uploads\\\/2024\\\/01\\\/JKADR_skap.jpg\",\"datePublished\":\"2024-01-09T09:33:11+00:00\",\"dateModified\":\"2024-02-29T10:29:19+00:00\",\"description\":\"Jordningsdon JKADR10-X1-JKADR10\\\/25 f\u00f6r jordning av kabelsk\u00e5p 400-630A, typ ABB Kabeldons CDC-sk\u00e5p. Jordningsdonet best\u00e5r av anslutningskl\u00e4mmor, grenstycke\",\"breadcrumb\":{\"@id\":\"https:\\\/\\\/www.stalskog.se\\\/de\\\/produkte\\\/jkadr\\\/#breadcrumb\"},\"inLanguage\":\"de\",\"potentialAction\":[{\"@type\":\"ReadAction\",\"target\":[\"https:\\\/\\\/www.stalskog.se\\\/de\\\/produkte\\\/jkadr\\\/\"]}]},{\"@type\":\"ImageObject\",\"inLanguage\":\"de\",\"@id\":\"https:\\\/\\\/www.stalskog.se\\\/de\\\/produkte\\\/jkadr\\\/#primaryimage\",\"url\":\"https:\\\/\\\/www.stalskog.se\\\/wp-content\\\/uploads\\\/2024\\\/01\\\/JKADR_skap.jpg\",\"contentUrl\":\"https:\\\/\\\/www.stalskog.se\\\/wp-content\\\/uploads\\\/2024\\\/01\\\/JKADR_skap.jpg\",\"width\":255,\"height\":424},{\"@type\":\"BreadcrumbList\",\"@id\":\"https:\\\/\\\/www.stalskog.se\\\/de\\\/produkte\\\/jkadr\\\/#breadcrumb\",\"itemListElement\":[{\"@type\":\"ListItem\",\"position\":1,\"name\":\"Hem\",\"item\":\"https:\\\/\\\/www.stalskog.se\\\/de\\\/\"},{\"@type\":\"ListItem\",\"position\":2,\"name\":\"Produkter\",\"item\":\"https:\\\/\\\/www.stalskog.se\\\/?page_id=3235\"},{\"@type\":\"ListItem\",\"position\":3,\"name\":\"1. Switchgear\",\"item\":\"https:\\\/\\\/www.stalskog.se\\\/de\\\/kategorie\\\/switchgear-de\\\/\"},{\"@type\":\"ListItem\",\"position\":4,\"name\":\"Misc\",\"item\":\"https:\\\/\\\/www.stalskog.se\\\/de\\\/kategorie\\\/switchgear-de\\\/misc-de\\\/\"},{\"@type\":\"ListItem\",\"position\":5,\"name\":\"JKADR\"}]},{\"@type\":\"WebSite\",\"@id\":\"https:\\\/\\\/www.stalskog.se\\\/de\\\/#website\",\"url\":\"https:\\\/\\\/www.stalskog.se\\\/de\\\/\",\"name\":\"Ragnar St\u00e5lskog\",\"description\":\"\",\"publisher\":{\"@id\":\"https:\\\/\\\/www.stalskog.se\\\/de\\\/#organization\"},\"potentialAction\":[{\"@type\":\"SearchAction\",\"target\":{\"@type\":\"EntryPoint\",\"urlTemplate\":\"https:\\\/\\\/www.stalskog.se\\\/de\\\/?s={search_term_string}\"},\"query-input\":{\"@type\":\"PropertyValueSpecification\",\"valueRequired\":true,\"valueName\":\"search_term_string\"}}],\"inLanguage\":\"de\"},{\"@type\":\"Organization\",\"@id\":\"https:\\\/\\\/www.stalskog.se\\\/de\\\/#organization\",\"name\":\"Ragnar St\u00e5lskog\",\"url\":\"https:\\\/\\\/www.stalskog.se\\\/de\\\/\",\"logo\":{\"@type\":\"ImageObject\",\"inLanguage\":\"de\",\"@id\":\"https:\\\/\\\/www.stalskog.se\\\/de\\\/#\\\/schema\\\/logo\\\/image\\\/\",\"url\":\"https:\\\/\\\/www.stalskog.se\\\/wp-content\\\/uploads\\\/2022\\\/03\\\/logo_o.png\",\"contentUrl\":\"https:\\\/\\\/www.stalskog.se\\\/wp-content\\\/uploads\\\/2022\\\/03\\\/logo_o.png\",\"width\":410,\"height\":99,\"caption\":\"Ragnar St\u00e5lskog\"},\"image\":{\"@id\":\"https:\\\/\\\/www.stalskog.se\\\/de\\\/#\\\/schema\\\/logo\\\/image\\\/\"}}]}<\/script>\n<!-- \/ Yoast SEO plugin. -->","yoast_head_json":{"title":"JKADR &#8211; Ragnar St\u00e5lskog","description":"Jordningsdon JKADR10-X1-JKADR10\/25 f\u00f6r jordning av kabelsk\u00e5p 400-630A, typ ABB Kabeldons CDC-sk\u00e5p. Jordningsdonet best\u00e5r av anslutningskl\u00e4mmor, grenstycke","robots":{"index":"index","follow":"follow","max-snippet":"max-snippet:-1","max-image-preview":"max-image-preview:large","max-video-preview":"max-video-preview:-1"},"canonical":"https:\/\/www.stalskog.se\/de\/produkte\/jkadr\/","og_locale":"de_DE","og_type":"article","og_title":"JKADR &#8211; Ragnar St\u00e5lskog","og_description":"Jordningsdon JKADR10-X1-JKADR10\/25 f\u00f6r jordning av kabelsk\u00e5p 400-630A, typ ABB Kabeldons CDC-sk\u00e5p. Jordningsdonet best\u00e5r av anslutningskl\u00e4mmor, grenstycke","og_url":"https:\/\/www.stalskog.se\/de\/produkte\/jkadr\/","og_site_name":"Ragnar St\u00e5lskog","article_modified_time":"2024-02-29T10:29:19+00:00","og_image":[{"width":255,"height":424,"url":"https:\/\/www.stalskog.se\/wp-content\/uploads\/2024\/01\/JKADR_skap.jpg","type":"image\/jpeg"}],"twitter_card":"summary_large_image","schema":{"@context":"https:\/\/schema.org","@graph":[{"@type":"WebPage","@id":"https:\/\/www.stalskog.se\/de\/produkte\/jkadr\/","url":"https:\/\/www.stalskog.se\/de\/produkte\/jkadr\/","name":"JKADR &#8211; Ragnar St\u00e5lskog","isPartOf":{"@id":"https:\/\/www.stalskog.se\/de\/#website"},"primaryImageOfPage":{"@id":"https:\/\/www.stalskog.se\/de\/produkte\/jkadr\/#primaryimage"},"image":{"@id":"https:\/\/www.stalskog.se\/de\/produkte\/jkadr\/#primaryimage"},"thumbnailUrl":"https:\/\/www.stalskog.se\/wp-content\/uploads\/2024\/01\/JKADR_skap.jpg","datePublished":"2024-01-09T09:33:11+00:00","dateModified":"2024-02-29T10:29:19+00:00","description":"Jordningsdon JKADR10-X1-JKADR10\/25 f\u00f6r jordning av kabelsk\u00e5p 400-630A, typ ABB Kabeldons CDC-sk\u00e5p. Jordningsdonet best\u00e5r av anslutningskl\u00e4mmor, grenstycke","breadcrumb":{"@id":"https:\/\/www.stalskog.se\/de\/produkte\/jkadr\/#breadcrumb"},"inLanguage":"de","potentialAction":[{"@type":"ReadAction","target":["https:\/\/www.stalskog.se\/de\/produkte\/jkadr\/"]}]},{"@type":"ImageObject","inLanguage":"de","@id":"https:\/\/www.stalskog.se\/de\/produkte\/jkadr\/#primaryimage","url":"https:\/\/www.stalskog.se\/wp-content\/uploads\/2024\/01\/JKADR_skap.jpg","contentUrl":"https:\/\/www.stalskog.se\/wp-content\/uploads\/2024\/01\/JKADR_skap.jpg","width":255,"height":424},{"@type":"BreadcrumbList","@id":"https:\/\/www.stalskog.se\/de\/produkte\/jkadr\/#breadcrumb","itemListElement":[{"@type":"ListItem","position":1,"name":"Hem","item":"https:\/\/www.stalskog.se\/de\/"},{"@type":"ListItem","position":2,"name":"Produkter","item":"https:\/\/www.stalskog.se\/?page_id=3235"},{"@type":"ListItem","position":3,"name":"1. Switchgear","item":"https:\/\/www.stalskog.se\/de\/kategorie\/switchgear-de\/"},{"@type":"ListItem","position":4,"name":"Misc","item":"https:\/\/www.stalskog.se\/de\/kategorie\/switchgear-de\/misc-de\/"},{"@type":"ListItem","position":5,"name":"JKADR"}]},{"@type":"WebSite","@id":"https:\/\/www.stalskog.se\/de\/#website","url":"https:\/\/www.stalskog.se\/de\/","name":"Ragnar St\u00e5lskog","description":"","publisher":{"@id":"https:\/\/www.stalskog.se\/de\/#organization"},"potentialAction":[{"@type":"SearchAction","target":{"@type":"EntryPoint","urlTemplate":"https:\/\/www.stalskog.se\/de\/?s={search_term_string}"},"query-input":{"@type":"PropertyValueSpecification","valueRequired":true,"valueName":"search_term_string"}}],"inLanguage":"de"},{"@type":"Organization","@id":"https:\/\/www.stalskog.se\/de\/#organization","name":"Ragnar St\u00e5lskog","url":"https:\/\/www.stalskog.se\/de\/","logo":{"@type":"ImageObject","inLanguage":"de","@id":"https:\/\/www.stalskog.se\/de\/#\/schema\/logo\/image\/","url":"https:\/\/www.stalskog.se\/wp-content\/uploads\/2022\/03\/logo_o.png","contentUrl":"https:\/\/www.stalskog.se\/wp-content\/uploads\/2022\/03\/logo_o.png","width":410,"height":99,"caption":"Ragnar St\u00e5lskog"},"image":{"@id":"https:\/\/www.stalskog.se\/de\/#\/schema\/logo\/image\/"}}]}},"_links":{"self":[{"href":"https:\/\/www.stalskog.se\/de\/wp-json\/wp\/v2\/product\/12173","targetHints":{"allow":["GET"]}}],"collection":[{"href":"https:\/\/www.stalskog.se\/de\/wp-json\/wp\/v2\/product"}],"about":[{"href":"https:\/\/www.stalskog.se\/de\/wp-json\/wp\/v2\/types\/product"}],"replies":[{"embeddable":true,"href":"https:\/\/www.stalskog.se\/de\/wp-json\/wp\/v2\/comments?post=12173"}],"wp:featuredmedia":[{"embeddable":true,"href":"https:\/\/www.stalskog.se\/de\/wp-json\/wp\/v2\/media\/12174"}],"wp:attachment":[{"href":"https:\/\/www.stalskog.se\/de\/wp-json\/wp\/v2\/media?parent=12173"}],"wp:term":[{"taxonomy":"product_brand","embeddable":true,"href":"https:\/\/www.stalskog.se\/de\/wp-json\/wp\/v2\/product_brand?post=12173"},{"taxonomy":"product_cat","embeddable":true,"href":"https:\/\/www.stalskog.se\/de\/wp-json\/wp\/v2\/product_cat?post=12173"},{"taxonomy":"product_tag","embeddable":true,"href":"https:\/\/www.stalskog.se\/de\/wp-json\/wp\/v2\/product_tag?post=12173"}],"curies":[{"name":"wp","href":"https:\/\/api.w.org\/{rel}","templated":true}]}}