{"id":15227,"date":"2022-04-28T11:28:53","date_gmt":"2022-04-28T11:28:53","guid":{"rendered":"https:\/\/www.stalskog.se\/produkt\/ska630\/"},"modified":"2022-04-28T11:28:53","modified_gmt":"2022-04-28T11:28:53","slug":"ska630","status":"publish","type":"product","link":"https:\/\/www.stalskog.se\/de\/produkte\/ska630\/","title":{"rendered":"SKA630"},"content":{"rendered":"<p>Werkzeugsatz f\u00fcr die Erdung von ber\u00fchrungssicheren Kabelendverschl\u00fcssen SKA 630 II<br \/>\nDer Werkzeugsatz Typ SKA 630 II ist f\u00fcr die Erdung von Hochspannungskabelschr\u00e4nken mit ber\u00fchrungssicheren Kabelendverschl\u00fcssen, 630A, bestimmt. Der Werkzeugsatz enth\u00e4lt u.a. Kugelbolzen, Greifzangen, Drehmomentverbinder, H\u00fclsen und einen Inbusschl\u00fcssel zum Entfernen der kapazitiven Teile an den verschiedenen Endverschl\u00fcssen. F\u00fcr die Erdung ist au\u00dferdem ein Erdungsger\u00e4t erforderlich, zum Beispiel das Universal-Erdungsger\u00e4t JK27-X1-JK27V oder JK27-X1-JK27 von R\/S AB.  <\/p>\n","protected":false},"excerpt":{"rendered":"<p>Werkzeugsatz f\u00fcr die Erdung von ber\u00fchrungssicheren Kabelendverschl\u00fcssen SKA 630 II Der Werkzeugsatz Typ SKA 630 II ist f\u00fcr die Erdung von Hochspannungskabelschr\u00e4nken mit ber\u00fchrungssicheren Kabelendverschl\u00fcssen, 630A, bestimmt. Der Werkzeugsatz enth\u00e4lt u.a. Kugelbolzen, Greifzangen, Drehmomentverbinder, H\u00fclsen und einen Inbusschl\u00fcssel zum Entfernen der kapazitiven Teile an den verschiedenen Endverschl\u00fcssen. F\u00fcr die Erdung ist au\u00dferdem ein Erdungsger\u00e4t erforderlich, [&hellip;]<\/p>\n","protected":false},"featured_media":4480,"comment_status":"closed","ping_status":"closed","template":"","meta":{"_acf_changed":false},"product_brand":[],"product_cat":[77,107,151],"product_tag":[],"class_list":{"0":"post-15227","1":"product","2":"type-product","3":"status-publish","4":"has-post-thumbnail","6":"product_cat-switchgear-de","7":"product_cat-other-products-de","8":"product_cat-misc-de","10":"first","11":"instock","12":"shipping-taxable","13":"product-type-simple"},"acf":[],"yoast_head":"<!-- This site is optimized with the Yoast SEO plugin v27.5 - https:\/\/yoast.com\/product\/yoast-seo-wordpress\/ -->\n<title>SKA630 &#8211; Ragnar St\u00e5lskog<\/title>\n<meta name=\"description\" content=\"Werkzeugsatz f\u00fcr die Erdung von ber\u00fchrungssicheren Kabelendverschl\u00fcssen SKA 630 II Der Werkzeugsatz Typ SKA 630 II ist f\u00fcr die Erdung von\" \/>\n<meta name=\"robots\" content=\"index, follow, max-snippet:-1, max-image-preview:large, max-video-preview:-1\" \/>\n<link rel=\"canonical\" href=\"https:\/\/www.stalskog.se\/de\/produkte\/ska630\/\" \/>\n<meta property=\"og:locale\" content=\"de_DE\" \/>\n<meta property=\"og:type\" content=\"article\" \/>\n<meta property=\"og:title\" content=\"SKA630 &#8211; Ragnar St\u00e5lskog\" \/>\n<meta property=\"og:description\" content=\"Werkzeugsatz f\u00fcr die Erdung von ber\u00fchrungssicheren Kabelendverschl\u00fcssen SKA 630 II Der Werkzeugsatz Typ SKA 630 II ist f\u00fcr die Erdung von\" \/>\n<meta property=\"og:url\" content=\"https:\/\/www.stalskog.se\/de\/produkte\/ska630\/\" \/>\n<meta property=\"og:site_name\" content=\"Ragnar St\u00e5lskog\" \/>\n<meta property=\"og:image\" content=\"https:\/\/www.stalskog.se\/wp-content\/uploads\/2022\/04\/ska630_iii_norm.png\" \/>\n\t<meta property=\"og:image:width\" content=\"290\" \/>\n\t<meta property=\"og:image:height\" content=\"300\" \/>\n\t<meta property=\"og:image:type\" content=\"image\/png\" \/>\n<meta name=\"twitter:card\" content=\"summary_large_image\" \/>\n<script type=\"application\/ld+json\" class=\"yoast-schema-graph\">{\"@context\":\"https:\\\/\\\/schema.org\",\"@graph\":[{\"@type\":\"WebPage\",\"@id\":\"https:\\\/\\\/www.stalskog.se\\\/de\\\/produkte\\\/ska630\\\/\",\"url\":\"https:\\\/\\\/www.stalskog.se\\\/de\\\/produkte\\\/ska630\\\/\",\"name\":\"SKA630 &#8211; Ragnar St\u00e5lskog\",\"isPartOf\":{\"@id\":\"https:\\\/\\\/www.stalskog.se\\\/de\\\/#website\"},\"primaryImageOfPage\":{\"@id\":\"https:\\\/\\\/www.stalskog.se\\\/de\\\/produkte\\\/ska630\\\/#primaryimage\"},\"image\":{\"@id\":\"https:\\\/\\\/www.stalskog.se\\\/de\\\/produkte\\\/ska630\\\/#primaryimage\"},\"thumbnailUrl\":\"https:\\\/\\\/www.stalskog.se\\\/wp-content\\\/uploads\\\/2022\\\/04\\\/ska630_iii_norm.png\",\"datePublished\":\"2022-04-28T11:28:53+00:00\",\"description\":\"Werkzeugsatz f\u00fcr die Erdung von ber\u00fchrungssicheren Kabelendverschl\u00fcssen SKA 630 II Der Werkzeugsatz Typ SKA 630 II ist f\u00fcr die Erdung von\",\"breadcrumb\":{\"@id\":\"https:\\\/\\\/www.stalskog.se\\\/de\\\/produkte\\\/ska630\\\/#breadcrumb\"},\"inLanguage\":\"de\",\"potentialAction\":[{\"@type\":\"ReadAction\",\"target\":[\"https:\\\/\\\/www.stalskog.se\\\/de\\\/produkte\\\/ska630\\\/\"]}]},{\"@type\":\"ImageObject\",\"inLanguage\":\"de\",\"@id\":\"https:\\\/\\\/www.stalskog.se\\\/de\\\/produkte\\\/ska630\\\/#primaryimage\",\"url\":\"https:\\\/\\\/www.stalskog.se\\\/wp-content\\\/uploads\\\/2022\\\/04\\\/ska630_iii_norm.png\",\"contentUrl\":\"https:\\\/\\\/www.stalskog.se\\\/wp-content\\\/uploads\\\/2022\\\/04\\\/ska630_iii_norm.png\",\"width\":290,\"height\":300},{\"@type\":\"BreadcrumbList\",\"@id\":\"https:\\\/\\\/www.stalskog.se\\\/de\\\/produkte\\\/ska630\\\/#breadcrumb\",\"itemListElement\":[{\"@type\":\"ListItem\",\"position\":1,\"name\":\"Hem\",\"item\":\"https:\\\/\\\/www.stalskog.se\\\/de\\\/\"},{\"@type\":\"ListItem\",\"position\":2,\"name\":\"Produkter\",\"item\":\"https:\\\/\\\/www.stalskog.se\\\/?page_id=3235\"},{\"@type\":\"ListItem\",\"position\":3,\"name\":\"1. Switchgear\",\"item\":\"https:\\\/\\\/www.stalskog.se\\\/de\\\/kategorie\\\/switchgear-de\\\/\"},{\"@type\":\"ListItem\",\"position\":4,\"name\":\"SKA630\"}]},{\"@type\":\"WebSite\",\"@id\":\"https:\\\/\\\/www.stalskog.se\\\/de\\\/#website\",\"url\":\"https:\\\/\\\/www.stalskog.se\\\/de\\\/\",\"name\":\"Ragnar St\u00e5lskog\",\"description\":\"\",\"publisher\":{\"@id\":\"https:\\\/\\\/www.stalskog.se\\\/de\\\/#organization\"},\"potentialAction\":[{\"@type\":\"SearchAction\",\"target\":{\"@type\":\"EntryPoint\",\"urlTemplate\":\"https:\\\/\\\/www.stalskog.se\\\/de\\\/?s={search_term_string}\"},\"query-input\":{\"@type\":\"PropertyValueSpecification\",\"valueRequired\":true,\"valueName\":\"search_term_string\"}}],\"inLanguage\":\"de\"},{\"@type\":\"Organization\",\"@id\":\"https:\\\/\\\/www.stalskog.se\\\/de\\\/#organization\",\"name\":\"Ragnar St\u00e5lskog\",\"url\":\"https:\\\/\\\/www.stalskog.se\\\/de\\\/\",\"logo\":{\"@type\":\"ImageObject\",\"inLanguage\":\"de\",\"@id\":\"https:\\\/\\\/www.stalskog.se\\\/de\\\/#\\\/schema\\\/logo\\\/image\\\/\",\"url\":\"https:\\\/\\\/www.stalskog.se\\\/wp-content\\\/uploads\\\/2022\\\/03\\\/logo_o.png\",\"contentUrl\":\"https:\\\/\\\/www.stalskog.se\\\/wp-content\\\/uploads\\\/2022\\\/03\\\/logo_o.png\",\"width\":410,\"height\":99,\"caption\":\"Ragnar St\u00e5lskog\"},\"image\":{\"@id\":\"https:\\\/\\\/www.stalskog.se\\\/de\\\/#\\\/schema\\\/logo\\\/image\\\/\"}}]}<\/script>\n<!-- \/ Yoast SEO plugin. -->","yoast_head_json":{"title":"SKA630 &#8211; Ragnar St\u00e5lskog","description":"Werkzeugsatz f\u00fcr die Erdung von ber\u00fchrungssicheren Kabelendverschl\u00fcssen SKA 630 II Der Werkzeugsatz Typ SKA 630 II ist f\u00fcr die Erdung von","robots":{"index":"index","follow":"follow","max-snippet":"max-snippet:-1","max-image-preview":"max-image-preview:large","max-video-preview":"max-video-preview:-1"},"canonical":"https:\/\/www.stalskog.se\/de\/produkte\/ska630\/","og_locale":"de_DE","og_type":"article","og_title":"SKA630 &#8211; Ragnar St\u00e5lskog","og_description":"Werkzeugsatz f\u00fcr die Erdung von ber\u00fchrungssicheren Kabelendverschl\u00fcssen SKA 630 II Der Werkzeugsatz Typ SKA 630 II ist f\u00fcr die Erdung von","og_url":"https:\/\/www.stalskog.se\/de\/produkte\/ska630\/","og_site_name":"Ragnar St\u00e5lskog","og_image":[{"width":290,"height":300,"url":"https:\/\/www.stalskog.se\/wp-content\/uploads\/2022\/04\/ska630_iii_norm.png","type":"image\/png"}],"twitter_card":"summary_large_image","schema":{"@context":"https:\/\/schema.org","@graph":[{"@type":"WebPage","@id":"https:\/\/www.stalskog.se\/de\/produkte\/ska630\/","url":"https:\/\/www.stalskog.se\/de\/produkte\/ska630\/","name":"SKA630 &#8211; Ragnar St\u00e5lskog","isPartOf":{"@id":"https:\/\/www.stalskog.se\/de\/#website"},"primaryImageOfPage":{"@id":"https:\/\/www.stalskog.se\/de\/produkte\/ska630\/#primaryimage"},"image":{"@id":"https:\/\/www.stalskog.se\/de\/produkte\/ska630\/#primaryimage"},"thumbnailUrl":"https:\/\/www.stalskog.se\/wp-content\/uploads\/2022\/04\/ska630_iii_norm.png","datePublished":"2022-04-28T11:28:53+00:00","description":"Werkzeugsatz f\u00fcr die Erdung von ber\u00fchrungssicheren Kabelendverschl\u00fcssen SKA 630 II Der Werkzeugsatz Typ SKA 630 II ist f\u00fcr die Erdung von","breadcrumb":{"@id":"https:\/\/www.stalskog.se\/de\/produkte\/ska630\/#breadcrumb"},"inLanguage":"de","potentialAction":[{"@type":"ReadAction","target":["https:\/\/www.stalskog.se\/de\/produkte\/ska630\/"]}]},{"@type":"ImageObject","inLanguage":"de","@id":"https:\/\/www.stalskog.se\/de\/produkte\/ska630\/#primaryimage","url":"https:\/\/www.stalskog.se\/wp-content\/uploads\/2022\/04\/ska630_iii_norm.png","contentUrl":"https:\/\/www.stalskog.se\/wp-content\/uploads\/2022\/04\/ska630_iii_norm.png","width":290,"height":300},{"@type":"BreadcrumbList","@id":"https:\/\/www.stalskog.se\/de\/produkte\/ska630\/#breadcrumb","itemListElement":[{"@type":"ListItem","position":1,"name":"Hem","item":"https:\/\/www.stalskog.se\/de\/"},{"@type":"ListItem","position":2,"name":"Produkter","item":"https:\/\/www.stalskog.se\/?page_id=3235"},{"@type":"ListItem","position":3,"name":"1. Switchgear","item":"https:\/\/www.stalskog.se\/de\/kategorie\/switchgear-de\/"},{"@type":"ListItem","position":4,"name":"SKA630"}]},{"@type":"WebSite","@id":"https:\/\/www.stalskog.se\/de\/#website","url":"https:\/\/www.stalskog.se\/de\/","name":"Ragnar St\u00e5lskog","description":"","publisher":{"@id":"https:\/\/www.stalskog.se\/de\/#organization"},"potentialAction":[{"@type":"SearchAction","target":{"@type":"EntryPoint","urlTemplate":"https:\/\/www.stalskog.se\/de\/?s={search_term_string}"},"query-input":{"@type":"PropertyValueSpecification","valueRequired":true,"valueName":"search_term_string"}}],"inLanguage":"de"},{"@type":"Organization","@id":"https:\/\/www.stalskog.se\/de\/#organization","name":"Ragnar St\u00e5lskog","url":"https:\/\/www.stalskog.se\/de\/","logo":{"@type":"ImageObject","inLanguage":"de","@id":"https:\/\/www.stalskog.se\/de\/#\/schema\/logo\/image\/","url":"https:\/\/www.stalskog.se\/wp-content\/uploads\/2022\/03\/logo_o.png","contentUrl":"https:\/\/www.stalskog.se\/wp-content\/uploads\/2022\/03\/logo_o.png","width":410,"height":99,"caption":"Ragnar St\u00e5lskog"},"image":{"@id":"https:\/\/www.stalskog.se\/de\/#\/schema\/logo\/image\/"}}]}},"_links":{"self":[{"href":"https:\/\/www.stalskog.se\/de\/wp-json\/wp\/v2\/product\/15227","targetHints":{"allow":["GET"]}}],"collection":[{"href":"https:\/\/www.stalskog.se\/de\/wp-json\/wp\/v2\/product"}],"about":[{"href":"https:\/\/www.stalskog.se\/de\/wp-json\/wp\/v2\/types\/product"}],"replies":[{"embeddable":true,"href":"https:\/\/www.stalskog.se\/de\/wp-json\/wp\/v2\/comments?post=15227"}],"wp:featuredmedia":[{"embeddable":true,"href":"https:\/\/www.stalskog.se\/de\/wp-json\/wp\/v2\/media\/4480"}],"wp:attachment":[{"href":"https:\/\/www.stalskog.se\/de\/wp-json\/wp\/v2\/media?parent=15227"}],"wp:term":[{"taxonomy":"product_brand","embeddable":true,"href":"https:\/\/www.stalskog.se\/de\/wp-json\/wp\/v2\/product_brand?post=15227"},{"taxonomy":"product_cat","embeddable":true,"href":"https:\/\/www.stalskog.se\/de\/wp-json\/wp\/v2\/product_cat?post=15227"},{"taxonomy":"product_tag","embeddable":true,"href":"https:\/\/www.stalskog.se\/de\/wp-json\/wp\/v2\/product_tag?post=15227"}],"curies":[{"name":"wp","href":"https:\/\/api.w.org\/{rel}","templated":true}]}}