{"id":4291,"date":"2022-04-27T13:32:12","date_gmt":"2022-04-27T13:32:12","guid":{"rendered":"https:\/\/www.stalskog.se\/produkt\/dischargedevice-uls50-1500-jk27v\/"},"modified":"2025-08-25T14:21:04","modified_gmt":"2025-08-25T14:21:04","slug":"dischargedevice-uls50-1500-jk27v","status":"publish","type":"product","link":"https:\/\/www.stalskog.se\/de\/produkte\/dischargedevice-uls50-1500-jk27v\/","title":{"rendered":"Entladeelektrode ULS50\/1500-JK27V"},"content":{"rendered":"<p>Gem\u00e4\u00df. SS-EN 61235<br \/>\nDie Entladestange ULS50\/1500-JK27V mit gerader Elektrode ist f\u00fcr die Ableitung statischer Ladungen bestimmt.<br \/>\nDie Elektrodenspitze ist aus verzinktem Kupfer.<br \/>\nDie Erdungsklemme JK 27 V wird an Kugelbolzen \u00d8 20, \u00d8 25, \u00d8 30, T-Bolzen, Schiene 1-25 mm, Kabel\/Rohr \u00d8 6-25 mm angeschlossen.<br \/>\nDie leitenden Teile der Klemme sind aus Aluminiumbronze. Die Stahlteile sind aus rostfreiem Stahl. Das Drahtseil wird mit einem Kabelschuh und einer M8-Verschraubung mit der Klemme verbunden.<br \/>\nDas Drahtseil besteht aus einem hochflexiblen ESTPR-isolierten Kupferleiter und ist mit versiegelten Kabelanschl\u00fcssen ausgestattet, die das Eindringen von Feuchtigkeit in das Seil verhindern. Die Isolierstange ist versiegelt, um das Eindringen von Feuchtigkeit zu verhindern. Der Isolierstab besteht aus gelbem, glasfaserverst\u00e4rktem Vinylester mit einem Au\u00dfendurchmesser von 29 mm. Das untere Ende ist mit einer Gummischutzkappe versehen.      <\/p>\n","protected":false},"excerpt":{"rendered":"<p>Gem\u00e4\u00df. SS-EN 61235 Die Entladestange ULS50\/1500-JK27V mit gerader Elektrode ist f\u00fcr die Ableitung statischer Ladungen bestimmt. Die Elektrodenspitze ist aus verzinktem Kupfer. Die Erdungsklemme JK 27 V wird an Kugelbolzen \u00d8 20, \u00d8 25, \u00d8 30, T-Bolzen, Schiene 1-25 mm, Kabel\/Rohr \u00d8 6-25 mm angeschlossen. Die leitenden Teile der Klemme sind aus Aluminiumbronze. Die Stahlteile [&hellip;]<\/p>\n","protected":false},"featured_media":4284,"comment_status":"closed","ping_status":"closed","template":"","meta":{"_acf_changed":false},"product_brand":[],"product_cat":[77,91,147],"product_tag":[],"class_list":{"0":"post-4291","1":"product","2":"type-product","3":"status-publish","4":"has-post-thumbnail","6":"product_cat-switchgear-de","7":"product_cat-6-insulating-poles-de","8":"product_cat-discharge-de","10":"first","11":"instock","12":"shipping-taxable","13":"product-type-simple"},"acf":[],"yoast_head":"<!-- This site is optimized with the Yoast SEO plugin v27.5 - https:\/\/yoast.com\/product\/yoast-seo-wordpress\/ -->\n<title>Entladeelektrode ULS50\/1500-JK27V &#8211; Ragnar St\u00e5lskog<\/title>\n<meta name=\"description\" content=\"Gem\u00e4\u00df. SS-EN 61235 Die Entladestange ULS50\/1500-JK27V mit gerader Elektrode ist f\u00fcr die Ableitung statischer Ladungen bestimmt. Die Elektrodenspitze ist\" \/>\n<meta name=\"robots\" content=\"index, follow, max-snippet:-1, max-image-preview:large, max-video-preview:-1\" \/>\n<link rel=\"canonical\" href=\"https:\/\/www.stalskog.se\/de\/produkte\/dischargedevice-uls50-1500-jk27v\/\" \/>\n<meta property=\"og:locale\" content=\"de_DE\" \/>\n<meta property=\"og:type\" content=\"article\" \/>\n<meta property=\"og:title\" content=\"Entladeelektrode ULS50\/1500-JK27V &#8211; Ragnar St\u00e5lskog\" \/>\n<meta property=\"og:description\" content=\"Gem\u00e4\u00df. SS-EN 61235 Die Entladestange ULS50\/1500-JK27V mit gerader Elektrode ist f\u00fcr die Ableitung statischer Ladungen bestimmt. Die Elektrodenspitze ist\" \/>\n<meta property=\"og:url\" content=\"https:\/\/www.stalskog.se\/de\/produkte\/dischargedevice-uls50-1500-jk27v\/\" \/>\n<meta property=\"og:site_name\" content=\"Ragnar St\u00e5lskog\" \/>\n<meta property=\"article:modified_time\" content=\"2025-08-25T14:21:04+00:00\" \/>\n<meta property=\"og:image\" content=\"https:\/\/www.stalskog.se\/wp-content\/uploads\/2022\/04\/uls50_1500-jk27v_norm.jpg\" \/>\n\t<meta property=\"og:image:width\" content=\"202\" \/>\n\t<meta property=\"og:image:height\" content=\"569\" \/>\n\t<meta property=\"og:image:type\" content=\"image\/jpeg\" \/>\n<meta name=\"twitter:card\" content=\"summary_large_image\" \/>\n<meta name=\"twitter:label1\" content=\"Gesch\u00e4tzte Lesezeit\" \/>\n\t<meta name=\"twitter:data1\" content=\"1\u00a0Minute\" \/>\n<script type=\"application\/ld+json\" class=\"yoast-schema-graph\">{\"@context\":\"https:\\\/\\\/schema.org\",\"@graph\":[{\"@type\":\"WebPage\",\"@id\":\"https:\\\/\\\/www.stalskog.se\\\/de\\\/produkte\\\/dischargedevice-uls50-1500-jk27v\\\/\",\"url\":\"https:\\\/\\\/www.stalskog.se\\\/de\\\/produkte\\\/dischargedevice-uls50-1500-jk27v\\\/\",\"name\":\"Entladeelektrode ULS50\\\/1500-JK27V &#8211; Ragnar St\u00e5lskog\",\"isPartOf\":{\"@id\":\"https:\\\/\\\/www.stalskog.se\\\/de\\\/#website\"},\"primaryImageOfPage\":{\"@id\":\"https:\\\/\\\/www.stalskog.se\\\/de\\\/produkte\\\/dischargedevice-uls50-1500-jk27v\\\/#primaryimage\"},\"image\":{\"@id\":\"https:\\\/\\\/www.stalskog.se\\\/de\\\/produkte\\\/dischargedevice-uls50-1500-jk27v\\\/#primaryimage\"},\"thumbnailUrl\":\"https:\\\/\\\/www.stalskog.se\\\/wp-content\\\/uploads\\\/2022\\\/04\\\/uls50_1500-jk27v_norm.jpg\",\"datePublished\":\"2022-04-27T13:32:12+00:00\",\"dateModified\":\"2025-08-25T14:21:04+00:00\",\"description\":\"Gem\u00e4\u00df. SS-EN 61235 Die Entladestange ULS50\\\/1500-JK27V mit gerader Elektrode ist f\u00fcr die Ableitung statischer Ladungen bestimmt. Die Elektrodenspitze ist\",\"breadcrumb\":{\"@id\":\"https:\\\/\\\/www.stalskog.se\\\/de\\\/produkte\\\/dischargedevice-uls50-1500-jk27v\\\/#breadcrumb\"},\"inLanguage\":\"de\",\"potentialAction\":[{\"@type\":\"ReadAction\",\"target\":[\"https:\\\/\\\/www.stalskog.se\\\/de\\\/produkte\\\/dischargedevice-uls50-1500-jk27v\\\/\"]}]},{\"@type\":\"ImageObject\",\"inLanguage\":\"de\",\"@id\":\"https:\\\/\\\/www.stalskog.se\\\/de\\\/produkte\\\/dischargedevice-uls50-1500-jk27v\\\/#primaryimage\",\"url\":\"https:\\\/\\\/www.stalskog.se\\\/wp-content\\\/uploads\\\/2022\\\/04\\\/uls50_1500-jk27v_norm.jpg\",\"contentUrl\":\"https:\\\/\\\/www.stalskog.se\\\/wp-content\\\/uploads\\\/2022\\\/04\\\/uls50_1500-jk27v_norm.jpg\",\"width\":202,\"height\":569},{\"@type\":\"BreadcrumbList\",\"@id\":\"https:\\\/\\\/www.stalskog.se\\\/de\\\/produkte\\\/dischargedevice-uls50-1500-jk27v\\\/#breadcrumb\",\"itemListElement\":[{\"@type\":\"ListItem\",\"position\":1,\"name\":\"Hem\",\"item\":\"https:\\\/\\\/www.stalskog.se\\\/de\\\/\"},{\"@type\":\"ListItem\",\"position\":2,\"name\":\"Produkter\",\"item\":\"https:\\\/\\\/www.stalskog.se\\\/?page_id=3235\"},{\"@type\":\"ListItem\",\"position\":3,\"name\":\"1. Switchgear\",\"item\":\"https:\\\/\\\/www.stalskog.se\\\/de\\\/kategorie\\\/switchgear-de\\\/\"},{\"@type\":\"ListItem\",\"position\":4,\"name\":\"Entladeelektrode ULS50\\\/1500-JK27V\"}]},{\"@type\":\"WebSite\",\"@id\":\"https:\\\/\\\/www.stalskog.se\\\/de\\\/#website\",\"url\":\"https:\\\/\\\/www.stalskog.se\\\/de\\\/\",\"name\":\"Ragnar St\u00e5lskog\",\"description\":\"\",\"publisher\":{\"@id\":\"https:\\\/\\\/www.stalskog.se\\\/de\\\/#organization\"},\"potentialAction\":[{\"@type\":\"SearchAction\",\"target\":{\"@type\":\"EntryPoint\",\"urlTemplate\":\"https:\\\/\\\/www.stalskog.se\\\/de\\\/?s={search_term_string}\"},\"query-input\":{\"@type\":\"PropertyValueSpecification\",\"valueRequired\":true,\"valueName\":\"search_term_string\"}}],\"inLanguage\":\"de\"},{\"@type\":\"Organization\",\"@id\":\"https:\\\/\\\/www.stalskog.se\\\/de\\\/#organization\",\"name\":\"Ragnar St\u00e5lskog\",\"url\":\"https:\\\/\\\/www.stalskog.se\\\/de\\\/\",\"logo\":{\"@type\":\"ImageObject\",\"inLanguage\":\"de\",\"@id\":\"https:\\\/\\\/www.stalskog.se\\\/de\\\/#\\\/schema\\\/logo\\\/image\\\/\",\"url\":\"https:\\\/\\\/www.stalskog.se\\\/wp-content\\\/uploads\\\/2022\\\/03\\\/logo_o.png\",\"contentUrl\":\"https:\\\/\\\/www.stalskog.se\\\/wp-content\\\/uploads\\\/2022\\\/03\\\/logo_o.png\",\"width\":410,\"height\":99,\"caption\":\"Ragnar St\u00e5lskog\"},\"image\":{\"@id\":\"https:\\\/\\\/www.stalskog.se\\\/de\\\/#\\\/schema\\\/logo\\\/image\\\/\"}}]}<\/script>\n<!-- \/ Yoast SEO plugin. -->","yoast_head_json":{"title":"Entladeelektrode ULS50\/1500-JK27V &#8211; Ragnar St\u00e5lskog","description":"Gem\u00e4\u00df. SS-EN 61235 Die Entladestange ULS50\/1500-JK27V mit gerader Elektrode ist f\u00fcr die Ableitung statischer Ladungen bestimmt. Die Elektrodenspitze ist","robots":{"index":"index","follow":"follow","max-snippet":"max-snippet:-1","max-image-preview":"max-image-preview:large","max-video-preview":"max-video-preview:-1"},"canonical":"https:\/\/www.stalskog.se\/de\/produkte\/dischargedevice-uls50-1500-jk27v\/","og_locale":"de_DE","og_type":"article","og_title":"Entladeelektrode ULS50\/1500-JK27V &#8211; Ragnar St\u00e5lskog","og_description":"Gem\u00e4\u00df. SS-EN 61235 Die Entladestange ULS50\/1500-JK27V mit gerader Elektrode ist f\u00fcr die Ableitung statischer Ladungen bestimmt. Die Elektrodenspitze ist","og_url":"https:\/\/www.stalskog.se\/de\/produkte\/dischargedevice-uls50-1500-jk27v\/","og_site_name":"Ragnar St\u00e5lskog","article_modified_time":"2025-08-25T14:21:04+00:00","og_image":[{"width":202,"height":569,"url":"https:\/\/www.stalskog.se\/wp-content\/uploads\/2022\/04\/uls50_1500-jk27v_norm.jpg","type":"image\/jpeg"}],"twitter_card":"summary_large_image","twitter_misc":{"Gesch\u00e4tzte Lesezeit":"1\u00a0Minute"},"schema":{"@context":"https:\/\/schema.org","@graph":[{"@type":"WebPage","@id":"https:\/\/www.stalskog.se\/de\/produkte\/dischargedevice-uls50-1500-jk27v\/","url":"https:\/\/www.stalskog.se\/de\/produkte\/dischargedevice-uls50-1500-jk27v\/","name":"Entladeelektrode ULS50\/1500-JK27V &#8211; Ragnar St\u00e5lskog","isPartOf":{"@id":"https:\/\/www.stalskog.se\/de\/#website"},"primaryImageOfPage":{"@id":"https:\/\/www.stalskog.se\/de\/produkte\/dischargedevice-uls50-1500-jk27v\/#primaryimage"},"image":{"@id":"https:\/\/www.stalskog.se\/de\/produkte\/dischargedevice-uls50-1500-jk27v\/#primaryimage"},"thumbnailUrl":"https:\/\/www.stalskog.se\/wp-content\/uploads\/2022\/04\/uls50_1500-jk27v_norm.jpg","datePublished":"2022-04-27T13:32:12+00:00","dateModified":"2025-08-25T14:21:04+00:00","description":"Gem\u00e4\u00df. SS-EN 61235 Die Entladestange ULS50\/1500-JK27V mit gerader Elektrode ist f\u00fcr die Ableitung statischer Ladungen bestimmt. Die Elektrodenspitze ist","breadcrumb":{"@id":"https:\/\/www.stalskog.se\/de\/produkte\/dischargedevice-uls50-1500-jk27v\/#breadcrumb"},"inLanguage":"de","potentialAction":[{"@type":"ReadAction","target":["https:\/\/www.stalskog.se\/de\/produkte\/dischargedevice-uls50-1500-jk27v\/"]}]},{"@type":"ImageObject","inLanguage":"de","@id":"https:\/\/www.stalskog.se\/de\/produkte\/dischargedevice-uls50-1500-jk27v\/#primaryimage","url":"https:\/\/www.stalskog.se\/wp-content\/uploads\/2022\/04\/uls50_1500-jk27v_norm.jpg","contentUrl":"https:\/\/www.stalskog.se\/wp-content\/uploads\/2022\/04\/uls50_1500-jk27v_norm.jpg","width":202,"height":569},{"@type":"BreadcrumbList","@id":"https:\/\/www.stalskog.se\/de\/produkte\/dischargedevice-uls50-1500-jk27v\/#breadcrumb","itemListElement":[{"@type":"ListItem","position":1,"name":"Hem","item":"https:\/\/www.stalskog.se\/de\/"},{"@type":"ListItem","position":2,"name":"Produkter","item":"https:\/\/www.stalskog.se\/?page_id=3235"},{"@type":"ListItem","position":3,"name":"1. Switchgear","item":"https:\/\/www.stalskog.se\/de\/kategorie\/switchgear-de\/"},{"@type":"ListItem","position":4,"name":"Entladeelektrode ULS50\/1500-JK27V"}]},{"@type":"WebSite","@id":"https:\/\/www.stalskog.se\/de\/#website","url":"https:\/\/www.stalskog.se\/de\/","name":"Ragnar St\u00e5lskog","description":"","publisher":{"@id":"https:\/\/www.stalskog.se\/de\/#organization"},"potentialAction":[{"@type":"SearchAction","target":{"@type":"EntryPoint","urlTemplate":"https:\/\/www.stalskog.se\/de\/?s={search_term_string}"},"query-input":{"@type":"PropertyValueSpecification","valueRequired":true,"valueName":"search_term_string"}}],"inLanguage":"de"},{"@type":"Organization","@id":"https:\/\/www.stalskog.se\/de\/#organization","name":"Ragnar St\u00e5lskog","url":"https:\/\/www.stalskog.se\/de\/","logo":{"@type":"ImageObject","inLanguage":"de","@id":"https:\/\/www.stalskog.se\/de\/#\/schema\/logo\/image\/","url":"https:\/\/www.stalskog.se\/wp-content\/uploads\/2022\/03\/logo_o.png","contentUrl":"https:\/\/www.stalskog.se\/wp-content\/uploads\/2022\/03\/logo_o.png","width":410,"height":99,"caption":"Ragnar St\u00e5lskog"},"image":{"@id":"https:\/\/www.stalskog.se\/de\/#\/schema\/logo\/image\/"}}]}},"_links":{"self":[{"href":"https:\/\/www.stalskog.se\/de\/wp-json\/wp\/v2\/product\/4291","targetHints":{"allow":["GET"]}}],"collection":[{"href":"https:\/\/www.stalskog.se\/de\/wp-json\/wp\/v2\/product"}],"about":[{"href":"https:\/\/www.stalskog.se\/de\/wp-json\/wp\/v2\/types\/product"}],"replies":[{"embeddable":true,"href":"https:\/\/www.stalskog.se\/de\/wp-json\/wp\/v2\/comments?post=4291"}],"wp:featuredmedia":[{"embeddable":true,"href":"https:\/\/www.stalskog.se\/de\/wp-json\/wp\/v2\/media\/4284"}],"wp:attachment":[{"href":"https:\/\/www.stalskog.se\/de\/wp-json\/wp\/v2\/media?parent=4291"}],"wp:term":[{"taxonomy":"product_brand","embeddable":true,"href":"https:\/\/www.stalskog.se\/de\/wp-json\/wp\/v2\/product_brand?post=4291"},{"taxonomy":"product_cat","embeddable":true,"href":"https:\/\/www.stalskog.se\/de\/wp-json\/wp\/v2\/product_cat?post=4291"},{"taxonomy":"product_tag","embeddable":true,"href":"https:\/\/www.stalskog.se\/de\/wp-json\/wp\/v2\/product_tag?post=4291"}],"curies":[{"name":"wp","href":"https:\/\/api.w.org\/{rel}","templated":true}]}}