{"id":4427,"date":"2022-04-28T07:21:12","date_gmt":"2022-04-28T07:21:12","guid":{"rendered":"https:\/\/www.stalskog.se\/produkt\/dischargedevice-mulk_-_-tpt8\/"},"modified":"2025-08-25T14:24:37","modified_gmt":"2025-08-25T14:24:37","slug":"dischargedevice-mulk_-_-tpt8","status":"publish","type":"product","link":"https:\/\/www.stalskog.se\/de\/produkte\/dischargedevice-mulk_-_-tpt8\/","title":{"rendered":"Entladeelektrode MULK_\/_-TPT8"},"content":{"rendered":"<p>Gem\u00e4\u00df. SS-EN 61235<br \/>\nDie Ableitungsstange MULK&#8230;\/&#8230;-TPT8 mit Hakenelektrode ist f\u00fcr die Ableitung statischer Aufladungen bestimmt.<br \/>\nDie Hakenelektrode besteht aus verzinktem Kupfer.<br \/>\nDer Kabelschuh zur Erde, TPT8, hat eine Bohrung \u00d88 mm.<br \/>\nDas Kabel wird mit einem Kabelschuh und einer M8-Schraubverbindung an die Elektrode angeschlossen.<br \/>\nDas Kabel besteht aus einem hochflexiblen ESTPR-isolierten Kupferleiter und ist mit versiegelten Kabelanschl\u00fcssen ausgestattet, die das Eindringen von Feuchtigkeit in das Kabel verhindern. Der Isolierstab ist versiegelt, um das Eindringen von Feuchtigkeit zu verhindern.<br \/>\nDer Isolierstab besteht aus gelbem, glasfaserverst\u00e4rktem Vinylester und hat einen Au\u00dfendurchmesser von 29 mm. Das untere Ende ist mit einer Gummischutzkappe versehen.   <\/p>\n","protected":false},"excerpt":{"rendered":"<p>Gem\u00e4\u00df. SS-EN 61235 Die Ableitungsstange MULK&#8230;\/&#8230;-TPT8 mit Hakenelektrode ist f\u00fcr die Ableitung statischer Aufladungen bestimmt. Die Hakenelektrode besteht aus verzinktem Kupfer. Der Kabelschuh zur Erde, TPT8, hat eine Bohrung \u00d88 mm. Das Kabel wird mit einem Kabelschuh und einer M8-Schraubverbindung an die Elektrode angeschlossen. Das Kabel besteht aus einem hochflexiblen ESTPR-isolierten Kupferleiter und ist mit [&hellip;]<\/p>\n","protected":false},"featured_media":4423,"comment_status":"closed","ping_status":"closed","template":"","meta":{"_acf_changed":false},"product_brand":[],"product_cat":[77,91,147],"product_tag":[],"class_list":{"0":"post-4427","1":"product","2":"type-product","3":"status-publish","4":"has-post-thumbnail","6":"product_cat-switchgear-de","7":"product_cat-6-insulating-poles-de","8":"product_cat-discharge-de","10":"first","11":"instock","12":"shipping-taxable","13":"product-type-simple"},"acf":[],"yoast_head":"<!-- This site is optimized with the Yoast SEO plugin v27.5 - https:\/\/yoast.com\/product\/yoast-seo-wordpress\/ -->\n<title>Entladeelektrode MULK_\/_-TPT8 &#8211; Ragnar St\u00e5lskog<\/title>\n<meta name=\"description\" content=\"Gem\u00e4\u00df. SS-EN 61235 Die Ableitungsstange MULK...\/...-TPT8 mit Hakenelektrode ist f\u00fcr die Ableitung statischer Aufladungen bestimmt. Die Hakenelektrode\" \/>\n<meta name=\"robots\" content=\"index, follow, max-snippet:-1, max-image-preview:large, max-video-preview:-1\" \/>\n<link rel=\"canonical\" href=\"https:\/\/www.stalskog.se\/de\/produkte\/dischargedevice-mulk_-_-tpt8\/\" \/>\n<meta property=\"og:locale\" content=\"de_DE\" \/>\n<meta property=\"og:type\" content=\"article\" \/>\n<meta property=\"og:title\" content=\"Entladeelektrode MULK_\/_-TPT8 &#8211; Ragnar St\u00e5lskog\" \/>\n<meta property=\"og:description\" content=\"Gem\u00e4\u00df. SS-EN 61235 Die Ableitungsstange MULK...\/...-TPT8 mit Hakenelektrode ist f\u00fcr die Ableitung statischer Aufladungen bestimmt. Die Hakenelektrode\" \/>\n<meta property=\"og:url\" content=\"https:\/\/www.stalskog.se\/de\/produkte\/dischargedevice-mulk_-_-tpt8\/\" \/>\n<meta property=\"og:site_name\" content=\"Ragnar St\u00e5lskog\" \/>\n<meta property=\"article:modified_time\" content=\"2025-08-25T14:24:37+00:00\" \/>\n<meta property=\"og:image\" content=\"https:\/\/www.stalskog.se\/wp-content\/uploads\/2022\/04\/mulk__-tpt8.jpg\" \/>\n\t<meta property=\"og:image:width\" content=\"216\" \/>\n\t<meta property=\"og:image:height\" content=\"607\" \/>\n\t<meta property=\"og:image:type\" content=\"image\/jpeg\" \/>\n<meta name=\"twitter:card\" content=\"summary_large_image\" \/>\n<meta name=\"twitter:label1\" content=\"Gesch\u00e4tzte Lesezeit\" \/>\n\t<meta name=\"twitter:data1\" content=\"1\u00a0Minute\" \/>\n<script type=\"application\/ld+json\" class=\"yoast-schema-graph\">{\"@context\":\"https:\\\/\\\/schema.org\",\"@graph\":[{\"@type\":\"WebPage\",\"@id\":\"https:\\\/\\\/www.stalskog.se\\\/de\\\/produkte\\\/dischargedevice-mulk_-_-tpt8\\\/\",\"url\":\"https:\\\/\\\/www.stalskog.se\\\/de\\\/produkte\\\/dischargedevice-mulk_-_-tpt8\\\/\",\"name\":\"Entladeelektrode MULK_\\\/_-TPT8 &#8211; Ragnar St\u00e5lskog\",\"isPartOf\":{\"@id\":\"https:\\\/\\\/www.stalskog.se\\\/de\\\/#website\"},\"primaryImageOfPage\":{\"@id\":\"https:\\\/\\\/www.stalskog.se\\\/de\\\/produkte\\\/dischargedevice-mulk_-_-tpt8\\\/#primaryimage\"},\"image\":{\"@id\":\"https:\\\/\\\/www.stalskog.se\\\/de\\\/produkte\\\/dischargedevice-mulk_-_-tpt8\\\/#primaryimage\"},\"thumbnailUrl\":\"https:\\\/\\\/www.stalskog.se\\\/wp-content\\\/uploads\\\/2022\\\/04\\\/mulk__-tpt8.jpg\",\"datePublished\":\"2022-04-28T07:21:12+00:00\",\"dateModified\":\"2025-08-25T14:24:37+00:00\",\"description\":\"Gem\u00e4\u00df. SS-EN 61235 Die Ableitungsstange MULK...\\\/...-TPT8 mit Hakenelektrode ist f\u00fcr die Ableitung statischer Aufladungen bestimmt. Die Hakenelektrode\",\"breadcrumb\":{\"@id\":\"https:\\\/\\\/www.stalskog.se\\\/de\\\/produkte\\\/dischargedevice-mulk_-_-tpt8\\\/#breadcrumb\"},\"inLanguage\":\"de\",\"potentialAction\":[{\"@type\":\"ReadAction\",\"target\":[\"https:\\\/\\\/www.stalskog.se\\\/de\\\/produkte\\\/dischargedevice-mulk_-_-tpt8\\\/\"]}]},{\"@type\":\"ImageObject\",\"inLanguage\":\"de\",\"@id\":\"https:\\\/\\\/www.stalskog.se\\\/de\\\/produkte\\\/dischargedevice-mulk_-_-tpt8\\\/#primaryimage\",\"url\":\"https:\\\/\\\/www.stalskog.se\\\/wp-content\\\/uploads\\\/2022\\\/04\\\/mulk__-tpt8.jpg\",\"contentUrl\":\"https:\\\/\\\/www.stalskog.se\\\/wp-content\\\/uploads\\\/2022\\\/04\\\/mulk__-tpt8.jpg\",\"width\":216,\"height\":607},{\"@type\":\"BreadcrumbList\",\"@id\":\"https:\\\/\\\/www.stalskog.se\\\/de\\\/produkte\\\/dischargedevice-mulk_-_-tpt8\\\/#breadcrumb\",\"itemListElement\":[{\"@type\":\"ListItem\",\"position\":1,\"name\":\"Hem\",\"item\":\"https:\\\/\\\/www.stalskog.se\\\/de\\\/\"},{\"@type\":\"ListItem\",\"position\":2,\"name\":\"Produkter\",\"item\":\"https:\\\/\\\/www.stalskog.se\\\/?page_id=3235\"},{\"@type\":\"ListItem\",\"position\":3,\"name\":\"1. Switchgear\",\"item\":\"https:\\\/\\\/www.stalskog.se\\\/de\\\/kategorie\\\/switchgear-de\\\/\"},{\"@type\":\"ListItem\",\"position\":4,\"name\":\"Entladeelektrode MULK_\\\/_-TPT8\"}]},{\"@type\":\"WebSite\",\"@id\":\"https:\\\/\\\/www.stalskog.se\\\/de\\\/#website\",\"url\":\"https:\\\/\\\/www.stalskog.se\\\/de\\\/\",\"name\":\"Ragnar St\u00e5lskog\",\"description\":\"\",\"publisher\":{\"@id\":\"https:\\\/\\\/www.stalskog.se\\\/de\\\/#organization\"},\"potentialAction\":[{\"@type\":\"SearchAction\",\"target\":{\"@type\":\"EntryPoint\",\"urlTemplate\":\"https:\\\/\\\/www.stalskog.se\\\/de\\\/?s={search_term_string}\"},\"query-input\":{\"@type\":\"PropertyValueSpecification\",\"valueRequired\":true,\"valueName\":\"search_term_string\"}}],\"inLanguage\":\"de\"},{\"@type\":\"Organization\",\"@id\":\"https:\\\/\\\/www.stalskog.se\\\/de\\\/#organization\",\"name\":\"Ragnar St\u00e5lskog\",\"url\":\"https:\\\/\\\/www.stalskog.se\\\/de\\\/\",\"logo\":{\"@type\":\"ImageObject\",\"inLanguage\":\"de\",\"@id\":\"https:\\\/\\\/www.stalskog.se\\\/de\\\/#\\\/schema\\\/logo\\\/image\\\/\",\"url\":\"https:\\\/\\\/www.stalskog.se\\\/wp-content\\\/uploads\\\/2022\\\/03\\\/logo_o.png\",\"contentUrl\":\"https:\\\/\\\/www.stalskog.se\\\/wp-content\\\/uploads\\\/2022\\\/03\\\/logo_o.png\",\"width\":410,\"height\":99,\"caption\":\"Ragnar St\u00e5lskog\"},\"image\":{\"@id\":\"https:\\\/\\\/www.stalskog.se\\\/de\\\/#\\\/schema\\\/logo\\\/image\\\/\"}}]}<\/script>\n<!-- \/ Yoast SEO plugin. -->","yoast_head_json":{"title":"Entladeelektrode MULK_\/_-TPT8 &#8211; Ragnar St\u00e5lskog","description":"Gem\u00e4\u00df. SS-EN 61235 Die Ableitungsstange MULK...\/...-TPT8 mit Hakenelektrode ist f\u00fcr die Ableitung statischer Aufladungen bestimmt. Die Hakenelektrode","robots":{"index":"index","follow":"follow","max-snippet":"max-snippet:-1","max-image-preview":"max-image-preview:large","max-video-preview":"max-video-preview:-1"},"canonical":"https:\/\/www.stalskog.se\/de\/produkte\/dischargedevice-mulk_-_-tpt8\/","og_locale":"de_DE","og_type":"article","og_title":"Entladeelektrode MULK_\/_-TPT8 &#8211; Ragnar St\u00e5lskog","og_description":"Gem\u00e4\u00df. SS-EN 61235 Die Ableitungsstange MULK...\/...-TPT8 mit Hakenelektrode ist f\u00fcr die Ableitung statischer Aufladungen bestimmt. Die Hakenelektrode","og_url":"https:\/\/www.stalskog.se\/de\/produkte\/dischargedevice-mulk_-_-tpt8\/","og_site_name":"Ragnar St\u00e5lskog","article_modified_time":"2025-08-25T14:24:37+00:00","og_image":[{"width":216,"height":607,"url":"https:\/\/www.stalskog.se\/wp-content\/uploads\/2022\/04\/mulk__-tpt8.jpg","type":"image\/jpeg"}],"twitter_card":"summary_large_image","twitter_misc":{"Gesch\u00e4tzte Lesezeit":"1\u00a0Minute"},"schema":{"@context":"https:\/\/schema.org","@graph":[{"@type":"WebPage","@id":"https:\/\/www.stalskog.se\/de\/produkte\/dischargedevice-mulk_-_-tpt8\/","url":"https:\/\/www.stalskog.se\/de\/produkte\/dischargedevice-mulk_-_-tpt8\/","name":"Entladeelektrode MULK_\/_-TPT8 &#8211; Ragnar St\u00e5lskog","isPartOf":{"@id":"https:\/\/www.stalskog.se\/de\/#website"},"primaryImageOfPage":{"@id":"https:\/\/www.stalskog.se\/de\/produkte\/dischargedevice-mulk_-_-tpt8\/#primaryimage"},"image":{"@id":"https:\/\/www.stalskog.se\/de\/produkte\/dischargedevice-mulk_-_-tpt8\/#primaryimage"},"thumbnailUrl":"https:\/\/www.stalskog.se\/wp-content\/uploads\/2022\/04\/mulk__-tpt8.jpg","datePublished":"2022-04-28T07:21:12+00:00","dateModified":"2025-08-25T14:24:37+00:00","description":"Gem\u00e4\u00df. SS-EN 61235 Die Ableitungsstange MULK...\/...-TPT8 mit Hakenelektrode ist f\u00fcr die Ableitung statischer Aufladungen bestimmt. Die Hakenelektrode","breadcrumb":{"@id":"https:\/\/www.stalskog.se\/de\/produkte\/dischargedevice-mulk_-_-tpt8\/#breadcrumb"},"inLanguage":"de","potentialAction":[{"@type":"ReadAction","target":["https:\/\/www.stalskog.se\/de\/produkte\/dischargedevice-mulk_-_-tpt8\/"]}]},{"@type":"ImageObject","inLanguage":"de","@id":"https:\/\/www.stalskog.se\/de\/produkte\/dischargedevice-mulk_-_-tpt8\/#primaryimage","url":"https:\/\/www.stalskog.se\/wp-content\/uploads\/2022\/04\/mulk__-tpt8.jpg","contentUrl":"https:\/\/www.stalskog.se\/wp-content\/uploads\/2022\/04\/mulk__-tpt8.jpg","width":216,"height":607},{"@type":"BreadcrumbList","@id":"https:\/\/www.stalskog.se\/de\/produkte\/dischargedevice-mulk_-_-tpt8\/#breadcrumb","itemListElement":[{"@type":"ListItem","position":1,"name":"Hem","item":"https:\/\/www.stalskog.se\/de\/"},{"@type":"ListItem","position":2,"name":"Produkter","item":"https:\/\/www.stalskog.se\/?page_id=3235"},{"@type":"ListItem","position":3,"name":"1. Switchgear","item":"https:\/\/www.stalskog.se\/de\/kategorie\/switchgear-de\/"},{"@type":"ListItem","position":4,"name":"Entladeelektrode MULK_\/_-TPT8"}]},{"@type":"WebSite","@id":"https:\/\/www.stalskog.se\/de\/#website","url":"https:\/\/www.stalskog.se\/de\/","name":"Ragnar St\u00e5lskog","description":"","publisher":{"@id":"https:\/\/www.stalskog.se\/de\/#organization"},"potentialAction":[{"@type":"SearchAction","target":{"@type":"EntryPoint","urlTemplate":"https:\/\/www.stalskog.se\/de\/?s={search_term_string}"},"query-input":{"@type":"PropertyValueSpecification","valueRequired":true,"valueName":"search_term_string"}}],"inLanguage":"de"},{"@type":"Organization","@id":"https:\/\/www.stalskog.se\/de\/#organization","name":"Ragnar St\u00e5lskog","url":"https:\/\/www.stalskog.se\/de\/","logo":{"@type":"ImageObject","inLanguage":"de","@id":"https:\/\/www.stalskog.se\/de\/#\/schema\/logo\/image\/","url":"https:\/\/www.stalskog.se\/wp-content\/uploads\/2022\/03\/logo_o.png","contentUrl":"https:\/\/www.stalskog.se\/wp-content\/uploads\/2022\/03\/logo_o.png","width":410,"height":99,"caption":"Ragnar St\u00e5lskog"},"image":{"@id":"https:\/\/www.stalskog.se\/de\/#\/schema\/logo\/image\/"}}]}},"_links":{"self":[{"href":"https:\/\/www.stalskog.se\/de\/wp-json\/wp\/v2\/product\/4427","targetHints":{"allow":["GET"]}}],"collection":[{"href":"https:\/\/www.stalskog.se\/de\/wp-json\/wp\/v2\/product"}],"about":[{"href":"https:\/\/www.stalskog.se\/de\/wp-json\/wp\/v2\/types\/product"}],"replies":[{"embeddable":true,"href":"https:\/\/www.stalskog.se\/de\/wp-json\/wp\/v2\/comments?post=4427"}],"wp:featuredmedia":[{"embeddable":true,"href":"https:\/\/www.stalskog.se\/de\/wp-json\/wp\/v2\/media\/4423"}],"wp:attachment":[{"href":"https:\/\/www.stalskog.se\/de\/wp-json\/wp\/v2\/media?parent=4427"}],"wp:term":[{"taxonomy":"product_brand","embeddable":true,"href":"https:\/\/www.stalskog.se\/de\/wp-json\/wp\/v2\/product_brand?post=4427"},{"taxonomy":"product_cat","embeddable":true,"href":"https:\/\/www.stalskog.se\/de\/wp-json\/wp\/v2\/product_cat?post=4427"},{"taxonomy":"product_tag","embeddable":true,"href":"https:\/\/www.stalskog.se\/de\/wp-json\/wp\/v2\/product_tag?post=4427"}],"curies":[{"name":"wp","href":"https:\/\/api.w.org\/{rel}","templated":true}]}}