{"id":4463,"date":"2022-04-28T08:41:33","date_gmt":"2022-04-28T08:41:33","guid":{"rendered":"https:\/\/www.stalskog.se\/produkt\/liftingtoolset-juds\/"},"modified":"2025-08-25T14:24:30","modified_gmt":"2025-08-25T14:24:30","slug":"liftingtoolset-juds","status":"publish","type":"product","link":"https:\/\/www.stalskog.se\/de\/produkte\/liftingtoolset-juds\/","title":{"rendered":"Hebevorrichtung JUDS"},"content":{"rendered":"<p>Zum Heben schwerer Erdungsvorrichtungen.<br \/>\nDer JUDS-Hebezug besteht aus zwei Einheiten: der Leiterklemme JFKL, mit Block und 22 m Polyethylen-Seil, und dem Splei\u00dfteil mit Stange, JML. Diese werden in Kombination mit zwei max. 10 m langen Bedienungsstangen verwendet.<br \/>\nDie Klemme JFKL, inkl. Block und Seil, wird an einer max. 10 m langen Man\u00f6vriermast montiert. Das Zugseil ist mit der Stange der Splei\u00dfsektion verbunden.<br \/>\nDie Splei\u00dfsektion inkl. Stange JML ist zwischen dem Greifer JGS 18 alt. JGS 17 (gelenkig), und der Bet\u00e4tigungsstange, die die Erdungsvorrichtung bet\u00e4tigen wird, verbunden. Die Erdungsvorrichtung wird mit dem Greifersuchger\u00e4t verbunden.<br \/>\nDie Klemme JFKL wird dann mit dem Leiter verbunden, an dem die Erdungsvorrichtung angebracht werden soll. Die Stange mit der angeschlossenen Erdungsvorrichtung wird dann mit Hilfe des Zugseils hochgezogen. Nach dem Anbringen der Erdungsvorrichtung kann die Bet\u00e4tigungsstange mit dem Greifer von der Klemme gel\u00f6st werden. Die Klemme ist aus einer geh\u00e4rteten AlSi-Legierung und die Stahlteile sind aus rostfreiem Stahl gefertigt. Das Gelenk ist aus glasfaserverst\u00e4rktem Vinylester und die Stange aus beschichtetem Stahl. Die Zugschnur ist aus Poly\u00e4thylen gefertigt.           <\/p>\n","protected":false},"excerpt":{"rendered":"<p>Zum Heben schwerer Erdungsvorrichtungen. Der JUDS-Hebezug besteht aus zwei Einheiten: der Leiterklemme JFKL, mit Block und 22 m Polyethylen-Seil, und dem Splei\u00dfteil mit Stange, JML. Diese werden in Kombination mit zwei max. 10 m langen Bedienungsstangen verwendet. Die Klemme JFKL, inkl. Block und Seil, wird an einer max. 10 m langen Man\u00f6vriermast montiert. Das Zugseil [&hellip;]<\/p>\n","protected":false},"featured_media":4446,"comment_status":"closed","ping_status":"closed","template":"","meta":{"_acf_changed":false},"product_brand":[],"product_cat":[77,83,163,151],"product_tag":[],"class_list":{"0":"post-4463","1":"product","2":"type-product","3":"status-publish","4":"has-post-thumbnail","6":"product_cat-switchgear-de","7":"product_cat-2-overhead-lines-de","8":"product_cat-misc-de-2","9":"product_cat-misc-de","11":"first","12":"instock","13":"shipping-taxable","14":"product-type-simple"},"acf":[],"yoast_head":"<!-- This site is optimized with the Yoast SEO plugin v27.5 - https:\/\/yoast.com\/product\/yoast-seo-wordpress\/ -->\n<title>Hebevorrichtung JUDS &#8211; Ragnar St\u00e5lskog<\/title>\n<meta name=\"description\" content=\"Zum Heben schwerer Erdungsvorrichtungen. Der JUDS-Hebezug besteht aus zwei Einheiten: der Leiterklemme JFKL, mit Block und 22 m Polyethylen-Seil, und dem\" \/>\n<meta name=\"robots\" content=\"index, follow, max-snippet:-1, max-image-preview:large, max-video-preview:-1\" \/>\n<link rel=\"canonical\" href=\"https:\/\/www.stalskog.se\/de\/produkte\/liftingtoolset-juds\/\" \/>\n<meta property=\"og:locale\" content=\"de_DE\" \/>\n<meta property=\"og:type\" content=\"article\" \/>\n<meta property=\"og:title\" content=\"Hebevorrichtung JUDS &#8211; Ragnar St\u00e5lskog\" \/>\n<meta property=\"og:description\" content=\"Zum Heben schwerer Erdungsvorrichtungen. Der JUDS-Hebezug besteht aus zwei Einheiten: der Leiterklemme JFKL, mit Block und 22 m Polyethylen-Seil, und dem\" \/>\n<meta property=\"og:url\" content=\"https:\/\/www.stalskog.se\/de\/produkte\/liftingtoolset-juds\/\" \/>\n<meta property=\"og:site_name\" content=\"Ragnar St\u00e5lskog\" \/>\n<meta property=\"article:modified_time\" content=\"2025-08-25T14:24:30+00:00\" \/>\n<meta property=\"og:image\" content=\"https:\/\/www.stalskog.se\/wp-content\/uploads\/2022\/04\/juds.jpg\" \/>\n\t<meta property=\"og:image:width\" content=\"345\" \/>\n\t<meta property=\"og:image:height\" content=\"424\" \/>\n\t<meta property=\"og:image:type\" content=\"image\/jpeg\" \/>\n<meta name=\"twitter:card\" content=\"summary_large_image\" \/>\n<meta name=\"twitter:label1\" content=\"Gesch\u00e4tzte Lesezeit\" \/>\n\t<meta name=\"twitter:data1\" content=\"1\u00a0Minute\" \/>\n<script type=\"application\/ld+json\" class=\"yoast-schema-graph\">{\"@context\":\"https:\\\/\\\/schema.org\",\"@graph\":[{\"@type\":\"WebPage\",\"@id\":\"https:\\\/\\\/www.stalskog.se\\\/de\\\/produkte\\\/liftingtoolset-juds\\\/\",\"url\":\"https:\\\/\\\/www.stalskog.se\\\/de\\\/produkte\\\/liftingtoolset-juds\\\/\",\"name\":\"Hebevorrichtung JUDS &#8211; Ragnar St\u00e5lskog\",\"isPartOf\":{\"@id\":\"https:\\\/\\\/www.stalskog.se\\\/de\\\/#website\"},\"primaryImageOfPage\":{\"@id\":\"https:\\\/\\\/www.stalskog.se\\\/de\\\/produkte\\\/liftingtoolset-juds\\\/#primaryimage\"},\"image\":{\"@id\":\"https:\\\/\\\/www.stalskog.se\\\/de\\\/produkte\\\/liftingtoolset-juds\\\/#primaryimage\"},\"thumbnailUrl\":\"https:\\\/\\\/www.stalskog.se\\\/wp-content\\\/uploads\\\/2022\\\/04\\\/juds.jpg\",\"datePublished\":\"2022-04-28T08:41:33+00:00\",\"dateModified\":\"2025-08-25T14:24:30+00:00\",\"description\":\"Zum Heben schwerer Erdungsvorrichtungen. Der JUDS-Hebezug besteht aus zwei Einheiten: der Leiterklemme JFKL, mit Block und 22 m Polyethylen-Seil, und dem\",\"breadcrumb\":{\"@id\":\"https:\\\/\\\/www.stalskog.se\\\/de\\\/produkte\\\/liftingtoolset-juds\\\/#breadcrumb\"},\"inLanguage\":\"de\",\"potentialAction\":[{\"@type\":\"ReadAction\",\"target\":[\"https:\\\/\\\/www.stalskog.se\\\/de\\\/produkte\\\/liftingtoolset-juds\\\/\"]}]},{\"@type\":\"ImageObject\",\"inLanguage\":\"de\",\"@id\":\"https:\\\/\\\/www.stalskog.se\\\/de\\\/produkte\\\/liftingtoolset-juds\\\/#primaryimage\",\"url\":\"https:\\\/\\\/www.stalskog.se\\\/wp-content\\\/uploads\\\/2022\\\/04\\\/juds.jpg\",\"contentUrl\":\"https:\\\/\\\/www.stalskog.se\\\/wp-content\\\/uploads\\\/2022\\\/04\\\/juds.jpg\",\"width\":345,\"height\":424},{\"@type\":\"BreadcrumbList\",\"@id\":\"https:\\\/\\\/www.stalskog.se\\\/de\\\/produkte\\\/liftingtoolset-juds\\\/#breadcrumb\",\"itemListElement\":[{\"@type\":\"ListItem\",\"position\":1,\"name\":\"Hem\",\"item\":\"https:\\\/\\\/www.stalskog.se\\\/de\\\/\"},{\"@type\":\"ListItem\",\"position\":2,\"name\":\"Produkter\",\"item\":\"https:\\\/\\\/www.stalskog.se\\\/?page_id=3235\"},{\"@type\":\"ListItem\",\"position\":3,\"name\":\"1. Switchgear\",\"item\":\"https:\\\/\\\/www.stalskog.se\\\/de\\\/kategorie\\\/switchgear-de\\\/\"},{\"@type\":\"ListItem\",\"position\":4,\"name\":\"Hebevorrichtung JUDS\"}]},{\"@type\":\"WebSite\",\"@id\":\"https:\\\/\\\/www.stalskog.se\\\/de\\\/#website\",\"url\":\"https:\\\/\\\/www.stalskog.se\\\/de\\\/\",\"name\":\"Ragnar St\u00e5lskog\",\"description\":\"\",\"publisher\":{\"@id\":\"https:\\\/\\\/www.stalskog.se\\\/de\\\/#organization\"},\"potentialAction\":[{\"@type\":\"SearchAction\",\"target\":{\"@type\":\"EntryPoint\",\"urlTemplate\":\"https:\\\/\\\/www.stalskog.se\\\/de\\\/?s={search_term_string}\"},\"query-input\":{\"@type\":\"PropertyValueSpecification\",\"valueRequired\":true,\"valueName\":\"search_term_string\"}}],\"inLanguage\":\"de\"},{\"@type\":\"Organization\",\"@id\":\"https:\\\/\\\/www.stalskog.se\\\/de\\\/#organization\",\"name\":\"Ragnar St\u00e5lskog\",\"url\":\"https:\\\/\\\/www.stalskog.se\\\/de\\\/\",\"logo\":{\"@type\":\"ImageObject\",\"inLanguage\":\"de\",\"@id\":\"https:\\\/\\\/www.stalskog.se\\\/de\\\/#\\\/schema\\\/logo\\\/image\\\/\",\"url\":\"https:\\\/\\\/www.stalskog.se\\\/wp-content\\\/uploads\\\/2022\\\/03\\\/logo_o.png\",\"contentUrl\":\"https:\\\/\\\/www.stalskog.se\\\/wp-content\\\/uploads\\\/2022\\\/03\\\/logo_o.png\",\"width\":410,\"height\":99,\"caption\":\"Ragnar St\u00e5lskog\"},\"image\":{\"@id\":\"https:\\\/\\\/www.stalskog.se\\\/de\\\/#\\\/schema\\\/logo\\\/image\\\/\"}}]}<\/script>\n<!-- \/ Yoast SEO plugin. -->","yoast_head_json":{"title":"Hebevorrichtung JUDS &#8211; Ragnar St\u00e5lskog","description":"Zum Heben schwerer Erdungsvorrichtungen. Der JUDS-Hebezug besteht aus zwei Einheiten: der Leiterklemme JFKL, mit Block und 22 m Polyethylen-Seil, und dem","robots":{"index":"index","follow":"follow","max-snippet":"max-snippet:-1","max-image-preview":"max-image-preview:large","max-video-preview":"max-video-preview:-1"},"canonical":"https:\/\/www.stalskog.se\/de\/produkte\/liftingtoolset-juds\/","og_locale":"de_DE","og_type":"article","og_title":"Hebevorrichtung JUDS &#8211; Ragnar St\u00e5lskog","og_description":"Zum Heben schwerer Erdungsvorrichtungen. Der JUDS-Hebezug besteht aus zwei Einheiten: der Leiterklemme JFKL, mit Block und 22 m Polyethylen-Seil, und dem","og_url":"https:\/\/www.stalskog.se\/de\/produkte\/liftingtoolset-juds\/","og_site_name":"Ragnar St\u00e5lskog","article_modified_time":"2025-08-25T14:24:30+00:00","og_image":[{"width":345,"height":424,"url":"https:\/\/www.stalskog.se\/wp-content\/uploads\/2022\/04\/juds.jpg","type":"image\/jpeg"}],"twitter_card":"summary_large_image","twitter_misc":{"Gesch\u00e4tzte Lesezeit":"1\u00a0Minute"},"schema":{"@context":"https:\/\/schema.org","@graph":[{"@type":"WebPage","@id":"https:\/\/www.stalskog.se\/de\/produkte\/liftingtoolset-juds\/","url":"https:\/\/www.stalskog.se\/de\/produkte\/liftingtoolset-juds\/","name":"Hebevorrichtung JUDS &#8211; Ragnar St\u00e5lskog","isPartOf":{"@id":"https:\/\/www.stalskog.se\/de\/#website"},"primaryImageOfPage":{"@id":"https:\/\/www.stalskog.se\/de\/produkte\/liftingtoolset-juds\/#primaryimage"},"image":{"@id":"https:\/\/www.stalskog.se\/de\/produkte\/liftingtoolset-juds\/#primaryimage"},"thumbnailUrl":"https:\/\/www.stalskog.se\/wp-content\/uploads\/2022\/04\/juds.jpg","datePublished":"2022-04-28T08:41:33+00:00","dateModified":"2025-08-25T14:24:30+00:00","description":"Zum Heben schwerer Erdungsvorrichtungen. Der JUDS-Hebezug besteht aus zwei Einheiten: der Leiterklemme JFKL, mit Block und 22 m Polyethylen-Seil, und dem","breadcrumb":{"@id":"https:\/\/www.stalskog.se\/de\/produkte\/liftingtoolset-juds\/#breadcrumb"},"inLanguage":"de","potentialAction":[{"@type":"ReadAction","target":["https:\/\/www.stalskog.se\/de\/produkte\/liftingtoolset-juds\/"]}]},{"@type":"ImageObject","inLanguage":"de","@id":"https:\/\/www.stalskog.se\/de\/produkte\/liftingtoolset-juds\/#primaryimage","url":"https:\/\/www.stalskog.se\/wp-content\/uploads\/2022\/04\/juds.jpg","contentUrl":"https:\/\/www.stalskog.se\/wp-content\/uploads\/2022\/04\/juds.jpg","width":345,"height":424},{"@type":"BreadcrumbList","@id":"https:\/\/www.stalskog.se\/de\/produkte\/liftingtoolset-juds\/#breadcrumb","itemListElement":[{"@type":"ListItem","position":1,"name":"Hem","item":"https:\/\/www.stalskog.se\/de\/"},{"@type":"ListItem","position":2,"name":"Produkter","item":"https:\/\/www.stalskog.se\/?page_id=3235"},{"@type":"ListItem","position":3,"name":"1. Switchgear","item":"https:\/\/www.stalskog.se\/de\/kategorie\/switchgear-de\/"},{"@type":"ListItem","position":4,"name":"Hebevorrichtung JUDS"}]},{"@type":"WebSite","@id":"https:\/\/www.stalskog.se\/de\/#website","url":"https:\/\/www.stalskog.se\/de\/","name":"Ragnar St\u00e5lskog","description":"","publisher":{"@id":"https:\/\/www.stalskog.se\/de\/#organization"},"potentialAction":[{"@type":"SearchAction","target":{"@type":"EntryPoint","urlTemplate":"https:\/\/www.stalskog.se\/de\/?s={search_term_string}"},"query-input":{"@type":"PropertyValueSpecification","valueRequired":true,"valueName":"search_term_string"}}],"inLanguage":"de"},{"@type":"Organization","@id":"https:\/\/www.stalskog.se\/de\/#organization","name":"Ragnar St\u00e5lskog","url":"https:\/\/www.stalskog.se\/de\/","logo":{"@type":"ImageObject","inLanguage":"de","@id":"https:\/\/www.stalskog.se\/de\/#\/schema\/logo\/image\/","url":"https:\/\/www.stalskog.se\/wp-content\/uploads\/2022\/03\/logo_o.png","contentUrl":"https:\/\/www.stalskog.se\/wp-content\/uploads\/2022\/03\/logo_o.png","width":410,"height":99,"caption":"Ragnar St\u00e5lskog"},"image":{"@id":"https:\/\/www.stalskog.se\/de\/#\/schema\/logo\/image\/"}}]}},"_links":{"self":[{"href":"https:\/\/www.stalskog.se\/de\/wp-json\/wp\/v2\/product\/4463","targetHints":{"allow":["GET"]}}],"collection":[{"href":"https:\/\/www.stalskog.se\/de\/wp-json\/wp\/v2\/product"}],"about":[{"href":"https:\/\/www.stalskog.se\/de\/wp-json\/wp\/v2\/types\/product"}],"replies":[{"embeddable":true,"href":"https:\/\/www.stalskog.se\/de\/wp-json\/wp\/v2\/comments?post=4463"}],"wp:featuredmedia":[{"embeddable":true,"href":"https:\/\/www.stalskog.se\/de\/wp-json\/wp\/v2\/media\/4446"}],"wp:attachment":[{"href":"https:\/\/www.stalskog.se\/de\/wp-json\/wp\/v2\/media?parent=4463"}],"wp:term":[{"taxonomy":"product_brand","embeddable":true,"href":"https:\/\/www.stalskog.se\/de\/wp-json\/wp\/v2\/product_brand?post=4463"},{"taxonomy":"product_cat","embeddable":true,"href":"https:\/\/www.stalskog.se\/de\/wp-json\/wp\/v2\/product_cat?post=4463"},{"taxonomy":"product_tag","embeddable":true,"href":"https:\/\/www.stalskog.se\/de\/wp-json\/wp\/v2\/product_tag?post=4463"}],"curies":[{"name":"wp","href":"https:\/\/api.w.org\/{rel}","templated":true}]}}