{"id":4475,"date":"2022-04-28T11:19:18","date_gmt":"2022-04-28T11:19:18","guid":{"rendered":"https:\/\/www.stalskog.se\/produkt\/support-device-msg116\/"},"modified":"2025-08-25T14:24:25","modified_gmt":"2025-08-25T14:24:25","slug":"support-device-msg116","status":"publish","type":"product","link":"https:\/\/www.stalskog.se\/de\/produkte\/support-device-msg116\/","title":{"rendered":"St\u00fctzwalze MSG116"},"content":{"rendered":"<p>Die St\u00fctzrolle MSG 116 ist f\u00fcr die Montage auf Ger\u00e4test\u00e4ndern oder \u00e4hnlichem vorgesehen, um das Anheben schwerer Erdungsger\u00e4te zu erleichtern. Mit Hilfe der Rolle ist es einfach, die Isolierstange mit dem Erdungsger\u00e4t bis zum Anschluss an den Leiter zu schieben. Die Rolle kann an Stahlkonstruktionen mit einer maximalen Dicke von 20 mm. F\u00fcr die Montage der St\u00fctzrolle sind Durchgangsl\u00f6cher f\u00fcr M 16 erforderlich.<br \/>\nIndem Sie die Erdungsstange so hoch wie m\u00f6glich auf dem Ger\u00e4tetr\u00e4ger platzieren, kann die L\u00e4nge des Erdungsleiters begrenzt werden. Die L\u00e4nge wird etwas l\u00e4nger sein als der Isolator f\u00fcr jede Spannung.<br \/>\nDieses Prinzip erleichtert das Anheben der Erdungsvorrichtung und das Erdungskabel wird von der Person, die die Erdung durchf\u00fchrt, nicht ber\u00fchrt, was die pers\u00f6nliche Sicherheit erh\u00f6ht.<br \/>\nDie Abbildung zeigt das Prinzip der Erdungskonstruktion. Bei der Erdungsvorrichtung handelt es sich um einen Stecker, JBAS 200, in Form eines B\u00fcgels, der mit einer Schraubverbindung hoch oben auf dem Ger\u00e4tetr\u00e4ger angebracht wird. Eine St\u00fctzrolle, MSG 116, wird auf der H\u00f6he des Steckers angebracht, um das Anheben des Steckers zu erleichtern.<br \/>\nDer Erdungsstecker ist ein JK42-JK42 oder JK47-JK47.       <\/p>\n","protected":false},"excerpt":{"rendered":"<p>Die St\u00fctzrolle MSG 116 ist f\u00fcr die Montage auf Ger\u00e4test\u00e4ndern oder \u00e4hnlichem vorgesehen, um das Anheben schwerer Erdungsger\u00e4te zu erleichtern. Mit Hilfe der Rolle ist es einfach, die Isolierstange mit dem Erdungsger\u00e4t bis zum Anschluss an den Leiter zu schieben. Die Rolle kann an Stahlkonstruktionen mit einer maximalen Dicke von 20 mm. F\u00fcr die Montage [&hellip;]<\/p>\n","protected":false},"featured_media":4468,"comment_status":"closed","ping_status":"closed","template":"","meta":{"_acf_changed":false},"product_brand":[],"product_cat":[77,107,151],"product_tag":[],"class_list":{"0":"post-4475","1":"product","2":"type-product","3":"status-publish","4":"has-post-thumbnail","6":"product_cat-switchgear-de","7":"product_cat-other-products-de","8":"product_cat-misc-de","10":"first","11":"instock","12":"shipping-taxable","13":"product-type-simple"},"acf":[],"yoast_head":"<!-- This site is optimized with the Yoast SEO plugin v27.5 - https:\/\/yoast.com\/product\/yoast-seo-wordpress\/ -->\n<title>St\u00fctzwalze MSG116 &#8211; Ragnar St\u00e5lskog<\/title>\n<meta name=\"description\" content=\"Die St\u00fctzrolle MSG 116 ist f\u00fcr die Montage auf Ger\u00e4test\u00e4ndern oder \u00e4hnlichem vorgesehen, um das Anheben schwerer Erdungsger\u00e4te zu erleichtern. Mit Hilfe\" \/>\n<meta name=\"robots\" content=\"index, follow, max-snippet:-1, max-image-preview:large, max-video-preview:-1\" \/>\n<link rel=\"canonical\" href=\"https:\/\/www.stalskog.se\/de\/produkte\/support-device-msg116\/\" \/>\n<meta property=\"og:locale\" content=\"de_DE\" \/>\n<meta property=\"og:type\" content=\"article\" \/>\n<meta property=\"og:title\" content=\"St\u00fctzwalze MSG116 &#8211; Ragnar St\u00e5lskog\" \/>\n<meta property=\"og:description\" content=\"Die St\u00fctzrolle MSG 116 ist f\u00fcr die Montage auf Ger\u00e4test\u00e4ndern oder \u00e4hnlichem vorgesehen, um das Anheben schwerer Erdungsger\u00e4te zu erleichtern. Mit Hilfe\" \/>\n<meta property=\"og:url\" content=\"https:\/\/www.stalskog.se\/de\/produkte\/support-device-msg116\/\" \/>\n<meta property=\"og:site_name\" content=\"Ragnar St\u00e5lskog\" \/>\n<meta property=\"article:modified_time\" content=\"2025-08-25T14:24:25+00:00\" \/>\n<meta property=\"og:image\" content=\"https:\/\/www.stalskog.se\/wp-content\/uploads\/2022\/04\/msg_116.jpg\" \/>\n\t<meta property=\"og:image:width\" content=\"451\" \/>\n\t<meta property=\"og:image:height\" content=\"214\" \/>\n\t<meta property=\"og:image:type\" content=\"image\/jpeg\" \/>\n<meta name=\"twitter:card\" content=\"summary_large_image\" \/>\n<meta name=\"twitter:label1\" content=\"Gesch\u00e4tzte Lesezeit\" \/>\n\t<meta name=\"twitter:data1\" content=\"1\u00a0Minute\" \/>\n<script type=\"application\/ld+json\" class=\"yoast-schema-graph\">{\"@context\":\"https:\\\/\\\/schema.org\",\"@graph\":[{\"@type\":\"WebPage\",\"@id\":\"https:\\\/\\\/www.stalskog.se\\\/de\\\/produkte\\\/support-device-msg116\\\/\",\"url\":\"https:\\\/\\\/www.stalskog.se\\\/de\\\/produkte\\\/support-device-msg116\\\/\",\"name\":\"St\u00fctzwalze MSG116 &#8211; Ragnar St\u00e5lskog\",\"isPartOf\":{\"@id\":\"https:\\\/\\\/www.stalskog.se\\\/de\\\/#website\"},\"primaryImageOfPage\":{\"@id\":\"https:\\\/\\\/www.stalskog.se\\\/de\\\/produkte\\\/support-device-msg116\\\/#primaryimage\"},\"image\":{\"@id\":\"https:\\\/\\\/www.stalskog.se\\\/de\\\/produkte\\\/support-device-msg116\\\/#primaryimage\"},\"thumbnailUrl\":\"https:\\\/\\\/www.stalskog.se\\\/wp-content\\\/uploads\\\/2022\\\/04\\\/msg_116.jpg\",\"datePublished\":\"2022-04-28T11:19:18+00:00\",\"dateModified\":\"2025-08-25T14:24:25+00:00\",\"description\":\"Die St\u00fctzrolle MSG 116 ist f\u00fcr die Montage auf Ger\u00e4test\u00e4ndern oder \u00e4hnlichem vorgesehen, um das Anheben schwerer Erdungsger\u00e4te zu erleichtern. Mit Hilfe\",\"breadcrumb\":{\"@id\":\"https:\\\/\\\/www.stalskog.se\\\/de\\\/produkte\\\/support-device-msg116\\\/#breadcrumb\"},\"inLanguage\":\"de\",\"potentialAction\":[{\"@type\":\"ReadAction\",\"target\":[\"https:\\\/\\\/www.stalskog.se\\\/de\\\/produkte\\\/support-device-msg116\\\/\"]}]},{\"@type\":\"ImageObject\",\"inLanguage\":\"de\",\"@id\":\"https:\\\/\\\/www.stalskog.se\\\/de\\\/produkte\\\/support-device-msg116\\\/#primaryimage\",\"url\":\"https:\\\/\\\/www.stalskog.se\\\/wp-content\\\/uploads\\\/2022\\\/04\\\/msg_116.jpg\",\"contentUrl\":\"https:\\\/\\\/www.stalskog.se\\\/wp-content\\\/uploads\\\/2022\\\/04\\\/msg_116.jpg\",\"width\":451,\"height\":214},{\"@type\":\"BreadcrumbList\",\"@id\":\"https:\\\/\\\/www.stalskog.se\\\/de\\\/produkte\\\/support-device-msg116\\\/#breadcrumb\",\"itemListElement\":[{\"@type\":\"ListItem\",\"position\":1,\"name\":\"Hem\",\"item\":\"https:\\\/\\\/www.stalskog.se\\\/de\\\/\"},{\"@type\":\"ListItem\",\"position\":2,\"name\":\"Produkter\",\"item\":\"https:\\\/\\\/www.stalskog.se\\\/?page_id=3235\"},{\"@type\":\"ListItem\",\"position\":3,\"name\":\"1. Switchgear\",\"item\":\"https:\\\/\\\/www.stalskog.se\\\/de\\\/kategorie\\\/switchgear-de\\\/\"},{\"@type\":\"ListItem\",\"position\":4,\"name\":\"St\u00fctzwalze MSG116\"}]},{\"@type\":\"WebSite\",\"@id\":\"https:\\\/\\\/www.stalskog.se\\\/de\\\/#website\",\"url\":\"https:\\\/\\\/www.stalskog.se\\\/de\\\/\",\"name\":\"Ragnar St\u00e5lskog\",\"description\":\"\",\"publisher\":{\"@id\":\"https:\\\/\\\/www.stalskog.se\\\/de\\\/#organization\"},\"potentialAction\":[{\"@type\":\"SearchAction\",\"target\":{\"@type\":\"EntryPoint\",\"urlTemplate\":\"https:\\\/\\\/www.stalskog.se\\\/de\\\/?s={search_term_string}\"},\"query-input\":{\"@type\":\"PropertyValueSpecification\",\"valueRequired\":true,\"valueName\":\"search_term_string\"}}],\"inLanguage\":\"de\"},{\"@type\":\"Organization\",\"@id\":\"https:\\\/\\\/www.stalskog.se\\\/de\\\/#organization\",\"name\":\"Ragnar St\u00e5lskog\",\"url\":\"https:\\\/\\\/www.stalskog.se\\\/de\\\/\",\"logo\":{\"@type\":\"ImageObject\",\"inLanguage\":\"de\",\"@id\":\"https:\\\/\\\/www.stalskog.se\\\/de\\\/#\\\/schema\\\/logo\\\/image\\\/\",\"url\":\"https:\\\/\\\/www.stalskog.se\\\/wp-content\\\/uploads\\\/2022\\\/03\\\/logo_o.png\",\"contentUrl\":\"https:\\\/\\\/www.stalskog.se\\\/wp-content\\\/uploads\\\/2022\\\/03\\\/logo_o.png\",\"width\":410,\"height\":99,\"caption\":\"Ragnar St\u00e5lskog\"},\"image\":{\"@id\":\"https:\\\/\\\/www.stalskog.se\\\/de\\\/#\\\/schema\\\/logo\\\/image\\\/\"}}]}<\/script>\n<!-- \/ Yoast SEO plugin. -->","yoast_head_json":{"title":"St\u00fctzwalze MSG116 &#8211; Ragnar St\u00e5lskog","description":"Die St\u00fctzrolle MSG 116 ist f\u00fcr die Montage auf Ger\u00e4test\u00e4ndern oder \u00e4hnlichem vorgesehen, um das Anheben schwerer Erdungsger\u00e4te zu erleichtern. Mit Hilfe","robots":{"index":"index","follow":"follow","max-snippet":"max-snippet:-1","max-image-preview":"max-image-preview:large","max-video-preview":"max-video-preview:-1"},"canonical":"https:\/\/www.stalskog.se\/de\/produkte\/support-device-msg116\/","og_locale":"de_DE","og_type":"article","og_title":"St\u00fctzwalze MSG116 &#8211; Ragnar St\u00e5lskog","og_description":"Die St\u00fctzrolle MSG 116 ist f\u00fcr die Montage auf Ger\u00e4test\u00e4ndern oder \u00e4hnlichem vorgesehen, um das Anheben schwerer Erdungsger\u00e4te zu erleichtern. Mit Hilfe","og_url":"https:\/\/www.stalskog.se\/de\/produkte\/support-device-msg116\/","og_site_name":"Ragnar St\u00e5lskog","article_modified_time":"2025-08-25T14:24:25+00:00","og_image":[{"width":451,"height":214,"url":"https:\/\/www.stalskog.se\/wp-content\/uploads\/2022\/04\/msg_116.jpg","type":"image\/jpeg"}],"twitter_card":"summary_large_image","twitter_misc":{"Gesch\u00e4tzte Lesezeit":"1\u00a0Minute"},"schema":{"@context":"https:\/\/schema.org","@graph":[{"@type":"WebPage","@id":"https:\/\/www.stalskog.se\/de\/produkte\/support-device-msg116\/","url":"https:\/\/www.stalskog.se\/de\/produkte\/support-device-msg116\/","name":"St\u00fctzwalze MSG116 &#8211; Ragnar St\u00e5lskog","isPartOf":{"@id":"https:\/\/www.stalskog.se\/de\/#website"},"primaryImageOfPage":{"@id":"https:\/\/www.stalskog.se\/de\/produkte\/support-device-msg116\/#primaryimage"},"image":{"@id":"https:\/\/www.stalskog.se\/de\/produkte\/support-device-msg116\/#primaryimage"},"thumbnailUrl":"https:\/\/www.stalskog.se\/wp-content\/uploads\/2022\/04\/msg_116.jpg","datePublished":"2022-04-28T11:19:18+00:00","dateModified":"2025-08-25T14:24:25+00:00","description":"Die St\u00fctzrolle MSG 116 ist f\u00fcr die Montage auf Ger\u00e4test\u00e4ndern oder \u00e4hnlichem vorgesehen, um das Anheben schwerer Erdungsger\u00e4te zu erleichtern. Mit Hilfe","breadcrumb":{"@id":"https:\/\/www.stalskog.se\/de\/produkte\/support-device-msg116\/#breadcrumb"},"inLanguage":"de","potentialAction":[{"@type":"ReadAction","target":["https:\/\/www.stalskog.se\/de\/produkte\/support-device-msg116\/"]}]},{"@type":"ImageObject","inLanguage":"de","@id":"https:\/\/www.stalskog.se\/de\/produkte\/support-device-msg116\/#primaryimage","url":"https:\/\/www.stalskog.se\/wp-content\/uploads\/2022\/04\/msg_116.jpg","contentUrl":"https:\/\/www.stalskog.se\/wp-content\/uploads\/2022\/04\/msg_116.jpg","width":451,"height":214},{"@type":"BreadcrumbList","@id":"https:\/\/www.stalskog.se\/de\/produkte\/support-device-msg116\/#breadcrumb","itemListElement":[{"@type":"ListItem","position":1,"name":"Hem","item":"https:\/\/www.stalskog.se\/de\/"},{"@type":"ListItem","position":2,"name":"Produkter","item":"https:\/\/www.stalskog.se\/?page_id=3235"},{"@type":"ListItem","position":3,"name":"1. Switchgear","item":"https:\/\/www.stalskog.se\/de\/kategorie\/switchgear-de\/"},{"@type":"ListItem","position":4,"name":"St\u00fctzwalze MSG116"}]},{"@type":"WebSite","@id":"https:\/\/www.stalskog.se\/de\/#website","url":"https:\/\/www.stalskog.se\/de\/","name":"Ragnar St\u00e5lskog","description":"","publisher":{"@id":"https:\/\/www.stalskog.se\/de\/#organization"},"potentialAction":[{"@type":"SearchAction","target":{"@type":"EntryPoint","urlTemplate":"https:\/\/www.stalskog.se\/de\/?s={search_term_string}"},"query-input":{"@type":"PropertyValueSpecification","valueRequired":true,"valueName":"search_term_string"}}],"inLanguage":"de"},{"@type":"Organization","@id":"https:\/\/www.stalskog.se\/de\/#organization","name":"Ragnar St\u00e5lskog","url":"https:\/\/www.stalskog.se\/de\/","logo":{"@type":"ImageObject","inLanguage":"de","@id":"https:\/\/www.stalskog.se\/de\/#\/schema\/logo\/image\/","url":"https:\/\/www.stalskog.se\/wp-content\/uploads\/2022\/03\/logo_o.png","contentUrl":"https:\/\/www.stalskog.se\/wp-content\/uploads\/2022\/03\/logo_o.png","width":410,"height":99,"caption":"Ragnar St\u00e5lskog"},"image":{"@id":"https:\/\/www.stalskog.se\/de\/#\/schema\/logo\/image\/"}}]}},"_links":{"self":[{"href":"https:\/\/www.stalskog.se\/de\/wp-json\/wp\/v2\/product\/4475","targetHints":{"allow":["GET"]}}],"collection":[{"href":"https:\/\/www.stalskog.se\/de\/wp-json\/wp\/v2\/product"}],"about":[{"href":"https:\/\/www.stalskog.se\/de\/wp-json\/wp\/v2\/types\/product"}],"replies":[{"embeddable":true,"href":"https:\/\/www.stalskog.se\/de\/wp-json\/wp\/v2\/comments?post=4475"}],"wp:featuredmedia":[{"embeddable":true,"href":"https:\/\/www.stalskog.se\/de\/wp-json\/wp\/v2\/media\/4468"}],"wp:attachment":[{"href":"https:\/\/www.stalskog.se\/de\/wp-json\/wp\/v2\/media?parent=4475"}],"wp:term":[{"taxonomy":"product_brand","embeddable":true,"href":"https:\/\/www.stalskog.se\/de\/wp-json\/wp\/v2\/product_brand?post=4475"},{"taxonomy":"product_cat","embeddable":true,"href":"https:\/\/www.stalskog.se\/de\/wp-json\/wp\/v2\/product_cat?post=4475"},{"taxonomy":"product_tag","embeddable":true,"href":"https:\/\/www.stalskog.se\/de\/wp-json\/wp\/v2\/product_tag?post=4475"}],"curies":[{"name":"wp","href":"https:\/\/api.w.org\/{rel}","templated":true}]}}