{"id":4575,"date":"2022-04-29T09:46:35","date_gmt":"2022-04-29T09:46:35","guid":{"rendered":"https:\/\/www.stalskog.se\/produkt\/3-phase-jske-skf12-skn120\/"},"modified":"2025-08-25T14:24:02","modified_gmt":"2025-08-25T14:24:02","slug":"3-phase-jske-skf12-skn120","status":"publish","type":"product","link":"https:\/\/www.stalskog.se\/de\/produkte\/3-phase-jske-skf12-skn120\/","title":{"rendered":"3-Phasen JSKE \/ SKF12 \/ SKN120"},"content":{"rendered":"<p>3-Phasen-Kurzschluss-Sammelschiene<\/p>\n<p>Die Schienen bestehen aus einer versilberten Aluminiumlegierung und sind mit Nuten zur Verbindung mit dem Schienenhalter versehen. Die Schienen und Schienenb\u00fcgel werden mit der Bet\u00e4tigungsstange MGV, MDV\/MSV bedient. Die Leiterklemme JFS 21 wird mit dem Verbinder JKS verbunden.<br \/>\nDer Kabelschuh JLA wird mit dem festen Erdungsanschluss JBF oder JVF verbunden.<br \/>\nDie Fl\u00e4che der Stromschiene betr\u00e4gt max. 150 mm2. Schienenl\u00e4nge max. 1000 mm.<br \/>\nGeben Sie bei der Bestellung die Kabelfl\u00e4che und -l\u00e4nge sowie den Phasenabstand an, um die richtige Schienenl\u00e4nge zu erhalten.   <\/p>\n","protected":false},"excerpt":{"rendered":"<p>3-Phasen-Kurzschluss-Sammelschiene Die Schienen bestehen aus einer versilberten Aluminiumlegierung und sind mit Nuten zur Verbindung mit dem Schienenhalter versehen. Die Schienen und Schienenb\u00fcgel werden mit der Bet\u00e4tigungsstange MGV, MDV\/MSV bedient. Die Leiterklemme JFS 21 wird mit dem Verbinder JKS verbunden. Der Kabelschuh JLA wird mit dem festen Erdungsanschluss JBF oder JVF verbunden. Die Fl\u00e4che der Stromschiene [&hellip;]<\/p>\n","protected":false},"featured_media":4556,"comment_status":"closed","ping_status":"closed","template":"","meta":{"_acf_changed":false},"product_brand":[],"product_cat":[77,143],"product_tag":[],"class_list":{"0":"post-4575","1":"product","2":"type-product","3":"status-publish","4":"has-post-thumbnail","6":"product_cat-switchgear-de","7":"product_cat-3-phase-de","9":"first","10":"instock","11":"shipping-taxable","12":"product-type-simple"},"acf":[],"yoast_head":"<!-- This site is optimized with the Yoast SEO plugin v27.3 - https:\/\/yoast.com\/product\/yoast-seo-wordpress\/ -->\n<title>3-Phasen JSKE \/ SKF12 \/ SKN120 &#8211; Ragnar St\u00e5lskog<\/title>\n<meta name=\"description\" content=\"3-Phasen-Kurzschluss-Sammelschiene Die Schienen bestehen aus einer versilberten Aluminiumlegierung und sind mit Nuten zur Verbindung mit dem\" \/>\n<meta name=\"robots\" content=\"index, follow, max-snippet:-1, max-image-preview:large, max-video-preview:-1\" \/>\n<link rel=\"canonical\" href=\"https:\/\/www.stalskog.se\/de\/produkte\/3-phase-jske-skf12-skn120\/\" \/>\n<meta property=\"og:locale\" content=\"de_DE\" \/>\n<meta property=\"og:type\" content=\"article\" \/>\n<meta property=\"og:title\" content=\"3-Phasen JSKE \/ SKF12 \/ SKN120 &#8211; Ragnar St\u00e5lskog\" \/>\n<meta property=\"og:description\" content=\"3-Phasen-Kurzschluss-Sammelschiene Die Schienen bestehen aus einer versilberten Aluminiumlegierung und sind mit Nuten zur Verbindung mit dem\" \/>\n<meta property=\"og:url\" content=\"https:\/\/www.stalskog.se\/de\/produkte\/3-phase-jske-skf12-skn120\/\" \/>\n<meta property=\"og:site_name\" content=\"Ragnar St\u00e5lskog\" \/>\n<meta property=\"article:modified_time\" content=\"2025-08-25T14:24:02+00:00\" \/>\n<meta property=\"og:image\" content=\"https:\/\/www.stalskog.se\/wp-content\/uploads\/2022\/04\/jske_norm.png\" \/>\n\t<meta property=\"og:image:width\" content=\"207\" \/>\n\t<meta property=\"og:image:height\" content=\"300\" \/>\n\t<meta property=\"og:image:type\" content=\"image\/png\" \/>\n<meta name=\"twitter:card\" content=\"summary_large_image\" \/>\n<script type=\"application\/ld+json\" class=\"yoast-schema-graph\">{\"@context\":\"https:\\\/\\\/schema.org\",\"@graph\":[{\"@type\":\"WebPage\",\"@id\":\"https:\\\/\\\/www.stalskog.se\\\/de\\\/produkte\\\/3-phase-jske-skf12-skn120\\\/\",\"url\":\"https:\\\/\\\/www.stalskog.se\\\/de\\\/produkte\\\/3-phase-jske-skf12-skn120\\\/\",\"name\":\"3-Phasen JSKE \\\/ SKF12 \\\/ SKN120 &#8211; Ragnar St\u00e5lskog\",\"isPartOf\":{\"@id\":\"https:\\\/\\\/www.stalskog.se\\\/de\\\/#website\"},\"primaryImageOfPage\":{\"@id\":\"https:\\\/\\\/www.stalskog.se\\\/de\\\/produkte\\\/3-phase-jske-skf12-skn120\\\/#primaryimage\"},\"image\":{\"@id\":\"https:\\\/\\\/www.stalskog.se\\\/de\\\/produkte\\\/3-phase-jske-skf12-skn120\\\/#primaryimage\"},\"thumbnailUrl\":\"https:\\\/\\\/www.stalskog.se\\\/wp-content\\\/uploads\\\/2022\\\/04\\\/jske_norm.png\",\"datePublished\":\"2022-04-29T09:46:35+00:00\",\"dateModified\":\"2025-08-25T14:24:02+00:00\",\"description\":\"3-Phasen-Kurzschluss-Sammelschiene Die Schienen bestehen aus einer versilberten Aluminiumlegierung und sind mit Nuten zur Verbindung mit dem\",\"breadcrumb\":{\"@id\":\"https:\\\/\\\/www.stalskog.se\\\/de\\\/produkte\\\/3-phase-jske-skf12-skn120\\\/#breadcrumb\"},\"inLanguage\":\"de\",\"potentialAction\":[{\"@type\":\"ReadAction\",\"target\":[\"https:\\\/\\\/www.stalskog.se\\\/de\\\/produkte\\\/3-phase-jske-skf12-skn120\\\/\"]}]},{\"@type\":\"ImageObject\",\"inLanguage\":\"de\",\"@id\":\"https:\\\/\\\/www.stalskog.se\\\/de\\\/produkte\\\/3-phase-jske-skf12-skn120\\\/#primaryimage\",\"url\":\"https:\\\/\\\/www.stalskog.se\\\/wp-content\\\/uploads\\\/2022\\\/04\\\/jske_norm.png\",\"contentUrl\":\"https:\\\/\\\/www.stalskog.se\\\/wp-content\\\/uploads\\\/2022\\\/04\\\/jske_norm.png\",\"width\":207,\"height\":300},{\"@type\":\"BreadcrumbList\",\"@id\":\"https:\\\/\\\/www.stalskog.se\\\/de\\\/produkte\\\/3-phase-jske-skf12-skn120\\\/#breadcrumb\",\"itemListElement\":[{\"@type\":\"ListItem\",\"position\":1,\"name\":\"Hem\",\"item\":\"https:\\\/\\\/www.stalskog.se\\\/de\\\/\"},{\"@type\":\"ListItem\",\"position\":2,\"name\":\"Produkter\",\"item\":\"https:\\\/\\\/www.stalskog.se\\\/?page_id=3235\"},{\"@type\":\"ListItem\",\"position\":3,\"name\":\"1. Switchgear\",\"item\":\"https:\\\/\\\/www.stalskog.se\\\/de\\\/kategorie\\\/switchgear-de\\\/\"},{\"@type\":\"ListItem\",\"position\":4,\"name\":\"3-Phasen JSKE \\\/ SKF12 \\\/ SKN120\"}]},{\"@type\":\"WebSite\",\"@id\":\"https:\\\/\\\/www.stalskog.se\\\/de\\\/#website\",\"url\":\"https:\\\/\\\/www.stalskog.se\\\/de\\\/\",\"name\":\"Ragnar St\u00e5lskog\",\"description\":\"\",\"publisher\":{\"@id\":\"https:\\\/\\\/www.stalskog.se\\\/de\\\/#organization\"},\"potentialAction\":[{\"@type\":\"SearchAction\",\"target\":{\"@type\":\"EntryPoint\",\"urlTemplate\":\"https:\\\/\\\/www.stalskog.se\\\/de\\\/?s={search_term_string}\"},\"query-input\":{\"@type\":\"PropertyValueSpecification\",\"valueRequired\":true,\"valueName\":\"search_term_string\"}}],\"inLanguage\":\"de\"},{\"@type\":\"Organization\",\"@id\":\"https:\\\/\\\/www.stalskog.se\\\/de\\\/#organization\",\"name\":\"Ragnar St\u00e5lskog\",\"url\":\"https:\\\/\\\/www.stalskog.se\\\/de\\\/\",\"logo\":{\"@type\":\"ImageObject\",\"inLanguage\":\"de\",\"@id\":\"https:\\\/\\\/www.stalskog.se\\\/de\\\/#\\\/schema\\\/logo\\\/image\\\/\",\"url\":\"https:\\\/\\\/www.stalskog.se\\\/wp-content\\\/uploads\\\/2022\\\/03\\\/logo_o.png\",\"contentUrl\":\"https:\\\/\\\/www.stalskog.se\\\/wp-content\\\/uploads\\\/2022\\\/03\\\/logo_o.png\",\"width\":410,\"height\":99,\"caption\":\"Ragnar St\u00e5lskog\"},\"image\":{\"@id\":\"https:\\\/\\\/www.stalskog.se\\\/de\\\/#\\\/schema\\\/logo\\\/image\\\/\"}}]}<\/script>\n<!-- \/ Yoast SEO plugin. -->","yoast_head_json":{"title":"3-Phasen JSKE \/ SKF12 \/ SKN120 &#8211; Ragnar St\u00e5lskog","description":"3-Phasen-Kurzschluss-Sammelschiene Die Schienen bestehen aus einer versilberten Aluminiumlegierung und sind mit Nuten zur Verbindung mit dem","robots":{"index":"index","follow":"follow","max-snippet":"max-snippet:-1","max-image-preview":"max-image-preview:large","max-video-preview":"max-video-preview:-1"},"canonical":"https:\/\/www.stalskog.se\/de\/produkte\/3-phase-jske-skf12-skn120\/","og_locale":"de_DE","og_type":"article","og_title":"3-Phasen JSKE \/ SKF12 \/ SKN120 &#8211; Ragnar St\u00e5lskog","og_description":"3-Phasen-Kurzschluss-Sammelschiene Die Schienen bestehen aus einer versilberten Aluminiumlegierung und sind mit Nuten zur Verbindung mit dem","og_url":"https:\/\/www.stalskog.se\/de\/produkte\/3-phase-jske-skf12-skn120\/","og_site_name":"Ragnar St\u00e5lskog","article_modified_time":"2025-08-25T14:24:02+00:00","og_image":[{"width":207,"height":300,"url":"https:\/\/www.stalskog.se\/wp-content\/uploads\/2022\/04\/jske_norm.png","type":"image\/png"}],"twitter_card":"summary_large_image","schema":{"@context":"https:\/\/schema.org","@graph":[{"@type":"WebPage","@id":"https:\/\/www.stalskog.se\/de\/produkte\/3-phase-jske-skf12-skn120\/","url":"https:\/\/www.stalskog.se\/de\/produkte\/3-phase-jske-skf12-skn120\/","name":"3-Phasen JSKE \/ SKF12 \/ SKN120 &#8211; Ragnar St\u00e5lskog","isPartOf":{"@id":"https:\/\/www.stalskog.se\/de\/#website"},"primaryImageOfPage":{"@id":"https:\/\/www.stalskog.se\/de\/produkte\/3-phase-jske-skf12-skn120\/#primaryimage"},"image":{"@id":"https:\/\/www.stalskog.se\/de\/produkte\/3-phase-jske-skf12-skn120\/#primaryimage"},"thumbnailUrl":"https:\/\/www.stalskog.se\/wp-content\/uploads\/2022\/04\/jske_norm.png","datePublished":"2022-04-29T09:46:35+00:00","dateModified":"2025-08-25T14:24:02+00:00","description":"3-Phasen-Kurzschluss-Sammelschiene Die Schienen bestehen aus einer versilberten Aluminiumlegierung und sind mit Nuten zur Verbindung mit dem","breadcrumb":{"@id":"https:\/\/www.stalskog.se\/de\/produkte\/3-phase-jske-skf12-skn120\/#breadcrumb"},"inLanguage":"de","potentialAction":[{"@type":"ReadAction","target":["https:\/\/www.stalskog.se\/de\/produkte\/3-phase-jske-skf12-skn120\/"]}]},{"@type":"ImageObject","inLanguage":"de","@id":"https:\/\/www.stalskog.se\/de\/produkte\/3-phase-jske-skf12-skn120\/#primaryimage","url":"https:\/\/www.stalskog.se\/wp-content\/uploads\/2022\/04\/jske_norm.png","contentUrl":"https:\/\/www.stalskog.se\/wp-content\/uploads\/2022\/04\/jske_norm.png","width":207,"height":300},{"@type":"BreadcrumbList","@id":"https:\/\/www.stalskog.se\/de\/produkte\/3-phase-jske-skf12-skn120\/#breadcrumb","itemListElement":[{"@type":"ListItem","position":1,"name":"Hem","item":"https:\/\/www.stalskog.se\/de\/"},{"@type":"ListItem","position":2,"name":"Produkter","item":"https:\/\/www.stalskog.se\/?page_id=3235"},{"@type":"ListItem","position":3,"name":"1. Switchgear","item":"https:\/\/www.stalskog.se\/de\/kategorie\/switchgear-de\/"},{"@type":"ListItem","position":4,"name":"3-Phasen JSKE \/ SKF12 \/ SKN120"}]},{"@type":"WebSite","@id":"https:\/\/www.stalskog.se\/de\/#website","url":"https:\/\/www.stalskog.se\/de\/","name":"Ragnar St\u00e5lskog","description":"","publisher":{"@id":"https:\/\/www.stalskog.se\/de\/#organization"},"potentialAction":[{"@type":"SearchAction","target":{"@type":"EntryPoint","urlTemplate":"https:\/\/www.stalskog.se\/de\/?s={search_term_string}"},"query-input":{"@type":"PropertyValueSpecification","valueRequired":true,"valueName":"search_term_string"}}],"inLanguage":"de"},{"@type":"Organization","@id":"https:\/\/www.stalskog.se\/de\/#organization","name":"Ragnar St\u00e5lskog","url":"https:\/\/www.stalskog.se\/de\/","logo":{"@type":"ImageObject","inLanguage":"de","@id":"https:\/\/www.stalskog.se\/de\/#\/schema\/logo\/image\/","url":"https:\/\/www.stalskog.se\/wp-content\/uploads\/2022\/03\/logo_o.png","contentUrl":"https:\/\/www.stalskog.se\/wp-content\/uploads\/2022\/03\/logo_o.png","width":410,"height":99,"caption":"Ragnar St\u00e5lskog"},"image":{"@id":"https:\/\/www.stalskog.se\/de\/#\/schema\/logo\/image\/"}}]}},"_links":{"self":[{"href":"https:\/\/www.stalskog.se\/de\/wp-json\/wp\/v2\/product\/4575","targetHints":{"allow":["GET"]}}],"collection":[{"href":"https:\/\/www.stalskog.se\/de\/wp-json\/wp\/v2\/product"}],"about":[{"href":"https:\/\/www.stalskog.se\/de\/wp-json\/wp\/v2\/types\/product"}],"replies":[{"embeddable":true,"href":"https:\/\/www.stalskog.se\/de\/wp-json\/wp\/v2\/comments?post=4575"}],"wp:featuredmedia":[{"embeddable":true,"href":"https:\/\/www.stalskog.se\/de\/wp-json\/wp\/v2\/media\/4556"}],"wp:attachment":[{"href":"https:\/\/www.stalskog.se\/de\/wp-json\/wp\/v2\/media?parent=4575"}],"wp:term":[{"taxonomy":"product_brand","embeddable":true,"href":"https:\/\/www.stalskog.se\/de\/wp-json\/wp\/v2\/product_brand?post=4575"},{"taxonomy":"product_cat","embeddable":true,"href":"https:\/\/www.stalskog.se\/de\/wp-json\/wp\/v2\/product_cat?post=4575"},{"taxonomy":"product_tag","embeddable":true,"href":"https:\/\/www.stalskog.se\/de\/wp-json\/wp\/v2\/product_tag?post=4575"}],"curies":[{"name":"wp","href":"https:\/\/api.w.org\/{rel}","templated":true}]}}