{"id":4670,"date":"2022-04-29T12:53:35","date_gmt":"2022-04-29T12:53:35","guid":{"rendered":"https:\/\/www.stalskog.se\/produkt\/3-phase-jk80-jla32-jk81-jla32\/"},"modified":"2025-08-25T14:23:47","modified_gmt":"2025-08-25T14:23:47","slug":"3-phase-jk80-jla32-jk81-jla32","status":"publish","type":"product","link":"https:\/\/www.stalskog.se\/de\/produkte\/3-phase-jk80-jla32-jk81-jla32\/","title":{"rendered":"3-phasig JK80-JLA32 \/ JK81-JLA32"},"content":{"rendered":"<p>JK80-JLA32 (JSFM)<br \/>\nJK81-JLA32 (JSCM)<\/p>\n<p>3-Phasen-Erdungsvorrichtung<\/p>\n<p>Gem\u00e4\u00df. SS 428 91 01, SS-EN 61230<br \/>\nDie Leiterklemmen JK 80 und JK 81 sind mit einem Kugelbolzen verbunden. Zur Bet\u00e4tigung der Klemme werden Isolierstangen MGV, MDV\/MSV und Greifzangen JGS verwendet.<br \/>\nDie leitenden Teile der Klemme sind aus Aluminium-Bronze gefertigt. Die Stahlteile sind aus rostfreiem Stahl gefertigt. Die Leiterklemme ist mit Scheiben aus rostfreiem Stahl ausgestattet, die f\u00fcr einen konstanten Anpressdruck sorgen. Das Kabel wird in Kontakt mit der Erdungsvorrichtung gepresst. Das Kabel besteht aus einem hochflexiblen ESTPR-isolierten Kupferleiter und ist mit dichten Kabelverbindungen versehen, die das Eindringen von Feuchtigkeit in das Kabel verhindern. Der Kabelschuh JLA 32 besteht aus hei\u00dfgepresstem Elektrolytkupfer, die Griffmutter aus rostfreiem Stahl. JLA ist mit festen Anschl\u00fcssen an Erde, JVF und JBF verbunden.        <\/p>\n","protected":false},"excerpt":{"rendered":"<p>JK80-JLA32 (JSFM) JK81-JLA32 (JSCM) 3-Phasen-Erdungsvorrichtung Gem\u00e4\u00df. SS 428 91 01, SS-EN 61230 Die Leiterklemmen JK 80 und JK 81 sind mit einem Kugelbolzen verbunden. Zur Bet\u00e4tigung der Klemme werden Isolierstangen MGV, MDV\/MSV und Greifzangen JGS verwendet. Die leitenden Teile der Klemme sind aus Aluminium-Bronze gefertigt. Die Stahlteile sind aus rostfreiem Stahl gefertigt. Die Leiterklemme ist [&hellip;]<\/p>\n","protected":false},"featured_media":4663,"comment_status":"closed","ping_status":"closed","template":"","meta":{"_acf_changed":false},"product_brand":[],"product_cat":[77,143],"product_tag":[],"class_list":{"0":"post-4670","1":"product","2":"type-product","3":"status-publish","4":"has-post-thumbnail","6":"product_cat-switchgear-de","7":"product_cat-3-phase-de","9":"first","10":"instock","11":"shipping-taxable","12":"product-type-simple"},"acf":[],"yoast_head":"<!-- This site is optimized with the Yoast SEO plugin v27.5 - https:\/\/yoast.com\/product\/yoast-seo-wordpress\/ -->\n<title>3-phasig JK80-JLA32 \/ JK81-JLA32 &#8211; Ragnar St\u00e5lskog<\/title>\n<meta name=\"description\" content=\"JK80-JLA32 (JSFM) JK81-JLA32 (JSCM) 3-Phasen-Erdungsvorrichtung Gem\u00e4\u00df. SS 428 91 01, SS-EN 61230 Die Leiterklemmen JK 80 und JK 81 sind mit einem\" \/>\n<meta name=\"robots\" content=\"index, follow, max-snippet:-1, max-image-preview:large, max-video-preview:-1\" \/>\n<link rel=\"canonical\" href=\"https:\/\/www.stalskog.se\/de\/produkte\/3-phase-jk80-jla32-jk81-jla32\/\" \/>\n<meta property=\"og:locale\" content=\"de_DE\" \/>\n<meta property=\"og:type\" content=\"article\" \/>\n<meta property=\"og:title\" content=\"3-phasig JK80-JLA32 \/ JK81-JLA32 &#8211; Ragnar St\u00e5lskog\" \/>\n<meta property=\"og:description\" content=\"JK80-JLA32 (JSFM) JK81-JLA32 (JSCM) 3-Phasen-Erdungsvorrichtung Gem\u00e4\u00df. SS 428 91 01, SS-EN 61230 Die Leiterklemmen JK 80 und JK 81 sind mit einem\" \/>\n<meta property=\"og:url\" content=\"https:\/\/www.stalskog.se\/de\/produkte\/3-phase-jk80-jla32-jk81-jla32\/\" \/>\n<meta property=\"og:site_name\" content=\"Ragnar St\u00e5lskog\" \/>\n<meta property=\"article:modified_time\" content=\"2025-08-25T14:23:47+00:00\" \/>\n<meta property=\"og:image\" content=\"https:\/\/www.stalskog.se\/wp-content\/uploads\/2022\/04\/jk80-jla32-1.jpg\" \/>\n\t<meta property=\"og:image:width\" content=\"191\" \/>\n\t<meta property=\"og:image:height\" content=\"381\" \/>\n\t<meta property=\"og:image:type\" content=\"image\/jpeg\" \/>\n<meta name=\"twitter:card\" content=\"summary_large_image\" \/>\n<meta name=\"twitter:label1\" content=\"Gesch\u00e4tzte Lesezeit\" \/>\n\t<meta name=\"twitter:data1\" content=\"1\u00a0Minute\" \/>\n<script type=\"application\/ld+json\" class=\"yoast-schema-graph\">{\"@context\":\"https:\\\/\\\/schema.org\",\"@graph\":[{\"@type\":\"WebPage\",\"@id\":\"https:\\\/\\\/www.stalskog.se\\\/de\\\/produkte\\\/3-phase-jk80-jla32-jk81-jla32\\\/\",\"url\":\"https:\\\/\\\/www.stalskog.se\\\/de\\\/produkte\\\/3-phase-jk80-jla32-jk81-jla32\\\/\",\"name\":\"3-phasig JK80-JLA32 \\\/ JK81-JLA32 &#8211; Ragnar St\u00e5lskog\",\"isPartOf\":{\"@id\":\"https:\\\/\\\/www.stalskog.se\\\/de\\\/#website\"},\"primaryImageOfPage\":{\"@id\":\"https:\\\/\\\/www.stalskog.se\\\/de\\\/produkte\\\/3-phase-jk80-jla32-jk81-jla32\\\/#primaryimage\"},\"image\":{\"@id\":\"https:\\\/\\\/www.stalskog.se\\\/de\\\/produkte\\\/3-phase-jk80-jla32-jk81-jla32\\\/#primaryimage\"},\"thumbnailUrl\":\"https:\\\/\\\/www.stalskog.se\\\/wp-content\\\/uploads\\\/2022\\\/04\\\/jk80-jla32-1.jpg\",\"datePublished\":\"2022-04-29T12:53:35+00:00\",\"dateModified\":\"2025-08-25T14:23:47+00:00\",\"description\":\"JK80-JLA32 (JSFM) JK81-JLA32 (JSCM) 3-Phasen-Erdungsvorrichtung Gem\u00e4\u00df. SS 428 91 01, SS-EN 61230 Die Leiterklemmen JK 80 und JK 81 sind mit einem\",\"breadcrumb\":{\"@id\":\"https:\\\/\\\/www.stalskog.se\\\/de\\\/produkte\\\/3-phase-jk80-jla32-jk81-jla32\\\/#breadcrumb\"},\"inLanguage\":\"de\",\"potentialAction\":[{\"@type\":\"ReadAction\",\"target\":[\"https:\\\/\\\/www.stalskog.se\\\/de\\\/produkte\\\/3-phase-jk80-jla32-jk81-jla32\\\/\"]}]},{\"@type\":\"ImageObject\",\"inLanguage\":\"de\",\"@id\":\"https:\\\/\\\/www.stalskog.se\\\/de\\\/produkte\\\/3-phase-jk80-jla32-jk81-jla32\\\/#primaryimage\",\"url\":\"https:\\\/\\\/www.stalskog.se\\\/wp-content\\\/uploads\\\/2022\\\/04\\\/jk80-jla32-1.jpg\",\"contentUrl\":\"https:\\\/\\\/www.stalskog.se\\\/wp-content\\\/uploads\\\/2022\\\/04\\\/jk80-jla32-1.jpg\",\"width\":191,\"height\":381},{\"@type\":\"BreadcrumbList\",\"@id\":\"https:\\\/\\\/www.stalskog.se\\\/de\\\/produkte\\\/3-phase-jk80-jla32-jk81-jla32\\\/#breadcrumb\",\"itemListElement\":[{\"@type\":\"ListItem\",\"position\":1,\"name\":\"Hem\",\"item\":\"https:\\\/\\\/www.stalskog.se\\\/de\\\/\"},{\"@type\":\"ListItem\",\"position\":2,\"name\":\"Produkter\",\"item\":\"https:\\\/\\\/www.stalskog.se\\\/?page_id=3235\"},{\"@type\":\"ListItem\",\"position\":3,\"name\":\"1. Switchgear\",\"item\":\"https:\\\/\\\/www.stalskog.se\\\/de\\\/kategorie\\\/switchgear-de\\\/\"},{\"@type\":\"ListItem\",\"position\":4,\"name\":\"3-phasig JK80-JLA32 \\\/ JK81-JLA32\"}]},{\"@type\":\"WebSite\",\"@id\":\"https:\\\/\\\/www.stalskog.se\\\/de\\\/#website\",\"url\":\"https:\\\/\\\/www.stalskog.se\\\/de\\\/\",\"name\":\"Ragnar St\u00e5lskog\",\"description\":\"\",\"publisher\":{\"@id\":\"https:\\\/\\\/www.stalskog.se\\\/de\\\/#organization\"},\"potentialAction\":[{\"@type\":\"SearchAction\",\"target\":{\"@type\":\"EntryPoint\",\"urlTemplate\":\"https:\\\/\\\/www.stalskog.se\\\/de\\\/?s={search_term_string}\"},\"query-input\":{\"@type\":\"PropertyValueSpecification\",\"valueRequired\":true,\"valueName\":\"search_term_string\"}}],\"inLanguage\":\"de\"},{\"@type\":\"Organization\",\"@id\":\"https:\\\/\\\/www.stalskog.se\\\/de\\\/#organization\",\"name\":\"Ragnar St\u00e5lskog\",\"url\":\"https:\\\/\\\/www.stalskog.se\\\/de\\\/\",\"logo\":{\"@type\":\"ImageObject\",\"inLanguage\":\"de\",\"@id\":\"https:\\\/\\\/www.stalskog.se\\\/de\\\/#\\\/schema\\\/logo\\\/image\\\/\",\"url\":\"https:\\\/\\\/www.stalskog.se\\\/wp-content\\\/uploads\\\/2022\\\/03\\\/logo_o.png\",\"contentUrl\":\"https:\\\/\\\/www.stalskog.se\\\/wp-content\\\/uploads\\\/2022\\\/03\\\/logo_o.png\",\"width\":410,\"height\":99,\"caption\":\"Ragnar St\u00e5lskog\"},\"image\":{\"@id\":\"https:\\\/\\\/www.stalskog.se\\\/de\\\/#\\\/schema\\\/logo\\\/image\\\/\"}}]}<\/script>\n<!-- \/ Yoast SEO plugin. -->","yoast_head_json":{"title":"3-phasig JK80-JLA32 \/ JK81-JLA32 &#8211; Ragnar St\u00e5lskog","description":"JK80-JLA32 (JSFM) JK81-JLA32 (JSCM) 3-Phasen-Erdungsvorrichtung Gem\u00e4\u00df. SS 428 91 01, SS-EN 61230 Die Leiterklemmen JK 80 und JK 81 sind mit einem","robots":{"index":"index","follow":"follow","max-snippet":"max-snippet:-1","max-image-preview":"max-image-preview:large","max-video-preview":"max-video-preview:-1"},"canonical":"https:\/\/www.stalskog.se\/de\/produkte\/3-phase-jk80-jla32-jk81-jla32\/","og_locale":"de_DE","og_type":"article","og_title":"3-phasig JK80-JLA32 \/ JK81-JLA32 &#8211; Ragnar St\u00e5lskog","og_description":"JK80-JLA32 (JSFM) JK81-JLA32 (JSCM) 3-Phasen-Erdungsvorrichtung Gem\u00e4\u00df. SS 428 91 01, SS-EN 61230 Die Leiterklemmen JK 80 und JK 81 sind mit einem","og_url":"https:\/\/www.stalskog.se\/de\/produkte\/3-phase-jk80-jla32-jk81-jla32\/","og_site_name":"Ragnar St\u00e5lskog","article_modified_time":"2025-08-25T14:23:47+00:00","og_image":[{"width":191,"height":381,"url":"https:\/\/www.stalskog.se\/wp-content\/uploads\/2022\/04\/jk80-jla32-1.jpg","type":"image\/jpeg"}],"twitter_card":"summary_large_image","twitter_misc":{"Gesch\u00e4tzte Lesezeit":"1\u00a0Minute"},"schema":{"@context":"https:\/\/schema.org","@graph":[{"@type":"WebPage","@id":"https:\/\/www.stalskog.se\/de\/produkte\/3-phase-jk80-jla32-jk81-jla32\/","url":"https:\/\/www.stalskog.se\/de\/produkte\/3-phase-jk80-jla32-jk81-jla32\/","name":"3-phasig JK80-JLA32 \/ JK81-JLA32 &#8211; Ragnar St\u00e5lskog","isPartOf":{"@id":"https:\/\/www.stalskog.se\/de\/#website"},"primaryImageOfPage":{"@id":"https:\/\/www.stalskog.se\/de\/produkte\/3-phase-jk80-jla32-jk81-jla32\/#primaryimage"},"image":{"@id":"https:\/\/www.stalskog.se\/de\/produkte\/3-phase-jk80-jla32-jk81-jla32\/#primaryimage"},"thumbnailUrl":"https:\/\/www.stalskog.se\/wp-content\/uploads\/2022\/04\/jk80-jla32-1.jpg","datePublished":"2022-04-29T12:53:35+00:00","dateModified":"2025-08-25T14:23:47+00:00","description":"JK80-JLA32 (JSFM) JK81-JLA32 (JSCM) 3-Phasen-Erdungsvorrichtung Gem\u00e4\u00df. SS 428 91 01, SS-EN 61230 Die Leiterklemmen JK 80 und JK 81 sind mit einem","breadcrumb":{"@id":"https:\/\/www.stalskog.se\/de\/produkte\/3-phase-jk80-jla32-jk81-jla32\/#breadcrumb"},"inLanguage":"de","potentialAction":[{"@type":"ReadAction","target":["https:\/\/www.stalskog.se\/de\/produkte\/3-phase-jk80-jla32-jk81-jla32\/"]}]},{"@type":"ImageObject","inLanguage":"de","@id":"https:\/\/www.stalskog.se\/de\/produkte\/3-phase-jk80-jla32-jk81-jla32\/#primaryimage","url":"https:\/\/www.stalskog.se\/wp-content\/uploads\/2022\/04\/jk80-jla32-1.jpg","contentUrl":"https:\/\/www.stalskog.se\/wp-content\/uploads\/2022\/04\/jk80-jla32-1.jpg","width":191,"height":381},{"@type":"BreadcrumbList","@id":"https:\/\/www.stalskog.se\/de\/produkte\/3-phase-jk80-jla32-jk81-jla32\/#breadcrumb","itemListElement":[{"@type":"ListItem","position":1,"name":"Hem","item":"https:\/\/www.stalskog.se\/de\/"},{"@type":"ListItem","position":2,"name":"Produkter","item":"https:\/\/www.stalskog.se\/?page_id=3235"},{"@type":"ListItem","position":3,"name":"1. Switchgear","item":"https:\/\/www.stalskog.se\/de\/kategorie\/switchgear-de\/"},{"@type":"ListItem","position":4,"name":"3-phasig JK80-JLA32 \/ JK81-JLA32"}]},{"@type":"WebSite","@id":"https:\/\/www.stalskog.se\/de\/#website","url":"https:\/\/www.stalskog.se\/de\/","name":"Ragnar St\u00e5lskog","description":"","publisher":{"@id":"https:\/\/www.stalskog.se\/de\/#organization"},"potentialAction":[{"@type":"SearchAction","target":{"@type":"EntryPoint","urlTemplate":"https:\/\/www.stalskog.se\/de\/?s={search_term_string}"},"query-input":{"@type":"PropertyValueSpecification","valueRequired":true,"valueName":"search_term_string"}}],"inLanguage":"de"},{"@type":"Organization","@id":"https:\/\/www.stalskog.se\/de\/#organization","name":"Ragnar St\u00e5lskog","url":"https:\/\/www.stalskog.se\/de\/","logo":{"@type":"ImageObject","inLanguage":"de","@id":"https:\/\/www.stalskog.se\/de\/#\/schema\/logo\/image\/","url":"https:\/\/www.stalskog.se\/wp-content\/uploads\/2022\/03\/logo_o.png","contentUrl":"https:\/\/www.stalskog.se\/wp-content\/uploads\/2022\/03\/logo_o.png","width":410,"height":99,"caption":"Ragnar St\u00e5lskog"},"image":{"@id":"https:\/\/www.stalskog.se\/de\/#\/schema\/logo\/image\/"}}]}},"_links":{"self":[{"href":"https:\/\/www.stalskog.se\/de\/wp-json\/wp\/v2\/product\/4670","targetHints":{"allow":["GET"]}}],"collection":[{"href":"https:\/\/www.stalskog.se\/de\/wp-json\/wp\/v2\/product"}],"about":[{"href":"https:\/\/www.stalskog.se\/de\/wp-json\/wp\/v2\/types\/product"}],"replies":[{"embeddable":true,"href":"https:\/\/www.stalskog.se\/de\/wp-json\/wp\/v2\/comments?post=4670"}],"wp:featuredmedia":[{"embeddable":true,"href":"https:\/\/www.stalskog.se\/de\/wp-json\/wp\/v2\/media\/4663"}],"wp:attachment":[{"href":"https:\/\/www.stalskog.se\/de\/wp-json\/wp\/v2\/media?parent=4670"}],"wp:term":[{"taxonomy":"product_brand","embeddable":true,"href":"https:\/\/www.stalskog.se\/de\/wp-json\/wp\/v2\/product_brand?post=4670"},{"taxonomy":"product_cat","embeddable":true,"href":"https:\/\/www.stalskog.se\/de\/wp-json\/wp\/v2\/product_cat?post=4670"},{"taxonomy":"product_tag","embeddable":true,"href":"https:\/\/www.stalskog.se\/de\/wp-json\/wp\/v2\/product_tag?post=4670"}],"curies":[{"name":"wp","href":"https:\/\/api.w.org\/{rel}","templated":true}]}}