{"id":4728,"date":"2022-05-02T12:35:50","date_gmt":"2022-05-02T12:35:50","guid":{"rendered":"https:\/\/www.stalskog.se\/produkt\/3-phase-jk42-jk153\/"},"modified":"2025-08-25T14:23:35","modified_gmt":"2025-08-25T14:23:35","slug":"3-phase-jk42-jk153","status":"publish","type":"product","link":"https:\/\/www.stalskog.se\/de\/produkte\/3-phase-jk42-jk153\/","title":{"rendered":"3-Phasen JK42-JK153"},"content":{"rendered":"<p>JK42-JLA153 (JSMA-F)<\/p>\n<p>3-Phasen-Erdungsvorrichtung<\/p>\n<p>Gem\u00e4\u00df. SS 428 91 01, SS-EN 61230<br \/>\nDer Verbinder ist f\u00fcr Schaltanlagen bestimmt.<br \/>\nDie Leiterklemme JK 42 wird an die Verbinder JKA, JKC, JKAD, JBA und JBC oder direkt an Kabel oder Rohre mit einem maximalen \u00d8 von 40 mm angeschlossen. Zum Man\u00f6vrieren der Klemme werden die Isolierstangen MGV, MDV\/MSV und die Greifzange JGS verwendet.<br \/>\nDie leitenden Teile der Klemme sind aus geh\u00e4rteter AlSi-Legierung und die Stahlteile aus rostfreiem Stahl gefertigt. Das Gewinde ist mit einem Heli-Coil-Einsatz aus rostfreiem Stahl versehen.<br \/>\nDas Kabel besteht aus hochflexiblen ESTPR-isolierten Kupferleitern und ist mit dichten Kabelverbindungen versehen, um das Eindringen von Feuchtigkeit in das Kabel zu verhindern. Das Kabel wird an die Leiterklemme gecrimpt. Die Erdungsklemme JK 153 wird u.a. auf Stahlkonstruktionen mit einer maximalen Wandst\u00e4rke von 20 mm verwendet und ist f\u00fcr die Verwendung auf lackierten Oberfl\u00e4chen zugelassen. Die Schraube dieser Klemme ist mit einer Isolierung versehen, um einen Stromfluss zu verhindern.      <\/p>\n","protected":false},"excerpt":{"rendered":"<p>JK42-JLA153 (JSMA-F) 3-Phasen-Erdungsvorrichtung Gem\u00e4\u00df. SS 428 91 01, SS-EN 61230 Der Verbinder ist f\u00fcr Schaltanlagen bestimmt. Die Leiterklemme JK 42 wird an die Verbinder JKA, JKC, JKAD, JBA und JBC oder direkt an Kabel oder Rohre mit einem maximalen \u00d8 von 40 mm angeschlossen. Zum Man\u00f6vrieren der Klemme werden die Isolierstangen MGV, MDV\/MSV und die [&hellip;]<\/p>\n","protected":false},"featured_media":4724,"comment_status":"closed","ping_status":"closed","template":"","meta":{"_acf_changed":false},"product_brand":[],"product_cat":[77,143],"product_tag":[],"class_list":{"0":"post-4728","1":"product","2":"type-product","3":"status-publish","4":"has-post-thumbnail","6":"product_cat-switchgear-de","7":"product_cat-3-phase-de","9":"first","10":"instock","11":"shipping-taxable","12":"product-type-simple"},"acf":[],"yoast_head":"<!-- This site is optimized with the Yoast SEO plugin v27.5 - https:\/\/yoast.com\/product\/yoast-seo-wordpress\/ -->\n<title>3-Phasen JK42-JK153 &#8211; Ragnar St\u00e5lskog<\/title>\n<meta name=\"description\" content=\"JK42-JLA153 (JSMA-F) 3-Phasen-Erdungsvorrichtung Gem\u00e4\u00df. SS 428 91 01, SS-EN 61230 Der Verbinder ist f\u00fcr Schaltanlagen bestimmt. Die Leiterklemme JK 42\" \/>\n<meta name=\"robots\" content=\"index, follow, max-snippet:-1, max-image-preview:large, max-video-preview:-1\" \/>\n<link rel=\"canonical\" href=\"https:\/\/www.stalskog.se\/de\/produkte\/3-phase-jk42-jk153\/\" \/>\n<meta property=\"og:locale\" content=\"de_DE\" \/>\n<meta property=\"og:type\" content=\"article\" \/>\n<meta property=\"og:title\" content=\"3-Phasen JK42-JK153 &#8211; Ragnar St\u00e5lskog\" \/>\n<meta property=\"og:description\" content=\"JK42-JLA153 (JSMA-F) 3-Phasen-Erdungsvorrichtung Gem\u00e4\u00df. SS 428 91 01, SS-EN 61230 Der Verbinder ist f\u00fcr Schaltanlagen bestimmt. Die Leiterklemme JK 42\" \/>\n<meta property=\"og:url\" content=\"https:\/\/www.stalskog.se\/de\/produkte\/3-phase-jk42-jk153\/\" \/>\n<meta property=\"og:site_name\" content=\"Ragnar St\u00e5lskog\" \/>\n<meta property=\"article:modified_time\" content=\"2025-08-25T14:23:35+00:00\" \/>\n<meta property=\"og:image\" content=\"https:\/\/www.stalskog.se\/wp-content\/uploads\/2022\/05\/jk42-jk153.jpg\" \/>\n\t<meta property=\"og:image:width\" content=\"230\" \/>\n\t<meta property=\"og:image:height\" content=\"380\" \/>\n\t<meta property=\"og:image:type\" content=\"image\/jpeg\" \/>\n<meta name=\"twitter:card\" content=\"summary_large_image\" \/>\n<meta name=\"twitter:label1\" content=\"Gesch\u00e4tzte Lesezeit\" \/>\n\t<meta name=\"twitter:data1\" content=\"1\u00a0Minute\" \/>\n<script type=\"application\/ld+json\" class=\"yoast-schema-graph\">{\"@context\":\"https:\\\/\\\/schema.org\",\"@graph\":[{\"@type\":\"WebPage\",\"@id\":\"https:\\\/\\\/www.stalskog.se\\\/de\\\/produkte\\\/3-phase-jk42-jk153\\\/\",\"url\":\"https:\\\/\\\/www.stalskog.se\\\/de\\\/produkte\\\/3-phase-jk42-jk153\\\/\",\"name\":\"3-Phasen JK42-JK153 &#8211; Ragnar St\u00e5lskog\",\"isPartOf\":{\"@id\":\"https:\\\/\\\/www.stalskog.se\\\/de\\\/#website\"},\"primaryImageOfPage\":{\"@id\":\"https:\\\/\\\/www.stalskog.se\\\/de\\\/produkte\\\/3-phase-jk42-jk153\\\/#primaryimage\"},\"image\":{\"@id\":\"https:\\\/\\\/www.stalskog.se\\\/de\\\/produkte\\\/3-phase-jk42-jk153\\\/#primaryimage\"},\"thumbnailUrl\":\"https:\\\/\\\/www.stalskog.se\\\/wp-content\\\/uploads\\\/2022\\\/05\\\/jk42-jk153.jpg\",\"datePublished\":\"2022-05-02T12:35:50+00:00\",\"dateModified\":\"2025-08-25T14:23:35+00:00\",\"description\":\"JK42-JLA153 (JSMA-F) 3-Phasen-Erdungsvorrichtung Gem\u00e4\u00df. SS 428 91 01, SS-EN 61230 Der Verbinder ist f\u00fcr Schaltanlagen bestimmt. Die Leiterklemme JK 42\",\"breadcrumb\":{\"@id\":\"https:\\\/\\\/www.stalskog.se\\\/de\\\/produkte\\\/3-phase-jk42-jk153\\\/#breadcrumb\"},\"inLanguage\":\"de\",\"potentialAction\":[{\"@type\":\"ReadAction\",\"target\":[\"https:\\\/\\\/www.stalskog.se\\\/de\\\/produkte\\\/3-phase-jk42-jk153\\\/\"]}]},{\"@type\":\"ImageObject\",\"inLanguage\":\"de\",\"@id\":\"https:\\\/\\\/www.stalskog.se\\\/de\\\/produkte\\\/3-phase-jk42-jk153\\\/#primaryimage\",\"url\":\"https:\\\/\\\/www.stalskog.se\\\/wp-content\\\/uploads\\\/2022\\\/05\\\/jk42-jk153.jpg\",\"contentUrl\":\"https:\\\/\\\/www.stalskog.se\\\/wp-content\\\/uploads\\\/2022\\\/05\\\/jk42-jk153.jpg\",\"width\":230,\"height\":380},{\"@type\":\"BreadcrumbList\",\"@id\":\"https:\\\/\\\/www.stalskog.se\\\/de\\\/produkte\\\/3-phase-jk42-jk153\\\/#breadcrumb\",\"itemListElement\":[{\"@type\":\"ListItem\",\"position\":1,\"name\":\"Hem\",\"item\":\"https:\\\/\\\/www.stalskog.se\\\/de\\\/\"},{\"@type\":\"ListItem\",\"position\":2,\"name\":\"Produkter\",\"item\":\"https:\\\/\\\/www.stalskog.se\\\/?page_id=3235\"},{\"@type\":\"ListItem\",\"position\":3,\"name\":\"1. Switchgear\",\"item\":\"https:\\\/\\\/www.stalskog.se\\\/de\\\/kategorie\\\/switchgear-de\\\/\"},{\"@type\":\"ListItem\",\"position\":4,\"name\":\"3-Phasen JK42-JK153\"}]},{\"@type\":\"WebSite\",\"@id\":\"https:\\\/\\\/www.stalskog.se\\\/de\\\/#website\",\"url\":\"https:\\\/\\\/www.stalskog.se\\\/de\\\/\",\"name\":\"Ragnar St\u00e5lskog\",\"description\":\"\",\"publisher\":{\"@id\":\"https:\\\/\\\/www.stalskog.se\\\/de\\\/#organization\"},\"potentialAction\":[{\"@type\":\"SearchAction\",\"target\":{\"@type\":\"EntryPoint\",\"urlTemplate\":\"https:\\\/\\\/www.stalskog.se\\\/de\\\/?s={search_term_string}\"},\"query-input\":{\"@type\":\"PropertyValueSpecification\",\"valueRequired\":true,\"valueName\":\"search_term_string\"}}],\"inLanguage\":\"de\"},{\"@type\":\"Organization\",\"@id\":\"https:\\\/\\\/www.stalskog.se\\\/de\\\/#organization\",\"name\":\"Ragnar St\u00e5lskog\",\"url\":\"https:\\\/\\\/www.stalskog.se\\\/de\\\/\",\"logo\":{\"@type\":\"ImageObject\",\"inLanguage\":\"de\",\"@id\":\"https:\\\/\\\/www.stalskog.se\\\/de\\\/#\\\/schema\\\/logo\\\/image\\\/\",\"url\":\"https:\\\/\\\/www.stalskog.se\\\/wp-content\\\/uploads\\\/2022\\\/03\\\/logo_o.png\",\"contentUrl\":\"https:\\\/\\\/www.stalskog.se\\\/wp-content\\\/uploads\\\/2022\\\/03\\\/logo_o.png\",\"width\":410,\"height\":99,\"caption\":\"Ragnar St\u00e5lskog\"},\"image\":{\"@id\":\"https:\\\/\\\/www.stalskog.se\\\/de\\\/#\\\/schema\\\/logo\\\/image\\\/\"}}]}<\/script>\n<!-- \/ Yoast SEO plugin. -->","yoast_head_json":{"title":"3-Phasen JK42-JK153 &#8211; Ragnar St\u00e5lskog","description":"JK42-JLA153 (JSMA-F) 3-Phasen-Erdungsvorrichtung Gem\u00e4\u00df. SS 428 91 01, SS-EN 61230 Der Verbinder ist f\u00fcr Schaltanlagen bestimmt. Die Leiterklemme JK 42","robots":{"index":"index","follow":"follow","max-snippet":"max-snippet:-1","max-image-preview":"max-image-preview:large","max-video-preview":"max-video-preview:-1"},"canonical":"https:\/\/www.stalskog.se\/de\/produkte\/3-phase-jk42-jk153\/","og_locale":"de_DE","og_type":"article","og_title":"3-Phasen JK42-JK153 &#8211; Ragnar St\u00e5lskog","og_description":"JK42-JLA153 (JSMA-F) 3-Phasen-Erdungsvorrichtung Gem\u00e4\u00df. SS 428 91 01, SS-EN 61230 Der Verbinder ist f\u00fcr Schaltanlagen bestimmt. Die Leiterklemme JK 42","og_url":"https:\/\/www.stalskog.se\/de\/produkte\/3-phase-jk42-jk153\/","og_site_name":"Ragnar St\u00e5lskog","article_modified_time":"2025-08-25T14:23:35+00:00","og_image":[{"width":230,"height":380,"url":"https:\/\/www.stalskog.se\/wp-content\/uploads\/2022\/05\/jk42-jk153.jpg","type":"image\/jpeg"}],"twitter_card":"summary_large_image","twitter_misc":{"Gesch\u00e4tzte Lesezeit":"1\u00a0Minute"},"schema":{"@context":"https:\/\/schema.org","@graph":[{"@type":"WebPage","@id":"https:\/\/www.stalskog.se\/de\/produkte\/3-phase-jk42-jk153\/","url":"https:\/\/www.stalskog.se\/de\/produkte\/3-phase-jk42-jk153\/","name":"3-Phasen JK42-JK153 &#8211; Ragnar St\u00e5lskog","isPartOf":{"@id":"https:\/\/www.stalskog.se\/de\/#website"},"primaryImageOfPage":{"@id":"https:\/\/www.stalskog.se\/de\/produkte\/3-phase-jk42-jk153\/#primaryimage"},"image":{"@id":"https:\/\/www.stalskog.se\/de\/produkte\/3-phase-jk42-jk153\/#primaryimage"},"thumbnailUrl":"https:\/\/www.stalskog.se\/wp-content\/uploads\/2022\/05\/jk42-jk153.jpg","datePublished":"2022-05-02T12:35:50+00:00","dateModified":"2025-08-25T14:23:35+00:00","description":"JK42-JLA153 (JSMA-F) 3-Phasen-Erdungsvorrichtung Gem\u00e4\u00df. SS 428 91 01, SS-EN 61230 Der Verbinder ist f\u00fcr Schaltanlagen bestimmt. Die Leiterklemme JK 42","breadcrumb":{"@id":"https:\/\/www.stalskog.se\/de\/produkte\/3-phase-jk42-jk153\/#breadcrumb"},"inLanguage":"de","potentialAction":[{"@type":"ReadAction","target":["https:\/\/www.stalskog.se\/de\/produkte\/3-phase-jk42-jk153\/"]}]},{"@type":"ImageObject","inLanguage":"de","@id":"https:\/\/www.stalskog.se\/de\/produkte\/3-phase-jk42-jk153\/#primaryimage","url":"https:\/\/www.stalskog.se\/wp-content\/uploads\/2022\/05\/jk42-jk153.jpg","contentUrl":"https:\/\/www.stalskog.se\/wp-content\/uploads\/2022\/05\/jk42-jk153.jpg","width":230,"height":380},{"@type":"BreadcrumbList","@id":"https:\/\/www.stalskog.se\/de\/produkte\/3-phase-jk42-jk153\/#breadcrumb","itemListElement":[{"@type":"ListItem","position":1,"name":"Hem","item":"https:\/\/www.stalskog.se\/de\/"},{"@type":"ListItem","position":2,"name":"Produkter","item":"https:\/\/www.stalskog.se\/?page_id=3235"},{"@type":"ListItem","position":3,"name":"1. Switchgear","item":"https:\/\/www.stalskog.se\/de\/kategorie\/switchgear-de\/"},{"@type":"ListItem","position":4,"name":"3-Phasen JK42-JK153"}]},{"@type":"WebSite","@id":"https:\/\/www.stalskog.se\/de\/#website","url":"https:\/\/www.stalskog.se\/de\/","name":"Ragnar St\u00e5lskog","description":"","publisher":{"@id":"https:\/\/www.stalskog.se\/de\/#organization"},"potentialAction":[{"@type":"SearchAction","target":{"@type":"EntryPoint","urlTemplate":"https:\/\/www.stalskog.se\/de\/?s={search_term_string}"},"query-input":{"@type":"PropertyValueSpecification","valueRequired":true,"valueName":"search_term_string"}}],"inLanguage":"de"},{"@type":"Organization","@id":"https:\/\/www.stalskog.se\/de\/#organization","name":"Ragnar St\u00e5lskog","url":"https:\/\/www.stalskog.se\/de\/","logo":{"@type":"ImageObject","inLanguage":"de","@id":"https:\/\/www.stalskog.se\/de\/#\/schema\/logo\/image\/","url":"https:\/\/www.stalskog.se\/wp-content\/uploads\/2022\/03\/logo_o.png","contentUrl":"https:\/\/www.stalskog.se\/wp-content\/uploads\/2022\/03\/logo_o.png","width":410,"height":99,"caption":"Ragnar St\u00e5lskog"},"image":{"@id":"https:\/\/www.stalskog.se\/de\/#\/schema\/logo\/image\/"}}]}},"_links":{"self":[{"href":"https:\/\/www.stalskog.se\/de\/wp-json\/wp\/v2\/product\/4728","targetHints":{"allow":["GET"]}}],"collection":[{"href":"https:\/\/www.stalskog.se\/de\/wp-json\/wp\/v2\/product"}],"about":[{"href":"https:\/\/www.stalskog.se\/de\/wp-json\/wp\/v2\/types\/product"}],"replies":[{"embeddable":true,"href":"https:\/\/www.stalskog.se\/de\/wp-json\/wp\/v2\/comments?post=4728"}],"wp:featuredmedia":[{"embeddable":true,"href":"https:\/\/www.stalskog.se\/de\/wp-json\/wp\/v2\/media\/4724"}],"wp:attachment":[{"href":"https:\/\/www.stalskog.se\/de\/wp-json\/wp\/v2\/media?parent=4728"}],"wp:term":[{"taxonomy":"product_brand","embeddable":true,"href":"https:\/\/www.stalskog.se\/de\/wp-json\/wp\/v2\/product_brand?post=4728"},{"taxonomy":"product_cat","embeddable":true,"href":"https:\/\/www.stalskog.se\/de\/wp-json\/wp\/v2\/product_cat?post=4728"},{"taxonomy":"product_tag","embeddable":true,"href":"https:\/\/www.stalskog.se\/de\/wp-json\/wp\/v2\/product_tag?post=4728"}],"curies":[{"name":"wp","href":"https:\/\/api.w.org\/{rel}","templated":true}]}}