{"id":5095,"date":"2022-05-03T13:21:47","date_gmt":"2022-05-03T13:21:47","guid":{"rendered":"https:\/\/www.stalskog.se\/produkt\/3-phase-jk27-x1-jk250\/"},"modified":"2025-08-25T14:23:16","modified_gmt":"2025-08-25T14:23:16","slug":"3-phase-jk27-x1-jk250","status":"publish","type":"product","link":"https:\/\/www.stalskog.se\/de\/produkte\/3-phase-jk27-x1-jk250\/","title":{"rendered":"3-phasig JK27-X1-JK250"},"content":{"rendered":"<p>3-Phasen-Erdungsvorrichtung<\/p>\n<p>Gem\u00e4\u00df. SS 428 91 01, SS-EN 61230<br \/>\nDie Leiterklemme JK 27 wird an Kugelbolzen \u00d8 20, \u00d8 25, \u00d8 30, T-Bolzen, Schiene 1-25 mm, Draht\/Rohr \u00d8 6-25 mm angeschlossen. Zur Bet\u00e4tigung der Klemme werden Isolierstangen MGV, MDV\/MSV und Greifzangen JGS verwendet.<br \/>\nDie leitenden Teile der Klemme sind aus Aluminiumbronze. Die Stahlteile sind aus rostfreiem Stahl. Das Drahtseil wird mit einem Kabelschuh und einer M8 (25-50 mm2) \/ M12 (70-95 mm2) Verschraubung an der Klemme befestigt. F\u00fcr das 95 mm2 Drahtseil wird das Abzweigst\u00fcck JFG 4 verwendet (siehe JK27-X-JK250).<br \/>\nDas Kabel besteht aus einem hochflexiblen ESTPR-isolierten Kupferleiter und ist mit dichten Kabelverbindungen ausgestattet, die das Eindringen von Feuchtigkeit in das Kabel verhindern. Der Mantel des Abzweigst\u00fccks (JFG 4L) besteht aus isolierendem Kunststoff.<br \/>\nDie Erdungsklemme JK 250 wird u.a. auf Stahlkonstruktionen mit einer maximalen Dicke von 30 mm verwendet. 30 mm und ist auch f\u00fcr die Verwendung auf lackierten Oberfl\u00e4chen zugelassen. Die Schraube dieser Klemme ist mit einer Isolierung versehen, um den Durchgang von Strom zu verhindern.   <\/p>\n","protected":false},"excerpt":{"rendered":"<p>3-Phasen-Erdungsvorrichtung Gem\u00e4\u00df. SS 428 91 01, SS-EN 61230 Die Leiterklemme JK 27 wird an Kugelbolzen \u00d8 20, \u00d8 25, \u00d8 30, T-Bolzen, Schiene 1-25 mm, Draht\/Rohr \u00d8 6-25 mm angeschlossen. Zur Bet\u00e4tigung der Klemme werden Isolierstangen MGV, MDV\/MSV und Greifzangen JGS verwendet. Die leitenden Teile der Klemme sind aus Aluminiumbronze. Die Stahlteile sind aus rostfreiem [&hellip;]<\/p>\n","protected":false},"featured_media":5092,"comment_status":"closed","ping_status":"closed","template":"","meta":{"_acf_changed":false},"product_brand":[],"product_cat":[77,143],"product_tag":[],"class_list":{"0":"post-5095","1":"product","2":"type-product","3":"status-publish","4":"has-post-thumbnail","6":"product_cat-switchgear-de","7":"product_cat-3-phase-de","9":"first","10":"instock","11":"shipping-taxable","12":"product-type-simple"},"acf":[],"yoast_head":"<!-- This site is optimized with the Yoast SEO plugin v27.5 - https:\/\/yoast.com\/product\/yoast-seo-wordpress\/ -->\n<title>3-phasig JK27-X1-JK250 &#8211; Ragnar St\u00e5lskog<\/title>\n<meta name=\"description\" content=\"3-Phasen-Erdungsvorrichtung Gem\u00e4\u00df. SS 428 91 01, SS-EN 61230 Die Leiterklemme JK 27 wird an Kugelbolzen \u00d8 20, \u00d8 25, \u00d8 30, T-Bolzen, Schiene 1-25 mm,\" \/>\n<meta name=\"robots\" content=\"index, follow, max-snippet:-1, max-image-preview:large, max-video-preview:-1\" \/>\n<link rel=\"canonical\" href=\"https:\/\/www.stalskog.se\/de\/produkte\/3-phase-jk27-x1-jk250\/\" \/>\n<meta property=\"og:locale\" content=\"de_DE\" \/>\n<meta property=\"og:type\" content=\"article\" \/>\n<meta property=\"og:title\" content=\"3-phasig JK27-X1-JK250 &#8211; Ragnar St\u00e5lskog\" \/>\n<meta property=\"og:description\" content=\"3-Phasen-Erdungsvorrichtung Gem\u00e4\u00df. SS 428 91 01, SS-EN 61230 Die Leiterklemme JK 27 wird an Kugelbolzen \u00d8 20, \u00d8 25, \u00d8 30, T-Bolzen, Schiene 1-25 mm,\" \/>\n<meta property=\"og:url\" content=\"https:\/\/www.stalskog.se\/de\/produkte\/3-phase-jk27-x1-jk250\/\" \/>\n<meta property=\"og:site_name\" content=\"Ragnar St\u00e5lskog\" \/>\n<meta property=\"article:modified_time\" content=\"2025-08-25T14:23:16+00:00\" \/>\n<meta property=\"og:image\" content=\"https:\/\/www.stalskog.se\/wp-content\/uploads\/2022\/05\/jk27-x1-jk250.jpg\" \/>\n\t<meta property=\"og:image:width\" content=\"244\" \/>\n\t<meta property=\"og:image:height\" content=\"540\" \/>\n\t<meta property=\"og:image:type\" content=\"image\/jpeg\" \/>\n<meta name=\"twitter:card\" content=\"summary_large_image\" \/>\n<meta name=\"twitter:label1\" content=\"Gesch\u00e4tzte Lesezeit\" \/>\n\t<meta name=\"twitter:data1\" content=\"1\u00a0Minute\" \/>\n<script type=\"application\/ld+json\" class=\"yoast-schema-graph\">{\"@context\":\"https:\\\/\\\/schema.org\",\"@graph\":[{\"@type\":\"WebPage\",\"@id\":\"https:\\\/\\\/www.stalskog.se\\\/de\\\/produkte\\\/3-phase-jk27-x1-jk250\\\/\",\"url\":\"https:\\\/\\\/www.stalskog.se\\\/de\\\/produkte\\\/3-phase-jk27-x1-jk250\\\/\",\"name\":\"3-phasig JK27-X1-JK250 &#8211; Ragnar St\u00e5lskog\",\"isPartOf\":{\"@id\":\"https:\\\/\\\/www.stalskog.se\\\/de\\\/#website\"},\"primaryImageOfPage\":{\"@id\":\"https:\\\/\\\/www.stalskog.se\\\/de\\\/produkte\\\/3-phase-jk27-x1-jk250\\\/#primaryimage\"},\"image\":{\"@id\":\"https:\\\/\\\/www.stalskog.se\\\/de\\\/produkte\\\/3-phase-jk27-x1-jk250\\\/#primaryimage\"},\"thumbnailUrl\":\"https:\\\/\\\/www.stalskog.se\\\/wp-content\\\/uploads\\\/2022\\\/05\\\/jk27-x1-jk250.jpg\",\"datePublished\":\"2022-05-03T13:21:47+00:00\",\"dateModified\":\"2025-08-25T14:23:16+00:00\",\"description\":\"3-Phasen-Erdungsvorrichtung Gem\u00e4\u00df. SS 428 91 01, SS-EN 61230 Die Leiterklemme JK 27 wird an Kugelbolzen \u00d8 20, \u00d8 25, \u00d8 30, T-Bolzen, Schiene 1-25 mm,\",\"breadcrumb\":{\"@id\":\"https:\\\/\\\/www.stalskog.se\\\/de\\\/produkte\\\/3-phase-jk27-x1-jk250\\\/#breadcrumb\"},\"inLanguage\":\"de\",\"potentialAction\":[{\"@type\":\"ReadAction\",\"target\":[\"https:\\\/\\\/www.stalskog.se\\\/de\\\/produkte\\\/3-phase-jk27-x1-jk250\\\/\"]}]},{\"@type\":\"ImageObject\",\"inLanguage\":\"de\",\"@id\":\"https:\\\/\\\/www.stalskog.se\\\/de\\\/produkte\\\/3-phase-jk27-x1-jk250\\\/#primaryimage\",\"url\":\"https:\\\/\\\/www.stalskog.se\\\/wp-content\\\/uploads\\\/2022\\\/05\\\/jk27-x1-jk250.jpg\",\"contentUrl\":\"https:\\\/\\\/www.stalskog.se\\\/wp-content\\\/uploads\\\/2022\\\/05\\\/jk27-x1-jk250.jpg\",\"width\":244,\"height\":540},{\"@type\":\"BreadcrumbList\",\"@id\":\"https:\\\/\\\/www.stalskog.se\\\/de\\\/produkte\\\/3-phase-jk27-x1-jk250\\\/#breadcrumb\",\"itemListElement\":[{\"@type\":\"ListItem\",\"position\":1,\"name\":\"Hem\",\"item\":\"https:\\\/\\\/www.stalskog.se\\\/de\\\/\"},{\"@type\":\"ListItem\",\"position\":2,\"name\":\"Produkter\",\"item\":\"https:\\\/\\\/www.stalskog.se\\\/?page_id=3235\"},{\"@type\":\"ListItem\",\"position\":3,\"name\":\"1. Switchgear\",\"item\":\"https:\\\/\\\/www.stalskog.se\\\/de\\\/kategorie\\\/switchgear-de\\\/\"},{\"@type\":\"ListItem\",\"position\":4,\"name\":\"3-phasig JK27-X1-JK250\"}]},{\"@type\":\"WebSite\",\"@id\":\"https:\\\/\\\/www.stalskog.se\\\/de\\\/#website\",\"url\":\"https:\\\/\\\/www.stalskog.se\\\/de\\\/\",\"name\":\"Ragnar St\u00e5lskog\",\"description\":\"\",\"publisher\":{\"@id\":\"https:\\\/\\\/www.stalskog.se\\\/de\\\/#organization\"},\"potentialAction\":[{\"@type\":\"SearchAction\",\"target\":{\"@type\":\"EntryPoint\",\"urlTemplate\":\"https:\\\/\\\/www.stalskog.se\\\/de\\\/?s={search_term_string}\"},\"query-input\":{\"@type\":\"PropertyValueSpecification\",\"valueRequired\":true,\"valueName\":\"search_term_string\"}}],\"inLanguage\":\"de\"},{\"@type\":\"Organization\",\"@id\":\"https:\\\/\\\/www.stalskog.se\\\/de\\\/#organization\",\"name\":\"Ragnar St\u00e5lskog\",\"url\":\"https:\\\/\\\/www.stalskog.se\\\/de\\\/\",\"logo\":{\"@type\":\"ImageObject\",\"inLanguage\":\"de\",\"@id\":\"https:\\\/\\\/www.stalskog.se\\\/de\\\/#\\\/schema\\\/logo\\\/image\\\/\",\"url\":\"https:\\\/\\\/www.stalskog.se\\\/wp-content\\\/uploads\\\/2022\\\/03\\\/logo_o.png\",\"contentUrl\":\"https:\\\/\\\/www.stalskog.se\\\/wp-content\\\/uploads\\\/2022\\\/03\\\/logo_o.png\",\"width\":410,\"height\":99,\"caption\":\"Ragnar St\u00e5lskog\"},\"image\":{\"@id\":\"https:\\\/\\\/www.stalskog.se\\\/de\\\/#\\\/schema\\\/logo\\\/image\\\/\"}}]}<\/script>\n<!-- \/ Yoast SEO plugin. -->","yoast_head_json":{"title":"3-phasig JK27-X1-JK250 &#8211; Ragnar St\u00e5lskog","description":"3-Phasen-Erdungsvorrichtung Gem\u00e4\u00df. SS 428 91 01, SS-EN 61230 Die Leiterklemme JK 27 wird an Kugelbolzen \u00d8 20, \u00d8 25, \u00d8 30, T-Bolzen, Schiene 1-25 mm,","robots":{"index":"index","follow":"follow","max-snippet":"max-snippet:-1","max-image-preview":"max-image-preview:large","max-video-preview":"max-video-preview:-1"},"canonical":"https:\/\/www.stalskog.se\/de\/produkte\/3-phase-jk27-x1-jk250\/","og_locale":"de_DE","og_type":"article","og_title":"3-phasig JK27-X1-JK250 &#8211; Ragnar St\u00e5lskog","og_description":"3-Phasen-Erdungsvorrichtung Gem\u00e4\u00df. SS 428 91 01, SS-EN 61230 Die Leiterklemme JK 27 wird an Kugelbolzen \u00d8 20, \u00d8 25, \u00d8 30, T-Bolzen, Schiene 1-25 mm,","og_url":"https:\/\/www.stalskog.se\/de\/produkte\/3-phase-jk27-x1-jk250\/","og_site_name":"Ragnar St\u00e5lskog","article_modified_time":"2025-08-25T14:23:16+00:00","og_image":[{"width":244,"height":540,"url":"https:\/\/www.stalskog.se\/wp-content\/uploads\/2022\/05\/jk27-x1-jk250.jpg","type":"image\/jpeg"}],"twitter_card":"summary_large_image","twitter_misc":{"Gesch\u00e4tzte Lesezeit":"1\u00a0Minute"},"schema":{"@context":"https:\/\/schema.org","@graph":[{"@type":"WebPage","@id":"https:\/\/www.stalskog.se\/de\/produkte\/3-phase-jk27-x1-jk250\/","url":"https:\/\/www.stalskog.se\/de\/produkte\/3-phase-jk27-x1-jk250\/","name":"3-phasig JK27-X1-JK250 &#8211; Ragnar St\u00e5lskog","isPartOf":{"@id":"https:\/\/www.stalskog.se\/de\/#website"},"primaryImageOfPage":{"@id":"https:\/\/www.stalskog.se\/de\/produkte\/3-phase-jk27-x1-jk250\/#primaryimage"},"image":{"@id":"https:\/\/www.stalskog.se\/de\/produkte\/3-phase-jk27-x1-jk250\/#primaryimage"},"thumbnailUrl":"https:\/\/www.stalskog.se\/wp-content\/uploads\/2022\/05\/jk27-x1-jk250.jpg","datePublished":"2022-05-03T13:21:47+00:00","dateModified":"2025-08-25T14:23:16+00:00","description":"3-Phasen-Erdungsvorrichtung Gem\u00e4\u00df. SS 428 91 01, SS-EN 61230 Die Leiterklemme JK 27 wird an Kugelbolzen \u00d8 20, \u00d8 25, \u00d8 30, T-Bolzen, Schiene 1-25 mm,","breadcrumb":{"@id":"https:\/\/www.stalskog.se\/de\/produkte\/3-phase-jk27-x1-jk250\/#breadcrumb"},"inLanguage":"de","potentialAction":[{"@type":"ReadAction","target":["https:\/\/www.stalskog.se\/de\/produkte\/3-phase-jk27-x1-jk250\/"]}]},{"@type":"ImageObject","inLanguage":"de","@id":"https:\/\/www.stalskog.se\/de\/produkte\/3-phase-jk27-x1-jk250\/#primaryimage","url":"https:\/\/www.stalskog.se\/wp-content\/uploads\/2022\/05\/jk27-x1-jk250.jpg","contentUrl":"https:\/\/www.stalskog.se\/wp-content\/uploads\/2022\/05\/jk27-x1-jk250.jpg","width":244,"height":540},{"@type":"BreadcrumbList","@id":"https:\/\/www.stalskog.se\/de\/produkte\/3-phase-jk27-x1-jk250\/#breadcrumb","itemListElement":[{"@type":"ListItem","position":1,"name":"Hem","item":"https:\/\/www.stalskog.se\/de\/"},{"@type":"ListItem","position":2,"name":"Produkter","item":"https:\/\/www.stalskog.se\/?page_id=3235"},{"@type":"ListItem","position":3,"name":"1. Switchgear","item":"https:\/\/www.stalskog.se\/de\/kategorie\/switchgear-de\/"},{"@type":"ListItem","position":4,"name":"3-phasig JK27-X1-JK250"}]},{"@type":"WebSite","@id":"https:\/\/www.stalskog.se\/de\/#website","url":"https:\/\/www.stalskog.se\/de\/","name":"Ragnar St\u00e5lskog","description":"","publisher":{"@id":"https:\/\/www.stalskog.se\/de\/#organization"},"potentialAction":[{"@type":"SearchAction","target":{"@type":"EntryPoint","urlTemplate":"https:\/\/www.stalskog.se\/de\/?s={search_term_string}"},"query-input":{"@type":"PropertyValueSpecification","valueRequired":true,"valueName":"search_term_string"}}],"inLanguage":"de"},{"@type":"Organization","@id":"https:\/\/www.stalskog.se\/de\/#organization","name":"Ragnar St\u00e5lskog","url":"https:\/\/www.stalskog.se\/de\/","logo":{"@type":"ImageObject","inLanguage":"de","@id":"https:\/\/www.stalskog.se\/de\/#\/schema\/logo\/image\/","url":"https:\/\/www.stalskog.se\/wp-content\/uploads\/2022\/03\/logo_o.png","contentUrl":"https:\/\/www.stalskog.se\/wp-content\/uploads\/2022\/03\/logo_o.png","width":410,"height":99,"caption":"Ragnar St\u00e5lskog"},"image":{"@id":"https:\/\/www.stalskog.se\/de\/#\/schema\/logo\/image\/"}}]}},"_links":{"self":[{"href":"https:\/\/www.stalskog.se\/de\/wp-json\/wp\/v2\/product\/5095","targetHints":{"allow":["GET"]}}],"collection":[{"href":"https:\/\/www.stalskog.se\/de\/wp-json\/wp\/v2\/product"}],"about":[{"href":"https:\/\/www.stalskog.se\/de\/wp-json\/wp\/v2\/types\/product"}],"replies":[{"embeddable":true,"href":"https:\/\/www.stalskog.se\/de\/wp-json\/wp\/v2\/comments?post=5095"}],"wp:featuredmedia":[{"embeddable":true,"href":"https:\/\/www.stalskog.se\/de\/wp-json\/wp\/v2\/media\/5092"}],"wp:attachment":[{"href":"https:\/\/www.stalskog.se\/de\/wp-json\/wp\/v2\/media?parent=5095"}],"wp:term":[{"taxonomy":"product_brand","embeddable":true,"href":"https:\/\/www.stalskog.se\/de\/wp-json\/wp\/v2\/product_brand?post=5095"},{"taxonomy":"product_cat","embeddable":true,"href":"https:\/\/www.stalskog.se\/de\/wp-json\/wp\/v2\/product_cat?post=5095"},{"taxonomy":"product_tag","embeddable":true,"href":"https:\/\/www.stalskog.se\/de\/wp-json\/wp\/v2\/product_tag?post=5095"}],"curies":[{"name":"wp","href":"https:\/\/api.w.org\/{rel}","templated":true}]}}