{"id":5497,"date":"2022-05-05T17:48:13","date_gmt":"2022-05-05T17:48:13","guid":{"rendered":"https:\/\/www.stalskog.se\/produkt\/1-phase-jk27v-dxf\/"},"modified":"2022-05-05T17:49:55","modified_gmt":"2022-05-05T17:49:55","slug":"1-phase-jk27v-dxf","status":"publish","type":"product","link":"https:\/\/www.stalskog.se\/de\/produkte\/1-phase-jk27v-dxf\/","title":{"rendered":"1-phase JK27V-DXF"},"content":{"rendered":"<p>1-Phase Earthing Device<\/p>\n<p>Ref. SS 428 91 01, EN 61230<br \/>\nEarthing devices JK27V-DXF is used in combination with earthing device JK27-X-DXF or other devices with a rubber insulated bayonet type connector fitting DXM. Earth clamp JK 27V is for connection to ball-bolts \u00d8 20, \u00d8 25, \u00d8 30, T-bolt, busbars 1-25 mm, line\/tube \u00d8 6-25 mm.<br \/>\nThe device has a rubber insulated bayonet type connector fitting DXF.<br \/>\nThe clamp conducting parts are made of aluminium bronze. Steel components are made of stainless steel.<br \/>\nThe earthing cable, made of highly flexible ESTPR-insulated copper strands, has sealed cable lugs, which prevent humidity from penetrating the cable. The earthing cable is connected to the clamp using a cable lug and screw joint.<br \/>\nCase: DFO-JSKL1-J.<\/p>\n","protected":false},"excerpt":{"rendered":"<p>1-Phase Earthing Device Ref. SS 428 91 01, EN 61230 Earthing devices JK27V-DXF is used in combination with earthing device JK27-X-DXF or other devices with a rubber insulated bayonet type connector fitting DXM. Earth clamp JK 27V is for connection to ball-bolts \u00d8 20, \u00d8 25, \u00d8 30, T-bolt, busbars 1-25 mm, line\/tube \u00d8 6-25 [&hellip;]<\/p>\n","protected":false},"featured_media":5494,"comment_status":"closed","ping_status":"closed","template":"","meta":{"_acf_changed":false},"product_brand":[],"product_cat":[139,77],"product_tag":[],"class_list":{"0":"post-5497","1":"product","2":"type-product","3":"status-publish","4":"has-post-thumbnail","6":"product_cat-1-phase-de","7":"product_cat-switchgear-de","9":"first","10":"instock","11":"shipping-taxable","12":"product-type-simple"},"acf":[],"yoast_head":"<!-- This site is optimized with the Yoast SEO plugin v27.3 - https:\/\/yoast.com\/product\/yoast-seo-wordpress\/ -->\n<title>1-phase JK27V-DXF &#8211; Ragnar St\u00e5lskog<\/title>\n<meta name=\"description\" content=\"1-Phase Earthing Device Ref. SS 428 91 01, EN 61230 Earthing devices JK27V-DXF is used in combination with earthing device JK27-X-DXF or other devices\" \/>\n<meta name=\"robots\" content=\"index, follow, max-snippet:-1, max-image-preview:large, max-video-preview:-1\" \/>\n<link rel=\"canonical\" href=\"https:\/\/www.stalskog.se\/de\/produkte\/1-phase-jk27v-dxf\/\" \/>\n<meta property=\"og:locale\" content=\"de_DE\" \/>\n<meta property=\"og:type\" content=\"article\" \/>\n<meta property=\"og:title\" content=\"1-phase JK27V-DXF &#8211; Ragnar St\u00e5lskog\" \/>\n<meta property=\"og:description\" content=\"1-Phase Earthing Device Ref. SS 428 91 01, EN 61230 Earthing devices JK27V-DXF is used in combination with earthing device JK27-X-DXF or other devices\" \/>\n<meta property=\"og:url\" content=\"https:\/\/www.stalskog.se\/de\/produkte\/1-phase-jk27v-dxf\/\" \/>\n<meta property=\"og:site_name\" content=\"Ragnar St\u00e5lskog\" \/>\n<meta property=\"article:modified_time\" content=\"2022-05-05T17:49:55+00:00\" \/>\n<meta property=\"og:image\" content=\"https:\/\/www.stalskog.se\/wp-content\/uploads\/2022\/05\/jk27v-dxf.jpg\" \/>\n\t<meta property=\"og:image:width\" content=\"283\" \/>\n\t<meta property=\"og:image:height\" content=\"233\" \/>\n\t<meta property=\"og:image:type\" content=\"image\/jpeg\" \/>\n<meta name=\"twitter:card\" content=\"summary_large_image\" \/>\n<meta name=\"twitter:label1\" content=\"Gesch\u00e4tzte Lesezeit\" \/>\n\t<meta name=\"twitter:data1\" content=\"1\u00a0Minute\" \/>\n<script type=\"application\/ld+json\" class=\"yoast-schema-graph\">{\"@context\":\"https:\\\/\\\/schema.org\",\"@graph\":[{\"@type\":\"WebPage\",\"@id\":\"https:\\\/\\\/www.stalskog.se\\\/de\\\/produkte\\\/1-phase-jk27v-dxf\\\/\",\"url\":\"https:\\\/\\\/www.stalskog.se\\\/de\\\/produkte\\\/1-phase-jk27v-dxf\\\/\",\"name\":\"1-phase JK27V-DXF &#8211; Ragnar St\u00e5lskog\",\"isPartOf\":{\"@id\":\"https:\\\/\\\/www.stalskog.se\\\/de\\\/#website\"},\"primaryImageOfPage\":{\"@id\":\"https:\\\/\\\/www.stalskog.se\\\/de\\\/produkte\\\/1-phase-jk27v-dxf\\\/#primaryimage\"},\"image\":{\"@id\":\"https:\\\/\\\/www.stalskog.se\\\/de\\\/produkte\\\/1-phase-jk27v-dxf\\\/#primaryimage\"},\"thumbnailUrl\":\"https:\\\/\\\/www.stalskog.se\\\/wp-content\\\/uploads\\\/2022\\\/05\\\/jk27v-dxf.jpg\",\"datePublished\":\"2022-05-05T17:48:13+00:00\",\"dateModified\":\"2022-05-05T17:49:55+00:00\",\"description\":\"1-Phase Earthing Device Ref. SS 428 91 01, EN 61230 Earthing devices JK27V-DXF is used in combination with earthing device JK27-X-DXF or other devices\",\"breadcrumb\":{\"@id\":\"https:\\\/\\\/www.stalskog.se\\\/de\\\/produkte\\\/1-phase-jk27v-dxf\\\/#breadcrumb\"},\"inLanguage\":\"de\",\"potentialAction\":[{\"@type\":\"ReadAction\",\"target\":[\"https:\\\/\\\/www.stalskog.se\\\/de\\\/produkte\\\/1-phase-jk27v-dxf\\\/\"]}]},{\"@type\":\"ImageObject\",\"inLanguage\":\"de\",\"@id\":\"https:\\\/\\\/www.stalskog.se\\\/de\\\/produkte\\\/1-phase-jk27v-dxf\\\/#primaryimage\",\"url\":\"https:\\\/\\\/www.stalskog.se\\\/wp-content\\\/uploads\\\/2022\\\/05\\\/jk27v-dxf.jpg\",\"contentUrl\":\"https:\\\/\\\/www.stalskog.se\\\/wp-content\\\/uploads\\\/2022\\\/05\\\/jk27v-dxf.jpg\",\"width\":283,\"height\":233},{\"@type\":\"BreadcrumbList\",\"@id\":\"https:\\\/\\\/www.stalskog.se\\\/de\\\/produkte\\\/1-phase-jk27v-dxf\\\/#breadcrumb\",\"itemListElement\":[{\"@type\":\"ListItem\",\"position\":1,\"name\":\"Hem\",\"item\":\"https:\\\/\\\/www.stalskog.se\\\/de\\\/\"},{\"@type\":\"ListItem\",\"position\":2,\"name\":\"Produkter\",\"item\":\"https:\\\/\\\/www.stalskog.se\\\/?page_id=3235\"},{\"@type\":\"ListItem\",\"position\":3,\"name\":\"1. Switchgear\",\"item\":\"https:\\\/\\\/www.stalskog.se\\\/de\\\/kategorie\\\/switchgear-de\\\/\"},{\"@type\":\"ListItem\",\"position\":4,\"name\":\"1-phase\",\"item\":\"https:\\\/\\\/www.stalskog.se\\\/de\\\/kategorie\\\/switchgear-de\\\/1-phase-de\\\/\"},{\"@type\":\"ListItem\",\"position\":5,\"name\":\"1-phase JK27V-DXF\"}]},{\"@type\":\"WebSite\",\"@id\":\"https:\\\/\\\/www.stalskog.se\\\/de\\\/#website\",\"url\":\"https:\\\/\\\/www.stalskog.se\\\/de\\\/\",\"name\":\"Ragnar St\u00e5lskog\",\"description\":\"\",\"publisher\":{\"@id\":\"https:\\\/\\\/www.stalskog.se\\\/de\\\/#organization\"},\"potentialAction\":[{\"@type\":\"SearchAction\",\"target\":{\"@type\":\"EntryPoint\",\"urlTemplate\":\"https:\\\/\\\/www.stalskog.se\\\/de\\\/?s={search_term_string}\"},\"query-input\":{\"@type\":\"PropertyValueSpecification\",\"valueRequired\":true,\"valueName\":\"search_term_string\"}}],\"inLanguage\":\"de\"},{\"@type\":\"Organization\",\"@id\":\"https:\\\/\\\/www.stalskog.se\\\/de\\\/#organization\",\"name\":\"Ragnar St\u00e5lskog\",\"url\":\"https:\\\/\\\/www.stalskog.se\\\/de\\\/\",\"logo\":{\"@type\":\"ImageObject\",\"inLanguage\":\"de\",\"@id\":\"https:\\\/\\\/www.stalskog.se\\\/de\\\/#\\\/schema\\\/logo\\\/image\\\/\",\"url\":\"https:\\\/\\\/www.stalskog.se\\\/wp-content\\\/uploads\\\/2022\\\/03\\\/logo_o.png\",\"contentUrl\":\"https:\\\/\\\/www.stalskog.se\\\/wp-content\\\/uploads\\\/2022\\\/03\\\/logo_o.png\",\"width\":410,\"height\":99,\"caption\":\"Ragnar St\u00e5lskog\"},\"image\":{\"@id\":\"https:\\\/\\\/www.stalskog.se\\\/de\\\/#\\\/schema\\\/logo\\\/image\\\/\"}}]}<\/script>\n<!-- \/ Yoast SEO plugin. -->","yoast_head_json":{"title":"1-phase JK27V-DXF &#8211; Ragnar St\u00e5lskog","description":"1-Phase Earthing Device Ref. SS 428 91 01, EN 61230 Earthing devices JK27V-DXF is used in combination with earthing device JK27-X-DXF or other devices","robots":{"index":"index","follow":"follow","max-snippet":"max-snippet:-1","max-image-preview":"max-image-preview:large","max-video-preview":"max-video-preview:-1"},"canonical":"https:\/\/www.stalskog.se\/de\/produkte\/1-phase-jk27v-dxf\/","og_locale":"de_DE","og_type":"article","og_title":"1-phase JK27V-DXF &#8211; Ragnar St\u00e5lskog","og_description":"1-Phase Earthing Device Ref. SS 428 91 01, EN 61230 Earthing devices JK27V-DXF is used in combination with earthing device JK27-X-DXF or other devices","og_url":"https:\/\/www.stalskog.se\/de\/produkte\/1-phase-jk27v-dxf\/","og_site_name":"Ragnar St\u00e5lskog","article_modified_time":"2022-05-05T17:49:55+00:00","og_image":[{"width":283,"height":233,"url":"https:\/\/www.stalskog.se\/wp-content\/uploads\/2022\/05\/jk27v-dxf.jpg","type":"image\/jpeg"}],"twitter_card":"summary_large_image","twitter_misc":{"Gesch\u00e4tzte Lesezeit":"1\u00a0Minute"},"schema":{"@context":"https:\/\/schema.org","@graph":[{"@type":"WebPage","@id":"https:\/\/www.stalskog.se\/de\/produkte\/1-phase-jk27v-dxf\/","url":"https:\/\/www.stalskog.se\/de\/produkte\/1-phase-jk27v-dxf\/","name":"1-phase JK27V-DXF &#8211; Ragnar St\u00e5lskog","isPartOf":{"@id":"https:\/\/www.stalskog.se\/de\/#website"},"primaryImageOfPage":{"@id":"https:\/\/www.stalskog.se\/de\/produkte\/1-phase-jk27v-dxf\/#primaryimage"},"image":{"@id":"https:\/\/www.stalskog.se\/de\/produkte\/1-phase-jk27v-dxf\/#primaryimage"},"thumbnailUrl":"https:\/\/www.stalskog.se\/wp-content\/uploads\/2022\/05\/jk27v-dxf.jpg","datePublished":"2022-05-05T17:48:13+00:00","dateModified":"2022-05-05T17:49:55+00:00","description":"1-Phase Earthing Device Ref. SS 428 91 01, EN 61230 Earthing devices JK27V-DXF is used in combination with earthing device JK27-X-DXF or other devices","breadcrumb":{"@id":"https:\/\/www.stalskog.se\/de\/produkte\/1-phase-jk27v-dxf\/#breadcrumb"},"inLanguage":"de","potentialAction":[{"@type":"ReadAction","target":["https:\/\/www.stalskog.se\/de\/produkte\/1-phase-jk27v-dxf\/"]}]},{"@type":"ImageObject","inLanguage":"de","@id":"https:\/\/www.stalskog.se\/de\/produkte\/1-phase-jk27v-dxf\/#primaryimage","url":"https:\/\/www.stalskog.se\/wp-content\/uploads\/2022\/05\/jk27v-dxf.jpg","contentUrl":"https:\/\/www.stalskog.se\/wp-content\/uploads\/2022\/05\/jk27v-dxf.jpg","width":283,"height":233},{"@type":"BreadcrumbList","@id":"https:\/\/www.stalskog.se\/de\/produkte\/1-phase-jk27v-dxf\/#breadcrumb","itemListElement":[{"@type":"ListItem","position":1,"name":"Hem","item":"https:\/\/www.stalskog.se\/de\/"},{"@type":"ListItem","position":2,"name":"Produkter","item":"https:\/\/www.stalskog.se\/?page_id=3235"},{"@type":"ListItem","position":3,"name":"1. Switchgear","item":"https:\/\/www.stalskog.se\/de\/kategorie\/switchgear-de\/"},{"@type":"ListItem","position":4,"name":"1-phase","item":"https:\/\/www.stalskog.se\/de\/kategorie\/switchgear-de\/1-phase-de\/"},{"@type":"ListItem","position":5,"name":"1-phase JK27V-DXF"}]},{"@type":"WebSite","@id":"https:\/\/www.stalskog.se\/de\/#website","url":"https:\/\/www.stalskog.se\/de\/","name":"Ragnar St\u00e5lskog","description":"","publisher":{"@id":"https:\/\/www.stalskog.se\/de\/#organization"},"potentialAction":[{"@type":"SearchAction","target":{"@type":"EntryPoint","urlTemplate":"https:\/\/www.stalskog.se\/de\/?s={search_term_string}"},"query-input":{"@type":"PropertyValueSpecification","valueRequired":true,"valueName":"search_term_string"}}],"inLanguage":"de"},{"@type":"Organization","@id":"https:\/\/www.stalskog.se\/de\/#organization","name":"Ragnar St\u00e5lskog","url":"https:\/\/www.stalskog.se\/de\/","logo":{"@type":"ImageObject","inLanguage":"de","@id":"https:\/\/www.stalskog.se\/de\/#\/schema\/logo\/image\/","url":"https:\/\/www.stalskog.se\/wp-content\/uploads\/2022\/03\/logo_o.png","contentUrl":"https:\/\/www.stalskog.se\/wp-content\/uploads\/2022\/03\/logo_o.png","width":410,"height":99,"caption":"Ragnar St\u00e5lskog"},"image":{"@id":"https:\/\/www.stalskog.se\/de\/#\/schema\/logo\/image\/"}}]}},"_links":{"self":[{"href":"https:\/\/www.stalskog.se\/de\/wp-json\/wp\/v2\/product\/5497","targetHints":{"allow":["GET"]}}],"collection":[{"href":"https:\/\/www.stalskog.se\/de\/wp-json\/wp\/v2\/product"}],"about":[{"href":"https:\/\/www.stalskog.se\/de\/wp-json\/wp\/v2\/types\/product"}],"replies":[{"embeddable":true,"href":"https:\/\/www.stalskog.se\/de\/wp-json\/wp\/v2\/comments?post=5497"}],"wp:featuredmedia":[{"embeddable":true,"href":"https:\/\/www.stalskog.se\/de\/wp-json\/wp\/v2\/media\/5494"}],"wp:attachment":[{"href":"https:\/\/www.stalskog.se\/de\/wp-json\/wp\/v2\/media?parent=5497"}],"wp:term":[{"taxonomy":"product_brand","embeddable":true,"href":"https:\/\/www.stalskog.se\/de\/wp-json\/wp\/v2\/product_brand?post=5497"},{"taxonomy":"product_cat","embeddable":true,"href":"https:\/\/www.stalskog.se\/de\/wp-json\/wp\/v2\/product_cat?post=5497"},{"taxonomy":"product_tag","embeddable":true,"href":"https:\/\/www.stalskog.se\/de\/wp-json\/wp\/v2\/product_tag?post=5497"}],"curies":[{"name":"wp","href":"https:\/\/api.w.org\/{rel}","templated":true}]}}