{"id":9698,"date":"2022-06-02T12:32:02","date_gmt":"2022-06-02T12:32:02","guid":{"rendered":"https:\/\/www.stalskog.se\/?post_type=product&#038;p=9698"},"modified":"2022-06-02T12:33:17","modified_gmt":"2022-06-02T12:33:17","slug":"50v-11-kvac-16-kvdc-multisafe-dsphs11-1","status":"publish","type":"product","link":"https:\/\/www.stalskog.se\/de\/produkte\/50v-11-kvac-16-kvdc-multisafe-dsphs11-1\/","title":{"rendered":"50V..11 kVAC\/16 kVDC MultiSafe-DSPHS11-1"},"content":{"rendered":"<p><strong>Sp\u00e4nningsomr\u00e5de 11kV AC \/ 16kV DC, 0-500 Hz.<\/strong><br \/>\n<strong>EN 61243-2, EN 60071, EN 61010 och EN 50110-1.<\/strong><\/p>\n<p>2-polig h\u00f6gsp\u00e4nningsprovare Multisafe DSP HS 11 med LED indikering och digital visning av sp\u00e4nningsv\u00e4rdet.<\/p>\n<p>Digital visning av sp\u00e4nningar upp till 11 kV AC \/ 16 kV DC.<br \/>\nH\u00f6gsta grad av s\u00e4kerhet som tillhandah\u00e5lls av skyddsmotst\u00e5nd inom GRP- r\u00f6ret.<br \/>\nSt\u00f6tsp\u00e4nningsh\u00e5llfasthet &gt; 300 kV.<br \/>\nSj\u00e4lvtest f\u00f6r att kontrollera skyddsmotst\u00e5nd och funktion. F\u00f6r inom- och utomhusbruk.<br \/>\nSkyddsklass: IP 65.<br \/>\nBatteri: 9V &#8211; 6LR61 \/ 6LF22.<\/p>\n","protected":false},"excerpt":{"rendered":"<p>Sp\u00e4nningsomr\u00e5de 11kV AC \/ 16kV DC, 0-500 Hz. EN 61243-2, EN 60071, EN 61010 och EN 50110-1. 2-polig h\u00f6gsp\u00e4nningsprovare Multisafe DSP HS 11 med LED indikering och digital visning av sp\u00e4nningsv\u00e4rdet. Digital visning av sp\u00e4nningar upp till 11 kV AC \/ 16 kV DC. H\u00f6gsta grad av s\u00e4kerhet som tillhandah\u00e5lls av skyddsmotst\u00e5nd inom GRP- r\u00f6ret. [&hellip;]<\/p>\n","protected":false},"featured_media":9704,"comment_status":"closed","ping_status":"closed","template":"","meta":{"_acf_changed":false},"product_brand":[],"product_cat":[32],"product_tag":[],"class_list":{"0":"post-9698","1":"product","2":"type-product","3":"status-publish","4":"has-post-thumbnail","6":"product_cat-spanning-faslikhetsprovare","8":"first","9":"instock","10":"shipping-taxable","11":"product-type-simple"},"acf":[],"yoast_head":"<!-- This site is optimized with the Yoast SEO plugin v27.5 - https:\/\/yoast.com\/product\/yoast-seo-wordpress\/ -->\n<title>50V..11 kVAC\/16 kVDC MultiSafe-DSPHS11-1 &#8211; Ragnar St\u00e5lskog<\/title>\n<meta name=\"description\" content=\"Sp\u00e4nningsomr\u00e5de 11kV AC \/ 16kV DC, 0-500 Hz. EN 61243-2, EN 60071, EN 61010 och EN 50110-1. 2-polig h\u00f6gsp\u00e4nningsprovare Multisafe DSP HS 11 med LED\" \/>\n<meta name=\"robots\" content=\"index, follow, max-snippet:-1, max-image-preview:large, max-video-preview:-1\" \/>\n<link rel=\"canonical\" href=\"https:\/\/www.stalskog.se\/de\/produkte\/50v-11-kvac-16-kvdc-multisafe-dsphs11-1\/\" \/>\n<meta property=\"og:locale\" content=\"de_DE\" \/>\n<meta property=\"og:type\" content=\"article\" \/>\n<meta property=\"og:title\" content=\"50V..11 kVAC\/16 kVDC MultiSafe-DSPHS11-1 &#8211; Ragnar St\u00e5lskog\" \/>\n<meta property=\"og:description\" content=\"Sp\u00e4nningsomr\u00e5de 11kV AC \/ 16kV DC, 0-500 Hz. EN 61243-2, EN 60071, EN 61010 och EN 50110-1. 2-polig h\u00f6gsp\u00e4nningsprovare Multisafe DSP HS 11 med LED\" \/>\n<meta property=\"og:url\" content=\"https:\/\/www.stalskog.se\/de\/produkte\/50v-11-kvac-16-kvdc-multisafe-dsphs11-1\/\" \/>\n<meta property=\"og:site_name\" content=\"Ragnar St\u00e5lskog\" \/>\n<meta property=\"article:modified_time\" content=\"2022-06-02T12:33:17+00:00\" \/>\n<meta property=\"og:image\" content=\"https:\/\/www.stalskog.se\/wp-content\/uploads\/2022\/06\/multisafe_dsp_hs11-1_norm.png\" \/>\n\t<meta property=\"og:image:width\" content=\"98\" \/>\n\t<meta property=\"og:image:height\" content=\"300\" \/>\n\t<meta property=\"og:image:type\" content=\"image\/png\" \/>\n<meta name=\"twitter:card\" content=\"summary_large_image\" \/>\n<script type=\"application\/ld+json\" class=\"yoast-schema-graph\">{\"@context\":\"https:\\\/\\\/schema.org\",\"@graph\":[{\"@type\":\"WebPage\",\"@id\":\"https:\\\/\\\/www.stalskog.se\\\/de\\\/produkte\\\/50v-11-kvac-16-kvdc-multisafe-dsphs11-1\\\/\",\"url\":\"https:\\\/\\\/www.stalskog.se\\\/de\\\/produkte\\\/50v-11-kvac-16-kvdc-multisafe-dsphs11-1\\\/\",\"name\":\"50V..11 kVAC\\\/16 kVDC MultiSafe-DSPHS11-1 &#8211; Ragnar St\u00e5lskog\",\"isPartOf\":{\"@id\":\"https:\\\/\\\/www.stalskog.se\\\/de\\\/#website\"},\"primaryImageOfPage\":{\"@id\":\"https:\\\/\\\/www.stalskog.se\\\/de\\\/produkte\\\/50v-11-kvac-16-kvdc-multisafe-dsphs11-1\\\/#primaryimage\"},\"image\":{\"@id\":\"https:\\\/\\\/www.stalskog.se\\\/de\\\/produkte\\\/50v-11-kvac-16-kvdc-multisafe-dsphs11-1\\\/#primaryimage\"},\"thumbnailUrl\":\"https:\\\/\\\/www.stalskog.se\\\/wp-content\\\/uploads\\\/2022\\\/06\\\/multisafe_dsp_hs11-1_norm.png\",\"datePublished\":\"2022-06-02T12:32:02+00:00\",\"dateModified\":\"2022-06-02T12:33:17+00:00\",\"description\":\"Sp\u00e4nningsomr\u00e5de 11kV AC \\\/ 16kV DC, 0-500 Hz. EN 61243-2, EN 60071, EN 61010 och EN 50110-1. 2-polig h\u00f6gsp\u00e4nningsprovare Multisafe DSP HS 11 med LED\",\"breadcrumb\":{\"@id\":\"https:\\\/\\\/www.stalskog.se\\\/de\\\/produkte\\\/50v-11-kvac-16-kvdc-multisafe-dsphs11-1\\\/#breadcrumb\"},\"inLanguage\":\"de\",\"potentialAction\":[{\"@type\":\"ReadAction\",\"target\":[\"https:\\\/\\\/www.stalskog.se\\\/de\\\/produkte\\\/50v-11-kvac-16-kvdc-multisafe-dsphs11-1\\\/\"]}]},{\"@type\":\"ImageObject\",\"inLanguage\":\"de\",\"@id\":\"https:\\\/\\\/www.stalskog.se\\\/de\\\/produkte\\\/50v-11-kvac-16-kvdc-multisafe-dsphs11-1\\\/#primaryimage\",\"url\":\"https:\\\/\\\/www.stalskog.se\\\/wp-content\\\/uploads\\\/2022\\\/06\\\/multisafe_dsp_hs11-1_norm.png\",\"contentUrl\":\"https:\\\/\\\/www.stalskog.se\\\/wp-content\\\/uploads\\\/2022\\\/06\\\/multisafe_dsp_hs11-1_norm.png\",\"width\":98,\"height\":300},{\"@type\":\"BreadcrumbList\",\"@id\":\"https:\\\/\\\/www.stalskog.se\\\/de\\\/produkte\\\/50v-11-kvac-16-kvdc-multisafe-dsphs11-1\\\/#breadcrumb\",\"itemListElement\":[{\"@type\":\"ListItem\",\"position\":1,\"name\":\"Hem\",\"item\":\"https:\\\/\\\/www.stalskog.se\\\/de\\\/\"},{\"@type\":\"ListItem\",\"position\":2,\"name\":\"Produkter\",\"item\":\"https:\\\/\\\/www.stalskog.se\\\/?page_id=3235\"},{\"@type\":\"ListItem\",\"position\":3,\"name\":\"9. Voltage Detectors \\\/Phase comparator\",\"item\":\"https:\\\/\\\/www.stalskog.se\\\/de\\\/kategorie\\\/9-voltage-detectors-phase-comparator-de\\\/\"},{\"@type\":\"ListItem\",\"position\":4,\"name\":\"50V..11 kVAC\\\/16 kVDC MultiSafe-DSPHS11-1\"}]},{\"@type\":\"WebSite\",\"@id\":\"https:\\\/\\\/www.stalskog.se\\\/de\\\/#website\",\"url\":\"https:\\\/\\\/www.stalskog.se\\\/de\\\/\",\"name\":\"Ragnar St\u00e5lskog\",\"description\":\"\",\"publisher\":{\"@id\":\"https:\\\/\\\/www.stalskog.se\\\/de\\\/#organization\"},\"potentialAction\":[{\"@type\":\"SearchAction\",\"target\":{\"@type\":\"EntryPoint\",\"urlTemplate\":\"https:\\\/\\\/www.stalskog.se\\\/de\\\/?s={search_term_string}\"},\"query-input\":{\"@type\":\"PropertyValueSpecification\",\"valueRequired\":true,\"valueName\":\"search_term_string\"}}],\"inLanguage\":\"de\"},{\"@type\":\"Organization\",\"@id\":\"https:\\\/\\\/www.stalskog.se\\\/de\\\/#organization\",\"name\":\"Ragnar St\u00e5lskog\",\"url\":\"https:\\\/\\\/www.stalskog.se\\\/de\\\/\",\"logo\":{\"@type\":\"ImageObject\",\"inLanguage\":\"de\",\"@id\":\"https:\\\/\\\/www.stalskog.se\\\/de\\\/#\\\/schema\\\/logo\\\/image\\\/\",\"url\":\"https:\\\/\\\/www.stalskog.se\\\/wp-content\\\/uploads\\\/2022\\\/03\\\/logo_o.png\",\"contentUrl\":\"https:\\\/\\\/www.stalskog.se\\\/wp-content\\\/uploads\\\/2022\\\/03\\\/logo_o.png\",\"width\":410,\"height\":99,\"caption\":\"Ragnar St\u00e5lskog\"},\"image\":{\"@id\":\"https:\\\/\\\/www.stalskog.se\\\/de\\\/#\\\/schema\\\/logo\\\/image\\\/\"}}]}<\/script>\n<!-- \/ Yoast SEO plugin. -->","yoast_head_json":{"title":"50V..11 kVAC\/16 kVDC MultiSafe-DSPHS11-1 &#8211; Ragnar St\u00e5lskog","description":"Sp\u00e4nningsomr\u00e5de 11kV AC \/ 16kV DC, 0-500 Hz. EN 61243-2, EN 60071, EN 61010 och EN 50110-1. 2-polig h\u00f6gsp\u00e4nningsprovare Multisafe DSP HS 11 med LED","robots":{"index":"index","follow":"follow","max-snippet":"max-snippet:-1","max-image-preview":"max-image-preview:large","max-video-preview":"max-video-preview:-1"},"canonical":"https:\/\/www.stalskog.se\/de\/produkte\/50v-11-kvac-16-kvdc-multisafe-dsphs11-1\/","og_locale":"de_DE","og_type":"article","og_title":"50V..11 kVAC\/16 kVDC MultiSafe-DSPHS11-1 &#8211; Ragnar St\u00e5lskog","og_description":"Sp\u00e4nningsomr\u00e5de 11kV AC \/ 16kV DC, 0-500 Hz. EN 61243-2, EN 60071, EN 61010 och EN 50110-1. 2-polig h\u00f6gsp\u00e4nningsprovare Multisafe DSP HS 11 med LED","og_url":"https:\/\/www.stalskog.se\/de\/produkte\/50v-11-kvac-16-kvdc-multisafe-dsphs11-1\/","og_site_name":"Ragnar St\u00e5lskog","article_modified_time":"2022-06-02T12:33:17+00:00","og_image":[{"width":98,"height":300,"url":"https:\/\/www.stalskog.se\/wp-content\/uploads\/2022\/06\/multisafe_dsp_hs11-1_norm.png","type":"image\/png"}],"twitter_card":"summary_large_image","schema":{"@context":"https:\/\/schema.org","@graph":[{"@type":"WebPage","@id":"https:\/\/www.stalskog.se\/de\/produkte\/50v-11-kvac-16-kvdc-multisafe-dsphs11-1\/","url":"https:\/\/www.stalskog.se\/de\/produkte\/50v-11-kvac-16-kvdc-multisafe-dsphs11-1\/","name":"50V..11 kVAC\/16 kVDC MultiSafe-DSPHS11-1 &#8211; Ragnar St\u00e5lskog","isPartOf":{"@id":"https:\/\/www.stalskog.se\/de\/#website"},"primaryImageOfPage":{"@id":"https:\/\/www.stalskog.se\/de\/produkte\/50v-11-kvac-16-kvdc-multisafe-dsphs11-1\/#primaryimage"},"image":{"@id":"https:\/\/www.stalskog.se\/de\/produkte\/50v-11-kvac-16-kvdc-multisafe-dsphs11-1\/#primaryimage"},"thumbnailUrl":"https:\/\/www.stalskog.se\/wp-content\/uploads\/2022\/06\/multisafe_dsp_hs11-1_norm.png","datePublished":"2022-06-02T12:32:02+00:00","dateModified":"2022-06-02T12:33:17+00:00","description":"Sp\u00e4nningsomr\u00e5de 11kV AC \/ 16kV DC, 0-500 Hz. EN 61243-2, EN 60071, EN 61010 och EN 50110-1. 2-polig h\u00f6gsp\u00e4nningsprovare Multisafe DSP HS 11 med LED","breadcrumb":{"@id":"https:\/\/www.stalskog.se\/de\/produkte\/50v-11-kvac-16-kvdc-multisafe-dsphs11-1\/#breadcrumb"},"inLanguage":"de","potentialAction":[{"@type":"ReadAction","target":["https:\/\/www.stalskog.se\/de\/produkte\/50v-11-kvac-16-kvdc-multisafe-dsphs11-1\/"]}]},{"@type":"ImageObject","inLanguage":"de","@id":"https:\/\/www.stalskog.se\/de\/produkte\/50v-11-kvac-16-kvdc-multisafe-dsphs11-1\/#primaryimage","url":"https:\/\/www.stalskog.se\/wp-content\/uploads\/2022\/06\/multisafe_dsp_hs11-1_norm.png","contentUrl":"https:\/\/www.stalskog.se\/wp-content\/uploads\/2022\/06\/multisafe_dsp_hs11-1_norm.png","width":98,"height":300},{"@type":"BreadcrumbList","@id":"https:\/\/www.stalskog.se\/de\/produkte\/50v-11-kvac-16-kvdc-multisafe-dsphs11-1\/#breadcrumb","itemListElement":[{"@type":"ListItem","position":1,"name":"Hem","item":"https:\/\/www.stalskog.se\/de\/"},{"@type":"ListItem","position":2,"name":"Produkter","item":"https:\/\/www.stalskog.se\/?page_id=3235"},{"@type":"ListItem","position":3,"name":"9. Voltage Detectors \/Phase comparator","item":"https:\/\/www.stalskog.se\/de\/kategorie\/9-voltage-detectors-phase-comparator-de\/"},{"@type":"ListItem","position":4,"name":"50V..11 kVAC\/16 kVDC MultiSafe-DSPHS11-1"}]},{"@type":"WebSite","@id":"https:\/\/www.stalskog.se\/de\/#website","url":"https:\/\/www.stalskog.se\/de\/","name":"Ragnar St\u00e5lskog","description":"","publisher":{"@id":"https:\/\/www.stalskog.se\/de\/#organization"},"potentialAction":[{"@type":"SearchAction","target":{"@type":"EntryPoint","urlTemplate":"https:\/\/www.stalskog.se\/de\/?s={search_term_string}"},"query-input":{"@type":"PropertyValueSpecification","valueRequired":true,"valueName":"search_term_string"}}],"inLanguage":"de"},{"@type":"Organization","@id":"https:\/\/www.stalskog.se\/de\/#organization","name":"Ragnar St\u00e5lskog","url":"https:\/\/www.stalskog.se\/de\/","logo":{"@type":"ImageObject","inLanguage":"de","@id":"https:\/\/www.stalskog.se\/de\/#\/schema\/logo\/image\/","url":"https:\/\/www.stalskog.se\/wp-content\/uploads\/2022\/03\/logo_o.png","contentUrl":"https:\/\/www.stalskog.se\/wp-content\/uploads\/2022\/03\/logo_o.png","width":410,"height":99,"caption":"Ragnar St\u00e5lskog"},"image":{"@id":"https:\/\/www.stalskog.se\/de\/#\/schema\/logo\/image\/"}}]}},"_links":{"self":[{"href":"https:\/\/www.stalskog.se\/de\/wp-json\/wp\/v2\/product\/9698","targetHints":{"allow":["GET"]}}],"collection":[{"href":"https:\/\/www.stalskog.se\/de\/wp-json\/wp\/v2\/product"}],"about":[{"href":"https:\/\/www.stalskog.se\/de\/wp-json\/wp\/v2\/types\/product"}],"replies":[{"embeddable":true,"href":"https:\/\/www.stalskog.se\/de\/wp-json\/wp\/v2\/comments?post=9698"}],"wp:featuredmedia":[{"embeddable":true,"href":"https:\/\/www.stalskog.se\/de\/wp-json\/wp\/v2\/media\/9704"}],"wp:attachment":[{"href":"https:\/\/www.stalskog.se\/de\/wp-json\/wp\/v2\/media?parent=9698"}],"wp:term":[{"taxonomy":"product_brand","embeddable":true,"href":"https:\/\/www.stalskog.se\/de\/wp-json\/wp\/v2\/product_brand?post=9698"},{"taxonomy":"product_cat","embeddable":true,"href":"https:\/\/www.stalskog.se\/de\/wp-json\/wp\/v2\/product_cat?post=9698"},{"taxonomy":"product_tag","embeddable":true,"href":"https:\/\/www.stalskog.se\/de\/wp-json\/wp\/v2\/product_tag?post=9698"}],"curies":[{"name":"wp","href":"https:\/\/api.w.org\/{rel}","templated":true}]}}