{"id":3113,"date":"2022-04-19T09:10:42","date_gmt":"2022-04-19T09:10:42","guid":{"rendered":"https:\/\/www.stalskog.se\/?page_id=3113"},"modified":"2022-05-09T14:24:54","modified_gmt":"2022-05-09T14:24:54","slug":"history","status":"publish","type":"page","link":"https:\/\/www.stalskog.se\/en\/about-us\/history\/","title":{"rendered":"History"},"content":{"rendered":"\t\t<div data-elementor-type=\"wp-page\" data-elementor-id=\"3113\" class=\"elementor elementor-3113 elementor-2992\" data-elementor-post-type=\"page\">\n\t\t\t\t\t\t<section class=\"elementor-section elementor-top-section elementor-element elementor-element-652507b elementor-section-height-min-height elementor-section-boxed elementor-section-height-default elementor-section-items-middle\" data-id=\"652507b\" data-element_type=\"section\" data-e-type=\"section\" data-settings=\"{&quot;background_background&quot;:&quot;classic&quot;}\">\n\t\t\t\t\t\t\t<div class=\"elementor-background-overlay\"><\/div>\n\t\t\t\t\t\t\t<div class=\"elementor-container elementor-column-gap-default\">\n\t\t\t\t\t<div class=\"elementor-column elementor-col-100 elementor-top-column elementor-element elementor-element-28b2df0\" data-id=\"28b2df0\" data-element_type=\"column\" data-e-type=\"column\">\n\t\t\t<div class=\"elementor-widget-wrap elementor-element-populated\">\n\t\t\t\t\t\t<div class=\"elementor-element elementor-element-e7757d5 elementor-widget elementor-widget-heading\" data-id=\"e7757d5\" data-element_type=\"widget\" data-e-type=\"widget\" data-widget_type=\"heading.default\">\n\t\t\t\t<div class=\"elementor-widget-container\">\n\t\t\t\t\t<h1 class=\"elementor-heading-title elementor-size-default\">HISTORY<\/h1>\t\t\t\t<\/div>\n\t\t\t\t<\/div>\n\t\t\t\t\t<\/div>\n\t\t<\/div>\n\t\t\t\t\t<\/div>\n\t\t<\/section>\n\t\t\t\t<section class=\"elementor-section elementor-top-section elementor-element elementor-element-b70b468 elementor-section-full_width elementor-section-height-default elementor-section-height-default\" data-id=\"b70b468\" data-element_type=\"section\" data-e-type=\"section\">\n\t\t\t\t\t\t<div class=\"elementor-container elementor-column-gap-default\">\n\t\t\t\t\t<div class=\"elementor-column elementor-col-100 elementor-top-column elementor-element elementor-element-7a656c3\" data-id=\"7a656c3\" data-element_type=\"column\" data-e-type=\"column\">\n\t\t\t<div class=\"elementor-widget-wrap elementor-element-populated\">\n\t\t\t\t\t\t<div class=\"elementor-element elementor-element-6cc22d4 elementor-widget elementor-widget-shortcode\" data-id=\"6cc22d4\" data-element_type=\"widget\" data-e-type=\"widget\" data-widget_type=\"shortcode.default\">\n\t\t\t\t<div class=\"elementor-widget-container\">\n\t\t\t\t\t\t\t<div class=\"elementor-shortcode\">\t\t<div data-elementor-type=\"section\" data-elementor-id=\"1919\" class=\"elementor elementor-1919\" data-elementor-post-type=\"elementor_library\">\n\t\t\t\t\t<section class=\"elementor-section elementor-top-section elementor-element elementor-element-1443c7ba elementor-section-height-min-height elementor-section-boxed elementor-section-height-default elementor-section-items-middle\" data-id=\"1443c7ba\" data-element_type=\"section\" data-e-type=\"section\" data-settings=\"{&quot;background_background&quot;:&quot;classic&quot;}\">\n\t\t\t\t\t\t\t<div class=\"elementor-background-overlay\"><\/div>\n\t\t\t\t\t\t\t<div class=\"elementor-container elementor-column-gap-default\">\n\t\t\t\t\t<div class=\"elementor-column elementor-col-100 elementor-top-column elementor-element elementor-element-35100657\" data-id=\"35100657\" data-element_type=\"column\" data-e-type=\"column\">\n\t\t\t<div class=\"elementor-widget-wrap elementor-element-populated\">\n\t\t\t\t\t\t<div class=\"elementor-element elementor-element-bfe333f elementor-widget elementor-widget-woocommerce-breadcrumb\" data-id=\"bfe333f\" data-element_type=\"widget\" data-e-type=\"widget\" data-widget_type=\"woocommerce-breadcrumb.default\">\n\t\t\t\t<div class=\"elementor-widget-container\">\n\t\t\t\t\t<nav class=\"woocommerce-breadcrumb\" aria-label=\"Breadcrumb\">Home<\/nav>\t\t\t\t<\/div>\n\t\t\t\t<\/div>\n\t\t\t\t\t<\/div>\n\t\t<\/div>\n\t\t\t\t\t<\/div>\n\t\t<\/section>\n\t\t\t\t<\/div>\n\t\t<\/div>\n\t\t\t\t\t\t<\/div>\n\t\t\t\t<\/div>\n\t\t\t\t\t<\/div>\n\t\t<\/div>\n\t\t\t\t\t<\/div>\n\t\t<\/section>\n\t\t\t\t<section class=\"elementor-section elementor-top-section elementor-element elementor-element-b61e97c elementor-section-boxed elementor-section-height-default elementor-section-height-default\" data-id=\"b61e97c\" data-element_type=\"section\" data-e-type=\"section\">\n\t\t\t\t\t\t<div class=\"elementor-container elementor-column-gap-default\">\n\t\t\t\t\t<div class=\"elementor-column elementor-col-100 elementor-top-column elementor-element elementor-element-1aabd3f\" data-id=\"1aabd3f\" data-element_type=\"column\" data-e-type=\"column\">\n\t\t\t<div class=\"elementor-widget-wrap elementor-element-populated\">\n\t\t\t\t\t\t<section class=\"elementor-section elementor-inner-section elementor-element elementor-element-f02cfcb elementor-section-boxed elementor-section-height-default elementor-section-height-default\" data-id=\"f02cfcb\" data-element_type=\"section\" data-e-type=\"section\">\n\t\t\t\t\t\t<div class=\"elementor-container elementor-column-gap-default\">\n\t\t\t\t\t<div class=\"elementor-column elementor-col-50 elementor-inner-column elementor-element elementor-element-1c7b89e\" data-id=\"1c7b89e\" data-element_type=\"column\" data-e-type=\"column\">\n\t\t\t<div class=\"elementor-widget-wrap elementor-element-populated\">\n\t\t\t\t\t\t<div class=\"elementor-element elementor-element-4505915 elementor-widget elementor-widget-heading\" data-id=\"4505915\" data-element_type=\"widget\" data-e-type=\"widget\" data-widget_type=\"heading.default\">\n\t\t\t\t<div class=\"elementor-widget-container\">\n\t\t\t\t\t<h2 class=\"elementor-heading-title elementor-size-default\">HISTORY<\/h2>\t\t\t\t<\/div>\n\t\t\t\t<\/div>\n\t\t\t\t<div class=\"elementor-element elementor-element-9908438 elementor-widget__width-initial elementor-widget elementor-widget-text-editor\" data-id=\"9908438\" data-element_type=\"widget\" data-e-type=\"widget\" data-widget_type=\"text-editor.default\">\n\t\t\t\t<div class=\"elementor-widget-container\">\n\t\t\t\t\t\t\t\t\tRagnar St\u00e5lskog AB was founded in 1955 by engineer Ragnar St\u00e5lskog as a response to a great demand for reliable earthing tools for power stations.\n\nThe equipment available at that time did not meet the new demands being made. A number of accidents happened on account of inferior tools, and the Swedish power industry was unable to find suitable products on the market.  \n\nClose co-operation started with customers, standards committees, research institutes and authorities. The company took on the most knowledgeable people in the industry.\n\nIntensive research and development led to the designing of unique solutions. Field and laboratory tests resulted in equipment which was able to meet requirements by a comfortable margin. Among other things, the company developed a method of producing glass fibre-reinforced polyester tubes and was one of the first companies in Europe to manufacture this type of tubes.\n\nThe reputation of the company grew quickly within the industry, and several of the major power companies showed an interest in its products.\n\t\t\t\t\t\t\t\t<\/div>\n\t\t\t\t<\/div>\n\t\t\t\t<div class=\"elementor-element elementor-element-a64c64d elementor-widget elementor-widget-image\" data-id=\"a64c64d\" data-element_type=\"widget\" data-e-type=\"widget\" data-widget_type=\"image.default\">\n\t\t\t\t<div class=\"elementor-widget-container\">\n\t\t\t\t\t\t\t\t\t\t\t\t\t\t\t<img fetchpriority=\"high\" decoding=\"async\" width=\"800\" height=\"347\" src=\"https:\/\/www.stalskog.se\/wp-content\/uploads\/2022\/04\/foretag_ga.jpg\" class=\"attachment-large size-large wp-image-2977\" alt=\"\" srcset=\"https:\/\/www.stalskog.se\/wp-content\/uploads\/2022\/04\/foretag_ga.jpg 1025w, https:\/\/www.stalskog.se\/wp-content\/uploads\/2022\/04\/foretag_ga-300x130.jpg 300w, https:\/\/www.stalskog.se\/wp-content\/uploads\/2022\/04\/foretag_ga-600x260.jpg 600w, https:\/\/www.stalskog.se\/wp-content\/uploads\/2022\/04\/foretag_ga-768x333.jpg 768w\" sizes=\"(max-width: 800px) 100vw, 800px\" \/>\t\t\t\t\t\t\t\t\t\t\t\t\t\t\t<\/div>\n\t\t\t\t<\/div>\n\t\t\t\t<div class=\"elementor-element elementor-element-10767f3 elementor-widget__width-initial elementor-widget elementor-widget-text-editor\" data-id=\"10767f3\" data-element_type=\"widget\" data-e-type=\"widget\" data-widget_type=\"text-editor.default\">\n\t\t\t\t<div class=\"elementor-widget-container\">\n\t\t\t\t\t\t\t\t\t\nIts tools were very reliable and easy to handle, and they were rated very highly by users. The choice of materials used, along with careful manufacture, resulted in products which were safe, easy to handle and had a long service life. Customers\u2019 demands for more and more improved quality meant that the industry was rationalised.\n\nDemand rose and deliveries took place on a large scale throughout the entire country. Denmark, Finland and Norway showed an interest in the new designs, and soon the systems promoted by Ragnar St\u00e5lskog AB were market leaders in the Nordic countries.\n\nNowadays Ragnar St\u00e5lskog AB products can be found all over the world and in the most severe environments. The company become a household name in in the Nordic countries and has an extremely good reputation all over the world.\t\t\t\t\t\t\t\t<\/div>\n\t\t\t\t<\/div>\n\t\t\t\t\t<\/div>\n\t\t<\/div>\n\t\t\t\t<div class=\"elementor-column elementor-col-50 elementor-inner-column elementor-element elementor-element-1a506d8\" data-id=\"1a506d8\" data-element_type=\"column\" data-e-type=\"column\">\n\t\t\t<div class=\"elementor-widget-wrap elementor-element-populated\">\n\t\t\t\t\t\t<div class=\"elementor-element elementor-element-d113873 elementor-widget__width-initial elementor-widget elementor-widget-image\" data-id=\"d113873\" data-element_type=\"widget\" data-e-type=\"widget\" data-widget_type=\"image.default\">\n\t\t\t\t<div class=\"elementor-widget-container\">\n\t\t\t\t\t\t\t\t\t\t\t\t\t\t\t<img decoding=\"async\" width=\"200\" height=\"160\" src=\"https:\/\/www.stalskog.se\/wp-content\/uploads\/2022\/04\/Gammal-svarv.jpg\" class=\"attachment-large size-large wp-image-2909\" alt=\"\" \/>\t\t\t\t\t\t\t\t\t\t\t\t\t\t\t<\/div>\n\t\t\t\t<\/div>\n\t\t\t\t<div class=\"elementor-element elementor-element-5cb77ec elementor-widget__width-initial elementor-widget elementor-widget-image\" data-id=\"5cb77ec\" data-element_type=\"widget\" data-e-type=\"widget\" data-widget_type=\"image.default\">\n\t\t\t\t<div class=\"elementor-widget-container\">\n\t\t\t\t\t\t\t\t\t\t\t\t\t\t\t<img decoding=\"async\" width=\"556\" height=\"696\" src=\"https:\/\/www.stalskog.se\/wp-content\/uploads\/2022\/04\/Ga-klammor-s_v.jpg\" class=\"attachment-large size-large wp-image-2905\" alt=\"\" srcset=\"https:\/\/www.stalskog.se\/wp-content\/uploads\/2022\/04\/Ga-klammor-s_v.jpg 556w, https:\/\/www.stalskog.se\/wp-content\/uploads\/2022\/04\/Ga-klammor-s_v-300x376.jpg 300w, https:\/\/www.stalskog.se\/wp-content\/uploads\/2022\/04\/Ga-klammor-s_v-240x300.jpg 240w\" sizes=\"(max-width: 556px) 100vw, 556px\" \/>\t\t\t\t\t\t\t\t\t\t\t\t\t\t\t<\/div>\n\t\t\t\t<\/div>\n\t\t\t\t\t<\/div>\n\t\t<\/div>\n\t\t\t\t\t<\/div>\n\t\t<\/section>\n\t\t\t\t\t<\/div>\n\t\t<\/div>\n\t\t\t\t\t<\/div>\n\t\t<\/section>\n\t\t\t\t<\/div>\n\t\t","protected":false},"excerpt":{"rendered":"<p>HISTORY HISTORY Ragnar St\u00e5lskog AB was founded in 1955 by engineer Ragnar St\u00e5lskog as a response to a great demand for reliable earthing tools for power stations. The equipment available at that time did not meet the new demands being made. A number of accidents happened on account of inferior tools, and the Swedish power [&hellip;]<\/p>\n","protected":false},"author":6,"featured_media":0,"parent":3050,"menu_order":0,"comment_status":"closed","ping_status":"closed","template":"elementor_header_footer","meta":{"_acf_changed":false,"footnotes":""},"class_list":["post-3113","page","type-page","status-publish","hentry"],"acf":[],"yoast_head":"<!-- This site is optimized with the Yoast SEO plugin v27.5 - https:\/\/yoast.com\/product\/yoast-seo-wordpress\/ -->\n<title>History &#8211; Ragnar St\u00e5lskog<\/title>\n<meta name=\"description\" content=\"HISTORY HISTORY Ragnar St\u00e5lskog AB was founded in 1955 by engineer Ragnar St\u00e5lskog as a response to a great demand for reliable earthing tools for power\" \/>\n<meta name=\"robots\" content=\"index, follow, max-snippet:-1, max-image-preview:large, max-video-preview:-1\" \/>\n<link rel=\"canonical\" href=\"https:\/\/www.stalskog.se\/en\/about-us\/history\/\" \/>\n<meta property=\"og:locale\" content=\"en_US\" \/>\n<meta property=\"og:type\" content=\"article\" \/>\n<meta property=\"og:title\" content=\"History &#8211; Ragnar St\u00e5lskog\" \/>\n<meta property=\"og:description\" content=\"HISTORY HISTORY Ragnar St\u00e5lskog AB was founded in 1955 by engineer Ragnar St\u00e5lskog as a response to a great demand for reliable earthing tools for power\" \/>\n<meta property=\"og:url\" content=\"https:\/\/www.stalskog.se\/en\/about-us\/history\/\" \/>\n<meta property=\"og:site_name\" content=\"Ragnar St\u00e5lskog\" \/>\n<meta property=\"article:modified_time\" content=\"2022-05-09T14:24:54+00:00\" \/>\n<meta property=\"og:image\" content=\"https:\/\/www.stalskog.se\/wp-content\/uploads\/2022\/04\/foretag_ga.jpg\" \/>\n<meta name=\"twitter:card\" content=\"summary_large_image\" \/>\n<meta name=\"twitter:label1\" content=\"Est. reading time\" \/>\n\t<meta name=\"twitter:data1\" content=\"3 minutes\" \/>\n<script type=\"application\/ld+json\" class=\"yoast-schema-graph\">{\"@context\":\"https:\\\/\\\/schema.org\",\"@graph\":[{\"@type\":\"WebPage\",\"@id\":\"https:\\\/\\\/www.stalskog.se\\\/en\\\/about-us\\\/history\\\/\",\"url\":\"https:\\\/\\\/www.stalskog.se\\\/en\\\/about-us\\\/history\\\/\",\"name\":\"History &#8211; Ragnar St\u00e5lskog\",\"isPartOf\":{\"@id\":\"https:\\\/\\\/www.stalskog.se\\\/en\\\/#website\"},\"primaryImageOfPage\":{\"@id\":\"https:\\\/\\\/www.stalskog.se\\\/en\\\/about-us\\\/history\\\/#primaryimage\"},\"image\":{\"@id\":\"https:\\\/\\\/www.stalskog.se\\\/en\\\/about-us\\\/history\\\/#primaryimage\"},\"thumbnailUrl\":\"https:\\\/\\\/www.stalskog.se\\\/wp-content\\\/uploads\\\/2022\\\/04\\\/foretag_ga.jpg\",\"datePublished\":\"2022-04-19T09:10:42+00:00\",\"dateModified\":\"2022-05-09T14:24:54+00:00\",\"description\":\"HISTORY HISTORY Ragnar St\u00e5lskog AB was founded in 1955 by engineer Ragnar St\u00e5lskog as a response to a great demand for reliable earthing tools for power\",\"breadcrumb\":{\"@id\":\"https:\\\/\\\/www.stalskog.se\\\/en\\\/about-us\\\/history\\\/#breadcrumb\"},\"inLanguage\":\"en-US\",\"potentialAction\":[{\"@type\":\"ReadAction\",\"target\":[\"https:\\\/\\\/www.stalskog.se\\\/en\\\/about-us\\\/history\\\/\"]}]},{\"@type\":\"ImageObject\",\"inLanguage\":\"en-US\",\"@id\":\"https:\\\/\\\/www.stalskog.se\\\/en\\\/about-us\\\/history\\\/#primaryimage\",\"url\":\"https:\\\/\\\/www.stalskog.se\\\/wp-content\\\/uploads\\\/2022\\\/04\\\/foretag_ga.jpg\",\"contentUrl\":\"https:\\\/\\\/www.stalskog.se\\\/wp-content\\\/uploads\\\/2022\\\/04\\\/foretag_ga.jpg\"},{\"@type\":\"BreadcrumbList\",\"@id\":\"https:\\\/\\\/www.stalskog.se\\\/en\\\/about-us\\\/history\\\/#breadcrumb\",\"itemListElement\":[{\"@type\":\"ListItem\",\"position\":1,\"name\":\"Hem\",\"item\":\"https:\\\/\\\/www.stalskog.se\\\/en\\\/\"},{\"@type\":\"ListItem\",\"position\":2,\"name\":\"About Us\",\"item\":\"https:\\\/\\\/www.stalskog.se\\\/en\\\/om-oss\\\/\"},{\"@type\":\"ListItem\",\"position\":3,\"name\":\"History\"}]},{\"@type\":\"WebSite\",\"@id\":\"https:\\\/\\\/www.stalskog.se\\\/en\\\/#website\",\"url\":\"https:\\\/\\\/www.stalskog.se\\\/en\\\/\",\"name\":\"Ragnar St\u00e5lskog\",\"description\":\"\",\"publisher\":{\"@id\":\"https:\\\/\\\/www.stalskog.se\\\/en\\\/#organization\"},\"potentialAction\":[{\"@type\":\"SearchAction\",\"target\":{\"@type\":\"EntryPoint\",\"urlTemplate\":\"https:\\\/\\\/www.stalskog.se\\\/en\\\/?s={search_term_string}\"},\"query-input\":{\"@type\":\"PropertyValueSpecification\",\"valueRequired\":true,\"valueName\":\"search_term_string\"}}],\"inLanguage\":\"en-US\"},{\"@type\":\"Organization\",\"@id\":\"https:\\\/\\\/www.stalskog.se\\\/en\\\/#organization\",\"name\":\"Ragnar St\u00e5lskog\",\"url\":\"https:\\\/\\\/www.stalskog.se\\\/en\\\/\",\"logo\":{\"@type\":\"ImageObject\",\"inLanguage\":\"en-US\",\"@id\":\"https:\\\/\\\/www.stalskog.se\\\/en\\\/#\\\/schema\\\/logo\\\/image\\\/\",\"url\":\"https:\\\/\\\/www.stalskog.se\\\/wp-content\\\/uploads\\\/2022\\\/03\\\/logo_o.png\",\"contentUrl\":\"https:\\\/\\\/www.stalskog.se\\\/wp-content\\\/uploads\\\/2022\\\/03\\\/logo_o.png\",\"width\":410,\"height\":99,\"caption\":\"Ragnar St\u00e5lskog\"},\"image\":{\"@id\":\"https:\\\/\\\/www.stalskog.se\\\/en\\\/#\\\/schema\\\/logo\\\/image\\\/\"}}]}<\/script>\n<!-- \/ Yoast SEO plugin. -->","yoast_head_json":{"title":"History &#8211; Ragnar St\u00e5lskog","description":"HISTORY HISTORY Ragnar St\u00e5lskog AB was founded in 1955 by engineer Ragnar St\u00e5lskog as a response to a great demand for reliable earthing tools for power","robots":{"index":"index","follow":"follow","max-snippet":"max-snippet:-1","max-image-preview":"max-image-preview:large","max-video-preview":"max-video-preview:-1"},"canonical":"https:\/\/www.stalskog.se\/en\/about-us\/history\/","og_locale":"en_US","og_type":"article","og_title":"History &#8211; Ragnar St\u00e5lskog","og_description":"HISTORY HISTORY Ragnar St\u00e5lskog AB was founded in 1955 by engineer Ragnar St\u00e5lskog as a response to a great demand for reliable earthing tools for power","og_url":"https:\/\/www.stalskog.se\/en\/about-us\/history\/","og_site_name":"Ragnar St\u00e5lskog","article_modified_time":"2022-05-09T14:24:54+00:00","og_image":[{"url":"https:\/\/www.stalskog.se\/wp-content\/uploads\/2022\/04\/foretag_ga.jpg","type":"","width":"","height":""}],"twitter_card":"summary_large_image","twitter_misc":{"Est. reading time":"3 minutes"},"schema":{"@context":"https:\/\/schema.org","@graph":[{"@type":"WebPage","@id":"https:\/\/www.stalskog.se\/en\/about-us\/history\/","url":"https:\/\/www.stalskog.se\/en\/about-us\/history\/","name":"History &#8211; Ragnar St\u00e5lskog","isPartOf":{"@id":"https:\/\/www.stalskog.se\/en\/#website"},"primaryImageOfPage":{"@id":"https:\/\/www.stalskog.se\/en\/about-us\/history\/#primaryimage"},"image":{"@id":"https:\/\/www.stalskog.se\/en\/about-us\/history\/#primaryimage"},"thumbnailUrl":"https:\/\/www.stalskog.se\/wp-content\/uploads\/2022\/04\/foretag_ga.jpg","datePublished":"2022-04-19T09:10:42+00:00","dateModified":"2022-05-09T14:24:54+00:00","description":"HISTORY HISTORY Ragnar St\u00e5lskog AB was founded in 1955 by engineer Ragnar St\u00e5lskog as a response to a great demand for reliable earthing tools for power","breadcrumb":{"@id":"https:\/\/www.stalskog.se\/en\/about-us\/history\/#breadcrumb"},"inLanguage":"en-US","potentialAction":[{"@type":"ReadAction","target":["https:\/\/www.stalskog.se\/en\/about-us\/history\/"]}]},{"@type":"ImageObject","inLanguage":"en-US","@id":"https:\/\/www.stalskog.se\/en\/about-us\/history\/#primaryimage","url":"https:\/\/www.stalskog.se\/wp-content\/uploads\/2022\/04\/foretag_ga.jpg","contentUrl":"https:\/\/www.stalskog.se\/wp-content\/uploads\/2022\/04\/foretag_ga.jpg"},{"@type":"BreadcrumbList","@id":"https:\/\/www.stalskog.se\/en\/about-us\/history\/#breadcrumb","itemListElement":[{"@type":"ListItem","position":1,"name":"Hem","item":"https:\/\/www.stalskog.se\/en\/"},{"@type":"ListItem","position":2,"name":"About Us","item":"https:\/\/www.stalskog.se\/en\/om-oss\/"},{"@type":"ListItem","position":3,"name":"History"}]},{"@type":"WebSite","@id":"https:\/\/www.stalskog.se\/en\/#website","url":"https:\/\/www.stalskog.se\/en\/","name":"Ragnar St\u00e5lskog","description":"","publisher":{"@id":"https:\/\/www.stalskog.se\/en\/#organization"},"potentialAction":[{"@type":"SearchAction","target":{"@type":"EntryPoint","urlTemplate":"https:\/\/www.stalskog.se\/en\/?s={search_term_string}"},"query-input":{"@type":"PropertyValueSpecification","valueRequired":true,"valueName":"search_term_string"}}],"inLanguage":"en-US"},{"@type":"Organization","@id":"https:\/\/www.stalskog.se\/en\/#organization","name":"Ragnar St\u00e5lskog","url":"https:\/\/www.stalskog.se\/en\/","logo":{"@type":"ImageObject","inLanguage":"en-US","@id":"https:\/\/www.stalskog.se\/en\/#\/schema\/logo\/image\/","url":"https:\/\/www.stalskog.se\/wp-content\/uploads\/2022\/03\/logo_o.png","contentUrl":"https:\/\/www.stalskog.se\/wp-content\/uploads\/2022\/03\/logo_o.png","width":410,"height":99,"caption":"Ragnar St\u00e5lskog"},"image":{"@id":"https:\/\/www.stalskog.se\/en\/#\/schema\/logo\/image\/"}}]}},"_links":{"self":[{"href":"https:\/\/www.stalskog.se\/en\/wp-json\/wp\/v2\/pages\/3113","targetHints":{"allow":["GET"]}}],"collection":[{"href":"https:\/\/www.stalskog.se\/en\/wp-json\/wp\/v2\/pages"}],"about":[{"href":"https:\/\/www.stalskog.se\/en\/wp-json\/wp\/v2\/types\/page"}],"author":[{"embeddable":true,"href":"https:\/\/www.stalskog.se\/en\/wp-json\/wp\/v2\/users\/6"}],"replies":[{"embeddable":true,"href":"https:\/\/www.stalskog.se\/en\/wp-json\/wp\/v2\/comments?post=3113"}],"version-history":[{"count":10,"href":"https:\/\/www.stalskog.se\/en\/wp-json\/wp\/v2\/pages\/3113\/revisions"}],"predecessor-version":[{"id":6500,"href":"https:\/\/www.stalskog.se\/en\/wp-json\/wp\/v2\/pages\/3113\/revisions\/6500"}],"up":[{"embeddable":true,"href":"https:\/\/www.stalskog.se\/en\/wp-json\/wp\/v2\/pages\/3050"}],"wp:attachment":[{"href":"https:\/\/www.stalskog.se\/en\/wp-json\/wp\/v2\/media?parent=3113"}],"curies":[{"name":"wp","href":"https:\/\/api.w.org\/{rel}","templated":true}]}}