{"id":11504,"date":"2023-02-09T06:29:26","date_gmt":"2023-02-09T06:29:26","guid":{"rendered":"https:\/\/www.stalskog.se\/?post_type=product&#038;p=11504"},"modified":"2023-08-29T13:16:21","modified_gmt":"2023-08-29T13:16:21","slug":"isolerande-kardborreduk","status":"publish","type":"product","link":"https:\/\/www.stalskog.se\/en\/produkt\/isolerande-kardborreduk\/","title":{"rendered":"Isolerande kardborreduk"},"content":{"rendered":"<pre id=\"tw-target-text\" class=\"tw-data-text tw-text-large tw-ta\" dir=\"ltr\" data-placeholder=\"Translation\"><span class=\"Y2IQFc\" lang=\"sv\">Isolerande kardborreduk<\/span><\/pre>\n<p><strong>TN17<\/strong><\/p>\n<p><span class=\"Y2IQFc\" lang=\"sv\">Isolerduk f\u00f6r t\u00e4ckning av ledande delar. Flera dukar kan f\u00e4stas med varandra med hj\u00e4lp av kardborrebanden i kanterna.<\/span><\/p>\n<p>&nbsp;<\/p>\n","protected":false},"excerpt":{"rendered":"<p>Isolerande kardborreduk TN17 Isolerduk f\u00f6r t\u00e4ckning av ledande delar. Flera dukar kan f\u00e4stas med varandra med hj\u00e4lp av kardborrebanden i kanterna. &nbsp;<\/p>\n","protected":false},"featured_media":11505,"comment_status":"closed","ping_status":"closed","template":"","meta":{"_acf_changed":false},"product_brand":[],"product_cat":[34,169,196],"product_tag":[],"class_list":{"0":"post-11504","1":"product","2":"type-product","3":"status-publish","4":"has-post-thumbnail","6":"product_cat-isolerade-verktyg-handskar","7":"product_cat-bilverkstad-ppe-elfordon","8":"product_cat-avskarmning","10":"first","11":"instock","12":"shipping-taxable","13":"product-type-simple"},"acf":[],"yoast_head":"<!-- This site is optimized with the Yoast SEO plugin v27.5 - https:\/\/yoast.com\/product\/yoast-seo-wordpress\/ -->\n<title>Isolerande kardborreduk &#8211; Ragnar St\u00e5lskog<\/title>\n<meta name=\"description\" content=\"Isolerande kardborreduk TN17 Isolerduk f\u00f6r t\u00e4ckning av ledande delar. Flera dukar kan f\u00e4stas med varandra med hj\u00e4lp av kardborrebanden i kanterna.\" \/>\n<meta name=\"robots\" content=\"index, follow, max-snippet:-1, max-image-preview:large, max-video-preview:-1\" \/>\n<link rel=\"canonical\" href=\"https:\/\/www.stalskog.se\/en\/produkt\/isolerande-kardborreduk\/\" \/>\n<meta property=\"og:locale\" content=\"en_US\" \/>\n<meta property=\"og:type\" content=\"article\" \/>\n<meta property=\"og:title\" content=\"Isolerande kardborreduk &#8211; Ragnar St\u00e5lskog\" \/>\n<meta property=\"og:description\" content=\"Isolerande kardborreduk TN17 Isolerduk f\u00f6r t\u00e4ckning av ledande delar. Flera dukar kan f\u00e4stas med varandra med hj\u00e4lp av kardborrebanden i kanterna.\" \/>\n<meta property=\"og:url\" content=\"https:\/\/www.stalskog.se\/en\/produkt\/isolerande-kardborreduk\/\" \/>\n<meta property=\"og:site_name\" content=\"Ragnar St\u00e5lskog\" \/>\n<meta property=\"article:modified_time\" content=\"2023-08-29T13:16:21+00:00\" \/>\n<meta property=\"og:image\" content=\"https:\/\/www.stalskog.se\/wp-content\/uploads\/2023\/02\/isolerduk-kardborre.jpg\" \/>\n\t<meta property=\"og:image:width\" content=\"280\" \/>\n\t<meta property=\"og:image:height\" content=\"277\" \/>\n\t<meta property=\"og:image:type\" content=\"image\/jpeg\" \/>\n<meta name=\"twitter:card\" content=\"summary_large_image\" \/>\n<meta name=\"twitter:label1\" content=\"Est. reading time\" \/>\n\t<meta name=\"twitter:data1\" content=\"1 minute\" \/>\n<script type=\"application\/ld+json\" class=\"yoast-schema-graph\">{\"@context\":\"https:\\\/\\\/schema.org\",\"@graph\":[{\"@type\":\"WebPage\",\"@id\":\"https:\\\/\\\/www.stalskog.se\\\/en\\\/produkt\\\/isolerande-kardborreduk\\\/\",\"url\":\"https:\\\/\\\/www.stalskog.se\\\/en\\\/produkt\\\/isolerande-kardborreduk\\\/\",\"name\":\"Isolerande kardborreduk &#8211; Ragnar St\u00e5lskog\",\"isPartOf\":{\"@id\":\"https:\\\/\\\/www.stalskog.se\\\/en\\\/#website\"},\"primaryImageOfPage\":{\"@id\":\"https:\\\/\\\/www.stalskog.se\\\/en\\\/produkt\\\/isolerande-kardborreduk\\\/#primaryimage\"},\"image\":{\"@id\":\"https:\\\/\\\/www.stalskog.se\\\/en\\\/produkt\\\/isolerande-kardborreduk\\\/#primaryimage\"},\"thumbnailUrl\":\"https:\\\/\\\/www.stalskog.se\\\/wp-content\\\/uploads\\\/2023\\\/02\\\/isolerduk-kardborre.jpg\",\"datePublished\":\"2023-02-09T06:29:26+00:00\",\"dateModified\":\"2023-08-29T13:16:21+00:00\",\"description\":\"Isolerande kardborreduk TN17 Isolerduk f\u00f6r t\u00e4ckning av ledande delar. Flera dukar kan f\u00e4stas med varandra med hj\u00e4lp av kardborrebanden i kanterna.\",\"breadcrumb\":{\"@id\":\"https:\\\/\\\/www.stalskog.se\\\/en\\\/produkt\\\/isolerande-kardborreduk\\\/#breadcrumb\"},\"inLanguage\":\"en-US\",\"potentialAction\":[{\"@type\":\"ReadAction\",\"target\":[\"https:\\\/\\\/www.stalskog.se\\\/en\\\/produkt\\\/isolerande-kardborreduk\\\/\"]}]},{\"@type\":\"ImageObject\",\"inLanguage\":\"en-US\",\"@id\":\"https:\\\/\\\/www.stalskog.se\\\/en\\\/produkt\\\/isolerande-kardborreduk\\\/#primaryimage\",\"url\":\"https:\\\/\\\/www.stalskog.se\\\/wp-content\\\/uploads\\\/2023\\\/02\\\/isolerduk-kardborre.jpg\",\"contentUrl\":\"https:\\\/\\\/www.stalskog.se\\\/wp-content\\\/uploads\\\/2023\\\/02\\\/isolerduk-kardborre.jpg\",\"width\":280,\"height\":277},{\"@type\":\"BreadcrumbList\",\"@id\":\"https:\\\/\\\/www.stalskog.se\\\/en\\\/produkt\\\/isolerande-kardborreduk\\\/#breadcrumb\",\"itemListElement\":[{\"@type\":\"ListItem\",\"position\":1,\"name\":\"Hem\",\"item\":\"https:\\\/\\\/www.stalskog.se\\\/en\\\/\"},{\"@type\":\"ListItem\",\"position\":2,\"name\":\"Produkter\",\"item\":\"https:\\\/\\\/www.stalskog.se\\\/?page_id=3235\"},{\"@type\":\"ListItem\",\"position\":3,\"name\":\"11. Insulated Hand Tools 1000 V\",\"item\":\"https:\\\/\\\/www.stalskog.se\\\/en\\\/category\\\/insulated-hand-tools-1000-v\\\/\"},{\"@type\":\"ListItem\",\"position\":4,\"name\":\"Isolerande kardborreduk\"}]},{\"@type\":\"WebSite\",\"@id\":\"https:\\\/\\\/www.stalskog.se\\\/en\\\/#website\",\"url\":\"https:\\\/\\\/www.stalskog.se\\\/en\\\/\",\"name\":\"Ragnar St\u00e5lskog\",\"description\":\"\",\"publisher\":{\"@id\":\"https:\\\/\\\/www.stalskog.se\\\/en\\\/#organization\"},\"potentialAction\":[{\"@type\":\"SearchAction\",\"target\":{\"@type\":\"EntryPoint\",\"urlTemplate\":\"https:\\\/\\\/www.stalskog.se\\\/en\\\/?s={search_term_string}\"},\"query-input\":{\"@type\":\"PropertyValueSpecification\",\"valueRequired\":true,\"valueName\":\"search_term_string\"}}],\"inLanguage\":\"en-US\"},{\"@type\":\"Organization\",\"@id\":\"https:\\\/\\\/www.stalskog.se\\\/en\\\/#organization\",\"name\":\"Ragnar St\u00e5lskog\",\"url\":\"https:\\\/\\\/www.stalskog.se\\\/en\\\/\",\"logo\":{\"@type\":\"ImageObject\",\"inLanguage\":\"en-US\",\"@id\":\"https:\\\/\\\/www.stalskog.se\\\/en\\\/#\\\/schema\\\/logo\\\/image\\\/\",\"url\":\"https:\\\/\\\/www.stalskog.se\\\/wp-content\\\/uploads\\\/2022\\\/03\\\/logo_o.png\",\"contentUrl\":\"https:\\\/\\\/www.stalskog.se\\\/wp-content\\\/uploads\\\/2022\\\/03\\\/logo_o.png\",\"width\":410,\"height\":99,\"caption\":\"Ragnar St\u00e5lskog\"},\"image\":{\"@id\":\"https:\\\/\\\/www.stalskog.se\\\/en\\\/#\\\/schema\\\/logo\\\/image\\\/\"}}]}<\/script>\n<!-- \/ Yoast SEO plugin. -->","yoast_head_json":{"title":"Isolerande kardborreduk &#8211; Ragnar St\u00e5lskog","description":"Isolerande kardborreduk TN17 Isolerduk f\u00f6r t\u00e4ckning av ledande delar. Flera dukar kan f\u00e4stas med varandra med hj\u00e4lp av kardborrebanden i kanterna.","robots":{"index":"index","follow":"follow","max-snippet":"max-snippet:-1","max-image-preview":"max-image-preview:large","max-video-preview":"max-video-preview:-1"},"canonical":"https:\/\/www.stalskog.se\/en\/produkt\/isolerande-kardborreduk\/","og_locale":"en_US","og_type":"article","og_title":"Isolerande kardborreduk &#8211; Ragnar St\u00e5lskog","og_description":"Isolerande kardborreduk TN17 Isolerduk f\u00f6r t\u00e4ckning av ledande delar. Flera dukar kan f\u00e4stas med varandra med hj\u00e4lp av kardborrebanden i kanterna.","og_url":"https:\/\/www.stalskog.se\/en\/produkt\/isolerande-kardborreduk\/","og_site_name":"Ragnar St\u00e5lskog","article_modified_time":"2023-08-29T13:16:21+00:00","og_image":[{"width":280,"height":277,"url":"https:\/\/www.stalskog.se\/wp-content\/uploads\/2023\/02\/isolerduk-kardborre.jpg","type":"image\/jpeg"}],"twitter_card":"summary_large_image","twitter_misc":{"Est. reading time":"1 minute"},"schema":{"@context":"https:\/\/schema.org","@graph":[{"@type":"WebPage","@id":"https:\/\/www.stalskog.se\/en\/produkt\/isolerande-kardborreduk\/","url":"https:\/\/www.stalskog.se\/en\/produkt\/isolerande-kardborreduk\/","name":"Isolerande kardborreduk &#8211; Ragnar St\u00e5lskog","isPartOf":{"@id":"https:\/\/www.stalskog.se\/en\/#website"},"primaryImageOfPage":{"@id":"https:\/\/www.stalskog.se\/en\/produkt\/isolerande-kardborreduk\/#primaryimage"},"image":{"@id":"https:\/\/www.stalskog.se\/en\/produkt\/isolerande-kardborreduk\/#primaryimage"},"thumbnailUrl":"https:\/\/www.stalskog.se\/wp-content\/uploads\/2023\/02\/isolerduk-kardborre.jpg","datePublished":"2023-02-09T06:29:26+00:00","dateModified":"2023-08-29T13:16:21+00:00","description":"Isolerande kardborreduk TN17 Isolerduk f\u00f6r t\u00e4ckning av ledande delar. Flera dukar kan f\u00e4stas med varandra med hj\u00e4lp av kardborrebanden i kanterna.","breadcrumb":{"@id":"https:\/\/www.stalskog.se\/en\/produkt\/isolerande-kardborreduk\/#breadcrumb"},"inLanguage":"en-US","potentialAction":[{"@type":"ReadAction","target":["https:\/\/www.stalskog.se\/en\/produkt\/isolerande-kardborreduk\/"]}]},{"@type":"ImageObject","inLanguage":"en-US","@id":"https:\/\/www.stalskog.se\/en\/produkt\/isolerande-kardborreduk\/#primaryimage","url":"https:\/\/www.stalskog.se\/wp-content\/uploads\/2023\/02\/isolerduk-kardborre.jpg","contentUrl":"https:\/\/www.stalskog.se\/wp-content\/uploads\/2023\/02\/isolerduk-kardborre.jpg","width":280,"height":277},{"@type":"BreadcrumbList","@id":"https:\/\/www.stalskog.se\/en\/produkt\/isolerande-kardborreduk\/#breadcrumb","itemListElement":[{"@type":"ListItem","position":1,"name":"Hem","item":"https:\/\/www.stalskog.se\/en\/"},{"@type":"ListItem","position":2,"name":"Produkter","item":"https:\/\/www.stalskog.se\/?page_id=3235"},{"@type":"ListItem","position":3,"name":"11. Insulated Hand Tools 1000 V","item":"https:\/\/www.stalskog.se\/en\/category\/insulated-hand-tools-1000-v\/"},{"@type":"ListItem","position":4,"name":"Isolerande kardborreduk"}]},{"@type":"WebSite","@id":"https:\/\/www.stalskog.se\/en\/#website","url":"https:\/\/www.stalskog.se\/en\/","name":"Ragnar St\u00e5lskog","description":"","publisher":{"@id":"https:\/\/www.stalskog.se\/en\/#organization"},"potentialAction":[{"@type":"SearchAction","target":{"@type":"EntryPoint","urlTemplate":"https:\/\/www.stalskog.se\/en\/?s={search_term_string}"},"query-input":{"@type":"PropertyValueSpecification","valueRequired":true,"valueName":"search_term_string"}}],"inLanguage":"en-US"},{"@type":"Organization","@id":"https:\/\/www.stalskog.se\/en\/#organization","name":"Ragnar St\u00e5lskog","url":"https:\/\/www.stalskog.se\/en\/","logo":{"@type":"ImageObject","inLanguage":"en-US","@id":"https:\/\/www.stalskog.se\/en\/#\/schema\/logo\/image\/","url":"https:\/\/www.stalskog.se\/wp-content\/uploads\/2022\/03\/logo_o.png","contentUrl":"https:\/\/www.stalskog.se\/wp-content\/uploads\/2022\/03\/logo_o.png","width":410,"height":99,"caption":"Ragnar St\u00e5lskog"},"image":{"@id":"https:\/\/www.stalskog.se\/en\/#\/schema\/logo\/image\/"}}]}},"_links":{"self":[{"href":"https:\/\/www.stalskog.se\/en\/wp-json\/wp\/v2\/product\/11504","targetHints":{"allow":["GET"]}}],"collection":[{"href":"https:\/\/www.stalskog.se\/en\/wp-json\/wp\/v2\/product"}],"about":[{"href":"https:\/\/www.stalskog.se\/en\/wp-json\/wp\/v2\/types\/product"}],"replies":[{"embeddable":true,"href":"https:\/\/www.stalskog.se\/en\/wp-json\/wp\/v2\/comments?post=11504"}],"wp:featuredmedia":[{"embeddable":true,"href":"https:\/\/www.stalskog.se\/en\/wp-json\/wp\/v2\/media\/11505"}],"wp:attachment":[{"href":"https:\/\/www.stalskog.se\/en\/wp-json\/wp\/v2\/media?parent=11504"}],"wp:term":[{"taxonomy":"product_brand","embeddable":true,"href":"https:\/\/www.stalskog.se\/en\/wp-json\/wp\/v2\/product_brand?post=11504"},{"taxonomy":"product_cat","embeddable":true,"href":"https:\/\/www.stalskog.se\/en\/wp-json\/wp\/v2\/product_cat?post=11504"},{"taxonomy":"product_tag","embeddable":true,"href":"https:\/\/www.stalskog.se\/en\/wp-json\/wp\/v2\/product_tag?post=11504"}],"curies":[{"name":"wp","href":"https:\/\/api.w.org\/{rel}","templated":true}]}}