{"id":11722,"date":"2023-05-23T11:39:23","date_gmt":"2023-05-23T11:39:23","guid":{"rendered":"https:\/\/www.stalskog.se\/?post_type=product&#038;p=11722"},"modified":"2023-05-23T12:07:26","modified_gmt":"2023-05-23T12:07:26","slug":"testpump-rs-tv-11-tv-12","status":"publish","type":"product","link":"https:\/\/www.stalskog.se\/en\/produkt\/testpump-rs-tv-11-tv-12\/","title":{"rendered":"Testpump RS-TV 11 och TV 12"},"content":{"rendered":"<p>Testpump f\u00f6r kontroll av isolerhandskar 1000 V. Rekommenderas f\u00f6r testa av handskar f\u00f6re och efter varje anv\u00e4ndning (enligt EN 60903)<br \/>\nSyftet med testaren \u00e4r att s\u00e4kerst\u00e4lla att handsken \u00e4r helt luftt\u00e4t. TV 11 f\u00f6r RS-JFO Handskar.<\/p>\n<p>Anti-UV-behandlad<\/p>\n<p>Trycks\u00e4nkningsknapp : F\u00f6r en kontrollerad t\u00f6mning<\/p>\n<p>Avtagbar ring \u00d8 150mm i EPDM<\/p>\n<p>Levereras med tygp\u00e5se i kartong 210x160x160 mm.<\/p>\n","protected":false},"excerpt":{"rendered":"<p>Testpump f\u00f6r kontroll av isolerhandskar 1000 V. Rekommenderas f\u00f6r testa av handskar f\u00f6re och efter varje anv\u00e4ndning (enligt EN 60903) Syftet med testaren \u00e4r att s\u00e4kerst\u00e4lla att handsken \u00e4r helt luftt\u00e4t. TV 11 f\u00f6r RS-JFO Handskar. Anti-UV-behandlad Trycks\u00e4nkningsknapp : F\u00f6r en kontrollerad t\u00f6mning Avtagbar ring \u00d8 150mm i EPDM Levereras med tygp\u00e5se i kartong 210x160x160 [&hellip;]<\/p>\n","protected":false},"featured_media":11727,"comment_status":"closed","ping_status":"closed","template":"","meta":{"_acf_changed":false},"product_brand":[],"product_cat":[34],"product_tag":[],"class_list":{"0":"post-11722","1":"product","2":"type-product","3":"status-publish","4":"has-post-thumbnail","6":"product_cat-isolerade-verktyg-handskar","8":"first","9":"instock","10":"shipping-taxable","11":"product-type-simple"},"acf":[],"yoast_head":"<!-- This site is optimized with the Yoast SEO plugin v27.5 - https:\/\/yoast.com\/product\/yoast-seo-wordpress\/ -->\n<title>Testpump RS-TV 11 och TV 12 &#8211; Ragnar St\u00e5lskog<\/title>\n<meta name=\"description\" content=\"Testpump f\u00f6r kontroll av isolerhandskar 1000 V. Rekommenderas f\u00f6r testa av handskar f\u00f6re och efter varje anv\u00e4ndning (enligt EN 60903) Syftet med testaren\" \/>\n<meta name=\"robots\" content=\"index, follow, max-snippet:-1, max-image-preview:large, max-video-preview:-1\" \/>\n<link rel=\"canonical\" href=\"https:\/\/www.stalskog.se\/en\/produkt\/testpump-rs-tv-11-tv-12\/\" \/>\n<meta property=\"og:locale\" content=\"en_US\" \/>\n<meta property=\"og:type\" content=\"article\" \/>\n<meta property=\"og:title\" content=\"Testpump RS-TV 11 och TV 12 &#8211; Ragnar St\u00e5lskog\" \/>\n<meta property=\"og:description\" content=\"Testpump f\u00f6r kontroll av isolerhandskar 1000 V. Rekommenderas f\u00f6r testa av handskar f\u00f6re och efter varje anv\u00e4ndning (enligt EN 60903) Syftet med testaren\" \/>\n<meta property=\"og:url\" content=\"https:\/\/www.stalskog.se\/en\/produkt\/testpump-rs-tv-11-tv-12\/\" \/>\n<meta property=\"og:site_name\" content=\"Ragnar St\u00e5lskog\" \/>\n<meta property=\"article:modified_time\" content=\"2023-05-23T12:07:26+00:00\" \/>\n<meta property=\"og:image\" content=\"https:\/\/www.stalskog.se\/wp-content\/uploads\/2023\/05\/EOS-pump-1-rotated.jpg\" \/>\n\t<meta property=\"og:image:width\" content=\"328\" \/>\n\t<meta property=\"og:image:height\" content=\"211\" \/>\n\t<meta property=\"og:image:type\" content=\"image\/jpeg\" \/>\n<meta name=\"twitter:card\" content=\"summary_large_image\" \/>\n<script type=\"application\/ld+json\" class=\"yoast-schema-graph\">{\"@context\":\"https:\\\/\\\/schema.org\",\"@graph\":[{\"@type\":\"WebPage\",\"@id\":\"https:\\\/\\\/www.stalskog.se\\\/en\\\/produkt\\\/testpump-rs-tv-11-tv-12\\\/\",\"url\":\"https:\\\/\\\/www.stalskog.se\\\/en\\\/produkt\\\/testpump-rs-tv-11-tv-12\\\/\",\"name\":\"Testpump RS-TV 11 och TV 12 &#8211; Ragnar St\u00e5lskog\",\"isPartOf\":{\"@id\":\"https:\\\/\\\/www.stalskog.se\\\/en\\\/#website\"},\"primaryImageOfPage\":{\"@id\":\"https:\\\/\\\/www.stalskog.se\\\/en\\\/produkt\\\/testpump-rs-tv-11-tv-12\\\/#primaryimage\"},\"image\":{\"@id\":\"https:\\\/\\\/www.stalskog.se\\\/en\\\/produkt\\\/testpump-rs-tv-11-tv-12\\\/#primaryimage\"},\"thumbnailUrl\":\"https:\\\/\\\/www.stalskog.se\\\/wp-content\\\/uploads\\\/2023\\\/05\\\/EOS-pump-1-rotated.jpg\",\"datePublished\":\"2023-05-23T11:39:23+00:00\",\"dateModified\":\"2023-05-23T12:07:26+00:00\",\"description\":\"Testpump f\u00f6r kontroll av isolerhandskar 1000 V. Rekommenderas f\u00f6r testa av handskar f\u00f6re och efter varje anv\u00e4ndning (enligt EN 60903) Syftet med testaren\",\"breadcrumb\":{\"@id\":\"https:\\\/\\\/www.stalskog.se\\\/en\\\/produkt\\\/testpump-rs-tv-11-tv-12\\\/#breadcrumb\"},\"inLanguage\":\"en-US\",\"potentialAction\":[{\"@type\":\"ReadAction\",\"target\":[\"https:\\\/\\\/www.stalskog.se\\\/en\\\/produkt\\\/testpump-rs-tv-11-tv-12\\\/\"]}]},{\"@type\":\"ImageObject\",\"inLanguage\":\"en-US\",\"@id\":\"https:\\\/\\\/www.stalskog.se\\\/en\\\/produkt\\\/testpump-rs-tv-11-tv-12\\\/#primaryimage\",\"url\":\"https:\\\/\\\/www.stalskog.se\\\/wp-content\\\/uploads\\\/2023\\\/05\\\/EOS-pump-1-rotated.jpg\",\"contentUrl\":\"https:\\\/\\\/www.stalskog.se\\\/wp-content\\\/uploads\\\/2023\\\/05\\\/EOS-pump-1-rotated.jpg\",\"width\":328,\"height\":211},{\"@type\":\"BreadcrumbList\",\"@id\":\"https:\\\/\\\/www.stalskog.se\\\/en\\\/produkt\\\/testpump-rs-tv-11-tv-12\\\/#breadcrumb\",\"itemListElement\":[{\"@type\":\"ListItem\",\"position\":1,\"name\":\"Hem\",\"item\":\"https:\\\/\\\/www.stalskog.se\\\/en\\\/\"},{\"@type\":\"ListItem\",\"position\":2,\"name\":\"Produkter\",\"item\":\"https:\\\/\\\/www.stalskog.se\\\/?page_id=3235\"},{\"@type\":\"ListItem\",\"position\":3,\"name\":\"11. Insulated Hand Tools 1000 V\",\"item\":\"https:\\\/\\\/www.stalskog.se\\\/en\\\/category\\\/insulated-hand-tools-1000-v\\\/\"},{\"@type\":\"ListItem\",\"position\":4,\"name\":\"Testpump RS-TV 11 och TV 12\"}]},{\"@type\":\"WebSite\",\"@id\":\"https:\\\/\\\/www.stalskog.se\\\/en\\\/#website\",\"url\":\"https:\\\/\\\/www.stalskog.se\\\/en\\\/\",\"name\":\"Ragnar St\u00e5lskog\",\"description\":\"\",\"publisher\":{\"@id\":\"https:\\\/\\\/www.stalskog.se\\\/en\\\/#organization\"},\"potentialAction\":[{\"@type\":\"SearchAction\",\"target\":{\"@type\":\"EntryPoint\",\"urlTemplate\":\"https:\\\/\\\/www.stalskog.se\\\/en\\\/?s={search_term_string}\"},\"query-input\":{\"@type\":\"PropertyValueSpecification\",\"valueRequired\":true,\"valueName\":\"search_term_string\"}}],\"inLanguage\":\"en-US\"},{\"@type\":\"Organization\",\"@id\":\"https:\\\/\\\/www.stalskog.se\\\/en\\\/#organization\",\"name\":\"Ragnar St\u00e5lskog\",\"url\":\"https:\\\/\\\/www.stalskog.se\\\/en\\\/\",\"logo\":{\"@type\":\"ImageObject\",\"inLanguage\":\"en-US\",\"@id\":\"https:\\\/\\\/www.stalskog.se\\\/en\\\/#\\\/schema\\\/logo\\\/image\\\/\",\"url\":\"https:\\\/\\\/www.stalskog.se\\\/wp-content\\\/uploads\\\/2022\\\/03\\\/logo_o.png\",\"contentUrl\":\"https:\\\/\\\/www.stalskog.se\\\/wp-content\\\/uploads\\\/2022\\\/03\\\/logo_o.png\",\"width\":410,\"height\":99,\"caption\":\"Ragnar St\u00e5lskog\"},\"image\":{\"@id\":\"https:\\\/\\\/www.stalskog.se\\\/en\\\/#\\\/schema\\\/logo\\\/image\\\/\"}}]}<\/script>\n<!-- \/ Yoast SEO plugin. -->","yoast_head_json":{"title":"Testpump RS-TV 11 och TV 12 &#8211; Ragnar St\u00e5lskog","description":"Testpump f\u00f6r kontroll av isolerhandskar 1000 V. Rekommenderas f\u00f6r testa av handskar f\u00f6re och efter varje anv\u00e4ndning (enligt EN 60903) Syftet med testaren","robots":{"index":"index","follow":"follow","max-snippet":"max-snippet:-1","max-image-preview":"max-image-preview:large","max-video-preview":"max-video-preview:-1"},"canonical":"https:\/\/www.stalskog.se\/en\/produkt\/testpump-rs-tv-11-tv-12\/","og_locale":"en_US","og_type":"article","og_title":"Testpump RS-TV 11 och TV 12 &#8211; Ragnar St\u00e5lskog","og_description":"Testpump f\u00f6r kontroll av isolerhandskar 1000 V. Rekommenderas f\u00f6r testa av handskar f\u00f6re och efter varje anv\u00e4ndning (enligt EN 60903) Syftet med testaren","og_url":"https:\/\/www.stalskog.se\/en\/produkt\/testpump-rs-tv-11-tv-12\/","og_site_name":"Ragnar St\u00e5lskog","article_modified_time":"2023-05-23T12:07:26+00:00","og_image":[{"width":328,"height":211,"url":"https:\/\/www.stalskog.se\/wp-content\/uploads\/2023\/05\/EOS-pump-1-rotated.jpg","type":"image\/jpeg"}],"twitter_card":"summary_large_image","schema":{"@context":"https:\/\/schema.org","@graph":[{"@type":"WebPage","@id":"https:\/\/www.stalskog.se\/en\/produkt\/testpump-rs-tv-11-tv-12\/","url":"https:\/\/www.stalskog.se\/en\/produkt\/testpump-rs-tv-11-tv-12\/","name":"Testpump RS-TV 11 och TV 12 &#8211; Ragnar St\u00e5lskog","isPartOf":{"@id":"https:\/\/www.stalskog.se\/en\/#website"},"primaryImageOfPage":{"@id":"https:\/\/www.stalskog.se\/en\/produkt\/testpump-rs-tv-11-tv-12\/#primaryimage"},"image":{"@id":"https:\/\/www.stalskog.se\/en\/produkt\/testpump-rs-tv-11-tv-12\/#primaryimage"},"thumbnailUrl":"https:\/\/www.stalskog.se\/wp-content\/uploads\/2023\/05\/EOS-pump-1-rotated.jpg","datePublished":"2023-05-23T11:39:23+00:00","dateModified":"2023-05-23T12:07:26+00:00","description":"Testpump f\u00f6r kontroll av isolerhandskar 1000 V. Rekommenderas f\u00f6r testa av handskar f\u00f6re och efter varje anv\u00e4ndning (enligt EN 60903) Syftet med testaren","breadcrumb":{"@id":"https:\/\/www.stalskog.se\/en\/produkt\/testpump-rs-tv-11-tv-12\/#breadcrumb"},"inLanguage":"en-US","potentialAction":[{"@type":"ReadAction","target":["https:\/\/www.stalskog.se\/en\/produkt\/testpump-rs-tv-11-tv-12\/"]}]},{"@type":"ImageObject","inLanguage":"en-US","@id":"https:\/\/www.stalskog.se\/en\/produkt\/testpump-rs-tv-11-tv-12\/#primaryimage","url":"https:\/\/www.stalskog.se\/wp-content\/uploads\/2023\/05\/EOS-pump-1-rotated.jpg","contentUrl":"https:\/\/www.stalskog.se\/wp-content\/uploads\/2023\/05\/EOS-pump-1-rotated.jpg","width":328,"height":211},{"@type":"BreadcrumbList","@id":"https:\/\/www.stalskog.se\/en\/produkt\/testpump-rs-tv-11-tv-12\/#breadcrumb","itemListElement":[{"@type":"ListItem","position":1,"name":"Hem","item":"https:\/\/www.stalskog.se\/en\/"},{"@type":"ListItem","position":2,"name":"Produkter","item":"https:\/\/www.stalskog.se\/?page_id=3235"},{"@type":"ListItem","position":3,"name":"11. Insulated Hand Tools 1000 V","item":"https:\/\/www.stalskog.se\/en\/category\/insulated-hand-tools-1000-v\/"},{"@type":"ListItem","position":4,"name":"Testpump RS-TV 11 och TV 12"}]},{"@type":"WebSite","@id":"https:\/\/www.stalskog.se\/en\/#website","url":"https:\/\/www.stalskog.se\/en\/","name":"Ragnar St\u00e5lskog","description":"","publisher":{"@id":"https:\/\/www.stalskog.se\/en\/#organization"},"potentialAction":[{"@type":"SearchAction","target":{"@type":"EntryPoint","urlTemplate":"https:\/\/www.stalskog.se\/en\/?s={search_term_string}"},"query-input":{"@type":"PropertyValueSpecification","valueRequired":true,"valueName":"search_term_string"}}],"inLanguage":"en-US"},{"@type":"Organization","@id":"https:\/\/www.stalskog.se\/en\/#organization","name":"Ragnar St\u00e5lskog","url":"https:\/\/www.stalskog.se\/en\/","logo":{"@type":"ImageObject","inLanguage":"en-US","@id":"https:\/\/www.stalskog.se\/en\/#\/schema\/logo\/image\/","url":"https:\/\/www.stalskog.se\/wp-content\/uploads\/2022\/03\/logo_o.png","contentUrl":"https:\/\/www.stalskog.se\/wp-content\/uploads\/2022\/03\/logo_o.png","width":410,"height":99,"caption":"Ragnar St\u00e5lskog"},"image":{"@id":"https:\/\/www.stalskog.se\/en\/#\/schema\/logo\/image\/"}}]}},"_links":{"self":[{"href":"https:\/\/www.stalskog.se\/en\/wp-json\/wp\/v2\/product\/11722","targetHints":{"allow":["GET"]}}],"collection":[{"href":"https:\/\/www.stalskog.se\/en\/wp-json\/wp\/v2\/product"}],"about":[{"href":"https:\/\/www.stalskog.se\/en\/wp-json\/wp\/v2\/types\/product"}],"replies":[{"embeddable":true,"href":"https:\/\/www.stalskog.se\/en\/wp-json\/wp\/v2\/comments?post=11722"}],"wp:featuredmedia":[{"embeddable":true,"href":"https:\/\/www.stalskog.se\/en\/wp-json\/wp\/v2\/media\/11727"}],"wp:attachment":[{"href":"https:\/\/www.stalskog.se\/en\/wp-json\/wp\/v2\/media?parent=11722"}],"wp:term":[{"taxonomy":"product_brand","embeddable":true,"href":"https:\/\/www.stalskog.se\/en\/wp-json\/wp\/v2\/product_brand?post=11722"},{"taxonomy":"product_cat","embeddable":true,"href":"https:\/\/www.stalskog.se\/en\/wp-json\/wp\/v2\/product_cat?post=11722"},{"taxonomy":"product_tag","embeddable":true,"href":"https:\/\/www.stalskog.se\/en\/wp-json\/wp\/v2\/product_tag?post=11722"}],"curies":[{"name":"wp","href":"https:\/\/api.w.org\/{rel}","templated":true}]}}