{"id":11925,"date":"2023-09-05T13:37:52","date_gmt":"2023-09-05T13:37:52","guid":{"rendered":"https:\/\/www.stalskog.se\/?post_type=product&#038;p=11925"},"modified":"2024-08-26T10:47:17","modified_gmt":"2024-08-26T10:47:17","slug":"mfb-isolerstang-skaft","status":"publish","type":"product","link":"https:\/\/www.stalskog.se\/en\/produkt\/mfb-isolerstang-skaft\/","title":{"rendered":"MFB Isolerst\u00e5ng\/T\u00e5gborste"},"content":{"rendered":"<p>Man\u00f6verst\u00e5ng typ MFB 35 \u00e4r avsedd att anv\u00e4ndas f\u00f6r reng\u00f6ring av t\u00e5gf\u00f6nster. St\u00e5ngen \u00e4r f\u00f6rsedd med borstf\u00e4ste vilket underl\u00e4ttar anslutning av borsten. St\u00e5ngen \u00e4r tillverkad av gul glasfiberarmerad vinylester med ytterdiameter 29 mm och \u00e4r f\u00f6rsedd med greppstopp som markerar isolerdel. Detta greppstopp f\u00e5r vid reng\u00f6ring av t\u00e5gf\u00f6nster ej \u00f6verskridas.<\/p>\n","protected":false},"excerpt":{"rendered":"<p>Man\u00f6verst\u00e5ng typ MFB 35 \u00e4r avsedd att anv\u00e4ndas f\u00f6r reng\u00f6ring av t\u00e5gf\u00f6nster. St\u00e5ngen \u00e4r f\u00f6rsedd med borstf\u00e4ste vilket underl\u00e4ttar anslutning av borsten. St\u00e5ngen \u00e4r tillverkad av gul glasfiberarmerad vinylester med ytterdiameter 29 mm och \u00e4r f\u00f6rsedd med greppstopp som markerar isolerdel. Detta greppstopp f\u00e5r vid reng\u00f6ring av t\u00e5gf\u00f6nster ej \u00f6verskridas.<\/p>\n","protected":false},"featured_media":11926,"comment_status":"closed","ping_status":"closed","template":"","meta":{"_acf_changed":false},"product_brand":[],"product_cat":[34],"product_tag":[],"class_list":{"0":"post-11925","1":"product","2":"type-product","3":"status-publish","4":"has-post-thumbnail","6":"product_cat-isolerade-verktyg-handskar","8":"first","9":"instock","10":"shipping-taxable","11":"product-type-simple"},"acf":[],"yoast_head":"<!-- This site is optimized with the Yoast SEO plugin v27.5 - https:\/\/yoast.com\/product\/yoast-seo-wordpress\/ -->\n<title>MFB Isolerst\u00e5ng\/T\u00e5gborste &#8211; Ragnar St\u00e5lskog<\/title>\n<meta name=\"description\" content=\"Man\u00f6verst\u00e5ng typ MFB 35 \u00e4r avsedd att anv\u00e4ndas f\u00f6r reng\u00f6ring av t\u00e5gf\u00f6nster. St\u00e5ngen \u00e4r f\u00f6rsedd med borstf\u00e4ste vilket underl\u00e4ttar anslutning av borsten.\" \/>\n<meta name=\"robots\" content=\"index, follow, max-snippet:-1, max-image-preview:large, max-video-preview:-1\" \/>\n<link rel=\"canonical\" href=\"https:\/\/www.stalskog.se\/en\/produkt\/mfb-isolerstang-skaft\/\" \/>\n<meta property=\"og:locale\" content=\"en_US\" \/>\n<meta property=\"og:type\" content=\"article\" \/>\n<meta property=\"og:title\" content=\"MFB Isolerst\u00e5ng\/T\u00e5gborste &#8211; Ragnar St\u00e5lskog\" \/>\n<meta property=\"og:description\" content=\"Man\u00f6verst\u00e5ng typ MFB 35 \u00e4r avsedd att anv\u00e4ndas f\u00f6r reng\u00f6ring av t\u00e5gf\u00f6nster. St\u00e5ngen \u00e4r f\u00f6rsedd med borstf\u00e4ste vilket underl\u00e4ttar anslutning av borsten.\" \/>\n<meta property=\"og:url\" content=\"https:\/\/www.stalskog.se\/en\/produkt\/mfb-isolerstang-skaft\/\" \/>\n<meta property=\"og:site_name\" content=\"Ragnar St\u00e5lskog\" \/>\n<meta property=\"article:modified_time\" content=\"2024-08-26T10:47:17+00:00\" \/>\n<meta property=\"og:image\" content=\"https:\/\/www.stalskog.se\/wp-content\/uploads\/2023\/09\/MFB35_1.jpg\" \/>\n\t<meta property=\"og:image:width\" content=\"402\" \/>\n\t<meta property=\"og:image:height\" content=\"715\" \/>\n\t<meta property=\"og:image:type\" content=\"image\/jpeg\" \/>\n<meta name=\"twitter:card\" content=\"summary_large_image\" \/>\n<script type=\"application\/ld+json\" class=\"yoast-schema-graph\">{\"@context\":\"https:\\\/\\\/schema.org\",\"@graph\":[{\"@type\":\"WebPage\",\"@id\":\"https:\\\/\\\/www.stalskog.se\\\/en\\\/produkt\\\/mfb-isolerstang-skaft\\\/\",\"url\":\"https:\\\/\\\/www.stalskog.se\\\/en\\\/produkt\\\/mfb-isolerstang-skaft\\\/\",\"name\":\"MFB Isolerst\u00e5ng\\\/T\u00e5gborste &#8211; Ragnar St\u00e5lskog\",\"isPartOf\":{\"@id\":\"https:\\\/\\\/www.stalskog.se\\\/en\\\/#website\"},\"primaryImageOfPage\":{\"@id\":\"https:\\\/\\\/www.stalskog.se\\\/en\\\/produkt\\\/mfb-isolerstang-skaft\\\/#primaryimage\"},\"image\":{\"@id\":\"https:\\\/\\\/www.stalskog.se\\\/en\\\/produkt\\\/mfb-isolerstang-skaft\\\/#primaryimage\"},\"thumbnailUrl\":\"https:\\\/\\\/www.stalskog.se\\\/wp-content\\\/uploads\\\/2023\\\/09\\\/MFB35_1.jpg\",\"datePublished\":\"2023-09-05T13:37:52+00:00\",\"dateModified\":\"2024-08-26T10:47:17+00:00\",\"description\":\"Man\u00f6verst\u00e5ng typ MFB 35 \u00e4r avsedd att anv\u00e4ndas f\u00f6r reng\u00f6ring av t\u00e5gf\u00f6nster. St\u00e5ngen \u00e4r f\u00f6rsedd med borstf\u00e4ste vilket underl\u00e4ttar anslutning av borsten.\",\"breadcrumb\":{\"@id\":\"https:\\\/\\\/www.stalskog.se\\\/en\\\/produkt\\\/mfb-isolerstang-skaft\\\/#breadcrumb\"},\"inLanguage\":\"en-US\",\"potentialAction\":[{\"@type\":\"ReadAction\",\"target\":[\"https:\\\/\\\/www.stalskog.se\\\/en\\\/produkt\\\/mfb-isolerstang-skaft\\\/\"]}]},{\"@type\":\"ImageObject\",\"inLanguage\":\"en-US\",\"@id\":\"https:\\\/\\\/www.stalskog.se\\\/en\\\/produkt\\\/mfb-isolerstang-skaft\\\/#primaryimage\",\"url\":\"https:\\\/\\\/www.stalskog.se\\\/wp-content\\\/uploads\\\/2023\\\/09\\\/MFB35_1.jpg\",\"contentUrl\":\"https:\\\/\\\/www.stalskog.se\\\/wp-content\\\/uploads\\\/2023\\\/09\\\/MFB35_1.jpg\",\"width\":402,\"height\":715},{\"@type\":\"BreadcrumbList\",\"@id\":\"https:\\\/\\\/www.stalskog.se\\\/en\\\/produkt\\\/mfb-isolerstang-skaft\\\/#breadcrumb\",\"itemListElement\":[{\"@type\":\"ListItem\",\"position\":1,\"name\":\"Hem\",\"item\":\"https:\\\/\\\/www.stalskog.se\\\/en\\\/\"},{\"@type\":\"ListItem\",\"position\":2,\"name\":\"Produkter\",\"item\":\"https:\\\/\\\/www.stalskog.se\\\/?page_id=3235\"},{\"@type\":\"ListItem\",\"position\":3,\"name\":\"11. Insulated Hand Tools 1000 V\",\"item\":\"https:\\\/\\\/www.stalskog.se\\\/en\\\/category\\\/insulated-hand-tools-1000-v\\\/\"},{\"@type\":\"ListItem\",\"position\":4,\"name\":\"MFB Isolerst\u00e5ng\\\/T\u00e5gborste\"}]},{\"@type\":\"WebSite\",\"@id\":\"https:\\\/\\\/www.stalskog.se\\\/en\\\/#website\",\"url\":\"https:\\\/\\\/www.stalskog.se\\\/en\\\/\",\"name\":\"Ragnar St\u00e5lskog\",\"description\":\"\",\"publisher\":{\"@id\":\"https:\\\/\\\/www.stalskog.se\\\/en\\\/#organization\"},\"potentialAction\":[{\"@type\":\"SearchAction\",\"target\":{\"@type\":\"EntryPoint\",\"urlTemplate\":\"https:\\\/\\\/www.stalskog.se\\\/en\\\/?s={search_term_string}\"},\"query-input\":{\"@type\":\"PropertyValueSpecification\",\"valueRequired\":true,\"valueName\":\"search_term_string\"}}],\"inLanguage\":\"en-US\"},{\"@type\":\"Organization\",\"@id\":\"https:\\\/\\\/www.stalskog.se\\\/en\\\/#organization\",\"name\":\"Ragnar St\u00e5lskog\",\"url\":\"https:\\\/\\\/www.stalskog.se\\\/en\\\/\",\"logo\":{\"@type\":\"ImageObject\",\"inLanguage\":\"en-US\",\"@id\":\"https:\\\/\\\/www.stalskog.se\\\/en\\\/#\\\/schema\\\/logo\\\/image\\\/\",\"url\":\"https:\\\/\\\/www.stalskog.se\\\/wp-content\\\/uploads\\\/2022\\\/03\\\/logo_o.png\",\"contentUrl\":\"https:\\\/\\\/www.stalskog.se\\\/wp-content\\\/uploads\\\/2022\\\/03\\\/logo_o.png\",\"width\":410,\"height\":99,\"caption\":\"Ragnar St\u00e5lskog\"},\"image\":{\"@id\":\"https:\\\/\\\/www.stalskog.se\\\/en\\\/#\\\/schema\\\/logo\\\/image\\\/\"}}]}<\/script>\n<!-- \/ Yoast SEO plugin. -->","yoast_head_json":{"title":"MFB Isolerst\u00e5ng\/T\u00e5gborste &#8211; Ragnar St\u00e5lskog","description":"Man\u00f6verst\u00e5ng typ MFB 35 \u00e4r avsedd att anv\u00e4ndas f\u00f6r reng\u00f6ring av t\u00e5gf\u00f6nster. St\u00e5ngen \u00e4r f\u00f6rsedd med borstf\u00e4ste vilket underl\u00e4ttar anslutning av borsten.","robots":{"index":"index","follow":"follow","max-snippet":"max-snippet:-1","max-image-preview":"max-image-preview:large","max-video-preview":"max-video-preview:-1"},"canonical":"https:\/\/www.stalskog.se\/en\/produkt\/mfb-isolerstang-skaft\/","og_locale":"en_US","og_type":"article","og_title":"MFB Isolerst\u00e5ng\/T\u00e5gborste &#8211; Ragnar St\u00e5lskog","og_description":"Man\u00f6verst\u00e5ng typ MFB 35 \u00e4r avsedd att anv\u00e4ndas f\u00f6r reng\u00f6ring av t\u00e5gf\u00f6nster. St\u00e5ngen \u00e4r f\u00f6rsedd med borstf\u00e4ste vilket underl\u00e4ttar anslutning av borsten.","og_url":"https:\/\/www.stalskog.se\/en\/produkt\/mfb-isolerstang-skaft\/","og_site_name":"Ragnar St\u00e5lskog","article_modified_time":"2024-08-26T10:47:17+00:00","og_image":[{"width":402,"height":715,"url":"https:\/\/www.stalskog.se\/wp-content\/uploads\/2023\/09\/MFB35_1.jpg","type":"image\/jpeg"}],"twitter_card":"summary_large_image","schema":{"@context":"https:\/\/schema.org","@graph":[{"@type":"WebPage","@id":"https:\/\/www.stalskog.se\/en\/produkt\/mfb-isolerstang-skaft\/","url":"https:\/\/www.stalskog.se\/en\/produkt\/mfb-isolerstang-skaft\/","name":"MFB Isolerst\u00e5ng\/T\u00e5gborste &#8211; Ragnar St\u00e5lskog","isPartOf":{"@id":"https:\/\/www.stalskog.se\/en\/#website"},"primaryImageOfPage":{"@id":"https:\/\/www.stalskog.se\/en\/produkt\/mfb-isolerstang-skaft\/#primaryimage"},"image":{"@id":"https:\/\/www.stalskog.se\/en\/produkt\/mfb-isolerstang-skaft\/#primaryimage"},"thumbnailUrl":"https:\/\/www.stalskog.se\/wp-content\/uploads\/2023\/09\/MFB35_1.jpg","datePublished":"2023-09-05T13:37:52+00:00","dateModified":"2024-08-26T10:47:17+00:00","description":"Man\u00f6verst\u00e5ng typ MFB 35 \u00e4r avsedd att anv\u00e4ndas f\u00f6r reng\u00f6ring av t\u00e5gf\u00f6nster. St\u00e5ngen \u00e4r f\u00f6rsedd med borstf\u00e4ste vilket underl\u00e4ttar anslutning av borsten.","breadcrumb":{"@id":"https:\/\/www.stalskog.se\/en\/produkt\/mfb-isolerstang-skaft\/#breadcrumb"},"inLanguage":"en-US","potentialAction":[{"@type":"ReadAction","target":["https:\/\/www.stalskog.se\/en\/produkt\/mfb-isolerstang-skaft\/"]}]},{"@type":"ImageObject","inLanguage":"en-US","@id":"https:\/\/www.stalskog.se\/en\/produkt\/mfb-isolerstang-skaft\/#primaryimage","url":"https:\/\/www.stalskog.se\/wp-content\/uploads\/2023\/09\/MFB35_1.jpg","contentUrl":"https:\/\/www.stalskog.se\/wp-content\/uploads\/2023\/09\/MFB35_1.jpg","width":402,"height":715},{"@type":"BreadcrumbList","@id":"https:\/\/www.stalskog.se\/en\/produkt\/mfb-isolerstang-skaft\/#breadcrumb","itemListElement":[{"@type":"ListItem","position":1,"name":"Hem","item":"https:\/\/www.stalskog.se\/en\/"},{"@type":"ListItem","position":2,"name":"Produkter","item":"https:\/\/www.stalskog.se\/?page_id=3235"},{"@type":"ListItem","position":3,"name":"11. Insulated Hand Tools 1000 V","item":"https:\/\/www.stalskog.se\/en\/category\/insulated-hand-tools-1000-v\/"},{"@type":"ListItem","position":4,"name":"MFB Isolerst\u00e5ng\/T\u00e5gborste"}]},{"@type":"WebSite","@id":"https:\/\/www.stalskog.se\/en\/#website","url":"https:\/\/www.stalskog.se\/en\/","name":"Ragnar St\u00e5lskog","description":"","publisher":{"@id":"https:\/\/www.stalskog.se\/en\/#organization"},"potentialAction":[{"@type":"SearchAction","target":{"@type":"EntryPoint","urlTemplate":"https:\/\/www.stalskog.se\/en\/?s={search_term_string}"},"query-input":{"@type":"PropertyValueSpecification","valueRequired":true,"valueName":"search_term_string"}}],"inLanguage":"en-US"},{"@type":"Organization","@id":"https:\/\/www.stalskog.se\/en\/#organization","name":"Ragnar St\u00e5lskog","url":"https:\/\/www.stalskog.se\/en\/","logo":{"@type":"ImageObject","inLanguage":"en-US","@id":"https:\/\/www.stalskog.se\/en\/#\/schema\/logo\/image\/","url":"https:\/\/www.stalskog.se\/wp-content\/uploads\/2022\/03\/logo_o.png","contentUrl":"https:\/\/www.stalskog.se\/wp-content\/uploads\/2022\/03\/logo_o.png","width":410,"height":99,"caption":"Ragnar St\u00e5lskog"},"image":{"@id":"https:\/\/www.stalskog.se\/en\/#\/schema\/logo\/image\/"}}]}},"_links":{"self":[{"href":"https:\/\/www.stalskog.se\/en\/wp-json\/wp\/v2\/product\/11925","targetHints":{"allow":["GET"]}}],"collection":[{"href":"https:\/\/www.stalskog.se\/en\/wp-json\/wp\/v2\/product"}],"about":[{"href":"https:\/\/www.stalskog.se\/en\/wp-json\/wp\/v2\/types\/product"}],"replies":[{"embeddable":true,"href":"https:\/\/www.stalskog.se\/en\/wp-json\/wp\/v2\/comments?post=11925"}],"wp:featuredmedia":[{"embeddable":true,"href":"https:\/\/www.stalskog.se\/en\/wp-json\/wp\/v2\/media\/11926"}],"wp:attachment":[{"href":"https:\/\/www.stalskog.se\/en\/wp-json\/wp\/v2\/media?parent=11925"}],"wp:term":[{"taxonomy":"product_brand","embeddable":true,"href":"https:\/\/www.stalskog.se\/en\/wp-json\/wp\/v2\/product_brand?post=11925"},{"taxonomy":"product_cat","embeddable":true,"href":"https:\/\/www.stalskog.se\/en\/wp-json\/wp\/v2\/product_cat?post=11925"},{"taxonomy":"product_tag","embeddable":true,"href":"https:\/\/www.stalskog.se\/en\/wp-json\/wp\/v2\/product_tag?post=11925"}],"curies":[{"name":"wp","href":"https:\/\/api.w.org\/{rel}","templated":true}]}}