{"id":12506,"date":"2024-03-01T08:32:56","date_gmt":"2024-03-01T08:32:56","guid":{"rendered":"https:\/\/www.stalskog.se\/?post_type=product&#038;p=12506"},"modified":"2024-03-01T08:32:57","modified_gmt":"2024-03-01T08:32:57","slug":"skyddshjalm-tc403b-elektrikerhjalm","status":"publish","type":"product","link":"https:\/\/www.stalskog.se\/en\/produkt\/skyddshjalm-tc403b-elektrikerhjalm\/","title":{"rendered":"Skyddshj\u00e4lm TC403B, Elektrikerhj\u00e4lm"},"content":{"rendered":"<p>Skyddshj\u00e4lm\/Elektrikerhj\u00e4lm med visir och hakskydd<br \/>\nHj\u00e4lm: EN 397, EN 50365 Klass 0<br \/>\nVisir: 8,4 cal\/cm2 Open Arc Test<\/p>\n<p>\u2013 Uppf\u00e4llbart klassat visir med h\u00f6g optisk kvalitet (Klass 1) med skydd f\u00f6r hals<br \/>\n\u2013 St\u00f6tupptagande<br \/>\n\u2013 Bra utrymme under visir f\u00f6r t.ex extra glas\u00f6gon<br \/>\n\u2013 Skyddar mot sm\u00e4ltande metall<br \/>\n\u2013 Elektriskt klassad upp till 1000 V (AC) och 1500 V (DC)<br \/>\n\u2013 Justerbar fr\u00e5n 53-63 cm, f\u00e4rg VIT<br \/>\n\u2013 Livsl\u00e4ngd upp till 4 \u00e5r beroende p\u00e5 anv\u00e4ndning<br \/>\n\u2013 CE-m\u00e4rkt<\/p>\n","protected":false},"excerpt":{"rendered":"<p>Skyddshj\u00e4lm\/Elektrikerhj\u00e4lm med visir och hakskydd Hj\u00e4lm: EN 397, EN 50365 Klass 0 Visir: 8,4 cal\/cm2 Open Arc Test \u2013 Uppf\u00e4llbart klassat visir med h\u00f6g optisk kvalitet (Klass 1) med skydd f\u00f6r hals \u2013 St\u00f6tupptagande \u2013 Bra utrymme under visir f\u00f6r t.ex extra glas\u00f6gon \u2013 Skyddar mot sm\u00e4ltande metall \u2013 Elektriskt klassad upp till 1000 V [&hellip;]<\/p>\n","protected":false},"featured_media":12507,"comment_status":"closed","ping_status":"closed","template":"","meta":{"_acf_changed":false},"product_brand":[],"product_cat":[34],"product_tag":[],"class_list":{"0":"post-12506","1":"product","2":"type-product","3":"status-publish","4":"has-post-thumbnail","6":"product_cat-isolerade-verktyg-handskar","8":"first","9":"instock","10":"shipping-taxable","11":"product-type-simple"},"acf":[],"yoast_head":"<!-- This site is optimized with the Yoast SEO plugin v27.5 - https:\/\/yoast.com\/product\/yoast-seo-wordpress\/ -->\n<title>Skyddshj\u00e4lm TC403B, Elektrikerhj\u00e4lm &#8211; Ragnar St\u00e5lskog<\/title>\n<meta name=\"description\" content=\"Skyddshj\u00e4lm\/Elektrikerhj\u00e4lm med visir och hakskydd Hj\u00e4lm: EN 397, EN 50365 Klass 0 Visir: 8,4 cal\/cm2 Open Arc Test \u2013 Uppf\u00e4llbart klassat visir med h\u00f6g\" \/>\n<meta name=\"robots\" content=\"index, follow, max-snippet:-1, max-image-preview:large, max-video-preview:-1\" \/>\n<link rel=\"canonical\" href=\"https:\/\/www.stalskog.se\/en\/produkt\/skyddshjalm-tc403b-elektrikerhjalm\/\" \/>\n<meta property=\"og:locale\" content=\"en_US\" \/>\n<meta property=\"og:type\" content=\"article\" \/>\n<meta property=\"og:title\" content=\"Skyddshj\u00e4lm TC403B, Elektrikerhj\u00e4lm &#8211; Ragnar St\u00e5lskog\" \/>\n<meta property=\"og:description\" content=\"Skyddshj\u00e4lm\/Elektrikerhj\u00e4lm med visir och hakskydd Hj\u00e4lm: EN 397, EN 50365 Klass 0 Visir: 8,4 cal\/cm2 Open Arc Test \u2013 Uppf\u00e4llbart klassat visir med h\u00f6g\" \/>\n<meta property=\"og:url\" content=\"https:\/\/www.stalskog.se\/en\/produkt\/skyddshjalm-tc403b-elektrikerhjalm\/\" \/>\n<meta property=\"og:site_name\" content=\"Ragnar St\u00e5lskog\" \/>\n<meta property=\"article:modified_time\" content=\"2024-03-01T08:32:57+00:00\" \/>\n<meta property=\"og:image\" content=\"https:\/\/www.stalskog.se\/wp-content\/uploads\/2024\/03\/TC403B-photo-2.png\" \/>\n\t<meta property=\"og:image:width\" content=\"700\" \/>\n\t<meta property=\"og:image:height\" content=\"700\" \/>\n\t<meta property=\"og:image:type\" content=\"image\/png\" \/>\n<meta name=\"twitter:card\" content=\"summary_large_image\" \/>\n<script type=\"application\/ld+json\" class=\"yoast-schema-graph\">{\"@context\":\"https:\\\/\\\/schema.org\",\"@graph\":[{\"@type\":\"WebPage\",\"@id\":\"https:\\\/\\\/www.stalskog.se\\\/en\\\/produkt\\\/skyddshjalm-tc403b-elektrikerhjalm\\\/\",\"url\":\"https:\\\/\\\/www.stalskog.se\\\/en\\\/produkt\\\/skyddshjalm-tc403b-elektrikerhjalm\\\/\",\"name\":\"Skyddshj\u00e4lm TC403B, Elektrikerhj\u00e4lm &#8211; Ragnar St\u00e5lskog\",\"isPartOf\":{\"@id\":\"https:\\\/\\\/www.stalskog.se\\\/en\\\/#website\"},\"primaryImageOfPage\":{\"@id\":\"https:\\\/\\\/www.stalskog.se\\\/en\\\/produkt\\\/skyddshjalm-tc403b-elektrikerhjalm\\\/#primaryimage\"},\"image\":{\"@id\":\"https:\\\/\\\/www.stalskog.se\\\/en\\\/produkt\\\/skyddshjalm-tc403b-elektrikerhjalm\\\/#primaryimage\"},\"thumbnailUrl\":\"https:\\\/\\\/www.stalskog.se\\\/wp-content\\\/uploads\\\/2024\\\/03\\\/TC403B-photo-2.png\",\"datePublished\":\"2024-03-01T08:32:56+00:00\",\"dateModified\":\"2024-03-01T08:32:57+00:00\",\"description\":\"Skyddshj\u00e4lm\\\/Elektrikerhj\u00e4lm med visir och hakskydd Hj\u00e4lm: EN 397, EN 50365 Klass 0 Visir: 8,4 cal\\\/cm2 Open Arc Test \u2013 Uppf\u00e4llbart klassat visir med h\u00f6g\",\"breadcrumb\":{\"@id\":\"https:\\\/\\\/www.stalskog.se\\\/en\\\/produkt\\\/skyddshjalm-tc403b-elektrikerhjalm\\\/#breadcrumb\"},\"inLanguage\":\"en-US\",\"potentialAction\":[{\"@type\":\"ReadAction\",\"target\":[\"https:\\\/\\\/www.stalskog.se\\\/en\\\/produkt\\\/skyddshjalm-tc403b-elektrikerhjalm\\\/\"]}]},{\"@type\":\"ImageObject\",\"inLanguage\":\"en-US\",\"@id\":\"https:\\\/\\\/www.stalskog.se\\\/en\\\/produkt\\\/skyddshjalm-tc403b-elektrikerhjalm\\\/#primaryimage\",\"url\":\"https:\\\/\\\/www.stalskog.se\\\/wp-content\\\/uploads\\\/2024\\\/03\\\/TC403B-photo-2.png\",\"contentUrl\":\"https:\\\/\\\/www.stalskog.se\\\/wp-content\\\/uploads\\\/2024\\\/03\\\/TC403B-photo-2.png\",\"width\":700,\"height\":700},{\"@type\":\"BreadcrumbList\",\"@id\":\"https:\\\/\\\/www.stalskog.se\\\/en\\\/produkt\\\/skyddshjalm-tc403b-elektrikerhjalm\\\/#breadcrumb\",\"itemListElement\":[{\"@type\":\"ListItem\",\"position\":1,\"name\":\"Hem\",\"item\":\"https:\\\/\\\/www.stalskog.se\\\/en\\\/\"},{\"@type\":\"ListItem\",\"position\":2,\"name\":\"Produkter\",\"item\":\"https:\\\/\\\/www.stalskog.se\\\/?page_id=3235\"},{\"@type\":\"ListItem\",\"position\":3,\"name\":\"11. Insulated Hand Tools 1000 V\",\"item\":\"https:\\\/\\\/www.stalskog.se\\\/en\\\/category\\\/insulated-hand-tools-1000-v\\\/\"},{\"@type\":\"ListItem\",\"position\":4,\"name\":\"Skyddshj\u00e4lm TC403B, Elektrikerhj\u00e4lm\"}]},{\"@type\":\"WebSite\",\"@id\":\"https:\\\/\\\/www.stalskog.se\\\/en\\\/#website\",\"url\":\"https:\\\/\\\/www.stalskog.se\\\/en\\\/\",\"name\":\"Ragnar St\u00e5lskog\",\"description\":\"\",\"publisher\":{\"@id\":\"https:\\\/\\\/www.stalskog.se\\\/en\\\/#organization\"},\"potentialAction\":[{\"@type\":\"SearchAction\",\"target\":{\"@type\":\"EntryPoint\",\"urlTemplate\":\"https:\\\/\\\/www.stalskog.se\\\/en\\\/?s={search_term_string}\"},\"query-input\":{\"@type\":\"PropertyValueSpecification\",\"valueRequired\":true,\"valueName\":\"search_term_string\"}}],\"inLanguage\":\"en-US\"},{\"@type\":\"Organization\",\"@id\":\"https:\\\/\\\/www.stalskog.se\\\/en\\\/#organization\",\"name\":\"Ragnar St\u00e5lskog\",\"url\":\"https:\\\/\\\/www.stalskog.se\\\/en\\\/\",\"logo\":{\"@type\":\"ImageObject\",\"inLanguage\":\"en-US\",\"@id\":\"https:\\\/\\\/www.stalskog.se\\\/en\\\/#\\\/schema\\\/logo\\\/image\\\/\",\"url\":\"https:\\\/\\\/www.stalskog.se\\\/wp-content\\\/uploads\\\/2022\\\/03\\\/logo_o.png\",\"contentUrl\":\"https:\\\/\\\/www.stalskog.se\\\/wp-content\\\/uploads\\\/2022\\\/03\\\/logo_o.png\",\"width\":410,\"height\":99,\"caption\":\"Ragnar St\u00e5lskog\"},\"image\":{\"@id\":\"https:\\\/\\\/www.stalskog.se\\\/en\\\/#\\\/schema\\\/logo\\\/image\\\/\"}}]}<\/script>\n<!-- \/ Yoast SEO plugin. -->","yoast_head_json":{"title":"Skyddshj\u00e4lm TC403B, Elektrikerhj\u00e4lm &#8211; Ragnar St\u00e5lskog","description":"Skyddshj\u00e4lm\/Elektrikerhj\u00e4lm med visir och hakskydd Hj\u00e4lm: EN 397, EN 50365 Klass 0 Visir: 8,4 cal\/cm2 Open Arc Test \u2013 Uppf\u00e4llbart klassat visir med h\u00f6g","robots":{"index":"index","follow":"follow","max-snippet":"max-snippet:-1","max-image-preview":"max-image-preview:large","max-video-preview":"max-video-preview:-1"},"canonical":"https:\/\/www.stalskog.se\/en\/produkt\/skyddshjalm-tc403b-elektrikerhjalm\/","og_locale":"en_US","og_type":"article","og_title":"Skyddshj\u00e4lm TC403B, Elektrikerhj\u00e4lm &#8211; Ragnar St\u00e5lskog","og_description":"Skyddshj\u00e4lm\/Elektrikerhj\u00e4lm med visir och hakskydd Hj\u00e4lm: EN 397, EN 50365 Klass 0 Visir: 8,4 cal\/cm2 Open Arc Test \u2013 Uppf\u00e4llbart klassat visir med h\u00f6g","og_url":"https:\/\/www.stalskog.se\/en\/produkt\/skyddshjalm-tc403b-elektrikerhjalm\/","og_site_name":"Ragnar St\u00e5lskog","article_modified_time":"2024-03-01T08:32:57+00:00","og_image":[{"width":700,"height":700,"url":"https:\/\/www.stalskog.se\/wp-content\/uploads\/2024\/03\/TC403B-photo-2.png","type":"image\/png"}],"twitter_card":"summary_large_image","schema":{"@context":"https:\/\/schema.org","@graph":[{"@type":"WebPage","@id":"https:\/\/www.stalskog.se\/en\/produkt\/skyddshjalm-tc403b-elektrikerhjalm\/","url":"https:\/\/www.stalskog.se\/en\/produkt\/skyddshjalm-tc403b-elektrikerhjalm\/","name":"Skyddshj\u00e4lm TC403B, Elektrikerhj\u00e4lm &#8211; Ragnar St\u00e5lskog","isPartOf":{"@id":"https:\/\/www.stalskog.se\/en\/#website"},"primaryImageOfPage":{"@id":"https:\/\/www.stalskog.se\/en\/produkt\/skyddshjalm-tc403b-elektrikerhjalm\/#primaryimage"},"image":{"@id":"https:\/\/www.stalskog.se\/en\/produkt\/skyddshjalm-tc403b-elektrikerhjalm\/#primaryimage"},"thumbnailUrl":"https:\/\/www.stalskog.se\/wp-content\/uploads\/2024\/03\/TC403B-photo-2.png","datePublished":"2024-03-01T08:32:56+00:00","dateModified":"2024-03-01T08:32:57+00:00","description":"Skyddshj\u00e4lm\/Elektrikerhj\u00e4lm med visir och hakskydd Hj\u00e4lm: EN 397, EN 50365 Klass 0 Visir: 8,4 cal\/cm2 Open Arc Test \u2013 Uppf\u00e4llbart klassat visir med h\u00f6g","breadcrumb":{"@id":"https:\/\/www.stalskog.se\/en\/produkt\/skyddshjalm-tc403b-elektrikerhjalm\/#breadcrumb"},"inLanguage":"en-US","potentialAction":[{"@type":"ReadAction","target":["https:\/\/www.stalskog.se\/en\/produkt\/skyddshjalm-tc403b-elektrikerhjalm\/"]}]},{"@type":"ImageObject","inLanguage":"en-US","@id":"https:\/\/www.stalskog.se\/en\/produkt\/skyddshjalm-tc403b-elektrikerhjalm\/#primaryimage","url":"https:\/\/www.stalskog.se\/wp-content\/uploads\/2024\/03\/TC403B-photo-2.png","contentUrl":"https:\/\/www.stalskog.se\/wp-content\/uploads\/2024\/03\/TC403B-photo-2.png","width":700,"height":700},{"@type":"BreadcrumbList","@id":"https:\/\/www.stalskog.se\/en\/produkt\/skyddshjalm-tc403b-elektrikerhjalm\/#breadcrumb","itemListElement":[{"@type":"ListItem","position":1,"name":"Hem","item":"https:\/\/www.stalskog.se\/en\/"},{"@type":"ListItem","position":2,"name":"Produkter","item":"https:\/\/www.stalskog.se\/?page_id=3235"},{"@type":"ListItem","position":3,"name":"11. Insulated Hand Tools 1000 V","item":"https:\/\/www.stalskog.se\/en\/category\/insulated-hand-tools-1000-v\/"},{"@type":"ListItem","position":4,"name":"Skyddshj\u00e4lm TC403B, Elektrikerhj\u00e4lm"}]},{"@type":"WebSite","@id":"https:\/\/www.stalskog.se\/en\/#website","url":"https:\/\/www.stalskog.se\/en\/","name":"Ragnar St\u00e5lskog","description":"","publisher":{"@id":"https:\/\/www.stalskog.se\/en\/#organization"},"potentialAction":[{"@type":"SearchAction","target":{"@type":"EntryPoint","urlTemplate":"https:\/\/www.stalskog.se\/en\/?s={search_term_string}"},"query-input":{"@type":"PropertyValueSpecification","valueRequired":true,"valueName":"search_term_string"}}],"inLanguage":"en-US"},{"@type":"Organization","@id":"https:\/\/www.stalskog.se\/en\/#organization","name":"Ragnar St\u00e5lskog","url":"https:\/\/www.stalskog.se\/en\/","logo":{"@type":"ImageObject","inLanguage":"en-US","@id":"https:\/\/www.stalskog.se\/en\/#\/schema\/logo\/image\/","url":"https:\/\/www.stalskog.se\/wp-content\/uploads\/2022\/03\/logo_o.png","contentUrl":"https:\/\/www.stalskog.se\/wp-content\/uploads\/2022\/03\/logo_o.png","width":410,"height":99,"caption":"Ragnar St\u00e5lskog"},"image":{"@id":"https:\/\/www.stalskog.se\/en\/#\/schema\/logo\/image\/"}}]}},"_links":{"self":[{"href":"https:\/\/www.stalskog.se\/en\/wp-json\/wp\/v2\/product\/12506","targetHints":{"allow":["GET"]}}],"collection":[{"href":"https:\/\/www.stalskog.se\/en\/wp-json\/wp\/v2\/product"}],"about":[{"href":"https:\/\/www.stalskog.se\/en\/wp-json\/wp\/v2\/types\/product"}],"replies":[{"embeddable":true,"href":"https:\/\/www.stalskog.se\/en\/wp-json\/wp\/v2\/comments?post=12506"}],"wp:featuredmedia":[{"embeddable":true,"href":"https:\/\/www.stalskog.se\/en\/wp-json\/wp\/v2\/media\/12507"}],"wp:attachment":[{"href":"https:\/\/www.stalskog.se\/en\/wp-json\/wp\/v2\/media?parent=12506"}],"wp:term":[{"taxonomy":"product_brand","embeddable":true,"href":"https:\/\/www.stalskog.se\/en\/wp-json\/wp\/v2\/product_brand?post=12506"},{"taxonomy":"product_cat","embeddable":true,"href":"https:\/\/www.stalskog.se\/en\/wp-json\/wp\/v2\/product_cat?post=12506"},{"taxonomy":"product_tag","embeddable":true,"href":"https:\/\/www.stalskog.se\/en\/wp-json\/wp\/v2\/product_tag?post=12506"}],"curies":[{"name":"wp","href":"https:\/\/api.w.org\/{rel}","templated":true}]}}