{"id":4415,"date":"2022-04-28T07:12:56","date_gmt":"2022-04-28T07:12:56","guid":{"rendered":"https:\/\/www.stalskog.se\/produkt\/dischargedevice-mulk_-jk27v\/"},"modified":"2025-08-25T14:24:35","modified_gmt":"2025-08-25T14:24:35","slug":"dischargedevice-mulk_-jk27v","status":"publish","type":"product","link":"https:\/\/www.stalskog.se\/en\/produkt\/dischargedevice-mulk_-jk27v\/","title":{"rendered":"Discharge bar MULK_-JK27V"},"content":{"rendered":"<p>Ref. SS-EN 61235<br \/>\nDischarge rod MULK&#8230;\/&#8230;-JK27V with hook electrode is intended for discharge of static charges.<br \/>\nThe hook electrode is made of galvanized copper.<br \/>\nEarth clamp JK 27 V is connected to ball bolt \u00d8 20, \u00d8 25, \u00d8 30, T-bolt, rail 1-25 mm, rope\/tube \u00d8 6-25 mm.<br \/>\nThe conductive parts of the clamp are made of aluminium bronze. Steel parts made of stainless steel. The wire rope is connected to the clamp with cable lug and M8 screw joint.<br \/>\nThe wire rope is made of highly flexible ESTPR-insulated copper conductor and provided with tight cable connections, which prevent moisture penetration into the rope. The insulating rod is sealed to prevent moisture ingress. The insulating rod is made of yellow, glass-fiber reinforced vinylester with an outer diameter of 29 mm. The lower end is fitted with a protective rubber cap.     <\/p>\n","protected":false},"excerpt":{"rendered":"<p>Ref. SS-EN 61235 Discharge rod MULK&#8230;\/&#8230;-JK27V with hook electrode is intended for discharge of static charges. The hook electrode is made of galvanized copper. Earth clamp JK 27 V is connected to ball bolt \u00d8 20, \u00d8 25, \u00d8 30, T-bolt, rail 1-25 mm, rope\/tube \u00d8 6-25 mm. The conductive parts of the clamp are [&hellip;]<\/p>\n","protected":false},"featured_media":4412,"comment_status":"closed","ping_status":"closed","template":"","meta":{"_acf_changed":false},"product_brand":[],"product_cat":[62,67,145],"product_tag":[],"class_list":{"0":"post-4415","1":"product","2":"type-product","3":"status-publish","4":"has-post-thumbnail","6":"product_cat-switchgear","7":"product_cat-insulating-poles","8":"product_cat-discharge","10":"first","11":"instock","12":"shipping-taxable","13":"product-type-simple"},"acf":[],"yoast_head":"<!-- This site is optimized with the Yoast SEO plugin v27.5 - https:\/\/yoast.com\/product\/yoast-seo-wordpress\/ -->\n<title>Discharge bar MULK_-JK27V &#8211; Ragnar St\u00e5lskog<\/title>\n<meta name=\"description\" content=\"Ref. SS-EN 61235 Discharge rod MULK...\/...-JK27V with hook electrode is intended for discharge of static charges. The hook electrode is made of galvanized\" \/>\n<meta name=\"robots\" content=\"index, follow, max-snippet:-1, max-image-preview:large, max-video-preview:-1\" \/>\n<link rel=\"canonical\" href=\"https:\/\/www.stalskog.se\/en\/produkt\/dischargedevice-mulk_-jk27v\/\" \/>\n<meta property=\"og:locale\" content=\"en_US\" \/>\n<meta property=\"og:type\" content=\"article\" \/>\n<meta property=\"og:title\" content=\"Discharge bar MULK_-JK27V &#8211; Ragnar St\u00e5lskog\" \/>\n<meta property=\"og:description\" content=\"Ref. SS-EN 61235 Discharge rod MULK...\/...-JK27V with hook electrode is intended for discharge of static charges. The hook electrode is made of galvanized\" \/>\n<meta property=\"og:url\" content=\"https:\/\/www.stalskog.se\/en\/produkt\/dischargedevice-mulk_-jk27v\/\" \/>\n<meta property=\"og:site_name\" content=\"Ragnar St\u00e5lskog\" \/>\n<meta property=\"article:modified_time\" content=\"2025-08-25T14:24:35+00:00\" \/>\n<meta property=\"og:image\" content=\"https:\/\/www.stalskog.se\/wp-content\/uploads\/2022\/04\/mulk_-jk27v.jpg\" \/>\n\t<meta property=\"og:image:width\" content=\"222\" \/>\n\t<meta property=\"og:image:height\" content=\"624\" \/>\n\t<meta property=\"og:image:type\" content=\"image\/jpeg\" \/>\n<meta name=\"twitter:card\" content=\"summary_large_image\" \/>\n<meta name=\"twitter:label1\" content=\"Est. reading time\" \/>\n\t<meta name=\"twitter:data1\" content=\"1 minute\" \/>\n<script type=\"application\/ld+json\" class=\"yoast-schema-graph\">{\"@context\":\"https:\\\/\\\/schema.org\",\"@graph\":[{\"@type\":\"WebPage\",\"@id\":\"https:\\\/\\\/www.stalskog.se\\\/en\\\/produkt\\\/dischargedevice-mulk_-jk27v\\\/\",\"url\":\"https:\\\/\\\/www.stalskog.se\\\/en\\\/produkt\\\/dischargedevice-mulk_-jk27v\\\/\",\"name\":\"Discharge bar MULK_-JK27V &#8211; Ragnar St\u00e5lskog\",\"isPartOf\":{\"@id\":\"https:\\\/\\\/www.stalskog.se\\\/en\\\/#website\"},\"primaryImageOfPage\":{\"@id\":\"https:\\\/\\\/www.stalskog.se\\\/en\\\/produkt\\\/dischargedevice-mulk_-jk27v\\\/#primaryimage\"},\"image\":{\"@id\":\"https:\\\/\\\/www.stalskog.se\\\/en\\\/produkt\\\/dischargedevice-mulk_-jk27v\\\/#primaryimage\"},\"thumbnailUrl\":\"https:\\\/\\\/www.stalskog.se\\\/wp-content\\\/uploads\\\/2022\\\/04\\\/mulk_-jk27v.jpg\",\"datePublished\":\"2022-04-28T07:12:56+00:00\",\"dateModified\":\"2025-08-25T14:24:35+00:00\",\"description\":\"Ref. SS-EN 61235 Discharge rod MULK...\\\/...-JK27V with hook electrode is intended for discharge of static charges. The hook electrode is made of galvanized\",\"breadcrumb\":{\"@id\":\"https:\\\/\\\/www.stalskog.se\\\/en\\\/produkt\\\/dischargedevice-mulk_-jk27v\\\/#breadcrumb\"},\"inLanguage\":\"en-US\",\"potentialAction\":[{\"@type\":\"ReadAction\",\"target\":[\"https:\\\/\\\/www.stalskog.se\\\/en\\\/produkt\\\/dischargedevice-mulk_-jk27v\\\/\"]}]},{\"@type\":\"ImageObject\",\"inLanguage\":\"en-US\",\"@id\":\"https:\\\/\\\/www.stalskog.se\\\/en\\\/produkt\\\/dischargedevice-mulk_-jk27v\\\/#primaryimage\",\"url\":\"https:\\\/\\\/www.stalskog.se\\\/wp-content\\\/uploads\\\/2022\\\/04\\\/mulk_-jk27v.jpg\",\"contentUrl\":\"https:\\\/\\\/www.stalskog.se\\\/wp-content\\\/uploads\\\/2022\\\/04\\\/mulk_-jk27v.jpg\",\"width\":222,\"height\":624},{\"@type\":\"BreadcrumbList\",\"@id\":\"https:\\\/\\\/www.stalskog.se\\\/en\\\/produkt\\\/dischargedevice-mulk_-jk27v\\\/#breadcrumb\",\"itemListElement\":[{\"@type\":\"ListItem\",\"position\":1,\"name\":\"Hem\",\"item\":\"https:\\\/\\\/www.stalskog.se\\\/en\\\/\"},{\"@type\":\"ListItem\",\"position\":2,\"name\":\"Produkter\",\"item\":\"https:\\\/\\\/www.stalskog.se\\\/?page_id=3235\"},{\"@type\":\"ListItem\",\"position\":3,\"name\":\"1. Switchgear\",\"item\":\"https:\\\/\\\/www.stalskog.se\\\/en\\\/category\\\/switchgear\\\/\"},{\"@type\":\"ListItem\",\"position\":4,\"name\":\"Discharge bar MULK_-JK27V\"}]},{\"@type\":\"WebSite\",\"@id\":\"https:\\\/\\\/www.stalskog.se\\\/en\\\/#website\",\"url\":\"https:\\\/\\\/www.stalskog.se\\\/en\\\/\",\"name\":\"Ragnar St\u00e5lskog\",\"description\":\"\",\"publisher\":{\"@id\":\"https:\\\/\\\/www.stalskog.se\\\/en\\\/#organization\"},\"potentialAction\":[{\"@type\":\"SearchAction\",\"target\":{\"@type\":\"EntryPoint\",\"urlTemplate\":\"https:\\\/\\\/www.stalskog.se\\\/en\\\/?s={search_term_string}\"},\"query-input\":{\"@type\":\"PropertyValueSpecification\",\"valueRequired\":true,\"valueName\":\"search_term_string\"}}],\"inLanguage\":\"en-US\"},{\"@type\":\"Organization\",\"@id\":\"https:\\\/\\\/www.stalskog.se\\\/en\\\/#organization\",\"name\":\"Ragnar St\u00e5lskog\",\"url\":\"https:\\\/\\\/www.stalskog.se\\\/en\\\/\",\"logo\":{\"@type\":\"ImageObject\",\"inLanguage\":\"en-US\",\"@id\":\"https:\\\/\\\/www.stalskog.se\\\/en\\\/#\\\/schema\\\/logo\\\/image\\\/\",\"url\":\"https:\\\/\\\/www.stalskog.se\\\/wp-content\\\/uploads\\\/2022\\\/03\\\/logo_o.png\",\"contentUrl\":\"https:\\\/\\\/www.stalskog.se\\\/wp-content\\\/uploads\\\/2022\\\/03\\\/logo_o.png\",\"width\":410,\"height\":99,\"caption\":\"Ragnar St\u00e5lskog\"},\"image\":{\"@id\":\"https:\\\/\\\/www.stalskog.se\\\/en\\\/#\\\/schema\\\/logo\\\/image\\\/\"}}]}<\/script>\n<!-- \/ Yoast SEO plugin. -->","yoast_head_json":{"title":"Discharge bar MULK_-JK27V &#8211; Ragnar St\u00e5lskog","description":"Ref. SS-EN 61235 Discharge rod MULK...\/...-JK27V with hook electrode is intended for discharge of static charges. The hook electrode is made of galvanized","robots":{"index":"index","follow":"follow","max-snippet":"max-snippet:-1","max-image-preview":"max-image-preview:large","max-video-preview":"max-video-preview:-1"},"canonical":"https:\/\/www.stalskog.se\/en\/produkt\/dischargedevice-mulk_-jk27v\/","og_locale":"en_US","og_type":"article","og_title":"Discharge bar MULK_-JK27V &#8211; Ragnar St\u00e5lskog","og_description":"Ref. SS-EN 61235 Discharge rod MULK...\/...-JK27V with hook electrode is intended for discharge of static charges. The hook electrode is made of galvanized","og_url":"https:\/\/www.stalskog.se\/en\/produkt\/dischargedevice-mulk_-jk27v\/","og_site_name":"Ragnar St\u00e5lskog","article_modified_time":"2025-08-25T14:24:35+00:00","og_image":[{"width":222,"height":624,"url":"https:\/\/www.stalskog.se\/wp-content\/uploads\/2022\/04\/mulk_-jk27v.jpg","type":"image\/jpeg"}],"twitter_card":"summary_large_image","twitter_misc":{"Est. reading time":"1 minute"},"schema":{"@context":"https:\/\/schema.org","@graph":[{"@type":"WebPage","@id":"https:\/\/www.stalskog.se\/en\/produkt\/dischargedevice-mulk_-jk27v\/","url":"https:\/\/www.stalskog.se\/en\/produkt\/dischargedevice-mulk_-jk27v\/","name":"Discharge bar MULK_-JK27V &#8211; Ragnar St\u00e5lskog","isPartOf":{"@id":"https:\/\/www.stalskog.se\/en\/#website"},"primaryImageOfPage":{"@id":"https:\/\/www.stalskog.se\/en\/produkt\/dischargedevice-mulk_-jk27v\/#primaryimage"},"image":{"@id":"https:\/\/www.stalskog.se\/en\/produkt\/dischargedevice-mulk_-jk27v\/#primaryimage"},"thumbnailUrl":"https:\/\/www.stalskog.se\/wp-content\/uploads\/2022\/04\/mulk_-jk27v.jpg","datePublished":"2022-04-28T07:12:56+00:00","dateModified":"2025-08-25T14:24:35+00:00","description":"Ref. SS-EN 61235 Discharge rod MULK...\/...-JK27V with hook electrode is intended for discharge of static charges. The hook electrode is made of galvanized","breadcrumb":{"@id":"https:\/\/www.stalskog.se\/en\/produkt\/dischargedevice-mulk_-jk27v\/#breadcrumb"},"inLanguage":"en-US","potentialAction":[{"@type":"ReadAction","target":["https:\/\/www.stalskog.se\/en\/produkt\/dischargedevice-mulk_-jk27v\/"]}]},{"@type":"ImageObject","inLanguage":"en-US","@id":"https:\/\/www.stalskog.se\/en\/produkt\/dischargedevice-mulk_-jk27v\/#primaryimage","url":"https:\/\/www.stalskog.se\/wp-content\/uploads\/2022\/04\/mulk_-jk27v.jpg","contentUrl":"https:\/\/www.stalskog.se\/wp-content\/uploads\/2022\/04\/mulk_-jk27v.jpg","width":222,"height":624},{"@type":"BreadcrumbList","@id":"https:\/\/www.stalskog.se\/en\/produkt\/dischargedevice-mulk_-jk27v\/#breadcrumb","itemListElement":[{"@type":"ListItem","position":1,"name":"Hem","item":"https:\/\/www.stalskog.se\/en\/"},{"@type":"ListItem","position":2,"name":"Produkter","item":"https:\/\/www.stalskog.se\/?page_id=3235"},{"@type":"ListItem","position":3,"name":"1. Switchgear","item":"https:\/\/www.stalskog.se\/en\/category\/switchgear\/"},{"@type":"ListItem","position":4,"name":"Discharge bar MULK_-JK27V"}]},{"@type":"WebSite","@id":"https:\/\/www.stalskog.se\/en\/#website","url":"https:\/\/www.stalskog.se\/en\/","name":"Ragnar St\u00e5lskog","description":"","publisher":{"@id":"https:\/\/www.stalskog.se\/en\/#organization"},"potentialAction":[{"@type":"SearchAction","target":{"@type":"EntryPoint","urlTemplate":"https:\/\/www.stalskog.se\/en\/?s={search_term_string}"},"query-input":{"@type":"PropertyValueSpecification","valueRequired":true,"valueName":"search_term_string"}}],"inLanguage":"en-US"},{"@type":"Organization","@id":"https:\/\/www.stalskog.se\/en\/#organization","name":"Ragnar St\u00e5lskog","url":"https:\/\/www.stalskog.se\/en\/","logo":{"@type":"ImageObject","inLanguage":"en-US","@id":"https:\/\/www.stalskog.se\/en\/#\/schema\/logo\/image\/","url":"https:\/\/www.stalskog.se\/wp-content\/uploads\/2022\/03\/logo_o.png","contentUrl":"https:\/\/www.stalskog.se\/wp-content\/uploads\/2022\/03\/logo_o.png","width":410,"height":99,"caption":"Ragnar St\u00e5lskog"},"image":{"@id":"https:\/\/www.stalskog.se\/en\/#\/schema\/logo\/image\/"}}]}},"_links":{"self":[{"href":"https:\/\/www.stalskog.se\/en\/wp-json\/wp\/v2\/product\/4415","targetHints":{"allow":["GET"]}}],"collection":[{"href":"https:\/\/www.stalskog.se\/en\/wp-json\/wp\/v2\/product"}],"about":[{"href":"https:\/\/www.stalskog.se\/en\/wp-json\/wp\/v2\/types\/product"}],"replies":[{"embeddable":true,"href":"https:\/\/www.stalskog.se\/en\/wp-json\/wp\/v2\/comments?post=4415"}],"wp:featuredmedia":[{"embeddable":true,"href":"https:\/\/www.stalskog.se\/en\/wp-json\/wp\/v2\/media\/4412"}],"wp:attachment":[{"href":"https:\/\/www.stalskog.se\/en\/wp-json\/wp\/v2\/media?parent=4415"}],"wp:term":[{"taxonomy":"product_brand","embeddable":true,"href":"https:\/\/www.stalskog.se\/en\/wp-json\/wp\/v2\/product_brand?post=4415"},{"taxonomy":"product_cat","embeddable":true,"href":"https:\/\/www.stalskog.se\/en\/wp-json\/wp\/v2\/product_cat?post=4415"},{"taxonomy":"product_tag","embeddable":true,"href":"https:\/\/www.stalskog.se\/en\/wp-json\/wp\/v2\/product_tag?post=4415"}],"curies":[{"name":"wp","href":"https:\/\/api.w.org\/{rel}","templated":true}]}}