{"id":4476,"date":"2022-04-28T11:28:53","date_gmt":"2022-04-28T11:28:53","guid":{"rendered":"https:\/\/www.stalskog.se\/?post_type=product&#038;p=4476"},"modified":"2024-10-21T08:10:23","modified_gmt":"2024-10-21T08:10:23","slug":"ska630","status":"publish","type":"product","link":"https:\/\/www.stalskog.se\/en\/produkt\/ska630\/","title":{"rendered":"SKA630"},"content":{"rendered":"<p>Verktygssats f\u00f6r jordning av ber\u00f6ringss\u00e4kert kabelavslut SKA 630 II<br \/>\nVerktygssats typ SKA 630 II \u00e4r avsedd f\u00f6r jordning av h\u00f6gsp\u00e4nningskabelsk\u00e5p med ber\u00f6ringss\u00e4kert kabelavslut, 630A. Verktygsv\u00e4skan innerh\u00e5ller bland annat kulbultar, grips\u00f6kare, momentdon, hylsor och en insexhylsa f\u00f6r att avl\u00e4gsna de kapacitiva delar p\u00e5 de olika avsluten. F\u00f6r jordning kr\u00e4vs \u00e4ven ett jordningsdon, exempelvis R\/S ABs\u00b4 universaljordningsdon JK27-X1-JK27V alternativt JK27-X1-JK27.<\/p>\n","protected":false},"excerpt":{"rendered":"<p>Verktygssats f\u00f6r jordning av ber\u00f6ringss\u00e4kert kabelavslut SKA 630 II Verktygssats typ SKA 630 II \u00e4r avsedd f\u00f6r jordning av h\u00f6gsp\u00e4nningskabelsk\u00e5p med ber\u00f6ringss\u00e4kert kabelavslut, 630A. Verktygsv\u00e4skan innerh\u00e5ller bland annat kulbultar, grips\u00f6kare, momentdon, hylsor och en insexhylsa f\u00f6r att avl\u00e4gsna de kapacitiva delar p\u00e5 de olika avsluten. F\u00f6r jordning kr\u00e4vs \u00e4ven ett jordningsdon, exempelvis R\/S ABs\u00b4 universaljordningsdon [&hellip;]<\/p>\n","protected":false},"featured_media":4477,"comment_status":"closed","ping_status":"closed","template":"","meta":{"_acf_changed":false},"product_brand":[],"product_cat":[24,37,148],"product_tag":[],"class_list":{"0":"post-4476","1":"product","2":"type-product","3":"status-publish","4":"has-post-thumbnail","6":"product_cat-jordningsdon-for-stallverk","7":"product_cat-ovriga-produkter","8":"product_cat-ovrigt","10":"first","11":"instock","12":"shipping-taxable","13":"product-type-simple"},"acf":[],"yoast_head":"<!-- This site is optimized with the Yoast SEO plugin v27.5 - https:\/\/yoast.com\/product\/yoast-seo-wordpress\/ -->\n<title>SKA630 &#8211; Ragnar St\u00e5lskog<\/title>\n<meta name=\"description\" content=\"Verktygssats f\u00f6r jordning av ber\u00f6ringss\u00e4kert kabelavslut SKA 630 II Verktygssats typ SKA 630 II \u00e4r avsedd f\u00f6r jordning av h\u00f6gsp\u00e4nningskabelsk\u00e5p med\" \/>\n<meta name=\"robots\" content=\"index, follow, max-snippet:-1, max-image-preview:large, max-video-preview:-1\" \/>\n<link rel=\"canonical\" href=\"https:\/\/www.stalskog.se\/en\/produkt\/ska630\/\" \/>\n<meta property=\"og:locale\" content=\"en_US\" \/>\n<meta property=\"og:type\" content=\"article\" \/>\n<meta property=\"og:title\" content=\"SKA630 &#8211; Ragnar St\u00e5lskog\" \/>\n<meta property=\"og:description\" content=\"Verktygssats f\u00f6r jordning av ber\u00f6ringss\u00e4kert kabelavslut SKA 630 II Verktygssats typ SKA 630 II \u00e4r avsedd f\u00f6r jordning av h\u00f6gsp\u00e4nningskabelsk\u00e5p med\" \/>\n<meta property=\"og:url\" content=\"https:\/\/www.stalskog.se\/en\/produkt\/ska630\/\" \/>\n<meta property=\"og:site_name\" content=\"Ragnar St\u00e5lskog\" \/>\n<meta property=\"article:modified_time\" content=\"2024-10-21T08:10:23+00:00\" \/>\n<meta property=\"og:image\" content=\"https:\/\/www.stalskog.se\/wp-content\/uploads\/2022\/04\/ska630_iii_norm.png\" \/>\n\t<meta property=\"og:image:width\" content=\"290\" \/>\n\t<meta property=\"og:image:height\" content=\"300\" \/>\n\t<meta property=\"og:image:type\" content=\"image\/png\" \/>\n<meta name=\"twitter:card\" content=\"summary_large_image\" \/>\n<script type=\"application\/ld+json\" class=\"yoast-schema-graph\">{\"@context\":\"https:\\\/\\\/schema.org\",\"@graph\":[{\"@type\":\"WebPage\",\"@id\":\"https:\\\/\\\/www.stalskog.se\\\/en\\\/produkt\\\/ska630\\\/\",\"url\":\"https:\\\/\\\/www.stalskog.se\\\/en\\\/produkt\\\/ska630\\\/\",\"name\":\"SKA630 &#8211; Ragnar St\u00e5lskog\",\"isPartOf\":{\"@id\":\"https:\\\/\\\/www.stalskog.se\\\/en\\\/#website\"},\"primaryImageOfPage\":{\"@id\":\"https:\\\/\\\/www.stalskog.se\\\/en\\\/produkt\\\/ska630\\\/#primaryimage\"},\"image\":{\"@id\":\"https:\\\/\\\/www.stalskog.se\\\/en\\\/produkt\\\/ska630\\\/#primaryimage\"},\"thumbnailUrl\":\"https:\\\/\\\/www.stalskog.se\\\/wp-content\\\/uploads\\\/2022\\\/04\\\/ska630_iii_norm.png\",\"datePublished\":\"2022-04-28T11:28:53+00:00\",\"dateModified\":\"2024-10-21T08:10:23+00:00\",\"description\":\"Verktygssats f\u00f6r jordning av ber\u00f6ringss\u00e4kert kabelavslut SKA 630 II Verktygssats typ SKA 630 II \u00e4r avsedd f\u00f6r jordning av h\u00f6gsp\u00e4nningskabelsk\u00e5p med\",\"breadcrumb\":{\"@id\":\"https:\\\/\\\/www.stalskog.se\\\/en\\\/produkt\\\/ska630\\\/#breadcrumb\"},\"inLanguage\":\"en-US\",\"potentialAction\":[{\"@type\":\"ReadAction\",\"target\":[\"https:\\\/\\\/www.stalskog.se\\\/en\\\/produkt\\\/ska630\\\/\"]}]},{\"@type\":\"ImageObject\",\"inLanguage\":\"en-US\",\"@id\":\"https:\\\/\\\/www.stalskog.se\\\/en\\\/produkt\\\/ska630\\\/#primaryimage\",\"url\":\"https:\\\/\\\/www.stalskog.se\\\/wp-content\\\/uploads\\\/2022\\\/04\\\/ska630_iii_norm.png\",\"contentUrl\":\"https:\\\/\\\/www.stalskog.se\\\/wp-content\\\/uploads\\\/2022\\\/04\\\/ska630_iii_norm.png\",\"width\":290,\"height\":300},{\"@type\":\"BreadcrumbList\",\"@id\":\"https:\\\/\\\/www.stalskog.se\\\/en\\\/produkt\\\/ska630\\\/#breadcrumb\",\"itemListElement\":[{\"@type\":\"ListItem\",\"position\":1,\"name\":\"Hem\",\"item\":\"https:\\\/\\\/www.stalskog.se\\\/en\\\/\"},{\"@type\":\"ListItem\",\"position\":2,\"name\":\"Produkter\",\"item\":\"https:\\\/\\\/www.stalskog.se\\\/?page_id=3235\"},{\"@type\":\"ListItem\",\"position\":3,\"name\":\"1. Switchgear\",\"item\":\"https:\\\/\\\/www.stalskog.se\\\/en\\\/category\\\/switchgear\\\/\"},{\"@type\":\"ListItem\",\"position\":4,\"name\":\"SKA630\"}]},{\"@type\":\"WebSite\",\"@id\":\"https:\\\/\\\/www.stalskog.se\\\/en\\\/#website\",\"url\":\"https:\\\/\\\/www.stalskog.se\\\/en\\\/\",\"name\":\"Ragnar St\u00e5lskog\",\"description\":\"\",\"publisher\":{\"@id\":\"https:\\\/\\\/www.stalskog.se\\\/en\\\/#organization\"},\"potentialAction\":[{\"@type\":\"SearchAction\",\"target\":{\"@type\":\"EntryPoint\",\"urlTemplate\":\"https:\\\/\\\/www.stalskog.se\\\/en\\\/?s={search_term_string}\"},\"query-input\":{\"@type\":\"PropertyValueSpecification\",\"valueRequired\":true,\"valueName\":\"search_term_string\"}}],\"inLanguage\":\"en-US\"},{\"@type\":\"Organization\",\"@id\":\"https:\\\/\\\/www.stalskog.se\\\/en\\\/#organization\",\"name\":\"Ragnar St\u00e5lskog\",\"url\":\"https:\\\/\\\/www.stalskog.se\\\/en\\\/\",\"logo\":{\"@type\":\"ImageObject\",\"inLanguage\":\"en-US\",\"@id\":\"https:\\\/\\\/www.stalskog.se\\\/en\\\/#\\\/schema\\\/logo\\\/image\\\/\",\"url\":\"https:\\\/\\\/www.stalskog.se\\\/wp-content\\\/uploads\\\/2022\\\/03\\\/logo_o.png\",\"contentUrl\":\"https:\\\/\\\/www.stalskog.se\\\/wp-content\\\/uploads\\\/2022\\\/03\\\/logo_o.png\",\"width\":410,\"height\":99,\"caption\":\"Ragnar St\u00e5lskog\"},\"image\":{\"@id\":\"https:\\\/\\\/www.stalskog.se\\\/en\\\/#\\\/schema\\\/logo\\\/image\\\/\"}}]}<\/script>\n<!-- \/ Yoast SEO plugin. -->","yoast_head_json":{"title":"SKA630 &#8211; Ragnar St\u00e5lskog","description":"Verktygssats f\u00f6r jordning av ber\u00f6ringss\u00e4kert kabelavslut SKA 630 II Verktygssats typ SKA 630 II \u00e4r avsedd f\u00f6r jordning av h\u00f6gsp\u00e4nningskabelsk\u00e5p med","robots":{"index":"index","follow":"follow","max-snippet":"max-snippet:-1","max-image-preview":"max-image-preview:large","max-video-preview":"max-video-preview:-1"},"canonical":"https:\/\/www.stalskog.se\/en\/produkt\/ska630\/","og_locale":"en_US","og_type":"article","og_title":"SKA630 &#8211; Ragnar St\u00e5lskog","og_description":"Verktygssats f\u00f6r jordning av ber\u00f6ringss\u00e4kert kabelavslut SKA 630 II Verktygssats typ SKA 630 II \u00e4r avsedd f\u00f6r jordning av h\u00f6gsp\u00e4nningskabelsk\u00e5p med","og_url":"https:\/\/www.stalskog.se\/en\/produkt\/ska630\/","og_site_name":"Ragnar St\u00e5lskog","article_modified_time":"2024-10-21T08:10:23+00:00","og_image":[{"width":290,"height":300,"url":"https:\/\/www.stalskog.se\/wp-content\/uploads\/2022\/04\/ska630_iii_norm.png","type":"image\/png"}],"twitter_card":"summary_large_image","schema":{"@context":"https:\/\/schema.org","@graph":[{"@type":"WebPage","@id":"https:\/\/www.stalskog.se\/en\/produkt\/ska630\/","url":"https:\/\/www.stalskog.se\/en\/produkt\/ska630\/","name":"SKA630 &#8211; Ragnar St\u00e5lskog","isPartOf":{"@id":"https:\/\/www.stalskog.se\/en\/#website"},"primaryImageOfPage":{"@id":"https:\/\/www.stalskog.se\/en\/produkt\/ska630\/#primaryimage"},"image":{"@id":"https:\/\/www.stalskog.se\/en\/produkt\/ska630\/#primaryimage"},"thumbnailUrl":"https:\/\/www.stalskog.se\/wp-content\/uploads\/2022\/04\/ska630_iii_norm.png","datePublished":"2022-04-28T11:28:53+00:00","dateModified":"2024-10-21T08:10:23+00:00","description":"Verktygssats f\u00f6r jordning av ber\u00f6ringss\u00e4kert kabelavslut SKA 630 II Verktygssats typ SKA 630 II \u00e4r avsedd f\u00f6r jordning av h\u00f6gsp\u00e4nningskabelsk\u00e5p med","breadcrumb":{"@id":"https:\/\/www.stalskog.se\/en\/produkt\/ska630\/#breadcrumb"},"inLanguage":"en-US","potentialAction":[{"@type":"ReadAction","target":["https:\/\/www.stalskog.se\/en\/produkt\/ska630\/"]}]},{"@type":"ImageObject","inLanguage":"en-US","@id":"https:\/\/www.stalskog.se\/en\/produkt\/ska630\/#primaryimage","url":"https:\/\/www.stalskog.se\/wp-content\/uploads\/2022\/04\/ska630_iii_norm.png","contentUrl":"https:\/\/www.stalskog.se\/wp-content\/uploads\/2022\/04\/ska630_iii_norm.png","width":290,"height":300},{"@type":"BreadcrumbList","@id":"https:\/\/www.stalskog.se\/en\/produkt\/ska630\/#breadcrumb","itemListElement":[{"@type":"ListItem","position":1,"name":"Hem","item":"https:\/\/www.stalskog.se\/en\/"},{"@type":"ListItem","position":2,"name":"Produkter","item":"https:\/\/www.stalskog.se\/?page_id=3235"},{"@type":"ListItem","position":3,"name":"1. Switchgear","item":"https:\/\/www.stalskog.se\/en\/category\/switchgear\/"},{"@type":"ListItem","position":4,"name":"SKA630"}]},{"@type":"WebSite","@id":"https:\/\/www.stalskog.se\/en\/#website","url":"https:\/\/www.stalskog.se\/en\/","name":"Ragnar St\u00e5lskog","description":"","publisher":{"@id":"https:\/\/www.stalskog.se\/en\/#organization"},"potentialAction":[{"@type":"SearchAction","target":{"@type":"EntryPoint","urlTemplate":"https:\/\/www.stalskog.se\/en\/?s={search_term_string}"},"query-input":{"@type":"PropertyValueSpecification","valueRequired":true,"valueName":"search_term_string"}}],"inLanguage":"en-US"},{"@type":"Organization","@id":"https:\/\/www.stalskog.se\/en\/#organization","name":"Ragnar St\u00e5lskog","url":"https:\/\/www.stalskog.se\/en\/","logo":{"@type":"ImageObject","inLanguage":"en-US","@id":"https:\/\/www.stalskog.se\/en\/#\/schema\/logo\/image\/","url":"https:\/\/www.stalskog.se\/wp-content\/uploads\/2022\/03\/logo_o.png","contentUrl":"https:\/\/www.stalskog.se\/wp-content\/uploads\/2022\/03\/logo_o.png","width":410,"height":99,"caption":"Ragnar St\u00e5lskog"},"image":{"@id":"https:\/\/www.stalskog.se\/en\/#\/schema\/logo\/image\/"}}]}},"_links":{"self":[{"href":"https:\/\/www.stalskog.se\/en\/wp-json\/wp\/v2\/product\/4476","targetHints":{"allow":["GET"]}}],"collection":[{"href":"https:\/\/www.stalskog.se\/en\/wp-json\/wp\/v2\/product"}],"about":[{"href":"https:\/\/www.stalskog.se\/en\/wp-json\/wp\/v2\/types\/product"}],"replies":[{"embeddable":true,"href":"https:\/\/www.stalskog.se\/en\/wp-json\/wp\/v2\/comments?post=4476"}],"wp:featuredmedia":[{"embeddable":true,"href":"https:\/\/www.stalskog.se\/en\/wp-json\/wp\/v2\/media\/4477"}],"wp:attachment":[{"href":"https:\/\/www.stalskog.se\/en\/wp-json\/wp\/v2\/media?parent=4476"}],"wp:term":[{"taxonomy":"product_brand","embeddable":true,"href":"https:\/\/www.stalskog.se\/en\/wp-json\/wp\/v2\/product_brand?post=4476"},{"taxonomy":"product_cat","embeddable":true,"href":"https:\/\/www.stalskog.se\/en\/wp-json\/wp\/v2\/product_cat?post=4476"},{"taxonomy":"product_tag","embeddable":true,"href":"https:\/\/www.stalskog.se\/en\/wp-json\/wp\/v2\/product_tag?post=4476"}],"curies":[{"name":"wp","href":"https:\/\/api.w.org\/{rel}","templated":true}]}}