{"id":5093,"date":"2022-05-03T13:21:47","date_gmt":"2022-05-03T13:21:47","guid":{"rendered":"https:\/\/www.stalskog.se\/produkt\/3-phase-jk27-x1-jk250\/"},"modified":"2025-08-25T14:23:16","modified_gmt":"2025-08-25T14:23:16","slug":"3-phase-jk27-x1-jk250","status":"publish","type":"product","link":"https:\/\/www.stalskog.se\/en\/produkt\/3-phase-jk27-x1-jk250\/","title":{"rendered":"3-phase JK27-X1-JK250"},"content":{"rendered":"<p>3-phase earthing device<\/p>\n<p>Ref. SS 428 91 01, SS-EN 61230<br \/>\nConductor clamp JK 27 is connected to ball bolt \u00d8 20, \u00d8 25, \u00d8 30, T-bolt, rail 1-25 mm, rope\/pipe \u00d8 6-25 mm. To operate the clamp, insulating rods MGV, MDV\/MSV and grip locators JGS are used.<br \/>\nThe conductive parts of the clamp are made of aluminum bronze. Steel parts are made of stainless steel. The wire rope is connected to the clamp with cable lug and M8 (25-50mm2) \/ M12 (70-95 mm2) screw connection. For the 95 mm2 wire rope, the JFG 4 branch piece is used (see JK27-X-JK250).<br \/>\nThe cable is made of highly flexible ESTPR-insulated copper conductor and is equipped with tight cable connections, which prevent moisture penetration into the cable. The sheath of the branch piece (JFG 4L) is made of insulating plastic.<br \/>\nEarth clamp JK 250 is used, among other things, on steel structures with a maximum thickness of 30 mm. 30 mm and is also approved for use on painted surfaces. The screw of this clamp is provided with insulation to prevent the passage of current.   <\/p>\n","protected":false},"excerpt":{"rendered":"<p>3-phase earthing device Ref. SS 428 91 01, SS-EN 61230 Conductor clamp JK 27 is connected to ball bolt \u00d8 20, \u00d8 25, \u00d8 30, T-bolt, rail 1-25 mm, rope\/pipe \u00d8 6-25 mm. To operate the clamp, insulating rods MGV, MDV\/MSV and grip locators JGS are used. The conductive parts of the clamp are made [&hellip;]<\/p>\n","protected":false},"featured_media":5090,"comment_status":"closed","ping_status":"closed","template":"","meta":{"_acf_changed":false},"product_brand":[],"product_cat":[62,141],"product_tag":[],"class_list":{"0":"post-5093","1":"product","2":"type-product","3":"status-publish","4":"has-post-thumbnail","6":"product_cat-switchgear","7":"product_cat-3-phase","9":"first","10":"instock","11":"shipping-taxable","12":"product-type-simple"},"acf":[],"yoast_head":"<!-- This site is optimized with the Yoast SEO plugin v27.5 - https:\/\/yoast.com\/product\/yoast-seo-wordpress\/ -->\n<title>3-phase JK27-X1-JK250 &#8211; Ragnar St\u00e5lskog<\/title>\n<meta name=\"description\" content=\"3-phase earthing device Ref. SS 428 91 01, SS-EN 61230 Conductor clamp JK 27 is connected to ball bolt \u00d8 20, \u00d8 25, \u00d8 30, T-bolt, rail 1-25 mm, rope\/pipe \u00d8\" \/>\n<meta name=\"robots\" content=\"index, follow, max-snippet:-1, max-image-preview:large, max-video-preview:-1\" \/>\n<link rel=\"canonical\" href=\"https:\/\/www.stalskog.se\/en\/produkt\/3-phase-jk27-x1-jk250\/\" \/>\n<meta property=\"og:locale\" content=\"en_US\" \/>\n<meta property=\"og:type\" content=\"article\" \/>\n<meta property=\"og:title\" content=\"3-phase JK27-X1-JK250 &#8211; Ragnar St\u00e5lskog\" \/>\n<meta property=\"og:description\" content=\"3-phase earthing device Ref. SS 428 91 01, SS-EN 61230 Conductor clamp JK 27 is connected to ball bolt \u00d8 20, \u00d8 25, \u00d8 30, T-bolt, rail 1-25 mm, rope\/pipe \u00d8\" \/>\n<meta property=\"og:url\" content=\"https:\/\/www.stalskog.se\/en\/produkt\/3-phase-jk27-x1-jk250\/\" \/>\n<meta property=\"og:site_name\" content=\"Ragnar St\u00e5lskog\" \/>\n<meta property=\"article:modified_time\" content=\"2025-08-25T14:23:16+00:00\" \/>\n<meta property=\"og:image\" content=\"https:\/\/www.stalskog.se\/wp-content\/uploads\/2022\/05\/jk27-x1-jk250.jpg\" \/>\n\t<meta property=\"og:image:width\" content=\"244\" \/>\n\t<meta property=\"og:image:height\" content=\"540\" \/>\n\t<meta property=\"og:image:type\" content=\"image\/jpeg\" \/>\n<meta name=\"twitter:card\" content=\"summary_large_image\" \/>\n<meta name=\"twitter:label1\" content=\"Est. reading time\" \/>\n\t<meta name=\"twitter:data1\" content=\"1 minute\" \/>\n<script type=\"application\/ld+json\" class=\"yoast-schema-graph\">{\"@context\":\"https:\\\/\\\/schema.org\",\"@graph\":[{\"@type\":\"WebPage\",\"@id\":\"https:\\\/\\\/www.stalskog.se\\\/en\\\/produkt\\\/3-phase-jk27-x1-jk250\\\/\",\"url\":\"https:\\\/\\\/www.stalskog.se\\\/en\\\/produkt\\\/3-phase-jk27-x1-jk250\\\/\",\"name\":\"3-phase JK27-X1-JK250 &#8211; Ragnar St\u00e5lskog\",\"isPartOf\":{\"@id\":\"https:\\\/\\\/www.stalskog.se\\\/en\\\/#website\"},\"primaryImageOfPage\":{\"@id\":\"https:\\\/\\\/www.stalskog.se\\\/en\\\/produkt\\\/3-phase-jk27-x1-jk250\\\/#primaryimage\"},\"image\":{\"@id\":\"https:\\\/\\\/www.stalskog.se\\\/en\\\/produkt\\\/3-phase-jk27-x1-jk250\\\/#primaryimage\"},\"thumbnailUrl\":\"https:\\\/\\\/www.stalskog.se\\\/wp-content\\\/uploads\\\/2022\\\/05\\\/jk27-x1-jk250.jpg\",\"datePublished\":\"2022-05-03T13:21:47+00:00\",\"dateModified\":\"2025-08-25T14:23:16+00:00\",\"description\":\"3-phase earthing device Ref. SS 428 91 01, SS-EN 61230 Conductor clamp JK 27 is connected to ball bolt \u00d8 20, \u00d8 25, \u00d8 30, T-bolt, rail 1-25 mm, rope\\\/pipe \u00d8\",\"breadcrumb\":{\"@id\":\"https:\\\/\\\/www.stalskog.se\\\/en\\\/produkt\\\/3-phase-jk27-x1-jk250\\\/#breadcrumb\"},\"inLanguage\":\"en-US\",\"potentialAction\":[{\"@type\":\"ReadAction\",\"target\":[\"https:\\\/\\\/www.stalskog.se\\\/en\\\/produkt\\\/3-phase-jk27-x1-jk250\\\/\"]}]},{\"@type\":\"ImageObject\",\"inLanguage\":\"en-US\",\"@id\":\"https:\\\/\\\/www.stalskog.se\\\/en\\\/produkt\\\/3-phase-jk27-x1-jk250\\\/#primaryimage\",\"url\":\"https:\\\/\\\/www.stalskog.se\\\/wp-content\\\/uploads\\\/2022\\\/05\\\/jk27-x1-jk250.jpg\",\"contentUrl\":\"https:\\\/\\\/www.stalskog.se\\\/wp-content\\\/uploads\\\/2022\\\/05\\\/jk27-x1-jk250.jpg\",\"width\":244,\"height\":540},{\"@type\":\"BreadcrumbList\",\"@id\":\"https:\\\/\\\/www.stalskog.se\\\/en\\\/produkt\\\/3-phase-jk27-x1-jk250\\\/#breadcrumb\",\"itemListElement\":[{\"@type\":\"ListItem\",\"position\":1,\"name\":\"Hem\",\"item\":\"https:\\\/\\\/www.stalskog.se\\\/en\\\/\"},{\"@type\":\"ListItem\",\"position\":2,\"name\":\"Produkter\",\"item\":\"https:\\\/\\\/www.stalskog.se\\\/?page_id=3235\"},{\"@type\":\"ListItem\",\"position\":3,\"name\":\"1. Switchgear\",\"item\":\"https:\\\/\\\/www.stalskog.se\\\/en\\\/category\\\/switchgear\\\/\"},{\"@type\":\"ListItem\",\"position\":4,\"name\":\"3-phase JK27-X1-JK250\"}]},{\"@type\":\"WebSite\",\"@id\":\"https:\\\/\\\/www.stalskog.se\\\/en\\\/#website\",\"url\":\"https:\\\/\\\/www.stalskog.se\\\/en\\\/\",\"name\":\"Ragnar St\u00e5lskog\",\"description\":\"\",\"publisher\":{\"@id\":\"https:\\\/\\\/www.stalskog.se\\\/en\\\/#organization\"},\"potentialAction\":[{\"@type\":\"SearchAction\",\"target\":{\"@type\":\"EntryPoint\",\"urlTemplate\":\"https:\\\/\\\/www.stalskog.se\\\/en\\\/?s={search_term_string}\"},\"query-input\":{\"@type\":\"PropertyValueSpecification\",\"valueRequired\":true,\"valueName\":\"search_term_string\"}}],\"inLanguage\":\"en-US\"},{\"@type\":\"Organization\",\"@id\":\"https:\\\/\\\/www.stalskog.se\\\/en\\\/#organization\",\"name\":\"Ragnar St\u00e5lskog\",\"url\":\"https:\\\/\\\/www.stalskog.se\\\/en\\\/\",\"logo\":{\"@type\":\"ImageObject\",\"inLanguage\":\"en-US\",\"@id\":\"https:\\\/\\\/www.stalskog.se\\\/en\\\/#\\\/schema\\\/logo\\\/image\\\/\",\"url\":\"https:\\\/\\\/www.stalskog.se\\\/wp-content\\\/uploads\\\/2022\\\/03\\\/logo_o.png\",\"contentUrl\":\"https:\\\/\\\/www.stalskog.se\\\/wp-content\\\/uploads\\\/2022\\\/03\\\/logo_o.png\",\"width\":410,\"height\":99,\"caption\":\"Ragnar St\u00e5lskog\"},\"image\":{\"@id\":\"https:\\\/\\\/www.stalskog.se\\\/en\\\/#\\\/schema\\\/logo\\\/image\\\/\"}}]}<\/script>\n<!-- \/ Yoast SEO plugin. -->","yoast_head_json":{"title":"3-phase JK27-X1-JK250 &#8211; Ragnar St\u00e5lskog","description":"3-phase earthing device Ref. SS 428 91 01, SS-EN 61230 Conductor clamp JK 27 is connected to ball bolt \u00d8 20, \u00d8 25, \u00d8 30, T-bolt, rail 1-25 mm, rope\/pipe \u00d8","robots":{"index":"index","follow":"follow","max-snippet":"max-snippet:-1","max-image-preview":"max-image-preview:large","max-video-preview":"max-video-preview:-1"},"canonical":"https:\/\/www.stalskog.se\/en\/produkt\/3-phase-jk27-x1-jk250\/","og_locale":"en_US","og_type":"article","og_title":"3-phase JK27-X1-JK250 &#8211; Ragnar St\u00e5lskog","og_description":"3-phase earthing device Ref. SS 428 91 01, SS-EN 61230 Conductor clamp JK 27 is connected to ball bolt \u00d8 20, \u00d8 25, \u00d8 30, T-bolt, rail 1-25 mm, rope\/pipe \u00d8","og_url":"https:\/\/www.stalskog.se\/en\/produkt\/3-phase-jk27-x1-jk250\/","og_site_name":"Ragnar St\u00e5lskog","article_modified_time":"2025-08-25T14:23:16+00:00","og_image":[{"width":244,"height":540,"url":"https:\/\/www.stalskog.se\/wp-content\/uploads\/2022\/05\/jk27-x1-jk250.jpg","type":"image\/jpeg"}],"twitter_card":"summary_large_image","twitter_misc":{"Est. reading time":"1 minute"},"schema":{"@context":"https:\/\/schema.org","@graph":[{"@type":"WebPage","@id":"https:\/\/www.stalskog.se\/en\/produkt\/3-phase-jk27-x1-jk250\/","url":"https:\/\/www.stalskog.se\/en\/produkt\/3-phase-jk27-x1-jk250\/","name":"3-phase JK27-X1-JK250 &#8211; Ragnar St\u00e5lskog","isPartOf":{"@id":"https:\/\/www.stalskog.se\/en\/#website"},"primaryImageOfPage":{"@id":"https:\/\/www.stalskog.se\/en\/produkt\/3-phase-jk27-x1-jk250\/#primaryimage"},"image":{"@id":"https:\/\/www.stalskog.se\/en\/produkt\/3-phase-jk27-x1-jk250\/#primaryimage"},"thumbnailUrl":"https:\/\/www.stalskog.se\/wp-content\/uploads\/2022\/05\/jk27-x1-jk250.jpg","datePublished":"2022-05-03T13:21:47+00:00","dateModified":"2025-08-25T14:23:16+00:00","description":"3-phase earthing device Ref. SS 428 91 01, SS-EN 61230 Conductor clamp JK 27 is connected to ball bolt \u00d8 20, \u00d8 25, \u00d8 30, T-bolt, rail 1-25 mm, rope\/pipe \u00d8","breadcrumb":{"@id":"https:\/\/www.stalskog.se\/en\/produkt\/3-phase-jk27-x1-jk250\/#breadcrumb"},"inLanguage":"en-US","potentialAction":[{"@type":"ReadAction","target":["https:\/\/www.stalskog.se\/en\/produkt\/3-phase-jk27-x1-jk250\/"]}]},{"@type":"ImageObject","inLanguage":"en-US","@id":"https:\/\/www.stalskog.se\/en\/produkt\/3-phase-jk27-x1-jk250\/#primaryimage","url":"https:\/\/www.stalskog.se\/wp-content\/uploads\/2022\/05\/jk27-x1-jk250.jpg","contentUrl":"https:\/\/www.stalskog.se\/wp-content\/uploads\/2022\/05\/jk27-x1-jk250.jpg","width":244,"height":540},{"@type":"BreadcrumbList","@id":"https:\/\/www.stalskog.se\/en\/produkt\/3-phase-jk27-x1-jk250\/#breadcrumb","itemListElement":[{"@type":"ListItem","position":1,"name":"Hem","item":"https:\/\/www.stalskog.se\/en\/"},{"@type":"ListItem","position":2,"name":"Produkter","item":"https:\/\/www.stalskog.se\/?page_id=3235"},{"@type":"ListItem","position":3,"name":"1. Switchgear","item":"https:\/\/www.stalskog.se\/en\/category\/switchgear\/"},{"@type":"ListItem","position":4,"name":"3-phase JK27-X1-JK250"}]},{"@type":"WebSite","@id":"https:\/\/www.stalskog.se\/en\/#website","url":"https:\/\/www.stalskog.se\/en\/","name":"Ragnar St\u00e5lskog","description":"","publisher":{"@id":"https:\/\/www.stalskog.se\/en\/#organization"},"potentialAction":[{"@type":"SearchAction","target":{"@type":"EntryPoint","urlTemplate":"https:\/\/www.stalskog.se\/en\/?s={search_term_string}"},"query-input":{"@type":"PropertyValueSpecification","valueRequired":true,"valueName":"search_term_string"}}],"inLanguage":"en-US"},{"@type":"Organization","@id":"https:\/\/www.stalskog.se\/en\/#organization","name":"Ragnar St\u00e5lskog","url":"https:\/\/www.stalskog.se\/en\/","logo":{"@type":"ImageObject","inLanguage":"en-US","@id":"https:\/\/www.stalskog.se\/en\/#\/schema\/logo\/image\/","url":"https:\/\/www.stalskog.se\/wp-content\/uploads\/2022\/03\/logo_o.png","contentUrl":"https:\/\/www.stalskog.se\/wp-content\/uploads\/2022\/03\/logo_o.png","width":410,"height":99,"caption":"Ragnar St\u00e5lskog"},"image":{"@id":"https:\/\/www.stalskog.se\/en\/#\/schema\/logo\/image\/"}}]}},"_links":{"self":[{"href":"https:\/\/www.stalskog.se\/en\/wp-json\/wp\/v2\/product\/5093","targetHints":{"allow":["GET"]}}],"collection":[{"href":"https:\/\/www.stalskog.se\/en\/wp-json\/wp\/v2\/product"}],"about":[{"href":"https:\/\/www.stalskog.se\/en\/wp-json\/wp\/v2\/types\/product"}],"replies":[{"embeddable":true,"href":"https:\/\/www.stalskog.se\/en\/wp-json\/wp\/v2\/comments?post=5093"}],"wp:featuredmedia":[{"embeddable":true,"href":"https:\/\/www.stalskog.se\/en\/wp-json\/wp\/v2\/media\/5090"}],"wp:attachment":[{"href":"https:\/\/www.stalskog.se\/en\/wp-json\/wp\/v2\/media?parent=5093"}],"wp:term":[{"taxonomy":"product_brand","embeddable":true,"href":"https:\/\/www.stalskog.se\/en\/wp-json\/wp\/v2\/product_brand?post=5093"},{"taxonomy":"product_cat","embeddable":true,"href":"https:\/\/www.stalskog.se\/en\/wp-json\/wp\/v2\/product_cat?post=5093"},{"taxonomy":"product_tag","embeddable":true,"href":"https:\/\/www.stalskog.se\/en\/wp-json\/wp\/v2\/product_tag?post=5093"}],"curies":[{"name":"wp","href":"https:\/\/api.w.org\/{rel}","templated":true}]}}