{"id":5101,"date":"2022-05-03T13:26:04","date_gmt":"2022-05-03T13:26:04","guid":{"rendered":"https:\/\/www.stalskog.se\/produkt\/3-phase-jk27-x1-dxm\/"},"modified":"2025-08-25T14:23:17","modified_gmt":"2025-08-25T14:23:17","slug":"3-phase-jk27-x1-dxm","status":"publish","type":"product","link":"https:\/\/www.stalskog.se\/en\/produkt\/3-phase-jk27-x1-dxm\/","title":{"rendered":"3-phase JK27-X1-DXM"},"content":{"rendered":"<p>3-phase earthing device<\/p>\n<p>Ref. SS 428 91 01, SS-EN 61230<br \/>\nConductor clamp JK 27 is connected to ball bolt \u00d8 20, \u00d8 25, \u00d8 30, T-bolt, rail 1-25 mm, rope\/pipe \u00d8 6-25 mm. To operate the clamp, insulating rods MGV, MDV\/MSV and grip locators JGS are used.<br \/>\nThe conductive parts of the clamp are made of aluminum bronze. Steel parts are made of stainless steel. The cable is connected to the clamp with cable lug and M8 (25-50mm2) \/ M12 (70 mm2) screw connection.<br \/>\nThe cable is made of highly flexible ESTPR-insulated copper conductor and provided with tight cable connections, which prevents moisture penetration into the cable.<br \/>\nThe housing of the branch piece (JFG 4L) is made of insulating plastic. DXM is a bayonet type splice for connecting alternative earthing clamps with splice DXF (see JK27V-DXF).    <\/p>\n","protected":false},"excerpt":{"rendered":"<p>3-phase earthing device Ref. SS 428 91 01, SS-EN 61230 Conductor clamp JK 27 is connected to ball bolt \u00d8 20, \u00d8 25, \u00d8 30, T-bolt, rail 1-25 mm, rope\/pipe \u00d8 6-25 mm. To operate the clamp, insulating rods MGV, MDV\/MSV and grip locators JGS are used. The conductive parts of the clamp are made [&hellip;]<\/p>\n","protected":false},"featured_media":5098,"comment_status":"closed","ping_status":"closed","template":"","meta":{"_acf_changed":false},"product_brand":[],"product_cat":[62,141],"product_tag":[],"class_list":{"0":"post-5101","1":"product","2":"type-product","3":"status-publish","4":"has-post-thumbnail","6":"product_cat-switchgear","7":"product_cat-3-phase","9":"first","10":"instock","11":"shipping-taxable","12":"product-type-simple"},"acf":[],"yoast_head":"<!-- This site is optimized with the Yoast SEO plugin v27.5 - https:\/\/yoast.com\/product\/yoast-seo-wordpress\/ -->\n<title>3-phase JK27-X1-DXM &#8211; Ragnar St\u00e5lskog<\/title>\n<meta name=\"description\" content=\"3-phase earthing device Ref. SS 428 91 01, SS-EN 61230 Conductor clamp JK 27 is connected to ball bolt \u00d8 20, \u00d8 25, \u00d8 30, T-bolt, rail 1-25 mm, rope\/pipe \u00d8\" \/>\n<meta name=\"robots\" content=\"index, follow, max-snippet:-1, max-image-preview:large, max-video-preview:-1\" \/>\n<link rel=\"canonical\" href=\"https:\/\/www.stalskog.se\/en\/produkt\/3-phase-jk27-x1-dxm\/\" \/>\n<meta property=\"og:locale\" content=\"en_US\" \/>\n<meta property=\"og:type\" content=\"article\" \/>\n<meta property=\"og:title\" content=\"3-phase JK27-X1-DXM &#8211; Ragnar St\u00e5lskog\" \/>\n<meta property=\"og:description\" content=\"3-phase earthing device Ref. SS 428 91 01, SS-EN 61230 Conductor clamp JK 27 is connected to ball bolt \u00d8 20, \u00d8 25, \u00d8 30, T-bolt, rail 1-25 mm, rope\/pipe \u00d8\" \/>\n<meta property=\"og:url\" content=\"https:\/\/www.stalskog.se\/en\/produkt\/3-phase-jk27-x1-dxm\/\" \/>\n<meta property=\"og:site_name\" content=\"Ragnar St\u00e5lskog\" \/>\n<meta property=\"article:modified_time\" content=\"2025-08-25T14:23:17+00:00\" \/>\n<meta property=\"og:image\" content=\"https:\/\/www.stalskog.se\/wp-content\/uploads\/2022\/05\/jk27-x1-dxm.jpg\" \/>\n\t<meta property=\"og:image:width\" content=\"236\" \/>\n\t<meta property=\"og:image:height\" content=\"550\" \/>\n\t<meta property=\"og:image:type\" content=\"image\/jpeg\" \/>\n<meta name=\"twitter:card\" content=\"summary_large_image\" \/>\n<meta name=\"twitter:label1\" content=\"Est. reading time\" \/>\n\t<meta name=\"twitter:data1\" content=\"1 minute\" \/>\n<script type=\"application\/ld+json\" class=\"yoast-schema-graph\">{\"@context\":\"https:\\\/\\\/schema.org\",\"@graph\":[{\"@type\":\"WebPage\",\"@id\":\"https:\\\/\\\/www.stalskog.se\\\/en\\\/produkt\\\/3-phase-jk27-x1-dxm\\\/\",\"url\":\"https:\\\/\\\/www.stalskog.se\\\/en\\\/produkt\\\/3-phase-jk27-x1-dxm\\\/\",\"name\":\"3-phase JK27-X1-DXM &#8211; Ragnar St\u00e5lskog\",\"isPartOf\":{\"@id\":\"https:\\\/\\\/www.stalskog.se\\\/en\\\/#website\"},\"primaryImageOfPage\":{\"@id\":\"https:\\\/\\\/www.stalskog.se\\\/en\\\/produkt\\\/3-phase-jk27-x1-dxm\\\/#primaryimage\"},\"image\":{\"@id\":\"https:\\\/\\\/www.stalskog.se\\\/en\\\/produkt\\\/3-phase-jk27-x1-dxm\\\/#primaryimage\"},\"thumbnailUrl\":\"https:\\\/\\\/www.stalskog.se\\\/wp-content\\\/uploads\\\/2022\\\/05\\\/jk27-x1-dxm.jpg\",\"datePublished\":\"2022-05-03T13:26:04+00:00\",\"dateModified\":\"2025-08-25T14:23:17+00:00\",\"description\":\"3-phase earthing device Ref. SS 428 91 01, SS-EN 61230 Conductor clamp JK 27 is connected to ball bolt \u00d8 20, \u00d8 25, \u00d8 30, T-bolt, rail 1-25 mm, rope\\\/pipe \u00d8\",\"breadcrumb\":{\"@id\":\"https:\\\/\\\/www.stalskog.se\\\/en\\\/produkt\\\/3-phase-jk27-x1-dxm\\\/#breadcrumb\"},\"inLanguage\":\"en-US\",\"potentialAction\":[{\"@type\":\"ReadAction\",\"target\":[\"https:\\\/\\\/www.stalskog.se\\\/en\\\/produkt\\\/3-phase-jk27-x1-dxm\\\/\"]}]},{\"@type\":\"ImageObject\",\"inLanguage\":\"en-US\",\"@id\":\"https:\\\/\\\/www.stalskog.se\\\/en\\\/produkt\\\/3-phase-jk27-x1-dxm\\\/#primaryimage\",\"url\":\"https:\\\/\\\/www.stalskog.se\\\/wp-content\\\/uploads\\\/2022\\\/05\\\/jk27-x1-dxm.jpg\",\"contentUrl\":\"https:\\\/\\\/www.stalskog.se\\\/wp-content\\\/uploads\\\/2022\\\/05\\\/jk27-x1-dxm.jpg\",\"width\":236,\"height\":550},{\"@type\":\"BreadcrumbList\",\"@id\":\"https:\\\/\\\/www.stalskog.se\\\/en\\\/produkt\\\/3-phase-jk27-x1-dxm\\\/#breadcrumb\",\"itemListElement\":[{\"@type\":\"ListItem\",\"position\":1,\"name\":\"Hem\",\"item\":\"https:\\\/\\\/www.stalskog.se\\\/en\\\/\"},{\"@type\":\"ListItem\",\"position\":2,\"name\":\"Produkter\",\"item\":\"https:\\\/\\\/www.stalskog.se\\\/?page_id=3235\"},{\"@type\":\"ListItem\",\"position\":3,\"name\":\"1. Switchgear\",\"item\":\"https:\\\/\\\/www.stalskog.se\\\/en\\\/category\\\/switchgear\\\/\"},{\"@type\":\"ListItem\",\"position\":4,\"name\":\"3-phase JK27-X1-DXM\"}]},{\"@type\":\"WebSite\",\"@id\":\"https:\\\/\\\/www.stalskog.se\\\/en\\\/#website\",\"url\":\"https:\\\/\\\/www.stalskog.se\\\/en\\\/\",\"name\":\"Ragnar St\u00e5lskog\",\"description\":\"\",\"publisher\":{\"@id\":\"https:\\\/\\\/www.stalskog.se\\\/en\\\/#organization\"},\"potentialAction\":[{\"@type\":\"SearchAction\",\"target\":{\"@type\":\"EntryPoint\",\"urlTemplate\":\"https:\\\/\\\/www.stalskog.se\\\/en\\\/?s={search_term_string}\"},\"query-input\":{\"@type\":\"PropertyValueSpecification\",\"valueRequired\":true,\"valueName\":\"search_term_string\"}}],\"inLanguage\":\"en-US\"},{\"@type\":\"Organization\",\"@id\":\"https:\\\/\\\/www.stalskog.se\\\/en\\\/#organization\",\"name\":\"Ragnar St\u00e5lskog\",\"url\":\"https:\\\/\\\/www.stalskog.se\\\/en\\\/\",\"logo\":{\"@type\":\"ImageObject\",\"inLanguage\":\"en-US\",\"@id\":\"https:\\\/\\\/www.stalskog.se\\\/en\\\/#\\\/schema\\\/logo\\\/image\\\/\",\"url\":\"https:\\\/\\\/www.stalskog.se\\\/wp-content\\\/uploads\\\/2022\\\/03\\\/logo_o.png\",\"contentUrl\":\"https:\\\/\\\/www.stalskog.se\\\/wp-content\\\/uploads\\\/2022\\\/03\\\/logo_o.png\",\"width\":410,\"height\":99,\"caption\":\"Ragnar St\u00e5lskog\"},\"image\":{\"@id\":\"https:\\\/\\\/www.stalskog.se\\\/en\\\/#\\\/schema\\\/logo\\\/image\\\/\"}}]}<\/script>\n<!-- \/ Yoast SEO plugin. -->","yoast_head_json":{"title":"3-phase JK27-X1-DXM &#8211; Ragnar St\u00e5lskog","description":"3-phase earthing device Ref. SS 428 91 01, SS-EN 61230 Conductor clamp JK 27 is connected to ball bolt \u00d8 20, \u00d8 25, \u00d8 30, T-bolt, rail 1-25 mm, rope\/pipe \u00d8","robots":{"index":"index","follow":"follow","max-snippet":"max-snippet:-1","max-image-preview":"max-image-preview:large","max-video-preview":"max-video-preview:-1"},"canonical":"https:\/\/www.stalskog.se\/en\/produkt\/3-phase-jk27-x1-dxm\/","og_locale":"en_US","og_type":"article","og_title":"3-phase JK27-X1-DXM &#8211; Ragnar St\u00e5lskog","og_description":"3-phase earthing device Ref. SS 428 91 01, SS-EN 61230 Conductor clamp JK 27 is connected to ball bolt \u00d8 20, \u00d8 25, \u00d8 30, T-bolt, rail 1-25 mm, rope\/pipe \u00d8","og_url":"https:\/\/www.stalskog.se\/en\/produkt\/3-phase-jk27-x1-dxm\/","og_site_name":"Ragnar St\u00e5lskog","article_modified_time":"2025-08-25T14:23:17+00:00","og_image":[{"width":236,"height":550,"url":"https:\/\/www.stalskog.se\/wp-content\/uploads\/2022\/05\/jk27-x1-dxm.jpg","type":"image\/jpeg"}],"twitter_card":"summary_large_image","twitter_misc":{"Est. reading time":"1 minute"},"schema":{"@context":"https:\/\/schema.org","@graph":[{"@type":"WebPage","@id":"https:\/\/www.stalskog.se\/en\/produkt\/3-phase-jk27-x1-dxm\/","url":"https:\/\/www.stalskog.se\/en\/produkt\/3-phase-jk27-x1-dxm\/","name":"3-phase JK27-X1-DXM &#8211; Ragnar St\u00e5lskog","isPartOf":{"@id":"https:\/\/www.stalskog.se\/en\/#website"},"primaryImageOfPage":{"@id":"https:\/\/www.stalskog.se\/en\/produkt\/3-phase-jk27-x1-dxm\/#primaryimage"},"image":{"@id":"https:\/\/www.stalskog.se\/en\/produkt\/3-phase-jk27-x1-dxm\/#primaryimage"},"thumbnailUrl":"https:\/\/www.stalskog.se\/wp-content\/uploads\/2022\/05\/jk27-x1-dxm.jpg","datePublished":"2022-05-03T13:26:04+00:00","dateModified":"2025-08-25T14:23:17+00:00","description":"3-phase earthing device Ref. SS 428 91 01, SS-EN 61230 Conductor clamp JK 27 is connected to ball bolt \u00d8 20, \u00d8 25, \u00d8 30, T-bolt, rail 1-25 mm, rope\/pipe \u00d8","breadcrumb":{"@id":"https:\/\/www.stalskog.se\/en\/produkt\/3-phase-jk27-x1-dxm\/#breadcrumb"},"inLanguage":"en-US","potentialAction":[{"@type":"ReadAction","target":["https:\/\/www.stalskog.se\/en\/produkt\/3-phase-jk27-x1-dxm\/"]}]},{"@type":"ImageObject","inLanguage":"en-US","@id":"https:\/\/www.stalskog.se\/en\/produkt\/3-phase-jk27-x1-dxm\/#primaryimage","url":"https:\/\/www.stalskog.se\/wp-content\/uploads\/2022\/05\/jk27-x1-dxm.jpg","contentUrl":"https:\/\/www.stalskog.se\/wp-content\/uploads\/2022\/05\/jk27-x1-dxm.jpg","width":236,"height":550},{"@type":"BreadcrumbList","@id":"https:\/\/www.stalskog.se\/en\/produkt\/3-phase-jk27-x1-dxm\/#breadcrumb","itemListElement":[{"@type":"ListItem","position":1,"name":"Hem","item":"https:\/\/www.stalskog.se\/en\/"},{"@type":"ListItem","position":2,"name":"Produkter","item":"https:\/\/www.stalskog.se\/?page_id=3235"},{"@type":"ListItem","position":3,"name":"1. Switchgear","item":"https:\/\/www.stalskog.se\/en\/category\/switchgear\/"},{"@type":"ListItem","position":4,"name":"3-phase JK27-X1-DXM"}]},{"@type":"WebSite","@id":"https:\/\/www.stalskog.se\/en\/#website","url":"https:\/\/www.stalskog.se\/en\/","name":"Ragnar St\u00e5lskog","description":"","publisher":{"@id":"https:\/\/www.stalskog.se\/en\/#organization"},"potentialAction":[{"@type":"SearchAction","target":{"@type":"EntryPoint","urlTemplate":"https:\/\/www.stalskog.se\/en\/?s={search_term_string}"},"query-input":{"@type":"PropertyValueSpecification","valueRequired":true,"valueName":"search_term_string"}}],"inLanguage":"en-US"},{"@type":"Organization","@id":"https:\/\/www.stalskog.se\/en\/#organization","name":"Ragnar St\u00e5lskog","url":"https:\/\/www.stalskog.se\/en\/","logo":{"@type":"ImageObject","inLanguage":"en-US","@id":"https:\/\/www.stalskog.se\/en\/#\/schema\/logo\/image\/","url":"https:\/\/www.stalskog.se\/wp-content\/uploads\/2022\/03\/logo_o.png","contentUrl":"https:\/\/www.stalskog.se\/wp-content\/uploads\/2022\/03\/logo_o.png","width":410,"height":99,"caption":"Ragnar St\u00e5lskog"},"image":{"@id":"https:\/\/www.stalskog.se\/en\/#\/schema\/logo\/image\/"}}]}},"_links":{"self":[{"href":"https:\/\/www.stalskog.se\/en\/wp-json\/wp\/v2\/product\/5101","targetHints":{"allow":["GET"]}}],"collection":[{"href":"https:\/\/www.stalskog.se\/en\/wp-json\/wp\/v2\/product"}],"about":[{"href":"https:\/\/www.stalskog.se\/en\/wp-json\/wp\/v2\/types\/product"}],"replies":[{"embeddable":true,"href":"https:\/\/www.stalskog.se\/en\/wp-json\/wp\/v2\/comments?post=5101"}],"wp:featuredmedia":[{"embeddable":true,"href":"https:\/\/www.stalskog.se\/en\/wp-json\/wp\/v2\/media\/5098"}],"wp:attachment":[{"href":"https:\/\/www.stalskog.se\/en\/wp-json\/wp\/v2\/media?parent=5101"}],"wp:term":[{"taxonomy":"product_brand","embeddable":true,"href":"https:\/\/www.stalskog.se\/en\/wp-json\/wp\/v2\/product_brand?post=5101"},{"taxonomy":"product_cat","embeddable":true,"href":"https:\/\/www.stalskog.se\/en\/wp-json\/wp\/v2\/product_cat?post=5101"},{"taxonomy":"product_tag","embeddable":true,"href":"https:\/\/www.stalskog.se\/en\/wp-json\/wp\/v2\/product_tag?post=5101"}],"curies":[{"name":"wp","href":"https:\/\/api.w.org\/{rel}","templated":true}]}}