{"id":9679,"date":"2022-06-02T12:26:53","date_gmt":"2022-06-02T12:26:53","guid":{"rendered":"https:\/\/www.stalskog.se\/?post_type=product&#038;p=9679"},"modified":"2022-06-02T12:26:53","modified_gmt":"2022-06-02T12:26:53","slug":"50v-5-kvac-7-kvdc-multisafe-dsphs5-1","status":"publish","type":"product","link":"https:\/\/www.stalskog.se\/en\/produkt\/50v-5-kvac-7-kvdc-multisafe-dsphs5-1\/","title":{"rendered":"50V..5 kVAC \/ 7 kVDC MultiSafe DSPHS5-1"},"content":{"rendered":"<p><strong>Sp\u00e4nningsomr\u00e5de 0 V &#8211; 5 kV AC&#8230; 7 kV DC, 0 &#8211; 500 Hz.<\/strong><br \/>\n<strong>EN 61243-2, EN 61010, EN 50110-1 och EN 60071.<\/strong><\/p>\n<p>2-polig sp\u00e4nningsprovare DSP HS5 \u00e4r en sp\u00e4nningsprovare i kompakt design f\u00f6r anv\u00e4ndning i tr\u00e5nga transformatorstationer. Sp\u00e4nningstest kan utf\u00f6ras snabbt, l\u00e4tt och exakt upp till 5 kV AC \/ 7 kV DC.<\/p>\n<p>Sj\u00e4lvtest f\u00f6r att kontrollera skyddsmotst\u00e5nd och elektronik.<br \/>\nH\u00f6gsta grad av s\u00e4kerhet som tillhandah\u00e5lls av skyddsmotst\u00e5nd i GRP-r\u00f6ren.<br \/>\nSt\u00f6tsp\u00e4nningsh\u00e5llfasthet &gt; 100 kV.<br \/>\nOlika testelektroder.<\/p>\n<p>Endast f\u00f6r inomhusbruk.<\/p>\n<p>Batteri: 9V &#8211; 6LR61 \/ 6LF22 \/ 6LP3146.<\/p>\n","protected":false},"excerpt":{"rendered":"<p>Sp\u00e4nningsomr\u00e5de 0 V &#8211; 5 kV AC&#8230; 7 kV DC, 0 &#8211; 500 Hz. EN 61243-2, EN 61010, EN 50110-1 och EN 60071. 2-polig sp\u00e4nningsprovare DSP HS5 \u00e4r en sp\u00e4nningsprovare i kompakt design f\u00f6r anv\u00e4ndning i tr\u00e5nga transformatorstationer. Sp\u00e4nningstest kan utf\u00f6ras snabbt, l\u00e4tt och exakt upp till 5 kV AC \/ 7 kV DC. Sj\u00e4lvtest [&hellip;]<\/p>\n","protected":false},"featured_media":9684,"comment_status":"closed","ping_status":"closed","template":"","meta":{"_acf_changed":false},"product_brand":[],"product_cat":[32],"product_tag":[],"class_list":{"0":"post-9679","1":"product","2":"type-product","3":"status-publish","4":"has-post-thumbnail","6":"product_cat-spanning-faslikhetsprovare","8":"first","9":"instock","10":"shipping-taxable","11":"product-type-simple"},"acf":[],"yoast_head":"<!-- This site is optimized with the Yoast SEO plugin v27.5 - https:\/\/yoast.com\/product\/yoast-seo-wordpress\/ -->\n<title>50V..5 kVAC \/ 7 kVDC MultiSafe DSPHS5-1 &#8211; Ragnar St\u00e5lskog<\/title>\n<meta name=\"description\" content=\"Sp\u00e4nningsomr\u00e5de 0 V - 5 kV AC... 7 kV DC, 0 - 500 Hz. EN 61243-2, EN 61010, EN 50110-1 och EN 60071. 2-polig sp\u00e4nningsprovare DSP HS5 \u00e4r en\" \/>\n<meta name=\"robots\" content=\"index, follow, max-snippet:-1, max-image-preview:large, max-video-preview:-1\" \/>\n<link rel=\"canonical\" href=\"https:\/\/www.stalskog.se\/en\/produkt\/50v-5-kvac-7-kvdc-multisafe-dsphs5-1\/\" \/>\n<meta property=\"og:locale\" content=\"en_US\" \/>\n<meta property=\"og:type\" content=\"article\" \/>\n<meta property=\"og:title\" content=\"50V..5 kVAC \/ 7 kVDC MultiSafe DSPHS5-1 &#8211; Ragnar St\u00e5lskog\" \/>\n<meta property=\"og:description\" content=\"Sp\u00e4nningsomr\u00e5de 0 V - 5 kV AC... 7 kV DC, 0 - 500 Hz. EN 61243-2, EN 61010, EN 50110-1 och EN 60071. 2-polig sp\u00e4nningsprovare DSP HS5 \u00e4r en\" \/>\n<meta property=\"og:url\" content=\"https:\/\/www.stalskog.se\/en\/produkt\/50v-5-kvac-7-kvdc-multisafe-dsphs5-1\/\" \/>\n<meta property=\"og:site_name\" content=\"Ragnar St\u00e5lskog\" \/>\n<meta property=\"og:image\" content=\"https:\/\/www.stalskog.se\/wp-content\/uploads\/2022\/06\/multisafe_hs5-1_norm.png\" \/>\n\t<meta property=\"og:image:width\" content=\"106\" \/>\n\t<meta property=\"og:image:height\" content=\"300\" \/>\n\t<meta property=\"og:image:type\" content=\"image\/png\" \/>\n<meta name=\"twitter:card\" content=\"summary_large_image\" \/>\n<script type=\"application\/ld+json\" class=\"yoast-schema-graph\">{\"@context\":\"https:\\\/\\\/schema.org\",\"@graph\":[{\"@type\":\"WebPage\",\"@id\":\"https:\\\/\\\/www.stalskog.se\\\/en\\\/produkt\\\/50v-5-kvac-7-kvdc-multisafe-dsphs5-1\\\/\",\"url\":\"https:\\\/\\\/www.stalskog.se\\\/en\\\/produkt\\\/50v-5-kvac-7-kvdc-multisafe-dsphs5-1\\\/\",\"name\":\"50V..5 kVAC \\\/ 7 kVDC MultiSafe DSPHS5-1 &#8211; Ragnar St\u00e5lskog\",\"isPartOf\":{\"@id\":\"https:\\\/\\\/www.stalskog.se\\\/en\\\/#website\"},\"primaryImageOfPage\":{\"@id\":\"https:\\\/\\\/www.stalskog.se\\\/en\\\/produkt\\\/50v-5-kvac-7-kvdc-multisafe-dsphs5-1\\\/#primaryimage\"},\"image\":{\"@id\":\"https:\\\/\\\/www.stalskog.se\\\/en\\\/produkt\\\/50v-5-kvac-7-kvdc-multisafe-dsphs5-1\\\/#primaryimage\"},\"thumbnailUrl\":\"https:\\\/\\\/www.stalskog.se\\\/wp-content\\\/uploads\\\/2022\\\/06\\\/multisafe_hs5-1_norm.png\",\"datePublished\":\"2022-06-02T12:26:53+00:00\",\"description\":\"Sp\u00e4nningsomr\u00e5de 0 V - 5 kV AC... 7 kV DC, 0 - 500 Hz. EN 61243-2, EN 61010, EN 50110-1 och EN 60071. 2-polig sp\u00e4nningsprovare DSP HS5 \u00e4r en\",\"breadcrumb\":{\"@id\":\"https:\\\/\\\/www.stalskog.se\\\/en\\\/produkt\\\/50v-5-kvac-7-kvdc-multisafe-dsphs5-1\\\/#breadcrumb\"},\"inLanguage\":\"en-US\",\"potentialAction\":[{\"@type\":\"ReadAction\",\"target\":[\"https:\\\/\\\/www.stalskog.se\\\/en\\\/produkt\\\/50v-5-kvac-7-kvdc-multisafe-dsphs5-1\\\/\"]}]},{\"@type\":\"ImageObject\",\"inLanguage\":\"en-US\",\"@id\":\"https:\\\/\\\/www.stalskog.se\\\/en\\\/produkt\\\/50v-5-kvac-7-kvdc-multisafe-dsphs5-1\\\/#primaryimage\",\"url\":\"https:\\\/\\\/www.stalskog.se\\\/wp-content\\\/uploads\\\/2022\\\/06\\\/multisafe_hs5-1_norm.png\",\"contentUrl\":\"https:\\\/\\\/www.stalskog.se\\\/wp-content\\\/uploads\\\/2022\\\/06\\\/multisafe_hs5-1_norm.png\",\"width\":106,\"height\":300},{\"@type\":\"BreadcrumbList\",\"@id\":\"https:\\\/\\\/www.stalskog.se\\\/en\\\/produkt\\\/50v-5-kvac-7-kvdc-multisafe-dsphs5-1\\\/#breadcrumb\",\"itemListElement\":[{\"@type\":\"ListItem\",\"position\":1,\"name\":\"Hem\",\"item\":\"https:\\\/\\\/www.stalskog.se\\\/en\\\/\"},{\"@type\":\"ListItem\",\"position\":2,\"name\":\"Produkter\",\"item\":\"https:\\\/\\\/www.stalskog.se\\\/?page_id=3235\"},{\"@type\":\"ListItem\",\"position\":3,\"name\":\"9. Voltage Detectors \\\/Phase comparator\",\"item\":\"https:\\\/\\\/www.stalskog.se\\\/en\\\/category\\\/voltage-detectors-phase-comparator\\\/\"},{\"@type\":\"ListItem\",\"position\":4,\"name\":\"50V..5 kVAC \\\/ 7 kVDC MultiSafe DSPHS5-1\"}]},{\"@type\":\"WebSite\",\"@id\":\"https:\\\/\\\/www.stalskog.se\\\/en\\\/#website\",\"url\":\"https:\\\/\\\/www.stalskog.se\\\/en\\\/\",\"name\":\"Ragnar St\u00e5lskog\",\"description\":\"\",\"publisher\":{\"@id\":\"https:\\\/\\\/www.stalskog.se\\\/en\\\/#organization\"},\"potentialAction\":[{\"@type\":\"SearchAction\",\"target\":{\"@type\":\"EntryPoint\",\"urlTemplate\":\"https:\\\/\\\/www.stalskog.se\\\/en\\\/?s={search_term_string}\"},\"query-input\":{\"@type\":\"PropertyValueSpecification\",\"valueRequired\":true,\"valueName\":\"search_term_string\"}}],\"inLanguage\":\"en-US\"},{\"@type\":\"Organization\",\"@id\":\"https:\\\/\\\/www.stalskog.se\\\/en\\\/#organization\",\"name\":\"Ragnar St\u00e5lskog\",\"url\":\"https:\\\/\\\/www.stalskog.se\\\/en\\\/\",\"logo\":{\"@type\":\"ImageObject\",\"inLanguage\":\"en-US\",\"@id\":\"https:\\\/\\\/www.stalskog.se\\\/en\\\/#\\\/schema\\\/logo\\\/image\\\/\",\"url\":\"https:\\\/\\\/www.stalskog.se\\\/wp-content\\\/uploads\\\/2022\\\/03\\\/logo_o.png\",\"contentUrl\":\"https:\\\/\\\/www.stalskog.se\\\/wp-content\\\/uploads\\\/2022\\\/03\\\/logo_o.png\",\"width\":410,\"height\":99,\"caption\":\"Ragnar St\u00e5lskog\"},\"image\":{\"@id\":\"https:\\\/\\\/www.stalskog.se\\\/en\\\/#\\\/schema\\\/logo\\\/image\\\/\"}}]}<\/script>\n<!-- \/ Yoast SEO plugin. -->","yoast_head_json":{"title":"50V..5 kVAC \/ 7 kVDC MultiSafe DSPHS5-1 &#8211; Ragnar St\u00e5lskog","description":"Sp\u00e4nningsomr\u00e5de 0 V - 5 kV AC... 7 kV DC, 0 - 500 Hz. EN 61243-2, EN 61010, EN 50110-1 och EN 60071. 2-polig sp\u00e4nningsprovare DSP HS5 \u00e4r en","robots":{"index":"index","follow":"follow","max-snippet":"max-snippet:-1","max-image-preview":"max-image-preview:large","max-video-preview":"max-video-preview:-1"},"canonical":"https:\/\/www.stalskog.se\/en\/produkt\/50v-5-kvac-7-kvdc-multisafe-dsphs5-1\/","og_locale":"en_US","og_type":"article","og_title":"50V..5 kVAC \/ 7 kVDC MultiSafe DSPHS5-1 &#8211; Ragnar St\u00e5lskog","og_description":"Sp\u00e4nningsomr\u00e5de 0 V - 5 kV AC... 7 kV DC, 0 - 500 Hz. EN 61243-2, EN 61010, EN 50110-1 och EN 60071. 2-polig sp\u00e4nningsprovare DSP HS5 \u00e4r en","og_url":"https:\/\/www.stalskog.se\/en\/produkt\/50v-5-kvac-7-kvdc-multisafe-dsphs5-1\/","og_site_name":"Ragnar St\u00e5lskog","og_image":[{"width":106,"height":300,"url":"https:\/\/www.stalskog.se\/wp-content\/uploads\/2022\/06\/multisafe_hs5-1_norm.png","type":"image\/png"}],"twitter_card":"summary_large_image","schema":{"@context":"https:\/\/schema.org","@graph":[{"@type":"WebPage","@id":"https:\/\/www.stalskog.se\/en\/produkt\/50v-5-kvac-7-kvdc-multisafe-dsphs5-1\/","url":"https:\/\/www.stalskog.se\/en\/produkt\/50v-5-kvac-7-kvdc-multisafe-dsphs5-1\/","name":"50V..5 kVAC \/ 7 kVDC MultiSafe DSPHS5-1 &#8211; Ragnar St\u00e5lskog","isPartOf":{"@id":"https:\/\/www.stalskog.se\/en\/#website"},"primaryImageOfPage":{"@id":"https:\/\/www.stalskog.se\/en\/produkt\/50v-5-kvac-7-kvdc-multisafe-dsphs5-1\/#primaryimage"},"image":{"@id":"https:\/\/www.stalskog.se\/en\/produkt\/50v-5-kvac-7-kvdc-multisafe-dsphs5-1\/#primaryimage"},"thumbnailUrl":"https:\/\/www.stalskog.se\/wp-content\/uploads\/2022\/06\/multisafe_hs5-1_norm.png","datePublished":"2022-06-02T12:26:53+00:00","description":"Sp\u00e4nningsomr\u00e5de 0 V - 5 kV AC... 7 kV DC, 0 - 500 Hz. EN 61243-2, EN 61010, EN 50110-1 och EN 60071. 2-polig sp\u00e4nningsprovare DSP HS5 \u00e4r en","breadcrumb":{"@id":"https:\/\/www.stalskog.se\/en\/produkt\/50v-5-kvac-7-kvdc-multisafe-dsphs5-1\/#breadcrumb"},"inLanguage":"en-US","potentialAction":[{"@type":"ReadAction","target":["https:\/\/www.stalskog.se\/en\/produkt\/50v-5-kvac-7-kvdc-multisafe-dsphs5-1\/"]}]},{"@type":"ImageObject","inLanguage":"en-US","@id":"https:\/\/www.stalskog.se\/en\/produkt\/50v-5-kvac-7-kvdc-multisafe-dsphs5-1\/#primaryimage","url":"https:\/\/www.stalskog.se\/wp-content\/uploads\/2022\/06\/multisafe_hs5-1_norm.png","contentUrl":"https:\/\/www.stalskog.se\/wp-content\/uploads\/2022\/06\/multisafe_hs5-1_norm.png","width":106,"height":300},{"@type":"BreadcrumbList","@id":"https:\/\/www.stalskog.se\/en\/produkt\/50v-5-kvac-7-kvdc-multisafe-dsphs5-1\/#breadcrumb","itemListElement":[{"@type":"ListItem","position":1,"name":"Hem","item":"https:\/\/www.stalskog.se\/en\/"},{"@type":"ListItem","position":2,"name":"Produkter","item":"https:\/\/www.stalskog.se\/?page_id=3235"},{"@type":"ListItem","position":3,"name":"9. Voltage Detectors \/Phase comparator","item":"https:\/\/www.stalskog.se\/en\/category\/voltage-detectors-phase-comparator\/"},{"@type":"ListItem","position":4,"name":"50V..5 kVAC \/ 7 kVDC MultiSafe DSPHS5-1"}]},{"@type":"WebSite","@id":"https:\/\/www.stalskog.se\/en\/#website","url":"https:\/\/www.stalskog.se\/en\/","name":"Ragnar St\u00e5lskog","description":"","publisher":{"@id":"https:\/\/www.stalskog.se\/en\/#organization"},"potentialAction":[{"@type":"SearchAction","target":{"@type":"EntryPoint","urlTemplate":"https:\/\/www.stalskog.se\/en\/?s={search_term_string}"},"query-input":{"@type":"PropertyValueSpecification","valueRequired":true,"valueName":"search_term_string"}}],"inLanguage":"en-US"},{"@type":"Organization","@id":"https:\/\/www.stalskog.se\/en\/#organization","name":"Ragnar St\u00e5lskog","url":"https:\/\/www.stalskog.se\/en\/","logo":{"@type":"ImageObject","inLanguage":"en-US","@id":"https:\/\/www.stalskog.se\/en\/#\/schema\/logo\/image\/","url":"https:\/\/www.stalskog.se\/wp-content\/uploads\/2022\/03\/logo_o.png","contentUrl":"https:\/\/www.stalskog.se\/wp-content\/uploads\/2022\/03\/logo_o.png","width":410,"height":99,"caption":"Ragnar St\u00e5lskog"},"image":{"@id":"https:\/\/www.stalskog.se\/en\/#\/schema\/logo\/image\/"}}]}},"_links":{"self":[{"href":"https:\/\/www.stalskog.se\/en\/wp-json\/wp\/v2\/product\/9679","targetHints":{"allow":["GET"]}}],"collection":[{"href":"https:\/\/www.stalskog.se\/en\/wp-json\/wp\/v2\/product"}],"about":[{"href":"https:\/\/www.stalskog.se\/en\/wp-json\/wp\/v2\/types\/product"}],"replies":[{"embeddable":true,"href":"https:\/\/www.stalskog.se\/en\/wp-json\/wp\/v2\/comments?post=9679"}],"wp:featuredmedia":[{"embeddable":true,"href":"https:\/\/www.stalskog.se\/en\/wp-json\/wp\/v2\/media\/9684"}],"wp:attachment":[{"href":"https:\/\/www.stalskog.se\/en\/wp-json\/wp\/v2\/media?parent=9679"}],"wp:term":[{"taxonomy":"product_brand","embeddable":true,"href":"https:\/\/www.stalskog.se\/en\/wp-json\/wp\/v2\/product_brand?post=9679"},{"taxonomy":"product_cat","embeddable":true,"href":"https:\/\/www.stalskog.se\/en\/wp-json\/wp\/v2\/product_cat?post=9679"},{"taxonomy":"product_tag","embeddable":true,"href":"https:\/\/www.stalskog.se\/en\/wp-json\/wp\/v2\/product_tag?post=9679"}],"curies":[{"name":"wp","href":"https:\/\/api.w.org\/{rel}","templated":true}]}}