{"id":9708,"date":"2022-06-02T12:36:05","date_gmt":"2022-06-02T12:36:05","guid":{"rendered":"https:\/\/www.stalskog.se\/?post_type=product&#038;p=9708"},"modified":"2024-03-06T08:25:29","modified_gmt":"2024-03-06T08:25:29","slug":"50-1000-v-ac-1500-v-dc-multisafe-dsptt1-1","status":"publish","type":"product","link":"https:\/\/www.stalskog.se\/en\/produkt\/50-1000-v-ac-1500-v-dc-multisafe-dsptt1-1\/","title":{"rendered":"50..1000 V AC\/1500 V DC MultiSafe-DSPTT1M"},"content":{"rendered":"<p><strong>Sp\u00e4nningsomr\u00e5de 50 V &#8211; 1000 V AC\/DC, 0 &#8211; 500 Hz.<\/strong><br \/>\n<strong>EN 61243-3, EN 61010-031 och EN 60071.<\/strong><\/p>\n<p>2-polig sp\u00e4nningsprovare Multisafe DSP TT1 med LED indikering och digital visning av sp\u00e4nningsv\u00e4rdet.<br \/>\nProvaren \u00e4r avsedd att anv\u00e4ndas p\u00e5 sp\u00e5rv\u00e4gar.<\/p>\n<p>Digital visning av sp\u00e4nningar upp till 1000 AC \/ 1500 DC mot jord, med frekvens 0-500 Hz.<br \/>\nTesth\u00f6jd upp till 6,2 meter med variabel h\u00f6jdjustering.<br \/>\nH\u00f6gsta grad av s\u00e4kerhet som tillhandah\u00e5lls av skyddsmotst\u00e5nd i provspetsen, maximal str\u00f6m &lt; 3,2 mA. St\u00f6tsp\u00e4nningsh\u00e5llfasthet &gt; 300 kV.<br \/>\nEnkel hantering med en enda tryckknapp, sj\u00e4lvtest f\u00f6r att testa funktion, skyddsmotst\u00e5nd och jord.<br \/>\nF\u00f6r inom- och utomhusbruk.<\/p>\n<p>Skyddsklass: IP65.<br \/>\nBatteri: 9V &#8211; 6LR61 \/ 6LF22 \/ 6LP3146.<\/p>\n","protected":false},"excerpt":{"rendered":"<p>Sp\u00e4nningsomr\u00e5de 50 V &#8211; 1000 V AC\/DC, 0 &#8211; 500 Hz. EN 61243-3, EN 61010-031 och EN 60071. 2-polig sp\u00e4nningsprovare Multisafe DSP TT1 med LED indikering och digital visning av sp\u00e4nningsv\u00e4rdet. Provaren \u00e4r avsedd att anv\u00e4ndas p\u00e5 sp\u00e5rv\u00e4gar. Digital visning av sp\u00e4nningar upp till 1000 AC \/ 1500 DC mot jord, med frekvens 0-500 Hz. [&hellip;]<\/p>\n","protected":false},"featured_media":12575,"comment_status":"closed","ping_status":"closed","template":"","meta":{"_acf_changed":false},"product_brand":[],"product_cat":[26,32,117,115,116],"product_tag":[],"class_list":{"0":"post-9708","1":"product","2":"type-product","3":"status-publish","4":"has-post-thumbnail","6":"product_cat-jordningsdon-for-sparbunden-trafik","7":"product_cat-spanning-faslikhetsprovare","8":"product_cat-raddningstjanst","9":"product_cat-sparvagn","10":"product_cat-tunnelbana","12":"first","13":"instock","14":"shipping-taxable","15":"product-type-simple"},"acf":[],"yoast_head":"<!-- This site is optimized with the Yoast SEO plugin v27.3 - https:\/\/yoast.com\/product\/yoast-seo-wordpress\/ -->\n<title>50..1000 V AC\/1500 V DC MultiSafe-DSPTT1M &#8211; Ragnar St\u00e5lskog<\/title>\n<meta name=\"description\" content=\"Sp\u00e4nningsomr\u00e5de 50 V - 1000 V AC\/DC, 0 - 500 Hz. EN 61243-3, EN 61010-031 och EN 60071. 2-polig sp\u00e4nningsprovare Multisafe DSP TT1 med LED indikering och\" \/>\n<meta name=\"robots\" content=\"index, follow, max-snippet:-1, max-image-preview:large, max-video-preview:-1\" \/>\n<link rel=\"canonical\" href=\"https:\/\/www.stalskog.se\/en\/produkt\/50-1000-v-ac-1500-v-dc-multisafe-dsptt1-1\/\" \/>\n<meta property=\"og:locale\" content=\"en_US\" \/>\n<meta property=\"og:type\" content=\"article\" \/>\n<meta property=\"og:title\" content=\"50..1000 V AC\/1500 V DC MultiSafe-DSPTT1M &#8211; Ragnar St\u00e5lskog\" \/>\n<meta property=\"og:description\" content=\"Sp\u00e4nningsomr\u00e5de 50 V - 1000 V AC\/DC, 0 - 500 Hz. EN 61243-3, EN 61010-031 och EN 60071. 2-polig sp\u00e4nningsprovare Multisafe DSP TT1 med LED indikering och\" \/>\n<meta property=\"og:url\" content=\"https:\/\/www.stalskog.se\/en\/produkt\/50-1000-v-ac-1500-v-dc-multisafe-dsptt1-1\/\" \/>\n<meta property=\"og:site_name\" content=\"Ragnar St\u00e5lskog\" \/>\n<meta property=\"article:modified_time\" content=\"2024-03-06T08:25:29+00:00\" \/>\n<meta property=\"og:image\" content=\"https:\/\/www.stalskog.se\/wp-content\/uploads\/2022\/06\/TT1_MA3.png\" \/>\n\t<meta property=\"og:image:width\" content=\"465\" \/>\n\t<meta property=\"og:image:height\" content=\"1000\" \/>\n\t<meta property=\"og:image:type\" content=\"image\/png\" \/>\n<meta name=\"twitter:card\" content=\"summary_large_image\" \/>\n<meta name=\"twitter:label1\" content=\"Est. reading time\" \/>\n\t<meta name=\"twitter:data1\" content=\"1 minute\" \/>\n<script type=\"application\/ld+json\" class=\"yoast-schema-graph\">{\"@context\":\"https:\\\/\\\/schema.org\",\"@graph\":[{\"@type\":\"WebPage\",\"@id\":\"https:\\\/\\\/www.stalskog.se\\\/en\\\/produkt\\\/50-1000-v-ac-1500-v-dc-multisafe-dsptt1-1\\\/\",\"url\":\"https:\\\/\\\/www.stalskog.se\\\/en\\\/produkt\\\/50-1000-v-ac-1500-v-dc-multisafe-dsptt1-1\\\/\",\"name\":\"50..1000 V AC\\\/1500 V DC MultiSafe-DSPTT1M &#8211; Ragnar St\u00e5lskog\",\"isPartOf\":{\"@id\":\"https:\\\/\\\/www.stalskog.se\\\/en\\\/#website\"},\"primaryImageOfPage\":{\"@id\":\"https:\\\/\\\/www.stalskog.se\\\/en\\\/produkt\\\/50-1000-v-ac-1500-v-dc-multisafe-dsptt1-1\\\/#primaryimage\"},\"image\":{\"@id\":\"https:\\\/\\\/www.stalskog.se\\\/en\\\/produkt\\\/50-1000-v-ac-1500-v-dc-multisafe-dsptt1-1\\\/#primaryimage\"},\"thumbnailUrl\":\"https:\\\/\\\/www.stalskog.se\\\/wp-content\\\/uploads\\\/2022\\\/06\\\/TT1_MA3.png\",\"datePublished\":\"2022-06-02T12:36:05+00:00\",\"dateModified\":\"2024-03-06T08:25:29+00:00\",\"description\":\"Sp\u00e4nningsomr\u00e5de 50 V - 1000 V AC\\\/DC, 0 - 500 Hz. EN 61243-3, EN 61010-031 och EN 60071. 2-polig sp\u00e4nningsprovare Multisafe DSP TT1 med LED indikering och\",\"breadcrumb\":{\"@id\":\"https:\\\/\\\/www.stalskog.se\\\/en\\\/produkt\\\/50-1000-v-ac-1500-v-dc-multisafe-dsptt1-1\\\/#breadcrumb\"},\"inLanguage\":\"en-US\",\"potentialAction\":[{\"@type\":\"ReadAction\",\"target\":[\"https:\\\/\\\/www.stalskog.se\\\/en\\\/produkt\\\/50-1000-v-ac-1500-v-dc-multisafe-dsptt1-1\\\/\"]}]},{\"@type\":\"ImageObject\",\"inLanguage\":\"en-US\",\"@id\":\"https:\\\/\\\/www.stalskog.se\\\/en\\\/produkt\\\/50-1000-v-ac-1500-v-dc-multisafe-dsptt1-1\\\/#primaryimage\",\"url\":\"https:\\\/\\\/www.stalskog.se\\\/wp-content\\\/uploads\\\/2022\\\/06\\\/TT1_MA3.png\",\"contentUrl\":\"https:\\\/\\\/www.stalskog.se\\\/wp-content\\\/uploads\\\/2022\\\/06\\\/TT1_MA3.png\",\"width\":465,\"height\":1000},{\"@type\":\"BreadcrumbList\",\"@id\":\"https:\\\/\\\/www.stalskog.se\\\/en\\\/produkt\\\/50-1000-v-ac-1500-v-dc-multisafe-dsptt1-1\\\/#breadcrumb\",\"itemListElement\":[{\"@type\":\"ListItem\",\"position\":1,\"name\":\"Hem\",\"item\":\"https:\\\/\\\/www.stalskog.se\\\/en\\\/\"},{\"@type\":\"ListItem\",\"position\":2,\"name\":\"Produkter\",\"item\":\"https:\\\/\\\/www.stalskog.se\\\/?page_id=3235\"},{\"@type\":\"ListItem\",\"position\":3,\"name\":\"9. Voltage Detectors \\\/Phase comparator\",\"item\":\"https:\\\/\\\/www.stalskog.se\\\/en\\\/category\\\/voltage-detectors-phase-comparator\\\/\"},{\"@type\":\"ListItem\",\"position\":4,\"name\":\"50..1000 V AC\\\/1500 V DC MultiSafe-DSPTT1M\"}]},{\"@type\":\"WebSite\",\"@id\":\"https:\\\/\\\/www.stalskog.se\\\/en\\\/#website\",\"url\":\"https:\\\/\\\/www.stalskog.se\\\/en\\\/\",\"name\":\"Ragnar St\u00e5lskog\",\"description\":\"\",\"publisher\":{\"@id\":\"https:\\\/\\\/www.stalskog.se\\\/en\\\/#organization\"},\"potentialAction\":[{\"@type\":\"SearchAction\",\"target\":{\"@type\":\"EntryPoint\",\"urlTemplate\":\"https:\\\/\\\/www.stalskog.se\\\/en\\\/?s={search_term_string}\"},\"query-input\":{\"@type\":\"PropertyValueSpecification\",\"valueRequired\":true,\"valueName\":\"search_term_string\"}}],\"inLanguage\":\"en-US\"},{\"@type\":\"Organization\",\"@id\":\"https:\\\/\\\/www.stalskog.se\\\/en\\\/#organization\",\"name\":\"Ragnar St\u00e5lskog\",\"url\":\"https:\\\/\\\/www.stalskog.se\\\/en\\\/\",\"logo\":{\"@type\":\"ImageObject\",\"inLanguage\":\"en-US\",\"@id\":\"https:\\\/\\\/www.stalskog.se\\\/en\\\/#\\\/schema\\\/logo\\\/image\\\/\",\"url\":\"https:\\\/\\\/www.stalskog.se\\\/wp-content\\\/uploads\\\/2022\\\/03\\\/logo_o.png\",\"contentUrl\":\"https:\\\/\\\/www.stalskog.se\\\/wp-content\\\/uploads\\\/2022\\\/03\\\/logo_o.png\",\"width\":410,\"height\":99,\"caption\":\"Ragnar St\u00e5lskog\"},\"image\":{\"@id\":\"https:\\\/\\\/www.stalskog.se\\\/en\\\/#\\\/schema\\\/logo\\\/image\\\/\"}}]}<\/script>\n<!-- \/ Yoast SEO plugin. -->","yoast_head_json":{"title":"50..1000 V AC\/1500 V DC MultiSafe-DSPTT1M &#8211; Ragnar St\u00e5lskog","description":"Sp\u00e4nningsomr\u00e5de 50 V - 1000 V AC\/DC, 0 - 500 Hz. EN 61243-3, EN 61010-031 och EN 60071. 2-polig sp\u00e4nningsprovare Multisafe DSP TT1 med LED indikering och","robots":{"index":"index","follow":"follow","max-snippet":"max-snippet:-1","max-image-preview":"max-image-preview:large","max-video-preview":"max-video-preview:-1"},"canonical":"https:\/\/www.stalskog.se\/en\/produkt\/50-1000-v-ac-1500-v-dc-multisafe-dsptt1-1\/","og_locale":"en_US","og_type":"article","og_title":"50..1000 V AC\/1500 V DC MultiSafe-DSPTT1M &#8211; Ragnar St\u00e5lskog","og_description":"Sp\u00e4nningsomr\u00e5de 50 V - 1000 V AC\/DC, 0 - 500 Hz. EN 61243-3, EN 61010-031 och EN 60071. 2-polig sp\u00e4nningsprovare Multisafe DSP TT1 med LED indikering och","og_url":"https:\/\/www.stalskog.se\/en\/produkt\/50-1000-v-ac-1500-v-dc-multisafe-dsptt1-1\/","og_site_name":"Ragnar St\u00e5lskog","article_modified_time":"2024-03-06T08:25:29+00:00","og_image":[{"width":465,"height":1000,"url":"https:\/\/www.stalskog.se\/wp-content\/uploads\/2022\/06\/TT1_MA3.png","type":"image\/png"}],"twitter_card":"summary_large_image","twitter_misc":{"Est. reading time":"1 minute"},"schema":{"@context":"https:\/\/schema.org","@graph":[{"@type":"WebPage","@id":"https:\/\/www.stalskog.se\/en\/produkt\/50-1000-v-ac-1500-v-dc-multisafe-dsptt1-1\/","url":"https:\/\/www.stalskog.se\/en\/produkt\/50-1000-v-ac-1500-v-dc-multisafe-dsptt1-1\/","name":"50..1000 V AC\/1500 V DC MultiSafe-DSPTT1M &#8211; Ragnar St\u00e5lskog","isPartOf":{"@id":"https:\/\/www.stalskog.se\/en\/#website"},"primaryImageOfPage":{"@id":"https:\/\/www.stalskog.se\/en\/produkt\/50-1000-v-ac-1500-v-dc-multisafe-dsptt1-1\/#primaryimage"},"image":{"@id":"https:\/\/www.stalskog.se\/en\/produkt\/50-1000-v-ac-1500-v-dc-multisafe-dsptt1-1\/#primaryimage"},"thumbnailUrl":"https:\/\/www.stalskog.se\/wp-content\/uploads\/2022\/06\/TT1_MA3.png","datePublished":"2022-06-02T12:36:05+00:00","dateModified":"2024-03-06T08:25:29+00:00","description":"Sp\u00e4nningsomr\u00e5de 50 V - 1000 V AC\/DC, 0 - 500 Hz. EN 61243-3, EN 61010-031 och EN 60071. 2-polig sp\u00e4nningsprovare Multisafe DSP TT1 med LED indikering och","breadcrumb":{"@id":"https:\/\/www.stalskog.se\/en\/produkt\/50-1000-v-ac-1500-v-dc-multisafe-dsptt1-1\/#breadcrumb"},"inLanguage":"en-US","potentialAction":[{"@type":"ReadAction","target":["https:\/\/www.stalskog.se\/en\/produkt\/50-1000-v-ac-1500-v-dc-multisafe-dsptt1-1\/"]}]},{"@type":"ImageObject","inLanguage":"en-US","@id":"https:\/\/www.stalskog.se\/en\/produkt\/50-1000-v-ac-1500-v-dc-multisafe-dsptt1-1\/#primaryimage","url":"https:\/\/www.stalskog.se\/wp-content\/uploads\/2022\/06\/TT1_MA3.png","contentUrl":"https:\/\/www.stalskog.se\/wp-content\/uploads\/2022\/06\/TT1_MA3.png","width":465,"height":1000},{"@type":"BreadcrumbList","@id":"https:\/\/www.stalskog.se\/en\/produkt\/50-1000-v-ac-1500-v-dc-multisafe-dsptt1-1\/#breadcrumb","itemListElement":[{"@type":"ListItem","position":1,"name":"Hem","item":"https:\/\/www.stalskog.se\/en\/"},{"@type":"ListItem","position":2,"name":"Produkter","item":"https:\/\/www.stalskog.se\/?page_id=3235"},{"@type":"ListItem","position":3,"name":"9. Voltage Detectors \/Phase comparator","item":"https:\/\/www.stalskog.se\/en\/category\/voltage-detectors-phase-comparator\/"},{"@type":"ListItem","position":4,"name":"50..1000 V AC\/1500 V DC MultiSafe-DSPTT1M"}]},{"@type":"WebSite","@id":"https:\/\/www.stalskog.se\/en\/#website","url":"https:\/\/www.stalskog.se\/en\/","name":"Ragnar St\u00e5lskog","description":"","publisher":{"@id":"https:\/\/www.stalskog.se\/en\/#organization"},"potentialAction":[{"@type":"SearchAction","target":{"@type":"EntryPoint","urlTemplate":"https:\/\/www.stalskog.se\/en\/?s={search_term_string}"},"query-input":{"@type":"PropertyValueSpecification","valueRequired":true,"valueName":"search_term_string"}}],"inLanguage":"en-US"},{"@type":"Organization","@id":"https:\/\/www.stalskog.se\/en\/#organization","name":"Ragnar St\u00e5lskog","url":"https:\/\/www.stalskog.se\/en\/","logo":{"@type":"ImageObject","inLanguage":"en-US","@id":"https:\/\/www.stalskog.se\/en\/#\/schema\/logo\/image\/","url":"https:\/\/www.stalskog.se\/wp-content\/uploads\/2022\/03\/logo_o.png","contentUrl":"https:\/\/www.stalskog.se\/wp-content\/uploads\/2022\/03\/logo_o.png","width":410,"height":99,"caption":"Ragnar St\u00e5lskog"},"image":{"@id":"https:\/\/www.stalskog.se\/en\/#\/schema\/logo\/image\/"}}]}},"_links":{"self":[{"href":"https:\/\/www.stalskog.se\/en\/wp-json\/wp\/v2\/product\/9708","targetHints":{"allow":["GET"]}}],"collection":[{"href":"https:\/\/www.stalskog.se\/en\/wp-json\/wp\/v2\/product"}],"about":[{"href":"https:\/\/www.stalskog.se\/en\/wp-json\/wp\/v2\/types\/product"}],"replies":[{"embeddable":true,"href":"https:\/\/www.stalskog.se\/en\/wp-json\/wp\/v2\/comments?post=9708"}],"wp:featuredmedia":[{"embeddable":true,"href":"https:\/\/www.stalskog.se\/en\/wp-json\/wp\/v2\/media\/12575"}],"wp:attachment":[{"href":"https:\/\/www.stalskog.se\/en\/wp-json\/wp\/v2\/media?parent=9708"}],"wp:term":[{"taxonomy":"product_brand","embeddable":true,"href":"https:\/\/www.stalskog.se\/en\/wp-json\/wp\/v2\/product_brand?post=9708"},{"taxonomy":"product_cat","embeddable":true,"href":"https:\/\/www.stalskog.se\/en\/wp-json\/wp\/v2\/product_cat?post=9708"},{"taxonomy":"product_tag","embeddable":true,"href":"https:\/\/www.stalskog.se\/en\/wp-json\/wp\/v2\/product_tag?post=9708"}],"curies":[{"name":"wp","href":"https:\/\/api.w.org\/{rel}","templated":true}]}}