{"id":9717,"date":"2022-06-02T12:43:06","date_gmt":"2022-06-02T12:43:06","guid":{"rendered":"https:\/\/www.stalskog.se\/?post_type=product&#038;p=9717"},"modified":"2022-09-16T13:44:16","modified_gmt":"2022-09-16T13:44:16","slug":"50-1000-v-ac-dc-spb-ub","status":"publish","type":"product","link":"https:\/\/www.stalskog.se\/en\/produkt\/50-1000-v-ac-dc-spb-ub\/","title":{"rendered":"50&#8230;1000 V AC\/DC SPB-UB"},"content":{"rendered":"<p><strong>Sp\u00e4nningsomr\u00e5de 50 V &#8211; 1000 V AC\/DC, 0 &#8211; 2000 Hz.<\/strong><br \/>\n<strong>EN 61243-3.<\/strong><\/p>\n<p>2-polig sp\u00e4nningsprovare SPB-UB speciellt anpassad f\u00f6r att testa str\u00f6mskenor p\u00e5 tunnelbanor upp till 1000V. D\u00e5 provaren \u00e4r helt inkapslad i gummi \u00e4r den mycket robust och perfekt f\u00f6r anv\u00e4ndning i tuffa arbetsf\u00f6rh\u00e5llanden.<br \/>\nSPB UB indikerar sp\u00e4nning visuellt via LED och LCD-display samt med en akustisk indikator, vilket ger en s\u00e4ker indikation i vilken milj\u00f6 som helst.<\/p>\n<p>Extremt slagt\u00e5ligt h\u00f6lje av gummi som skyddar mot st\u00f6tar och h\u00e5ller t\u00e4tt f\u00f6r fukt och damm.<br \/>\nH\u00f6gt skydd mot \u00f6versp\u00e4nning.<br \/>\nTillf\u00f6rlitligt test utan batteri.<br \/>\nIntegrerat sj\u00e4lvtest.<br \/>\nF\u00f6r inom- och utomhusbruk.<\/p>\n<p>Skyddsklass: IP65.<\/p>\n","protected":false},"excerpt":{"rendered":"<p>Sp\u00e4nningsomr\u00e5de 50 V &#8211; 1000 V AC\/DC, 0 &#8211; 2000 Hz. EN 61243-3. 2-polig sp\u00e4nningsprovare SPB-UB speciellt anpassad f\u00f6r att testa str\u00f6mskenor p\u00e5 tunnelbanor upp till 1000V. D\u00e5 provaren \u00e4r helt inkapslad i gummi \u00e4r den mycket robust och perfekt f\u00f6r anv\u00e4ndning i tuffa arbetsf\u00f6rh\u00e5llanden. SPB UB indikerar sp\u00e4nning visuellt via LED och LCD-display samt [&hellip;]<\/p>\n","protected":false},"featured_media":9718,"comment_status":"closed","ping_status":"closed","template":"","meta":{"_acf_changed":false},"product_brand":[],"product_cat":[32,116],"product_tag":[],"class_list":{"0":"post-9717","1":"product","2":"type-product","3":"status-publish","4":"has-post-thumbnail","6":"product_cat-spanning-faslikhetsprovare","7":"product_cat-tunnelbana","9":"first","10":"instock","11":"shipping-taxable","12":"product-type-simple"},"acf":[],"yoast_head":"<!-- This site is optimized with the Yoast SEO plugin v27.5 - https:\/\/yoast.com\/product\/yoast-seo-wordpress\/ -->\n<title>50...1000 V AC\/DC SPB-UB &#8211; Ragnar St\u00e5lskog<\/title>\n<meta name=\"description\" content=\"Sp\u00e4nningsomr\u00e5de 50 V - 1000 V AC\/DC, 0 - 2000 Hz. EN 61243-3. 2-polig sp\u00e4nningsprovare SPB-UB speciellt anpassad f\u00f6r att testa str\u00f6mskenor p\u00e5 tunnelbanor\" \/>\n<meta name=\"robots\" content=\"index, follow, max-snippet:-1, max-image-preview:large, max-video-preview:-1\" \/>\n<link rel=\"canonical\" href=\"https:\/\/www.stalskog.se\/en\/produkt\/50-1000-v-ac-dc-spb-ub\/\" \/>\n<meta property=\"og:locale\" content=\"en_US\" \/>\n<meta property=\"og:type\" content=\"article\" \/>\n<meta property=\"og:title\" content=\"50...1000 V AC\/DC SPB-UB &#8211; Ragnar St\u00e5lskog\" \/>\n<meta property=\"og:description\" content=\"Sp\u00e4nningsomr\u00e5de 50 V - 1000 V AC\/DC, 0 - 2000 Hz. EN 61243-3. 2-polig sp\u00e4nningsprovare SPB-UB speciellt anpassad f\u00f6r att testa str\u00f6mskenor p\u00e5 tunnelbanor\" \/>\n<meta property=\"og:url\" content=\"https:\/\/www.stalskog.se\/en\/produkt\/50-1000-v-ac-dc-spb-ub\/\" \/>\n<meta property=\"og:site_name\" content=\"Ragnar St\u00e5lskog\" \/>\n<meta property=\"article:modified_time\" content=\"2022-09-16T13:44:16+00:00\" \/>\n<meta property=\"og:image\" content=\"https:\/\/www.stalskog.se\/wp-content\/uploads\/2022\/06\/spb-ub_norm.png\" \/>\n\t<meta property=\"og:image:width\" content=\"160\" \/>\n\t<meta property=\"og:image:height\" content=\"300\" \/>\n\t<meta property=\"og:image:type\" content=\"image\/png\" \/>\n<meta name=\"twitter:card\" content=\"summary_large_image\" \/>\n<meta name=\"twitter:label1\" content=\"Est. reading time\" \/>\n\t<meta name=\"twitter:data1\" content=\"1 minute\" \/>\n<script type=\"application\/ld+json\" class=\"yoast-schema-graph\">{\"@context\":\"https:\\\/\\\/schema.org\",\"@graph\":[{\"@type\":\"WebPage\",\"@id\":\"https:\\\/\\\/www.stalskog.se\\\/en\\\/produkt\\\/50-1000-v-ac-dc-spb-ub\\\/\",\"url\":\"https:\\\/\\\/www.stalskog.se\\\/en\\\/produkt\\\/50-1000-v-ac-dc-spb-ub\\\/\",\"name\":\"50...1000 V AC\\\/DC SPB-UB &#8211; Ragnar St\u00e5lskog\",\"isPartOf\":{\"@id\":\"https:\\\/\\\/www.stalskog.se\\\/en\\\/#website\"},\"primaryImageOfPage\":{\"@id\":\"https:\\\/\\\/www.stalskog.se\\\/en\\\/produkt\\\/50-1000-v-ac-dc-spb-ub\\\/#primaryimage\"},\"image\":{\"@id\":\"https:\\\/\\\/www.stalskog.se\\\/en\\\/produkt\\\/50-1000-v-ac-dc-spb-ub\\\/#primaryimage\"},\"thumbnailUrl\":\"https:\\\/\\\/www.stalskog.se\\\/wp-content\\\/uploads\\\/2022\\\/06\\\/spb-ub_norm.png\",\"datePublished\":\"2022-06-02T12:43:06+00:00\",\"dateModified\":\"2022-09-16T13:44:16+00:00\",\"description\":\"Sp\u00e4nningsomr\u00e5de 50 V - 1000 V AC\\\/DC, 0 - 2000 Hz. EN 61243-3. 2-polig sp\u00e4nningsprovare SPB-UB speciellt anpassad f\u00f6r att testa str\u00f6mskenor p\u00e5 tunnelbanor\",\"breadcrumb\":{\"@id\":\"https:\\\/\\\/www.stalskog.se\\\/en\\\/produkt\\\/50-1000-v-ac-dc-spb-ub\\\/#breadcrumb\"},\"inLanguage\":\"en-US\",\"potentialAction\":[{\"@type\":\"ReadAction\",\"target\":[\"https:\\\/\\\/www.stalskog.se\\\/en\\\/produkt\\\/50-1000-v-ac-dc-spb-ub\\\/\"]}]},{\"@type\":\"ImageObject\",\"inLanguage\":\"en-US\",\"@id\":\"https:\\\/\\\/www.stalskog.se\\\/en\\\/produkt\\\/50-1000-v-ac-dc-spb-ub\\\/#primaryimage\",\"url\":\"https:\\\/\\\/www.stalskog.se\\\/wp-content\\\/uploads\\\/2022\\\/06\\\/spb-ub_norm.png\",\"contentUrl\":\"https:\\\/\\\/www.stalskog.se\\\/wp-content\\\/uploads\\\/2022\\\/06\\\/spb-ub_norm.png\",\"width\":160,\"height\":300},{\"@type\":\"BreadcrumbList\",\"@id\":\"https:\\\/\\\/www.stalskog.se\\\/en\\\/produkt\\\/50-1000-v-ac-dc-spb-ub\\\/#breadcrumb\",\"itemListElement\":[{\"@type\":\"ListItem\",\"position\":1,\"name\":\"Hem\",\"item\":\"https:\\\/\\\/www.stalskog.se\\\/en\\\/\"},{\"@type\":\"ListItem\",\"position\":2,\"name\":\"Produkter\",\"item\":\"https:\\\/\\\/www.stalskog.se\\\/?page_id=3235\"},{\"@type\":\"ListItem\",\"position\":3,\"name\":\"9. Voltage Detectors \\\/Phase comparator\",\"item\":\"https:\\\/\\\/www.stalskog.se\\\/en\\\/category\\\/voltage-detectors-phase-comparator\\\/\"},{\"@type\":\"ListItem\",\"position\":4,\"name\":\"50&#8230;1000 V AC\\\/DC SPB-UB\"}]},{\"@type\":\"WebSite\",\"@id\":\"https:\\\/\\\/www.stalskog.se\\\/en\\\/#website\",\"url\":\"https:\\\/\\\/www.stalskog.se\\\/en\\\/\",\"name\":\"Ragnar St\u00e5lskog\",\"description\":\"\",\"publisher\":{\"@id\":\"https:\\\/\\\/www.stalskog.se\\\/en\\\/#organization\"},\"potentialAction\":[{\"@type\":\"SearchAction\",\"target\":{\"@type\":\"EntryPoint\",\"urlTemplate\":\"https:\\\/\\\/www.stalskog.se\\\/en\\\/?s={search_term_string}\"},\"query-input\":{\"@type\":\"PropertyValueSpecification\",\"valueRequired\":true,\"valueName\":\"search_term_string\"}}],\"inLanguage\":\"en-US\"},{\"@type\":\"Organization\",\"@id\":\"https:\\\/\\\/www.stalskog.se\\\/en\\\/#organization\",\"name\":\"Ragnar St\u00e5lskog\",\"url\":\"https:\\\/\\\/www.stalskog.se\\\/en\\\/\",\"logo\":{\"@type\":\"ImageObject\",\"inLanguage\":\"en-US\",\"@id\":\"https:\\\/\\\/www.stalskog.se\\\/en\\\/#\\\/schema\\\/logo\\\/image\\\/\",\"url\":\"https:\\\/\\\/www.stalskog.se\\\/wp-content\\\/uploads\\\/2022\\\/03\\\/logo_o.png\",\"contentUrl\":\"https:\\\/\\\/www.stalskog.se\\\/wp-content\\\/uploads\\\/2022\\\/03\\\/logo_o.png\",\"width\":410,\"height\":99,\"caption\":\"Ragnar St\u00e5lskog\"},\"image\":{\"@id\":\"https:\\\/\\\/www.stalskog.se\\\/en\\\/#\\\/schema\\\/logo\\\/image\\\/\"}}]}<\/script>\n<!-- \/ Yoast SEO plugin. -->","yoast_head_json":{"title":"50...1000 V AC\/DC SPB-UB &#8211; Ragnar St\u00e5lskog","description":"Sp\u00e4nningsomr\u00e5de 50 V - 1000 V AC\/DC, 0 - 2000 Hz. EN 61243-3. 2-polig sp\u00e4nningsprovare SPB-UB speciellt anpassad f\u00f6r att testa str\u00f6mskenor p\u00e5 tunnelbanor","robots":{"index":"index","follow":"follow","max-snippet":"max-snippet:-1","max-image-preview":"max-image-preview:large","max-video-preview":"max-video-preview:-1"},"canonical":"https:\/\/www.stalskog.se\/en\/produkt\/50-1000-v-ac-dc-spb-ub\/","og_locale":"en_US","og_type":"article","og_title":"50...1000 V AC\/DC SPB-UB &#8211; Ragnar St\u00e5lskog","og_description":"Sp\u00e4nningsomr\u00e5de 50 V - 1000 V AC\/DC, 0 - 2000 Hz. EN 61243-3. 2-polig sp\u00e4nningsprovare SPB-UB speciellt anpassad f\u00f6r att testa str\u00f6mskenor p\u00e5 tunnelbanor","og_url":"https:\/\/www.stalskog.se\/en\/produkt\/50-1000-v-ac-dc-spb-ub\/","og_site_name":"Ragnar St\u00e5lskog","article_modified_time":"2022-09-16T13:44:16+00:00","og_image":[{"width":160,"height":300,"url":"https:\/\/www.stalskog.se\/wp-content\/uploads\/2022\/06\/spb-ub_norm.png","type":"image\/png"}],"twitter_card":"summary_large_image","twitter_misc":{"Est. reading time":"1 minute"},"schema":{"@context":"https:\/\/schema.org","@graph":[{"@type":"WebPage","@id":"https:\/\/www.stalskog.se\/en\/produkt\/50-1000-v-ac-dc-spb-ub\/","url":"https:\/\/www.stalskog.se\/en\/produkt\/50-1000-v-ac-dc-spb-ub\/","name":"50...1000 V AC\/DC SPB-UB &#8211; Ragnar St\u00e5lskog","isPartOf":{"@id":"https:\/\/www.stalskog.se\/en\/#website"},"primaryImageOfPage":{"@id":"https:\/\/www.stalskog.se\/en\/produkt\/50-1000-v-ac-dc-spb-ub\/#primaryimage"},"image":{"@id":"https:\/\/www.stalskog.se\/en\/produkt\/50-1000-v-ac-dc-spb-ub\/#primaryimage"},"thumbnailUrl":"https:\/\/www.stalskog.se\/wp-content\/uploads\/2022\/06\/spb-ub_norm.png","datePublished":"2022-06-02T12:43:06+00:00","dateModified":"2022-09-16T13:44:16+00:00","description":"Sp\u00e4nningsomr\u00e5de 50 V - 1000 V AC\/DC, 0 - 2000 Hz. EN 61243-3. 2-polig sp\u00e4nningsprovare SPB-UB speciellt anpassad f\u00f6r att testa str\u00f6mskenor p\u00e5 tunnelbanor","breadcrumb":{"@id":"https:\/\/www.stalskog.se\/en\/produkt\/50-1000-v-ac-dc-spb-ub\/#breadcrumb"},"inLanguage":"en-US","potentialAction":[{"@type":"ReadAction","target":["https:\/\/www.stalskog.se\/en\/produkt\/50-1000-v-ac-dc-spb-ub\/"]}]},{"@type":"ImageObject","inLanguage":"en-US","@id":"https:\/\/www.stalskog.se\/en\/produkt\/50-1000-v-ac-dc-spb-ub\/#primaryimage","url":"https:\/\/www.stalskog.se\/wp-content\/uploads\/2022\/06\/spb-ub_norm.png","contentUrl":"https:\/\/www.stalskog.se\/wp-content\/uploads\/2022\/06\/spb-ub_norm.png","width":160,"height":300},{"@type":"BreadcrumbList","@id":"https:\/\/www.stalskog.se\/en\/produkt\/50-1000-v-ac-dc-spb-ub\/#breadcrumb","itemListElement":[{"@type":"ListItem","position":1,"name":"Hem","item":"https:\/\/www.stalskog.se\/en\/"},{"@type":"ListItem","position":2,"name":"Produkter","item":"https:\/\/www.stalskog.se\/?page_id=3235"},{"@type":"ListItem","position":3,"name":"9. Voltage Detectors \/Phase comparator","item":"https:\/\/www.stalskog.se\/en\/category\/voltage-detectors-phase-comparator\/"},{"@type":"ListItem","position":4,"name":"50&#8230;1000 V AC\/DC SPB-UB"}]},{"@type":"WebSite","@id":"https:\/\/www.stalskog.se\/en\/#website","url":"https:\/\/www.stalskog.se\/en\/","name":"Ragnar St\u00e5lskog","description":"","publisher":{"@id":"https:\/\/www.stalskog.se\/en\/#organization"},"potentialAction":[{"@type":"SearchAction","target":{"@type":"EntryPoint","urlTemplate":"https:\/\/www.stalskog.se\/en\/?s={search_term_string}"},"query-input":{"@type":"PropertyValueSpecification","valueRequired":true,"valueName":"search_term_string"}}],"inLanguage":"en-US"},{"@type":"Organization","@id":"https:\/\/www.stalskog.se\/en\/#organization","name":"Ragnar St\u00e5lskog","url":"https:\/\/www.stalskog.se\/en\/","logo":{"@type":"ImageObject","inLanguage":"en-US","@id":"https:\/\/www.stalskog.se\/en\/#\/schema\/logo\/image\/","url":"https:\/\/www.stalskog.se\/wp-content\/uploads\/2022\/03\/logo_o.png","contentUrl":"https:\/\/www.stalskog.se\/wp-content\/uploads\/2022\/03\/logo_o.png","width":410,"height":99,"caption":"Ragnar St\u00e5lskog"},"image":{"@id":"https:\/\/www.stalskog.se\/en\/#\/schema\/logo\/image\/"}}]}},"_links":{"self":[{"href":"https:\/\/www.stalskog.se\/en\/wp-json\/wp\/v2\/product\/9717","targetHints":{"allow":["GET"]}}],"collection":[{"href":"https:\/\/www.stalskog.se\/en\/wp-json\/wp\/v2\/product"}],"about":[{"href":"https:\/\/www.stalskog.se\/en\/wp-json\/wp\/v2\/types\/product"}],"replies":[{"embeddable":true,"href":"https:\/\/www.stalskog.se\/en\/wp-json\/wp\/v2\/comments?post=9717"}],"wp:featuredmedia":[{"embeddable":true,"href":"https:\/\/www.stalskog.se\/en\/wp-json\/wp\/v2\/media\/9718"}],"wp:attachment":[{"href":"https:\/\/www.stalskog.se\/en\/wp-json\/wp\/v2\/media?parent=9717"}],"wp:term":[{"taxonomy":"product_brand","embeddable":true,"href":"https:\/\/www.stalskog.se\/en\/wp-json\/wp\/v2\/product_brand?post=9717"},{"taxonomy":"product_cat","embeddable":true,"href":"https:\/\/www.stalskog.se\/en\/wp-json\/wp\/v2\/product_cat?post=9717"},{"taxonomy":"product_tag","embeddable":true,"href":"https:\/\/www.stalskog.se\/en\/wp-json\/wp\/v2\/product_tag?post=9717"}],"curies":[{"name":"wp","href":"https:\/\/api.w.org\/{rel}","templated":true}]}}