{"id":9864,"date":"2022-06-02T13:54:14","date_gmt":"2022-06-02T13:54:14","guid":{"rendered":"https:\/\/www.stalskog.se\/produkt\/ultra-sound-high-measurement-tool-suparule\/"},"modified":"2022-06-02T13:56:09","modified_gmt":"2022-06-02T13:56:09","slug":"ultra-sound-high-measurement-tool-suparule","status":"publish","type":"product","link":"https:\/\/www.stalskog.se\/en\/produkt\/ultra-sound-high-measurement-tool-suparule\/","title":{"rendered":"Ultra-sound high measurement tool SUPARULE"},"content":{"rendered":"<p>The ultrasonic height meter SUPARULE 600 is designed for height measurement of distribution lines, transmission lines, telephone lines, street lighting etc. The Suparule Cable Height Meter utilises ultrasonic signals to determine the height of overhead cables.<br \/>\nThe unit provides a safe measurement (no physical contact between the instrument and measurement object).<br \/>\nMeasures and stores up to six cables between range 3-15 m (SUPARULE 600) or 3\u2013 23 m (SUPARULE 600E) with a high measurement accuracy (0.5 %). Min. line \u00d8 2.5 mm up to 10 m, \u00d8 5.5 mm up to 12 m, \u00d8 12 mm up to 15 m, \u00d8 25 mm up to 23 m.<br \/>\nOperating temperature: -10\u00b0C to +40\u00b0C. Fitted with a 9 V alkaline battery. Supplied with instruction manual and leather case.<\/p>\n","protected":false},"excerpt":{"rendered":"<p>The ultrasonic height meter SUPARULE 600 is designed for height measurement of distribution lines, transmission lines, telephone lines, street lighting etc. The Suparule Cable Height Meter utilises ultrasonic signals to determine the height of overhead cables. The unit provides a safe measurement (no physical contact between the instrument and measurement object). Measures and stores up [&hellip;]<\/p>\n","protected":false},"featured_media":9857,"comment_status":"closed","ping_status":"closed","template":"","meta":{"_acf_changed":false},"product_brand":[],"product_cat":[71],"product_tag":[],"class_list":{"0":"post-9864","1":"product","2":"type-product","3":"status-publish","4":"has-post-thumbnail","6":"product_cat-test-instruments","8":"first","9":"instock","10":"shipping-taxable","11":"product-type-simple"},"acf":[],"yoast_head":"<!-- This site is optimized with the Yoast SEO plugin v27.5 - https:\/\/yoast.com\/product\/yoast-seo-wordpress\/ -->\n<title>Ultra-sound high measurement tool SUPARULE &#8211; Ragnar St\u00e5lskog<\/title>\n<meta name=\"description\" content=\"The ultrasonic height meter SUPARULE 600 is designed for height measurement of distribution lines, transmission lines, telephone lines, street lighting\" \/>\n<meta name=\"robots\" content=\"index, follow, max-snippet:-1, max-image-preview:large, max-video-preview:-1\" \/>\n<link rel=\"canonical\" href=\"https:\/\/www.stalskog.se\/en\/produkt\/ultra-sound-high-measurement-tool-suparule\/\" \/>\n<meta property=\"og:locale\" content=\"en_US\" \/>\n<meta property=\"og:type\" content=\"article\" \/>\n<meta property=\"og:title\" content=\"Ultra-sound high measurement tool SUPARULE &#8211; Ragnar St\u00e5lskog\" \/>\n<meta property=\"og:description\" content=\"The ultrasonic height meter SUPARULE 600 is designed for height measurement of distribution lines, transmission lines, telephone lines, street lighting\" \/>\n<meta property=\"og:url\" content=\"https:\/\/www.stalskog.se\/en\/produkt\/ultra-sound-high-measurement-tool-suparule\/\" \/>\n<meta property=\"og:site_name\" content=\"Ragnar St\u00e5lskog\" \/>\n<meta property=\"article:modified_time\" content=\"2022-06-02T13:56:09+00:00\" \/>\n<meta property=\"og:image\" content=\"https:\/\/www.stalskog.se\/wp-content\/uploads\/2022\/06\/suparule_norm.png\" \/>\n\t<meta property=\"og:image:width\" content=\"349\" \/>\n\t<meta property=\"og:image:height\" content=\"300\" \/>\n\t<meta property=\"og:image:type\" content=\"image\/png\" \/>\n<meta name=\"twitter:card\" content=\"summary_large_image\" \/>\n<meta name=\"twitter:label1\" content=\"Est. reading time\" \/>\n\t<meta name=\"twitter:data1\" content=\"1 minute\" \/>\n<script type=\"application\/ld+json\" class=\"yoast-schema-graph\">{\"@context\":\"https:\\\/\\\/schema.org\",\"@graph\":[{\"@type\":\"WebPage\",\"@id\":\"https:\\\/\\\/www.stalskog.se\\\/en\\\/produkt\\\/ultra-sound-high-measurement-tool-suparule\\\/\",\"url\":\"https:\\\/\\\/www.stalskog.se\\\/en\\\/produkt\\\/ultra-sound-high-measurement-tool-suparule\\\/\",\"name\":\"Ultra-sound high measurement tool SUPARULE &#8211; Ragnar St\u00e5lskog\",\"isPartOf\":{\"@id\":\"https:\\\/\\\/www.stalskog.se\\\/en\\\/#website\"},\"primaryImageOfPage\":{\"@id\":\"https:\\\/\\\/www.stalskog.se\\\/en\\\/produkt\\\/ultra-sound-high-measurement-tool-suparule\\\/#primaryimage\"},\"image\":{\"@id\":\"https:\\\/\\\/www.stalskog.se\\\/en\\\/produkt\\\/ultra-sound-high-measurement-tool-suparule\\\/#primaryimage\"},\"thumbnailUrl\":\"https:\\\/\\\/www.stalskog.se\\\/wp-content\\\/uploads\\\/2022\\\/06\\\/suparule_norm.png\",\"datePublished\":\"2022-06-02T13:54:14+00:00\",\"dateModified\":\"2022-06-02T13:56:09+00:00\",\"description\":\"The ultrasonic height meter SUPARULE 600 is designed for height measurement of distribution lines, transmission lines, telephone lines, street lighting\",\"breadcrumb\":{\"@id\":\"https:\\\/\\\/www.stalskog.se\\\/en\\\/produkt\\\/ultra-sound-high-measurement-tool-suparule\\\/#breadcrumb\"},\"inLanguage\":\"en-US\",\"potentialAction\":[{\"@type\":\"ReadAction\",\"target\":[\"https:\\\/\\\/www.stalskog.se\\\/en\\\/produkt\\\/ultra-sound-high-measurement-tool-suparule\\\/\"]}]},{\"@type\":\"ImageObject\",\"inLanguage\":\"en-US\",\"@id\":\"https:\\\/\\\/www.stalskog.se\\\/en\\\/produkt\\\/ultra-sound-high-measurement-tool-suparule\\\/#primaryimage\",\"url\":\"https:\\\/\\\/www.stalskog.se\\\/wp-content\\\/uploads\\\/2022\\\/06\\\/suparule_norm.png\",\"contentUrl\":\"https:\\\/\\\/www.stalskog.se\\\/wp-content\\\/uploads\\\/2022\\\/06\\\/suparule_norm.png\",\"width\":349,\"height\":300},{\"@type\":\"BreadcrumbList\",\"@id\":\"https:\\\/\\\/www.stalskog.se\\\/en\\\/produkt\\\/ultra-sound-high-measurement-tool-suparule\\\/#breadcrumb\",\"itemListElement\":[{\"@type\":\"ListItem\",\"position\":1,\"name\":\"Hem\",\"item\":\"https:\\\/\\\/www.stalskog.se\\\/en\\\/\"},{\"@type\":\"ListItem\",\"position\":2,\"name\":\"Produkter\",\"item\":\"https:\\\/\\\/www.stalskog.se\\\/?page_id=3235\"},{\"@type\":\"ListItem\",\"position\":3,\"name\":\"10. Test Instruments\",\"item\":\"https:\\\/\\\/www.stalskog.se\\\/en\\\/category\\\/test-instruments\\\/\"},{\"@type\":\"ListItem\",\"position\":4,\"name\":\"Ultra-sound high measurement tool SUPARULE\"}]},{\"@type\":\"WebSite\",\"@id\":\"https:\\\/\\\/www.stalskog.se\\\/en\\\/#website\",\"url\":\"https:\\\/\\\/www.stalskog.se\\\/en\\\/\",\"name\":\"Ragnar St\u00e5lskog\",\"description\":\"\",\"publisher\":{\"@id\":\"https:\\\/\\\/www.stalskog.se\\\/en\\\/#organization\"},\"potentialAction\":[{\"@type\":\"SearchAction\",\"target\":{\"@type\":\"EntryPoint\",\"urlTemplate\":\"https:\\\/\\\/www.stalskog.se\\\/en\\\/?s={search_term_string}\"},\"query-input\":{\"@type\":\"PropertyValueSpecification\",\"valueRequired\":true,\"valueName\":\"search_term_string\"}}],\"inLanguage\":\"en-US\"},{\"@type\":\"Organization\",\"@id\":\"https:\\\/\\\/www.stalskog.se\\\/en\\\/#organization\",\"name\":\"Ragnar St\u00e5lskog\",\"url\":\"https:\\\/\\\/www.stalskog.se\\\/en\\\/\",\"logo\":{\"@type\":\"ImageObject\",\"inLanguage\":\"en-US\",\"@id\":\"https:\\\/\\\/www.stalskog.se\\\/en\\\/#\\\/schema\\\/logo\\\/image\\\/\",\"url\":\"https:\\\/\\\/www.stalskog.se\\\/wp-content\\\/uploads\\\/2022\\\/03\\\/logo_o.png\",\"contentUrl\":\"https:\\\/\\\/www.stalskog.se\\\/wp-content\\\/uploads\\\/2022\\\/03\\\/logo_o.png\",\"width\":410,\"height\":99,\"caption\":\"Ragnar St\u00e5lskog\"},\"image\":{\"@id\":\"https:\\\/\\\/www.stalskog.se\\\/en\\\/#\\\/schema\\\/logo\\\/image\\\/\"}}]}<\/script>\n<!-- \/ Yoast SEO plugin. -->","yoast_head_json":{"title":"Ultra-sound high measurement tool SUPARULE &#8211; Ragnar St\u00e5lskog","description":"The ultrasonic height meter SUPARULE 600 is designed for height measurement of distribution lines, transmission lines, telephone lines, street lighting","robots":{"index":"index","follow":"follow","max-snippet":"max-snippet:-1","max-image-preview":"max-image-preview:large","max-video-preview":"max-video-preview:-1"},"canonical":"https:\/\/www.stalskog.se\/en\/produkt\/ultra-sound-high-measurement-tool-suparule\/","og_locale":"en_US","og_type":"article","og_title":"Ultra-sound high measurement tool SUPARULE &#8211; Ragnar St\u00e5lskog","og_description":"The ultrasonic height meter SUPARULE 600 is designed for height measurement of distribution lines, transmission lines, telephone lines, street lighting","og_url":"https:\/\/www.stalskog.se\/en\/produkt\/ultra-sound-high-measurement-tool-suparule\/","og_site_name":"Ragnar St\u00e5lskog","article_modified_time":"2022-06-02T13:56:09+00:00","og_image":[{"width":349,"height":300,"url":"https:\/\/www.stalskog.se\/wp-content\/uploads\/2022\/06\/suparule_norm.png","type":"image\/png"}],"twitter_card":"summary_large_image","twitter_misc":{"Est. reading time":"1 minute"},"schema":{"@context":"https:\/\/schema.org","@graph":[{"@type":"WebPage","@id":"https:\/\/www.stalskog.se\/en\/produkt\/ultra-sound-high-measurement-tool-suparule\/","url":"https:\/\/www.stalskog.se\/en\/produkt\/ultra-sound-high-measurement-tool-suparule\/","name":"Ultra-sound high measurement tool SUPARULE &#8211; Ragnar St\u00e5lskog","isPartOf":{"@id":"https:\/\/www.stalskog.se\/en\/#website"},"primaryImageOfPage":{"@id":"https:\/\/www.stalskog.se\/en\/produkt\/ultra-sound-high-measurement-tool-suparule\/#primaryimage"},"image":{"@id":"https:\/\/www.stalskog.se\/en\/produkt\/ultra-sound-high-measurement-tool-suparule\/#primaryimage"},"thumbnailUrl":"https:\/\/www.stalskog.se\/wp-content\/uploads\/2022\/06\/suparule_norm.png","datePublished":"2022-06-02T13:54:14+00:00","dateModified":"2022-06-02T13:56:09+00:00","description":"The ultrasonic height meter SUPARULE 600 is designed for height measurement of distribution lines, transmission lines, telephone lines, street lighting","breadcrumb":{"@id":"https:\/\/www.stalskog.se\/en\/produkt\/ultra-sound-high-measurement-tool-suparule\/#breadcrumb"},"inLanguage":"en-US","potentialAction":[{"@type":"ReadAction","target":["https:\/\/www.stalskog.se\/en\/produkt\/ultra-sound-high-measurement-tool-suparule\/"]}]},{"@type":"ImageObject","inLanguage":"en-US","@id":"https:\/\/www.stalskog.se\/en\/produkt\/ultra-sound-high-measurement-tool-suparule\/#primaryimage","url":"https:\/\/www.stalskog.se\/wp-content\/uploads\/2022\/06\/suparule_norm.png","contentUrl":"https:\/\/www.stalskog.se\/wp-content\/uploads\/2022\/06\/suparule_norm.png","width":349,"height":300},{"@type":"BreadcrumbList","@id":"https:\/\/www.stalskog.se\/en\/produkt\/ultra-sound-high-measurement-tool-suparule\/#breadcrumb","itemListElement":[{"@type":"ListItem","position":1,"name":"Hem","item":"https:\/\/www.stalskog.se\/en\/"},{"@type":"ListItem","position":2,"name":"Produkter","item":"https:\/\/www.stalskog.se\/?page_id=3235"},{"@type":"ListItem","position":3,"name":"10. Test Instruments","item":"https:\/\/www.stalskog.se\/en\/category\/test-instruments\/"},{"@type":"ListItem","position":4,"name":"Ultra-sound high measurement tool SUPARULE"}]},{"@type":"WebSite","@id":"https:\/\/www.stalskog.se\/en\/#website","url":"https:\/\/www.stalskog.se\/en\/","name":"Ragnar St\u00e5lskog","description":"","publisher":{"@id":"https:\/\/www.stalskog.se\/en\/#organization"},"potentialAction":[{"@type":"SearchAction","target":{"@type":"EntryPoint","urlTemplate":"https:\/\/www.stalskog.se\/en\/?s={search_term_string}"},"query-input":{"@type":"PropertyValueSpecification","valueRequired":true,"valueName":"search_term_string"}}],"inLanguage":"en-US"},{"@type":"Organization","@id":"https:\/\/www.stalskog.se\/en\/#organization","name":"Ragnar St\u00e5lskog","url":"https:\/\/www.stalskog.se\/en\/","logo":{"@type":"ImageObject","inLanguage":"en-US","@id":"https:\/\/www.stalskog.se\/en\/#\/schema\/logo\/image\/","url":"https:\/\/www.stalskog.se\/wp-content\/uploads\/2022\/03\/logo_o.png","contentUrl":"https:\/\/www.stalskog.se\/wp-content\/uploads\/2022\/03\/logo_o.png","width":410,"height":99,"caption":"Ragnar St\u00e5lskog"},"image":{"@id":"https:\/\/www.stalskog.se\/en\/#\/schema\/logo\/image\/"}}]}},"_links":{"self":[{"href":"https:\/\/www.stalskog.se\/en\/wp-json\/wp\/v2\/product\/9864","targetHints":{"allow":["GET"]}}],"collection":[{"href":"https:\/\/www.stalskog.se\/en\/wp-json\/wp\/v2\/product"}],"about":[{"href":"https:\/\/www.stalskog.se\/en\/wp-json\/wp\/v2\/types\/product"}],"replies":[{"embeddable":true,"href":"https:\/\/www.stalskog.se\/en\/wp-json\/wp\/v2\/comments?post=9864"}],"wp:featuredmedia":[{"embeddable":true,"href":"https:\/\/www.stalskog.se\/en\/wp-json\/wp\/v2\/media\/9857"}],"wp:attachment":[{"href":"https:\/\/www.stalskog.se\/en\/wp-json\/wp\/v2\/media?parent=9864"}],"wp:term":[{"taxonomy":"product_brand","embeddable":true,"href":"https:\/\/www.stalskog.se\/en\/wp-json\/wp\/v2\/product_brand?post=9864"},{"taxonomy":"product_cat","embeddable":true,"href":"https:\/\/www.stalskog.se\/en\/wp-json\/wp\/v2\/product_cat?post=9864"},{"taxonomy":"product_tag","embeddable":true,"href":"https:\/\/www.stalskog.se\/en\/wp-json\/wp\/v2\/product_tag?post=9864"}],"curies":[{"name":"wp","href":"https:\/\/api.w.org\/{rel}","templated":true}]}}