{"id":3117,"date":"2022-04-19T09:10:42","date_gmt":"2022-04-19T09:10:42","guid":{"rendered":"https:\/\/www.stalskog.se\/?page_id=3117"},"modified":"2022-05-09T14:20:47","modified_gmt":"2022-05-09T14:20:47","slug":"historiikki","status":"publish","type":"page","link":"https:\/\/www.stalskog.se\/fi\/meista\/historiikki\/","title":{"rendered":"Historiikki"},"content":{"rendered":"\t\t<div data-elementor-type=\"wp-page\" data-elementor-id=\"3117\" class=\"elementor elementor-3117 elementor-2992\" data-elementor-post-type=\"page\">\n\t\t\t\t\t\t<section class=\"elementor-section elementor-top-section elementor-element elementor-element-652507b elementor-section-height-min-height elementor-section-boxed elementor-section-height-default elementor-section-items-middle\" data-id=\"652507b\" data-element_type=\"section\" data-e-type=\"section\" data-settings=\"{&quot;background_background&quot;:&quot;classic&quot;}\">\n\t\t\t\t\t\t\t<div class=\"elementor-background-overlay\"><\/div>\n\t\t\t\t\t\t\t<div class=\"elementor-container elementor-column-gap-default\">\n\t\t\t\t\t<div class=\"elementor-column elementor-col-100 elementor-top-column elementor-element elementor-element-28b2df0\" data-id=\"28b2df0\" data-element_type=\"column\" data-e-type=\"column\">\n\t\t\t<div class=\"elementor-widget-wrap elementor-element-populated\">\n\t\t\t\t\t\t<div class=\"elementor-element elementor-element-e7757d5 elementor-widget elementor-widget-heading\" data-id=\"e7757d5\" data-element_type=\"widget\" data-e-type=\"widget\" data-widget_type=\"heading.default\">\n\t\t\t\t<div class=\"elementor-widget-container\">\n\t\t\t\t\t<h1 class=\"elementor-heading-title elementor-size-default\">HISTORIIKKI<\/h1>\t\t\t\t<\/div>\n\t\t\t\t<\/div>\n\t\t\t\t\t<\/div>\n\t\t<\/div>\n\t\t\t\t\t<\/div>\n\t\t<\/section>\n\t\t\t\t<section class=\"elementor-section elementor-top-section elementor-element elementor-element-b70b468 elementor-section-full_width elementor-section-height-default elementor-section-height-default\" data-id=\"b70b468\" data-element_type=\"section\" data-e-type=\"section\">\n\t\t\t\t\t\t<div class=\"elementor-container elementor-column-gap-default\">\n\t\t\t\t\t<div class=\"elementor-column elementor-col-100 elementor-top-column elementor-element elementor-element-7a656c3\" data-id=\"7a656c3\" data-element_type=\"column\" data-e-type=\"column\">\n\t\t\t<div class=\"elementor-widget-wrap elementor-element-populated\">\n\t\t\t\t\t\t<div class=\"elementor-element elementor-element-6cc22d4 elementor-widget elementor-widget-shortcode\" data-id=\"6cc22d4\" data-element_type=\"widget\" data-e-type=\"widget\" data-widget_type=\"shortcode.default\">\n\t\t\t\t<div class=\"elementor-widget-container\">\n\t\t\t\t\t\t\t<div class=\"elementor-shortcode\">\t\t<div data-elementor-type=\"section\" data-elementor-id=\"15083\" class=\"elementor elementor-15083 elementor-1919 elementor-1919\" data-elementor-post-type=\"elementor_library\">\n\t\t\t\t\t<section class=\"elementor-section elementor-top-section elementor-element elementor-element-1443c7ba elementor-section-height-min-height elementor-section-boxed elementor-section-height-default elementor-section-items-middle\" data-id=\"1443c7ba\" data-element_type=\"section\" data-e-type=\"section\" data-settings=\"{&quot;background_background&quot;:&quot;classic&quot;}\">\n\t\t\t\t\t\t\t<div class=\"elementor-background-overlay\"><\/div>\n\t\t\t\t\t\t\t<div class=\"elementor-container elementor-column-gap-default\">\n\t\t\t\t\t<div class=\"elementor-column elementor-col-100 elementor-top-column elementor-element elementor-element-35100657\" data-id=\"35100657\" data-element_type=\"column\" data-e-type=\"column\">\n\t\t\t<div class=\"elementor-widget-wrap elementor-element-populated\">\n\t\t\t\t\t\t<div class=\"elementor-element elementor-element-bfe333f elementor-widget elementor-widget-woocommerce-breadcrumb\" data-id=\"bfe333f\" data-element_type=\"widget\" data-e-type=\"widget\" data-widget_type=\"woocommerce-breadcrumb.default\">\n\t\t\t\t<div class=\"elementor-widget-container\">\n\t\t\t\t\t<nav class=\"woocommerce-breadcrumb\" aria-label=\"Breadcrumb\">Etusivu<\/nav>\t\t\t\t<\/div>\n\t\t\t\t<\/div>\n\t\t\t\t\t<\/div>\n\t\t<\/div>\n\t\t\t\t\t<\/div>\n\t\t<\/section>\n\t\t\t\t<\/div>\n\t\t<\/div>\n\t\t\t\t\t\t<\/div>\n\t\t\t\t<\/div>\n\t\t\t\t\t<\/div>\n\t\t<\/div>\n\t\t\t\t\t<\/div>\n\t\t<\/section>\n\t\t\t\t<section class=\"elementor-section elementor-top-section elementor-element elementor-element-b61e97c elementor-section-boxed elementor-section-height-default elementor-section-height-default\" data-id=\"b61e97c\" data-element_type=\"section\" data-e-type=\"section\">\n\t\t\t\t\t\t<div class=\"elementor-container elementor-column-gap-default\">\n\t\t\t\t\t<div class=\"elementor-column elementor-col-100 elementor-top-column elementor-element elementor-element-1aabd3f\" data-id=\"1aabd3f\" data-element_type=\"column\" data-e-type=\"column\">\n\t\t\t<div class=\"elementor-widget-wrap elementor-element-populated\">\n\t\t\t\t\t\t<section class=\"elementor-section elementor-inner-section elementor-element elementor-element-f02cfcb elementor-section-boxed elementor-section-height-default elementor-section-height-default\" data-id=\"f02cfcb\" data-element_type=\"section\" data-e-type=\"section\">\n\t\t\t\t\t\t<div class=\"elementor-container elementor-column-gap-default\">\n\t\t\t\t\t<div class=\"elementor-column elementor-col-50 elementor-inner-column elementor-element elementor-element-1c7b89e\" data-id=\"1c7b89e\" data-element_type=\"column\" data-e-type=\"column\">\n\t\t\t<div class=\"elementor-widget-wrap elementor-element-populated\">\n\t\t\t\t\t\t<div class=\"elementor-element elementor-element-4505915 elementor-widget elementor-widget-heading\" data-id=\"4505915\" data-element_type=\"widget\" data-e-type=\"widget\" data-widget_type=\"heading.default\">\n\t\t\t\t<div class=\"elementor-widget-container\">\n\t\t\t\t\t<h2 class=\"elementor-heading-title elementor-size-default\">HISTORIIKKI<\/h2>\t\t\t\t<\/div>\n\t\t\t\t<\/div>\n\t\t\t\t<div class=\"elementor-element elementor-element-9908438 elementor-widget__width-initial elementor-widget elementor-widget-text-editor\" data-id=\"9908438\" data-element_type=\"widget\" data-e-type=\"widget\" data-widget_type=\"text-editor.default\">\n\t\t\t\t<div class=\"elementor-widget-container\">\n\t\t\t\t\t\t\t\t\t<p>Ragnar St\u00e5lskog AB perustettiin vuonna 1955 insin\u00f6\u00f6ri Ragnar St\u00e5lskogin toimesta vastauksena luotettavien maadoitusv\u00e4lineiden tarpeeseen s\u00e4hk\u00f6laitoksissa.<\/p><p>Tuolloin k\u00e4yt\u00f6ss\u00e4 olleet v\u00e4lineet eiv\u00e4t t\u00e4ytt\u00e4neet ajan vaatimuksia. Alalla tapahtui lukuisia onnettomuuksia puutteellisten v\u00e4lineiden takia, eik\u00e4 ruotsalainen s\u00e4hk\u00f6voimateollisuus l\u00f6yt\u00e4nyt sopivia tuotteita markkinoilta.<\/p><p>Aloitettiin l\u00e4heinen yhteisty\u00f6 asiakkaiden, standardisoimisj\u00e4rjest\u00f6jen, tutkimuslaitosten ja viranomaisten kanssa. Yrityksen taakse valjastettiin parhaat asiantuntijat koko teollisuudenalalta.<\/p><p>Samalla k\u00e4ynnistettiin intensiivinen tutkimus- ja kehitysty\u00f6, joka tuotti monia yksil\u00f6llisi\u00e4 ratkaisuja. Kentt\u00e4kokeet ja laboratoriotestit osoittivat v\u00e4lineiden vaatimustenmukaisuuden. Yritys kehitti mm. menetelm\u00e4n, jonka avulla pystyttiin valmistamaan lasikuituvahvisteisia polyesterisauvoja, ja se oli ensimm\u00e4inen t\u00e4m\u00e4n putkityypin valmistaja Euroopassa.<br \/>Yrityksen maine alalla kasvoi nopeasti ja useimmat suuret voimayhti\u00f6t kiinnostuivat sen tuotteista.<\/p>\t\t\t\t\t\t\t\t<\/div>\n\t\t\t\t<\/div>\n\t\t\t\t<div class=\"elementor-element elementor-element-a64c64d elementor-widget elementor-widget-image\" data-id=\"a64c64d\" data-element_type=\"widget\" data-e-type=\"widget\" data-widget_type=\"image.default\">\n\t\t\t\t<div class=\"elementor-widget-container\">\n\t\t\t\t\t\t\t\t\t\t\t\t\t\t\t<img fetchpriority=\"high\" decoding=\"async\" width=\"800\" height=\"347\" src=\"https:\/\/www.stalskog.se\/wp-content\/uploads\/2022\/04\/foretag_ga.jpg\" class=\"attachment-large size-large wp-image-2978\" alt=\"\" srcset=\"https:\/\/www.stalskog.se\/wp-content\/uploads\/2022\/04\/foretag_ga.jpg 1025w, https:\/\/www.stalskog.se\/wp-content\/uploads\/2022\/04\/foretag_ga-300x130.jpg 300w, https:\/\/www.stalskog.se\/wp-content\/uploads\/2022\/04\/foretag_ga-600x260.jpg 600w, https:\/\/www.stalskog.se\/wp-content\/uploads\/2022\/04\/foretag_ga-768x333.jpg 768w\" sizes=\"(max-width: 800px) 100vw, 800px\" \/>\t\t\t\t\t\t\t\t\t\t\t\t\t\t\t<\/div>\n\t\t\t\t<\/div>\n\t\t\t\t<div class=\"elementor-element elementor-element-10767f3 elementor-widget__width-initial elementor-widget elementor-widget-text-editor\" data-id=\"10767f3\" data-element_type=\"widget\" data-e-type=\"widget\" data-widget_type=\"text-editor.default\">\n\t\t\t\t<div class=\"elementor-widget-container\">\n\t\t\t\t\t\t\t\t\t<p>V\u00e4lineet olivat luotettavia, helppok\u00e4ytt\u00f6isi\u00e4 ja saivat nopeasti arvostusta k\u00e4ytt\u00e4jien keskuudessa. Materiaalivalinnat ja tarkka koneistaminen takasivat helppok\u00e4ytt\u00f6isten tuotteiden varman toimivuuden ja pitk\u00e4n k\u00e4ytt\u00f6i\u00e4n. Asiakkaiden kohonneet laatuvaatimukset saivat aikaan murroksen teollisuudenalalla.<br \/>Kysynt\u00e4 kasvoi ja toimitukset laajenivat koko maahan. My\u00f6s Tanska, Suomi ja Norja kiinnostuivat uusista ratkaisuista ja pian Ragnar St\u00e5lskog AB olikin markkinajohtaja koko Pohjoismaiden alueella.<\/p><p>T\u00e4n\u00e4\u00e4n Ragnar St\u00e5lskog AB toimittaa tuotteitaan kaikkialle maailmaan ja vaikeimpiin olosuhteisiin. Yritys on saanut tukevan jalansijan vahva jalansija Pohjoismaissa ja eritt\u00e4in hyv\u00e4n maineen ymp\u00e4ri maailman.<\/p>\t\t\t\t\t\t\t\t<\/div>\n\t\t\t\t<\/div>\n\t\t\t\t\t<\/div>\n\t\t<\/div>\n\t\t\t\t<div class=\"elementor-column elementor-col-50 elementor-inner-column elementor-element elementor-element-1a506d8\" data-id=\"1a506d8\" data-element_type=\"column\" data-e-type=\"column\">\n\t\t\t<div class=\"elementor-widget-wrap elementor-element-populated\">\n\t\t\t\t\t\t<div class=\"elementor-element elementor-element-d113873 elementor-widget__width-initial elementor-widget elementor-widget-image\" data-id=\"d113873\" data-element_type=\"widget\" data-e-type=\"widget\" data-widget_type=\"image.default\">\n\t\t\t\t<div class=\"elementor-widget-container\">\n\t\t\t\t\t\t\t\t\t\t\t\t\t\t\t<img decoding=\"async\" width=\"200\" height=\"160\" src=\"https:\/\/www.stalskog.se\/wp-content\/uploads\/2022\/04\/Gammal-svarv.jpg\" class=\"attachment-large size-large wp-image-2910\" alt=\"\" \/>\t\t\t\t\t\t\t\t\t\t\t\t\t\t\t<\/div>\n\t\t\t\t<\/div>\n\t\t\t\t<div class=\"elementor-element elementor-element-5cb77ec elementor-widget__width-initial elementor-widget elementor-widget-image\" data-id=\"5cb77ec\" data-element_type=\"widget\" data-e-type=\"widget\" data-widget_type=\"image.default\">\n\t\t\t\t<div class=\"elementor-widget-container\">\n\t\t\t\t\t\t\t\t\t\t\t\t\t\t\t<img decoding=\"async\" width=\"556\" height=\"696\" src=\"https:\/\/www.stalskog.se\/wp-content\/uploads\/2022\/04\/Ga-klammor-s_v.jpg\" class=\"attachment-large size-large wp-image-2906\" alt=\"\" srcset=\"https:\/\/www.stalskog.se\/wp-content\/uploads\/2022\/04\/Ga-klammor-s_v.jpg 556w, https:\/\/www.stalskog.se\/wp-content\/uploads\/2022\/04\/Ga-klammor-s_v-300x376.jpg 300w, https:\/\/www.stalskog.se\/wp-content\/uploads\/2022\/04\/Ga-klammor-s_v-240x300.jpg 240w\" sizes=\"(max-width: 556px) 100vw, 556px\" \/>\t\t\t\t\t\t\t\t\t\t\t\t\t\t\t<\/div>\n\t\t\t\t<\/div>\n\t\t\t\t\t<\/div>\n\t\t<\/div>\n\t\t\t\t\t<\/div>\n\t\t<\/section>\n\t\t\t\t\t<\/div>\n\t\t<\/div>\n\t\t\t\t\t<\/div>\n\t\t<\/section>\n\t\t\t\t<\/div>\n\t\t","protected":false},"excerpt":{"rendered":"<p>HISTORIIKKI HISTORIIKKI Ragnar St\u00e5lskog AB perustettiin vuonna 1955 insin\u00f6\u00f6ri Ragnar St\u00e5lskogin toimesta vastauksena luotettavien maadoitusv\u00e4lineiden tarpeeseen s\u00e4hk\u00f6laitoksissa. Tuolloin k\u00e4yt\u00f6ss\u00e4 olleet v\u00e4lineet eiv\u00e4t t\u00e4ytt\u00e4neet ajan vaatimuksia. Alalla tapahtui lukuisia onnettomuuksia puutteellisten v\u00e4lineiden takia, eik\u00e4 ruotsalainen s\u00e4hk\u00f6voimateollisuus l\u00f6yt\u00e4nyt sopivia tuotteita markkinoilta. Aloitettiin l\u00e4heinen yhteisty\u00f6 asiakkaiden, standardisoimisj\u00e4rjest\u00f6jen, tutkimuslaitosten ja viranomaisten kanssa. Yrityksen taakse valjastettiin parhaat asiantuntijat koko teollisuudenalalta. [&hellip;]<\/p>\n","protected":false},"author":6,"featured_media":0,"parent":3052,"menu_order":0,"comment_status":"closed","ping_status":"closed","template":"elementor_header_footer","meta":{"_acf_changed":false,"footnotes":""},"class_list":["post-3117","page","type-page","status-publish","hentry"],"acf":[],"yoast_head":"<!-- This site is optimized with the Yoast SEO plugin v27.5 - https:\/\/yoast.com\/product\/yoast-seo-wordpress\/ -->\n<title>Historiikki &#8211; Ragnar St\u00e5lskog<\/title>\n<meta name=\"description\" content=\"HISTORIIKKI HISTORIIKKI Ragnar St\u00e5lskog AB perustettiin vuonna 1955 insin\u00f6\u00f6ri Ragnar St\u00e5lskogin toimesta vastauksena luotettavien maadoitusv\u00e4lineiden\" \/>\n<meta name=\"robots\" content=\"index, follow, max-snippet:-1, max-image-preview:large, max-video-preview:-1\" \/>\n<link rel=\"canonical\" href=\"https:\/\/www.stalskog.se\/fi\/meista\/historiikki\/\" \/>\n<meta property=\"og:locale\" content=\"fi_FI\" \/>\n<meta property=\"og:type\" content=\"article\" \/>\n<meta property=\"og:title\" content=\"Historiikki &#8211; Ragnar St\u00e5lskog\" \/>\n<meta property=\"og:description\" content=\"HISTORIIKKI HISTORIIKKI Ragnar St\u00e5lskog AB perustettiin vuonna 1955 insin\u00f6\u00f6ri Ragnar St\u00e5lskogin toimesta vastauksena luotettavien maadoitusv\u00e4lineiden\" \/>\n<meta property=\"og:url\" content=\"https:\/\/www.stalskog.se\/fi\/meista\/historiikki\/\" \/>\n<meta property=\"og:site_name\" content=\"Ragnar St\u00e5lskog\" \/>\n<meta property=\"article:modified_time\" content=\"2022-05-09T14:20:47+00:00\" \/>\n<meta property=\"og:image\" content=\"https:\/\/www.stalskog.se\/wp-content\/uploads\/2022\/04\/foretag_ga.jpg\" \/>\n<meta name=\"twitter:card\" content=\"summary_large_image\" \/>\n<meta name=\"twitter:label1\" content=\"Arvioitu lukuaika\" \/>\n\t<meta name=\"twitter:data1\" content=\"2 minuuttia\" \/>\n<script type=\"application\/ld+json\" class=\"yoast-schema-graph\">{\"@context\":\"https:\\\/\\\/schema.org\",\"@graph\":[{\"@type\":\"WebPage\",\"@id\":\"https:\\\/\\\/www.stalskog.se\\\/fi\\\/meista\\\/historiikki\\\/\",\"url\":\"https:\\\/\\\/www.stalskog.se\\\/fi\\\/meista\\\/historiikki\\\/\",\"name\":\"Historiikki &#8211; Ragnar St\u00e5lskog\",\"isPartOf\":{\"@id\":\"https:\\\/\\\/www.stalskog.se\\\/fi\\\/#website\"},\"primaryImageOfPage\":{\"@id\":\"https:\\\/\\\/www.stalskog.se\\\/fi\\\/meista\\\/historiikki\\\/#primaryimage\"},\"image\":{\"@id\":\"https:\\\/\\\/www.stalskog.se\\\/fi\\\/meista\\\/historiikki\\\/#primaryimage\"},\"thumbnailUrl\":\"https:\\\/\\\/www.stalskog.se\\\/wp-content\\\/uploads\\\/2022\\\/04\\\/foretag_ga.jpg\",\"datePublished\":\"2022-04-19T09:10:42+00:00\",\"dateModified\":\"2022-05-09T14:20:47+00:00\",\"description\":\"HISTORIIKKI HISTORIIKKI Ragnar St\u00e5lskog AB perustettiin vuonna 1955 insin\u00f6\u00f6ri Ragnar St\u00e5lskogin toimesta vastauksena luotettavien maadoitusv\u00e4lineiden\",\"breadcrumb\":{\"@id\":\"https:\\\/\\\/www.stalskog.se\\\/fi\\\/meista\\\/historiikki\\\/#breadcrumb\"},\"inLanguage\":\"fi\",\"potentialAction\":[{\"@type\":\"ReadAction\",\"target\":[\"https:\\\/\\\/www.stalskog.se\\\/fi\\\/meista\\\/historiikki\\\/\"]}]},{\"@type\":\"ImageObject\",\"inLanguage\":\"fi\",\"@id\":\"https:\\\/\\\/www.stalskog.se\\\/fi\\\/meista\\\/historiikki\\\/#primaryimage\",\"url\":\"https:\\\/\\\/www.stalskog.se\\\/wp-content\\\/uploads\\\/2022\\\/04\\\/foretag_ga.jpg\",\"contentUrl\":\"https:\\\/\\\/www.stalskog.se\\\/wp-content\\\/uploads\\\/2022\\\/04\\\/foretag_ga.jpg\"},{\"@type\":\"BreadcrumbList\",\"@id\":\"https:\\\/\\\/www.stalskog.se\\\/fi\\\/meista\\\/historiikki\\\/#breadcrumb\",\"itemListElement\":[{\"@type\":\"ListItem\",\"position\":1,\"name\":\"Hem\",\"item\":\"https:\\\/\\\/www.stalskog.se\\\/fi\\\/\"},{\"@type\":\"ListItem\",\"position\":2,\"name\":\"Meist\u00e4\",\"item\":\"https:\\\/\\\/www.stalskog.se\\\/fi\\\/om-oss\\\/\"},{\"@type\":\"ListItem\",\"position\":3,\"name\":\"Historiikki\"}]},{\"@type\":\"WebSite\",\"@id\":\"https:\\\/\\\/www.stalskog.se\\\/fi\\\/#website\",\"url\":\"https:\\\/\\\/www.stalskog.se\\\/fi\\\/\",\"name\":\"Ragnar St\u00e5lskog\",\"description\":\"\",\"publisher\":{\"@id\":\"https:\\\/\\\/www.stalskog.se\\\/fi\\\/#organization\"},\"potentialAction\":[{\"@type\":\"SearchAction\",\"target\":{\"@type\":\"EntryPoint\",\"urlTemplate\":\"https:\\\/\\\/www.stalskog.se\\\/fi\\\/?s={search_term_string}\"},\"query-input\":{\"@type\":\"PropertyValueSpecification\",\"valueRequired\":true,\"valueName\":\"search_term_string\"}}],\"inLanguage\":\"fi\"},{\"@type\":\"Organization\",\"@id\":\"https:\\\/\\\/www.stalskog.se\\\/fi\\\/#organization\",\"name\":\"Ragnar St\u00e5lskog\",\"url\":\"https:\\\/\\\/www.stalskog.se\\\/fi\\\/\",\"logo\":{\"@type\":\"ImageObject\",\"inLanguage\":\"fi\",\"@id\":\"https:\\\/\\\/www.stalskog.se\\\/fi\\\/#\\\/schema\\\/logo\\\/image\\\/\",\"url\":\"https:\\\/\\\/www.stalskog.se\\\/wp-content\\\/uploads\\\/2022\\\/03\\\/logo_o.png\",\"contentUrl\":\"https:\\\/\\\/www.stalskog.se\\\/wp-content\\\/uploads\\\/2022\\\/03\\\/logo_o.png\",\"width\":410,\"height\":99,\"caption\":\"Ragnar St\u00e5lskog\"},\"image\":{\"@id\":\"https:\\\/\\\/www.stalskog.se\\\/fi\\\/#\\\/schema\\\/logo\\\/image\\\/\"}}]}<\/script>\n<!-- \/ Yoast SEO plugin. -->","yoast_head_json":{"title":"Historiikki &#8211; Ragnar St\u00e5lskog","description":"HISTORIIKKI HISTORIIKKI Ragnar St\u00e5lskog AB perustettiin vuonna 1955 insin\u00f6\u00f6ri Ragnar St\u00e5lskogin toimesta vastauksena luotettavien maadoitusv\u00e4lineiden","robots":{"index":"index","follow":"follow","max-snippet":"max-snippet:-1","max-image-preview":"max-image-preview:large","max-video-preview":"max-video-preview:-1"},"canonical":"https:\/\/www.stalskog.se\/fi\/meista\/historiikki\/","og_locale":"fi_FI","og_type":"article","og_title":"Historiikki &#8211; Ragnar St\u00e5lskog","og_description":"HISTORIIKKI HISTORIIKKI Ragnar St\u00e5lskog AB perustettiin vuonna 1955 insin\u00f6\u00f6ri Ragnar St\u00e5lskogin toimesta vastauksena luotettavien maadoitusv\u00e4lineiden","og_url":"https:\/\/www.stalskog.se\/fi\/meista\/historiikki\/","og_site_name":"Ragnar St\u00e5lskog","article_modified_time":"2022-05-09T14:20:47+00:00","og_image":[{"url":"https:\/\/www.stalskog.se\/wp-content\/uploads\/2022\/04\/foretag_ga.jpg","type":"","width":"","height":""}],"twitter_card":"summary_large_image","twitter_misc":{"Arvioitu lukuaika":"2 minuuttia"},"schema":{"@context":"https:\/\/schema.org","@graph":[{"@type":"WebPage","@id":"https:\/\/www.stalskog.se\/fi\/meista\/historiikki\/","url":"https:\/\/www.stalskog.se\/fi\/meista\/historiikki\/","name":"Historiikki &#8211; Ragnar St\u00e5lskog","isPartOf":{"@id":"https:\/\/www.stalskog.se\/fi\/#website"},"primaryImageOfPage":{"@id":"https:\/\/www.stalskog.se\/fi\/meista\/historiikki\/#primaryimage"},"image":{"@id":"https:\/\/www.stalskog.se\/fi\/meista\/historiikki\/#primaryimage"},"thumbnailUrl":"https:\/\/www.stalskog.se\/wp-content\/uploads\/2022\/04\/foretag_ga.jpg","datePublished":"2022-04-19T09:10:42+00:00","dateModified":"2022-05-09T14:20:47+00:00","description":"HISTORIIKKI HISTORIIKKI Ragnar St\u00e5lskog AB perustettiin vuonna 1955 insin\u00f6\u00f6ri Ragnar St\u00e5lskogin toimesta vastauksena luotettavien maadoitusv\u00e4lineiden","breadcrumb":{"@id":"https:\/\/www.stalskog.se\/fi\/meista\/historiikki\/#breadcrumb"},"inLanguage":"fi","potentialAction":[{"@type":"ReadAction","target":["https:\/\/www.stalskog.se\/fi\/meista\/historiikki\/"]}]},{"@type":"ImageObject","inLanguage":"fi","@id":"https:\/\/www.stalskog.se\/fi\/meista\/historiikki\/#primaryimage","url":"https:\/\/www.stalskog.se\/wp-content\/uploads\/2022\/04\/foretag_ga.jpg","contentUrl":"https:\/\/www.stalskog.se\/wp-content\/uploads\/2022\/04\/foretag_ga.jpg"},{"@type":"BreadcrumbList","@id":"https:\/\/www.stalskog.se\/fi\/meista\/historiikki\/#breadcrumb","itemListElement":[{"@type":"ListItem","position":1,"name":"Hem","item":"https:\/\/www.stalskog.se\/fi\/"},{"@type":"ListItem","position":2,"name":"Meist\u00e4","item":"https:\/\/www.stalskog.se\/fi\/om-oss\/"},{"@type":"ListItem","position":3,"name":"Historiikki"}]},{"@type":"WebSite","@id":"https:\/\/www.stalskog.se\/fi\/#website","url":"https:\/\/www.stalskog.se\/fi\/","name":"Ragnar St\u00e5lskog","description":"","publisher":{"@id":"https:\/\/www.stalskog.se\/fi\/#organization"},"potentialAction":[{"@type":"SearchAction","target":{"@type":"EntryPoint","urlTemplate":"https:\/\/www.stalskog.se\/fi\/?s={search_term_string}"},"query-input":{"@type":"PropertyValueSpecification","valueRequired":true,"valueName":"search_term_string"}}],"inLanguage":"fi"},{"@type":"Organization","@id":"https:\/\/www.stalskog.se\/fi\/#organization","name":"Ragnar St\u00e5lskog","url":"https:\/\/www.stalskog.se\/fi\/","logo":{"@type":"ImageObject","inLanguage":"fi","@id":"https:\/\/www.stalskog.se\/fi\/#\/schema\/logo\/image\/","url":"https:\/\/www.stalskog.se\/wp-content\/uploads\/2022\/03\/logo_o.png","contentUrl":"https:\/\/www.stalskog.se\/wp-content\/uploads\/2022\/03\/logo_o.png","width":410,"height":99,"caption":"Ragnar St\u00e5lskog"},"image":{"@id":"https:\/\/www.stalskog.se\/fi\/#\/schema\/logo\/image\/"}}]}},"_links":{"self":[{"href":"https:\/\/www.stalskog.se\/fi\/wp-json\/wp\/v2\/pages\/3117","targetHints":{"allow":["GET"]}}],"collection":[{"href":"https:\/\/www.stalskog.se\/fi\/wp-json\/wp\/v2\/pages"}],"about":[{"href":"https:\/\/www.stalskog.se\/fi\/wp-json\/wp\/v2\/types\/page"}],"author":[{"embeddable":true,"href":"https:\/\/www.stalskog.se\/fi\/wp-json\/wp\/v2\/users\/6"}],"replies":[{"embeddable":true,"href":"https:\/\/www.stalskog.se\/fi\/wp-json\/wp\/v2\/comments?post=3117"}],"version-history":[{"count":25,"href":"https:\/\/www.stalskog.se\/fi\/wp-json\/wp\/v2\/pages\/3117\/revisions"}],"predecessor-version":[{"id":6478,"href":"https:\/\/www.stalskog.se\/fi\/wp-json\/wp\/v2\/pages\/3117\/revisions\/6478"}],"up":[{"embeddable":true,"href":"https:\/\/www.stalskog.se\/fi\/wp-json\/wp\/v2\/pages\/3052"}],"wp:attachment":[{"href":"https:\/\/www.stalskog.se\/fi\/wp-json\/wp\/v2\/media?parent=3117"}],"curies":[{"name":"wp","href":"https:\/\/api.w.org\/{rel}","templated":true}]}}