{"id":10002,"date":"2022-06-03T13:02:02","date_gmt":"2022-06-03T13:02:02","guid":{"rendered":"https:\/\/www.stalskog.se\/?post_type=product&#038;p=10002"},"modified":"2022-06-03T13:02:02","modified_gmt":"2022-06-03T13:02:02","slug":"latexhandske-tg31-tg30-tg35-tg32","status":"publish","type":"product","link":"https:\/\/www.stalskog.se\/fi\/tuote\/latexhandske-tg31-tg30-tg35-tg32\/","title":{"rendered":"Latexhandske TG31, TG30, TG35, TG32"},"content":{"rendered":"<p>EC Kategori: III<br \/>\nEN60903-2003 och IEC 903-2002<\/p>\n<p><strong>RS-TG31, RS-TG30, RS-TG 35, RS-TG32<\/strong><br \/>\n1000 V isolerade latexhandskar klass 0 &#8211; l\u00e4ngd 360 mm<\/p>\n<p>Skall anv\u00e4ndas tillsammans med ytterhandske av l\u00e4der, se TG47 m.fl.<br \/>\nL\u00e4tt att ta av och p\u00e5 (pudrad insida).<br \/>\nKan tv\u00e4ttas i tv\u00e5l och vatten med en temperatur under 65\u00b0C, torkas sedan i en temperatur under 65\u00b0C.<\/p>\n","protected":false},"excerpt":{"rendered":"<p>EC Kategori: III EN60903-2003 och IEC 903-2002 RS-TG31, RS-TG30, RS-TG 35, RS-TG32 1000 V isolerade latexhandskar klass 0 &#8211; l\u00e4ngd 360 mm Skall anv\u00e4ndas tillsammans med ytterhandske av l\u00e4der, se TG47 m.fl. L\u00e4tt att ta av och p\u00e5 (pudrad insida). Kan tv\u00e4ttas i tv\u00e5l och vatten med en temperatur under 65\u00b0C, torkas sedan i en [&hellip;]<\/p>\n","protected":false},"featured_media":10003,"comment_status":"closed","ping_status":"closed","template":"","meta":{"_acf_changed":false},"product_brand":[],"product_cat":[34],"product_tag":[],"class_list":{"0":"post-10002","1":"product","2":"type-product","3":"status-publish","4":"has-post-thumbnail","6":"product_cat-isolerade-verktyg-handskar","8":"first","9":"instock","10":"shipping-taxable","11":"product-type-simple"},"acf":[],"yoast_head":"<!-- This site is optimized with the Yoast SEO plugin v27.5 - https:\/\/yoast.com\/product\/yoast-seo-wordpress\/ -->\n<title>Latexhandske TG31, TG30, TG35, TG32 &#8211; Ragnar St\u00e5lskog<\/title>\n<meta name=\"description\" content=\"EC Kategori: III EN60903-2003 och IEC 903-2002 RS-TG31, RS-TG30, RS-TG 35, RS-TG32 1000 V isolerade latexhandskar klass 0 - l\u00e4ngd 360 mm Skall anv\u00e4ndas\" \/>\n<meta name=\"robots\" content=\"index, follow, max-snippet:-1, max-image-preview:large, max-video-preview:-1\" \/>\n<link rel=\"canonical\" href=\"https:\/\/www.stalskog.se\/fi\/tuote\/latexhandske-tg31-tg30-tg35-tg32\/\" \/>\n<meta property=\"og:locale\" content=\"fi_FI\" \/>\n<meta property=\"og:type\" content=\"article\" \/>\n<meta property=\"og:title\" content=\"Latexhandske TG31, TG30, TG35, TG32 &#8211; Ragnar St\u00e5lskog\" \/>\n<meta property=\"og:description\" content=\"EC Kategori: III EN60903-2003 och IEC 903-2002 RS-TG31, RS-TG30, RS-TG 35, RS-TG32 1000 V isolerade latexhandskar klass 0 - l\u00e4ngd 360 mm Skall anv\u00e4ndas\" \/>\n<meta property=\"og:url\" content=\"https:\/\/www.stalskog.se\/fi\/tuote\/latexhandske-tg31-tg30-tg35-tg32\/\" \/>\n<meta property=\"og:site_name\" content=\"Ragnar St\u00e5lskog\" \/>\n<meta property=\"og:image\" content=\"https:\/\/www.stalskog.se\/wp-content\/uploads\/2022\/06\/sfe_gummihandske_tg35__norm.png\" \/>\n\t<meta property=\"og:image:width\" content=\"300\" \/>\n\t<meta property=\"og:image:height\" content=\"300\" \/>\n\t<meta property=\"og:image:type\" content=\"image\/png\" \/>\n<meta name=\"twitter:card\" content=\"summary_large_image\" \/>\n<meta name=\"twitter:label1\" content=\"Arvioitu lukuaika\" \/>\n\t<meta name=\"twitter:data1\" content=\"1 minuutti\" \/>\n<script type=\"application\/ld+json\" class=\"yoast-schema-graph\">{\"@context\":\"https:\\\/\\\/schema.org\",\"@graph\":[{\"@type\":\"WebPage\",\"@id\":\"https:\\\/\\\/www.stalskog.se\\\/fi\\\/tuote\\\/latexhandske-tg31-tg30-tg35-tg32\\\/\",\"url\":\"https:\\\/\\\/www.stalskog.se\\\/fi\\\/tuote\\\/latexhandske-tg31-tg30-tg35-tg32\\\/\",\"name\":\"Latexhandske TG31, TG30, TG35, TG32 &#8211; Ragnar St\u00e5lskog\",\"isPartOf\":{\"@id\":\"https:\\\/\\\/www.stalskog.se\\\/fi\\\/#website\"},\"primaryImageOfPage\":{\"@id\":\"https:\\\/\\\/www.stalskog.se\\\/fi\\\/tuote\\\/latexhandske-tg31-tg30-tg35-tg32\\\/#primaryimage\"},\"image\":{\"@id\":\"https:\\\/\\\/www.stalskog.se\\\/fi\\\/tuote\\\/latexhandske-tg31-tg30-tg35-tg32\\\/#primaryimage\"},\"thumbnailUrl\":\"https:\\\/\\\/www.stalskog.se\\\/wp-content\\\/uploads\\\/2022\\\/06\\\/sfe_gummihandske_tg35__norm.png\",\"datePublished\":\"2022-06-03T13:02:02+00:00\",\"description\":\"EC Kategori: III EN60903-2003 och IEC 903-2002 RS-TG31, RS-TG30, RS-TG 35, RS-TG32 1000 V isolerade latexhandskar klass 0 - l\u00e4ngd 360 mm Skall anv\u00e4ndas\",\"breadcrumb\":{\"@id\":\"https:\\\/\\\/www.stalskog.se\\\/fi\\\/tuote\\\/latexhandske-tg31-tg30-tg35-tg32\\\/#breadcrumb\"},\"inLanguage\":\"fi\",\"potentialAction\":[{\"@type\":\"ReadAction\",\"target\":[\"https:\\\/\\\/www.stalskog.se\\\/fi\\\/tuote\\\/latexhandske-tg31-tg30-tg35-tg32\\\/\"]}]},{\"@type\":\"ImageObject\",\"inLanguage\":\"fi\",\"@id\":\"https:\\\/\\\/www.stalskog.se\\\/fi\\\/tuote\\\/latexhandske-tg31-tg30-tg35-tg32\\\/#primaryimage\",\"url\":\"https:\\\/\\\/www.stalskog.se\\\/wp-content\\\/uploads\\\/2022\\\/06\\\/sfe_gummihandske_tg35__norm.png\",\"contentUrl\":\"https:\\\/\\\/www.stalskog.se\\\/wp-content\\\/uploads\\\/2022\\\/06\\\/sfe_gummihandske_tg35__norm.png\",\"width\":300,\"height\":300},{\"@type\":\"BreadcrumbList\",\"@id\":\"https:\\\/\\\/www.stalskog.se\\\/fi\\\/tuote\\\/latexhandske-tg31-tg30-tg35-tg32\\\/#breadcrumb\",\"itemListElement\":[{\"@type\":\"ListItem\",\"position\":1,\"name\":\"Hem\",\"item\":\"https:\\\/\\\/www.stalskog.se\\\/fi\\\/\"},{\"@type\":\"ListItem\",\"position\":2,\"name\":\"Produkter\",\"item\":\"https:\\\/\\\/www.stalskog.se\\\/?page_id=3235\"},{\"@type\":\"ListItem\",\"position\":3,\"name\":\"11. Insulated Hand Tools 1000 V\",\"item\":\"https:\\\/\\\/www.stalskog.se\\\/fi\\\/kategoria\\\/insulated-hand-tools-1000-v-fi\\\/\"},{\"@type\":\"ListItem\",\"position\":4,\"name\":\"Latexhandske TG31, TG30, TG35, TG32\"}]},{\"@type\":\"WebSite\",\"@id\":\"https:\\\/\\\/www.stalskog.se\\\/fi\\\/#website\",\"url\":\"https:\\\/\\\/www.stalskog.se\\\/fi\\\/\",\"name\":\"Ragnar St\u00e5lskog\",\"description\":\"\",\"publisher\":{\"@id\":\"https:\\\/\\\/www.stalskog.se\\\/fi\\\/#organization\"},\"potentialAction\":[{\"@type\":\"SearchAction\",\"target\":{\"@type\":\"EntryPoint\",\"urlTemplate\":\"https:\\\/\\\/www.stalskog.se\\\/fi\\\/?s={search_term_string}\"},\"query-input\":{\"@type\":\"PropertyValueSpecification\",\"valueRequired\":true,\"valueName\":\"search_term_string\"}}],\"inLanguage\":\"fi\"},{\"@type\":\"Organization\",\"@id\":\"https:\\\/\\\/www.stalskog.se\\\/fi\\\/#organization\",\"name\":\"Ragnar St\u00e5lskog\",\"url\":\"https:\\\/\\\/www.stalskog.se\\\/fi\\\/\",\"logo\":{\"@type\":\"ImageObject\",\"inLanguage\":\"fi\",\"@id\":\"https:\\\/\\\/www.stalskog.se\\\/fi\\\/#\\\/schema\\\/logo\\\/image\\\/\",\"url\":\"https:\\\/\\\/www.stalskog.se\\\/wp-content\\\/uploads\\\/2022\\\/03\\\/logo_o.png\",\"contentUrl\":\"https:\\\/\\\/www.stalskog.se\\\/wp-content\\\/uploads\\\/2022\\\/03\\\/logo_o.png\",\"width\":410,\"height\":99,\"caption\":\"Ragnar St\u00e5lskog\"},\"image\":{\"@id\":\"https:\\\/\\\/www.stalskog.se\\\/fi\\\/#\\\/schema\\\/logo\\\/image\\\/\"}}]}<\/script>\n<!-- \/ Yoast SEO plugin. -->","yoast_head_json":{"title":"Latexhandske TG31, TG30, TG35, TG32 &#8211; Ragnar St\u00e5lskog","description":"EC Kategori: III EN60903-2003 och IEC 903-2002 RS-TG31, RS-TG30, RS-TG 35, RS-TG32 1000 V isolerade latexhandskar klass 0 - l\u00e4ngd 360 mm Skall anv\u00e4ndas","robots":{"index":"index","follow":"follow","max-snippet":"max-snippet:-1","max-image-preview":"max-image-preview:large","max-video-preview":"max-video-preview:-1"},"canonical":"https:\/\/www.stalskog.se\/fi\/tuote\/latexhandske-tg31-tg30-tg35-tg32\/","og_locale":"fi_FI","og_type":"article","og_title":"Latexhandske TG31, TG30, TG35, TG32 &#8211; Ragnar St\u00e5lskog","og_description":"EC Kategori: III EN60903-2003 och IEC 903-2002 RS-TG31, RS-TG30, RS-TG 35, RS-TG32 1000 V isolerade latexhandskar klass 0 - l\u00e4ngd 360 mm Skall anv\u00e4ndas","og_url":"https:\/\/www.stalskog.se\/fi\/tuote\/latexhandske-tg31-tg30-tg35-tg32\/","og_site_name":"Ragnar St\u00e5lskog","og_image":[{"width":300,"height":300,"url":"https:\/\/www.stalskog.se\/wp-content\/uploads\/2022\/06\/sfe_gummihandske_tg35__norm.png","type":"image\/png"}],"twitter_card":"summary_large_image","twitter_misc":{"Arvioitu lukuaika":"1 minuutti"},"schema":{"@context":"https:\/\/schema.org","@graph":[{"@type":"WebPage","@id":"https:\/\/www.stalskog.se\/fi\/tuote\/latexhandske-tg31-tg30-tg35-tg32\/","url":"https:\/\/www.stalskog.se\/fi\/tuote\/latexhandske-tg31-tg30-tg35-tg32\/","name":"Latexhandske TG31, TG30, TG35, TG32 &#8211; Ragnar St\u00e5lskog","isPartOf":{"@id":"https:\/\/www.stalskog.se\/fi\/#website"},"primaryImageOfPage":{"@id":"https:\/\/www.stalskog.se\/fi\/tuote\/latexhandske-tg31-tg30-tg35-tg32\/#primaryimage"},"image":{"@id":"https:\/\/www.stalskog.se\/fi\/tuote\/latexhandske-tg31-tg30-tg35-tg32\/#primaryimage"},"thumbnailUrl":"https:\/\/www.stalskog.se\/wp-content\/uploads\/2022\/06\/sfe_gummihandske_tg35__norm.png","datePublished":"2022-06-03T13:02:02+00:00","description":"EC Kategori: III EN60903-2003 och IEC 903-2002 RS-TG31, RS-TG30, RS-TG 35, RS-TG32 1000 V isolerade latexhandskar klass 0 - l\u00e4ngd 360 mm Skall anv\u00e4ndas","breadcrumb":{"@id":"https:\/\/www.stalskog.se\/fi\/tuote\/latexhandske-tg31-tg30-tg35-tg32\/#breadcrumb"},"inLanguage":"fi","potentialAction":[{"@type":"ReadAction","target":["https:\/\/www.stalskog.se\/fi\/tuote\/latexhandske-tg31-tg30-tg35-tg32\/"]}]},{"@type":"ImageObject","inLanguage":"fi","@id":"https:\/\/www.stalskog.se\/fi\/tuote\/latexhandske-tg31-tg30-tg35-tg32\/#primaryimage","url":"https:\/\/www.stalskog.se\/wp-content\/uploads\/2022\/06\/sfe_gummihandske_tg35__norm.png","contentUrl":"https:\/\/www.stalskog.se\/wp-content\/uploads\/2022\/06\/sfe_gummihandske_tg35__norm.png","width":300,"height":300},{"@type":"BreadcrumbList","@id":"https:\/\/www.stalskog.se\/fi\/tuote\/latexhandske-tg31-tg30-tg35-tg32\/#breadcrumb","itemListElement":[{"@type":"ListItem","position":1,"name":"Hem","item":"https:\/\/www.stalskog.se\/fi\/"},{"@type":"ListItem","position":2,"name":"Produkter","item":"https:\/\/www.stalskog.se\/?page_id=3235"},{"@type":"ListItem","position":3,"name":"11. Insulated Hand Tools 1000 V","item":"https:\/\/www.stalskog.se\/fi\/kategoria\/insulated-hand-tools-1000-v-fi\/"},{"@type":"ListItem","position":4,"name":"Latexhandske TG31, TG30, TG35, TG32"}]},{"@type":"WebSite","@id":"https:\/\/www.stalskog.se\/fi\/#website","url":"https:\/\/www.stalskog.se\/fi\/","name":"Ragnar St\u00e5lskog","description":"","publisher":{"@id":"https:\/\/www.stalskog.se\/fi\/#organization"},"potentialAction":[{"@type":"SearchAction","target":{"@type":"EntryPoint","urlTemplate":"https:\/\/www.stalskog.se\/fi\/?s={search_term_string}"},"query-input":{"@type":"PropertyValueSpecification","valueRequired":true,"valueName":"search_term_string"}}],"inLanguage":"fi"},{"@type":"Organization","@id":"https:\/\/www.stalskog.se\/fi\/#organization","name":"Ragnar St\u00e5lskog","url":"https:\/\/www.stalskog.se\/fi\/","logo":{"@type":"ImageObject","inLanguage":"fi","@id":"https:\/\/www.stalskog.se\/fi\/#\/schema\/logo\/image\/","url":"https:\/\/www.stalskog.se\/wp-content\/uploads\/2022\/03\/logo_o.png","contentUrl":"https:\/\/www.stalskog.se\/wp-content\/uploads\/2022\/03\/logo_o.png","width":410,"height":99,"caption":"Ragnar St\u00e5lskog"},"image":{"@id":"https:\/\/www.stalskog.se\/fi\/#\/schema\/logo\/image\/"}}]}},"_links":{"self":[{"href":"https:\/\/www.stalskog.se\/fi\/wp-json\/wp\/v2\/product\/10002","targetHints":{"allow":["GET"]}}],"collection":[{"href":"https:\/\/www.stalskog.se\/fi\/wp-json\/wp\/v2\/product"}],"about":[{"href":"https:\/\/www.stalskog.se\/fi\/wp-json\/wp\/v2\/types\/product"}],"replies":[{"embeddable":true,"href":"https:\/\/www.stalskog.se\/fi\/wp-json\/wp\/v2\/comments?post=10002"}],"wp:featuredmedia":[{"embeddable":true,"href":"https:\/\/www.stalskog.se\/fi\/wp-json\/wp\/v2\/media\/10003"}],"wp:attachment":[{"href":"https:\/\/www.stalskog.se\/fi\/wp-json\/wp\/v2\/media?parent=10002"}],"wp:term":[{"taxonomy":"product_brand","embeddable":true,"href":"https:\/\/www.stalskog.se\/fi\/wp-json\/wp\/v2\/product_brand?post=10002"},{"taxonomy":"product_cat","embeddable":true,"href":"https:\/\/www.stalskog.se\/fi\/wp-json\/wp\/v2\/product_cat?post=10002"},{"taxonomy":"product_tag","embeddable":true,"href":"https:\/\/www.stalskog.se\/fi\/wp-json\/wp\/v2\/product_tag?post=10002"}],"curies":[{"name":"wp","href":"https:\/\/api.w.org\/{rel}","templated":true}]}}