{"id":10041,"date":"2022-06-03T13:16:45","date_gmt":"2022-06-03T13:16:45","guid":{"rendered":"https:\/\/www.stalskog.se\/?post_type=product&#038;p=10041"},"modified":"2023-02-08T07:49:44","modified_gmt":"2023-02-08T07:49:44","slug":"isolerat-sparrskaft-ms65p","status":"publish","type":"product","link":"https:\/\/www.stalskog.se\/fi\/tuote\/isolerat-sparrskaft-ms65p\/","title":{"rendered":"Isolerat sp\u00e4rrskaft MS65P"},"content":{"rendered":"<p>IEC60900<br \/>\nISO 1174-1, ISO 3315<\/p>\n<p><strong>MS65P<\/strong><br \/>\nIsolerat reversibelt sp\u00e4rrskaft 1\/2&#8243; med mekanisk l\u00e5sning.<br \/>\nUtrustad med frig\u00f6rningsknapp f\u00f6r de isolerade hylsorna.<br \/>\nRobust: Lagret i drivmekanismen \u00e4r utformad f\u00f6r att motst\u00e5 ett vridmoment p\u00e5 500 Nm dvs ungef\u00e4r motsvarande 50 kg p\u00e5 en 1 m l\u00e5ng h\u00e4vst\u00e5ng.<\/p>\n","protected":false},"excerpt":{"rendered":"<p>IEC60900 ISO 1174-1, ISO 3315 MS65P Isolerat reversibelt sp\u00e4rrskaft 1\/2&#8243; med mekanisk l\u00e5sning. Utrustad med frig\u00f6rningsknapp f\u00f6r de isolerade hylsorna. Robust: Lagret i drivmekanismen \u00e4r utformad f\u00f6r att motst\u00e5 ett vridmoment p\u00e5 500 Nm dvs ungef\u00e4r motsvarande 50 kg p\u00e5 en 1 m l\u00e5ng h\u00e4vst\u00e5ng.<\/p>\n","protected":false},"featured_media":10042,"comment_status":"closed","ping_status":"closed","template":"","meta":{"_acf_changed":false},"product_brand":[],"product_cat":[34,169],"product_tag":[],"class_list":{"0":"post-10041","1":"product","2":"type-product","3":"status-publish","4":"has-post-thumbnail","6":"product_cat-isolerade-verktyg-handskar","7":"product_cat-bilverkstad-ppe-elfordon","9":"first","10":"instock","11":"shipping-taxable","12":"product-type-simple"},"acf":[],"yoast_head":"<!-- This site is optimized with the Yoast SEO plugin v27.5 - https:\/\/yoast.com\/product\/yoast-seo-wordpress\/ -->\n<title>Isolerat sp\u00e4rrskaft MS65P &#8211; Ragnar St\u00e5lskog<\/title>\n<meta name=\"description\" content=\"IEC60900 ISO 1174-1, ISO 3315 MS65P Isolerat reversibelt sp\u00e4rrskaft 1\/2&quot; med mekanisk l\u00e5sning. Utrustad med frig\u00f6rningsknapp f\u00f6r de isolerade hylsorna.\" \/>\n<meta name=\"robots\" content=\"index, follow, max-snippet:-1, max-image-preview:large, max-video-preview:-1\" \/>\n<link rel=\"canonical\" href=\"https:\/\/www.stalskog.se\/fi\/tuote\/isolerat-sparrskaft-ms65p\/\" \/>\n<meta property=\"og:locale\" content=\"fi_FI\" \/>\n<meta property=\"og:type\" content=\"article\" \/>\n<meta property=\"og:title\" content=\"Isolerat sp\u00e4rrskaft MS65P &#8211; Ragnar St\u00e5lskog\" \/>\n<meta property=\"og:description\" content=\"IEC60900 ISO 1174-1, ISO 3315 MS65P Isolerat reversibelt sp\u00e4rrskaft 1\/2&quot; med mekanisk l\u00e5sning. Utrustad med frig\u00f6rningsknapp f\u00f6r de isolerade hylsorna.\" \/>\n<meta property=\"og:url\" content=\"https:\/\/www.stalskog.se\/fi\/tuote\/isolerat-sparrskaft-ms65p\/\" \/>\n<meta property=\"og:site_name\" content=\"Ragnar St\u00e5lskog\" \/>\n<meta property=\"article:modified_time\" content=\"2023-02-08T07:49:44+00:00\" \/>\n<meta property=\"og:image\" content=\"https:\/\/www.stalskog.se\/wp-content\/uploads\/2022\/06\/sfe_sp_rrskaft_ms85p_-1.jpg\" \/>\n\t<meta property=\"og:image:width\" content=\"400\" \/>\n\t<meta property=\"og:image:height\" content=\"271\" \/>\n\t<meta property=\"og:image:type\" content=\"image\/jpeg\" \/>\n<meta name=\"twitter:card\" content=\"summary_large_image\" \/>\n<meta name=\"twitter:label1\" content=\"Arvioitu lukuaika\" \/>\n\t<meta name=\"twitter:data1\" content=\"1 minuutti\" \/>\n<script type=\"application\/ld+json\" class=\"yoast-schema-graph\">{\"@context\":\"https:\\\/\\\/schema.org\",\"@graph\":[{\"@type\":\"WebPage\",\"@id\":\"https:\\\/\\\/www.stalskog.se\\\/fi\\\/tuote\\\/isolerat-sparrskaft-ms65p\\\/\",\"url\":\"https:\\\/\\\/www.stalskog.se\\\/fi\\\/tuote\\\/isolerat-sparrskaft-ms65p\\\/\",\"name\":\"Isolerat sp\u00e4rrskaft MS65P &#8211; Ragnar St\u00e5lskog\",\"isPartOf\":{\"@id\":\"https:\\\/\\\/www.stalskog.se\\\/fi\\\/#website\"},\"primaryImageOfPage\":{\"@id\":\"https:\\\/\\\/www.stalskog.se\\\/fi\\\/tuote\\\/isolerat-sparrskaft-ms65p\\\/#primaryimage\"},\"image\":{\"@id\":\"https:\\\/\\\/www.stalskog.se\\\/fi\\\/tuote\\\/isolerat-sparrskaft-ms65p\\\/#primaryimage\"},\"thumbnailUrl\":\"https:\\\/\\\/www.stalskog.se\\\/wp-content\\\/uploads\\\/2022\\\/06\\\/sfe_sp_rrskaft_ms85p_-1.jpg\",\"datePublished\":\"2022-06-03T13:16:45+00:00\",\"dateModified\":\"2023-02-08T07:49:44+00:00\",\"description\":\"IEC60900 ISO 1174-1, ISO 3315 MS65P Isolerat reversibelt sp\u00e4rrskaft 1\\\/2\\\" med mekanisk l\u00e5sning. Utrustad med frig\u00f6rningsknapp f\u00f6r de isolerade hylsorna.\",\"breadcrumb\":{\"@id\":\"https:\\\/\\\/www.stalskog.se\\\/fi\\\/tuote\\\/isolerat-sparrskaft-ms65p\\\/#breadcrumb\"},\"inLanguage\":\"fi\",\"potentialAction\":[{\"@type\":\"ReadAction\",\"target\":[\"https:\\\/\\\/www.stalskog.se\\\/fi\\\/tuote\\\/isolerat-sparrskaft-ms65p\\\/\"]}]},{\"@type\":\"ImageObject\",\"inLanguage\":\"fi\",\"@id\":\"https:\\\/\\\/www.stalskog.se\\\/fi\\\/tuote\\\/isolerat-sparrskaft-ms65p\\\/#primaryimage\",\"url\":\"https:\\\/\\\/www.stalskog.se\\\/wp-content\\\/uploads\\\/2022\\\/06\\\/sfe_sp_rrskaft_ms85p_-1.jpg\",\"contentUrl\":\"https:\\\/\\\/www.stalskog.se\\\/wp-content\\\/uploads\\\/2022\\\/06\\\/sfe_sp_rrskaft_ms85p_-1.jpg\",\"width\":400,\"height\":271},{\"@type\":\"BreadcrumbList\",\"@id\":\"https:\\\/\\\/www.stalskog.se\\\/fi\\\/tuote\\\/isolerat-sparrskaft-ms65p\\\/#breadcrumb\",\"itemListElement\":[{\"@type\":\"ListItem\",\"position\":1,\"name\":\"Hem\",\"item\":\"https:\\\/\\\/www.stalskog.se\\\/fi\\\/\"},{\"@type\":\"ListItem\",\"position\":2,\"name\":\"Produkter\",\"item\":\"https:\\\/\\\/www.stalskog.se\\\/?page_id=3235\"},{\"@type\":\"ListItem\",\"position\":3,\"name\":\"11. Insulated Hand Tools 1000 V\",\"item\":\"https:\\\/\\\/www.stalskog.se\\\/fi\\\/kategoria\\\/insulated-hand-tools-1000-v-fi\\\/\"},{\"@type\":\"ListItem\",\"position\":4,\"name\":\"Isolerat sp\u00e4rrskaft MS65P\"}]},{\"@type\":\"WebSite\",\"@id\":\"https:\\\/\\\/www.stalskog.se\\\/fi\\\/#website\",\"url\":\"https:\\\/\\\/www.stalskog.se\\\/fi\\\/\",\"name\":\"Ragnar St\u00e5lskog\",\"description\":\"\",\"publisher\":{\"@id\":\"https:\\\/\\\/www.stalskog.se\\\/fi\\\/#organization\"},\"potentialAction\":[{\"@type\":\"SearchAction\",\"target\":{\"@type\":\"EntryPoint\",\"urlTemplate\":\"https:\\\/\\\/www.stalskog.se\\\/fi\\\/?s={search_term_string}\"},\"query-input\":{\"@type\":\"PropertyValueSpecification\",\"valueRequired\":true,\"valueName\":\"search_term_string\"}}],\"inLanguage\":\"fi\"},{\"@type\":\"Organization\",\"@id\":\"https:\\\/\\\/www.stalskog.se\\\/fi\\\/#organization\",\"name\":\"Ragnar St\u00e5lskog\",\"url\":\"https:\\\/\\\/www.stalskog.se\\\/fi\\\/\",\"logo\":{\"@type\":\"ImageObject\",\"inLanguage\":\"fi\",\"@id\":\"https:\\\/\\\/www.stalskog.se\\\/fi\\\/#\\\/schema\\\/logo\\\/image\\\/\",\"url\":\"https:\\\/\\\/www.stalskog.se\\\/wp-content\\\/uploads\\\/2022\\\/03\\\/logo_o.png\",\"contentUrl\":\"https:\\\/\\\/www.stalskog.se\\\/wp-content\\\/uploads\\\/2022\\\/03\\\/logo_o.png\",\"width\":410,\"height\":99,\"caption\":\"Ragnar St\u00e5lskog\"},\"image\":{\"@id\":\"https:\\\/\\\/www.stalskog.se\\\/fi\\\/#\\\/schema\\\/logo\\\/image\\\/\"}}]}<\/script>\n<!-- \/ Yoast SEO plugin. -->","yoast_head_json":{"title":"Isolerat sp\u00e4rrskaft MS65P &#8211; Ragnar St\u00e5lskog","description":"IEC60900 ISO 1174-1, ISO 3315 MS65P Isolerat reversibelt sp\u00e4rrskaft 1\/2\" med mekanisk l\u00e5sning. Utrustad med frig\u00f6rningsknapp f\u00f6r de isolerade hylsorna.","robots":{"index":"index","follow":"follow","max-snippet":"max-snippet:-1","max-image-preview":"max-image-preview:large","max-video-preview":"max-video-preview:-1"},"canonical":"https:\/\/www.stalskog.se\/fi\/tuote\/isolerat-sparrskaft-ms65p\/","og_locale":"fi_FI","og_type":"article","og_title":"Isolerat sp\u00e4rrskaft MS65P &#8211; Ragnar St\u00e5lskog","og_description":"IEC60900 ISO 1174-1, ISO 3315 MS65P Isolerat reversibelt sp\u00e4rrskaft 1\/2\" med mekanisk l\u00e5sning. Utrustad med frig\u00f6rningsknapp f\u00f6r de isolerade hylsorna.","og_url":"https:\/\/www.stalskog.se\/fi\/tuote\/isolerat-sparrskaft-ms65p\/","og_site_name":"Ragnar St\u00e5lskog","article_modified_time":"2023-02-08T07:49:44+00:00","og_image":[{"width":400,"height":271,"url":"https:\/\/www.stalskog.se\/wp-content\/uploads\/2022\/06\/sfe_sp_rrskaft_ms85p_-1.jpg","type":"image\/jpeg"}],"twitter_card":"summary_large_image","twitter_misc":{"Arvioitu lukuaika":"1 minuutti"},"schema":{"@context":"https:\/\/schema.org","@graph":[{"@type":"WebPage","@id":"https:\/\/www.stalskog.se\/fi\/tuote\/isolerat-sparrskaft-ms65p\/","url":"https:\/\/www.stalskog.se\/fi\/tuote\/isolerat-sparrskaft-ms65p\/","name":"Isolerat sp\u00e4rrskaft MS65P &#8211; Ragnar St\u00e5lskog","isPartOf":{"@id":"https:\/\/www.stalskog.se\/fi\/#website"},"primaryImageOfPage":{"@id":"https:\/\/www.stalskog.se\/fi\/tuote\/isolerat-sparrskaft-ms65p\/#primaryimage"},"image":{"@id":"https:\/\/www.stalskog.se\/fi\/tuote\/isolerat-sparrskaft-ms65p\/#primaryimage"},"thumbnailUrl":"https:\/\/www.stalskog.se\/wp-content\/uploads\/2022\/06\/sfe_sp_rrskaft_ms85p_-1.jpg","datePublished":"2022-06-03T13:16:45+00:00","dateModified":"2023-02-08T07:49:44+00:00","description":"IEC60900 ISO 1174-1, ISO 3315 MS65P Isolerat reversibelt sp\u00e4rrskaft 1\/2\" med mekanisk l\u00e5sning. Utrustad med frig\u00f6rningsknapp f\u00f6r de isolerade hylsorna.","breadcrumb":{"@id":"https:\/\/www.stalskog.se\/fi\/tuote\/isolerat-sparrskaft-ms65p\/#breadcrumb"},"inLanguage":"fi","potentialAction":[{"@type":"ReadAction","target":["https:\/\/www.stalskog.se\/fi\/tuote\/isolerat-sparrskaft-ms65p\/"]}]},{"@type":"ImageObject","inLanguage":"fi","@id":"https:\/\/www.stalskog.se\/fi\/tuote\/isolerat-sparrskaft-ms65p\/#primaryimage","url":"https:\/\/www.stalskog.se\/wp-content\/uploads\/2022\/06\/sfe_sp_rrskaft_ms85p_-1.jpg","contentUrl":"https:\/\/www.stalskog.se\/wp-content\/uploads\/2022\/06\/sfe_sp_rrskaft_ms85p_-1.jpg","width":400,"height":271},{"@type":"BreadcrumbList","@id":"https:\/\/www.stalskog.se\/fi\/tuote\/isolerat-sparrskaft-ms65p\/#breadcrumb","itemListElement":[{"@type":"ListItem","position":1,"name":"Hem","item":"https:\/\/www.stalskog.se\/fi\/"},{"@type":"ListItem","position":2,"name":"Produkter","item":"https:\/\/www.stalskog.se\/?page_id=3235"},{"@type":"ListItem","position":3,"name":"11. Insulated Hand Tools 1000 V","item":"https:\/\/www.stalskog.se\/fi\/kategoria\/insulated-hand-tools-1000-v-fi\/"},{"@type":"ListItem","position":4,"name":"Isolerat sp\u00e4rrskaft MS65P"}]},{"@type":"WebSite","@id":"https:\/\/www.stalskog.se\/fi\/#website","url":"https:\/\/www.stalskog.se\/fi\/","name":"Ragnar St\u00e5lskog","description":"","publisher":{"@id":"https:\/\/www.stalskog.se\/fi\/#organization"},"potentialAction":[{"@type":"SearchAction","target":{"@type":"EntryPoint","urlTemplate":"https:\/\/www.stalskog.se\/fi\/?s={search_term_string}"},"query-input":{"@type":"PropertyValueSpecification","valueRequired":true,"valueName":"search_term_string"}}],"inLanguage":"fi"},{"@type":"Organization","@id":"https:\/\/www.stalskog.se\/fi\/#organization","name":"Ragnar St\u00e5lskog","url":"https:\/\/www.stalskog.se\/fi\/","logo":{"@type":"ImageObject","inLanguage":"fi","@id":"https:\/\/www.stalskog.se\/fi\/#\/schema\/logo\/image\/","url":"https:\/\/www.stalskog.se\/wp-content\/uploads\/2022\/03\/logo_o.png","contentUrl":"https:\/\/www.stalskog.se\/wp-content\/uploads\/2022\/03\/logo_o.png","width":410,"height":99,"caption":"Ragnar St\u00e5lskog"},"image":{"@id":"https:\/\/www.stalskog.se\/fi\/#\/schema\/logo\/image\/"}}]}},"_links":{"self":[{"href":"https:\/\/www.stalskog.se\/fi\/wp-json\/wp\/v2\/product\/10041","targetHints":{"allow":["GET"]}}],"collection":[{"href":"https:\/\/www.stalskog.se\/fi\/wp-json\/wp\/v2\/product"}],"about":[{"href":"https:\/\/www.stalskog.se\/fi\/wp-json\/wp\/v2\/types\/product"}],"replies":[{"embeddable":true,"href":"https:\/\/www.stalskog.se\/fi\/wp-json\/wp\/v2\/comments?post=10041"}],"wp:featuredmedia":[{"embeddable":true,"href":"https:\/\/www.stalskog.se\/fi\/wp-json\/wp\/v2\/media\/10042"}],"wp:attachment":[{"href":"https:\/\/www.stalskog.se\/fi\/wp-json\/wp\/v2\/media?parent=10041"}],"wp:term":[{"taxonomy":"product_brand","embeddable":true,"href":"https:\/\/www.stalskog.se\/fi\/wp-json\/wp\/v2\/product_brand?post=10041"},{"taxonomy":"product_cat","embeddable":true,"href":"https:\/\/www.stalskog.se\/fi\/wp-json\/wp\/v2\/product_cat?post=10041"},{"taxonomy":"product_tag","embeddable":true,"href":"https:\/\/www.stalskog.se\/fi\/wp-json\/wp\/v2\/product_tag?post=10041"}],"curies":[{"name":"wp","href":"https:\/\/api.w.org\/{rel}","templated":true}]}}