{"id":10109,"date":"2022-06-03T14:05:57","date_gmt":"2022-06-03T14:05:57","guid":{"rendered":"https:\/\/www.stalskog.se\/?post_type=product&#038;p=10109"},"modified":"2024-02-16T11:08:09","modified_gmt":"2024-02-16T11:08:09","slug":"isolerad-momentnyckel-ms100no","status":"publish","type":"product","link":"https:\/\/www.stalskog.se\/fi\/tuote\/isolerad-momentnyckel-ms100no\/","title":{"rendered":"Isolerad momentnyckel MS100NO"},"content":{"rendered":"<p>IEC 60900<br \/>\nEN 6789<\/p>\n<p><strong>MS100NO<\/strong><br \/>\n<strong>Isolerad reversibel momentnyckel<\/strong> 3\/8&#8243; med 3\/8&#8243; fyrkantsf\u00e4ste.<br \/>\nF\u00f6r precisions\u00e5tdragning (v\u00e4nster- eller h\u00f6gerg\u00e4nga) och f\u00f6r att l\u00f6sg\u00f6ra bultar eller muttrar.Reversibel genom att vrida det tandade hjulet p\u00e5 momentnyckelns huvud.<br \/>\n\u00c4ndring av \u00e5tdragningsmoment g\u00f6rs genom att vrida det bakre handtaget.<\/p>\n","protected":false},"excerpt":{"rendered":"<p>IEC 60900 EN 6789 MS100NO Isolerad reversibel momentnyckel 3\/8&#8243; med 3\/8&#8243; fyrkantsf\u00e4ste. F\u00f6r precisions\u00e5tdragning (v\u00e4nster- eller h\u00f6gerg\u00e4nga) och f\u00f6r att l\u00f6sg\u00f6ra bultar eller muttrar.Reversibel genom att vrida det tandade hjulet p\u00e5 momentnyckelns huvud. \u00c4ndring av \u00e5tdragningsmoment g\u00f6rs genom att vrida det bakre handtaget.<\/p>\n","protected":false},"featured_media":10110,"comment_status":"closed","ping_status":"closed","template":"","meta":{"_acf_changed":false},"product_brand":[],"product_cat":[34,169],"product_tag":[],"class_list":{"0":"post-10109","1":"product","2":"type-product","3":"status-publish","4":"has-post-thumbnail","6":"product_cat-isolerade-verktyg-handskar","7":"product_cat-bilverkstad-ppe-elfordon","9":"first","10":"instock","11":"shipping-taxable","12":"product-type-simple"},"acf":[],"yoast_head":"<!-- This site is optimized with the Yoast SEO plugin v27.5 - https:\/\/yoast.com\/product\/yoast-seo-wordpress\/ -->\n<title>Isolerad momentnyckel MS100NO &#8211; Ragnar St\u00e5lskog<\/title>\n<meta name=\"description\" content=\"IEC 60900 EN 6789 MS100NO Isolerad reversibel momentnyckel 3\/8&quot; med 3\/8&quot; fyrkantsf\u00e4ste. F\u00f6r precisions\u00e5tdragning (v\u00e4nster- eller h\u00f6gerg\u00e4nga) och f\u00f6r att\" \/>\n<meta name=\"robots\" content=\"index, follow, max-snippet:-1, max-image-preview:large, max-video-preview:-1\" \/>\n<link rel=\"canonical\" href=\"https:\/\/www.stalskog.se\/fi\/tuote\/isolerad-momentnyckel-ms100no\/\" \/>\n<meta property=\"og:locale\" content=\"fi_FI\" \/>\n<meta property=\"og:type\" content=\"article\" \/>\n<meta property=\"og:title\" content=\"Isolerad momentnyckel MS100NO &#8211; Ragnar St\u00e5lskog\" \/>\n<meta property=\"og:description\" content=\"IEC 60900 EN 6789 MS100NO Isolerad reversibel momentnyckel 3\/8&quot; med 3\/8&quot; fyrkantsf\u00e4ste. F\u00f6r precisions\u00e5tdragning (v\u00e4nster- eller h\u00f6gerg\u00e4nga) och f\u00f6r att\" \/>\n<meta property=\"og:url\" content=\"https:\/\/www.stalskog.se\/fi\/tuote\/isolerad-momentnyckel-ms100no\/\" \/>\n<meta property=\"og:site_name\" content=\"Ragnar St\u00e5lskog\" \/>\n<meta property=\"article:modified_time\" content=\"2024-02-16T11:08:09+00:00\" \/>\n<meta property=\"og:image\" content=\"https:\/\/www.stalskog.se\/wp-content\/uploads\/2022\/06\/sfe_momentnyckel_ms100no_-e1675857221205.jpg\" \/>\n\t<meta property=\"og:image:width\" content=\"151\" \/>\n\t<meta property=\"og:image:height\" content=\"400\" \/>\n\t<meta property=\"og:image:type\" content=\"image\/jpeg\" \/>\n<meta name=\"twitter:card\" content=\"summary_large_image\" \/>\n<meta name=\"twitter:label1\" content=\"Arvioitu lukuaika\" \/>\n\t<meta name=\"twitter:data1\" content=\"1 minuutti\" \/>\n<script type=\"application\/ld+json\" class=\"yoast-schema-graph\">{\"@context\":\"https:\\\/\\\/schema.org\",\"@graph\":[{\"@type\":\"WebPage\",\"@id\":\"https:\\\/\\\/www.stalskog.se\\\/fi\\\/tuote\\\/isolerad-momentnyckel-ms100no\\\/\",\"url\":\"https:\\\/\\\/www.stalskog.se\\\/fi\\\/tuote\\\/isolerad-momentnyckel-ms100no\\\/\",\"name\":\"Isolerad momentnyckel MS100NO &#8211; Ragnar St\u00e5lskog\",\"isPartOf\":{\"@id\":\"https:\\\/\\\/www.stalskog.se\\\/fi\\\/#website\"},\"primaryImageOfPage\":{\"@id\":\"https:\\\/\\\/www.stalskog.se\\\/fi\\\/tuote\\\/isolerad-momentnyckel-ms100no\\\/#primaryimage\"},\"image\":{\"@id\":\"https:\\\/\\\/www.stalskog.se\\\/fi\\\/tuote\\\/isolerad-momentnyckel-ms100no\\\/#primaryimage\"},\"thumbnailUrl\":\"https:\\\/\\\/www.stalskog.se\\\/wp-content\\\/uploads\\\/2022\\\/06\\\/sfe_momentnyckel_ms100no_-e1675857221205.jpg\",\"datePublished\":\"2022-06-03T14:05:57+00:00\",\"dateModified\":\"2024-02-16T11:08:09+00:00\",\"description\":\"IEC 60900 EN 6789 MS100NO Isolerad reversibel momentnyckel 3\\\/8\\\" med 3\\\/8\\\" fyrkantsf\u00e4ste. F\u00f6r precisions\u00e5tdragning (v\u00e4nster- eller h\u00f6gerg\u00e4nga) och f\u00f6r att\",\"breadcrumb\":{\"@id\":\"https:\\\/\\\/www.stalskog.se\\\/fi\\\/tuote\\\/isolerad-momentnyckel-ms100no\\\/#breadcrumb\"},\"inLanguage\":\"fi\",\"potentialAction\":[{\"@type\":\"ReadAction\",\"target\":[\"https:\\\/\\\/www.stalskog.se\\\/fi\\\/tuote\\\/isolerad-momentnyckel-ms100no\\\/\"]}]},{\"@type\":\"ImageObject\",\"inLanguage\":\"fi\",\"@id\":\"https:\\\/\\\/www.stalskog.se\\\/fi\\\/tuote\\\/isolerad-momentnyckel-ms100no\\\/#primaryimage\",\"url\":\"https:\\\/\\\/www.stalskog.se\\\/wp-content\\\/uploads\\\/2022\\\/06\\\/sfe_momentnyckel_ms100no_-e1675857221205.jpg\",\"contentUrl\":\"https:\\\/\\\/www.stalskog.se\\\/wp-content\\\/uploads\\\/2022\\\/06\\\/sfe_momentnyckel_ms100no_-e1675857221205.jpg\",\"width\":151,\"height\":400},{\"@type\":\"BreadcrumbList\",\"@id\":\"https:\\\/\\\/www.stalskog.se\\\/fi\\\/tuote\\\/isolerad-momentnyckel-ms100no\\\/#breadcrumb\",\"itemListElement\":[{\"@type\":\"ListItem\",\"position\":1,\"name\":\"Hem\",\"item\":\"https:\\\/\\\/www.stalskog.se\\\/fi\\\/\"},{\"@type\":\"ListItem\",\"position\":2,\"name\":\"Produkter\",\"item\":\"https:\\\/\\\/www.stalskog.se\\\/?page_id=3235\"},{\"@type\":\"ListItem\",\"position\":3,\"name\":\"11. Insulated Hand Tools 1000 V\",\"item\":\"https:\\\/\\\/www.stalskog.se\\\/fi\\\/kategoria\\\/insulated-hand-tools-1000-v-fi\\\/\"},{\"@type\":\"ListItem\",\"position\":4,\"name\":\"Isolerad momentnyckel MS100NO\"}]},{\"@type\":\"WebSite\",\"@id\":\"https:\\\/\\\/www.stalskog.se\\\/fi\\\/#website\",\"url\":\"https:\\\/\\\/www.stalskog.se\\\/fi\\\/\",\"name\":\"Ragnar St\u00e5lskog\",\"description\":\"\",\"publisher\":{\"@id\":\"https:\\\/\\\/www.stalskog.se\\\/fi\\\/#organization\"},\"potentialAction\":[{\"@type\":\"SearchAction\",\"target\":{\"@type\":\"EntryPoint\",\"urlTemplate\":\"https:\\\/\\\/www.stalskog.se\\\/fi\\\/?s={search_term_string}\"},\"query-input\":{\"@type\":\"PropertyValueSpecification\",\"valueRequired\":true,\"valueName\":\"search_term_string\"}}],\"inLanguage\":\"fi\"},{\"@type\":\"Organization\",\"@id\":\"https:\\\/\\\/www.stalskog.se\\\/fi\\\/#organization\",\"name\":\"Ragnar St\u00e5lskog\",\"url\":\"https:\\\/\\\/www.stalskog.se\\\/fi\\\/\",\"logo\":{\"@type\":\"ImageObject\",\"inLanguage\":\"fi\",\"@id\":\"https:\\\/\\\/www.stalskog.se\\\/fi\\\/#\\\/schema\\\/logo\\\/image\\\/\",\"url\":\"https:\\\/\\\/www.stalskog.se\\\/wp-content\\\/uploads\\\/2022\\\/03\\\/logo_o.png\",\"contentUrl\":\"https:\\\/\\\/www.stalskog.se\\\/wp-content\\\/uploads\\\/2022\\\/03\\\/logo_o.png\",\"width\":410,\"height\":99,\"caption\":\"Ragnar St\u00e5lskog\"},\"image\":{\"@id\":\"https:\\\/\\\/www.stalskog.se\\\/fi\\\/#\\\/schema\\\/logo\\\/image\\\/\"}}]}<\/script>\n<!-- \/ Yoast SEO plugin. -->","yoast_head_json":{"title":"Isolerad momentnyckel MS100NO &#8211; Ragnar St\u00e5lskog","description":"IEC 60900 EN 6789 MS100NO Isolerad reversibel momentnyckel 3\/8\" med 3\/8\" fyrkantsf\u00e4ste. F\u00f6r precisions\u00e5tdragning (v\u00e4nster- eller h\u00f6gerg\u00e4nga) och f\u00f6r att","robots":{"index":"index","follow":"follow","max-snippet":"max-snippet:-1","max-image-preview":"max-image-preview:large","max-video-preview":"max-video-preview:-1"},"canonical":"https:\/\/www.stalskog.se\/fi\/tuote\/isolerad-momentnyckel-ms100no\/","og_locale":"fi_FI","og_type":"article","og_title":"Isolerad momentnyckel MS100NO &#8211; Ragnar St\u00e5lskog","og_description":"IEC 60900 EN 6789 MS100NO Isolerad reversibel momentnyckel 3\/8\" med 3\/8\" fyrkantsf\u00e4ste. F\u00f6r precisions\u00e5tdragning (v\u00e4nster- eller h\u00f6gerg\u00e4nga) och f\u00f6r att","og_url":"https:\/\/www.stalskog.se\/fi\/tuote\/isolerad-momentnyckel-ms100no\/","og_site_name":"Ragnar St\u00e5lskog","article_modified_time":"2024-02-16T11:08:09+00:00","og_image":[{"width":151,"height":400,"url":"https:\/\/www.stalskog.se\/wp-content\/uploads\/2022\/06\/sfe_momentnyckel_ms100no_-e1675857221205.jpg","type":"image\/jpeg"}],"twitter_card":"summary_large_image","twitter_misc":{"Arvioitu lukuaika":"1 minuutti"},"schema":{"@context":"https:\/\/schema.org","@graph":[{"@type":"WebPage","@id":"https:\/\/www.stalskog.se\/fi\/tuote\/isolerad-momentnyckel-ms100no\/","url":"https:\/\/www.stalskog.se\/fi\/tuote\/isolerad-momentnyckel-ms100no\/","name":"Isolerad momentnyckel MS100NO &#8211; Ragnar St\u00e5lskog","isPartOf":{"@id":"https:\/\/www.stalskog.se\/fi\/#website"},"primaryImageOfPage":{"@id":"https:\/\/www.stalskog.se\/fi\/tuote\/isolerad-momentnyckel-ms100no\/#primaryimage"},"image":{"@id":"https:\/\/www.stalskog.se\/fi\/tuote\/isolerad-momentnyckel-ms100no\/#primaryimage"},"thumbnailUrl":"https:\/\/www.stalskog.se\/wp-content\/uploads\/2022\/06\/sfe_momentnyckel_ms100no_-e1675857221205.jpg","datePublished":"2022-06-03T14:05:57+00:00","dateModified":"2024-02-16T11:08:09+00:00","description":"IEC 60900 EN 6789 MS100NO Isolerad reversibel momentnyckel 3\/8\" med 3\/8\" fyrkantsf\u00e4ste. F\u00f6r precisions\u00e5tdragning (v\u00e4nster- eller h\u00f6gerg\u00e4nga) och f\u00f6r att","breadcrumb":{"@id":"https:\/\/www.stalskog.se\/fi\/tuote\/isolerad-momentnyckel-ms100no\/#breadcrumb"},"inLanguage":"fi","potentialAction":[{"@type":"ReadAction","target":["https:\/\/www.stalskog.se\/fi\/tuote\/isolerad-momentnyckel-ms100no\/"]}]},{"@type":"ImageObject","inLanguage":"fi","@id":"https:\/\/www.stalskog.se\/fi\/tuote\/isolerad-momentnyckel-ms100no\/#primaryimage","url":"https:\/\/www.stalskog.se\/wp-content\/uploads\/2022\/06\/sfe_momentnyckel_ms100no_-e1675857221205.jpg","contentUrl":"https:\/\/www.stalskog.se\/wp-content\/uploads\/2022\/06\/sfe_momentnyckel_ms100no_-e1675857221205.jpg","width":151,"height":400},{"@type":"BreadcrumbList","@id":"https:\/\/www.stalskog.se\/fi\/tuote\/isolerad-momentnyckel-ms100no\/#breadcrumb","itemListElement":[{"@type":"ListItem","position":1,"name":"Hem","item":"https:\/\/www.stalskog.se\/fi\/"},{"@type":"ListItem","position":2,"name":"Produkter","item":"https:\/\/www.stalskog.se\/?page_id=3235"},{"@type":"ListItem","position":3,"name":"11. Insulated Hand Tools 1000 V","item":"https:\/\/www.stalskog.se\/fi\/kategoria\/insulated-hand-tools-1000-v-fi\/"},{"@type":"ListItem","position":4,"name":"Isolerad momentnyckel MS100NO"}]},{"@type":"WebSite","@id":"https:\/\/www.stalskog.se\/fi\/#website","url":"https:\/\/www.stalskog.se\/fi\/","name":"Ragnar St\u00e5lskog","description":"","publisher":{"@id":"https:\/\/www.stalskog.se\/fi\/#organization"},"potentialAction":[{"@type":"SearchAction","target":{"@type":"EntryPoint","urlTemplate":"https:\/\/www.stalskog.se\/fi\/?s={search_term_string}"},"query-input":{"@type":"PropertyValueSpecification","valueRequired":true,"valueName":"search_term_string"}}],"inLanguage":"fi"},{"@type":"Organization","@id":"https:\/\/www.stalskog.se\/fi\/#organization","name":"Ragnar St\u00e5lskog","url":"https:\/\/www.stalskog.se\/fi\/","logo":{"@type":"ImageObject","inLanguage":"fi","@id":"https:\/\/www.stalskog.se\/fi\/#\/schema\/logo\/image\/","url":"https:\/\/www.stalskog.se\/wp-content\/uploads\/2022\/03\/logo_o.png","contentUrl":"https:\/\/www.stalskog.se\/wp-content\/uploads\/2022\/03\/logo_o.png","width":410,"height":99,"caption":"Ragnar St\u00e5lskog"},"image":{"@id":"https:\/\/www.stalskog.se\/fi\/#\/schema\/logo\/image\/"}}]}},"_links":{"self":[{"href":"https:\/\/www.stalskog.se\/fi\/wp-json\/wp\/v2\/product\/10109","targetHints":{"allow":["GET"]}}],"collection":[{"href":"https:\/\/www.stalskog.se\/fi\/wp-json\/wp\/v2\/product"}],"about":[{"href":"https:\/\/www.stalskog.se\/fi\/wp-json\/wp\/v2\/types\/product"}],"replies":[{"embeddable":true,"href":"https:\/\/www.stalskog.se\/fi\/wp-json\/wp\/v2\/comments?post=10109"}],"wp:featuredmedia":[{"embeddable":true,"href":"https:\/\/www.stalskog.se\/fi\/wp-json\/wp\/v2\/media\/10110"}],"wp:attachment":[{"href":"https:\/\/www.stalskog.se\/fi\/wp-json\/wp\/v2\/media?parent=10109"}],"wp:term":[{"taxonomy":"product_brand","embeddable":true,"href":"https:\/\/www.stalskog.se\/fi\/wp-json\/wp\/v2\/product_brand?post=10109"},{"taxonomy":"product_cat","embeddable":true,"href":"https:\/\/www.stalskog.se\/fi\/wp-json\/wp\/v2\/product_cat?post=10109"},{"taxonomy":"product_tag","embeddable":true,"href":"https:\/\/www.stalskog.se\/fi\/wp-json\/wp\/v2\/product_tag?post=10109"}],"curies":[{"name":"wp","href":"https:\/\/api.w.org\/{rel}","templated":true}]}}