{"id":10170,"date":"2022-06-03T17:01:50","date_gmt":"2022-06-03T17:01:50","guid":{"rendered":"https:\/\/www.stalskog.se\/?post_type=product&#038;p=10170"},"modified":"2022-06-03T17:01:50","modified_gmt":"2022-06-03T17:01:50","slug":"helisolerad-skiftnyckel-ms7sc","status":"publish","type":"product","link":"https:\/\/www.stalskog.se\/fi\/tuote\/helisolerad-skiftnyckel-ms7sc\/","title":{"rendered":"Helisolerad skiftnyckel MS7SC"},"content":{"rendered":"<p>EN 60900 \/ IEC60900<\/p>\n<p><strong>MS7SC<\/strong><br \/>\n<strong>Helisolerad skiftnyckel.<\/strong><br \/>\nK\u00e4ften r\u00f6r sig inuti det fasta isolerade huvudet och \u00f6ppnas\/st\u00e4ngs med den isolerade ratten.<\/p>\n","protected":false},"excerpt":{"rendered":"<p>EN 60900 \/ IEC60900 MS7SC Helisolerad skiftnyckel. K\u00e4ften r\u00f6r sig inuti det fasta isolerade huvudet och \u00f6ppnas\/st\u00e4ngs med den isolerade ratten.<\/p>\n","protected":false},"featured_media":10171,"comment_status":"closed","ping_status":"closed","template":"","meta":{"_acf_changed":false},"product_brand":[],"product_cat":[34],"product_tag":[],"class_list":{"0":"post-10170","1":"product","2":"type-product","3":"status-publish","4":"has-post-thumbnail","6":"product_cat-isolerade-verktyg-handskar","8":"first","9":"instock","10":"shipping-taxable","11":"product-type-simple"},"acf":[],"yoast_head":"<!-- This site is optimized with the Yoast SEO plugin v27.5 - https:\/\/yoast.com\/product\/yoast-seo-wordpress\/ -->\n<title>Helisolerad skiftnyckel MS7SC &#8211; Ragnar St\u00e5lskog<\/title>\n<meta name=\"description\" content=\"EN 60900 \/ IEC60900  MS7SC Helisolerad skiftnyckel. K\u00e4ften r\u00f6r sig inuti det fasta isolerade huvudet och \u00f6ppnas\/st\u00e4ngs med den isolerade ratten.\" \/>\n<meta name=\"robots\" content=\"index, follow, max-snippet:-1, max-image-preview:large, max-video-preview:-1\" \/>\n<link rel=\"canonical\" href=\"https:\/\/www.stalskog.se\/fi\/tuote\/helisolerad-skiftnyckel-ms7sc\/\" \/>\n<meta property=\"og:locale\" content=\"fi_FI\" \/>\n<meta property=\"og:type\" content=\"article\" \/>\n<meta property=\"og:title\" content=\"Helisolerad skiftnyckel MS7SC &#8211; Ragnar St\u00e5lskog\" \/>\n<meta property=\"og:description\" content=\"EN 60900 \/ IEC60900  MS7SC Helisolerad skiftnyckel. K\u00e4ften r\u00f6r sig inuti det fasta isolerade huvudet och \u00f6ppnas\/st\u00e4ngs med den isolerade ratten.\" \/>\n<meta property=\"og:url\" content=\"https:\/\/www.stalskog.se\/fi\/tuote\/helisolerad-skiftnyckel-ms7sc\/\" \/>\n<meta property=\"og:site_name\" content=\"Ragnar St\u00e5lskog\" \/>\n<meta property=\"og:image\" content=\"https:\/\/www.stalskog.se\/wp-content\/uploads\/2022\/06\/sfe_skiftnyckel_ms7sc_.jpg\" \/>\n\t<meta property=\"og:image:width\" content=\"400\" \/>\n\t<meta property=\"og:image:height\" content=\"262\" \/>\n\t<meta property=\"og:image:type\" content=\"image\/jpeg\" \/>\n<meta name=\"twitter:card\" content=\"summary_large_image\" \/>\n<meta name=\"twitter:label1\" content=\"Arvioitu lukuaika\" \/>\n\t<meta name=\"twitter:data1\" content=\"1 minuutti\" \/>\n<script type=\"application\/ld+json\" class=\"yoast-schema-graph\">{\"@context\":\"https:\\\/\\\/schema.org\",\"@graph\":[{\"@type\":\"WebPage\",\"@id\":\"https:\\\/\\\/www.stalskog.se\\\/fi\\\/tuote\\\/helisolerad-skiftnyckel-ms7sc\\\/\",\"url\":\"https:\\\/\\\/www.stalskog.se\\\/fi\\\/tuote\\\/helisolerad-skiftnyckel-ms7sc\\\/\",\"name\":\"Helisolerad skiftnyckel MS7SC &#8211; Ragnar St\u00e5lskog\",\"isPartOf\":{\"@id\":\"https:\\\/\\\/www.stalskog.se\\\/fi\\\/#website\"},\"primaryImageOfPage\":{\"@id\":\"https:\\\/\\\/www.stalskog.se\\\/fi\\\/tuote\\\/helisolerad-skiftnyckel-ms7sc\\\/#primaryimage\"},\"image\":{\"@id\":\"https:\\\/\\\/www.stalskog.se\\\/fi\\\/tuote\\\/helisolerad-skiftnyckel-ms7sc\\\/#primaryimage\"},\"thumbnailUrl\":\"https:\\\/\\\/www.stalskog.se\\\/wp-content\\\/uploads\\\/2022\\\/06\\\/sfe_skiftnyckel_ms7sc_.jpg\",\"datePublished\":\"2022-06-03T17:01:50+00:00\",\"description\":\"EN 60900 \\\/ IEC60900 MS7SC Helisolerad skiftnyckel. K\u00e4ften r\u00f6r sig inuti det fasta isolerade huvudet och \u00f6ppnas\\\/st\u00e4ngs med den isolerade ratten.\",\"breadcrumb\":{\"@id\":\"https:\\\/\\\/www.stalskog.se\\\/fi\\\/tuote\\\/helisolerad-skiftnyckel-ms7sc\\\/#breadcrumb\"},\"inLanguage\":\"fi\",\"potentialAction\":[{\"@type\":\"ReadAction\",\"target\":[\"https:\\\/\\\/www.stalskog.se\\\/fi\\\/tuote\\\/helisolerad-skiftnyckel-ms7sc\\\/\"]}]},{\"@type\":\"ImageObject\",\"inLanguage\":\"fi\",\"@id\":\"https:\\\/\\\/www.stalskog.se\\\/fi\\\/tuote\\\/helisolerad-skiftnyckel-ms7sc\\\/#primaryimage\",\"url\":\"https:\\\/\\\/www.stalskog.se\\\/wp-content\\\/uploads\\\/2022\\\/06\\\/sfe_skiftnyckel_ms7sc_.jpg\",\"contentUrl\":\"https:\\\/\\\/www.stalskog.se\\\/wp-content\\\/uploads\\\/2022\\\/06\\\/sfe_skiftnyckel_ms7sc_.jpg\",\"width\":400,\"height\":262},{\"@type\":\"BreadcrumbList\",\"@id\":\"https:\\\/\\\/www.stalskog.se\\\/fi\\\/tuote\\\/helisolerad-skiftnyckel-ms7sc\\\/#breadcrumb\",\"itemListElement\":[{\"@type\":\"ListItem\",\"position\":1,\"name\":\"Hem\",\"item\":\"https:\\\/\\\/www.stalskog.se\\\/fi\\\/\"},{\"@type\":\"ListItem\",\"position\":2,\"name\":\"Produkter\",\"item\":\"https:\\\/\\\/www.stalskog.se\\\/?page_id=3235\"},{\"@type\":\"ListItem\",\"position\":3,\"name\":\"11. Insulated Hand Tools 1000 V\",\"item\":\"https:\\\/\\\/www.stalskog.se\\\/fi\\\/kategoria\\\/insulated-hand-tools-1000-v-fi\\\/\"},{\"@type\":\"ListItem\",\"position\":4,\"name\":\"Helisolerad skiftnyckel MS7SC\"}]},{\"@type\":\"WebSite\",\"@id\":\"https:\\\/\\\/www.stalskog.se\\\/fi\\\/#website\",\"url\":\"https:\\\/\\\/www.stalskog.se\\\/fi\\\/\",\"name\":\"Ragnar St\u00e5lskog\",\"description\":\"\",\"publisher\":{\"@id\":\"https:\\\/\\\/www.stalskog.se\\\/fi\\\/#organization\"},\"potentialAction\":[{\"@type\":\"SearchAction\",\"target\":{\"@type\":\"EntryPoint\",\"urlTemplate\":\"https:\\\/\\\/www.stalskog.se\\\/fi\\\/?s={search_term_string}\"},\"query-input\":{\"@type\":\"PropertyValueSpecification\",\"valueRequired\":true,\"valueName\":\"search_term_string\"}}],\"inLanguage\":\"fi\"},{\"@type\":\"Organization\",\"@id\":\"https:\\\/\\\/www.stalskog.se\\\/fi\\\/#organization\",\"name\":\"Ragnar St\u00e5lskog\",\"url\":\"https:\\\/\\\/www.stalskog.se\\\/fi\\\/\",\"logo\":{\"@type\":\"ImageObject\",\"inLanguage\":\"fi\",\"@id\":\"https:\\\/\\\/www.stalskog.se\\\/fi\\\/#\\\/schema\\\/logo\\\/image\\\/\",\"url\":\"https:\\\/\\\/www.stalskog.se\\\/wp-content\\\/uploads\\\/2022\\\/03\\\/logo_o.png\",\"contentUrl\":\"https:\\\/\\\/www.stalskog.se\\\/wp-content\\\/uploads\\\/2022\\\/03\\\/logo_o.png\",\"width\":410,\"height\":99,\"caption\":\"Ragnar St\u00e5lskog\"},\"image\":{\"@id\":\"https:\\\/\\\/www.stalskog.se\\\/fi\\\/#\\\/schema\\\/logo\\\/image\\\/\"}}]}<\/script>\n<!-- \/ Yoast SEO plugin. -->","yoast_head_json":{"title":"Helisolerad skiftnyckel MS7SC &#8211; Ragnar St\u00e5lskog","description":"EN 60900 \/ IEC60900  MS7SC Helisolerad skiftnyckel. K\u00e4ften r\u00f6r sig inuti det fasta isolerade huvudet och \u00f6ppnas\/st\u00e4ngs med den isolerade ratten.","robots":{"index":"index","follow":"follow","max-snippet":"max-snippet:-1","max-image-preview":"max-image-preview:large","max-video-preview":"max-video-preview:-1"},"canonical":"https:\/\/www.stalskog.se\/fi\/tuote\/helisolerad-skiftnyckel-ms7sc\/","og_locale":"fi_FI","og_type":"article","og_title":"Helisolerad skiftnyckel MS7SC &#8211; Ragnar St\u00e5lskog","og_description":"EN 60900 \/ IEC60900  MS7SC Helisolerad skiftnyckel. K\u00e4ften r\u00f6r sig inuti det fasta isolerade huvudet och \u00f6ppnas\/st\u00e4ngs med den isolerade ratten.","og_url":"https:\/\/www.stalskog.se\/fi\/tuote\/helisolerad-skiftnyckel-ms7sc\/","og_site_name":"Ragnar St\u00e5lskog","og_image":[{"width":400,"height":262,"url":"https:\/\/www.stalskog.se\/wp-content\/uploads\/2022\/06\/sfe_skiftnyckel_ms7sc_.jpg","type":"image\/jpeg"}],"twitter_card":"summary_large_image","twitter_misc":{"Arvioitu lukuaika":"1 minuutti"},"schema":{"@context":"https:\/\/schema.org","@graph":[{"@type":"WebPage","@id":"https:\/\/www.stalskog.se\/fi\/tuote\/helisolerad-skiftnyckel-ms7sc\/","url":"https:\/\/www.stalskog.se\/fi\/tuote\/helisolerad-skiftnyckel-ms7sc\/","name":"Helisolerad skiftnyckel MS7SC &#8211; Ragnar St\u00e5lskog","isPartOf":{"@id":"https:\/\/www.stalskog.se\/fi\/#website"},"primaryImageOfPage":{"@id":"https:\/\/www.stalskog.se\/fi\/tuote\/helisolerad-skiftnyckel-ms7sc\/#primaryimage"},"image":{"@id":"https:\/\/www.stalskog.se\/fi\/tuote\/helisolerad-skiftnyckel-ms7sc\/#primaryimage"},"thumbnailUrl":"https:\/\/www.stalskog.se\/wp-content\/uploads\/2022\/06\/sfe_skiftnyckel_ms7sc_.jpg","datePublished":"2022-06-03T17:01:50+00:00","description":"EN 60900 \/ IEC60900 MS7SC Helisolerad skiftnyckel. K\u00e4ften r\u00f6r sig inuti det fasta isolerade huvudet och \u00f6ppnas\/st\u00e4ngs med den isolerade ratten.","breadcrumb":{"@id":"https:\/\/www.stalskog.se\/fi\/tuote\/helisolerad-skiftnyckel-ms7sc\/#breadcrumb"},"inLanguage":"fi","potentialAction":[{"@type":"ReadAction","target":["https:\/\/www.stalskog.se\/fi\/tuote\/helisolerad-skiftnyckel-ms7sc\/"]}]},{"@type":"ImageObject","inLanguage":"fi","@id":"https:\/\/www.stalskog.se\/fi\/tuote\/helisolerad-skiftnyckel-ms7sc\/#primaryimage","url":"https:\/\/www.stalskog.se\/wp-content\/uploads\/2022\/06\/sfe_skiftnyckel_ms7sc_.jpg","contentUrl":"https:\/\/www.stalskog.se\/wp-content\/uploads\/2022\/06\/sfe_skiftnyckel_ms7sc_.jpg","width":400,"height":262},{"@type":"BreadcrumbList","@id":"https:\/\/www.stalskog.se\/fi\/tuote\/helisolerad-skiftnyckel-ms7sc\/#breadcrumb","itemListElement":[{"@type":"ListItem","position":1,"name":"Hem","item":"https:\/\/www.stalskog.se\/fi\/"},{"@type":"ListItem","position":2,"name":"Produkter","item":"https:\/\/www.stalskog.se\/?page_id=3235"},{"@type":"ListItem","position":3,"name":"11. Insulated Hand Tools 1000 V","item":"https:\/\/www.stalskog.se\/fi\/kategoria\/insulated-hand-tools-1000-v-fi\/"},{"@type":"ListItem","position":4,"name":"Helisolerad skiftnyckel MS7SC"}]},{"@type":"WebSite","@id":"https:\/\/www.stalskog.se\/fi\/#website","url":"https:\/\/www.stalskog.se\/fi\/","name":"Ragnar St\u00e5lskog","description":"","publisher":{"@id":"https:\/\/www.stalskog.se\/fi\/#organization"},"potentialAction":[{"@type":"SearchAction","target":{"@type":"EntryPoint","urlTemplate":"https:\/\/www.stalskog.se\/fi\/?s={search_term_string}"},"query-input":{"@type":"PropertyValueSpecification","valueRequired":true,"valueName":"search_term_string"}}],"inLanguage":"fi"},{"@type":"Organization","@id":"https:\/\/www.stalskog.se\/fi\/#organization","name":"Ragnar St\u00e5lskog","url":"https:\/\/www.stalskog.se\/fi\/","logo":{"@type":"ImageObject","inLanguage":"fi","@id":"https:\/\/www.stalskog.se\/fi\/#\/schema\/logo\/image\/","url":"https:\/\/www.stalskog.se\/wp-content\/uploads\/2022\/03\/logo_o.png","contentUrl":"https:\/\/www.stalskog.se\/wp-content\/uploads\/2022\/03\/logo_o.png","width":410,"height":99,"caption":"Ragnar St\u00e5lskog"},"image":{"@id":"https:\/\/www.stalskog.se\/fi\/#\/schema\/logo\/image\/"}}]}},"_links":{"self":[{"href":"https:\/\/www.stalskog.se\/fi\/wp-json\/wp\/v2\/product\/10170","targetHints":{"allow":["GET"]}}],"collection":[{"href":"https:\/\/www.stalskog.se\/fi\/wp-json\/wp\/v2\/product"}],"about":[{"href":"https:\/\/www.stalskog.se\/fi\/wp-json\/wp\/v2\/types\/product"}],"replies":[{"embeddable":true,"href":"https:\/\/www.stalskog.se\/fi\/wp-json\/wp\/v2\/comments?post=10170"}],"wp:featuredmedia":[{"embeddable":true,"href":"https:\/\/www.stalskog.se\/fi\/wp-json\/wp\/v2\/media\/10171"}],"wp:attachment":[{"href":"https:\/\/www.stalskog.se\/fi\/wp-json\/wp\/v2\/media?parent=10170"}],"wp:term":[{"taxonomy":"product_brand","embeddable":true,"href":"https:\/\/www.stalskog.se\/fi\/wp-json\/wp\/v2\/product_brand?post=10170"},{"taxonomy":"product_cat","embeddable":true,"href":"https:\/\/www.stalskog.se\/fi\/wp-json\/wp\/v2\/product_cat?post=10170"},{"taxonomy":"product_tag","embeddable":true,"href":"https:\/\/www.stalskog.se\/fi\/wp-json\/wp\/v2\/product_tag?post=10170"}],"curies":[{"name":"wp","href":"https:\/\/api.w.org\/{rel}","templated":true}]}}