{"id":15228,"date":"2022-04-28T11:28:53","date_gmt":"2022-04-28T11:28:53","guid":{"rendered":"https:\/\/www.stalskog.se\/produkt\/ska630\/"},"modified":"2022-04-28T11:28:53","modified_gmt":"2022-04-28T11:28:53","slug":"ska630","status":"publish","type":"product","link":"https:\/\/www.stalskog.se\/fi\/tuote\/ska630\/","title":{"rendered":"SKA630"},"content":{"rendered":"<p>Ty\u00f6kalusarja kosketussuojattujen kaapelip\u00e4\u00e4tteiden maadoittamiseen SKA 630 II<br \/>\nTy\u00f6kalusarja SKA 630 II on tarkoitettu kosketussuojattujen kaapelip\u00e4\u00e4tteiden, 630A, maadoittamiseen suurj\u00e4nnitekaapeleissa. Ty\u00f6kalusarja sis\u00e4lt\u00e4\u00e4 muun muassa kuulapultteja, tartuntalukkoja, momenttiliittimi\u00e4, holkkeja ja kuusiokoloavainta eri p\u00e4\u00e4tteiden kapasitiivisten osien irrottamista varten. Maadoitukseen tarvitaan my\u00f6s maadoituslaite, esimerkiksi R\/S AB:n yleismaadoituslaite JK27-X1-JK27V tai JK27-X1-JK27.  <\/p>\n","protected":false},"excerpt":{"rendered":"<p>Ty\u00f6kalusarja kosketussuojattujen kaapelip\u00e4\u00e4tteiden maadoittamiseen SKA 630 II Ty\u00f6kalusarja SKA 630 II on tarkoitettu kosketussuojattujen kaapelip\u00e4\u00e4tteiden, 630A, maadoittamiseen suurj\u00e4nnitekaapeleissa. Ty\u00f6kalusarja sis\u00e4lt\u00e4\u00e4 muun muassa kuulapultteja, tartuntalukkoja, momenttiliittimi\u00e4, holkkeja ja kuusiokoloavainta eri p\u00e4\u00e4tteiden kapasitiivisten osien irrottamista varten. Maadoitukseen tarvitaan my\u00f6s maadoituslaite, esimerkiksi R\/S AB:n yleismaadoituslaite JK27-X1-JK27V tai JK27-X1-JK27.<\/p>\n","protected":false},"featured_media":4479,"comment_status":"closed","ping_status":"closed","template":"","meta":{"_acf_changed":false},"product_brand":[],"product_cat":[76,106,150],"product_tag":[],"class_list":{"0":"post-15228","1":"product","2":"type-product","3":"status-publish","4":"has-post-thumbnail","6":"product_cat-switchgear-fi","7":"product_cat-other-products-fi","8":"product_cat-misc-fi","10":"first","11":"instock","12":"shipping-taxable","13":"product-type-simple"},"acf":[],"yoast_head":"<!-- This site is optimized with the Yoast SEO plugin v27.5 - https:\/\/yoast.com\/product\/yoast-seo-wordpress\/ -->\n<title>SKA630 &#8211; Ragnar St\u00e5lskog<\/title>\n<meta name=\"description\" content=\"Ty\u00f6kalusarja kosketussuojattujen kaapelip\u00e4\u00e4tteiden maadoittamiseen SKA 630 II Ty\u00f6kalusarja SKA 630 II on tarkoitettu kosketussuojattujen\" \/>\n<meta name=\"robots\" content=\"index, follow, max-snippet:-1, max-image-preview:large, max-video-preview:-1\" \/>\n<link rel=\"canonical\" href=\"https:\/\/www.stalskog.se\/fi\/tuote\/ska630\/\" \/>\n<meta property=\"og:locale\" content=\"fi_FI\" \/>\n<meta property=\"og:type\" content=\"article\" \/>\n<meta property=\"og:title\" content=\"SKA630 &#8211; Ragnar St\u00e5lskog\" \/>\n<meta property=\"og:description\" content=\"Ty\u00f6kalusarja kosketussuojattujen kaapelip\u00e4\u00e4tteiden maadoittamiseen SKA 630 II Ty\u00f6kalusarja SKA 630 II on tarkoitettu kosketussuojattujen\" \/>\n<meta property=\"og:url\" content=\"https:\/\/www.stalskog.se\/fi\/tuote\/ska630\/\" \/>\n<meta property=\"og:site_name\" content=\"Ragnar St\u00e5lskog\" \/>\n<meta property=\"og:image\" content=\"https:\/\/www.stalskog.se\/wp-content\/uploads\/2022\/04\/ska630_iii_norm.png\" \/>\n\t<meta property=\"og:image:width\" content=\"290\" \/>\n\t<meta property=\"og:image:height\" content=\"300\" \/>\n\t<meta property=\"og:image:type\" content=\"image\/png\" \/>\n<meta name=\"twitter:card\" content=\"summary_large_image\" \/>\n<script type=\"application\/ld+json\" class=\"yoast-schema-graph\">{\"@context\":\"https:\\\/\\\/schema.org\",\"@graph\":[{\"@type\":\"WebPage\",\"@id\":\"https:\\\/\\\/www.stalskog.se\\\/fi\\\/tuote\\\/ska630\\\/\",\"url\":\"https:\\\/\\\/www.stalskog.se\\\/fi\\\/tuote\\\/ska630\\\/\",\"name\":\"SKA630 &#8211; Ragnar St\u00e5lskog\",\"isPartOf\":{\"@id\":\"https:\\\/\\\/www.stalskog.se\\\/fi\\\/#website\"},\"primaryImageOfPage\":{\"@id\":\"https:\\\/\\\/www.stalskog.se\\\/fi\\\/tuote\\\/ska630\\\/#primaryimage\"},\"image\":{\"@id\":\"https:\\\/\\\/www.stalskog.se\\\/fi\\\/tuote\\\/ska630\\\/#primaryimage\"},\"thumbnailUrl\":\"https:\\\/\\\/www.stalskog.se\\\/wp-content\\\/uploads\\\/2022\\\/04\\\/ska630_iii_norm.png\",\"datePublished\":\"2022-04-28T11:28:53+00:00\",\"description\":\"Ty\u00f6kalusarja kosketussuojattujen kaapelip\u00e4\u00e4tteiden maadoittamiseen SKA 630 II Ty\u00f6kalusarja SKA 630 II on tarkoitettu kosketussuojattujen\",\"breadcrumb\":{\"@id\":\"https:\\\/\\\/www.stalskog.se\\\/fi\\\/tuote\\\/ska630\\\/#breadcrumb\"},\"inLanguage\":\"fi\",\"potentialAction\":[{\"@type\":\"ReadAction\",\"target\":[\"https:\\\/\\\/www.stalskog.se\\\/fi\\\/tuote\\\/ska630\\\/\"]}]},{\"@type\":\"ImageObject\",\"inLanguage\":\"fi\",\"@id\":\"https:\\\/\\\/www.stalskog.se\\\/fi\\\/tuote\\\/ska630\\\/#primaryimage\",\"url\":\"https:\\\/\\\/www.stalskog.se\\\/wp-content\\\/uploads\\\/2022\\\/04\\\/ska630_iii_norm.png\",\"contentUrl\":\"https:\\\/\\\/www.stalskog.se\\\/wp-content\\\/uploads\\\/2022\\\/04\\\/ska630_iii_norm.png\",\"width\":290,\"height\":300},{\"@type\":\"BreadcrumbList\",\"@id\":\"https:\\\/\\\/www.stalskog.se\\\/fi\\\/tuote\\\/ska630\\\/#breadcrumb\",\"itemListElement\":[{\"@type\":\"ListItem\",\"position\":1,\"name\":\"Hem\",\"item\":\"https:\\\/\\\/www.stalskog.se\\\/fi\\\/\"},{\"@type\":\"ListItem\",\"position\":2,\"name\":\"Produkter\",\"item\":\"https:\\\/\\\/www.stalskog.se\\\/?page_id=3235\"},{\"@type\":\"ListItem\",\"position\":3,\"name\":\"1. Switchgear\",\"item\":\"https:\\\/\\\/www.stalskog.se\\\/fi\\\/kategoria\\\/switchgear-fi\\\/\"},{\"@type\":\"ListItem\",\"position\":4,\"name\":\"SKA630\"}]},{\"@type\":\"WebSite\",\"@id\":\"https:\\\/\\\/www.stalskog.se\\\/fi\\\/#website\",\"url\":\"https:\\\/\\\/www.stalskog.se\\\/fi\\\/\",\"name\":\"Ragnar St\u00e5lskog\",\"description\":\"\",\"publisher\":{\"@id\":\"https:\\\/\\\/www.stalskog.se\\\/fi\\\/#organization\"},\"potentialAction\":[{\"@type\":\"SearchAction\",\"target\":{\"@type\":\"EntryPoint\",\"urlTemplate\":\"https:\\\/\\\/www.stalskog.se\\\/fi\\\/?s={search_term_string}\"},\"query-input\":{\"@type\":\"PropertyValueSpecification\",\"valueRequired\":true,\"valueName\":\"search_term_string\"}}],\"inLanguage\":\"fi\"},{\"@type\":\"Organization\",\"@id\":\"https:\\\/\\\/www.stalskog.se\\\/fi\\\/#organization\",\"name\":\"Ragnar St\u00e5lskog\",\"url\":\"https:\\\/\\\/www.stalskog.se\\\/fi\\\/\",\"logo\":{\"@type\":\"ImageObject\",\"inLanguage\":\"fi\",\"@id\":\"https:\\\/\\\/www.stalskog.se\\\/fi\\\/#\\\/schema\\\/logo\\\/image\\\/\",\"url\":\"https:\\\/\\\/www.stalskog.se\\\/wp-content\\\/uploads\\\/2022\\\/03\\\/logo_o.png\",\"contentUrl\":\"https:\\\/\\\/www.stalskog.se\\\/wp-content\\\/uploads\\\/2022\\\/03\\\/logo_o.png\",\"width\":410,\"height\":99,\"caption\":\"Ragnar St\u00e5lskog\"},\"image\":{\"@id\":\"https:\\\/\\\/www.stalskog.se\\\/fi\\\/#\\\/schema\\\/logo\\\/image\\\/\"}}]}<\/script>\n<!-- \/ Yoast SEO plugin. -->","yoast_head_json":{"title":"SKA630 &#8211; Ragnar St\u00e5lskog","description":"Ty\u00f6kalusarja kosketussuojattujen kaapelip\u00e4\u00e4tteiden maadoittamiseen SKA 630 II Ty\u00f6kalusarja SKA 630 II on tarkoitettu kosketussuojattujen","robots":{"index":"index","follow":"follow","max-snippet":"max-snippet:-1","max-image-preview":"max-image-preview:large","max-video-preview":"max-video-preview:-1"},"canonical":"https:\/\/www.stalskog.se\/fi\/tuote\/ska630\/","og_locale":"fi_FI","og_type":"article","og_title":"SKA630 &#8211; Ragnar St\u00e5lskog","og_description":"Ty\u00f6kalusarja kosketussuojattujen kaapelip\u00e4\u00e4tteiden maadoittamiseen SKA 630 II Ty\u00f6kalusarja SKA 630 II on tarkoitettu kosketussuojattujen","og_url":"https:\/\/www.stalskog.se\/fi\/tuote\/ska630\/","og_site_name":"Ragnar St\u00e5lskog","og_image":[{"width":290,"height":300,"url":"https:\/\/www.stalskog.se\/wp-content\/uploads\/2022\/04\/ska630_iii_norm.png","type":"image\/png"}],"twitter_card":"summary_large_image","schema":{"@context":"https:\/\/schema.org","@graph":[{"@type":"WebPage","@id":"https:\/\/www.stalskog.se\/fi\/tuote\/ska630\/","url":"https:\/\/www.stalskog.se\/fi\/tuote\/ska630\/","name":"SKA630 &#8211; Ragnar St\u00e5lskog","isPartOf":{"@id":"https:\/\/www.stalskog.se\/fi\/#website"},"primaryImageOfPage":{"@id":"https:\/\/www.stalskog.se\/fi\/tuote\/ska630\/#primaryimage"},"image":{"@id":"https:\/\/www.stalskog.se\/fi\/tuote\/ska630\/#primaryimage"},"thumbnailUrl":"https:\/\/www.stalskog.se\/wp-content\/uploads\/2022\/04\/ska630_iii_norm.png","datePublished":"2022-04-28T11:28:53+00:00","description":"Ty\u00f6kalusarja kosketussuojattujen kaapelip\u00e4\u00e4tteiden maadoittamiseen SKA 630 II Ty\u00f6kalusarja SKA 630 II on tarkoitettu kosketussuojattujen","breadcrumb":{"@id":"https:\/\/www.stalskog.se\/fi\/tuote\/ska630\/#breadcrumb"},"inLanguage":"fi","potentialAction":[{"@type":"ReadAction","target":["https:\/\/www.stalskog.se\/fi\/tuote\/ska630\/"]}]},{"@type":"ImageObject","inLanguage":"fi","@id":"https:\/\/www.stalskog.se\/fi\/tuote\/ska630\/#primaryimage","url":"https:\/\/www.stalskog.se\/wp-content\/uploads\/2022\/04\/ska630_iii_norm.png","contentUrl":"https:\/\/www.stalskog.se\/wp-content\/uploads\/2022\/04\/ska630_iii_norm.png","width":290,"height":300},{"@type":"BreadcrumbList","@id":"https:\/\/www.stalskog.se\/fi\/tuote\/ska630\/#breadcrumb","itemListElement":[{"@type":"ListItem","position":1,"name":"Hem","item":"https:\/\/www.stalskog.se\/fi\/"},{"@type":"ListItem","position":2,"name":"Produkter","item":"https:\/\/www.stalskog.se\/?page_id=3235"},{"@type":"ListItem","position":3,"name":"1. Switchgear","item":"https:\/\/www.stalskog.se\/fi\/kategoria\/switchgear-fi\/"},{"@type":"ListItem","position":4,"name":"SKA630"}]},{"@type":"WebSite","@id":"https:\/\/www.stalskog.se\/fi\/#website","url":"https:\/\/www.stalskog.se\/fi\/","name":"Ragnar St\u00e5lskog","description":"","publisher":{"@id":"https:\/\/www.stalskog.se\/fi\/#organization"},"potentialAction":[{"@type":"SearchAction","target":{"@type":"EntryPoint","urlTemplate":"https:\/\/www.stalskog.se\/fi\/?s={search_term_string}"},"query-input":{"@type":"PropertyValueSpecification","valueRequired":true,"valueName":"search_term_string"}}],"inLanguage":"fi"},{"@type":"Organization","@id":"https:\/\/www.stalskog.se\/fi\/#organization","name":"Ragnar St\u00e5lskog","url":"https:\/\/www.stalskog.se\/fi\/","logo":{"@type":"ImageObject","inLanguage":"fi","@id":"https:\/\/www.stalskog.se\/fi\/#\/schema\/logo\/image\/","url":"https:\/\/www.stalskog.se\/wp-content\/uploads\/2022\/03\/logo_o.png","contentUrl":"https:\/\/www.stalskog.se\/wp-content\/uploads\/2022\/03\/logo_o.png","width":410,"height":99,"caption":"Ragnar St\u00e5lskog"},"image":{"@id":"https:\/\/www.stalskog.se\/fi\/#\/schema\/logo\/image\/"}}]}},"_links":{"self":[{"href":"https:\/\/www.stalskog.se\/fi\/wp-json\/wp\/v2\/product\/15228","targetHints":{"allow":["GET"]}}],"collection":[{"href":"https:\/\/www.stalskog.se\/fi\/wp-json\/wp\/v2\/product"}],"about":[{"href":"https:\/\/www.stalskog.se\/fi\/wp-json\/wp\/v2\/types\/product"}],"replies":[{"embeddable":true,"href":"https:\/\/www.stalskog.se\/fi\/wp-json\/wp\/v2\/comments?post=15228"}],"wp:featuredmedia":[{"embeddable":true,"href":"https:\/\/www.stalskog.se\/fi\/wp-json\/wp\/v2\/media\/4479"}],"wp:attachment":[{"href":"https:\/\/www.stalskog.se\/fi\/wp-json\/wp\/v2\/media?parent=15228"}],"wp:term":[{"taxonomy":"product_brand","embeddable":true,"href":"https:\/\/www.stalskog.se\/fi\/wp-json\/wp\/v2\/product_brand?post=15228"},{"taxonomy":"product_cat","embeddable":true,"href":"https:\/\/www.stalskog.se\/fi\/wp-json\/wp\/v2\/product_cat?post=15228"},{"taxonomy":"product_tag","embeddable":true,"href":"https:\/\/www.stalskog.se\/fi\/wp-json\/wp\/v2\/product_tag?post=15228"}],"curies":[{"name":"wp","href":"https:\/\/api.w.org\/{rel}","templated":true}]}}