{"id":15232,"date":"2022-04-28T07:36:54","date_gmt":"2022-04-28T07:36:54","guid":{"rendered":"https:\/\/www.stalskog.se\/produkt\/purkauslaite-mulk_-__-2\/"},"modified":"2022-04-28T07:36:54","modified_gmt":"2022-04-28T07:36:54","slug":"purkauslaite-mulk_-__-2","status":"publish","type":"product","link":"https:\/\/www.stalskog.se\/fi\/tuote\/purkauslaite-mulk_-__-2\/","title":{"rendered":"Purkauslaite MULK_\/__"},"content":{"rendered":"<p>Ref. EN 61235<br \/>\nKoukkuselektrodilla varustettu purkauslaite MULK&#8230;\/&#8230; on tarkoitettu s\u00e4hk\u00f6staattisten varausten purkamiseen.<br \/>\nKoukkuselektrodi on valmistettu sinkityst\u00e4 kuparista, ja siin\u00e4 on M8-kierre kaapelikeng\u00e4n kiinnityst\u00e4 varten.<br \/>\nEristystanko on tiivistetty kosteuden tunkeutumisen est\u00e4miseksi.<br \/>\nEristystanko on valmistettu keltaisesta, lasikuituvahvisteisesta polyvinyyliesterist\u00e4, ja sen ulkohalkaisija on 29 mm. Alap\u00e4\u00e4ss\u00e4 on kumista valmistettu suojakorkki.  <\/p>\n","protected":false},"excerpt":{"rendered":"<p>Ref. EN 61235 Koukkuselektrodilla varustettu purkauslaite MULK&#8230;\/&#8230; on tarkoitettu s\u00e4hk\u00f6staattisten varausten purkamiseen. Koukkuselektrodi on valmistettu sinkityst\u00e4 kuparista, ja siin\u00e4 on M8-kierre kaapelikeng\u00e4n kiinnityst\u00e4 varten. Eristystanko on tiivistetty kosteuden tunkeutumisen est\u00e4miseksi. Eristystanko on valmistettu keltaisesta, lasikuituvahvisteisesta polyvinyyliesterist\u00e4, ja sen ulkohalkaisija on 29 mm. Alap\u00e4\u00e4ss\u00e4 on kumista valmistettu suojakorkki.<\/p>\n","protected":false},"featured_media":4435,"comment_status":"closed","ping_status":"closed","template":"","meta":{"_acf_changed":false},"product_brand":[],"product_cat":[76],"product_tag":[],"class_list":{"0":"post-15232","1":"product","2":"type-product","3":"status-publish","4":"has-post-thumbnail","6":"product_cat-switchgear-fi","8":"first","9":"instock","10":"shipping-taxable","11":"product-type-simple"},"acf":[],"yoast_head":"<!-- This site is optimized with the Yoast SEO plugin v27.3 - https:\/\/yoast.com\/product\/yoast-seo-wordpress\/ -->\n<title>Purkauslaite MULK_\/__ &#8211; Ragnar St\u00e5lskog<\/title>\n<meta name=\"description\" content=\"Ref. EN 61235 Koukkuselektrodilla varustettu purkauslaite MULK...\/... on tarkoitettu s\u00e4hk\u00f6staattisten varausten purkamiseen. Koukkuselektrodi on\" \/>\n<meta name=\"robots\" content=\"index, follow, max-snippet:-1, max-image-preview:large, max-video-preview:-1\" \/>\n<link rel=\"canonical\" href=\"https:\/\/www.stalskog.se\/fi\/tuote\/purkauslaite-mulk_-__-2\/\" \/>\n<meta property=\"og:locale\" content=\"fi_FI\" \/>\n<meta property=\"og:type\" content=\"article\" \/>\n<meta property=\"og:title\" content=\"Purkauslaite MULK_\/__ &#8211; Ragnar St\u00e5lskog\" \/>\n<meta property=\"og:description\" content=\"Ref. EN 61235 Koukkuselektrodilla varustettu purkauslaite MULK...\/... on tarkoitettu s\u00e4hk\u00f6staattisten varausten purkamiseen. Koukkuselektrodi on\" \/>\n<meta property=\"og:url\" content=\"https:\/\/www.stalskog.se\/fi\/tuote\/purkauslaite-mulk_-__-2\/\" \/>\n<meta property=\"og:site_name\" content=\"Ragnar St\u00e5lskog\" \/>\n<meta property=\"og:image\" content=\"https:\/\/www.stalskog.se\/wp-content\/uploads\/2022\/04\/mulk__.jpg\" \/>\n\t<meta property=\"og:image:width\" content=\"55\" \/>\n\t<meta property=\"og:image:height\" content=\"607\" \/>\n\t<meta property=\"og:image:type\" content=\"image\/jpeg\" \/>\n<meta name=\"twitter:card\" content=\"summary_large_image\" \/>\n<script type=\"application\/ld+json\" class=\"yoast-schema-graph\">{\"@context\":\"https:\\\/\\\/schema.org\",\"@graph\":[{\"@type\":\"WebPage\",\"@id\":\"https:\\\/\\\/www.stalskog.se\\\/fi\\\/tuote\\\/purkauslaite-mulk_-__-2\\\/\",\"url\":\"https:\\\/\\\/www.stalskog.se\\\/fi\\\/tuote\\\/purkauslaite-mulk_-__-2\\\/\",\"name\":\"Purkauslaite MULK_\\\/__ &#8211; Ragnar St\u00e5lskog\",\"isPartOf\":{\"@id\":\"https:\\\/\\\/www.stalskog.se\\\/fi\\\/#website\"},\"primaryImageOfPage\":{\"@id\":\"https:\\\/\\\/www.stalskog.se\\\/fi\\\/tuote\\\/purkauslaite-mulk_-__-2\\\/#primaryimage\"},\"image\":{\"@id\":\"https:\\\/\\\/www.stalskog.se\\\/fi\\\/tuote\\\/purkauslaite-mulk_-__-2\\\/#primaryimage\"},\"thumbnailUrl\":\"https:\\\/\\\/www.stalskog.se\\\/wp-content\\\/uploads\\\/2022\\\/04\\\/mulk__.jpg\",\"datePublished\":\"2022-04-28T07:36:54+00:00\",\"description\":\"Ref. EN 61235 Koukkuselektrodilla varustettu purkauslaite MULK...\\\/... on tarkoitettu s\u00e4hk\u00f6staattisten varausten purkamiseen. Koukkuselektrodi on\",\"breadcrumb\":{\"@id\":\"https:\\\/\\\/www.stalskog.se\\\/fi\\\/tuote\\\/purkauslaite-mulk_-__-2\\\/#breadcrumb\"},\"inLanguage\":\"fi\",\"potentialAction\":[{\"@type\":\"ReadAction\",\"target\":[\"https:\\\/\\\/www.stalskog.se\\\/fi\\\/tuote\\\/purkauslaite-mulk_-__-2\\\/\"]}]},{\"@type\":\"ImageObject\",\"inLanguage\":\"fi\",\"@id\":\"https:\\\/\\\/www.stalskog.se\\\/fi\\\/tuote\\\/purkauslaite-mulk_-__-2\\\/#primaryimage\",\"url\":\"https:\\\/\\\/www.stalskog.se\\\/wp-content\\\/uploads\\\/2022\\\/04\\\/mulk__.jpg\",\"contentUrl\":\"https:\\\/\\\/www.stalskog.se\\\/wp-content\\\/uploads\\\/2022\\\/04\\\/mulk__.jpg\",\"width\":55,\"height\":607},{\"@type\":\"BreadcrumbList\",\"@id\":\"https:\\\/\\\/www.stalskog.se\\\/fi\\\/tuote\\\/purkauslaite-mulk_-__-2\\\/#breadcrumb\",\"itemListElement\":[{\"@type\":\"ListItem\",\"position\":1,\"name\":\"Hem\",\"item\":\"https:\\\/\\\/www.stalskog.se\\\/fi\\\/\"},{\"@type\":\"ListItem\",\"position\":2,\"name\":\"Produkter\",\"item\":\"https:\\\/\\\/www.stalskog.se\\\/?page_id=3235\"},{\"@type\":\"ListItem\",\"position\":3,\"name\":\"1. Switchgear\",\"item\":\"https:\\\/\\\/www.stalskog.se\\\/fi\\\/kategoria\\\/switchgear-fi\\\/\"},{\"@type\":\"ListItem\",\"position\":4,\"name\":\"Purkauslaite MULK_\\\/__\"}]},{\"@type\":\"WebSite\",\"@id\":\"https:\\\/\\\/www.stalskog.se\\\/fi\\\/#website\",\"url\":\"https:\\\/\\\/www.stalskog.se\\\/fi\\\/\",\"name\":\"Ragnar St\u00e5lskog\",\"description\":\"\",\"publisher\":{\"@id\":\"https:\\\/\\\/www.stalskog.se\\\/fi\\\/#organization\"},\"potentialAction\":[{\"@type\":\"SearchAction\",\"target\":{\"@type\":\"EntryPoint\",\"urlTemplate\":\"https:\\\/\\\/www.stalskog.se\\\/fi\\\/?s={search_term_string}\"},\"query-input\":{\"@type\":\"PropertyValueSpecification\",\"valueRequired\":true,\"valueName\":\"search_term_string\"}}],\"inLanguage\":\"fi\"},{\"@type\":\"Organization\",\"@id\":\"https:\\\/\\\/www.stalskog.se\\\/fi\\\/#organization\",\"name\":\"Ragnar St\u00e5lskog\",\"url\":\"https:\\\/\\\/www.stalskog.se\\\/fi\\\/\",\"logo\":{\"@type\":\"ImageObject\",\"inLanguage\":\"fi\",\"@id\":\"https:\\\/\\\/www.stalskog.se\\\/fi\\\/#\\\/schema\\\/logo\\\/image\\\/\",\"url\":\"https:\\\/\\\/www.stalskog.se\\\/wp-content\\\/uploads\\\/2022\\\/03\\\/logo_o.png\",\"contentUrl\":\"https:\\\/\\\/www.stalskog.se\\\/wp-content\\\/uploads\\\/2022\\\/03\\\/logo_o.png\",\"width\":410,\"height\":99,\"caption\":\"Ragnar St\u00e5lskog\"},\"image\":{\"@id\":\"https:\\\/\\\/www.stalskog.se\\\/fi\\\/#\\\/schema\\\/logo\\\/image\\\/\"}}]}<\/script>\n<!-- \/ Yoast SEO plugin. -->","yoast_head_json":{"title":"Purkauslaite MULK_\/__ &#8211; Ragnar St\u00e5lskog","description":"Ref. EN 61235 Koukkuselektrodilla varustettu purkauslaite MULK...\/... on tarkoitettu s\u00e4hk\u00f6staattisten varausten purkamiseen. Koukkuselektrodi on","robots":{"index":"index","follow":"follow","max-snippet":"max-snippet:-1","max-image-preview":"max-image-preview:large","max-video-preview":"max-video-preview:-1"},"canonical":"https:\/\/www.stalskog.se\/fi\/tuote\/purkauslaite-mulk_-__-2\/","og_locale":"fi_FI","og_type":"article","og_title":"Purkauslaite MULK_\/__ &#8211; Ragnar St\u00e5lskog","og_description":"Ref. EN 61235 Koukkuselektrodilla varustettu purkauslaite MULK...\/... on tarkoitettu s\u00e4hk\u00f6staattisten varausten purkamiseen. Koukkuselektrodi on","og_url":"https:\/\/www.stalskog.se\/fi\/tuote\/purkauslaite-mulk_-__-2\/","og_site_name":"Ragnar St\u00e5lskog","og_image":[{"width":55,"height":607,"url":"https:\/\/www.stalskog.se\/wp-content\/uploads\/2022\/04\/mulk__.jpg","type":"image\/jpeg"}],"twitter_card":"summary_large_image","schema":{"@context":"https:\/\/schema.org","@graph":[{"@type":"WebPage","@id":"https:\/\/www.stalskog.se\/fi\/tuote\/purkauslaite-mulk_-__-2\/","url":"https:\/\/www.stalskog.se\/fi\/tuote\/purkauslaite-mulk_-__-2\/","name":"Purkauslaite MULK_\/__ &#8211; Ragnar St\u00e5lskog","isPartOf":{"@id":"https:\/\/www.stalskog.se\/fi\/#website"},"primaryImageOfPage":{"@id":"https:\/\/www.stalskog.se\/fi\/tuote\/purkauslaite-mulk_-__-2\/#primaryimage"},"image":{"@id":"https:\/\/www.stalskog.se\/fi\/tuote\/purkauslaite-mulk_-__-2\/#primaryimage"},"thumbnailUrl":"https:\/\/www.stalskog.se\/wp-content\/uploads\/2022\/04\/mulk__.jpg","datePublished":"2022-04-28T07:36:54+00:00","description":"Ref. EN 61235 Koukkuselektrodilla varustettu purkauslaite MULK...\/... on tarkoitettu s\u00e4hk\u00f6staattisten varausten purkamiseen. Koukkuselektrodi on","breadcrumb":{"@id":"https:\/\/www.stalskog.se\/fi\/tuote\/purkauslaite-mulk_-__-2\/#breadcrumb"},"inLanguage":"fi","potentialAction":[{"@type":"ReadAction","target":["https:\/\/www.stalskog.se\/fi\/tuote\/purkauslaite-mulk_-__-2\/"]}]},{"@type":"ImageObject","inLanguage":"fi","@id":"https:\/\/www.stalskog.se\/fi\/tuote\/purkauslaite-mulk_-__-2\/#primaryimage","url":"https:\/\/www.stalskog.se\/wp-content\/uploads\/2022\/04\/mulk__.jpg","contentUrl":"https:\/\/www.stalskog.se\/wp-content\/uploads\/2022\/04\/mulk__.jpg","width":55,"height":607},{"@type":"BreadcrumbList","@id":"https:\/\/www.stalskog.se\/fi\/tuote\/purkauslaite-mulk_-__-2\/#breadcrumb","itemListElement":[{"@type":"ListItem","position":1,"name":"Hem","item":"https:\/\/www.stalskog.se\/fi\/"},{"@type":"ListItem","position":2,"name":"Produkter","item":"https:\/\/www.stalskog.se\/?page_id=3235"},{"@type":"ListItem","position":3,"name":"1. Switchgear","item":"https:\/\/www.stalskog.se\/fi\/kategoria\/switchgear-fi\/"},{"@type":"ListItem","position":4,"name":"Purkauslaite MULK_\/__"}]},{"@type":"WebSite","@id":"https:\/\/www.stalskog.se\/fi\/#website","url":"https:\/\/www.stalskog.se\/fi\/","name":"Ragnar St\u00e5lskog","description":"","publisher":{"@id":"https:\/\/www.stalskog.se\/fi\/#organization"},"potentialAction":[{"@type":"SearchAction","target":{"@type":"EntryPoint","urlTemplate":"https:\/\/www.stalskog.se\/fi\/?s={search_term_string}"},"query-input":{"@type":"PropertyValueSpecification","valueRequired":true,"valueName":"search_term_string"}}],"inLanguage":"fi"},{"@type":"Organization","@id":"https:\/\/www.stalskog.se\/fi\/#organization","name":"Ragnar St\u00e5lskog","url":"https:\/\/www.stalskog.se\/fi\/","logo":{"@type":"ImageObject","inLanguage":"fi","@id":"https:\/\/www.stalskog.se\/fi\/#\/schema\/logo\/image\/","url":"https:\/\/www.stalskog.se\/wp-content\/uploads\/2022\/03\/logo_o.png","contentUrl":"https:\/\/www.stalskog.se\/wp-content\/uploads\/2022\/03\/logo_o.png","width":410,"height":99,"caption":"Ragnar St\u00e5lskog"},"image":{"@id":"https:\/\/www.stalskog.se\/fi\/#\/schema\/logo\/image\/"}}]}},"_links":{"self":[{"href":"https:\/\/www.stalskog.se\/fi\/wp-json\/wp\/v2\/product\/15232","targetHints":{"allow":["GET"]}}],"collection":[{"href":"https:\/\/www.stalskog.se\/fi\/wp-json\/wp\/v2\/product"}],"about":[{"href":"https:\/\/www.stalskog.se\/fi\/wp-json\/wp\/v2\/types\/product"}],"replies":[{"embeddable":true,"href":"https:\/\/www.stalskog.se\/fi\/wp-json\/wp\/v2\/comments?post=15232"}],"wp:featuredmedia":[{"embeddable":true,"href":"https:\/\/www.stalskog.se\/fi\/wp-json\/wp\/v2\/media\/4435"}],"wp:attachment":[{"href":"https:\/\/www.stalskog.se\/fi\/wp-json\/wp\/v2\/media?parent=15232"}],"wp:term":[{"taxonomy":"product_brand","embeddable":true,"href":"https:\/\/www.stalskog.se\/fi\/wp-json\/wp\/v2\/product_brand?post=15232"},{"taxonomy":"product_cat","embeddable":true,"href":"https:\/\/www.stalskog.se\/fi\/wp-json\/wp\/v2\/product_cat?post=15232"},{"taxonomy":"product_tag","embeddable":true,"href":"https:\/\/www.stalskog.se\/fi\/wp-json\/wp\/v2\/product_tag?post=15232"}],"curies":[{"name":"wp","href":"https:\/\/api.w.org\/{rel}","templated":true}]}}