{"id":15545,"date":"2025-10-24T13:10:10","date_gmt":"2025-10-24T11:10:10","guid":{"rendered":"https:\/\/www.stalskog.se\/?post_type=product&#038;p=15545"},"modified":"2025-10-24T13:22:42","modified_gmt":"2025-10-24T11:22:42","slug":"faslikhetsprovare-m-phase","status":"publish","type":"product","link":"https:\/\/www.stalskog.se\/fi\/tuote\/faslikhetsprovare-m-phase\/","title":{"rendered":"Faslikhetsprovare M-PHASE"},"content":{"rendered":"<p>Sp\u00e4nningsomr\u00e5den 3,6 \u2013 69 kV AC, 50Hz &#8211; 60 Hz. (Se specificerad lista nedan)<\/p>\n<p>Andra sp\u00e4nningsomr\u00e5den kan best\u00e4llas.<\/p>\n<p>F\u00f6r sp\u00e4nning &gt;69 kV: Anv\u00e4nd faslikhetsprovare TAG 5000<\/p>\n<p>IEC 61481, CE.<br \/>\nTr\u00e5dl\u00f6s faslikhetsprovare M-PHASE \u00e4r avsedd att anv\u00e4ndas mot friledning och st\u00e4llverk.<br \/>\nD\u00e5 M-PHASE anv\u00e4nder radiokontakt mellan enheterna blir den flexibel och enkel att anv\u00e4nda. M-PHASE \u00e4r avsedd f\u00f6r s\u00e5v\u00e4l inom- som utomhusbruk. R\u00e4ckvidd inomhus, d\u00e5 hinder s\u00e5som d\u00f6rrar och v\u00e4ggar finns, \u00e4r ca 30 m. R\u00e4ckvidd vid fria ytor \u00e4r betydligt l\u00e4ngre, upp till 1000 m l\u00e4ngs med linje. Utrustningen best\u00e5r av tv\u00e5 enheter, Mottagare och S\u00e4ndare, vilka har universalinf\u00e4stning \u201dSunrise\u201d.<\/p>\n<p>Sp\u00e4nnings- och fasindikering sker inom n\u00e5gra sekunder d\u00e5 S\u00e4ndaren kontaktats sp\u00e4nningssatt ledare. Informationen s\u00e4nds till Mottagaren. Mottagaren kontaktas mot annan eller samma sp\u00e4nningsatta ledare och j\u00e4mf\u00f6r S\u00e4ndarens fasvinkel med den fasvinkel mottagaren registrarar. Vid faslikhet avger den ljud- och ljussignal. B\u00e5de Mottagare och S\u00e4ndare har inbyggda testfunktioner som kontrollerar elektronik samt radiokontakt.<\/p>\n<p><strong>OBSERVERA!<\/strong><br \/>\n<strong>Isolerad elektrodspets med 400 mm l\u00e4ngd typ SXE 400 MX f\u00f6r max. 36 kV skall anv\u00e4ndas d\u00e4r korta elektroder kan vara ol\u00e4mpliga.<\/strong><\/p>\n<p>Tillverkad av polykarbonat. Faslikhetsprovaren \u00e4r avsedd b\u00e5de f\u00f6r inom- och utomhusbruk. Typtestat temperaturomr\u00e5de: \u201325\u00b0C \u2013 + 55\u00b0C.<br \/>\nS\u00e4ndare och Mottagare drivs med ett batteri vardera: 9 V alkaliskt \u2013 IEC 6LR61. Levereras med krok- och Y-elektrod, adapter f\u00f6r alternativa man\u00f6verst\u00e4nger, bruksanvisning samt tygfodral.<\/p>\n","protected":false},"excerpt":{"rendered":"<p>Sp\u00e4nningsomr\u00e5den 3,6 \u2013 69 kV AC, 50Hz &#8211; 60 Hz. (Se specificerad lista nedan) Andra sp\u00e4nningsomr\u00e5den kan best\u00e4llas. F\u00f6r sp\u00e4nning &gt;69 kV: Anv\u00e4nd faslikhetsprovare TAG 5000 IEC 61481, CE. Tr\u00e5dl\u00f6s faslikhetsprovare M-PHASE \u00e4r avsedd att anv\u00e4ndas mot friledning och st\u00e4llverk. D\u00e5 M-PHASE anv\u00e4nder radiokontakt mellan enheterna blir den flexibel och enkel att anv\u00e4nda. M-PHASE \u00e4r [&hellip;]<\/p>\n","protected":false},"featured_media":15546,"comment_status":"closed","ping_status":"closed","template":"","meta":{"_acf_changed":false},"product_brand":[],"product_cat":[32],"product_tag":[],"class_list":{"0":"post-15545","1":"product","2":"type-product","3":"status-publish","4":"has-post-thumbnail","6":"product_cat-spanning-faslikhetsprovare","8":"first","9":"instock","10":"shipping-taxable","11":"product-type-simple"},"acf":[],"yoast_head":"<!-- This site is optimized with the Yoast SEO plugin v27.5 - https:\/\/yoast.com\/product\/yoast-seo-wordpress\/ -->\n<title>Faslikhetsprovare M-PHASE &#8211; Ragnar St\u00e5lskog<\/title>\n<meta name=\"description\" content=\"Sp\u00e4nningsomr\u00e5den 3,6 \u2013 69 kV AC, 50Hz - 60 Hz. (Se specificerad lista nedan) Andra sp\u00e4nningsomr\u00e5den kan best\u00e4llas. F\u00f6r sp\u00e4nning &gt;69 kV: Anv\u00e4nd\" \/>\n<meta name=\"robots\" content=\"index, follow, max-snippet:-1, max-image-preview:large, max-video-preview:-1\" \/>\n<link rel=\"canonical\" href=\"https:\/\/www.stalskog.se\/fi\/tuote\/faslikhetsprovare-m-phase\/\" \/>\n<meta property=\"og:locale\" content=\"fi_FI\" \/>\n<meta property=\"og:type\" content=\"article\" \/>\n<meta property=\"og:title\" content=\"Faslikhetsprovare M-PHASE &#8211; Ragnar St\u00e5lskog\" \/>\n<meta property=\"og:description\" content=\"Sp\u00e4nningsomr\u00e5den 3,6 \u2013 69 kV AC, 50Hz - 60 Hz. (Se specificerad lista nedan) Andra sp\u00e4nningsomr\u00e5den kan best\u00e4llas. F\u00f6r sp\u00e4nning &gt;69 kV: Anv\u00e4nd\" \/>\n<meta property=\"og:url\" content=\"https:\/\/www.stalskog.se\/fi\/tuote\/faslikhetsprovare-m-phase\/\" \/>\n<meta property=\"og:site_name\" content=\"Ragnar St\u00e5lskog\" \/>\n<meta property=\"article:modified_time\" content=\"2025-10-24T11:22:42+00:00\" \/>\n<meta property=\"og:image\" content=\"https:\/\/www.stalskog.se\/wp-content\/uploads\/2025\/10\/M-PHASE.png\" \/>\n\t<meta property=\"og:image:width\" content=\"397\" \/>\n\t<meta property=\"og:image:height\" content=\"1006\" \/>\n\t<meta property=\"og:image:type\" content=\"image\/png\" \/>\n<meta name=\"twitter:card\" content=\"summary_large_image\" \/>\n<meta name=\"twitter:label1\" content=\"Arvioitu lukuaika\" \/>\n\t<meta name=\"twitter:data1\" content=\"2 minuuttia\" \/>\n<script type=\"application\/ld+json\" class=\"yoast-schema-graph\">{\"@context\":\"https:\\\/\\\/schema.org\",\"@graph\":[{\"@type\":\"WebPage\",\"@id\":\"https:\\\/\\\/www.stalskog.se\\\/fi\\\/tuote\\\/faslikhetsprovare-m-phase\\\/\",\"url\":\"https:\\\/\\\/www.stalskog.se\\\/fi\\\/tuote\\\/faslikhetsprovare-m-phase\\\/\",\"name\":\"Faslikhetsprovare M-PHASE &#8211; Ragnar St\u00e5lskog\",\"isPartOf\":{\"@id\":\"https:\\\/\\\/www.stalskog.se\\\/fi\\\/#website\"},\"primaryImageOfPage\":{\"@id\":\"https:\\\/\\\/www.stalskog.se\\\/fi\\\/tuote\\\/faslikhetsprovare-m-phase\\\/#primaryimage\"},\"image\":{\"@id\":\"https:\\\/\\\/www.stalskog.se\\\/fi\\\/tuote\\\/faslikhetsprovare-m-phase\\\/#primaryimage\"},\"thumbnailUrl\":\"https:\\\/\\\/www.stalskog.se\\\/wp-content\\\/uploads\\\/2025\\\/10\\\/M-PHASE.png\",\"datePublished\":\"2025-10-24T11:10:10+00:00\",\"dateModified\":\"2025-10-24T11:22:42+00:00\",\"description\":\"Sp\u00e4nningsomr\u00e5den 3,6 \u2013 69 kV AC, 50Hz - 60 Hz. (Se specificerad lista nedan) Andra sp\u00e4nningsomr\u00e5den kan best\u00e4llas. F\u00f6r sp\u00e4nning &gt;69 kV: Anv\u00e4nd\",\"breadcrumb\":{\"@id\":\"https:\\\/\\\/www.stalskog.se\\\/fi\\\/tuote\\\/faslikhetsprovare-m-phase\\\/#breadcrumb\"},\"inLanguage\":\"fi\",\"potentialAction\":[{\"@type\":\"ReadAction\",\"target\":[\"https:\\\/\\\/www.stalskog.se\\\/fi\\\/tuote\\\/faslikhetsprovare-m-phase\\\/\"]}]},{\"@type\":\"ImageObject\",\"inLanguage\":\"fi\",\"@id\":\"https:\\\/\\\/www.stalskog.se\\\/fi\\\/tuote\\\/faslikhetsprovare-m-phase\\\/#primaryimage\",\"url\":\"https:\\\/\\\/www.stalskog.se\\\/wp-content\\\/uploads\\\/2025\\\/10\\\/M-PHASE.png\",\"contentUrl\":\"https:\\\/\\\/www.stalskog.se\\\/wp-content\\\/uploads\\\/2025\\\/10\\\/M-PHASE.png\",\"width\":397,\"height\":1006},{\"@type\":\"BreadcrumbList\",\"@id\":\"https:\\\/\\\/www.stalskog.se\\\/fi\\\/tuote\\\/faslikhetsprovare-m-phase\\\/#breadcrumb\",\"itemListElement\":[{\"@type\":\"ListItem\",\"position\":1,\"name\":\"Hem\",\"item\":\"https:\\\/\\\/www.stalskog.se\\\/fi\\\/\"},{\"@type\":\"ListItem\",\"position\":2,\"name\":\"Produkter\",\"item\":\"https:\\\/\\\/www.stalskog.se\\\/?page_id=3235\"},{\"@type\":\"ListItem\",\"position\":3,\"name\":\"9. Voltage Detectors \\\/Phase comparator\",\"item\":\"https:\\\/\\\/www.stalskog.se\\\/fi\\\/kategoria\\\/voltage-detectors-phase-comparator-fi\\\/\"},{\"@type\":\"ListItem\",\"position\":4,\"name\":\"Faslikhetsprovare M-PHASE\"}]},{\"@type\":\"WebSite\",\"@id\":\"https:\\\/\\\/www.stalskog.se\\\/fi\\\/#website\",\"url\":\"https:\\\/\\\/www.stalskog.se\\\/fi\\\/\",\"name\":\"Ragnar St\u00e5lskog\",\"description\":\"\",\"publisher\":{\"@id\":\"https:\\\/\\\/www.stalskog.se\\\/fi\\\/#organization\"},\"potentialAction\":[{\"@type\":\"SearchAction\",\"target\":{\"@type\":\"EntryPoint\",\"urlTemplate\":\"https:\\\/\\\/www.stalskog.se\\\/fi\\\/?s={search_term_string}\"},\"query-input\":{\"@type\":\"PropertyValueSpecification\",\"valueRequired\":true,\"valueName\":\"search_term_string\"}}],\"inLanguage\":\"fi\"},{\"@type\":\"Organization\",\"@id\":\"https:\\\/\\\/www.stalskog.se\\\/fi\\\/#organization\",\"name\":\"Ragnar St\u00e5lskog\",\"url\":\"https:\\\/\\\/www.stalskog.se\\\/fi\\\/\",\"logo\":{\"@type\":\"ImageObject\",\"inLanguage\":\"fi\",\"@id\":\"https:\\\/\\\/www.stalskog.se\\\/fi\\\/#\\\/schema\\\/logo\\\/image\\\/\",\"url\":\"https:\\\/\\\/www.stalskog.se\\\/wp-content\\\/uploads\\\/2022\\\/03\\\/logo_o.png\",\"contentUrl\":\"https:\\\/\\\/www.stalskog.se\\\/wp-content\\\/uploads\\\/2022\\\/03\\\/logo_o.png\",\"width\":410,\"height\":99,\"caption\":\"Ragnar St\u00e5lskog\"},\"image\":{\"@id\":\"https:\\\/\\\/www.stalskog.se\\\/fi\\\/#\\\/schema\\\/logo\\\/image\\\/\"}}]}<\/script>\n<!-- \/ Yoast SEO plugin. -->","yoast_head_json":{"title":"Faslikhetsprovare M-PHASE &#8211; Ragnar St\u00e5lskog","description":"Sp\u00e4nningsomr\u00e5den 3,6 \u2013 69 kV AC, 50Hz - 60 Hz. (Se specificerad lista nedan) Andra sp\u00e4nningsomr\u00e5den kan best\u00e4llas. F\u00f6r sp\u00e4nning &gt;69 kV: Anv\u00e4nd","robots":{"index":"index","follow":"follow","max-snippet":"max-snippet:-1","max-image-preview":"max-image-preview:large","max-video-preview":"max-video-preview:-1"},"canonical":"https:\/\/www.stalskog.se\/fi\/tuote\/faslikhetsprovare-m-phase\/","og_locale":"fi_FI","og_type":"article","og_title":"Faslikhetsprovare M-PHASE &#8211; Ragnar St\u00e5lskog","og_description":"Sp\u00e4nningsomr\u00e5den 3,6 \u2013 69 kV AC, 50Hz - 60 Hz. (Se specificerad lista nedan) Andra sp\u00e4nningsomr\u00e5den kan best\u00e4llas. F\u00f6r sp\u00e4nning &gt;69 kV: Anv\u00e4nd","og_url":"https:\/\/www.stalskog.se\/fi\/tuote\/faslikhetsprovare-m-phase\/","og_site_name":"Ragnar St\u00e5lskog","article_modified_time":"2025-10-24T11:22:42+00:00","og_image":[{"width":397,"height":1006,"url":"https:\/\/www.stalskog.se\/wp-content\/uploads\/2025\/10\/M-PHASE.png","type":"image\/png"}],"twitter_card":"summary_large_image","twitter_misc":{"Arvioitu lukuaika":"2 minuuttia"},"schema":{"@context":"https:\/\/schema.org","@graph":[{"@type":"WebPage","@id":"https:\/\/www.stalskog.se\/fi\/tuote\/faslikhetsprovare-m-phase\/","url":"https:\/\/www.stalskog.se\/fi\/tuote\/faslikhetsprovare-m-phase\/","name":"Faslikhetsprovare M-PHASE &#8211; Ragnar St\u00e5lskog","isPartOf":{"@id":"https:\/\/www.stalskog.se\/fi\/#website"},"primaryImageOfPage":{"@id":"https:\/\/www.stalskog.se\/fi\/tuote\/faslikhetsprovare-m-phase\/#primaryimage"},"image":{"@id":"https:\/\/www.stalskog.se\/fi\/tuote\/faslikhetsprovare-m-phase\/#primaryimage"},"thumbnailUrl":"https:\/\/www.stalskog.se\/wp-content\/uploads\/2025\/10\/M-PHASE.png","datePublished":"2025-10-24T11:10:10+00:00","dateModified":"2025-10-24T11:22:42+00:00","description":"Sp\u00e4nningsomr\u00e5den 3,6 \u2013 69 kV AC, 50Hz - 60 Hz. (Se specificerad lista nedan) Andra sp\u00e4nningsomr\u00e5den kan best\u00e4llas. F\u00f6r sp\u00e4nning &gt;69 kV: Anv\u00e4nd","breadcrumb":{"@id":"https:\/\/www.stalskog.se\/fi\/tuote\/faslikhetsprovare-m-phase\/#breadcrumb"},"inLanguage":"fi","potentialAction":[{"@type":"ReadAction","target":["https:\/\/www.stalskog.se\/fi\/tuote\/faslikhetsprovare-m-phase\/"]}]},{"@type":"ImageObject","inLanguage":"fi","@id":"https:\/\/www.stalskog.se\/fi\/tuote\/faslikhetsprovare-m-phase\/#primaryimage","url":"https:\/\/www.stalskog.se\/wp-content\/uploads\/2025\/10\/M-PHASE.png","contentUrl":"https:\/\/www.stalskog.se\/wp-content\/uploads\/2025\/10\/M-PHASE.png","width":397,"height":1006},{"@type":"BreadcrumbList","@id":"https:\/\/www.stalskog.se\/fi\/tuote\/faslikhetsprovare-m-phase\/#breadcrumb","itemListElement":[{"@type":"ListItem","position":1,"name":"Hem","item":"https:\/\/www.stalskog.se\/fi\/"},{"@type":"ListItem","position":2,"name":"Produkter","item":"https:\/\/www.stalskog.se\/?page_id=3235"},{"@type":"ListItem","position":3,"name":"9. Voltage Detectors \/Phase comparator","item":"https:\/\/www.stalskog.se\/fi\/kategoria\/voltage-detectors-phase-comparator-fi\/"},{"@type":"ListItem","position":4,"name":"Faslikhetsprovare M-PHASE"}]},{"@type":"WebSite","@id":"https:\/\/www.stalskog.se\/fi\/#website","url":"https:\/\/www.stalskog.se\/fi\/","name":"Ragnar St\u00e5lskog","description":"","publisher":{"@id":"https:\/\/www.stalskog.se\/fi\/#organization"},"potentialAction":[{"@type":"SearchAction","target":{"@type":"EntryPoint","urlTemplate":"https:\/\/www.stalskog.se\/fi\/?s={search_term_string}"},"query-input":{"@type":"PropertyValueSpecification","valueRequired":true,"valueName":"search_term_string"}}],"inLanguage":"fi"},{"@type":"Organization","@id":"https:\/\/www.stalskog.se\/fi\/#organization","name":"Ragnar St\u00e5lskog","url":"https:\/\/www.stalskog.se\/fi\/","logo":{"@type":"ImageObject","inLanguage":"fi","@id":"https:\/\/www.stalskog.se\/fi\/#\/schema\/logo\/image\/","url":"https:\/\/www.stalskog.se\/wp-content\/uploads\/2022\/03\/logo_o.png","contentUrl":"https:\/\/www.stalskog.se\/wp-content\/uploads\/2022\/03\/logo_o.png","width":410,"height":99,"caption":"Ragnar St\u00e5lskog"},"image":{"@id":"https:\/\/www.stalskog.se\/fi\/#\/schema\/logo\/image\/"}}]}},"_links":{"self":[{"href":"https:\/\/www.stalskog.se\/fi\/wp-json\/wp\/v2\/product\/15545","targetHints":{"allow":["GET"]}}],"collection":[{"href":"https:\/\/www.stalskog.se\/fi\/wp-json\/wp\/v2\/product"}],"about":[{"href":"https:\/\/www.stalskog.se\/fi\/wp-json\/wp\/v2\/types\/product"}],"replies":[{"embeddable":true,"href":"https:\/\/www.stalskog.se\/fi\/wp-json\/wp\/v2\/comments?post=15545"}],"wp:featuredmedia":[{"embeddable":true,"href":"https:\/\/www.stalskog.se\/fi\/wp-json\/wp\/v2\/media\/15546"}],"wp:attachment":[{"href":"https:\/\/www.stalskog.se\/fi\/wp-json\/wp\/v2\/media?parent=15545"}],"wp:term":[{"taxonomy":"product_brand","embeddable":true,"href":"https:\/\/www.stalskog.se\/fi\/wp-json\/wp\/v2\/product_brand?post=15545"},{"taxonomy":"product_cat","embeddable":true,"href":"https:\/\/www.stalskog.se\/fi\/wp-json\/wp\/v2\/product_cat?post=15545"},{"taxonomy":"product_tag","embeddable":true,"href":"https:\/\/www.stalskog.se\/fi\/wp-json\/wp\/v2\/product_tag?post=15545"}],"curies":[{"name":"wp","href":"https:\/\/api.w.org\/{rel}","templated":true}]}}