{"id":4242,"date":"2022-04-27T11:50:46","date_gmt":"2022-04-27T11:50:46","guid":{"rendered":"https:\/\/www.stalskog.se\/produkt\/discharge-device-uls50-1500-tpt8\/"},"modified":"2025-08-25T14:21:05","modified_gmt":"2025-08-25T14:21:05","slug":"discharge-device-uls50-1500-tpt8","status":"publish","type":"product","link":"https:\/\/www.stalskog.se\/fi\/tuote\/discharge-device-uls50-1500-tpt8\/","title":{"rendered":"Purkuputki ULS50\/1500-TPT8"},"content":{"rendered":"<p>Mukaan. SS-EN 61235<br \/>\nPurkaussauva ULS50\/1500-TPT8, jossa on suora elektrodi, on tarkoitettu staattisen varauksen purkamiseen.<br \/>\nElektrodin k\u00e4rki on galvanoitua kuparia.<br \/>\nMaadoituskaapelin korvakkeessa TPT8 on \u00d88 mm:n reik\u00e4.<br \/>\nKaapeli liitet\u00e4\u00e4n elektrodiin kaapelikorvakkeella ja M8-ruuviliitoksella.<br \/>\nKaapeli on valmistettu eritt\u00e4in joustavasta ESTPR-eristetyst\u00e4 kuparijohtimesta, ja siin\u00e4 on tiivistetyt kaapeliliit\u00e4nn\u00e4t, jotka est\u00e4v\u00e4t kosteuden p\u00e4\u00e4syn kaapeliin. Eristystanko on tiivistetty kosteuden p\u00e4\u00e4syn est\u00e4miseksi. Eristyssauva on valmistettu keltaisesta, lasikuituvahvisteisesta vinyyliesterist\u00e4, jonka ulkohalkaisija on 29 mm. Alap\u00e4\u00e4ss\u00e4 on kuminen suojakorkki.    <\/p>\n","protected":false},"excerpt":{"rendered":"<p>Mukaan. SS-EN 61235 Purkaussauva ULS50\/1500-TPT8, jossa on suora elektrodi, on tarkoitettu staattisen varauksen purkamiseen. Elektrodin k\u00e4rki on galvanoitua kuparia. Maadoituskaapelin korvakkeessa TPT8 on \u00d88 mm:n reik\u00e4. Kaapeli liitet\u00e4\u00e4n elektrodiin kaapelikorvakkeella ja M8-ruuviliitoksella. Kaapeli on valmistettu eritt\u00e4in joustavasta ESTPR-eristetyst\u00e4 kuparijohtimesta, ja siin\u00e4 on tiivistetyt kaapeliliit\u00e4nn\u00e4t, jotka est\u00e4v\u00e4t kosteuden p\u00e4\u00e4syn kaapeliin. Eristystanko on tiivistetty kosteuden p\u00e4\u00e4syn est\u00e4miseksi. [&hellip;]<\/p>\n","protected":false},"featured_media":4233,"comment_status":"closed","ping_status":"closed","template":"","meta":{"_acf_changed":false},"product_brand":[],"product_cat":[76,90,146],"product_tag":[],"class_list":{"0":"post-4242","1":"product","2":"type-product","3":"status-publish","4":"has-post-thumbnail","6":"product_cat-switchgear-fi","7":"product_cat-insulating-poles-fi","8":"product_cat-discharge-fi","10":"first","11":"instock","12":"shipping-taxable","13":"product-type-simple"},"acf":[],"yoast_head":"<!-- This site is optimized with the Yoast SEO plugin v27.5 - https:\/\/yoast.com\/product\/yoast-seo-wordpress\/ -->\n<title>Purkuputki ULS50\/1500-TPT8 &#8211; Ragnar St\u00e5lskog<\/title>\n<meta name=\"description\" content=\"Mukaan. SS-EN 61235 Purkaussauva ULS50\/1500-TPT8, jossa on suora elektrodi, on tarkoitettu staattisen varauksen purkamiseen. Elektrodin k\u00e4rki on\" \/>\n<meta name=\"robots\" content=\"index, follow, max-snippet:-1, max-image-preview:large, max-video-preview:-1\" \/>\n<link rel=\"canonical\" href=\"https:\/\/www.stalskog.se\/fi\/tuote\/discharge-device-uls50-1500-tpt8\/\" \/>\n<meta property=\"og:locale\" content=\"fi_FI\" \/>\n<meta property=\"og:type\" content=\"article\" \/>\n<meta property=\"og:title\" content=\"Purkuputki ULS50\/1500-TPT8 &#8211; Ragnar St\u00e5lskog\" \/>\n<meta property=\"og:description\" content=\"Mukaan. SS-EN 61235 Purkaussauva ULS50\/1500-TPT8, jossa on suora elektrodi, on tarkoitettu staattisen varauksen purkamiseen. Elektrodin k\u00e4rki on\" \/>\n<meta property=\"og:url\" content=\"https:\/\/www.stalskog.se\/fi\/tuote\/discharge-device-uls50-1500-tpt8\/\" \/>\n<meta property=\"og:site_name\" content=\"Ragnar St\u00e5lskog\" \/>\n<meta property=\"article:modified_time\" content=\"2025-08-25T14:21:05+00:00\" \/>\n<meta property=\"og:image\" content=\"https:\/\/www.stalskog.se\/wp-content\/uploads\/2022\/04\/uls50_1500-tpt8_.jpeg\" \/>\n\t<meta property=\"og:image:width\" content=\"202\" \/>\n\t<meta property=\"og:image:height\" content=\"569\" \/>\n\t<meta property=\"og:image:type\" content=\"image\/jpeg\" \/>\n<meta name=\"twitter:card\" content=\"summary_large_image\" \/>\n<script type=\"application\/ld+json\" class=\"yoast-schema-graph\">{\"@context\":\"https:\\\/\\\/schema.org\",\"@graph\":[{\"@type\":\"WebPage\",\"@id\":\"https:\\\/\\\/www.stalskog.se\\\/fi\\\/tuote\\\/discharge-device-uls50-1500-tpt8\\\/\",\"url\":\"https:\\\/\\\/www.stalskog.se\\\/fi\\\/tuote\\\/discharge-device-uls50-1500-tpt8\\\/\",\"name\":\"Purkuputki ULS50\\\/1500-TPT8 &#8211; Ragnar St\u00e5lskog\",\"isPartOf\":{\"@id\":\"https:\\\/\\\/www.stalskog.se\\\/fi\\\/#website\"},\"primaryImageOfPage\":{\"@id\":\"https:\\\/\\\/www.stalskog.se\\\/fi\\\/tuote\\\/discharge-device-uls50-1500-tpt8\\\/#primaryimage\"},\"image\":{\"@id\":\"https:\\\/\\\/www.stalskog.se\\\/fi\\\/tuote\\\/discharge-device-uls50-1500-tpt8\\\/#primaryimage\"},\"thumbnailUrl\":\"https:\\\/\\\/www.stalskog.se\\\/wp-content\\\/uploads\\\/2022\\\/04\\\/uls50_1500-tpt8_.jpeg\",\"datePublished\":\"2022-04-27T11:50:46+00:00\",\"dateModified\":\"2025-08-25T14:21:05+00:00\",\"description\":\"Mukaan. SS-EN 61235 Purkaussauva ULS50\\\/1500-TPT8, jossa on suora elektrodi, on tarkoitettu staattisen varauksen purkamiseen. Elektrodin k\u00e4rki on\",\"breadcrumb\":{\"@id\":\"https:\\\/\\\/www.stalskog.se\\\/fi\\\/tuote\\\/discharge-device-uls50-1500-tpt8\\\/#breadcrumb\"},\"inLanguage\":\"fi\",\"potentialAction\":[{\"@type\":\"ReadAction\",\"target\":[\"https:\\\/\\\/www.stalskog.se\\\/fi\\\/tuote\\\/discharge-device-uls50-1500-tpt8\\\/\"]}]},{\"@type\":\"ImageObject\",\"inLanguage\":\"fi\",\"@id\":\"https:\\\/\\\/www.stalskog.se\\\/fi\\\/tuote\\\/discharge-device-uls50-1500-tpt8\\\/#primaryimage\",\"url\":\"https:\\\/\\\/www.stalskog.se\\\/wp-content\\\/uploads\\\/2022\\\/04\\\/uls50_1500-tpt8_.jpeg\",\"contentUrl\":\"https:\\\/\\\/www.stalskog.se\\\/wp-content\\\/uploads\\\/2022\\\/04\\\/uls50_1500-tpt8_.jpeg\",\"width\":202,\"height\":569},{\"@type\":\"BreadcrumbList\",\"@id\":\"https:\\\/\\\/www.stalskog.se\\\/fi\\\/tuote\\\/discharge-device-uls50-1500-tpt8\\\/#breadcrumb\",\"itemListElement\":[{\"@type\":\"ListItem\",\"position\":1,\"name\":\"Hem\",\"item\":\"https:\\\/\\\/www.stalskog.se\\\/fi\\\/\"},{\"@type\":\"ListItem\",\"position\":2,\"name\":\"Produkter\",\"item\":\"https:\\\/\\\/www.stalskog.se\\\/?page_id=3235\"},{\"@type\":\"ListItem\",\"position\":3,\"name\":\"1. Switchgear\",\"item\":\"https:\\\/\\\/www.stalskog.se\\\/fi\\\/kategoria\\\/switchgear-fi\\\/\"},{\"@type\":\"ListItem\",\"position\":4,\"name\":\"Purkuputki ULS50\\\/1500-TPT8\"}]},{\"@type\":\"WebSite\",\"@id\":\"https:\\\/\\\/www.stalskog.se\\\/fi\\\/#website\",\"url\":\"https:\\\/\\\/www.stalskog.se\\\/fi\\\/\",\"name\":\"Ragnar St\u00e5lskog\",\"description\":\"\",\"publisher\":{\"@id\":\"https:\\\/\\\/www.stalskog.se\\\/fi\\\/#organization\"},\"potentialAction\":[{\"@type\":\"SearchAction\",\"target\":{\"@type\":\"EntryPoint\",\"urlTemplate\":\"https:\\\/\\\/www.stalskog.se\\\/fi\\\/?s={search_term_string}\"},\"query-input\":{\"@type\":\"PropertyValueSpecification\",\"valueRequired\":true,\"valueName\":\"search_term_string\"}}],\"inLanguage\":\"fi\"},{\"@type\":\"Organization\",\"@id\":\"https:\\\/\\\/www.stalskog.se\\\/fi\\\/#organization\",\"name\":\"Ragnar St\u00e5lskog\",\"url\":\"https:\\\/\\\/www.stalskog.se\\\/fi\\\/\",\"logo\":{\"@type\":\"ImageObject\",\"inLanguage\":\"fi\",\"@id\":\"https:\\\/\\\/www.stalskog.se\\\/fi\\\/#\\\/schema\\\/logo\\\/image\\\/\",\"url\":\"https:\\\/\\\/www.stalskog.se\\\/wp-content\\\/uploads\\\/2022\\\/03\\\/logo_o.png\",\"contentUrl\":\"https:\\\/\\\/www.stalskog.se\\\/wp-content\\\/uploads\\\/2022\\\/03\\\/logo_o.png\",\"width\":410,\"height\":99,\"caption\":\"Ragnar St\u00e5lskog\"},\"image\":{\"@id\":\"https:\\\/\\\/www.stalskog.se\\\/fi\\\/#\\\/schema\\\/logo\\\/image\\\/\"}}]}<\/script>\n<!-- \/ Yoast SEO plugin. -->","yoast_head_json":{"title":"Purkuputki ULS50\/1500-TPT8 &#8211; Ragnar St\u00e5lskog","description":"Mukaan. SS-EN 61235 Purkaussauva ULS50\/1500-TPT8, jossa on suora elektrodi, on tarkoitettu staattisen varauksen purkamiseen. Elektrodin k\u00e4rki on","robots":{"index":"index","follow":"follow","max-snippet":"max-snippet:-1","max-image-preview":"max-image-preview:large","max-video-preview":"max-video-preview:-1"},"canonical":"https:\/\/www.stalskog.se\/fi\/tuote\/discharge-device-uls50-1500-tpt8\/","og_locale":"fi_FI","og_type":"article","og_title":"Purkuputki ULS50\/1500-TPT8 &#8211; Ragnar St\u00e5lskog","og_description":"Mukaan. SS-EN 61235 Purkaussauva ULS50\/1500-TPT8, jossa on suora elektrodi, on tarkoitettu staattisen varauksen purkamiseen. Elektrodin k\u00e4rki on","og_url":"https:\/\/www.stalskog.se\/fi\/tuote\/discharge-device-uls50-1500-tpt8\/","og_site_name":"Ragnar St\u00e5lskog","article_modified_time":"2025-08-25T14:21:05+00:00","og_image":[{"width":202,"height":569,"url":"https:\/\/www.stalskog.se\/wp-content\/uploads\/2022\/04\/uls50_1500-tpt8_.jpeg","type":"image\/jpeg"}],"twitter_card":"summary_large_image","schema":{"@context":"https:\/\/schema.org","@graph":[{"@type":"WebPage","@id":"https:\/\/www.stalskog.se\/fi\/tuote\/discharge-device-uls50-1500-tpt8\/","url":"https:\/\/www.stalskog.se\/fi\/tuote\/discharge-device-uls50-1500-tpt8\/","name":"Purkuputki ULS50\/1500-TPT8 &#8211; Ragnar St\u00e5lskog","isPartOf":{"@id":"https:\/\/www.stalskog.se\/fi\/#website"},"primaryImageOfPage":{"@id":"https:\/\/www.stalskog.se\/fi\/tuote\/discharge-device-uls50-1500-tpt8\/#primaryimage"},"image":{"@id":"https:\/\/www.stalskog.se\/fi\/tuote\/discharge-device-uls50-1500-tpt8\/#primaryimage"},"thumbnailUrl":"https:\/\/www.stalskog.se\/wp-content\/uploads\/2022\/04\/uls50_1500-tpt8_.jpeg","datePublished":"2022-04-27T11:50:46+00:00","dateModified":"2025-08-25T14:21:05+00:00","description":"Mukaan. SS-EN 61235 Purkaussauva ULS50\/1500-TPT8, jossa on suora elektrodi, on tarkoitettu staattisen varauksen purkamiseen. Elektrodin k\u00e4rki on","breadcrumb":{"@id":"https:\/\/www.stalskog.se\/fi\/tuote\/discharge-device-uls50-1500-tpt8\/#breadcrumb"},"inLanguage":"fi","potentialAction":[{"@type":"ReadAction","target":["https:\/\/www.stalskog.se\/fi\/tuote\/discharge-device-uls50-1500-tpt8\/"]}]},{"@type":"ImageObject","inLanguage":"fi","@id":"https:\/\/www.stalskog.se\/fi\/tuote\/discharge-device-uls50-1500-tpt8\/#primaryimage","url":"https:\/\/www.stalskog.se\/wp-content\/uploads\/2022\/04\/uls50_1500-tpt8_.jpeg","contentUrl":"https:\/\/www.stalskog.se\/wp-content\/uploads\/2022\/04\/uls50_1500-tpt8_.jpeg","width":202,"height":569},{"@type":"BreadcrumbList","@id":"https:\/\/www.stalskog.se\/fi\/tuote\/discharge-device-uls50-1500-tpt8\/#breadcrumb","itemListElement":[{"@type":"ListItem","position":1,"name":"Hem","item":"https:\/\/www.stalskog.se\/fi\/"},{"@type":"ListItem","position":2,"name":"Produkter","item":"https:\/\/www.stalskog.se\/?page_id=3235"},{"@type":"ListItem","position":3,"name":"1. Switchgear","item":"https:\/\/www.stalskog.se\/fi\/kategoria\/switchgear-fi\/"},{"@type":"ListItem","position":4,"name":"Purkuputki ULS50\/1500-TPT8"}]},{"@type":"WebSite","@id":"https:\/\/www.stalskog.se\/fi\/#website","url":"https:\/\/www.stalskog.se\/fi\/","name":"Ragnar St\u00e5lskog","description":"","publisher":{"@id":"https:\/\/www.stalskog.se\/fi\/#organization"},"potentialAction":[{"@type":"SearchAction","target":{"@type":"EntryPoint","urlTemplate":"https:\/\/www.stalskog.se\/fi\/?s={search_term_string}"},"query-input":{"@type":"PropertyValueSpecification","valueRequired":true,"valueName":"search_term_string"}}],"inLanguage":"fi"},{"@type":"Organization","@id":"https:\/\/www.stalskog.se\/fi\/#organization","name":"Ragnar St\u00e5lskog","url":"https:\/\/www.stalskog.se\/fi\/","logo":{"@type":"ImageObject","inLanguage":"fi","@id":"https:\/\/www.stalskog.se\/fi\/#\/schema\/logo\/image\/","url":"https:\/\/www.stalskog.se\/wp-content\/uploads\/2022\/03\/logo_o.png","contentUrl":"https:\/\/www.stalskog.se\/wp-content\/uploads\/2022\/03\/logo_o.png","width":410,"height":99,"caption":"Ragnar St\u00e5lskog"},"image":{"@id":"https:\/\/www.stalskog.se\/fi\/#\/schema\/logo\/image\/"}}]}},"_links":{"self":[{"href":"https:\/\/www.stalskog.se\/fi\/wp-json\/wp\/v2\/product\/4242","targetHints":{"allow":["GET"]}}],"collection":[{"href":"https:\/\/www.stalskog.se\/fi\/wp-json\/wp\/v2\/product"}],"about":[{"href":"https:\/\/www.stalskog.se\/fi\/wp-json\/wp\/v2\/types\/product"}],"replies":[{"embeddable":true,"href":"https:\/\/www.stalskog.se\/fi\/wp-json\/wp\/v2\/comments?post=4242"}],"wp:featuredmedia":[{"embeddable":true,"href":"https:\/\/www.stalskog.se\/fi\/wp-json\/wp\/v2\/media\/4233"}],"wp:attachment":[{"href":"https:\/\/www.stalskog.se\/fi\/wp-json\/wp\/v2\/media?parent=4242"}],"wp:term":[{"taxonomy":"product_brand","embeddable":true,"href":"https:\/\/www.stalskog.se\/fi\/wp-json\/wp\/v2\/product_brand?post=4242"},{"taxonomy":"product_cat","embeddable":true,"href":"https:\/\/www.stalskog.se\/fi\/wp-json\/wp\/v2\/product_cat?post=4242"},{"taxonomy":"product_tag","embeddable":true,"href":"https:\/\/www.stalskog.se\/fi\/wp-json\/wp\/v2\/product_tag?post=4242"}],"curies":[{"name":"wp","href":"https:\/\/api.w.org\/{rel}","templated":true}]}}