{"id":4290,"date":"2022-04-27T13:32:12","date_gmt":"2022-04-27T13:32:12","guid":{"rendered":"https:\/\/www.stalskog.se\/produkt\/dischargedevice-uls50-1500-jk27v\/"},"modified":"2022-04-27T13:45:55","modified_gmt":"2022-04-27T13:45:55","slug":"dischargedevice-uls50-1500-jk27v","status":"publish","type":"product","link":"https:\/\/www.stalskog.se\/fi\/tuote\/dischargedevice-uls50-1500-jk27v\/","title":{"rendered":"Discharge device ULS50\/1500-JK27V"},"content":{"rendered":"<p>Ref. EN 61235<br \/>\nDischarge device ULS 50\/1500-JK27V with straight electrode is for discharging electrostatic charges.<br \/>\nThe electrode is made of zinc plated copper.<br \/>\nEarth clamp JK 27 V is for connection to ball-bolts \u00d8 20, \u00d8 25, \u00d8 30, T-bolt, bars 1-25 mm, line\/tube \u00d8 6-25 mm.<br \/>\nThe clamp conducting parts are made of aluminium bronze. Steel components are made of stainless steel. Steel components are made of stainless steel. The earthing cable is connected to the clamp with a cable lug, M8. The earthing cable, made of highly flexible ESTPR-insulated copper strands, has sealed cable connections, which prevent humidity from penetrating the cable.<br \/>\nThe insulating pole  is sealed to prevent humidity penetrating. The insulating pole is made of yellow, fiberglass reinforced polyvinyl ester and has an outside diameter of 29 mm. The lower end is fitted with a protective cap made of rubber.<\/p>\n","protected":false},"excerpt":{"rendered":"<p>Ref. EN 61235 Discharge device ULS 50\/1500-JK27V with straight electrode is for discharging electrostatic charges. The electrode is made of zinc plated copper. Earth clamp JK 27 V is for connection to ball-bolts \u00d8 20, \u00d8 25, \u00d8 30, T-bolt, bars 1-25 mm, line\/tube \u00d8 6-25 mm. The clamp conducting parts are made of aluminium [&hellip;]<\/p>\n","protected":false},"featured_media":4283,"comment_status":"closed","ping_status":"closed","template":"","meta":{"_acf_changed":false},"product_brand":[],"product_cat":[76,90,146],"product_tag":[],"class_list":{"0":"post-4290","1":"product","2":"type-product","3":"status-publish","4":"has-post-thumbnail","6":"product_cat-switchgear-fi","7":"product_cat-insulating-poles-fi","8":"product_cat-discharge-fi","10":"first","11":"instock","12":"shipping-taxable","13":"product-type-simple"},"acf":[],"yoast_head":"<!-- This site is optimized with the Yoast SEO plugin v27.5 - https:\/\/yoast.com\/product\/yoast-seo-wordpress\/ -->\n<title>Discharge device ULS50\/1500-JK27V &#8211; Ragnar St\u00e5lskog<\/title>\n<meta name=\"description\" content=\"Ref. EN 61235 Discharge device ULS 50\/1500-JK27V with straight electrode is for discharging electrostatic charges. The electrode is made of zinc plated\" \/>\n<meta name=\"robots\" content=\"index, follow, max-snippet:-1, max-image-preview:large, max-video-preview:-1\" \/>\n<link rel=\"canonical\" href=\"https:\/\/www.stalskog.se\/fi\/tuote\/dischargedevice-uls50-1500-jk27v\/\" \/>\n<meta property=\"og:locale\" content=\"fi_FI\" \/>\n<meta property=\"og:type\" content=\"article\" \/>\n<meta property=\"og:title\" content=\"Discharge device ULS50\/1500-JK27V &#8211; Ragnar St\u00e5lskog\" \/>\n<meta property=\"og:description\" content=\"Ref. EN 61235 Discharge device ULS 50\/1500-JK27V with straight electrode is for discharging electrostatic charges. The electrode is made of zinc plated\" \/>\n<meta property=\"og:url\" content=\"https:\/\/www.stalskog.se\/fi\/tuote\/dischargedevice-uls50-1500-jk27v\/\" \/>\n<meta property=\"og:site_name\" content=\"Ragnar St\u00e5lskog\" \/>\n<meta property=\"article:modified_time\" content=\"2022-04-27T13:45:55+00:00\" \/>\n<meta property=\"og:image\" content=\"https:\/\/www.stalskog.se\/wp-content\/uploads\/2022\/04\/uls50_1500-jk27v_norm.jpg\" \/>\n\t<meta property=\"og:image:width\" content=\"202\" \/>\n\t<meta property=\"og:image:height\" content=\"569\" \/>\n\t<meta property=\"og:image:type\" content=\"image\/jpeg\" \/>\n<meta name=\"twitter:card\" content=\"summary_large_image\" \/>\n<meta name=\"twitter:label1\" content=\"Arvioitu lukuaika\" \/>\n\t<meta name=\"twitter:data1\" content=\"1 minuutti\" \/>\n<script type=\"application\/ld+json\" class=\"yoast-schema-graph\">{\"@context\":\"https:\\\/\\\/schema.org\",\"@graph\":[{\"@type\":\"WebPage\",\"@id\":\"https:\\\/\\\/www.stalskog.se\\\/fi\\\/tuote\\\/dischargedevice-uls50-1500-jk27v\\\/\",\"url\":\"https:\\\/\\\/www.stalskog.se\\\/fi\\\/tuote\\\/dischargedevice-uls50-1500-jk27v\\\/\",\"name\":\"Discharge device ULS50\\\/1500-JK27V &#8211; Ragnar St\u00e5lskog\",\"isPartOf\":{\"@id\":\"https:\\\/\\\/www.stalskog.se\\\/fi\\\/#website\"},\"primaryImageOfPage\":{\"@id\":\"https:\\\/\\\/www.stalskog.se\\\/fi\\\/tuote\\\/dischargedevice-uls50-1500-jk27v\\\/#primaryimage\"},\"image\":{\"@id\":\"https:\\\/\\\/www.stalskog.se\\\/fi\\\/tuote\\\/dischargedevice-uls50-1500-jk27v\\\/#primaryimage\"},\"thumbnailUrl\":\"https:\\\/\\\/www.stalskog.se\\\/wp-content\\\/uploads\\\/2022\\\/04\\\/uls50_1500-jk27v_norm.jpg\",\"datePublished\":\"2022-04-27T13:32:12+00:00\",\"dateModified\":\"2022-04-27T13:45:55+00:00\",\"description\":\"Ref. EN 61235 Discharge device ULS 50\\\/1500-JK27V with straight electrode is for discharging electrostatic charges. The electrode is made of zinc plated\",\"breadcrumb\":{\"@id\":\"https:\\\/\\\/www.stalskog.se\\\/fi\\\/tuote\\\/dischargedevice-uls50-1500-jk27v\\\/#breadcrumb\"},\"inLanguage\":\"fi\",\"potentialAction\":[{\"@type\":\"ReadAction\",\"target\":[\"https:\\\/\\\/www.stalskog.se\\\/fi\\\/tuote\\\/dischargedevice-uls50-1500-jk27v\\\/\"]}]},{\"@type\":\"ImageObject\",\"inLanguage\":\"fi\",\"@id\":\"https:\\\/\\\/www.stalskog.se\\\/fi\\\/tuote\\\/dischargedevice-uls50-1500-jk27v\\\/#primaryimage\",\"url\":\"https:\\\/\\\/www.stalskog.se\\\/wp-content\\\/uploads\\\/2022\\\/04\\\/uls50_1500-jk27v_norm.jpg\",\"contentUrl\":\"https:\\\/\\\/www.stalskog.se\\\/wp-content\\\/uploads\\\/2022\\\/04\\\/uls50_1500-jk27v_norm.jpg\",\"width\":202,\"height\":569},{\"@type\":\"BreadcrumbList\",\"@id\":\"https:\\\/\\\/www.stalskog.se\\\/fi\\\/tuote\\\/dischargedevice-uls50-1500-jk27v\\\/#breadcrumb\",\"itemListElement\":[{\"@type\":\"ListItem\",\"position\":1,\"name\":\"Hem\",\"item\":\"https:\\\/\\\/www.stalskog.se\\\/fi\\\/\"},{\"@type\":\"ListItem\",\"position\":2,\"name\":\"Produkter\",\"item\":\"https:\\\/\\\/www.stalskog.se\\\/?page_id=3235\"},{\"@type\":\"ListItem\",\"position\":3,\"name\":\"1. Switchgear\",\"item\":\"https:\\\/\\\/www.stalskog.se\\\/fi\\\/kategoria\\\/switchgear-fi\\\/\"},{\"@type\":\"ListItem\",\"position\":4,\"name\":\"Discharge\",\"item\":\"https:\\\/\\\/www.stalskog.se\\\/fi\\\/kategoria\\\/switchgear-fi\\\/discharge-fi\\\/\"},{\"@type\":\"ListItem\",\"position\":5,\"name\":\"Discharge device ULS50\\\/1500-JK27V\"}]},{\"@type\":\"WebSite\",\"@id\":\"https:\\\/\\\/www.stalskog.se\\\/fi\\\/#website\",\"url\":\"https:\\\/\\\/www.stalskog.se\\\/fi\\\/\",\"name\":\"Ragnar St\u00e5lskog\",\"description\":\"\",\"publisher\":{\"@id\":\"https:\\\/\\\/www.stalskog.se\\\/fi\\\/#organization\"},\"potentialAction\":[{\"@type\":\"SearchAction\",\"target\":{\"@type\":\"EntryPoint\",\"urlTemplate\":\"https:\\\/\\\/www.stalskog.se\\\/fi\\\/?s={search_term_string}\"},\"query-input\":{\"@type\":\"PropertyValueSpecification\",\"valueRequired\":true,\"valueName\":\"search_term_string\"}}],\"inLanguage\":\"fi\"},{\"@type\":\"Organization\",\"@id\":\"https:\\\/\\\/www.stalskog.se\\\/fi\\\/#organization\",\"name\":\"Ragnar St\u00e5lskog\",\"url\":\"https:\\\/\\\/www.stalskog.se\\\/fi\\\/\",\"logo\":{\"@type\":\"ImageObject\",\"inLanguage\":\"fi\",\"@id\":\"https:\\\/\\\/www.stalskog.se\\\/fi\\\/#\\\/schema\\\/logo\\\/image\\\/\",\"url\":\"https:\\\/\\\/www.stalskog.se\\\/wp-content\\\/uploads\\\/2022\\\/03\\\/logo_o.png\",\"contentUrl\":\"https:\\\/\\\/www.stalskog.se\\\/wp-content\\\/uploads\\\/2022\\\/03\\\/logo_o.png\",\"width\":410,\"height\":99,\"caption\":\"Ragnar St\u00e5lskog\"},\"image\":{\"@id\":\"https:\\\/\\\/www.stalskog.se\\\/fi\\\/#\\\/schema\\\/logo\\\/image\\\/\"}}]}<\/script>\n<!-- \/ Yoast SEO plugin. -->","yoast_head_json":{"title":"Discharge device ULS50\/1500-JK27V &#8211; Ragnar St\u00e5lskog","description":"Ref. EN 61235 Discharge device ULS 50\/1500-JK27V with straight electrode is for discharging electrostatic charges. The electrode is made of zinc plated","robots":{"index":"index","follow":"follow","max-snippet":"max-snippet:-1","max-image-preview":"max-image-preview:large","max-video-preview":"max-video-preview:-1"},"canonical":"https:\/\/www.stalskog.se\/fi\/tuote\/dischargedevice-uls50-1500-jk27v\/","og_locale":"fi_FI","og_type":"article","og_title":"Discharge device ULS50\/1500-JK27V &#8211; Ragnar St\u00e5lskog","og_description":"Ref. EN 61235 Discharge device ULS 50\/1500-JK27V with straight electrode is for discharging electrostatic charges. The electrode is made of zinc plated","og_url":"https:\/\/www.stalskog.se\/fi\/tuote\/dischargedevice-uls50-1500-jk27v\/","og_site_name":"Ragnar St\u00e5lskog","article_modified_time":"2022-04-27T13:45:55+00:00","og_image":[{"width":202,"height":569,"url":"https:\/\/www.stalskog.se\/wp-content\/uploads\/2022\/04\/uls50_1500-jk27v_norm.jpg","type":"image\/jpeg"}],"twitter_card":"summary_large_image","twitter_misc":{"Arvioitu lukuaika":"1 minuutti"},"schema":{"@context":"https:\/\/schema.org","@graph":[{"@type":"WebPage","@id":"https:\/\/www.stalskog.se\/fi\/tuote\/dischargedevice-uls50-1500-jk27v\/","url":"https:\/\/www.stalskog.se\/fi\/tuote\/dischargedevice-uls50-1500-jk27v\/","name":"Discharge device ULS50\/1500-JK27V &#8211; Ragnar St\u00e5lskog","isPartOf":{"@id":"https:\/\/www.stalskog.se\/fi\/#website"},"primaryImageOfPage":{"@id":"https:\/\/www.stalskog.se\/fi\/tuote\/dischargedevice-uls50-1500-jk27v\/#primaryimage"},"image":{"@id":"https:\/\/www.stalskog.se\/fi\/tuote\/dischargedevice-uls50-1500-jk27v\/#primaryimage"},"thumbnailUrl":"https:\/\/www.stalskog.se\/wp-content\/uploads\/2022\/04\/uls50_1500-jk27v_norm.jpg","datePublished":"2022-04-27T13:32:12+00:00","dateModified":"2022-04-27T13:45:55+00:00","description":"Ref. EN 61235 Discharge device ULS 50\/1500-JK27V with straight electrode is for discharging electrostatic charges. The electrode is made of zinc plated","breadcrumb":{"@id":"https:\/\/www.stalskog.se\/fi\/tuote\/dischargedevice-uls50-1500-jk27v\/#breadcrumb"},"inLanguage":"fi","potentialAction":[{"@type":"ReadAction","target":["https:\/\/www.stalskog.se\/fi\/tuote\/dischargedevice-uls50-1500-jk27v\/"]}]},{"@type":"ImageObject","inLanguage":"fi","@id":"https:\/\/www.stalskog.se\/fi\/tuote\/dischargedevice-uls50-1500-jk27v\/#primaryimage","url":"https:\/\/www.stalskog.se\/wp-content\/uploads\/2022\/04\/uls50_1500-jk27v_norm.jpg","contentUrl":"https:\/\/www.stalskog.se\/wp-content\/uploads\/2022\/04\/uls50_1500-jk27v_norm.jpg","width":202,"height":569},{"@type":"BreadcrumbList","@id":"https:\/\/www.stalskog.se\/fi\/tuote\/dischargedevice-uls50-1500-jk27v\/#breadcrumb","itemListElement":[{"@type":"ListItem","position":1,"name":"Hem","item":"https:\/\/www.stalskog.se\/fi\/"},{"@type":"ListItem","position":2,"name":"Produkter","item":"https:\/\/www.stalskog.se\/?page_id=3235"},{"@type":"ListItem","position":3,"name":"1. Switchgear","item":"https:\/\/www.stalskog.se\/fi\/kategoria\/switchgear-fi\/"},{"@type":"ListItem","position":4,"name":"Discharge","item":"https:\/\/www.stalskog.se\/fi\/kategoria\/switchgear-fi\/discharge-fi\/"},{"@type":"ListItem","position":5,"name":"Discharge device ULS50\/1500-JK27V"}]},{"@type":"WebSite","@id":"https:\/\/www.stalskog.se\/fi\/#website","url":"https:\/\/www.stalskog.se\/fi\/","name":"Ragnar St\u00e5lskog","description":"","publisher":{"@id":"https:\/\/www.stalskog.se\/fi\/#organization"},"potentialAction":[{"@type":"SearchAction","target":{"@type":"EntryPoint","urlTemplate":"https:\/\/www.stalskog.se\/fi\/?s={search_term_string}"},"query-input":{"@type":"PropertyValueSpecification","valueRequired":true,"valueName":"search_term_string"}}],"inLanguage":"fi"},{"@type":"Organization","@id":"https:\/\/www.stalskog.se\/fi\/#organization","name":"Ragnar St\u00e5lskog","url":"https:\/\/www.stalskog.se\/fi\/","logo":{"@type":"ImageObject","inLanguage":"fi","@id":"https:\/\/www.stalskog.se\/fi\/#\/schema\/logo\/image\/","url":"https:\/\/www.stalskog.se\/wp-content\/uploads\/2022\/03\/logo_o.png","contentUrl":"https:\/\/www.stalskog.se\/wp-content\/uploads\/2022\/03\/logo_o.png","width":410,"height":99,"caption":"Ragnar St\u00e5lskog"},"image":{"@id":"https:\/\/www.stalskog.se\/fi\/#\/schema\/logo\/image\/"}}]}},"_links":{"self":[{"href":"https:\/\/www.stalskog.se\/fi\/wp-json\/wp\/v2\/product\/4290","targetHints":{"allow":["GET"]}}],"collection":[{"href":"https:\/\/www.stalskog.se\/fi\/wp-json\/wp\/v2\/product"}],"about":[{"href":"https:\/\/www.stalskog.se\/fi\/wp-json\/wp\/v2\/types\/product"}],"replies":[{"embeddable":true,"href":"https:\/\/www.stalskog.se\/fi\/wp-json\/wp\/v2\/comments?post=4290"}],"wp:featuredmedia":[{"embeddable":true,"href":"https:\/\/www.stalskog.se\/fi\/wp-json\/wp\/v2\/media\/4283"}],"wp:attachment":[{"href":"https:\/\/www.stalskog.se\/fi\/wp-json\/wp\/v2\/media?parent=4290"}],"wp:term":[{"taxonomy":"product_brand","embeddable":true,"href":"https:\/\/www.stalskog.se\/fi\/wp-json\/wp\/v2\/product_brand?post=4290"},{"taxonomy":"product_cat","embeddable":true,"href":"https:\/\/www.stalskog.se\/fi\/wp-json\/wp\/v2\/product_cat?post=4290"},{"taxonomy":"product_tag","embeddable":true,"href":"https:\/\/www.stalskog.se\/fi\/wp-json\/wp\/v2\/product_tag?post=4290"}],"curies":[{"name":"wp","href":"https:\/\/api.w.org\/{rel}","templated":true}]}}