{"id":4315,"date":"2022-04-27T14:12:57","date_gmt":"2022-04-27T14:12:57","guid":{"rendered":"https:\/\/www.stalskog.se\/produkt\/dischargedevice-uls50-1500-jk27\/"},"modified":"2025-08-25T14:21:05","modified_gmt":"2025-08-25T14:21:05","slug":"dischargedevice-uls50-1500-jk27","status":"publish","type":"product","link":"https:\/\/www.stalskog.se\/fi\/tuote\/dischargedevice-uls50-1500-jk27\/","title":{"rendered":"Urladdningsst\u00e5ng ULS50\/1500-JK27"},"content":{"rendered":"<p>Mukaan. SS-EN 61235<br \/>\nSuoralla elektrodilla varustettu purkaussauva ULS50\/1500-JK27 on tarkoitettu staattisen varauksen purkamiseen.<br \/>\nElektrodin k\u00e4rki on valmistettu sinkityst\u00e4 kuparista.<br \/>\nMaadoituspuristin JK 27 liitet\u00e4\u00e4n kuulatappiin \u00d8 20, \u00d8 25, \u00d8 30, T-pulttiin, kiskoon 1-25 mm, k\u00f6yteen\/putkeen \u00d8 6-25 mm. Puristimen k\u00e4ytt\u00e4miseen k\u00e4ytet\u00e4\u00e4n eristystankoja MGV, MDV\/MSV ja tarttujaa JGS.<br \/>\nPuristimen johtavat osat on valmistettu alumiinipronssista. Ter\u00e4sosat ruostumatonta ter\u00e4st\u00e4. Vaijerik\u00f6ysi liitet\u00e4\u00e4n puristimeen vaijerikorvakkeella ja M8-ruuviliitoksella.<br \/>\nVaijeri on valmistettu eritt\u00e4in joustavasta ESTPR-eristetyst\u00e4 kuparijohtimesta, ja se on varustettu tiivistetyill\u00e4 vaijeriliitoksilla, jotka est\u00e4v\u00e4t kosteuden p\u00e4\u00e4syn vaijeriin. Eristystanko on tiivistetty kosteuden p\u00e4\u00e4syn est\u00e4miseksi. Eristyssauva on valmistettu keltaisesta, lasikuituvahvisteisesta vinyyliesterist\u00e4, jonka ulkohalkaisija on 29 mm. Alap\u00e4\u00e4ss\u00e4 on kuminen suojakorkki.       <\/p>\n","protected":false},"excerpt":{"rendered":"<p>Mukaan. SS-EN 61235 Suoralla elektrodilla varustettu purkaussauva ULS50\/1500-JK27 on tarkoitettu staattisen varauksen purkamiseen. Elektrodin k\u00e4rki on valmistettu sinkityst\u00e4 kuparista. Maadoituspuristin JK 27 liitet\u00e4\u00e4n kuulatappiin \u00d8 20, \u00d8 25, \u00d8 30, T-pulttiin, kiskoon 1-25 mm, k\u00f6yteen\/putkeen \u00d8 6-25 mm. Puristimen k\u00e4ytt\u00e4miseen k\u00e4ytet\u00e4\u00e4n eristystankoja MGV, MDV\/MSV ja tarttujaa JGS. Puristimen johtavat osat on valmistettu alumiinipronssista. Ter\u00e4sosat ruostumatonta [&hellip;]<\/p>\n","protected":false},"featured_media":4298,"comment_status":"closed","ping_status":"closed","template":"","meta":{"_acf_changed":false},"product_brand":[],"product_cat":[76,90,146],"product_tag":[],"class_list":{"0":"post-4315","1":"product","2":"type-product","3":"status-publish","4":"has-post-thumbnail","6":"product_cat-switchgear-fi","7":"product_cat-insulating-poles-fi","8":"product_cat-discharge-fi","10":"first","11":"instock","12":"shipping-taxable","13":"product-type-simple"},"acf":[],"yoast_head":"<!-- This site is optimized with the Yoast SEO plugin v27.5 - https:\/\/yoast.com\/product\/yoast-seo-wordpress\/ -->\n<title>Urladdningsst\u00e5ng ULS50\/1500-JK27 &#8211; Ragnar St\u00e5lskog<\/title>\n<meta name=\"description\" content=\"Mukaan. SS-EN 61235 Suoralla elektrodilla varustettu purkaussauva ULS50\/1500-JK27 on tarkoitettu staattisen varauksen purkamiseen. Elektrodin k\u00e4rki on\" \/>\n<meta name=\"robots\" content=\"index, follow, max-snippet:-1, max-image-preview:large, max-video-preview:-1\" \/>\n<link rel=\"canonical\" href=\"https:\/\/www.stalskog.se\/fi\/tuote\/dischargedevice-uls50-1500-jk27\/\" \/>\n<meta property=\"og:locale\" content=\"fi_FI\" \/>\n<meta property=\"og:type\" content=\"article\" \/>\n<meta property=\"og:title\" content=\"Urladdningsst\u00e5ng ULS50\/1500-JK27 &#8211; Ragnar St\u00e5lskog\" \/>\n<meta property=\"og:description\" content=\"Mukaan. SS-EN 61235 Suoralla elektrodilla varustettu purkaussauva ULS50\/1500-JK27 on tarkoitettu staattisen varauksen purkamiseen. Elektrodin k\u00e4rki on\" \/>\n<meta property=\"og:url\" content=\"https:\/\/www.stalskog.se\/fi\/tuote\/dischargedevice-uls50-1500-jk27\/\" \/>\n<meta property=\"og:site_name\" content=\"Ragnar St\u00e5lskog\" \/>\n<meta property=\"article:modified_time\" content=\"2025-08-25T14:21:05+00:00\" \/>\n<meta property=\"og:image\" content=\"https:\/\/www.stalskog.se\/wp-content\/uploads\/2022\/04\/uls50_1500-jk272.jpg\" \/>\n\t<meta property=\"og:image:width\" content=\"202\" \/>\n\t<meta property=\"og:image:height\" content=\"569\" \/>\n\t<meta property=\"og:image:type\" content=\"image\/jpeg\" \/>\n<meta name=\"twitter:card\" content=\"summary_large_image\" \/>\n<meta name=\"twitter:label1\" content=\"Arvioitu lukuaika\" \/>\n\t<meta name=\"twitter:data1\" content=\"1 minuutti\" \/>\n<script type=\"application\/ld+json\" class=\"yoast-schema-graph\">{\"@context\":\"https:\\\/\\\/schema.org\",\"@graph\":[{\"@type\":\"WebPage\",\"@id\":\"https:\\\/\\\/www.stalskog.se\\\/fi\\\/tuote\\\/dischargedevice-uls50-1500-jk27\\\/\",\"url\":\"https:\\\/\\\/www.stalskog.se\\\/fi\\\/tuote\\\/dischargedevice-uls50-1500-jk27\\\/\",\"name\":\"Urladdningsst\u00e5ng ULS50\\\/1500-JK27 &#8211; Ragnar St\u00e5lskog\",\"isPartOf\":{\"@id\":\"https:\\\/\\\/www.stalskog.se\\\/fi\\\/#website\"},\"primaryImageOfPage\":{\"@id\":\"https:\\\/\\\/www.stalskog.se\\\/fi\\\/tuote\\\/dischargedevice-uls50-1500-jk27\\\/#primaryimage\"},\"image\":{\"@id\":\"https:\\\/\\\/www.stalskog.se\\\/fi\\\/tuote\\\/dischargedevice-uls50-1500-jk27\\\/#primaryimage\"},\"thumbnailUrl\":\"https:\\\/\\\/www.stalskog.se\\\/wp-content\\\/uploads\\\/2022\\\/04\\\/uls50_1500-jk272.jpg\",\"datePublished\":\"2022-04-27T14:12:57+00:00\",\"dateModified\":\"2025-08-25T14:21:05+00:00\",\"description\":\"Mukaan. SS-EN 61235 Suoralla elektrodilla varustettu purkaussauva ULS50\\\/1500-JK27 on tarkoitettu staattisen varauksen purkamiseen. Elektrodin k\u00e4rki on\",\"breadcrumb\":{\"@id\":\"https:\\\/\\\/www.stalskog.se\\\/fi\\\/tuote\\\/dischargedevice-uls50-1500-jk27\\\/#breadcrumb\"},\"inLanguage\":\"fi\",\"potentialAction\":[{\"@type\":\"ReadAction\",\"target\":[\"https:\\\/\\\/www.stalskog.se\\\/fi\\\/tuote\\\/dischargedevice-uls50-1500-jk27\\\/\"]}]},{\"@type\":\"ImageObject\",\"inLanguage\":\"fi\",\"@id\":\"https:\\\/\\\/www.stalskog.se\\\/fi\\\/tuote\\\/dischargedevice-uls50-1500-jk27\\\/#primaryimage\",\"url\":\"https:\\\/\\\/www.stalskog.se\\\/wp-content\\\/uploads\\\/2022\\\/04\\\/uls50_1500-jk272.jpg\",\"contentUrl\":\"https:\\\/\\\/www.stalskog.se\\\/wp-content\\\/uploads\\\/2022\\\/04\\\/uls50_1500-jk272.jpg\",\"width\":202,\"height\":569},{\"@type\":\"BreadcrumbList\",\"@id\":\"https:\\\/\\\/www.stalskog.se\\\/fi\\\/tuote\\\/dischargedevice-uls50-1500-jk27\\\/#breadcrumb\",\"itemListElement\":[{\"@type\":\"ListItem\",\"position\":1,\"name\":\"Hem\",\"item\":\"https:\\\/\\\/www.stalskog.se\\\/fi\\\/\"},{\"@type\":\"ListItem\",\"position\":2,\"name\":\"Produkter\",\"item\":\"https:\\\/\\\/www.stalskog.se\\\/?page_id=3235\"},{\"@type\":\"ListItem\",\"position\":3,\"name\":\"1. Switchgear\",\"item\":\"https:\\\/\\\/www.stalskog.se\\\/fi\\\/kategoria\\\/switchgear-fi\\\/\"},{\"@type\":\"ListItem\",\"position\":4,\"name\":\"Urladdningsst\u00e5ng ULS50\\\/1500-JK27\"}]},{\"@type\":\"WebSite\",\"@id\":\"https:\\\/\\\/www.stalskog.se\\\/fi\\\/#website\",\"url\":\"https:\\\/\\\/www.stalskog.se\\\/fi\\\/\",\"name\":\"Ragnar St\u00e5lskog\",\"description\":\"\",\"publisher\":{\"@id\":\"https:\\\/\\\/www.stalskog.se\\\/fi\\\/#organization\"},\"potentialAction\":[{\"@type\":\"SearchAction\",\"target\":{\"@type\":\"EntryPoint\",\"urlTemplate\":\"https:\\\/\\\/www.stalskog.se\\\/fi\\\/?s={search_term_string}\"},\"query-input\":{\"@type\":\"PropertyValueSpecification\",\"valueRequired\":true,\"valueName\":\"search_term_string\"}}],\"inLanguage\":\"fi\"},{\"@type\":\"Organization\",\"@id\":\"https:\\\/\\\/www.stalskog.se\\\/fi\\\/#organization\",\"name\":\"Ragnar St\u00e5lskog\",\"url\":\"https:\\\/\\\/www.stalskog.se\\\/fi\\\/\",\"logo\":{\"@type\":\"ImageObject\",\"inLanguage\":\"fi\",\"@id\":\"https:\\\/\\\/www.stalskog.se\\\/fi\\\/#\\\/schema\\\/logo\\\/image\\\/\",\"url\":\"https:\\\/\\\/www.stalskog.se\\\/wp-content\\\/uploads\\\/2022\\\/03\\\/logo_o.png\",\"contentUrl\":\"https:\\\/\\\/www.stalskog.se\\\/wp-content\\\/uploads\\\/2022\\\/03\\\/logo_o.png\",\"width\":410,\"height\":99,\"caption\":\"Ragnar St\u00e5lskog\"},\"image\":{\"@id\":\"https:\\\/\\\/www.stalskog.se\\\/fi\\\/#\\\/schema\\\/logo\\\/image\\\/\"}}]}<\/script>\n<!-- \/ Yoast SEO plugin. -->","yoast_head_json":{"title":"Urladdningsst\u00e5ng ULS50\/1500-JK27 &#8211; Ragnar St\u00e5lskog","description":"Mukaan. SS-EN 61235 Suoralla elektrodilla varustettu purkaussauva ULS50\/1500-JK27 on tarkoitettu staattisen varauksen purkamiseen. Elektrodin k\u00e4rki on","robots":{"index":"index","follow":"follow","max-snippet":"max-snippet:-1","max-image-preview":"max-image-preview:large","max-video-preview":"max-video-preview:-1"},"canonical":"https:\/\/www.stalskog.se\/fi\/tuote\/dischargedevice-uls50-1500-jk27\/","og_locale":"fi_FI","og_type":"article","og_title":"Urladdningsst\u00e5ng ULS50\/1500-JK27 &#8211; Ragnar St\u00e5lskog","og_description":"Mukaan. SS-EN 61235 Suoralla elektrodilla varustettu purkaussauva ULS50\/1500-JK27 on tarkoitettu staattisen varauksen purkamiseen. Elektrodin k\u00e4rki on","og_url":"https:\/\/www.stalskog.se\/fi\/tuote\/dischargedevice-uls50-1500-jk27\/","og_site_name":"Ragnar St\u00e5lskog","article_modified_time":"2025-08-25T14:21:05+00:00","og_image":[{"width":202,"height":569,"url":"https:\/\/www.stalskog.se\/wp-content\/uploads\/2022\/04\/uls50_1500-jk272.jpg","type":"image\/jpeg"}],"twitter_card":"summary_large_image","twitter_misc":{"Arvioitu lukuaika":"1 minuutti"},"schema":{"@context":"https:\/\/schema.org","@graph":[{"@type":"WebPage","@id":"https:\/\/www.stalskog.se\/fi\/tuote\/dischargedevice-uls50-1500-jk27\/","url":"https:\/\/www.stalskog.se\/fi\/tuote\/dischargedevice-uls50-1500-jk27\/","name":"Urladdningsst\u00e5ng ULS50\/1500-JK27 &#8211; Ragnar St\u00e5lskog","isPartOf":{"@id":"https:\/\/www.stalskog.se\/fi\/#website"},"primaryImageOfPage":{"@id":"https:\/\/www.stalskog.se\/fi\/tuote\/dischargedevice-uls50-1500-jk27\/#primaryimage"},"image":{"@id":"https:\/\/www.stalskog.se\/fi\/tuote\/dischargedevice-uls50-1500-jk27\/#primaryimage"},"thumbnailUrl":"https:\/\/www.stalskog.se\/wp-content\/uploads\/2022\/04\/uls50_1500-jk272.jpg","datePublished":"2022-04-27T14:12:57+00:00","dateModified":"2025-08-25T14:21:05+00:00","description":"Mukaan. SS-EN 61235 Suoralla elektrodilla varustettu purkaussauva ULS50\/1500-JK27 on tarkoitettu staattisen varauksen purkamiseen. Elektrodin k\u00e4rki on","breadcrumb":{"@id":"https:\/\/www.stalskog.se\/fi\/tuote\/dischargedevice-uls50-1500-jk27\/#breadcrumb"},"inLanguage":"fi","potentialAction":[{"@type":"ReadAction","target":["https:\/\/www.stalskog.se\/fi\/tuote\/dischargedevice-uls50-1500-jk27\/"]}]},{"@type":"ImageObject","inLanguage":"fi","@id":"https:\/\/www.stalskog.se\/fi\/tuote\/dischargedevice-uls50-1500-jk27\/#primaryimage","url":"https:\/\/www.stalskog.se\/wp-content\/uploads\/2022\/04\/uls50_1500-jk272.jpg","contentUrl":"https:\/\/www.stalskog.se\/wp-content\/uploads\/2022\/04\/uls50_1500-jk272.jpg","width":202,"height":569},{"@type":"BreadcrumbList","@id":"https:\/\/www.stalskog.se\/fi\/tuote\/dischargedevice-uls50-1500-jk27\/#breadcrumb","itemListElement":[{"@type":"ListItem","position":1,"name":"Hem","item":"https:\/\/www.stalskog.se\/fi\/"},{"@type":"ListItem","position":2,"name":"Produkter","item":"https:\/\/www.stalskog.se\/?page_id=3235"},{"@type":"ListItem","position":3,"name":"1. Switchgear","item":"https:\/\/www.stalskog.se\/fi\/kategoria\/switchgear-fi\/"},{"@type":"ListItem","position":4,"name":"Urladdningsst\u00e5ng ULS50\/1500-JK27"}]},{"@type":"WebSite","@id":"https:\/\/www.stalskog.se\/fi\/#website","url":"https:\/\/www.stalskog.se\/fi\/","name":"Ragnar St\u00e5lskog","description":"","publisher":{"@id":"https:\/\/www.stalskog.se\/fi\/#organization"},"potentialAction":[{"@type":"SearchAction","target":{"@type":"EntryPoint","urlTemplate":"https:\/\/www.stalskog.se\/fi\/?s={search_term_string}"},"query-input":{"@type":"PropertyValueSpecification","valueRequired":true,"valueName":"search_term_string"}}],"inLanguage":"fi"},{"@type":"Organization","@id":"https:\/\/www.stalskog.se\/fi\/#organization","name":"Ragnar St\u00e5lskog","url":"https:\/\/www.stalskog.se\/fi\/","logo":{"@type":"ImageObject","inLanguage":"fi","@id":"https:\/\/www.stalskog.se\/fi\/#\/schema\/logo\/image\/","url":"https:\/\/www.stalskog.se\/wp-content\/uploads\/2022\/03\/logo_o.png","contentUrl":"https:\/\/www.stalskog.se\/wp-content\/uploads\/2022\/03\/logo_o.png","width":410,"height":99,"caption":"Ragnar St\u00e5lskog"},"image":{"@id":"https:\/\/www.stalskog.se\/fi\/#\/schema\/logo\/image\/"}}]}},"_links":{"self":[{"href":"https:\/\/www.stalskog.se\/fi\/wp-json\/wp\/v2\/product\/4315","targetHints":{"allow":["GET"]}}],"collection":[{"href":"https:\/\/www.stalskog.se\/fi\/wp-json\/wp\/v2\/product"}],"about":[{"href":"https:\/\/www.stalskog.se\/fi\/wp-json\/wp\/v2\/types\/product"}],"replies":[{"embeddable":true,"href":"https:\/\/www.stalskog.se\/fi\/wp-json\/wp\/v2\/comments?post=4315"}],"wp:featuredmedia":[{"embeddable":true,"href":"https:\/\/www.stalskog.se\/fi\/wp-json\/wp\/v2\/media\/4298"}],"wp:attachment":[{"href":"https:\/\/www.stalskog.se\/fi\/wp-json\/wp\/v2\/media?parent=4315"}],"wp:term":[{"taxonomy":"product_brand","embeddable":true,"href":"https:\/\/www.stalskog.se\/fi\/wp-json\/wp\/v2\/product_brand?post=4315"},{"taxonomy":"product_cat","embeddable":true,"href":"https:\/\/www.stalskog.se\/fi\/wp-json\/wp\/v2\/product_cat?post=4315"},{"taxonomy":"product_tag","embeddable":true,"href":"https:\/\/www.stalskog.se\/fi\/wp-json\/wp\/v2\/product_tag?post=4315"}],"curies":[{"name":"wp","href":"https:\/\/api.w.org\/{rel}","templated":true}]}}