{"id":4417,"date":"2022-04-28T07:12:56","date_gmt":"2022-04-28T07:12:56","guid":{"rendered":"https:\/\/www.stalskog.se\/produkt\/dischargedevice-mulk_-jk27v\/"},"modified":"2025-08-25T14:24:37","modified_gmt":"2025-08-25T14:24:37","slug":"dischargedevice-mulk_-jk27v","status":"publish","type":"product","link":"https:\/\/www.stalskog.se\/fi\/tuote\/dischargedevice-mulk_-jk27v\/","title":{"rendered":"Purkauspalkki MULK_-JK27V"},"content":{"rendered":"<p>Mukaan. SS-EN 61235<br \/>\nKoukkuselektrodilla varustettu purkaussauva MULK&#8230;\/&#8230;-JK27V on tarkoitettu staattisen varauksen purkamiseen.<br \/>\nKoukkuselektrodi on valmistettu sinkityst\u00e4 kuparista.<br \/>\nMaadoituspuristin JK 27 V liitet\u00e4\u00e4n kuulatappiin \u00d8 20, \u00d8 25, \u00d8 30, T-pulttiin, kiskoon 1-25 mm, kaapeliin\/putkeen \u00d8 6-25 mm.<br \/>\nPuristimen johtavat osat on valmistettu alumiinipronssista. Ter\u00e4sosat ruostumatonta ter\u00e4st\u00e4. Vaijerik\u00f6ysi liitet\u00e4\u00e4n puristimeen vaijerikorvakkeella ja M8-ruuviliitoksella.<br \/>\nVaijerik\u00f6ysi on valmistettu eritt\u00e4in joustavasta ESTPR-eristetyst\u00e4 kuparijohtimesta, ja se on varustettu sinet\u00f6idyill\u00e4 vaijeriliitoksilla, jotka est\u00e4v\u00e4t kosteuden p\u00e4\u00e4syn vaijeriin. Eristystanko on tiivistetty kosteuden p\u00e4\u00e4syn est\u00e4miseksi. Eristyssauva on valmistettu keltaisesta, lasikuituvahvisteisesta vinyyliesterist\u00e4, jonka ulkohalkaisija on 29 mm. Alap\u00e4\u00e4ss\u00e4 on kuminen suojakorkki.      <\/p>\n","protected":false},"excerpt":{"rendered":"<p>Mukaan. SS-EN 61235 Koukkuselektrodilla varustettu purkaussauva MULK&#8230;\/&#8230;-JK27V on tarkoitettu staattisen varauksen purkamiseen. Koukkuselektrodi on valmistettu sinkityst\u00e4 kuparista. Maadoituspuristin JK 27 V liitet\u00e4\u00e4n kuulatappiin \u00d8 20, \u00d8 25, \u00d8 30, T-pulttiin, kiskoon 1-25 mm, kaapeliin\/putkeen \u00d8 6-25 mm. Puristimen johtavat osat on valmistettu alumiinipronssista. Ter\u00e4sosat ruostumatonta ter\u00e4st\u00e4. Vaijerik\u00f6ysi liitet\u00e4\u00e4n puristimeen vaijerikorvakkeella ja M8-ruuviliitoksella. Vaijerik\u00f6ysi on valmistettu [&hellip;]<\/p>\n","protected":false},"featured_media":4413,"comment_status":"closed","ping_status":"closed","template":"","meta":{"_acf_changed":false},"product_brand":[],"product_cat":[76,90,146],"product_tag":[],"class_list":{"0":"post-4417","1":"product","2":"type-product","3":"status-publish","4":"has-post-thumbnail","6":"product_cat-switchgear-fi","7":"product_cat-insulating-poles-fi","8":"product_cat-discharge-fi","10":"first","11":"instock","12":"shipping-taxable","13":"product-type-simple"},"acf":[],"yoast_head":"<!-- This site is optimized with the Yoast SEO plugin v27.5 - https:\/\/yoast.com\/product\/yoast-seo-wordpress\/ -->\n<title>Purkauspalkki MULK_-JK27V &#8211; Ragnar St\u00e5lskog<\/title>\n<meta name=\"description\" content=\"Mukaan. SS-EN 61235 Koukkuselektrodilla varustettu purkaussauva MULK...\/...-JK27V on tarkoitettu staattisen varauksen purkamiseen. Koukkuselektrodi on\" \/>\n<meta name=\"robots\" content=\"index, follow, max-snippet:-1, max-image-preview:large, max-video-preview:-1\" \/>\n<link rel=\"canonical\" href=\"https:\/\/www.stalskog.se\/fi\/tuote\/dischargedevice-mulk_-jk27v\/\" \/>\n<meta property=\"og:locale\" content=\"fi_FI\" \/>\n<meta property=\"og:type\" content=\"article\" \/>\n<meta property=\"og:title\" content=\"Purkauspalkki MULK_-JK27V &#8211; Ragnar St\u00e5lskog\" \/>\n<meta property=\"og:description\" content=\"Mukaan. SS-EN 61235 Koukkuselektrodilla varustettu purkaussauva MULK...\/...-JK27V on tarkoitettu staattisen varauksen purkamiseen. Koukkuselektrodi on\" \/>\n<meta property=\"og:url\" content=\"https:\/\/www.stalskog.se\/fi\/tuote\/dischargedevice-mulk_-jk27v\/\" \/>\n<meta property=\"og:site_name\" content=\"Ragnar St\u00e5lskog\" \/>\n<meta property=\"article:modified_time\" content=\"2025-08-25T14:24:37+00:00\" \/>\n<meta property=\"og:image\" content=\"https:\/\/www.stalskog.se\/wp-content\/uploads\/2022\/04\/mulk_-jk27v.jpg\" \/>\n\t<meta property=\"og:image:width\" content=\"222\" \/>\n\t<meta property=\"og:image:height\" content=\"624\" \/>\n\t<meta property=\"og:image:type\" content=\"image\/jpeg\" \/>\n<meta name=\"twitter:card\" content=\"summary_large_image\" \/>\n<script type=\"application\/ld+json\" class=\"yoast-schema-graph\">{\"@context\":\"https:\\\/\\\/schema.org\",\"@graph\":[{\"@type\":\"WebPage\",\"@id\":\"https:\\\/\\\/www.stalskog.se\\\/fi\\\/tuote\\\/dischargedevice-mulk_-jk27v\\\/\",\"url\":\"https:\\\/\\\/www.stalskog.se\\\/fi\\\/tuote\\\/dischargedevice-mulk_-jk27v\\\/\",\"name\":\"Purkauspalkki MULK_-JK27V &#8211; Ragnar St\u00e5lskog\",\"isPartOf\":{\"@id\":\"https:\\\/\\\/www.stalskog.se\\\/fi\\\/#website\"},\"primaryImageOfPage\":{\"@id\":\"https:\\\/\\\/www.stalskog.se\\\/fi\\\/tuote\\\/dischargedevice-mulk_-jk27v\\\/#primaryimage\"},\"image\":{\"@id\":\"https:\\\/\\\/www.stalskog.se\\\/fi\\\/tuote\\\/dischargedevice-mulk_-jk27v\\\/#primaryimage\"},\"thumbnailUrl\":\"https:\\\/\\\/www.stalskog.se\\\/wp-content\\\/uploads\\\/2022\\\/04\\\/mulk_-jk27v.jpg\",\"datePublished\":\"2022-04-28T07:12:56+00:00\",\"dateModified\":\"2025-08-25T14:24:37+00:00\",\"description\":\"Mukaan. SS-EN 61235 Koukkuselektrodilla varustettu purkaussauva MULK...\\\/...-JK27V on tarkoitettu staattisen varauksen purkamiseen. Koukkuselektrodi on\",\"breadcrumb\":{\"@id\":\"https:\\\/\\\/www.stalskog.se\\\/fi\\\/tuote\\\/dischargedevice-mulk_-jk27v\\\/#breadcrumb\"},\"inLanguage\":\"fi\",\"potentialAction\":[{\"@type\":\"ReadAction\",\"target\":[\"https:\\\/\\\/www.stalskog.se\\\/fi\\\/tuote\\\/dischargedevice-mulk_-jk27v\\\/\"]}]},{\"@type\":\"ImageObject\",\"inLanguage\":\"fi\",\"@id\":\"https:\\\/\\\/www.stalskog.se\\\/fi\\\/tuote\\\/dischargedevice-mulk_-jk27v\\\/#primaryimage\",\"url\":\"https:\\\/\\\/www.stalskog.se\\\/wp-content\\\/uploads\\\/2022\\\/04\\\/mulk_-jk27v.jpg\",\"contentUrl\":\"https:\\\/\\\/www.stalskog.se\\\/wp-content\\\/uploads\\\/2022\\\/04\\\/mulk_-jk27v.jpg\",\"width\":222,\"height\":624},{\"@type\":\"BreadcrumbList\",\"@id\":\"https:\\\/\\\/www.stalskog.se\\\/fi\\\/tuote\\\/dischargedevice-mulk_-jk27v\\\/#breadcrumb\",\"itemListElement\":[{\"@type\":\"ListItem\",\"position\":1,\"name\":\"Hem\",\"item\":\"https:\\\/\\\/www.stalskog.se\\\/fi\\\/\"},{\"@type\":\"ListItem\",\"position\":2,\"name\":\"Produkter\",\"item\":\"https:\\\/\\\/www.stalskog.se\\\/?page_id=3235\"},{\"@type\":\"ListItem\",\"position\":3,\"name\":\"1. Switchgear\",\"item\":\"https:\\\/\\\/www.stalskog.se\\\/fi\\\/kategoria\\\/switchgear-fi\\\/\"},{\"@type\":\"ListItem\",\"position\":4,\"name\":\"Purkauspalkki MULK_-JK27V\"}]},{\"@type\":\"WebSite\",\"@id\":\"https:\\\/\\\/www.stalskog.se\\\/fi\\\/#website\",\"url\":\"https:\\\/\\\/www.stalskog.se\\\/fi\\\/\",\"name\":\"Ragnar St\u00e5lskog\",\"description\":\"\",\"publisher\":{\"@id\":\"https:\\\/\\\/www.stalskog.se\\\/fi\\\/#organization\"},\"potentialAction\":[{\"@type\":\"SearchAction\",\"target\":{\"@type\":\"EntryPoint\",\"urlTemplate\":\"https:\\\/\\\/www.stalskog.se\\\/fi\\\/?s={search_term_string}\"},\"query-input\":{\"@type\":\"PropertyValueSpecification\",\"valueRequired\":true,\"valueName\":\"search_term_string\"}}],\"inLanguage\":\"fi\"},{\"@type\":\"Organization\",\"@id\":\"https:\\\/\\\/www.stalskog.se\\\/fi\\\/#organization\",\"name\":\"Ragnar St\u00e5lskog\",\"url\":\"https:\\\/\\\/www.stalskog.se\\\/fi\\\/\",\"logo\":{\"@type\":\"ImageObject\",\"inLanguage\":\"fi\",\"@id\":\"https:\\\/\\\/www.stalskog.se\\\/fi\\\/#\\\/schema\\\/logo\\\/image\\\/\",\"url\":\"https:\\\/\\\/www.stalskog.se\\\/wp-content\\\/uploads\\\/2022\\\/03\\\/logo_o.png\",\"contentUrl\":\"https:\\\/\\\/www.stalskog.se\\\/wp-content\\\/uploads\\\/2022\\\/03\\\/logo_o.png\",\"width\":410,\"height\":99,\"caption\":\"Ragnar St\u00e5lskog\"},\"image\":{\"@id\":\"https:\\\/\\\/www.stalskog.se\\\/fi\\\/#\\\/schema\\\/logo\\\/image\\\/\"}}]}<\/script>\n<!-- \/ Yoast SEO plugin. -->","yoast_head_json":{"title":"Purkauspalkki MULK_-JK27V &#8211; Ragnar St\u00e5lskog","description":"Mukaan. SS-EN 61235 Koukkuselektrodilla varustettu purkaussauva MULK...\/...-JK27V on tarkoitettu staattisen varauksen purkamiseen. Koukkuselektrodi on","robots":{"index":"index","follow":"follow","max-snippet":"max-snippet:-1","max-image-preview":"max-image-preview:large","max-video-preview":"max-video-preview:-1"},"canonical":"https:\/\/www.stalskog.se\/fi\/tuote\/dischargedevice-mulk_-jk27v\/","og_locale":"fi_FI","og_type":"article","og_title":"Purkauspalkki MULK_-JK27V &#8211; Ragnar St\u00e5lskog","og_description":"Mukaan. SS-EN 61235 Koukkuselektrodilla varustettu purkaussauva MULK...\/...-JK27V on tarkoitettu staattisen varauksen purkamiseen. Koukkuselektrodi on","og_url":"https:\/\/www.stalskog.se\/fi\/tuote\/dischargedevice-mulk_-jk27v\/","og_site_name":"Ragnar St\u00e5lskog","article_modified_time":"2025-08-25T14:24:37+00:00","og_image":[{"width":222,"height":624,"url":"https:\/\/www.stalskog.se\/wp-content\/uploads\/2022\/04\/mulk_-jk27v.jpg","type":"image\/jpeg"}],"twitter_card":"summary_large_image","schema":{"@context":"https:\/\/schema.org","@graph":[{"@type":"WebPage","@id":"https:\/\/www.stalskog.se\/fi\/tuote\/dischargedevice-mulk_-jk27v\/","url":"https:\/\/www.stalskog.se\/fi\/tuote\/dischargedevice-mulk_-jk27v\/","name":"Purkauspalkki MULK_-JK27V &#8211; Ragnar St\u00e5lskog","isPartOf":{"@id":"https:\/\/www.stalskog.se\/fi\/#website"},"primaryImageOfPage":{"@id":"https:\/\/www.stalskog.se\/fi\/tuote\/dischargedevice-mulk_-jk27v\/#primaryimage"},"image":{"@id":"https:\/\/www.stalskog.se\/fi\/tuote\/dischargedevice-mulk_-jk27v\/#primaryimage"},"thumbnailUrl":"https:\/\/www.stalskog.se\/wp-content\/uploads\/2022\/04\/mulk_-jk27v.jpg","datePublished":"2022-04-28T07:12:56+00:00","dateModified":"2025-08-25T14:24:37+00:00","description":"Mukaan. SS-EN 61235 Koukkuselektrodilla varustettu purkaussauva MULK...\/...-JK27V on tarkoitettu staattisen varauksen purkamiseen. Koukkuselektrodi on","breadcrumb":{"@id":"https:\/\/www.stalskog.se\/fi\/tuote\/dischargedevice-mulk_-jk27v\/#breadcrumb"},"inLanguage":"fi","potentialAction":[{"@type":"ReadAction","target":["https:\/\/www.stalskog.se\/fi\/tuote\/dischargedevice-mulk_-jk27v\/"]}]},{"@type":"ImageObject","inLanguage":"fi","@id":"https:\/\/www.stalskog.se\/fi\/tuote\/dischargedevice-mulk_-jk27v\/#primaryimage","url":"https:\/\/www.stalskog.se\/wp-content\/uploads\/2022\/04\/mulk_-jk27v.jpg","contentUrl":"https:\/\/www.stalskog.se\/wp-content\/uploads\/2022\/04\/mulk_-jk27v.jpg","width":222,"height":624},{"@type":"BreadcrumbList","@id":"https:\/\/www.stalskog.se\/fi\/tuote\/dischargedevice-mulk_-jk27v\/#breadcrumb","itemListElement":[{"@type":"ListItem","position":1,"name":"Hem","item":"https:\/\/www.stalskog.se\/fi\/"},{"@type":"ListItem","position":2,"name":"Produkter","item":"https:\/\/www.stalskog.se\/?page_id=3235"},{"@type":"ListItem","position":3,"name":"1. Switchgear","item":"https:\/\/www.stalskog.se\/fi\/kategoria\/switchgear-fi\/"},{"@type":"ListItem","position":4,"name":"Purkauspalkki MULK_-JK27V"}]},{"@type":"WebSite","@id":"https:\/\/www.stalskog.se\/fi\/#website","url":"https:\/\/www.stalskog.se\/fi\/","name":"Ragnar St\u00e5lskog","description":"","publisher":{"@id":"https:\/\/www.stalskog.se\/fi\/#organization"},"potentialAction":[{"@type":"SearchAction","target":{"@type":"EntryPoint","urlTemplate":"https:\/\/www.stalskog.se\/fi\/?s={search_term_string}"},"query-input":{"@type":"PropertyValueSpecification","valueRequired":true,"valueName":"search_term_string"}}],"inLanguage":"fi"},{"@type":"Organization","@id":"https:\/\/www.stalskog.se\/fi\/#organization","name":"Ragnar St\u00e5lskog","url":"https:\/\/www.stalskog.se\/fi\/","logo":{"@type":"ImageObject","inLanguage":"fi","@id":"https:\/\/www.stalskog.se\/fi\/#\/schema\/logo\/image\/","url":"https:\/\/www.stalskog.se\/wp-content\/uploads\/2022\/03\/logo_o.png","contentUrl":"https:\/\/www.stalskog.se\/wp-content\/uploads\/2022\/03\/logo_o.png","width":410,"height":99,"caption":"Ragnar St\u00e5lskog"},"image":{"@id":"https:\/\/www.stalskog.se\/fi\/#\/schema\/logo\/image\/"}}]}},"_links":{"self":[{"href":"https:\/\/www.stalskog.se\/fi\/wp-json\/wp\/v2\/product\/4417","targetHints":{"allow":["GET"]}}],"collection":[{"href":"https:\/\/www.stalskog.se\/fi\/wp-json\/wp\/v2\/product"}],"about":[{"href":"https:\/\/www.stalskog.se\/fi\/wp-json\/wp\/v2\/types\/product"}],"replies":[{"embeddable":true,"href":"https:\/\/www.stalskog.se\/fi\/wp-json\/wp\/v2\/comments?post=4417"}],"wp:featuredmedia":[{"embeddable":true,"href":"https:\/\/www.stalskog.se\/fi\/wp-json\/wp\/v2\/media\/4413"}],"wp:attachment":[{"href":"https:\/\/www.stalskog.se\/fi\/wp-json\/wp\/v2\/media?parent=4417"}],"wp:term":[{"taxonomy":"product_brand","embeddable":true,"href":"https:\/\/www.stalskog.se\/fi\/wp-json\/wp\/v2\/product_brand?post=4417"},{"taxonomy":"product_cat","embeddable":true,"href":"https:\/\/www.stalskog.se\/fi\/wp-json\/wp\/v2\/product_cat?post=4417"},{"taxonomy":"product_tag","embeddable":true,"href":"https:\/\/www.stalskog.se\/fi\/wp-json\/wp\/v2\/product_tag?post=4417"}],"curies":[{"name":"wp","href":"https:\/\/api.w.org\/{rel}","templated":true}]}}