{"id":4462,"date":"2022-04-28T08:41:33","date_gmt":"2022-04-28T08:41:33","guid":{"rendered":"https:\/\/www.stalskog.se\/produkt\/liftingtoolset-juds\/"},"modified":"2025-08-25T14:24:26","modified_gmt":"2025-08-25T14:24:26","slug":"liftingtoolset-juds","status":"publish","type":"product","link":"https:\/\/www.stalskog.se\/fi\/tuote\/liftingtoolset-juds\/","title":{"rendered":"Nostolaite JUDS"},"content":{"rendered":"<p>K\u00e4ytet\u00e4\u00e4n raskaiden maadoituslaitteiden nostamiseen.<br \/>\nJUDS-nostin koostuu kahdesta yksik\u00f6st\u00e4: Johtopuristin JFKL, jossa on lohko ja 22 m polyeteenik\u00f6ysi, sek\u00e4 liitososa tangolla, JML. N\u00e4it\u00e4 k\u00e4ytet\u00e4\u00e4n yhdess\u00e4 kahden max. 10 m pitk\u00e4n k\u00e4ytt\u00f6pylv\u00e4\u00e4n kanssa.<br \/>\nJohtopuristin JFKL, jossa on lohko ja k\u00f6ysi, asennetaan maks. 10 m pituiseen ohjaustolppaan. Vetok\u00f6ysi on liitetty liitososaston tankoon.<br \/>\nLiitososasto, jossa on tanko JML, liitet\u00e4\u00e4n tarttujien JGS 18 alt. JGS 17 (nivelletty) ja maadoituslaitetta k\u00e4ytt\u00e4v\u00e4n k\u00e4ytt\u00f6sauvan v\u00e4lille, Maadoituslaite kytket\u00e4\u00e4n tartuntalaitteeseen.<br \/>\nPuristin JFKL kytket\u00e4\u00e4n johtimeen, johon maadoituslaite asennetaan. Sitten tanko, johon maadoituslaite on kytketty, nostetaan yl\u00f6s vetok\u00f6yden avulla. Kun maadoituslaite on asennettu, k\u00e4ytt\u00f6sauva voidaan irrottaa puristimesta tarttujalla. Puristin on valmistettu karkaistusta AlSi-seoksesta ja ter\u00e4sosat ruostumattomasta ter\u00e4ksest\u00e4. Liitos on valmistettu lasikuituvahvisteisesta vinyyliesterist\u00e4 ja tanko pinnoitetusta ter\u00e4ksest\u00e4. Vetonaru on valmistettu polyeteenist\u00e4.           <\/p>\n","protected":false},"excerpt":{"rendered":"<p>K\u00e4ytet\u00e4\u00e4n raskaiden maadoituslaitteiden nostamiseen. JUDS-nostin koostuu kahdesta yksik\u00f6st\u00e4: Johtopuristin JFKL, jossa on lohko ja 22 m polyeteenik\u00f6ysi, sek\u00e4 liitososa tangolla, JML. N\u00e4it\u00e4 k\u00e4ytet\u00e4\u00e4n yhdess\u00e4 kahden max. 10 m pitk\u00e4n k\u00e4ytt\u00f6pylv\u00e4\u00e4n kanssa. Johtopuristin JFKL, jossa on lohko ja k\u00f6ysi, asennetaan maks. 10 m pituiseen ohjaustolppaan. Vetok\u00f6ysi on liitetty liitososaston tankoon. Liitososasto, jossa on tanko JML, liitet\u00e4\u00e4n [&hellip;]<\/p>\n","protected":false},"featured_media":4445,"comment_status":"closed","ping_status":"closed","template":"","meta":{"_acf_changed":false},"product_brand":[],"product_cat":[76,82,150,162],"product_tag":[],"class_list":{"0":"post-4462","1":"product","2":"type-product","3":"status-publish","4":"has-post-thumbnail","6":"product_cat-switchgear-fi","7":"product_cat-overhead-lines-fi","8":"product_cat-misc-fi","9":"product_cat-misc-fi-2","11":"first","12":"instock","13":"shipping-taxable","14":"product-type-simple"},"acf":[],"yoast_head":"<!-- This site is optimized with the Yoast SEO plugin v27.5 - https:\/\/yoast.com\/product\/yoast-seo-wordpress\/ -->\n<title>Nostolaite JUDS &#8211; Ragnar St\u00e5lskog<\/title>\n<meta name=\"description\" content=\"K\u00e4ytet\u00e4\u00e4n raskaiden maadoituslaitteiden nostamiseen. JUDS-nostin koostuu kahdesta yksik\u00f6st\u00e4: Johtopuristin JFKL, jossa on lohko ja 22 m polyeteenik\u00f6ysi,\" \/>\n<meta name=\"robots\" content=\"index, follow, max-snippet:-1, max-image-preview:large, max-video-preview:-1\" \/>\n<link rel=\"canonical\" href=\"https:\/\/www.stalskog.se\/fi\/tuote\/liftingtoolset-juds\/\" \/>\n<meta property=\"og:locale\" content=\"fi_FI\" \/>\n<meta property=\"og:type\" content=\"article\" \/>\n<meta property=\"og:title\" content=\"Nostolaite JUDS &#8211; Ragnar St\u00e5lskog\" \/>\n<meta property=\"og:description\" content=\"K\u00e4ytet\u00e4\u00e4n raskaiden maadoituslaitteiden nostamiseen. JUDS-nostin koostuu kahdesta yksik\u00f6st\u00e4: Johtopuristin JFKL, jossa on lohko ja 22 m polyeteenik\u00f6ysi,\" \/>\n<meta property=\"og:url\" content=\"https:\/\/www.stalskog.se\/fi\/tuote\/liftingtoolset-juds\/\" \/>\n<meta property=\"og:site_name\" content=\"Ragnar St\u00e5lskog\" \/>\n<meta property=\"article:modified_time\" content=\"2025-08-25T14:24:26+00:00\" \/>\n<meta property=\"og:image\" content=\"https:\/\/www.stalskog.se\/wp-content\/uploads\/2022\/04\/juds.jpg\" \/>\n\t<meta property=\"og:image:width\" content=\"345\" \/>\n\t<meta property=\"og:image:height\" content=\"424\" \/>\n\t<meta property=\"og:image:type\" content=\"image\/jpeg\" \/>\n<meta name=\"twitter:card\" content=\"summary_large_image\" \/>\n<meta name=\"twitter:label1\" content=\"Arvioitu lukuaika\" \/>\n\t<meta name=\"twitter:data1\" content=\"1 minuutti\" \/>\n<script type=\"application\/ld+json\" class=\"yoast-schema-graph\">{\"@context\":\"https:\\\/\\\/schema.org\",\"@graph\":[{\"@type\":\"WebPage\",\"@id\":\"https:\\\/\\\/www.stalskog.se\\\/fi\\\/tuote\\\/liftingtoolset-juds\\\/\",\"url\":\"https:\\\/\\\/www.stalskog.se\\\/fi\\\/tuote\\\/liftingtoolset-juds\\\/\",\"name\":\"Nostolaite JUDS &#8211; Ragnar St\u00e5lskog\",\"isPartOf\":{\"@id\":\"https:\\\/\\\/www.stalskog.se\\\/fi\\\/#website\"},\"primaryImageOfPage\":{\"@id\":\"https:\\\/\\\/www.stalskog.se\\\/fi\\\/tuote\\\/liftingtoolset-juds\\\/#primaryimage\"},\"image\":{\"@id\":\"https:\\\/\\\/www.stalskog.se\\\/fi\\\/tuote\\\/liftingtoolset-juds\\\/#primaryimage\"},\"thumbnailUrl\":\"https:\\\/\\\/www.stalskog.se\\\/wp-content\\\/uploads\\\/2022\\\/04\\\/juds.jpg\",\"datePublished\":\"2022-04-28T08:41:33+00:00\",\"dateModified\":\"2025-08-25T14:24:26+00:00\",\"description\":\"K\u00e4ytet\u00e4\u00e4n raskaiden maadoituslaitteiden nostamiseen. JUDS-nostin koostuu kahdesta yksik\u00f6st\u00e4: Johtopuristin JFKL, jossa on lohko ja 22 m polyeteenik\u00f6ysi,\",\"breadcrumb\":{\"@id\":\"https:\\\/\\\/www.stalskog.se\\\/fi\\\/tuote\\\/liftingtoolset-juds\\\/#breadcrumb\"},\"inLanguage\":\"fi\",\"potentialAction\":[{\"@type\":\"ReadAction\",\"target\":[\"https:\\\/\\\/www.stalskog.se\\\/fi\\\/tuote\\\/liftingtoolset-juds\\\/\"]}]},{\"@type\":\"ImageObject\",\"inLanguage\":\"fi\",\"@id\":\"https:\\\/\\\/www.stalskog.se\\\/fi\\\/tuote\\\/liftingtoolset-juds\\\/#primaryimage\",\"url\":\"https:\\\/\\\/www.stalskog.se\\\/wp-content\\\/uploads\\\/2022\\\/04\\\/juds.jpg\",\"contentUrl\":\"https:\\\/\\\/www.stalskog.se\\\/wp-content\\\/uploads\\\/2022\\\/04\\\/juds.jpg\",\"width\":345,\"height\":424},{\"@type\":\"BreadcrumbList\",\"@id\":\"https:\\\/\\\/www.stalskog.se\\\/fi\\\/tuote\\\/liftingtoolset-juds\\\/#breadcrumb\",\"itemListElement\":[{\"@type\":\"ListItem\",\"position\":1,\"name\":\"Hem\",\"item\":\"https:\\\/\\\/www.stalskog.se\\\/fi\\\/\"},{\"@type\":\"ListItem\",\"position\":2,\"name\":\"Produkter\",\"item\":\"https:\\\/\\\/www.stalskog.se\\\/?page_id=3235\"},{\"@type\":\"ListItem\",\"position\":3,\"name\":\"1. Switchgear\",\"item\":\"https:\\\/\\\/www.stalskog.se\\\/fi\\\/kategoria\\\/switchgear-fi\\\/\"},{\"@type\":\"ListItem\",\"position\":4,\"name\":\"Nostolaite JUDS\"}]},{\"@type\":\"WebSite\",\"@id\":\"https:\\\/\\\/www.stalskog.se\\\/fi\\\/#website\",\"url\":\"https:\\\/\\\/www.stalskog.se\\\/fi\\\/\",\"name\":\"Ragnar St\u00e5lskog\",\"description\":\"\",\"publisher\":{\"@id\":\"https:\\\/\\\/www.stalskog.se\\\/fi\\\/#organization\"},\"potentialAction\":[{\"@type\":\"SearchAction\",\"target\":{\"@type\":\"EntryPoint\",\"urlTemplate\":\"https:\\\/\\\/www.stalskog.se\\\/fi\\\/?s={search_term_string}\"},\"query-input\":{\"@type\":\"PropertyValueSpecification\",\"valueRequired\":true,\"valueName\":\"search_term_string\"}}],\"inLanguage\":\"fi\"},{\"@type\":\"Organization\",\"@id\":\"https:\\\/\\\/www.stalskog.se\\\/fi\\\/#organization\",\"name\":\"Ragnar St\u00e5lskog\",\"url\":\"https:\\\/\\\/www.stalskog.se\\\/fi\\\/\",\"logo\":{\"@type\":\"ImageObject\",\"inLanguage\":\"fi\",\"@id\":\"https:\\\/\\\/www.stalskog.se\\\/fi\\\/#\\\/schema\\\/logo\\\/image\\\/\",\"url\":\"https:\\\/\\\/www.stalskog.se\\\/wp-content\\\/uploads\\\/2022\\\/03\\\/logo_o.png\",\"contentUrl\":\"https:\\\/\\\/www.stalskog.se\\\/wp-content\\\/uploads\\\/2022\\\/03\\\/logo_o.png\",\"width\":410,\"height\":99,\"caption\":\"Ragnar St\u00e5lskog\"},\"image\":{\"@id\":\"https:\\\/\\\/www.stalskog.se\\\/fi\\\/#\\\/schema\\\/logo\\\/image\\\/\"}}]}<\/script>\n<!-- \/ Yoast SEO plugin. -->","yoast_head_json":{"title":"Nostolaite JUDS &#8211; Ragnar St\u00e5lskog","description":"K\u00e4ytet\u00e4\u00e4n raskaiden maadoituslaitteiden nostamiseen. JUDS-nostin koostuu kahdesta yksik\u00f6st\u00e4: Johtopuristin JFKL, jossa on lohko ja 22 m polyeteenik\u00f6ysi,","robots":{"index":"index","follow":"follow","max-snippet":"max-snippet:-1","max-image-preview":"max-image-preview:large","max-video-preview":"max-video-preview:-1"},"canonical":"https:\/\/www.stalskog.se\/fi\/tuote\/liftingtoolset-juds\/","og_locale":"fi_FI","og_type":"article","og_title":"Nostolaite JUDS &#8211; Ragnar St\u00e5lskog","og_description":"K\u00e4ytet\u00e4\u00e4n raskaiden maadoituslaitteiden nostamiseen. JUDS-nostin koostuu kahdesta yksik\u00f6st\u00e4: Johtopuristin JFKL, jossa on lohko ja 22 m polyeteenik\u00f6ysi,","og_url":"https:\/\/www.stalskog.se\/fi\/tuote\/liftingtoolset-juds\/","og_site_name":"Ragnar St\u00e5lskog","article_modified_time":"2025-08-25T14:24:26+00:00","og_image":[{"width":345,"height":424,"url":"https:\/\/www.stalskog.se\/wp-content\/uploads\/2022\/04\/juds.jpg","type":"image\/jpeg"}],"twitter_card":"summary_large_image","twitter_misc":{"Arvioitu lukuaika":"1 minuutti"},"schema":{"@context":"https:\/\/schema.org","@graph":[{"@type":"WebPage","@id":"https:\/\/www.stalskog.se\/fi\/tuote\/liftingtoolset-juds\/","url":"https:\/\/www.stalskog.se\/fi\/tuote\/liftingtoolset-juds\/","name":"Nostolaite JUDS &#8211; Ragnar St\u00e5lskog","isPartOf":{"@id":"https:\/\/www.stalskog.se\/fi\/#website"},"primaryImageOfPage":{"@id":"https:\/\/www.stalskog.se\/fi\/tuote\/liftingtoolset-juds\/#primaryimage"},"image":{"@id":"https:\/\/www.stalskog.se\/fi\/tuote\/liftingtoolset-juds\/#primaryimage"},"thumbnailUrl":"https:\/\/www.stalskog.se\/wp-content\/uploads\/2022\/04\/juds.jpg","datePublished":"2022-04-28T08:41:33+00:00","dateModified":"2025-08-25T14:24:26+00:00","description":"K\u00e4ytet\u00e4\u00e4n raskaiden maadoituslaitteiden nostamiseen. JUDS-nostin koostuu kahdesta yksik\u00f6st\u00e4: Johtopuristin JFKL, jossa on lohko ja 22 m polyeteenik\u00f6ysi,","breadcrumb":{"@id":"https:\/\/www.stalskog.se\/fi\/tuote\/liftingtoolset-juds\/#breadcrumb"},"inLanguage":"fi","potentialAction":[{"@type":"ReadAction","target":["https:\/\/www.stalskog.se\/fi\/tuote\/liftingtoolset-juds\/"]}]},{"@type":"ImageObject","inLanguage":"fi","@id":"https:\/\/www.stalskog.se\/fi\/tuote\/liftingtoolset-juds\/#primaryimage","url":"https:\/\/www.stalskog.se\/wp-content\/uploads\/2022\/04\/juds.jpg","contentUrl":"https:\/\/www.stalskog.se\/wp-content\/uploads\/2022\/04\/juds.jpg","width":345,"height":424},{"@type":"BreadcrumbList","@id":"https:\/\/www.stalskog.se\/fi\/tuote\/liftingtoolset-juds\/#breadcrumb","itemListElement":[{"@type":"ListItem","position":1,"name":"Hem","item":"https:\/\/www.stalskog.se\/fi\/"},{"@type":"ListItem","position":2,"name":"Produkter","item":"https:\/\/www.stalskog.se\/?page_id=3235"},{"@type":"ListItem","position":3,"name":"1. Switchgear","item":"https:\/\/www.stalskog.se\/fi\/kategoria\/switchgear-fi\/"},{"@type":"ListItem","position":4,"name":"Nostolaite JUDS"}]},{"@type":"WebSite","@id":"https:\/\/www.stalskog.se\/fi\/#website","url":"https:\/\/www.stalskog.se\/fi\/","name":"Ragnar St\u00e5lskog","description":"","publisher":{"@id":"https:\/\/www.stalskog.se\/fi\/#organization"},"potentialAction":[{"@type":"SearchAction","target":{"@type":"EntryPoint","urlTemplate":"https:\/\/www.stalskog.se\/fi\/?s={search_term_string}"},"query-input":{"@type":"PropertyValueSpecification","valueRequired":true,"valueName":"search_term_string"}}],"inLanguage":"fi"},{"@type":"Organization","@id":"https:\/\/www.stalskog.se\/fi\/#organization","name":"Ragnar St\u00e5lskog","url":"https:\/\/www.stalskog.se\/fi\/","logo":{"@type":"ImageObject","inLanguage":"fi","@id":"https:\/\/www.stalskog.se\/fi\/#\/schema\/logo\/image\/","url":"https:\/\/www.stalskog.se\/wp-content\/uploads\/2022\/03\/logo_o.png","contentUrl":"https:\/\/www.stalskog.se\/wp-content\/uploads\/2022\/03\/logo_o.png","width":410,"height":99,"caption":"Ragnar St\u00e5lskog"},"image":{"@id":"https:\/\/www.stalskog.se\/fi\/#\/schema\/logo\/image\/"}}]}},"_links":{"self":[{"href":"https:\/\/www.stalskog.se\/fi\/wp-json\/wp\/v2\/product\/4462","targetHints":{"allow":["GET"]}}],"collection":[{"href":"https:\/\/www.stalskog.se\/fi\/wp-json\/wp\/v2\/product"}],"about":[{"href":"https:\/\/www.stalskog.se\/fi\/wp-json\/wp\/v2\/types\/product"}],"replies":[{"embeddable":true,"href":"https:\/\/www.stalskog.se\/fi\/wp-json\/wp\/v2\/comments?post=4462"}],"wp:featuredmedia":[{"embeddable":true,"href":"https:\/\/www.stalskog.se\/fi\/wp-json\/wp\/v2\/media\/4445"}],"wp:attachment":[{"href":"https:\/\/www.stalskog.se\/fi\/wp-json\/wp\/v2\/media?parent=4462"}],"wp:term":[{"taxonomy":"product_brand","embeddable":true,"href":"https:\/\/www.stalskog.se\/fi\/wp-json\/wp\/v2\/product_brand?post=4462"},{"taxonomy":"product_cat","embeddable":true,"href":"https:\/\/www.stalskog.se\/fi\/wp-json\/wp\/v2\/product_cat?post=4462"},{"taxonomy":"product_tag","embeddable":true,"href":"https:\/\/www.stalskog.se\/fi\/wp-json\/wp\/v2\/product_tag?post=4462"}],"curies":[{"name":"wp","href":"https:\/\/api.w.org\/{rel}","templated":true}]}}