{"id":4474,"date":"2022-04-28T11:19:18","date_gmt":"2022-04-28T11:19:18","guid":{"rendered":"https:\/\/www.stalskog.se\/produkt\/support-device-msg116\/"},"modified":"2025-08-25T14:24:24","modified_gmt":"2025-08-25T14:24:24","slug":"support-device-msg116","status":"publish","type":"product","link":"https:\/\/www.stalskog.se\/fi\/tuote\/support-device-msg116\/","title":{"rendered":"Tukirulla MSG116"},"content":{"rendered":"<p>Tukirulla MSG 116 on tarkoitettu asennettavaksi laitetelineisiin tai vastaaviin painavien maadoituslaitteiden nostamisen helpottamiseksi. Rullan avulla on helppo ty\u00f6nt\u00e4\u00e4 eristystanko maadoituslaitteineen johtimessa olevaan liittimeen. Rulla voidaan asentaa ter\u00e4srakenteisiin, joiden enimm\u00e4ispaksuus on 1,5 mm. 20 mm. Tukirullan kiinnitt\u00e4miseen tarvitaan M 16 -kokoisia vapaareiki\u00e4.<br \/>\nSijoittamalla maadoitustanko mahdollisimman korkealle laitetelineeseen voidaan maadoitusjohtimen pituutta rajoittaa. Pituus on hieman pidempi kuin eriste kunkin j\u00e4nnitteen osalta.<br \/>\nT\u00e4m\u00e4n periaatteen ansiosta maadoituslaitetta on helpompi nostaa, eik\u00e4 maadoituksen suorittava henkil\u00f6 kosketa maadoitusjohtoa, mik\u00e4 lis\u00e4\u00e4 henkil\u00f6turvallisuutta.<br \/>\nKuvassa on esitetty maadoitusrakenteen periaate. Maadoituslaite on JBAS 200 -liitin, joka on kiinnikkeen muodossa ja joka asetetaan korkealle laitetelineeseen ruuviliitoksella. Liittimen korkeudelle sijoitetaan tukirulla, MSG 116, helpottamaan liittimen nostamista.<br \/>\nMaadoitusliitin on JK42-JK42 tai JK47-JK47.       <\/p>\n","protected":false},"excerpt":{"rendered":"<p>Tukirulla MSG 116 on tarkoitettu asennettavaksi laitetelineisiin tai vastaaviin painavien maadoituslaitteiden nostamisen helpottamiseksi. Rullan avulla on helppo ty\u00f6nt\u00e4\u00e4 eristystanko maadoituslaitteineen johtimessa olevaan liittimeen. Rulla voidaan asentaa ter\u00e4srakenteisiin, joiden enimm\u00e4ispaksuus on 1,5 mm. 20 mm. Tukirullan kiinnitt\u00e4miseen tarvitaan M 16 -kokoisia vapaareiki\u00e4. Sijoittamalla maadoitustanko mahdollisimman korkealle laitetelineeseen voidaan maadoitusjohtimen pituutta rajoittaa. Pituus on hieman pidempi kuin [&hellip;]<\/p>\n","protected":false},"featured_media":4467,"comment_status":"closed","ping_status":"closed","template":"","meta":{"_acf_changed":false},"product_brand":[],"product_cat":[76,106,150],"product_tag":[],"class_list":{"0":"post-4474","1":"product","2":"type-product","3":"status-publish","4":"has-post-thumbnail","6":"product_cat-switchgear-fi","7":"product_cat-other-products-fi","8":"product_cat-misc-fi","10":"first","11":"instock","12":"shipping-taxable","13":"product-type-simple"},"acf":[],"yoast_head":"<!-- This site is optimized with the Yoast SEO plugin v27.5 - https:\/\/yoast.com\/product\/yoast-seo-wordpress\/ -->\n<title>Tukirulla MSG116 &#8211; Ragnar St\u00e5lskog<\/title>\n<meta name=\"description\" content=\"Tukirulla MSG 116 on tarkoitettu asennettavaksi laitetelineisiin tai vastaaviin painavien maadoituslaitteiden nostamisen helpottamiseksi. Rullan avulla on\" \/>\n<meta name=\"robots\" content=\"index, follow, max-snippet:-1, max-image-preview:large, max-video-preview:-1\" \/>\n<link rel=\"canonical\" href=\"https:\/\/www.stalskog.se\/fi\/tuote\/support-device-msg116\/\" \/>\n<meta property=\"og:locale\" content=\"fi_FI\" \/>\n<meta property=\"og:type\" content=\"article\" \/>\n<meta property=\"og:title\" content=\"Tukirulla MSG116 &#8211; Ragnar St\u00e5lskog\" \/>\n<meta property=\"og:description\" content=\"Tukirulla MSG 116 on tarkoitettu asennettavaksi laitetelineisiin tai vastaaviin painavien maadoituslaitteiden nostamisen helpottamiseksi. Rullan avulla on\" \/>\n<meta property=\"og:url\" content=\"https:\/\/www.stalskog.se\/fi\/tuote\/support-device-msg116\/\" \/>\n<meta property=\"og:site_name\" content=\"Ragnar St\u00e5lskog\" \/>\n<meta property=\"article:modified_time\" content=\"2025-08-25T14:24:24+00:00\" \/>\n<meta property=\"og:image\" content=\"https:\/\/www.stalskog.se\/wp-content\/uploads\/2022\/04\/msg_116.jpg\" \/>\n\t<meta property=\"og:image:width\" content=\"451\" \/>\n\t<meta property=\"og:image:height\" content=\"214\" \/>\n\t<meta property=\"og:image:type\" content=\"image\/jpeg\" \/>\n<meta name=\"twitter:card\" content=\"summary_large_image\" \/>\n<meta name=\"twitter:label1\" content=\"Arvioitu lukuaika\" \/>\n\t<meta name=\"twitter:data1\" content=\"1 minuutti\" \/>\n<script type=\"application\/ld+json\" class=\"yoast-schema-graph\">{\"@context\":\"https:\\\/\\\/schema.org\",\"@graph\":[{\"@type\":\"WebPage\",\"@id\":\"https:\\\/\\\/www.stalskog.se\\\/fi\\\/tuote\\\/support-device-msg116\\\/\",\"url\":\"https:\\\/\\\/www.stalskog.se\\\/fi\\\/tuote\\\/support-device-msg116\\\/\",\"name\":\"Tukirulla MSG116 &#8211; Ragnar St\u00e5lskog\",\"isPartOf\":{\"@id\":\"https:\\\/\\\/www.stalskog.se\\\/fi\\\/#website\"},\"primaryImageOfPage\":{\"@id\":\"https:\\\/\\\/www.stalskog.se\\\/fi\\\/tuote\\\/support-device-msg116\\\/#primaryimage\"},\"image\":{\"@id\":\"https:\\\/\\\/www.stalskog.se\\\/fi\\\/tuote\\\/support-device-msg116\\\/#primaryimage\"},\"thumbnailUrl\":\"https:\\\/\\\/www.stalskog.se\\\/wp-content\\\/uploads\\\/2022\\\/04\\\/msg_116.jpg\",\"datePublished\":\"2022-04-28T11:19:18+00:00\",\"dateModified\":\"2025-08-25T14:24:24+00:00\",\"description\":\"Tukirulla MSG 116 on tarkoitettu asennettavaksi laitetelineisiin tai vastaaviin painavien maadoituslaitteiden nostamisen helpottamiseksi. Rullan avulla on\",\"breadcrumb\":{\"@id\":\"https:\\\/\\\/www.stalskog.se\\\/fi\\\/tuote\\\/support-device-msg116\\\/#breadcrumb\"},\"inLanguage\":\"fi\",\"potentialAction\":[{\"@type\":\"ReadAction\",\"target\":[\"https:\\\/\\\/www.stalskog.se\\\/fi\\\/tuote\\\/support-device-msg116\\\/\"]}]},{\"@type\":\"ImageObject\",\"inLanguage\":\"fi\",\"@id\":\"https:\\\/\\\/www.stalskog.se\\\/fi\\\/tuote\\\/support-device-msg116\\\/#primaryimage\",\"url\":\"https:\\\/\\\/www.stalskog.se\\\/wp-content\\\/uploads\\\/2022\\\/04\\\/msg_116.jpg\",\"contentUrl\":\"https:\\\/\\\/www.stalskog.se\\\/wp-content\\\/uploads\\\/2022\\\/04\\\/msg_116.jpg\",\"width\":451,\"height\":214},{\"@type\":\"BreadcrumbList\",\"@id\":\"https:\\\/\\\/www.stalskog.se\\\/fi\\\/tuote\\\/support-device-msg116\\\/#breadcrumb\",\"itemListElement\":[{\"@type\":\"ListItem\",\"position\":1,\"name\":\"Hem\",\"item\":\"https:\\\/\\\/www.stalskog.se\\\/fi\\\/\"},{\"@type\":\"ListItem\",\"position\":2,\"name\":\"Produkter\",\"item\":\"https:\\\/\\\/www.stalskog.se\\\/?page_id=3235\"},{\"@type\":\"ListItem\",\"position\":3,\"name\":\"1. Switchgear\",\"item\":\"https:\\\/\\\/www.stalskog.se\\\/fi\\\/kategoria\\\/switchgear-fi\\\/\"},{\"@type\":\"ListItem\",\"position\":4,\"name\":\"Tukirulla MSG116\"}]},{\"@type\":\"WebSite\",\"@id\":\"https:\\\/\\\/www.stalskog.se\\\/fi\\\/#website\",\"url\":\"https:\\\/\\\/www.stalskog.se\\\/fi\\\/\",\"name\":\"Ragnar St\u00e5lskog\",\"description\":\"\",\"publisher\":{\"@id\":\"https:\\\/\\\/www.stalskog.se\\\/fi\\\/#organization\"},\"potentialAction\":[{\"@type\":\"SearchAction\",\"target\":{\"@type\":\"EntryPoint\",\"urlTemplate\":\"https:\\\/\\\/www.stalskog.se\\\/fi\\\/?s={search_term_string}\"},\"query-input\":{\"@type\":\"PropertyValueSpecification\",\"valueRequired\":true,\"valueName\":\"search_term_string\"}}],\"inLanguage\":\"fi\"},{\"@type\":\"Organization\",\"@id\":\"https:\\\/\\\/www.stalskog.se\\\/fi\\\/#organization\",\"name\":\"Ragnar St\u00e5lskog\",\"url\":\"https:\\\/\\\/www.stalskog.se\\\/fi\\\/\",\"logo\":{\"@type\":\"ImageObject\",\"inLanguage\":\"fi\",\"@id\":\"https:\\\/\\\/www.stalskog.se\\\/fi\\\/#\\\/schema\\\/logo\\\/image\\\/\",\"url\":\"https:\\\/\\\/www.stalskog.se\\\/wp-content\\\/uploads\\\/2022\\\/03\\\/logo_o.png\",\"contentUrl\":\"https:\\\/\\\/www.stalskog.se\\\/wp-content\\\/uploads\\\/2022\\\/03\\\/logo_o.png\",\"width\":410,\"height\":99,\"caption\":\"Ragnar St\u00e5lskog\"},\"image\":{\"@id\":\"https:\\\/\\\/www.stalskog.se\\\/fi\\\/#\\\/schema\\\/logo\\\/image\\\/\"}}]}<\/script>\n<!-- \/ Yoast SEO plugin. -->","yoast_head_json":{"title":"Tukirulla MSG116 &#8211; Ragnar St\u00e5lskog","description":"Tukirulla MSG 116 on tarkoitettu asennettavaksi laitetelineisiin tai vastaaviin painavien maadoituslaitteiden nostamisen helpottamiseksi. Rullan avulla on","robots":{"index":"index","follow":"follow","max-snippet":"max-snippet:-1","max-image-preview":"max-image-preview:large","max-video-preview":"max-video-preview:-1"},"canonical":"https:\/\/www.stalskog.se\/fi\/tuote\/support-device-msg116\/","og_locale":"fi_FI","og_type":"article","og_title":"Tukirulla MSG116 &#8211; Ragnar St\u00e5lskog","og_description":"Tukirulla MSG 116 on tarkoitettu asennettavaksi laitetelineisiin tai vastaaviin painavien maadoituslaitteiden nostamisen helpottamiseksi. Rullan avulla on","og_url":"https:\/\/www.stalskog.se\/fi\/tuote\/support-device-msg116\/","og_site_name":"Ragnar St\u00e5lskog","article_modified_time":"2025-08-25T14:24:24+00:00","og_image":[{"width":451,"height":214,"url":"https:\/\/www.stalskog.se\/wp-content\/uploads\/2022\/04\/msg_116.jpg","type":"image\/jpeg"}],"twitter_card":"summary_large_image","twitter_misc":{"Arvioitu lukuaika":"1 minuutti"},"schema":{"@context":"https:\/\/schema.org","@graph":[{"@type":"WebPage","@id":"https:\/\/www.stalskog.se\/fi\/tuote\/support-device-msg116\/","url":"https:\/\/www.stalskog.se\/fi\/tuote\/support-device-msg116\/","name":"Tukirulla MSG116 &#8211; Ragnar St\u00e5lskog","isPartOf":{"@id":"https:\/\/www.stalskog.se\/fi\/#website"},"primaryImageOfPage":{"@id":"https:\/\/www.stalskog.se\/fi\/tuote\/support-device-msg116\/#primaryimage"},"image":{"@id":"https:\/\/www.stalskog.se\/fi\/tuote\/support-device-msg116\/#primaryimage"},"thumbnailUrl":"https:\/\/www.stalskog.se\/wp-content\/uploads\/2022\/04\/msg_116.jpg","datePublished":"2022-04-28T11:19:18+00:00","dateModified":"2025-08-25T14:24:24+00:00","description":"Tukirulla MSG 116 on tarkoitettu asennettavaksi laitetelineisiin tai vastaaviin painavien maadoituslaitteiden nostamisen helpottamiseksi. Rullan avulla on","breadcrumb":{"@id":"https:\/\/www.stalskog.se\/fi\/tuote\/support-device-msg116\/#breadcrumb"},"inLanguage":"fi","potentialAction":[{"@type":"ReadAction","target":["https:\/\/www.stalskog.se\/fi\/tuote\/support-device-msg116\/"]}]},{"@type":"ImageObject","inLanguage":"fi","@id":"https:\/\/www.stalskog.se\/fi\/tuote\/support-device-msg116\/#primaryimage","url":"https:\/\/www.stalskog.se\/wp-content\/uploads\/2022\/04\/msg_116.jpg","contentUrl":"https:\/\/www.stalskog.se\/wp-content\/uploads\/2022\/04\/msg_116.jpg","width":451,"height":214},{"@type":"BreadcrumbList","@id":"https:\/\/www.stalskog.se\/fi\/tuote\/support-device-msg116\/#breadcrumb","itemListElement":[{"@type":"ListItem","position":1,"name":"Hem","item":"https:\/\/www.stalskog.se\/fi\/"},{"@type":"ListItem","position":2,"name":"Produkter","item":"https:\/\/www.stalskog.se\/?page_id=3235"},{"@type":"ListItem","position":3,"name":"1. Switchgear","item":"https:\/\/www.stalskog.se\/fi\/kategoria\/switchgear-fi\/"},{"@type":"ListItem","position":4,"name":"Tukirulla MSG116"}]},{"@type":"WebSite","@id":"https:\/\/www.stalskog.se\/fi\/#website","url":"https:\/\/www.stalskog.se\/fi\/","name":"Ragnar St\u00e5lskog","description":"","publisher":{"@id":"https:\/\/www.stalskog.se\/fi\/#organization"},"potentialAction":[{"@type":"SearchAction","target":{"@type":"EntryPoint","urlTemplate":"https:\/\/www.stalskog.se\/fi\/?s={search_term_string}"},"query-input":{"@type":"PropertyValueSpecification","valueRequired":true,"valueName":"search_term_string"}}],"inLanguage":"fi"},{"@type":"Organization","@id":"https:\/\/www.stalskog.se\/fi\/#organization","name":"Ragnar St\u00e5lskog","url":"https:\/\/www.stalskog.se\/fi\/","logo":{"@type":"ImageObject","inLanguage":"fi","@id":"https:\/\/www.stalskog.se\/fi\/#\/schema\/logo\/image\/","url":"https:\/\/www.stalskog.se\/wp-content\/uploads\/2022\/03\/logo_o.png","contentUrl":"https:\/\/www.stalskog.se\/wp-content\/uploads\/2022\/03\/logo_o.png","width":410,"height":99,"caption":"Ragnar St\u00e5lskog"},"image":{"@id":"https:\/\/www.stalskog.se\/fi\/#\/schema\/logo\/image\/"}}]}},"_links":{"self":[{"href":"https:\/\/www.stalskog.se\/fi\/wp-json\/wp\/v2\/product\/4474","targetHints":{"allow":["GET"]}}],"collection":[{"href":"https:\/\/www.stalskog.se\/fi\/wp-json\/wp\/v2\/product"}],"about":[{"href":"https:\/\/www.stalskog.se\/fi\/wp-json\/wp\/v2\/types\/product"}],"replies":[{"embeddable":true,"href":"https:\/\/www.stalskog.se\/fi\/wp-json\/wp\/v2\/comments?post=4474"}],"wp:featuredmedia":[{"embeddable":true,"href":"https:\/\/www.stalskog.se\/fi\/wp-json\/wp\/v2\/media\/4467"}],"wp:attachment":[{"href":"https:\/\/www.stalskog.se\/fi\/wp-json\/wp\/v2\/media?parent=4474"}],"wp:term":[{"taxonomy":"product_brand","embeddable":true,"href":"https:\/\/www.stalskog.se\/fi\/wp-json\/wp\/v2\/product_brand?post=4474"},{"taxonomy":"product_cat","embeddable":true,"href":"https:\/\/www.stalskog.se\/fi\/wp-json\/wp\/v2\/product_cat?post=4474"},{"taxonomy":"product_tag","embeddable":true,"href":"https:\/\/www.stalskog.se\/fi\/wp-json\/wp\/v2\/product_tag?post=4474"}],"curies":[{"name":"wp","href":"https:\/\/api.w.org\/{rel}","templated":true}]}}