{"id":4517,"date":"2022-04-29T08:29:15","date_gmt":"2022-04-29T08:29:15","guid":{"rendered":"https:\/\/www.stalskog.se\/produkt\/jfs21-x-jla33\/"},"modified":"2025-08-25T14:24:18","modified_gmt":"2025-08-25T14:24:18","slug":"jfs21-x-jla33","status":"publish","type":"product","link":"https:\/\/www.stalskog.se\/fi\/tuote\/jfs21-x-jla33\/","title":{"rendered":"JFS21-X-JLA33"},"content":{"rendered":"<p>JFS21-X-JLA33 (JSE-KV)<\/p>\n<p>3-vaiheinen maadoituslaite<\/p>\n<p>Mukaan. SS 428 91 01, SS-EN 61230<br \/>\nJohtopuristin JFS 21 liitet\u00e4\u00e4n koukkuihin JKS ja JKR. Puristimen liikuttamiseen k\u00e4ytet\u00e4\u00e4n eristystankoja MGV, MDV\/MSV ja tarttujaa JGS.<br \/>\nPuristimen johtavat osat on valmistettu kuumapuristetusta elektrolyyttisest\u00e4 kuparista. Ter\u00e4sosat on valmistettu ruostumattomasta ter\u00e4ksest\u00e4. Johtopuristin on varustettu ruostumattomasta ter\u00e4ksest\u00e4 valmistetuilla kiekkopesill\u00e4, jotka takaavat tasaisen kosketuspainon. ESTPR-eristetty kuparijohdin on varustettu tiiviill\u00e4 kaapeliliitoksilla, jotka est\u00e4v\u00e4t kosteuden p\u00e4\u00e4syn kaapeliin. Kaapeli puristetaan maadoituslaitteeseen. Kaapelikorvakkeet JLA 33 ja haaroituskappale JFG 4 (kumitettu) on valmistettu kuumapuristetusta elektrolyyttisest\u00e4 kuparista enint\u00e4\u00e4n 95 mm\u00b2:n kaapelille. JLA liitet\u00e4\u00e4n kiinteisiin maadoitusliittimiin JVF ja JBF.        <\/p>\n","protected":false},"excerpt":{"rendered":"<p>JFS21-X-JLA33 (JSE-KV) 3-vaiheinen maadoituslaite Mukaan. SS 428 91 01, SS-EN 61230 Johtopuristin JFS 21 liitet\u00e4\u00e4n koukkuihin JKS ja JKR. Puristimen liikuttamiseen k\u00e4ytet\u00e4\u00e4n eristystankoja MGV, MDV\/MSV ja tarttujaa JGS. Puristimen johtavat osat on valmistettu kuumapuristetusta elektrolyyttisest\u00e4 kuparista. Ter\u00e4sosat on valmistettu ruostumattomasta ter\u00e4ksest\u00e4. Johtopuristin on varustettu ruostumattomasta ter\u00e4ksest\u00e4 valmistetuilla kiekkopesill\u00e4, jotka takaavat tasaisen kosketuspainon. ESTPR-eristetty kuparijohdin on [&hellip;]<\/p>\n","protected":false},"featured_media":4514,"comment_status":"closed","ping_status":"closed","template":"","meta":{"_acf_changed":false},"product_brand":[],"product_cat":[76,142],"product_tag":[],"class_list":{"0":"post-4517","1":"product","2":"type-product","3":"status-publish","4":"has-post-thumbnail","6":"product_cat-switchgear-fi","7":"product_cat-3-phase-fi","9":"first","10":"instock","11":"shipping-taxable","12":"product-type-simple"},"acf":[],"yoast_head":"<!-- This site is optimized with the Yoast SEO plugin v27.5 - https:\/\/yoast.com\/product\/yoast-seo-wordpress\/ -->\n<title>JFS21-X-JLA33 &#8211; Ragnar St\u00e5lskog<\/title>\n<meta name=\"description\" content=\"JFS21-X-JLA33 (JSE-KV) 3-vaiheinen maadoituslaite Mukaan. SS 428 91 01, SS-EN 61230 Johtopuristin JFS 21 liitet\u00e4\u00e4n koukkuihin JKS ja JKR. Puristimen\" \/>\n<meta name=\"robots\" content=\"index, follow, max-snippet:-1, max-image-preview:large, max-video-preview:-1\" \/>\n<link rel=\"canonical\" href=\"https:\/\/www.stalskog.se\/fi\/tuote\/jfs21-x-jla33\/\" \/>\n<meta property=\"og:locale\" content=\"fi_FI\" \/>\n<meta property=\"og:type\" content=\"article\" \/>\n<meta property=\"og:title\" content=\"JFS21-X-JLA33 &#8211; Ragnar St\u00e5lskog\" \/>\n<meta property=\"og:description\" content=\"JFS21-X-JLA33 (JSE-KV) 3-vaiheinen maadoituslaite Mukaan. SS 428 91 01, SS-EN 61230 Johtopuristin JFS 21 liitet\u00e4\u00e4n koukkuihin JKS ja JKR. Puristimen\" \/>\n<meta property=\"og:url\" content=\"https:\/\/www.stalskog.se\/fi\/tuote\/jfs21-x-jla33\/\" \/>\n<meta property=\"og:site_name\" content=\"Ragnar St\u00e5lskog\" \/>\n<meta property=\"article:modified_time\" content=\"2025-08-25T14:24:18+00:00\" \/>\n<meta property=\"og:image\" content=\"https:\/\/www.stalskog.se\/wp-content\/uploads\/2022\/04\/jfs21-x-jla33_norm.png\" \/>\n\t<meta property=\"og:image:width\" content=\"113\" \/>\n\t<meta property=\"og:image:height\" content=\"300\" \/>\n\t<meta property=\"og:image:type\" content=\"image\/png\" \/>\n<meta name=\"twitter:card\" content=\"summary_large_image\" \/>\n<script type=\"application\/ld+json\" class=\"yoast-schema-graph\">{\"@context\":\"https:\\\/\\\/schema.org\",\"@graph\":[{\"@type\":\"WebPage\",\"@id\":\"https:\\\/\\\/www.stalskog.se\\\/fi\\\/tuote\\\/jfs21-x-jla33\\\/\",\"url\":\"https:\\\/\\\/www.stalskog.se\\\/fi\\\/tuote\\\/jfs21-x-jla33\\\/\",\"name\":\"JFS21-X-JLA33 &#8211; Ragnar St\u00e5lskog\",\"isPartOf\":{\"@id\":\"https:\\\/\\\/www.stalskog.se\\\/fi\\\/#website\"},\"primaryImageOfPage\":{\"@id\":\"https:\\\/\\\/www.stalskog.se\\\/fi\\\/tuote\\\/jfs21-x-jla33\\\/#primaryimage\"},\"image\":{\"@id\":\"https:\\\/\\\/www.stalskog.se\\\/fi\\\/tuote\\\/jfs21-x-jla33\\\/#primaryimage\"},\"thumbnailUrl\":\"https:\\\/\\\/www.stalskog.se\\\/wp-content\\\/uploads\\\/2022\\\/04\\\/jfs21-x-jla33_norm.png\",\"datePublished\":\"2022-04-29T08:29:15+00:00\",\"dateModified\":\"2025-08-25T14:24:18+00:00\",\"description\":\"JFS21-X-JLA33 (JSE-KV) 3-vaiheinen maadoituslaite Mukaan. SS 428 91 01, SS-EN 61230 Johtopuristin JFS 21 liitet\u00e4\u00e4n koukkuihin JKS ja JKR. Puristimen\",\"breadcrumb\":{\"@id\":\"https:\\\/\\\/www.stalskog.se\\\/fi\\\/tuote\\\/jfs21-x-jla33\\\/#breadcrumb\"},\"inLanguage\":\"fi\",\"potentialAction\":[{\"@type\":\"ReadAction\",\"target\":[\"https:\\\/\\\/www.stalskog.se\\\/fi\\\/tuote\\\/jfs21-x-jla33\\\/\"]}]},{\"@type\":\"ImageObject\",\"inLanguage\":\"fi\",\"@id\":\"https:\\\/\\\/www.stalskog.se\\\/fi\\\/tuote\\\/jfs21-x-jla33\\\/#primaryimage\",\"url\":\"https:\\\/\\\/www.stalskog.se\\\/wp-content\\\/uploads\\\/2022\\\/04\\\/jfs21-x-jla33_norm.png\",\"contentUrl\":\"https:\\\/\\\/www.stalskog.se\\\/wp-content\\\/uploads\\\/2022\\\/04\\\/jfs21-x-jla33_norm.png\",\"width\":113,\"height\":300},{\"@type\":\"BreadcrumbList\",\"@id\":\"https:\\\/\\\/www.stalskog.se\\\/fi\\\/tuote\\\/jfs21-x-jla33\\\/#breadcrumb\",\"itemListElement\":[{\"@type\":\"ListItem\",\"position\":1,\"name\":\"Hem\",\"item\":\"https:\\\/\\\/www.stalskog.se\\\/fi\\\/\"},{\"@type\":\"ListItem\",\"position\":2,\"name\":\"Produkter\",\"item\":\"https:\\\/\\\/www.stalskog.se\\\/?page_id=3235\"},{\"@type\":\"ListItem\",\"position\":3,\"name\":\"1. Switchgear\",\"item\":\"https:\\\/\\\/www.stalskog.se\\\/fi\\\/kategoria\\\/switchgear-fi\\\/\"},{\"@type\":\"ListItem\",\"position\":4,\"name\":\"JFS21-X-JLA33\"}]},{\"@type\":\"WebSite\",\"@id\":\"https:\\\/\\\/www.stalskog.se\\\/fi\\\/#website\",\"url\":\"https:\\\/\\\/www.stalskog.se\\\/fi\\\/\",\"name\":\"Ragnar St\u00e5lskog\",\"description\":\"\",\"publisher\":{\"@id\":\"https:\\\/\\\/www.stalskog.se\\\/fi\\\/#organization\"},\"potentialAction\":[{\"@type\":\"SearchAction\",\"target\":{\"@type\":\"EntryPoint\",\"urlTemplate\":\"https:\\\/\\\/www.stalskog.se\\\/fi\\\/?s={search_term_string}\"},\"query-input\":{\"@type\":\"PropertyValueSpecification\",\"valueRequired\":true,\"valueName\":\"search_term_string\"}}],\"inLanguage\":\"fi\"},{\"@type\":\"Organization\",\"@id\":\"https:\\\/\\\/www.stalskog.se\\\/fi\\\/#organization\",\"name\":\"Ragnar St\u00e5lskog\",\"url\":\"https:\\\/\\\/www.stalskog.se\\\/fi\\\/\",\"logo\":{\"@type\":\"ImageObject\",\"inLanguage\":\"fi\",\"@id\":\"https:\\\/\\\/www.stalskog.se\\\/fi\\\/#\\\/schema\\\/logo\\\/image\\\/\",\"url\":\"https:\\\/\\\/www.stalskog.se\\\/wp-content\\\/uploads\\\/2022\\\/03\\\/logo_o.png\",\"contentUrl\":\"https:\\\/\\\/www.stalskog.se\\\/wp-content\\\/uploads\\\/2022\\\/03\\\/logo_o.png\",\"width\":410,\"height\":99,\"caption\":\"Ragnar St\u00e5lskog\"},\"image\":{\"@id\":\"https:\\\/\\\/www.stalskog.se\\\/fi\\\/#\\\/schema\\\/logo\\\/image\\\/\"}}]}<\/script>\n<!-- \/ Yoast SEO plugin. -->","yoast_head_json":{"title":"JFS21-X-JLA33 &#8211; Ragnar St\u00e5lskog","description":"JFS21-X-JLA33 (JSE-KV) 3-vaiheinen maadoituslaite Mukaan. SS 428 91 01, SS-EN 61230 Johtopuristin JFS 21 liitet\u00e4\u00e4n koukkuihin JKS ja JKR. Puristimen","robots":{"index":"index","follow":"follow","max-snippet":"max-snippet:-1","max-image-preview":"max-image-preview:large","max-video-preview":"max-video-preview:-1"},"canonical":"https:\/\/www.stalskog.se\/fi\/tuote\/jfs21-x-jla33\/","og_locale":"fi_FI","og_type":"article","og_title":"JFS21-X-JLA33 &#8211; Ragnar St\u00e5lskog","og_description":"JFS21-X-JLA33 (JSE-KV) 3-vaiheinen maadoituslaite Mukaan. SS 428 91 01, SS-EN 61230 Johtopuristin JFS 21 liitet\u00e4\u00e4n koukkuihin JKS ja JKR. Puristimen","og_url":"https:\/\/www.stalskog.se\/fi\/tuote\/jfs21-x-jla33\/","og_site_name":"Ragnar St\u00e5lskog","article_modified_time":"2025-08-25T14:24:18+00:00","og_image":[{"width":113,"height":300,"url":"https:\/\/www.stalskog.se\/wp-content\/uploads\/2022\/04\/jfs21-x-jla33_norm.png","type":"image\/png"}],"twitter_card":"summary_large_image","schema":{"@context":"https:\/\/schema.org","@graph":[{"@type":"WebPage","@id":"https:\/\/www.stalskog.se\/fi\/tuote\/jfs21-x-jla33\/","url":"https:\/\/www.stalskog.se\/fi\/tuote\/jfs21-x-jla33\/","name":"JFS21-X-JLA33 &#8211; Ragnar St\u00e5lskog","isPartOf":{"@id":"https:\/\/www.stalskog.se\/fi\/#website"},"primaryImageOfPage":{"@id":"https:\/\/www.stalskog.se\/fi\/tuote\/jfs21-x-jla33\/#primaryimage"},"image":{"@id":"https:\/\/www.stalskog.se\/fi\/tuote\/jfs21-x-jla33\/#primaryimage"},"thumbnailUrl":"https:\/\/www.stalskog.se\/wp-content\/uploads\/2022\/04\/jfs21-x-jla33_norm.png","datePublished":"2022-04-29T08:29:15+00:00","dateModified":"2025-08-25T14:24:18+00:00","description":"JFS21-X-JLA33 (JSE-KV) 3-vaiheinen maadoituslaite Mukaan. SS 428 91 01, SS-EN 61230 Johtopuristin JFS 21 liitet\u00e4\u00e4n koukkuihin JKS ja JKR. Puristimen","breadcrumb":{"@id":"https:\/\/www.stalskog.se\/fi\/tuote\/jfs21-x-jla33\/#breadcrumb"},"inLanguage":"fi","potentialAction":[{"@type":"ReadAction","target":["https:\/\/www.stalskog.se\/fi\/tuote\/jfs21-x-jla33\/"]}]},{"@type":"ImageObject","inLanguage":"fi","@id":"https:\/\/www.stalskog.se\/fi\/tuote\/jfs21-x-jla33\/#primaryimage","url":"https:\/\/www.stalskog.se\/wp-content\/uploads\/2022\/04\/jfs21-x-jla33_norm.png","contentUrl":"https:\/\/www.stalskog.se\/wp-content\/uploads\/2022\/04\/jfs21-x-jla33_norm.png","width":113,"height":300},{"@type":"BreadcrumbList","@id":"https:\/\/www.stalskog.se\/fi\/tuote\/jfs21-x-jla33\/#breadcrumb","itemListElement":[{"@type":"ListItem","position":1,"name":"Hem","item":"https:\/\/www.stalskog.se\/fi\/"},{"@type":"ListItem","position":2,"name":"Produkter","item":"https:\/\/www.stalskog.se\/?page_id=3235"},{"@type":"ListItem","position":3,"name":"1. Switchgear","item":"https:\/\/www.stalskog.se\/fi\/kategoria\/switchgear-fi\/"},{"@type":"ListItem","position":4,"name":"JFS21-X-JLA33"}]},{"@type":"WebSite","@id":"https:\/\/www.stalskog.se\/fi\/#website","url":"https:\/\/www.stalskog.se\/fi\/","name":"Ragnar St\u00e5lskog","description":"","publisher":{"@id":"https:\/\/www.stalskog.se\/fi\/#organization"},"potentialAction":[{"@type":"SearchAction","target":{"@type":"EntryPoint","urlTemplate":"https:\/\/www.stalskog.se\/fi\/?s={search_term_string}"},"query-input":{"@type":"PropertyValueSpecification","valueRequired":true,"valueName":"search_term_string"}}],"inLanguage":"fi"},{"@type":"Organization","@id":"https:\/\/www.stalskog.se\/fi\/#organization","name":"Ragnar St\u00e5lskog","url":"https:\/\/www.stalskog.se\/fi\/","logo":{"@type":"ImageObject","inLanguage":"fi","@id":"https:\/\/www.stalskog.se\/fi\/#\/schema\/logo\/image\/","url":"https:\/\/www.stalskog.se\/wp-content\/uploads\/2022\/03\/logo_o.png","contentUrl":"https:\/\/www.stalskog.se\/wp-content\/uploads\/2022\/03\/logo_o.png","width":410,"height":99,"caption":"Ragnar St\u00e5lskog"},"image":{"@id":"https:\/\/www.stalskog.se\/fi\/#\/schema\/logo\/image\/"}}]}},"_links":{"self":[{"href":"https:\/\/www.stalskog.se\/fi\/wp-json\/wp\/v2\/product\/4517","targetHints":{"allow":["GET"]}}],"collection":[{"href":"https:\/\/www.stalskog.se\/fi\/wp-json\/wp\/v2\/product"}],"about":[{"href":"https:\/\/www.stalskog.se\/fi\/wp-json\/wp\/v2\/types\/product"}],"replies":[{"embeddable":true,"href":"https:\/\/www.stalskog.se\/fi\/wp-json\/wp\/v2\/comments?post=4517"}],"wp:featuredmedia":[{"embeddable":true,"href":"https:\/\/www.stalskog.se\/fi\/wp-json\/wp\/v2\/media\/4514"}],"wp:attachment":[{"href":"https:\/\/www.stalskog.se\/fi\/wp-json\/wp\/v2\/media?parent=4517"}],"wp:term":[{"taxonomy":"product_brand","embeddable":true,"href":"https:\/\/www.stalskog.se\/fi\/wp-json\/wp\/v2\/product_brand?post=4517"},{"taxonomy":"product_cat","embeddable":true,"href":"https:\/\/www.stalskog.se\/fi\/wp-json\/wp\/v2\/product_cat?post=4517"},{"taxonomy":"product_tag","embeddable":true,"href":"https:\/\/www.stalskog.se\/fi\/wp-json\/wp\/v2\/product_tag?post=4517"}],"curies":[{"name":"wp","href":"https:\/\/api.w.org\/{rel}","templated":true}]}}