{"id":4550,"date":"2022-04-29T09:37:51","date_gmt":"2022-04-29T09:37:51","guid":{"rendered":"https:\/\/www.stalskog.se\/produkt\/3-phase-jsk-jk153\/"},"modified":"2025-08-25T14:24:06","modified_gmt":"2025-08-25T14:24:06","slug":"3-phase-jsk-jk153","status":"publish","type":"product","link":"https:\/\/www.stalskog.se\/fi\/tuote\/3-phase-jsk-jk153\/","title":{"rendered":"3-vaiheinen JSK-JK153"},"content":{"rendered":"<p>JSK-JK153 (JSET)<\/p>\n<p>3-vaiheinen maadoituslaite<\/p>\n<p>Mukaan. SS 428 91 01, SS-EN 61230<br \/>\nJohtopidike JSK kytket\u00e4\u00e4n suoraan vaihekiskoon, kun liitint\u00e4 ei ole. Puristimen k\u00e4ytt\u00e4miseen k\u00e4ytet\u00e4\u00e4n eristystankoja MGV, MDV\/MSV ja tarttujia JGS.<br \/>\nPuristimen johtavat osat on valmistettu kuumapuristetusta elektrolyyttisest\u00e4 kuparista. Kahva on valmistettu karkaistusta AlSi-seoksesta ja varustettu karkaistusta pintak\u00e4sitellyst\u00e4 ter\u00e4ksest\u00e4 valmistetulla napalevyll\u00e4. Kierre on varustettu ruostumattomasta ter\u00e4ksest\u00e4 valmistetulla Heli-Coil-insertill\u00e4, muut ter\u00e4sosat ovat ruostumatonta ter\u00e4st\u00e4. Johtimen kiinnittimess\u00e4 on ruostumattomasta ter\u00e4ksest\u00e4 valmistetut kiekkopes\u00e4levyt, jotka takaavat tasaisen kosketuspainon.      Kaapeli on valmistettu eritt\u00e4in joustavasta ESTPR-eristetyst\u00e4 kuparijohtimesta, ja siin\u00e4 on tiiviit<br \/>\nkaapeliliit\u00e4nn\u00e4t, jotka est\u00e4v\u00e4t kosteuden tunkeutumisen kaapeliin. Maadoituskaapeli puristetaan maadoituslaitteeseen. Maadoituspuristinta JK 153 k\u00e4ytet\u00e4\u00e4n ter\u00e4srakenteissa, joiden materiaalipaksuus on max. 20 mm, ja se on hyv\u00e4ksytty k\u00e4ytett\u00e4v\u00e4ksi my\u00f6s maalatuilla pinnoilla. T\u00e4m\u00e4n puristimen ruuvi on varustettu eristyksell\u00e4, joka est\u00e4\u00e4 virran kulun.    <\/p>\n","protected":false},"excerpt":{"rendered":"<p>JSK-JK153 (JSET) 3-vaiheinen maadoituslaite Mukaan. SS 428 91 01, SS-EN 61230 Johtopidike JSK kytket\u00e4\u00e4n suoraan vaihekiskoon, kun liitint\u00e4 ei ole. Puristimen k\u00e4ytt\u00e4miseen k\u00e4ytet\u00e4\u00e4n eristystankoja MGV, MDV\/MSV ja tarttujia JGS. Puristimen johtavat osat on valmistettu kuumapuristetusta elektrolyyttisest\u00e4 kuparista. Kahva on valmistettu karkaistusta AlSi-seoksesta ja varustettu karkaistusta pintak\u00e4sitellyst\u00e4 ter\u00e4ksest\u00e4 valmistetulla napalevyll\u00e4. Kierre on varustettu ruostumattomasta ter\u00e4ksest\u00e4 valmistetulla [&hellip;]<\/p>\n","protected":false},"featured_media":4547,"comment_status":"closed","ping_status":"closed","template":"","meta":{"_acf_changed":false},"product_brand":[],"product_cat":[76,142],"product_tag":[],"class_list":{"0":"post-4550","1":"product","2":"type-product","3":"status-publish","4":"has-post-thumbnail","6":"product_cat-switchgear-fi","7":"product_cat-3-phase-fi","9":"first","10":"instock","11":"shipping-taxable","12":"product-type-simple"},"acf":[],"yoast_head":"<!-- This site is optimized with the Yoast SEO plugin v27.5 - https:\/\/yoast.com\/product\/yoast-seo-wordpress\/ -->\n<title>3-vaiheinen JSK-JK153 &#8211; Ragnar St\u00e5lskog<\/title>\n<meta name=\"description\" content=\"JSK-JK153 (JSET) 3-vaiheinen maadoituslaite Mukaan. SS 428 91 01, SS-EN 61230 Johtopidike JSK kytket\u00e4\u00e4n suoraan vaihekiskoon, kun liitint\u00e4 ei ole.\" \/>\n<meta name=\"robots\" content=\"index, follow, max-snippet:-1, max-image-preview:large, max-video-preview:-1\" \/>\n<link rel=\"canonical\" href=\"https:\/\/www.stalskog.se\/fi\/tuote\/3-phase-jsk-jk153\/\" \/>\n<meta property=\"og:locale\" content=\"fi_FI\" \/>\n<meta property=\"og:type\" content=\"article\" \/>\n<meta property=\"og:title\" content=\"3-vaiheinen JSK-JK153 &#8211; Ragnar St\u00e5lskog\" \/>\n<meta property=\"og:description\" content=\"JSK-JK153 (JSET) 3-vaiheinen maadoituslaite Mukaan. SS 428 91 01, SS-EN 61230 Johtopidike JSK kytket\u00e4\u00e4n suoraan vaihekiskoon, kun liitint\u00e4 ei ole.\" \/>\n<meta property=\"og:url\" content=\"https:\/\/www.stalskog.se\/fi\/tuote\/3-phase-jsk-jk153\/\" \/>\n<meta property=\"og:site_name\" content=\"Ragnar St\u00e5lskog\" \/>\n<meta property=\"article:modified_time\" content=\"2025-08-25T14:24:06+00:00\" \/>\n<meta property=\"og:image\" content=\"https:\/\/www.stalskog.se\/wp-content\/uploads\/2022\/04\/jsk-jk1531_norm.png\" \/>\n\t<meta property=\"og:image:width\" content=\"188\" \/>\n\t<meta property=\"og:image:height\" content=\"300\" \/>\n\t<meta property=\"og:image:type\" content=\"image\/png\" \/>\n<meta name=\"twitter:card\" content=\"summary_large_image\" \/>\n<meta name=\"twitter:label1\" content=\"Arvioitu lukuaika\" \/>\n\t<meta name=\"twitter:data1\" content=\"1 minuutti\" \/>\n<script type=\"application\/ld+json\" class=\"yoast-schema-graph\">{\"@context\":\"https:\\\/\\\/schema.org\",\"@graph\":[{\"@type\":\"WebPage\",\"@id\":\"https:\\\/\\\/www.stalskog.se\\\/fi\\\/tuote\\\/3-phase-jsk-jk153\\\/\",\"url\":\"https:\\\/\\\/www.stalskog.se\\\/fi\\\/tuote\\\/3-phase-jsk-jk153\\\/\",\"name\":\"3-vaiheinen JSK-JK153 &#8211; Ragnar St\u00e5lskog\",\"isPartOf\":{\"@id\":\"https:\\\/\\\/www.stalskog.se\\\/fi\\\/#website\"},\"primaryImageOfPage\":{\"@id\":\"https:\\\/\\\/www.stalskog.se\\\/fi\\\/tuote\\\/3-phase-jsk-jk153\\\/#primaryimage\"},\"image\":{\"@id\":\"https:\\\/\\\/www.stalskog.se\\\/fi\\\/tuote\\\/3-phase-jsk-jk153\\\/#primaryimage\"},\"thumbnailUrl\":\"https:\\\/\\\/www.stalskog.se\\\/wp-content\\\/uploads\\\/2022\\\/04\\\/jsk-jk1531_norm.png\",\"datePublished\":\"2022-04-29T09:37:51+00:00\",\"dateModified\":\"2025-08-25T14:24:06+00:00\",\"description\":\"JSK-JK153 (JSET) 3-vaiheinen maadoituslaite Mukaan. SS 428 91 01, SS-EN 61230 Johtopidike JSK kytket\u00e4\u00e4n suoraan vaihekiskoon, kun liitint\u00e4 ei ole.\",\"breadcrumb\":{\"@id\":\"https:\\\/\\\/www.stalskog.se\\\/fi\\\/tuote\\\/3-phase-jsk-jk153\\\/#breadcrumb\"},\"inLanguage\":\"fi\",\"potentialAction\":[{\"@type\":\"ReadAction\",\"target\":[\"https:\\\/\\\/www.stalskog.se\\\/fi\\\/tuote\\\/3-phase-jsk-jk153\\\/\"]}]},{\"@type\":\"ImageObject\",\"inLanguage\":\"fi\",\"@id\":\"https:\\\/\\\/www.stalskog.se\\\/fi\\\/tuote\\\/3-phase-jsk-jk153\\\/#primaryimage\",\"url\":\"https:\\\/\\\/www.stalskog.se\\\/wp-content\\\/uploads\\\/2022\\\/04\\\/jsk-jk1531_norm.png\",\"contentUrl\":\"https:\\\/\\\/www.stalskog.se\\\/wp-content\\\/uploads\\\/2022\\\/04\\\/jsk-jk1531_norm.png\",\"width\":188,\"height\":300},{\"@type\":\"BreadcrumbList\",\"@id\":\"https:\\\/\\\/www.stalskog.se\\\/fi\\\/tuote\\\/3-phase-jsk-jk153\\\/#breadcrumb\",\"itemListElement\":[{\"@type\":\"ListItem\",\"position\":1,\"name\":\"Hem\",\"item\":\"https:\\\/\\\/www.stalskog.se\\\/fi\\\/\"},{\"@type\":\"ListItem\",\"position\":2,\"name\":\"Produkter\",\"item\":\"https:\\\/\\\/www.stalskog.se\\\/?page_id=3235\"},{\"@type\":\"ListItem\",\"position\":3,\"name\":\"1. Switchgear\",\"item\":\"https:\\\/\\\/www.stalskog.se\\\/fi\\\/kategoria\\\/switchgear-fi\\\/\"},{\"@type\":\"ListItem\",\"position\":4,\"name\":\"3-vaiheinen JSK-JK153\"}]},{\"@type\":\"WebSite\",\"@id\":\"https:\\\/\\\/www.stalskog.se\\\/fi\\\/#website\",\"url\":\"https:\\\/\\\/www.stalskog.se\\\/fi\\\/\",\"name\":\"Ragnar St\u00e5lskog\",\"description\":\"\",\"publisher\":{\"@id\":\"https:\\\/\\\/www.stalskog.se\\\/fi\\\/#organization\"},\"potentialAction\":[{\"@type\":\"SearchAction\",\"target\":{\"@type\":\"EntryPoint\",\"urlTemplate\":\"https:\\\/\\\/www.stalskog.se\\\/fi\\\/?s={search_term_string}\"},\"query-input\":{\"@type\":\"PropertyValueSpecification\",\"valueRequired\":true,\"valueName\":\"search_term_string\"}}],\"inLanguage\":\"fi\"},{\"@type\":\"Organization\",\"@id\":\"https:\\\/\\\/www.stalskog.se\\\/fi\\\/#organization\",\"name\":\"Ragnar St\u00e5lskog\",\"url\":\"https:\\\/\\\/www.stalskog.se\\\/fi\\\/\",\"logo\":{\"@type\":\"ImageObject\",\"inLanguage\":\"fi\",\"@id\":\"https:\\\/\\\/www.stalskog.se\\\/fi\\\/#\\\/schema\\\/logo\\\/image\\\/\",\"url\":\"https:\\\/\\\/www.stalskog.se\\\/wp-content\\\/uploads\\\/2022\\\/03\\\/logo_o.png\",\"contentUrl\":\"https:\\\/\\\/www.stalskog.se\\\/wp-content\\\/uploads\\\/2022\\\/03\\\/logo_o.png\",\"width\":410,\"height\":99,\"caption\":\"Ragnar St\u00e5lskog\"},\"image\":{\"@id\":\"https:\\\/\\\/www.stalskog.se\\\/fi\\\/#\\\/schema\\\/logo\\\/image\\\/\"}}]}<\/script>\n<!-- \/ Yoast SEO plugin. -->","yoast_head_json":{"title":"3-vaiheinen JSK-JK153 &#8211; Ragnar St\u00e5lskog","description":"JSK-JK153 (JSET) 3-vaiheinen maadoituslaite Mukaan. SS 428 91 01, SS-EN 61230 Johtopidike JSK kytket\u00e4\u00e4n suoraan vaihekiskoon, kun liitint\u00e4 ei ole.","robots":{"index":"index","follow":"follow","max-snippet":"max-snippet:-1","max-image-preview":"max-image-preview:large","max-video-preview":"max-video-preview:-1"},"canonical":"https:\/\/www.stalskog.se\/fi\/tuote\/3-phase-jsk-jk153\/","og_locale":"fi_FI","og_type":"article","og_title":"3-vaiheinen JSK-JK153 &#8211; Ragnar St\u00e5lskog","og_description":"JSK-JK153 (JSET) 3-vaiheinen maadoituslaite Mukaan. SS 428 91 01, SS-EN 61230 Johtopidike JSK kytket\u00e4\u00e4n suoraan vaihekiskoon, kun liitint\u00e4 ei ole.","og_url":"https:\/\/www.stalskog.se\/fi\/tuote\/3-phase-jsk-jk153\/","og_site_name":"Ragnar St\u00e5lskog","article_modified_time":"2025-08-25T14:24:06+00:00","og_image":[{"width":188,"height":300,"url":"https:\/\/www.stalskog.se\/wp-content\/uploads\/2022\/04\/jsk-jk1531_norm.png","type":"image\/png"}],"twitter_card":"summary_large_image","twitter_misc":{"Arvioitu lukuaika":"1 minuutti"},"schema":{"@context":"https:\/\/schema.org","@graph":[{"@type":"WebPage","@id":"https:\/\/www.stalskog.se\/fi\/tuote\/3-phase-jsk-jk153\/","url":"https:\/\/www.stalskog.se\/fi\/tuote\/3-phase-jsk-jk153\/","name":"3-vaiheinen JSK-JK153 &#8211; Ragnar St\u00e5lskog","isPartOf":{"@id":"https:\/\/www.stalskog.se\/fi\/#website"},"primaryImageOfPage":{"@id":"https:\/\/www.stalskog.se\/fi\/tuote\/3-phase-jsk-jk153\/#primaryimage"},"image":{"@id":"https:\/\/www.stalskog.se\/fi\/tuote\/3-phase-jsk-jk153\/#primaryimage"},"thumbnailUrl":"https:\/\/www.stalskog.se\/wp-content\/uploads\/2022\/04\/jsk-jk1531_norm.png","datePublished":"2022-04-29T09:37:51+00:00","dateModified":"2025-08-25T14:24:06+00:00","description":"JSK-JK153 (JSET) 3-vaiheinen maadoituslaite Mukaan. SS 428 91 01, SS-EN 61230 Johtopidike JSK kytket\u00e4\u00e4n suoraan vaihekiskoon, kun liitint\u00e4 ei ole.","breadcrumb":{"@id":"https:\/\/www.stalskog.se\/fi\/tuote\/3-phase-jsk-jk153\/#breadcrumb"},"inLanguage":"fi","potentialAction":[{"@type":"ReadAction","target":["https:\/\/www.stalskog.se\/fi\/tuote\/3-phase-jsk-jk153\/"]}]},{"@type":"ImageObject","inLanguage":"fi","@id":"https:\/\/www.stalskog.se\/fi\/tuote\/3-phase-jsk-jk153\/#primaryimage","url":"https:\/\/www.stalskog.se\/wp-content\/uploads\/2022\/04\/jsk-jk1531_norm.png","contentUrl":"https:\/\/www.stalskog.se\/wp-content\/uploads\/2022\/04\/jsk-jk1531_norm.png","width":188,"height":300},{"@type":"BreadcrumbList","@id":"https:\/\/www.stalskog.se\/fi\/tuote\/3-phase-jsk-jk153\/#breadcrumb","itemListElement":[{"@type":"ListItem","position":1,"name":"Hem","item":"https:\/\/www.stalskog.se\/fi\/"},{"@type":"ListItem","position":2,"name":"Produkter","item":"https:\/\/www.stalskog.se\/?page_id=3235"},{"@type":"ListItem","position":3,"name":"1. Switchgear","item":"https:\/\/www.stalskog.se\/fi\/kategoria\/switchgear-fi\/"},{"@type":"ListItem","position":4,"name":"3-vaiheinen JSK-JK153"}]},{"@type":"WebSite","@id":"https:\/\/www.stalskog.se\/fi\/#website","url":"https:\/\/www.stalskog.se\/fi\/","name":"Ragnar St\u00e5lskog","description":"","publisher":{"@id":"https:\/\/www.stalskog.se\/fi\/#organization"},"potentialAction":[{"@type":"SearchAction","target":{"@type":"EntryPoint","urlTemplate":"https:\/\/www.stalskog.se\/fi\/?s={search_term_string}"},"query-input":{"@type":"PropertyValueSpecification","valueRequired":true,"valueName":"search_term_string"}}],"inLanguage":"fi"},{"@type":"Organization","@id":"https:\/\/www.stalskog.se\/fi\/#organization","name":"Ragnar St\u00e5lskog","url":"https:\/\/www.stalskog.se\/fi\/","logo":{"@type":"ImageObject","inLanguage":"fi","@id":"https:\/\/www.stalskog.se\/fi\/#\/schema\/logo\/image\/","url":"https:\/\/www.stalskog.se\/wp-content\/uploads\/2022\/03\/logo_o.png","contentUrl":"https:\/\/www.stalskog.se\/wp-content\/uploads\/2022\/03\/logo_o.png","width":410,"height":99,"caption":"Ragnar St\u00e5lskog"},"image":{"@id":"https:\/\/www.stalskog.se\/fi\/#\/schema\/logo\/image\/"}}]}},"_links":{"self":[{"href":"https:\/\/www.stalskog.se\/fi\/wp-json\/wp\/v2\/product\/4550","targetHints":{"allow":["GET"]}}],"collection":[{"href":"https:\/\/www.stalskog.se\/fi\/wp-json\/wp\/v2\/product"}],"about":[{"href":"https:\/\/www.stalskog.se\/fi\/wp-json\/wp\/v2\/types\/product"}],"replies":[{"embeddable":true,"href":"https:\/\/www.stalskog.se\/fi\/wp-json\/wp\/v2\/comments?post=4550"}],"wp:featuredmedia":[{"embeddable":true,"href":"https:\/\/www.stalskog.se\/fi\/wp-json\/wp\/v2\/media\/4547"}],"wp:attachment":[{"href":"https:\/\/www.stalskog.se\/fi\/wp-json\/wp\/v2\/media?parent=4550"}],"wp:term":[{"taxonomy":"product_brand","embeddable":true,"href":"https:\/\/www.stalskog.se\/fi\/wp-json\/wp\/v2\/product_brand?post=4550"},{"taxonomy":"product_cat","embeddable":true,"href":"https:\/\/www.stalskog.se\/fi\/wp-json\/wp\/v2\/product_cat?post=4550"},{"taxonomy":"product_tag","embeddable":true,"href":"https:\/\/www.stalskog.se\/fi\/wp-json\/wp\/v2\/product_tag?post=4550"}],"curies":[{"name":"wp","href":"https:\/\/api.w.org\/{rel}","templated":true}]}}