{"id":4620,"date":"2022-04-29T11:59:54","date_gmt":"2022-04-29T11:59:54","guid":{"rendered":"https:\/\/www.stalskog.se\/produkt\/3-phase-jk80-x-jla34-jk81-x-jla34\/"},"modified":"2025-08-25T14:23:53","modified_gmt":"2025-08-25T14:23:53","slug":"3-phase-jk80-x-jla34-jk81-x-jla34","status":"publish","type":"product","link":"https:\/\/www.stalskog.se\/fi\/tuote\/3-phase-jk80-x-jla34-jk81-x-jla34\/","title":{"rendered":"3-vaiheinen JK80-X-JLA34 \/ JK81-X-JLA34"},"content":{"rendered":"<p>JK80-X-JLA34 (JSEK-FM)<br \/>\nJK81-X-JLA34 (JSEK-CM)<\/p>\n<p>3-vaiheinen maadoituslaite<\/p>\n<p>Mukaan. SS 428 91 01, SS-EN 61230<br \/>\nJohtokiristimet JK 80 ja JK 81 on liitetty kuulak\u00e4rkikappaleeseen. Kiinnittimen k\u00e4ytt\u00e4miseen k\u00e4ytet\u00e4\u00e4n eristystankoja MGV, MDV\/MSV ja tarttujia JGS.<br \/>\nKiinnittimen johtavat osat on valmistettu alumiinipronssista. Ter\u00e4sosat on valmistettu ruostumattomasta ter\u00e4ksest\u00e4. Johtopuristin on varustettu ruostumattomasta ter\u00e4ksest\u00e4 valmistetuilla kiekkopesill\u00e4, jotka takaavat tasaisen kosketuspainon. Kaapeli painetaan kosketukseen maadoituslaitteen kanssa. Kaapeli on valmistettu eritt\u00e4in joustavasta ESTPR-eristetyst\u00e4 kuparijohtimesta ja varustettu tiiviill\u00e4 kaapeliliitoksilla, jotka est\u00e4v\u00e4t kosteuden tunkeutumisen kaapeliin. Kaapelikorvakkeet JLA 34 ja haaroituskappale JFG 4 on valmistettu kuumapuristetusta elektrolyyttisest\u00e4 kuparista, kahvamutteri ruostumattomasta ter\u00e4ksest\u00e4. JLA liitet\u00e4\u00e4n kiinteisiin liittimiin maadoitukseen, JVF ja JBF.        <\/p>\n","protected":false},"excerpt":{"rendered":"<p>JK80-X-JLA34 (JSEK-FM) JK81-X-JLA34 (JSEK-CM) 3-vaiheinen maadoituslaite Mukaan. SS 428 91 01, SS-EN 61230 Johtokiristimet JK 80 ja JK 81 on liitetty kuulak\u00e4rkikappaleeseen. Kiinnittimen k\u00e4ytt\u00e4miseen k\u00e4ytet\u00e4\u00e4n eristystankoja MGV, MDV\/MSV ja tarttujia JGS. Kiinnittimen johtavat osat on valmistettu alumiinipronssista. Ter\u00e4sosat on valmistettu ruostumattomasta ter\u00e4ksest\u00e4. Johtopuristin on varustettu ruostumattomasta ter\u00e4ksest\u00e4 valmistetuilla kiekkopesill\u00e4, jotka takaavat tasaisen kosketuspainon. Kaapeli painetaan [&hellip;]<\/p>\n","protected":false},"featured_media":4612,"comment_status":"closed","ping_status":"closed","template":"","meta":{"_acf_changed":false},"product_brand":[],"product_cat":[76,142],"product_tag":[],"class_list":{"0":"post-4620","1":"product","2":"type-product","3":"status-publish","4":"has-post-thumbnail","6":"product_cat-switchgear-fi","7":"product_cat-3-phase-fi","9":"first","10":"instock","11":"shipping-taxable","12":"product-type-simple"},"acf":[],"yoast_head":"<!-- This site is optimized with the Yoast SEO plugin v27.5 - https:\/\/yoast.com\/product\/yoast-seo-wordpress\/ -->\n<title>3-vaiheinen JK80-X-JLA34 \/ JK81-X-JLA34 &#8211; Ragnar St\u00e5lskog<\/title>\n<meta name=\"description\" content=\"JK80-X-JLA34 (JSEK-FM) JK81-X-JLA34 (JSEK-CM) 3-vaiheinen maadoituslaite Mukaan. SS 428 91 01, SS-EN 61230 Johtokiristimet JK 80 ja JK 81 on liitetty\" \/>\n<meta name=\"robots\" content=\"index, follow, max-snippet:-1, max-image-preview:large, max-video-preview:-1\" \/>\n<link rel=\"canonical\" href=\"https:\/\/www.stalskog.se\/fi\/tuote\/3-phase-jk80-x-jla34-jk81-x-jla34\/\" \/>\n<meta property=\"og:locale\" content=\"fi_FI\" \/>\n<meta property=\"og:type\" content=\"article\" \/>\n<meta property=\"og:title\" content=\"3-vaiheinen JK80-X-JLA34 \/ JK81-X-JLA34 &#8211; Ragnar St\u00e5lskog\" \/>\n<meta property=\"og:description\" content=\"JK80-X-JLA34 (JSEK-FM) JK81-X-JLA34 (JSEK-CM) 3-vaiheinen maadoituslaite Mukaan. SS 428 91 01, SS-EN 61230 Johtokiristimet JK 80 ja JK 81 on liitetty\" \/>\n<meta property=\"og:url\" content=\"https:\/\/www.stalskog.se\/fi\/tuote\/3-phase-jk80-x-jla34-jk81-x-jla34\/\" \/>\n<meta property=\"og:site_name\" content=\"Ragnar St\u00e5lskog\" \/>\n<meta property=\"article:modified_time\" content=\"2025-08-25T14:23:53+00:00\" \/>\n<meta property=\"og:image\" content=\"https:\/\/www.stalskog.se\/wp-content\/uploads\/2022\/04\/jk80-x-jla34_norm.png\" \/>\n\t<meta property=\"og:image:width\" content=\"107\" \/>\n\t<meta property=\"og:image:height\" content=\"300\" \/>\n\t<meta property=\"og:image:type\" content=\"image\/png\" \/>\n<meta name=\"twitter:card\" content=\"summary_large_image\" \/>\n<meta name=\"twitter:label1\" content=\"Arvioitu lukuaika\" \/>\n\t<meta name=\"twitter:data1\" content=\"1 minuutti\" \/>\n<script type=\"application\/ld+json\" class=\"yoast-schema-graph\">{\"@context\":\"https:\\\/\\\/schema.org\",\"@graph\":[{\"@type\":\"WebPage\",\"@id\":\"https:\\\/\\\/www.stalskog.se\\\/fi\\\/tuote\\\/3-phase-jk80-x-jla34-jk81-x-jla34\\\/\",\"url\":\"https:\\\/\\\/www.stalskog.se\\\/fi\\\/tuote\\\/3-phase-jk80-x-jla34-jk81-x-jla34\\\/\",\"name\":\"3-vaiheinen JK80-X-JLA34 \\\/ JK81-X-JLA34 &#8211; Ragnar St\u00e5lskog\",\"isPartOf\":{\"@id\":\"https:\\\/\\\/www.stalskog.se\\\/fi\\\/#website\"},\"primaryImageOfPage\":{\"@id\":\"https:\\\/\\\/www.stalskog.se\\\/fi\\\/tuote\\\/3-phase-jk80-x-jla34-jk81-x-jla34\\\/#primaryimage\"},\"image\":{\"@id\":\"https:\\\/\\\/www.stalskog.se\\\/fi\\\/tuote\\\/3-phase-jk80-x-jla34-jk81-x-jla34\\\/#primaryimage\"},\"thumbnailUrl\":\"https:\\\/\\\/www.stalskog.se\\\/wp-content\\\/uploads\\\/2022\\\/04\\\/jk80-x-jla34_norm.png\",\"datePublished\":\"2022-04-29T11:59:54+00:00\",\"dateModified\":\"2025-08-25T14:23:53+00:00\",\"description\":\"JK80-X-JLA34 (JSEK-FM) JK81-X-JLA34 (JSEK-CM) 3-vaiheinen maadoituslaite Mukaan. SS 428 91 01, SS-EN 61230 Johtokiristimet JK 80 ja JK 81 on liitetty\",\"breadcrumb\":{\"@id\":\"https:\\\/\\\/www.stalskog.se\\\/fi\\\/tuote\\\/3-phase-jk80-x-jla34-jk81-x-jla34\\\/#breadcrumb\"},\"inLanguage\":\"fi\",\"potentialAction\":[{\"@type\":\"ReadAction\",\"target\":[\"https:\\\/\\\/www.stalskog.se\\\/fi\\\/tuote\\\/3-phase-jk80-x-jla34-jk81-x-jla34\\\/\"]}]},{\"@type\":\"ImageObject\",\"inLanguage\":\"fi\",\"@id\":\"https:\\\/\\\/www.stalskog.se\\\/fi\\\/tuote\\\/3-phase-jk80-x-jla34-jk81-x-jla34\\\/#primaryimage\",\"url\":\"https:\\\/\\\/www.stalskog.se\\\/wp-content\\\/uploads\\\/2022\\\/04\\\/jk80-x-jla34_norm.png\",\"contentUrl\":\"https:\\\/\\\/www.stalskog.se\\\/wp-content\\\/uploads\\\/2022\\\/04\\\/jk80-x-jla34_norm.png\",\"width\":107,\"height\":300},{\"@type\":\"BreadcrumbList\",\"@id\":\"https:\\\/\\\/www.stalskog.se\\\/fi\\\/tuote\\\/3-phase-jk80-x-jla34-jk81-x-jla34\\\/#breadcrumb\",\"itemListElement\":[{\"@type\":\"ListItem\",\"position\":1,\"name\":\"Hem\",\"item\":\"https:\\\/\\\/www.stalskog.se\\\/fi\\\/\"},{\"@type\":\"ListItem\",\"position\":2,\"name\":\"Produkter\",\"item\":\"https:\\\/\\\/www.stalskog.se\\\/?page_id=3235\"},{\"@type\":\"ListItem\",\"position\":3,\"name\":\"1. Switchgear\",\"item\":\"https:\\\/\\\/www.stalskog.se\\\/fi\\\/kategoria\\\/switchgear-fi\\\/\"},{\"@type\":\"ListItem\",\"position\":4,\"name\":\"3-vaiheinen JK80-X-JLA34 \\\/ JK81-X-JLA34\"}]},{\"@type\":\"WebSite\",\"@id\":\"https:\\\/\\\/www.stalskog.se\\\/fi\\\/#website\",\"url\":\"https:\\\/\\\/www.stalskog.se\\\/fi\\\/\",\"name\":\"Ragnar St\u00e5lskog\",\"description\":\"\",\"publisher\":{\"@id\":\"https:\\\/\\\/www.stalskog.se\\\/fi\\\/#organization\"},\"potentialAction\":[{\"@type\":\"SearchAction\",\"target\":{\"@type\":\"EntryPoint\",\"urlTemplate\":\"https:\\\/\\\/www.stalskog.se\\\/fi\\\/?s={search_term_string}\"},\"query-input\":{\"@type\":\"PropertyValueSpecification\",\"valueRequired\":true,\"valueName\":\"search_term_string\"}}],\"inLanguage\":\"fi\"},{\"@type\":\"Organization\",\"@id\":\"https:\\\/\\\/www.stalskog.se\\\/fi\\\/#organization\",\"name\":\"Ragnar St\u00e5lskog\",\"url\":\"https:\\\/\\\/www.stalskog.se\\\/fi\\\/\",\"logo\":{\"@type\":\"ImageObject\",\"inLanguage\":\"fi\",\"@id\":\"https:\\\/\\\/www.stalskog.se\\\/fi\\\/#\\\/schema\\\/logo\\\/image\\\/\",\"url\":\"https:\\\/\\\/www.stalskog.se\\\/wp-content\\\/uploads\\\/2022\\\/03\\\/logo_o.png\",\"contentUrl\":\"https:\\\/\\\/www.stalskog.se\\\/wp-content\\\/uploads\\\/2022\\\/03\\\/logo_o.png\",\"width\":410,\"height\":99,\"caption\":\"Ragnar St\u00e5lskog\"},\"image\":{\"@id\":\"https:\\\/\\\/www.stalskog.se\\\/fi\\\/#\\\/schema\\\/logo\\\/image\\\/\"}}]}<\/script>\n<!-- \/ Yoast SEO plugin. -->","yoast_head_json":{"title":"3-vaiheinen JK80-X-JLA34 \/ JK81-X-JLA34 &#8211; Ragnar St\u00e5lskog","description":"JK80-X-JLA34 (JSEK-FM) JK81-X-JLA34 (JSEK-CM) 3-vaiheinen maadoituslaite Mukaan. SS 428 91 01, SS-EN 61230 Johtokiristimet JK 80 ja JK 81 on liitetty","robots":{"index":"index","follow":"follow","max-snippet":"max-snippet:-1","max-image-preview":"max-image-preview:large","max-video-preview":"max-video-preview:-1"},"canonical":"https:\/\/www.stalskog.se\/fi\/tuote\/3-phase-jk80-x-jla34-jk81-x-jla34\/","og_locale":"fi_FI","og_type":"article","og_title":"3-vaiheinen JK80-X-JLA34 \/ JK81-X-JLA34 &#8211; Ragnar St\u00e5lskog","og_description":"JK80-X-JLA34 (JSEK-FM) JK81-X-JLA34 (JSEK-CM) 3-vaiheinen maadoituslaite Mukaan. SS 428 91 01, SS-EN 61230 Johtokiristimet JK 80 ja JK 81 on liitetty","og_url":"https:\/\/www.stalskog.se\/fi\/tuote\/3-phase-jk80-x-jla34-jk81-x-jla34\/","og_site_name":"Ragnar St\u00e5lskog","article_modified_time":"2025-08-25T14:23:53+00:00","og_image":[{"width":107,"height":300,"url":"https:\/\/www.stalskog.se\/wp-content\/uploads\/2022\/04\/jk80-x-jla34_norm.png","type":"image\/png"}],"twitter_card":"summary_large_image","twitter_misc":{"Arvioitu lukuaika":"1 minuutti"},"schema":{"@context":"https:\/\/schema.org","@graph":[{"@type":"WebPage","@id":"https:\/\/www.stalskog.se\/fi\/tuote\/3-phase-jk80-x-jla34-jk81-x-jla34\/","url":"https:\/\/www.stalskog.se\/fi\/tuote\/3-phase-jk80-x-jla34-jk81-x-jla34\/","name":"3-vaiheinen JK80-X-JLA34 \/ JK81-X-JLA34 &#8211; Ragnar St\u00e5lskog","isPartOf":{"@id":"https:\/\/www.stalskog.se\/fi\/#website"},"primaryImageOfPage":{"@id":"https:\/\/www.stalskog.se\/fi\/tuote\/3-phase-jk80-x-jla34-jk81-x-jla34\/#primaryimage"},"image":{"@id":"https:\/\/www.stalskog.se\/fi\/tuote\/3-phase-jk80-x-jla34-jk81-x-jla34\/#primaryimage"},"thumbnailUrl":"https:\/\/www.stalskog.se\/wp-content\/uploads\/2022\/04\/jk80-x-jla34_norm.png","datePublished":"2022-04-29T11:59:54+00:00","dateModified":"2025-08-25T14:23:53+00:00","description":"JK80-X-JLA34 (JSEK-FM) JK81-X-JLA34 (JSEK-CM) 3-vaiheinen maadoituslaite Mukaan. SS 428 91 01, SS-EN 61230 Johtokiristimet JK 80 ja JK 81 on liitetty","breadcrumb":{"@id":"https:\/\/www.stalskog.se\/fi\/tuote\/3-phase-jk80-x-jla34-jk81-x-jla34\/#breadcrumb"},"inLanguage":"fi","potentialAction":[{"@type":"ReadAction","target":["https:\/\/www.stalskog.se\/fi\/tuote\/3-phase-jk80-x-jla34-jk81-x-jla34\/"]}]},{"@type":"ImageObject","inLanguage":"fi","@id":"https:\/\/www.stalskog.se\/fi\/tuote\/3-phase-jk80-x-jla34-jk81-x-jla34\/#primaryimage","url":"https:\/\/www.stalskog.se\/wp-content\/uploads\/2022\/04\/jk80-x-jla34_norm.png","contentUrl":"https:\/\/www.stalskog.se\/wp-content\/uploads\/2022\/04\/jk80-x-jla34_norm.png","width":107,"height":300},{"@type":"BreadcrumbList","@id":"https:\/\/www.stalskog.se\/fi\/tuote\/3-phase-jk80-x-jla34-jk81-x-jla34\/#breadcrumb","itemListElement":[{"@type":"ListItem","position":1,"name":"Hem","item":"https:\/\/www.stalskog.se\/fi\/"},{"@type":"ListItem","position":2,"name":"Produkter","item":"https:\/\/www.stalskog.se\/?page_id=3235"},{"@type":"ListItem","position":3,"name":"1. Switchgear","item":"https:\/\/www.stalskog.se\/fi\/kategoria\/switchgear-fi\/"},{"@type":"ListItem","position":4,"name":"3-vaiheinen JK80-X-JLA34 \/ JK81-X-JLA34"}]},{"@type":"WebSite","@id":"https:\/\/www.stalskog.se\/fi\/#website","url":"https:\/\/www.stalskog.se\/fi\/","name":"Ragnar St\u00e5lskog","description":"","publisher":{"@id":"https:\/\/www.stalskog.se\/fi\/#organization"},"potentialAction":[{"@type":"SearchAction","target":{"@type":"EntryPoint","urlTemplate":"https:\/\/www.stalskog.se\/fi\/?s={search_term_string}"},"query-input":{"@type":"PropertyValueSpecification","valueRequired":true,"valueName":"search_term_string"}}],"inLanguage":"fi"},{"@type":"Organization","@id":"https:\/\/www.stalskog.se\/fi\/#organization","name":"Ragnar St\u00e5lskog","url":"https:\/\/www.stalskog.se\/fi\/","logo":{"@type":"ImageObject","inLanguage":"fi","@id":"https:\/\/www.stalskog.se\/fi\/#\/schema\/logo\/image\/","url":"https:\/\/www.stalskog.se\/wp-content\/uploads\/2022\/03\/logo_o.png","contentUrl":"https:\/\/www.stalskog.se\/wp-content\/uploads\/2022\/03\/logo_o.png","width":410,"height":99,"caption":"Ragnar St\u00e5lskog"},"image":{"@id":"https:\/\/www.stalskog.se\/fi\/#\/schema\/logo\/image\/"}}]}},"_links":{"self":[{"href":"https:\/\/www.stalskog.se\/fi\/wp-json\/wp\/v2\/product\/4620","targetHints":{"allow":["GET"]}}],"collection":[{"href":"https:\/\/www.stalskog.se\/fi\/wp-json\/wp\/v2\/product"}],"about":[{"href":"https:\/\/www.stalskog.se\/fi\/wp-json\/wp\/v2\/types\/product"}],"replies":[{"embeddable":true,"href":"https:\/\/www.stalskog.se\/fi\/wp-json\/wp\/v2\/comments?post=4620"}],"wp:featuredmedia":[{"embeddable":true,"href":"https:\/\/www.stalskog.se\/fi\/wp-json\/wp\/v2\/media\/4612"}],"wp:attachment":[{"href":"https:\/\/www.stalskog.se\/fi\/wp-json\/wp\/v2\/media?parent=4620"}],"wp:term":[{"taxonomy":"product_brand","embeddable":true,"href":"https:\/\/www.stalskog.se\/fi\/wp-json\/wp\/v2\/product_brand?post=4620"},{"taxonomy":"product_cat","embeddable":true,"href":"https:\/\/www.stalskog.se\/fi\/wp-json\/wp\/v2\/product_cat?post=4620"},{"taxonomy":"product_tag","embeddable":true,"href":"https:\/\/www.stalskog.se\/fi\/wp-json\/wp\/v2\/product_tag?post=4620"}],"curies":[{"name":"wp","href":"https:\/\/api.w.org\/{rel}","templated":true}]}}