{"id":5094,"date":"2022-05-03T13:21:47","date_gmt":"2022-05-03T13:21:47","guid":{"rendered":"https:\/\/www.stalskog.se\/produkt\/3-phase-jk27-x1-jk250\/"},"modified":"2025-08-25T14:23:15","modified_gmt":"2025-08-25T14:23:15","slug":"3-phase-jk27-x1-jk250","status":"publish","type":"product","link":"https:\/\/www.stalskog.se\/fi\/tuote\/3-phase-jk27-x1-jk250\/","title":{"rendered":"3-vaiheinen JK27-X1-JK250"},"content":{"rendered":"<p>3-vaiheinen maadoituslaite<\/p>\n<p>Mukaan. SS 428 91 01, SS-EN 61230<br \/>\nJohtopidike JK 27 liitet\u00e4\u00e4n kuulapulttiin \u00d8 20, \u00d8 25, \u00d8 30, T-pulttiin, kiskoon 1-25 mm, johtoon\/putkeen \u00d8 6-25 mm. Johtopuristimen k\u00e4ytt\u00e4miseen k\u00e4ytet\u00e4\u00e4n eristystankoja MGV, MDV\/MSV ja tartuntalukkoja JGS.<br \/>\nJohtopuristimen johtavat osat on valmistettu alumiinipronssista. Ter\u00e4sosat ruostumatonta ter\u00e4st\u00e4. Vaijerik\u00f6ysi liitet\u00e4\u00e4n puristimeen kaapelikorvakkeella ja M8 (25-50 mm2) \/ M12 (70-95 mm2) ruuviliitoksella. 95 mm2:n vaijerille k\u00e4ytet\u00e4\u00e4n JFG 4 -haaroituskappaletta (ks. JK27-X-JK250).<br \/>\nKaapeli on valmistettu eritt\u00e4in joustavasta ESTPR-eristetyst\u00e4 kuparijohtimesta ja varustettu tiiviill\u00e4 kaapeliliitoksilla, jotka est\u00e4v\u00e4t kosteuden p\u00e4\u00e4syn kaapeliin. Haaroituskappaleen (JFG 4L) vaippa on erist\u00e4v\u00e4\u00e4 muovia.<br \/>\nMaadoituspuristinta JK 250 k\u00e4ytet\u00e4\u00e4n muun muassa ter\u00e4srakenteissa, joiden paksuus on enint\u00e4\u00e4n 30 mm. 30 mm, ja se on hyv\u00e4ksytty k\u00e4ytett\u00e4v\u00e4ksi my\u00f6s maalatuilla pinnoilla. T\u00e4m\u00e4n puristimen ruuvi on varustettu eristyksell\u00e4, joka est\u00e4\u00e4 virran kulun.   <\/p>\n","protected":false},"excerpt":{"rendered":"<p>3-vaiheinen maadoituslaite Mukaan. SS 428 91 01, SS-EN 61230 Johtopidike JK 27 liitet\u00e4\u00e4n kuulapulttiin \u00d8 20, \u00d8 25, \u00d8 30, T-pulttiin, kiskoon 1-25 mm, johtoon\/putkeen \u00d8 6-25 mm. Johtopuristimen k\u00e4ytt\u00e4miseen k\u00e4ytet\u00e4\u00e4n eristystankoja MGV, MDV\/MSV ja tartuntalukkoja JGS. Johtopuristimen johtavat osat on valmistettu alumiinipronssista. Ter\u00e4sosat ruostumatonta ter\u00e4st\u00e4. Vaijerik\u00f6ysi liitet\u00e4\u00e4n puristimeen kaapelikorvakkeella ja M8 (25-50 mm2) \/ [&hellip;]<\/p>\n","protected":false},"featured_media":5091,"comment_status":"closed","ping_status":"closed","template":"","meta":{"_acf_changed":false},"product_brand":[],"product_cat":[76,142],"product_tag":[],"class_list":{"0":"post-5094","1":"product","2":"type-product","3":"status-publish","4":"has-post-thumbnail","6":"product_cat-switchgear-fi","7":"product_cat-3-phase-fi","9":"first","10":"instock","11":"shipping-taxable","12":"product-type-simple"},"acf":[],"yoast_head":"<!-- This site is optimized with the Yoast SEO plugin v27.5 - https:\/\/yoast.com\/product\/yoast-seo-wordpress\/ -->\n<title>3-vaiheinen JK27-X1-JK250 &#8211; Ragnar St\u00e5lskog<\/title>\n<meta name=\"description\" content=\"3-vaiheinen maadoituslaite Mukaan. SS 428 91 01, SS-EN 61230 Johtopidike JK 27 liitet\u00e4\u00e4n kuulapulttiin \u00d8 20, \u00d8 25, \u00d8 30, T-pulttiin, kiskoon 1-25 mm,\" \/>\n<meta name=\"robots\" content=\"index, follow, max-snippet:-1, max-image-preview:large, max-video-preview:-1\" \/>\n<link rel=\"canonical\" href=\"https:\/\/www.stalskog.se\/fi\/tuote\/3-phase-jk27-x1-jk250\/\" \/>\n<meta property=\"og:locale\" content=\"fi_FI\" \/>\n<meta property=\"og:type\" content=\"article\" \/>\n<meta property=\"og:title\" content=\"3-vaiheinen JK27-X1-JK250 &#8211; Ragnar St\u00e5lskog\" \/>\n<meta property=\"og:description\" content=\"3-vaiheinen maadoituslaite Mukaan. SS 428 91 01, SS-EN 61230 Johtopidike JK 27 liitet\u00e4\u00e4n kuulapulttiin \u00d8 20, \u00d8 25, \u00d8 30, T-pulttiin, kiskoon 1-25 mm,\" \/>\n<meta property=\"og:url\" content=\"https:\/\/www.stalskog.se\/fi\/tuote\/3-phase-jk27-x1-jk250\/\" \/>\n<meta property=\"og:site_name\" content=\"Ragnar St\u00e5lskog\" \/>\n<meta property=\"article:modified_time\" content=\"2025-08-25T14:23:15+00:00\" \/>\n<meta property=\"og:image\" content=\"https:\/\/www.stalskog.se\/wp-content\/uploads\/2022\/05\/jk27-x1-jk250.jpg\" \/>\n\t<meta property=\"og:image:width\" content=\"244\" \/>\n\t<meta property=\"og:image:height\" content=\"540\" \/>\n\t<meta property=\"og:image:type\" content=\"image\/jpeg\" \/>\n<meta name=\"twitter:card\" content=\"summary_large_image\" \/>\n<meta name=\"twitter:label1\" content=\"Arvioitu lukuaika\" \/>\n\t<meta name=\"twitter:data1\" content=\"1 minuutti\" \/>\n<script type=\"application\/ld+json\" class=\"yoast-schema-graph\">{\"@context\":\"https:\\\/\\\/schema.org\",\"@graph\":[{\"@type\":\"WebPage\",\"@id\":\"https:\\\/\\\/www.stalskog.se\\\/fi\\\/tuote\\\/3-phase-jk27-x1-jk250\\\/\",\"url\":\"https:\\\/\\\/www.stalskog.se\\\/fi\\\/tuote\\\/3-phase-jk27-x1-jk250\\\/\",\"name\":\"3-vaiheinen JK27-X1-JK250 &#8211; Ragnar St\u00e5lskog\",\"isPartOf\":{\"@id\":\"https:\\\/\\\/www.stalskog.se\\\/fi\\\/#website\"},\"primaryImageOfPage\":{\"@id\":\"https:\\\/\\\/www.stalskog.se\\\/fi\\\/tuote\\\/3-phase-jk27-x1-jk250\\\/#primaryimage\"},\"image\":{\"@id\":\"https:\\\/\\\/www.stalskog.se\\\/fi\\\/tuote\\\/3-phase-jk27-x1-jk250\\\/#primaryimage\"},\"thumbnailUrl\":\"https:\\\/\\\/www.stalskog.se\\\/wp-content\\\/uploads\\\/2022\\\/05\\\/jk27-x1-jk250.jpg\",\"datePublished\":\"2022-05-03T13:21:47+00:00\",\"dateModified\":\"2025-08-25T14:23:15+00:00\",\"description\":\"3-vaiheinen maadoituslaite Mukaan. SS 428 91 01, SS-EN 61230 Johtopidike JK 27 liitet\u00e4\u00e4n kuulapulttiin \u00d8 20, \u00d8 25, \u00d8 30, T-pulttiin, kiskoon 1-25 mm,\",\"breadcrumb\":{\"@id\":\"https:\\\/\\\/www.stalskog.se\\\/fi\\\/tuote\\\/3-phase-jk27-x1-jk250\\\/#breadcrumb\"},\"inLanguage\":\"fi\",\"potentialAction\":[{\"@type\":\"ReadAction\",\"target\":[\"https:\\\/\\\/www.stalskog.se\\\/fi\\\/tuote\\\/3-phase-jk27-x1-jk250\\\/\"]}]},{\"@type\":\"ImageObject\",\"inLanguage\":\"fi\",\"@id\":\"https:\\\/\\\/www.stalskog.se\\\/fi\\\/tuote\\\/3-phase-jk27-x1-jk250\\\/#primaryimage\",\"url\":\"https:\\\/\\\/www.stalskog.se\\\/wp-content\\\/uploads\\\/2022\\\/05\\\/jk27-x1-jk250.jpg\",\"contentUrl\":\"https:\\\/\\\/www.stalskog.se\\\/wp-content\\\/uploads\\\/2022\\\/05\\\/jk27-x1-jk250.jpg\",\"width\":244,\"height\":540},{\"@type\":\"BreadcrumbList\",\"@id\":\"https:\\\/\\\/www.stalskog.se\\\/fi\\\/tuote\\\/3-phase-jk27-x1-jk250\\\/#breadcrumb\",\"itemListElement\":[{\"@type\":\"ListItem\",\"position\":1,\"name\":\"Hem\",\"item\":\"https:\\\/\\\/www.stalskog.se\\\/fi\\\/\"},{\"@type\":\"ListItem\",\"position\":2,\"name\":\"Produkter\",\"item\":\"https:\\\/\\\/www.stalskog.se\\\/?page_id=3235\"},{\"@type\":\"ListItem\",\"position\":3,\"name\":\"1. Switchgear\",\"item\":\"https:\\\/\\\/www.stalskog.se\\\/fi\\\/kategoria\\\/switchgear-fi\\\/\"},{\"@type\":\"ListItem\",\"position\":4,\"name\":\"3-vaiheinen JK27-X1-JK250\"}]},{\"@type\":\"WebSite\",\"@id\":\"https:\\\/\\\/www.stalskog.se\\\/fi\\\/#website\",\"url\":\"https:\\\/\\\/www.stalskog.se\\\/fi\\\/\",\"name\":\"Ragnar St\u00e5lskog\",\"description\":\"\",\"publisher\":{\"@id\":\"https:\\\/\\\/www.stalskog.se\\\/fi\\\/#organization\"},\"potentialAction\":[{\"@type\":\"SearchAction\",\"target\":{\"@type\":\"EntryPoint\",\"urlTemplate\":\"https:\\\/\\\/www.stalskog.se\\\/fi\\\/?s={search_term_string}\"},\"query-input\":{\"@type\":\"PropertyValueSpecification\",\"valueRequired\":true,\"valueName\":\"search_term_string\"}}],\"inLanguage\":\"fi\"},{\"@type\":\"Organization\",\"@id\":\"https:\\\/\\\/www.stalskog.se\\\/fi\\\/#organization\",\"name\":\"Ragnar St\u00e5lskog\",\"url\":\"https:\\\/\\\/www.stalskog.se\\\/fi\\\/\",\"logo\":{\"@type\":\"ImageObject\",\"inLanguage\":\"fi\",\"@id\":\"https:\\\/\\\/www.stalskog.se\\\/fi\\\/#\\\/schema\\\/logo\\\/image\\\/\",\"url\":\"https:\\\/\\\/www.stalskog.se\\\/wp-content\\\/uploads\\\/2022\\\/03\\\/logo_o.png\",\"contentUrl\":\"https:\\\/\\\/www.stalskog.se\\\/wp-content\\\/uploads\\\/2022\\\/03\\\/logo_o.png\",\"width\":410,\"height\":99,\"caption\":\"Ragnar St\u00e5lskog\"},\"image\":{\"@id\":\"https:\\\/\\\/www.stalskog.se\\\/fi\\\/#\\\/schema\\\/logo\\\/image\\\/\"}}]}<\/script>\n<!-- \/ Yoast SEO plugin. -->","yoast_head_json":{"title":"3-vaiheinen JK27-X1-JK250 &#8211; Ragnar St\u00e5lskog","description":"3-vaiheinen maadoituslaite Mukaan. SS 428 91 01, SS-EN 61230 Johtopidike JK 27 liitet\u00e4\u00e4n kuulapulttiin \u00d8 20, \u00d8 25, \u00d8 30, T-pulttiin, kiskoon 1-25 mm,","robots":{"index":"index","follow":"follow","max-snippet":"max-snippet:-1","max-image-preview":"max-image-preview:large","max-video-preview":"max-video-preview:-1"},"canonical":"https:\/\/www.stalskog.se\/fi\/tuote\/3-phase-jk27-x1-jk250\/","og_locale":"fi_FI","og_type":"article","og_title":"3-vaiheinen JK27-X1-JK250 &#8211; Ragnar St\u00e5lskog","og_description":"3-vaiheinen maadoituslaite Mukaan. SS 428 91 01, SS-EN 61230 Johtopidike JK 27 liitet\u00e4\u00e4n kuulapulttiin \u00d8 20, \u00d8 25, \u00d8 30, T-pulttiin, kiskoon 1-25 mm,","og_url":"https:\/\/www.stalskog.se\/fi\/tuote\/3-phase-jk27-x1-jk250\/","og_site_name":"Ragnar St\u00e5lskog","article_modified_time":"2025-08-25T14:23:15+00:00","og_image":[{"width":244,"height":540,"url":"https:\/\/www.stalskog.se\/wp-content\/uploads\/2022\/05\/jk27-x1-jk250.jpg","type":"image\/jpeg"}],"twitter_card":"summary_large_image","twitter_misc":{"Arvioitu lukuaika":"1 minuutti"},"schema":{"@context":"https:\/\/schema.org","@graph":[{"@type":"WebPage","@id":"https:\/\/www.stalskog.se\/fi\/tuote\/3-phase-jk27-x1-jk250\/","url":"https:\/\/www.stalskog.se\/fi\/tuote\/3-phase-jk27-x1-jk250\/","name":"3-vaiheinen JK27-X1-JK250 &#8211; Ragnar St\u00e5lskog","isPartOf":{"@id":"https:\/\/www.stalskog.se\/fi\/#website"},"primaryImageOfPage":{"@id":"https:\/\/www.stalskog.se\/fi\/tuote\/3-phase-jk27-x1-jk250\/#primaryimage"},"image":{"@id":"https:\/\/www.stalskog.se\/fi\/tuote\/3-phase-jk27-x1-jk250\/#primaryimage"},"thumbnailUrl":"https:\/\/www.stalskog.se\/wp-content\/uploads\/2022\/05\/jk27-x1-jk250.jpg","datePublished":"2022-05-03T13:21:47+00:00","dateModified":"2025-08-25T14:23:15+00:00","description":"3-vaiheinen maadoituslaite Mukaan. SS 428 91 01, SS-EN 61230 Johtopidike JK 27 liitet\u00e4\u00e4n kuulapulttiin \u00d8 20, \u00d8 25, \u00d8 30, T-pulttiin, kiskoon 1-25 mm,","breadcrumb":{"@id":"https:\/\/www.stalskog.se\/fi\/tuote\/3-phase-jk27-x1-jk250\/#breadcrumb"},"inLanguage":"fi","potentialAction":[{"@type":"ReadAction","target":["https:\/\/www.stalskog.se\/fi\/tuote\/3-phase-jk27-x1-jk250\/"]}]},{"@type":"ImageObject","inLanguage":"fi","@id":"https:\/\/www.stalskog.se\/fi\/tuote\/3-phase-jk27-x1-jk250\/#primaryimage","url":"https:\/\/www.stalskog.se\/wp-content\/uploads\/2022\/05\/jk27-x1-jk250.jpg","contentUrl":"https:\/\/www.stalskog.se\/wp-content\/uploads\/2022\/05\/jk27-x1-jk250.jpg","width":244,"height":540},{"@type":"BreadcrumbList","@id":"https:\/\/www.stalskog.se\/fi\/tuote\/3-phase-jk27-x1-jk250\/#breadcrumb","itemListElement":[{"@type":"ListItem","position":1,"name":"Hem","item":"https:\/\/www.stalskog.se\/fi\/"},{"@type":"ListItem","position":2,"name":"Produkter","item":"https:\/\/www.stalskog.se\/?page_id=3235"},{"@type":"ListItem","position":3,"name":"1. Switchgear","item":"https:\/\/www.stalskog.se\/fi\/kategoria\/switchgear-fi\/"},{"@type":"ListItem","position":4,"name":"3-vaiheinen JK27-X1-JK250"}]},{"@type":"WebSite","@id":"https:\/\/www.stalskog.se\/fi\/#website","url":"https:\/\/www.stalskog.se\/fi\/","name":"Ragnar St\u00e5lskog","description":"","publisher":{"@id":"https:\/\/www.stalskog.se\/fi\/#organization"},"potentialAction":[{"@type":"SearchAction","target":{"@type":"EntryPoint","urlTemplate":"https:\/\/www.stalskog.se\/fi\/?s={search_term_string}"},"query-input":{"@type":"PropertyValueSpecification","valueRequired":true,"valueName":"search_term_string"}}],"inLanguage":"fi"},{"@type":"Organization","@id":"https:\/\/www.stalskog.se\/fi\/#organization","name":"Ragnar St\u00e5lskog","url":"https:\/\/www.stalskog.se\/fi\/","logo":{"@type":"ImageObject","inLanguage":"fi","@id":"https:\/\/www.stalskog.se\/fi\/#\/schema\/logo\/image\/","url":"https:\/\/www.stalskog.se\/wp-content\/uploads\/2022\/03\/logo_o.png","contentUrl":"https:\/\/www.stalskog.se\/wp-content\/uploads\/2022\/03\/logo_o.png","width":410,"height":99,"caption":"Ragnar St\u00e5lskog"},"image":{"@id":"https:\/\/www.stalskog.se\/fi\/#\/schema\/logo\/image\/"}}]}},"_links":{"self":[{"href":"https:\/\/www.stalskog.se\/fi\/wp-json\/wp\/v2\/product\/5094","targetHints":{"allow":["GET"]}}],"collection":[{"href":"https:\/\/www.stalskog.se\/fi\/wp-json\/wp\/v2\/product"}],"about":[{"href":"https:\/\/www.stalskog.se\/fi\/wp-json\/wp\/v2\/types\/product"}],"replies":[{"embeddable":true,"href":"https:\/\/www.stalskog.se\/fi\/wp-json\/wp\/v2\/comments?post=5094"}],"wp:featuredmedia":[{"embeddable":true,"href":"https:\/\/www.stalskog.se\/fi\/wp-json\/wp\/v2\/media\/5091"}],"wp:attachment":[{"href":"https:\/\/www.stalskog.se\/fi\/wp-json\/wp\/v2\/media?parent=5094"}],"wp:term":[{"taxonomy":"product_brand","embeddable":true,"href":"https:\/\/www.stalskog.se\/fi\/wp-json\/wp\/v2\/product_brand?post=5094"},{"taxonomy":"product_cat","embeddable":true,"href":"https:\/\/www.stalskog.se\/fi\/wp-json\/wp\/v2\/product_cat?post=5094"},{"taxonomy":"product_tag","embeddable":true,"href":"https:\/\/www.stalskog.se\/fi\/wp-json\/wp\/v2\/product_tag?post=5094"}],"curies":[{"name":"wp","href":"https:\/\/api.w.org\/{rel}","templated":true}]}}